{"id":5668,"date":"2021-03-18T12:11:33","date_gmt":"2021-03-18T18:11:33","guid":{"rendered":"https:\/\/www.mexicanguitarplayers.com\/?page_id=5668"},"modified":"2021-03-18T12:46:43","modified_gmt":"2021-03-18T18:46:43","slug":"rastreo","status":"publish","type":"page","link":"https:\/\/www.mexicanguitarplayers.com\/en\/rastreo\/","title":{"rendered":"Track Order"},"content":{"rendered":"<h1 class=\"wp-block-heading\">How do I track my package?<\/h1>\n\n\n\n<p>Once the order is shipped, a shipping confirmation email will be sent to you including your tracking number. Click on the link contained in the email and it will take you to the shipping company (<a href=\"https:\/\/www.estafeta.com\/Herramientas\/Rastreo\" target=\"_blank\" rel=\"noreferrer noopener\">Post office<\/a>) and you will know where your package is.<\/p>\n\n\n\n<p>Note: If your order is more than one product, we may ship the products separately. Thus, we will keep you informed and make sure that you receive your complete articles.<\/p>\n\n\n\n<p>You can also track your order here:<\/p>\n\n\n<style>.wp-block-kadence-spacer.kt-block-spacer-_5cbcad-bb .kt-block-spacer{height:60px;}.wp-block-kadence-spacer.kt-block-spacer-_5cbcad-bb .kt-divider{border-top-width:1px;height:1px;border-top-color:#ffb606;width:80%;border-top-style:solid;}<\/style>\n<div class=\"wp-block-kadence-spacer aligncenter kt-block-spacer-_5cbcad-bb\"><div class=\"kt-block-spacer kt-block-spacer-halign-center\" style=\"height:60px\"><hr class=\"kt-divider\" style=\"border-top-color:rgba(255, 182, 6, 1);border-top-width:1px;width:80%;border-top-style:solid\"\/><\/div><\/div>\n\n\n\n<iframe id=\"miFrameHerramientas\" src=\"https:\/\/cs.estafeta.com\" width=\"100%\" height=\"500\" frameborder=\"0\"><\/iframe>\n\n\n<style>.wp-block-kadence-spacer.kt-block-spacer-_92ac44-09 .kt-block-spacer{height:60px;}.wp-block-kadence-spacer.kt-block-spacer-_92ac44-09 .kt-divider{border-top-width:1px;height:1px;border-top-color:#ffb606;width:80%;border-top-style:solid;}<\/style>\n<div class=\"wp-block-kadence-spacer aligncenter kt-block-spacer-_92ac44-09\"><div class=\"kt-block-spacer kt-block-spacer-halign-center\" style=\"height:60px\"><hr class=\"kt-divider\" style=\"border-top-color:rgba(255, 182, 6, 1);border-top-width:1px;width:80%;border-top-style:solid\"\/><\/div><\/div>\n\n\n\n<div class=\"wp-block-image\"><figure class=\"aligncenter size-large is-resized\"><img decoding=\"async\" src=\"http:\/\/mexicanguitarplayers.com\/wp-content\/uploads\/2021\/02\/MGP-Logo-Circ-Bk-copy.png\" alt=\"Mexican Guitar Players\" class=\"wp-image-3273\" width=\"200\" height=\"200\" srcset=\"https:\/\/www.mexicanguitarplayers.com\/wp-content\/uploads\/2021\/02\/MGP-Logo-Circ-Bk-copy.png 512w, https:\/\/www.mexicanguitarplayers.com\/wp-content\/uploads\/2021\/02\/MGP-Logo-Circ-Bk-copy-300x300.png 300w, https:\/\/www.mexicanguitarplayers.com\/wp-content\/uploads\/2021\/02\/MGP-Logo-Circ-Bk-copy-100x100.png 100w, https:\/\/www.mexicanguitarplayers.com\/wp-content\/uploads\/2021\/02\/MGP-Logo-Circ-Bk-copy-150x150.png 150w, https:\/\/www.mexicanguitarplayers.com\/wp-content\/uploads\/2021\/02\/elementor\/thumbs\/MGP-Logo-Circ-Bk-copy-p32geqwwim74lnkopilacsj82bipu7ng1ioa8d9n0w.png 200w\" sizes=\"(max-width: 200px) 100vw, 200px\" \/><\/figure><\/div>","protected":false},"excerpt":{"rendered":"<p>\u00bfCom\u00f3 rastreo mi paquete? Una vez enviada la orden, se le enviar\u00e1 un correo electr\u00f3nico de confirmaci\u00f3n de env\u00edo que incluye su n\u00famero de seguimiento. Haz clic sobre el enlace contenido en el email y te llevar\u00e1 a la compa\u00f1\u00eda &hellip; <a class=\"kt-excerpt-readmore more-link\" href=\"https:\/\/www.mexicanguitarplayers.com\/en\/rastreo\/\">Read more<\/a><\/p>","protected":false},"author":65,"featured_media":0,"parent":0,"menu_order":0,"comment_status":"closed","ping_status":"closed","template":"","meta":{"kt_blocks_editor_width":"","footnotes":""},"class_list":["post-5668","page","type-page","status-publish","hentry"],"yoast_head":"<!-- This site is optimized with the Yoast SEO plugin v27.3 - https:\/\/yoast.com\/product\/yoast-seo-wordpress\/ -->\n<title>Seguir Pedido - Mexican Guitar Players<\/title>\n<meta name=\"description\" content=\"\u00bfCom\u00f3 rastreo mi paquete? Una vez enviada la orden, se le enviar\u00e1 un correo electr\u00f3nico de confirmaci\u00f3n de env\u00edo que incluye su n\u00famero de seguimiento. Haz\" \/>\n<meta name=\"robots\" content=\"index, follow, max-snippet:-1, max-image-preview:large, max-video-preview:-1\" \/>\n<link rel=\"canonical\" href=\"https:\/\/www.mexicanguitarplayers.com\/en\/rastreo\/\" \/>\n<meta property=\"og:locale\" content=\"en_US\" \/>\n<meta property=\"og:type\" content=\"article\" \/>\n<meta property=\"og:title\" content=\"Seguir Pedido - Mexican Guitar Players\" \/>\n<meta property=\"og:description\" content=\"\u00bfCom\u00f3 rastreo mi paquete? Una vez enviada la orden, se le enviar\u00e1 un correo electr\u00f3nico de confirmaci\u00f3n de env\u00edo que incluye su n\u00famero de seguimiento. Haz\" \/>\n<meta property=\"og:url\" content=\"https:\/\/www.mexicanguitarplayers.com\/en\/rastreo\/\" \/>\n<meta property=\"og:site_name\" content=\"Mexican Guitar Players\" \/>\n<meta property=\"article:modified_time\" content=\"2021-03-18T18:46:43+00:00\" \/>\n<meta property=\"og:image\" content=\"http:\/\/mexicanguitarplayers.com\/wp-content\/uploads\/2021\/02\/MGP-Logo-Circ-Bk-copy.png\" \/>\n<meta name=\"twitter:card\" content=\"summary_large_image\" \/>\n<meta name=\"twitter:label1\" content=\"Est. reading time\" \/>\n\t<meta name=\"twitter:data1\" content=\"1 minute\" \/>\n<script type=\"application\/ld+json\" class=\"yoast-schema-graph\">{\"@context\":\"https:\\\/\\\/schema.org\",\"@graph\":[{\"@type\":\"WebPage\",\"@id\":\"https:\\\/\\\/www.mexicanguitarplayers.com\\\/en\\\/rastreo\\\/\",\"url\":\"https:\\\/\\\/www.mexicanguitarplayers.com\\\/en\\\/rastreo\\\/\",\"name\":\"Seguir Pedido - Mexican Guitar Players\",\"isPartOf\":{\"@id\":\"https:\\\/\\\/www.mexicanguitarplayers.com\\\/#website\"},\"primaryImageOfPage\":{\"@id\":\"https:\\\/\\\/www.mexicanguitarplayers.com\\\/en\\\/rastreo\\\/#primaryimage\"},\"image\":{\"@id\":\"https:\\\/\\\/www.mexicanguitarplayers.com\\\/en\\\/rastreo\\\/#primaryimage\"},\"thumbnailUrl\":\"http:\\\/\\\/mexicanguitarplayers.com\\\/wp-content\\\/uploads\\\/2021\\\/02\\\/MGP-Logo-Circ-Bk-copy.png\",\"datePublished\":\"2021-03-18T18:11:33+00:00\",\"dateModified\":\"2021-03-18T18:46:43+00:00\",\"description\":\"\u00bfCom\u00f3 rastreo mi paquete? Una vez enviada la orden, se le enviar\u00e1 un correo electr\u00f3nico de confirmaci\u00f3n de env\u00edo que incluye su n\u00famero de seguimiento. Haz\",\"breadcrumb\":{\"@id\":\"https:\\\/\\\/www.mexicanguitarplayers.com\\\/en\\\/rastreo\\\/#breadcrumb\"},\"inLanguage\":\"en-US\",\"potentialAction\":[{\"@type\":\"ReadAction\",\"target\":[\"https:\\\/\\\/www.mexicanguitarplayers.com\\\/en\\\/rastreo\\\/\"]}]},{\"@type\":\"ImageObject\",\"inLanguage\":\"en-US\",\"@id\":\"https:\\\/\\\/www.mexicanguitarplayers.com\\\/en\\\/rastreo\\\/#primaryimage\",\"url\":\"http:\\\/\\\/mexicanguitarplayers.com\\\/wp-content\\\/uploads\\\/2021\\\/02\\\/MGP-Logo-Circ-Bk-copy.png\",\"contentUrl\":\"http:\\\/\\\/mexicanguitarplayers.com\\\/wp-content\\\/uploads\\\/2021\\\/02\\\/MGP-Logo-Circ-Bk-copy.png\"},{\"@type\":\"BreadcrumbList\",\"@id\":\"https:\\\/\\\/www.mexicanguitarplayers.com\\\/en\\\/rastreo\\\/#breadcrumb\",\"itemListElement\":[{\"@type\":\"ListItem\",\"position\":1,\"name\":\"Portada\",\"item\":\"https:\\\/\\\/www.mexicanguitarplayers.com\\\/\"},{\"@type\":\"ListItem\",\"position\":2,\"name\":\"Seguir Pedido\"}]},{\"@type\":\"WebSite\",\"@id\":\"https:\\\/\\\/www.mexicanguitarplayers.com\\\/#website\",\"url\":\"https:\\\/\\\/www.mexicanguitarplayers.com\\\/\",\"name\":\"Mexican Guitar Players\",\"description\":\"Website\",\"publisher\":{\"@id\":\"https:\\\/\\\/www.mexicanguitarplayers.com\\\/#organization\"},\"potentialAction\":[{\"@type\":\"SearchAction\",\"target\":{\"@type\":\"EntryPoint\",\"urlTemplate\":\"https:\\\/\\\/www.mexicanguitarplayers.com\\\/?s={search_term_string}\"},\"query-input\":{\"@type\":\"PropertyValueSpecification\",\"valueRequired\":true,\"valueName\":\"search_term_string\"}}],\"inLanguage\":\"en-US\"},{\"@type\":\"Organization\",\"@id\":\"https:\\\/\\\/www.mexicanguitarplayers.com\\\/#organization\",\"name\":\"Mexican Guitar Players\",\"url\":\"https:\\\/\\\/www.mexicanguitarplayers.com\\\/\",\"logo\":{\"@type\":\"ImageObject\",\"inLanguage\":\"en-US\",\"@id\":\"https:\\\/\\\/www.mexicanguitarplayers.com\\\/#\\\/schema\\\/logo\\\/image\\\/\",\"url\":\"\",\"contentUrl\":\"\",\"caption\":\"Mexican Guitar Players\"},\"image\":{\"@id\":\"https:\\\/\\\/www.mexicanguitarplayers.com\\\/#\\\/schema\\\/logo\\\/image\\\/\"}}]}<\/script>\n<!-- \/ Yoast SEO plugin. -->","yoast_head_json":{"title":"Seguir Pedido - Mexican Guitar Players","description":"\u00bfCom\u00f3 rastreo mi paquete? Una vez enviada la orden, se le enviar\u00e1 un correo electr\u00f3nico de confirmaci\u00f3n de env\u00edo que incluye su n\u00famero de seguimiento. Haz","robots":{"index":"index","follow":"follow","max-snippet":"max-snippet:-1","max-image-preview":"max-image-preview:large","max-video-preview":"max-video-preview:-1"},"canonical":"https:\/\/www.mexicanguitarplayers.com\/en\/rastreo\/","og_locale":"en_US","og_type":"article","og_title":"Seguir Pedido - Mexican Guitar Players","og_description":"\u00bfCom\u00f3 rastreo mi paquete? Una vez enviada la orden, se le enviar\u00e1 un correo electr\u00f3nico de confirmaci\u00f3n de env\u00edo que incluye su n\u00famero de seguimiento. Haz","og_url":"https:\/\/www.mexicanguitarplayers.com\/en\/rastreo\/","og_site_name":"Mexican Guitar Players","article_modified_time":"2021-03-18T18:46:43+00:00","og_image":[{"url":"http:\/\/mexicanguitarplayers.com\/wp-content\/uploads\/2021\/02\/MGP-Logo-Circ-Bk-copy.png","type":"","width":"","height":""}],"twitter_card":"summary_large_image","twitter_misc":{"Est. reading time":"1 minute"},"schema":{"@context":"https:\/\/schema.org","@graph":[{"@type":"WebPage","@id":"https:\/\/www.mexicanguitarplayers.com\/en\/rastreo\/","url":"https:\/\/www.mexicanguitarplayers.com\/en\/rastreo\/","name":"Seguir Pedido - Mexican Guitar Players","isPartOf":{"@id":"https:\/\/www.mexicanguitarplayers.com\/#website"},"primaryImageOfPage":{"@id":"https:\/\/www.mexicanguitarplayers.com\/en\/rastreo\/#primaryimage"},"image":{"@id":"https:\/\/www.mexicanguitarplayers.com\/en\/rastreo\/#primaryimage"},"thumbnailUrl":"http:\/\/mexicanguitarplayers.com\/wp-content\/uploads\/2021\/02\/MGP-Logo-Circ-Bk-copy.png","datePublished":"2021-03-18T18:11:33+00:00","dateModified":"2021-03-18T18:46:43+00:00","description":"\u00bfCom\u00f3 rastreo mi paquete? Una vez enviada la orden, se le enviar\u00e1 un correo electr\u00f3nico de confirmaci\u00f3n de env\u00edo que incluye su n\u00famero de seguimiento. Haz","breadcrumb":{"@id":"https:\/\/www.mexicanguitarplayers.com\/en\/rastreo\/#breadcrumb"},"inLanguage":"en-US","potentialAction":[{"@type":"ReadAction","target":["https:\/\/www.mexicanguitarplayers.com\/en\/rastreo\/"]}]},{"@type":"ImageObject","inLanguage":"en-US","@id":"https:\/\/www.mexicanguitarplayers.com\/en\/rastreo\/#primaryimage","url":"http:\/\/mexicanguitarplayers.com\/wp-content\/uploads\/2021\/02\/MGP-Logo-Circ-Bk-copy.png","contentUrl":"http:\/\/mexicanguitarplayers.com\/wp-content\/uploads\/2021\/02\/MGP-Logo-Circ-Bk-copy.png"},{"@type":"BreadcrumbList","@id":"https:\/\/www.mexicanguitarplayers.com\/en\/rastreo\/#breadcrumb","itemListElement":[{"@type":"ListItem","position":1,"name":"Portada","item":"https:\/\/www.mexicanguitarplayers.com\/"},{"@type":"ListItem","position":2,"name":"Seguir Pedido"}]},{"@type":"WebSite","@id":"https:\/\/www.mexicanguitarplayers.com\/#website","url":"https:\/\/www.mexicanguitarplayers.com\/","name":"Mexican Guitar Players","description":"Website","publisher":{"@id":"https:\/\/www.mexicanguitarplayers.com\/#organization"},"potentialAction":[{"@type":"SearchAction","target":{"@type":"EntryPoint","urlTemplate":"https:\/\/www.mexicanguitarplayers.com\/?s={search_term_string}"},"query-input":{"@type":"PropertyValueSpecification","valueRequired":true,"valueName":"search_term_string"}}],"inLanguage":"en-US"},{"@type":"Organization","@id":"https:\/\/www.mexicanguitarplayers.com\/#organization","name":"Mexican Guitar Players","url":"https:\/\/www.mexicanguitarplayers.com\/","logo":{"@type":"ImageObject","inLanguage":"en-US","@id":"https:\/\/www.mexicanguitarplayers.com\/#\/schema\/logo\/image\/","url":"","contentUrl":"","caption":"Mexican Guitar Players"},"image":{"@id":"https:\/\/www.mexicanguitarplayers.com\/#\/schema\/logo\/image\/"}}]}},"_links":{"self":[{"href":"https:\/\/www.mexicanguitarplayers.com\/en\/wp-json\/wp\/v2\/pages\/5668","targetHints":{"allow":["GET"]}}],"collection":[{"href":"https:\/\/www.mexicanguitarplayers.com\/en\/wp-json\/wp\/v2\/pages"}],"about":[{"href":"https:\/\/www.mexicanguitarplayers.com\/en\/wp-json\/wp\/v2\/types\/page"}],"author":[{"embeddable":true,"href":"https:\/\/www.mexicanguitarplayers.com\/en\/wp-json\/wp\/v2\/users\/65"}],"replies":[{"embeddable":true,"href":"https:\/\/www.mexicanguitarplayers.com\/en\/wp-json\/wp\/v2\/comments?post=5668"}],"version-history":[{"count":0,"href":"https:\/\/www.mexicanguitarplayers.com\/en\/wp-json\/wp\/v2\/pages\/5668\/revisions"}],"wp:attachment":[{"href":"https:\/\/www.mexicanguitarplayers.com\/en\/wp-json\/wp\/v2\/media?parent=5668"}],"curies":[{"name":"wp","href":"https:\/\/api.w.org\/{rel}","templated":true}]}}