{"id":6733,"date":"2021-03-22T09:08:23","date_gmt":"2021-03-22T15:08:23","guid":{"rendered":"https:\/\/www.mexicanguitarplayers.com\/?page_id=6733"},"modified":"2021-04-26T23:00:34","modified_gmt":"2021-04-27T04:00:34","slug":"metodos-de-pago","status":"publish","type":"page","link":"https:\/\/www.mexicanguitarplayers.com\/en\/metodos-de-pago\/","title":{"rendered":"Payment methods"},"content":{"rendered":"<p>We accept a number of safe and convenient payment methods. All of our buyers can pay safely with their credit card. Credit card options are listed below.<\/p>\n\n\n\n<p class=\"has-small-font-size\"><span style=\"color:#CC0000;\">Note:<\/span> We do not collect or store personal information or credit \/ debit card numbers when you make the payment. If you have further questions about transactions on our site, please consult your card provider bank for more information.<\/p>\n\n\n<style>.wp-block-kadence-spacer.kt-block-spacer-_590562-9b .kt-block-spacer{height:60px;}.wp-block-kadence-spacer.kt-block-spacer-_590562-9b .kt-divider{border-top-width:1px;height:1px;border-top-color:#ffb606;width:80%;border-top-style:solid;}<\/style>\n<div class=\"wp-block-kadence-spacer aligncenter kt-block-spacer-_590562-9b\"><div class=\"kt-block-spacer kt-block-spacer-halign-center\" style=\"height:60px\"><hr class=\"kt-divider\" style=\"border-top-color:rgba(255, 182, 6, 1);border-top-width:1px;width:80%;border-top-style:solid\"\/><\/div><\/div>\n\n\n\n<h2 class=\"has-text-align-center wp-block-heading\">Payment Market<\/h2>\n\n\n\n<div class=\"wp-block-image\"><figure class=\"aligncenter size-large\"><a href=\"https:\/\/www.mercadopago.com.mx\" target=\"_blank\" rel=\"noopener\"><img decoding=\"async\" width=\"180\" height=\"65\" src=\"http:\/\/mexicanguitarplayers.com\/wp-content\/uploads\/2021\/03\/MercadoPago-Logo.jpg\" alt=\"MercadoPago\" class=\"wp-image-6746\"\/><\/a><\/figure><\/div>\n\n\n\n<div class=\"wp-block-image\"><figure class=\"aligncenter size-medium\"><img fetchpriority=\"high\" decoding=\"async\" width=\"300\" height=\"182\" src=\"http:\/\/mexicanguitarplayers.com\/wp-content\/uploads\/2021\/03\/Pagos-MercadoPago-300x182.jpg\" alt=\"MercadoPago\" class=\"wp-image-6747\" srcset=\"https:\/\/www.mexicanguitarplayers.com\/wp-content\/uploads\/2021\/03\/Pagos-MercadoPago-300x182.jpg 300w, https:\/\/www.mexicanguitarplayers.com\/wp-content\/uploads\/2021\/03\/Pagos-MercadoPago-600x365.jpg 600w, https:\/\/www.mexicanguitarplayers.com\/wp-content\/uploads\/2021\/03\/Pagos-MercadoPago.jpg 714w\" sizes=\"(max-width: 300px) 100vw, 300px\" \/><\/figure><\/div>\n\n\n\n<p>Choose between credit card, debit card, cash, deposit and bank transfer or money reloaded in your account <a href=\"https:\/\/www.mercadopago.com.mx\" target=\"_blank\" rel=\"noreferrer noopener\">Payment Market<\/a>.<\/p>\n\n\n<style>.wp-block-kadence-spacer.kt-block-spacer-_bdfb07-88 .kt-block-spacer{height:60px;}.wp-block-kadence-spacer.kt-block-spacer-_bdfb07-88 .kt-divider{border-top-width:1px;height:1px;border-top-color:#ffb606;width:80%;border-top-style:solid;}<\/style>\n<div class=\"wp-block-kadence-spacer aligncenter kt-block-spacer-_bdfb07-88\"><div class=\"kt-block-spacer kt-block-spacer-halign-center\" style=\"height:60px\"><hr class=\"kt-divider\" style=\"border-top-color:rgba(255, 182, 6, 1);border-top-width:1px;width:80%;border-top-style:solid\"\/><\/div><\/div>\n\n\n\n<p>If you have problems with payment payment, we have some tips that usually work:<\/p>\n\n\n\n<h4 class=\"wp-block-heading\">My payment failed with a credit or debit card<\/h4>\n\n\n\n<ol class=\"wp-block-list\"><li>Make sure the information is correct including the credit card number, expiration date, CVV code and shipping address.<\/li><li>Make sure you have enough credit or account balance.<\/li><li>Check that the authorized or default online transaction limit is not too low.<\/li><li>Try refreshing the page, or Completely log out of <strong>MXGP<\/strong> and then log in again.<\/li><li>Start an order again, do not try to pay the same order that has already been rejected.<\/li><li>If your payment is declined, you will have to contact your bank. Bank Credit Cards, as security, have a predetermined block for international transactions \/ payments. Unless the card owner requests the unlocking of the security method.<\/li><li>Try using a different card.<\/li><\/ol>\n\n\n<style>.wp-block-kadence-spacer.kt-block-spacer-_5cbcad-bb .kt-block-spacer{height:60px;}.wp-block-kadence-spacer.kt-block-spacer-_5cbcad-bb .kt-divider{border-top-width:1px;height:1px;border-top-color:#ffb606;width:80%;border-top-style:solid;}<\/style>\n<div class=\"wp-block-kadence-spacer aligncenter kt-block-spacer-_5cbcad-bb\"><div class=\"kt-block-spacer kt-block-spacer-halign-center\" style=\"height:60px\"><hr class=\"kt-divider\" style=\"border-top-color:rgba(255, 182, 6, 1);border-top-width:1px;width:80%;border-top-style:solid\"\/><\/div><\/div>\n\n\n\n<div class=\"wp-block-image\"><figure class=\"aligncenter size-large is-resized\"><img decoding=\"async\" src=\"http:\/\/mexicanguitarplayers.com\/wp-content\/uploads\/2021\/02\/MGP-Logo-Circ-Bk-copy.png\" alt=\"Mexican Guitar Players\" class=\"wp-image-3273\" width=\"200\" height=\"200\" srcset=\"https:\/\/www.mexicanguitarplayers.com\/wp-content\/uploads\/2021\/02\/MGP-Logo-Circ-Bk-copy.png 512w, https:\/\/www.mexicanguitarplayers.com\/wp-content\/uploads\/2021\/02\/MGP-Logo-Circ-Bk-copy-300x300.png 300w, https:\/\/www.mexicanguitarplayers.com\/wp-content\/uploads\/2021\/02\/MGP-Logo-Circ-Bk-copy-100x100.png 100w, https:\/\/www.mexicanguitarplayers.com\/wp-content\/uploads\/2021\/02\/MGP-Logo-Circ-Bk-copy-150x150.png 150w, https:\/\/www.mexicanguitarplayers.com\/wp-content\/uploads\/2021\/02\/elementor\/thumbs\/MGP-Logo-Circ-Bk-copy-p32geqwwim74lnkopilacsj82bipu7ng1ioa8d9n0w.png 200w\" sizes=\"(max-width: 200px) 100vw, 200px\" \/><\/figure><\/div>","protected":false},"excerpt":{"rendered":"<p>Aceptamos bastantes m\u00e9todos de pago seguros y convenientes. Todos nuestros compradores pueden pagar de forma segura con su tarjeta de cr\u00e9dito. Las opciones de tarjetas de cr\u00e9dito est\u00e1n enlistadas abajo. Nota: Nosotros no recolectamos o guardamos la informaci\u00f3n personal o &hellip; <a class=\"kt-excerpt-readmore more-link\" href=\"https:\/\/www.mexicanguitarplayers.com\/en\/metodos-de-pago\/\">Read more<\/a><\/p>","protected":false},"author":65,"featured_media":0,"parent":0,"menu_order":0,"comment_status":"closed","ping_status":"closed","template":"","meta":{"kt_blocks_editor_width":"","footnotes":""},"class_list":["post-6733","page","type-page","status-publish","hentry"],"yoast_head":"<!-- This site is optimized with the Yoast SEO plugin v27.6 - https:\/\/yoast.com\/product\/yoast-seo-wordpress\/ -->\n<title>M\u00e9todos de Pago - Mexican Guitar Players<\/title>\n<meta name=\"description\" content=\"Aceptamos bastantes m\u00e9todos de pago seguros y convenientes. Todos nuestros compradores pueden pagar de forma segura con su tarjeta de cr\u00e9dito. Las\" \/>\n<meta name=\"robots\" content=\"index, follow, max-snippet:-1, max-image-preview:large, max-video-preview:-1\" \/>\n<link rel=\"canonical\" href=\"https:\/\/www.mexicanguitarplayers.com\/en\/metodos-de-pago\/\" \/>\n<meta property=\"og:locale\" content=\"en_US\" \/>\n<meta property=\"og:type\" content=\"article\" \/>\n<meta property=\"og:title\" content=\"M\u00e9todos de Pago - Mexican Guitar Players\" \/>\n<meta property=\"og:description\" content=\"Aceptamos bastantes m\u00e9todos de pago seguros y convenientes. Todos nuestros compradores pueden pagar de forma segura con su tarjeta de cr\u00e9dito. Las\" \/>\n<meta property=\"og:url\" content=\"https:\/\/www.mexicanguitarplayers.com\/en\/metodos-de-pago\/\" \/>\n<meta property=\"og:site_name\" content=\"Mexican Guitar Players\" \/>\n<meta property=\"article:modified_time\" content=\"2021-04-27T04:00:34+00:00\" \/>\n<meta property=\"og:image\" content=\"http:\/\/mexicanguitarplayers.com\/wp-content\/uploads\/2021\/03\/MercadoPago-Logo.jpg\" \/>\n<meta name=\"twitter:card\" content=\"summary_large_image\" \/>\n<meta name=\"twitter:label1\" content=\"Est. reading time\" \/>\n\t<meta name=\"twitter:data1\" content=\"2 minutes\" \/>\n<script type=\"application\/ld+json\" class=\"yoast-schema-graph\">{\"@context\":\"https:\\\/\\\/schema.org\",\"@graph\":[{\"@type\":\"WebPage\",\"@id\":\"https:\\\/\\\/www.mexicanguitarplayers.com\\\/en\\\/metodos-de-pago\\\/\",\"url\":\"https:\\\/\\\/www.mexicanguitarplayers.com\\\/en\\\/metodos-de-pago\\\/\",\"name\":\"M\u00e9todos de Pago - Mexican Guitar Players\",\"isPartOf\":{\"@id\":\"https:\\\/\\\/www.mexicanguitarplayers.com\\\/#website\"},\"primaryImageOfPage\":{\"@id\":\"https:\\\/\\\/www.mexicanguitarplayers.com\\\/en\\\/metodos-de-pago\\\/#primaryimage\"},\"image\":{\"@id\":\"https:\\\/\\\/www.mexicanguitarplayers.com\\\/en\\\/metodos-de-pago\\\/#primaryimage\"},\"thumbnailUrl\":\"http:\\\/\\\/mexicanguitarplayers.com\\\/wp-content\\\/uploads\\\/2021\\\/03\\\/MercadoPago-Logo.jpg\",\"datePublished\":\"2021-03-22T15:08:23+00:00\",\"dateModified\":\"2021-04-27T04:00:34+00:00\",\"description\":\"Aceptamos bastantes m\u00e9todos de pago seguros y convenientes. Todos nuestros compradores pueden pagar de forma segura con su tarjeta de cr\u00e9dito. Las\",\"breadcrumb\":{\"@id\":\"https:\\\/\\\/www.mexicanguitarplayers.com\\\/en\\\/metodos-de-pago\\\/#breadcrumb\"},\"inLanguage\":\"en-US\",\"potentialAction\":[{\"@type\":\"ReadAction\",\"target\":[\"https:\\\/\\\/www.mexicanguitarplayers.com\\\/en\\\/metodos-de-pago\\\/\"]}]},{\"@type\":\"ImageObject\",\"inLanguage\":\"en-US\",\"@id\":\"https:\\\/\\\/www.mexicanguitarplayers.com\\\/en\\\/metodos-de-pago\\\/#primaryimage\",\"url\":\"http:\\\/\\\/mexicanguitarplayers.com\\\/wp-content\\\/uploads\\\/2021\\\/03\\\/MercadoPago-Logo.jpg\",\"contentUrl\":\"http:\\\/\\\/mexicanguitarplayers.com\\\/wp-content\\\/uploads\\\/2021\\\/03\\\/MercadoPago-Logo.jpg\"},{\"@type\":\"BreadcrumbList\",\"@id\":\"https:\\\/\\\/www.mexicanguitarplayers.com\\\/en\\\/metodos-de-pago\\\/#breadcrumb\",\"itemListElement\":[{\"@type\":\"ListItem\",\"position\":1,\"name\":\"Portada\",\"item\":\"https:\\\/\\\/www.mexicanguitarplayers.com\\\/\"},{\"@type\":\"ListItem\",\"position\":2,\"name\":\"M\u00e9todos de Pago\"}]},{\"@type\":\"WebSite\",\"@id\":\"https:\\\/\\\/www.mexicanguitarplayers.com\\\/#website\",\"url\":\"https:\\\/\\\/www.mexicanguitarplayers.com\\\/\",\"name\":\"Mexican Guitar Players\",\"description\":\"Website\",\"publisher\":{\"@id\":\"https:\\\/\\\/www.mexicanguitarplayers.com\\\/#organization\"},\"potentialAction\":[{\"@type\":\"SearchAction\",\"target\":{\"@type\":\"EntryPoint\",\"urlTemplate\":\"https:\\\/\\\/www.mexicanguitarplayers.com\\\/?s={search_term_string}\"},\"query-input\":{\"@type\":\"PropertyValueSpecification\",\"valueRequired\":true,\"valueName\":\"search_term_string\"}}],\"inLanguage\":\"en-US\"},{\"@type\":\"Organization\",\"@id\":\"https:\\\/\\\/www.mexicanguitarplayers.com\\\/#organization\",\"name\":\"Mexican Guitar Players\",\"url\":\"https:\\\/\\\/www.mexicanguitarplayers.com\\\/\",\"logo\":{\"@type\":\"ImageObject\",\"inLanguage\":\"en-US\",\"@id\":\"https:\\\/\\\/www.mexicanguitarplayers.com\\\/#\\\/schema\\\/logo\\\/image\\\/\",\"url\":\"\",\"contentUrl\":\"\",\"caption\":\"Mexican Guitar Players\"},\"image\":{\"@id\":\"https:\\\/\\\/www.mexicanguitarplayers.com\\\/#\\\/schema\\\/logo\\\/image\\\/\"}}]}<\/script>\n<!-- \/ Yoast SEO plugin. -->","yoast_head_json":{"title":"M\u00e9todos de Pago - Mexican Guitar Players","description":"Aceptamos bastantes m\u00e9todos de pago seguros y convenientes. Todos nuestros compradores pueden pagar de forma segura con su tarjeta de cr\u00e9dito. Las","robots":{"index":"index","follow":"follow","max-snippet":"max-snippet:-1","max-image-preview":"max-image-preview:large","max-video-preview":"max-video-preview:-1"},"canonical":"https:\/\/www.mexicanguitarplayers.com\/en\/metodos-de-pago\/","og_locale":"en_US","og_type":"article","og_title":"M\u00e9todos de Pago - Mexican Guitar Players","og_description":"Aceptamos bastantes m\u00e9todos de pago seguros y convenientes. Todos nuestros compradores pueden pagar de forma segura con su tarjeta de cr\u00e9dito. Las","og_url":"https:\/\/www.mexicanguitarplayers.com\/en\/metodos-de-pago\/","og_site_name":"Mexican Guitar Players","article_modified_time":"2021-04-27T04:00:34+00:00","og_image":[{"url":"http:\/\/mexicanguitarplayers.com\/wp-content\/uploads\/2021\/03\/MercadoPago-Logo.jpg","type":"","width":"","height":""}],"twitter_card":"summary_large_image","twitter_misc":{"Est. reading time":"2 minutes"},"schema":{"@context":"https:\/\/schema.org","@graph":[{"@type":"WebPage","@id":"https:\/\/www.mexicanguitarplayers.com\/en\/metodos-de-pago\/","url":"https:\/\/www.mexicanguitarplayers.com\/en\/metodos-de-pago\/","name":"M\u00e9todos de Pago - Mexican Guitar Players","isPartOf":{"@id":"https:\/\/www.mexicanguitarplayers.com\/#website"},"primaryImageOfPage":{"@id":"https:\/\/www.mexicanguitarplayers.com\/en\/metodos-de-pago\/#primaryimage"},"image":{"@id":"https:\/\/www.mexicanguitarplayers.com\/en\/metodos-de-pago\/#primaryimage"},"thumbnailUrl":"http:\/\/mexicanguitarplayers.com\/wp-content\/uploads\/2021\/03\/MercadoPago-Logo.jpg","datePublished":"2021-03-22T15:08:23+00:00","dateModified":"2021-04-27T04:00:34+00:00","description":"Aceptamos bastantes m\u00e9todos de pago seguros y convenientes. Todos nuestros compradores pueden pagar de forma segura con su tarjeta de cr\u00e9dito. Las","breadcrumb":{"@id":"https:\/\/www.mexicanguitarplayers.com\/en\/metodos-de-pago\/#breadcrumb"},"inLanguage":"en-US","potentialAction":[{"@type":"ReadAction","target":["https:\/\/www.mexicanguitarplayers.com\/en\/metodos-de-pago\/"]}]},{"@type":"ImageObject","inLanguage":"en-US","@id":"https:\/\/www.mexicanguitarplayers.com\/en\/metodos-de-pago\/#primaryimage","url":"http:\/\/mexicanguitarplayers.com\/wp-content\/uploads\/2021\/03\/MercadoPago-Logo.jpg","contentUrl":"http:\/\/mexicanguitarplayers.com\/wp-content\/uploads\/2021\/03\/MercadoPago-Logo.jpg"},{"@type":"BreadcrumbList","@id":"https:\/\/www.mexicanguitarplayers.com\/en\/metodos-de-pago\/#breadcrumb","itemListElement":[{"@type":"ListItem","position":1,"name":"Portada","item":"https:\/\/www.mexicanguitarplayers.com\/"},{"@type":"ListItem","position":2,"name":"M\u00e9todos de Pago"}]},{"@type":"WebSite","@id":"https:\/\/www.mexicanguitarplayers.com\/#website","url":"https:\/\/www.mexicanguitarplayers.com\/","name":"Mexican Guitar Players","description":"Website","publisher":{"@id":"https:\/\/www.mexicanguitarplayers.com\/#organization"},"potentialAction":[{"@type":"SearchAction","target":{"@type":"EntryPoint","urlTemplate":"https:\/\/www.mexicanguitarplayers.com\/?s={search_term_string}"},"query-input":{"@type":"PropertyValueSpecification","valueRequired":true,"valueName":"search_term_string"}}],"inLanguage":"en-US"},{"@type":"Organization","@id":"https:\/\/www.mexicanguitarplayers.com\/#organization","name":"Mexican Guitar Players","url":"https:\/\/www.mexicanguitarplayers.com\/","logo":{"@type":"ImageObject","inLanguage":"en-US","@id":"https:\/\/www.mexicanguitarplayers.com\/#\/schema\/logo\/image\/","url":"","contentUrl":"","caption":"Mexican Guitar Players"},"image":{"@id":"https:\/\/www.mexicanguitarplayers.com\/#\/schema\/logo\/image\/"}}]}},"_links":{"self":[{"href":"https:\/\/www.mexicanguitarplayers.com\/en\/wp-json\/wp\/v2\/pages\/6733","targetHints":{"allow":["GET"]}}],"collection":[{"href":"https:\/\/www.mexicanguitarplayers.com\/en\/wp-json\/wp\/v2\/pages"}],"about":[{"href":"https:\/\/www.mexicanguitarplayers.com\/en\/wp-json\/wp\/v2\/types\/page"}],"author":[{"embeddable":true,"href":"https:\/\/www.mexicanguitarplayers.com\/en\/wp-json\/wp\/v2\/users\/65"}],"replies":[{"embeddable":true,"href":"https:\/\/www.mexicanguitarplayers.com\/en\/wp-json\/wp\/v2\/comments?post=6733"}],"version-history":[{"count":0,"href":"https:\/\/www.mexicanguitarplayers.com\/en\/wp-json\/wp\/v2\/pages\/6733\/revisions"}],"wp:attachment":[{"href":"https:\/\/www.mexicanguitarplayers.com\/en\/wp-json\/wp\/v2\/media?parent=6733"}],"curies":[{"name":"wp","href":"https:\/\/api.w.org\/{rel}","templated":true}]}}