{"id":6764,"date":"2021-03-22T09:55:07","date_gmt":"2021-03-22T15:55:07","guid":{"rendered":"https:\/\/www.mexicanguitarplayers.com\/?page_id=6764"},"modified":"2021-03-25T11:19:30","modified_gmt":"2021-03-25T17:19:30","slug":"informacion-de-envio","status":"publish","type":"page","link":"https:\/\/www.mexicanguitarplayers.com\/en\/informacion-de-envio\/","title":{"rendered":"Shipment information"},"content":{"rendered":"<p>We have focused on ensuring that items are delivered to our customers as quickly as possible. Normally, you will receive your order in 6-13 business days once the order is placed.<\/p>\n\n\n\n<div class=\"wp-block-columns is-layout-flex wp-container-core-columns-is-layout-9d6595d7 wp-block-columns-is-layout-flex\">\n<div class=\"wp-block-column is-layout-flow wp-block-column-is-layout-flow\">\n<div class=\"wp-block-image\"><figure class=\"aligncenter size-large\"><img decoding=\"async\" width=\"149\" height=\"149\" src=\"http:\/\/mexicanguitarplayers.com\/wp-content\/uploads\/2021\/03\/icon-1.jpg\" alt=\"Confirmaci\u00f3n\" class=\"wp-image-6767\" srcset=\"https:\/\/www.mexicanguitarplayers.com\/wp-content\/uploads\/2021\/03\/icon-1.jpg 149w, https:\/\/www.mexicanguitarplayers.com\/wp-content\/uploads\/2021\/03\/icon-1-100x100.jpg 100w\" sizes=\"(max-width: 149px) 100vw, 149px\" \/><figcaption>Confirmation<\/figcaption><\/figure><\/div>\n<\/div>\n\n\n\n<div class=\"wp-block-column is-layout-flow wp-block-column-is-layout-flow\">\n<div class=\"wp-block-image\"><figure class=\"aligncenter size-large\"><img decoding=\"async\" width=\"149\" height=\"149\" src=\"http:\/\/mexicanguitarplayers.com\/wp-content\/uploads\/2021\/03\/icon-2.jpg\" alt=\"En Proceso\" class=\"wp-image-6768\" srcset=\"https:\/\/www.mexicanguitarplayers.com\/wp-content\/uploads\/2021\/03\/icon-2.jpg 149w, https:\/\/www.mexicanguitarplayers.com\/wp-content\/uploads\/2021\/03\/icon-2-100x100.jpg 100w\" sizes=\"(max-width: 149px) 100vw, 149px\" \/><figcaption>In progress<\/figcaption><\/figure><\/div>\n<\/div>\n\n\n\n<div class=\"wp-block-column is-layout-flow wp-block-column-is-layout-flow\">\n<div class=\"wp-block-image\"><figure class=\"aligncenter size-large\"><img decoding=\"async\" width=\"149\" height=\"149\" src=\"http:\/\/mexicanguitarplayers.com\/wp-content\/uploads\/2021\/03\/icon-3.jpg\" alt=\"Env\u00edo\" class=\"wp-image-6769\" srcset=\"https:\/\/www.mexicanguitarplayers.com\/wp-content\/uploads\/2021\/03\/icon-3.jpg 149w, https:\/\/www.mexicanguitarplayers.com\/wp-content\/uploads\/2021\/03\/icon-3-100x100.jpg 100w\" sizes=\"(max-width: 149px) 100vw, 149px\" \/><figcaption>Shipment<\/figcaption><\/figure><\/div>\n<\/div>\n\n\n\n<div class=\"wp-block-column is-layout-flow wp-block-column-is-layout-flow\">\n<div class=\"wp-block-image\"><figure class=\"aligncenter size-large\"><img loading=\"lazy\" decoding=\"async\" width=\"149\" height=\"149\" src=\"http:\/\/mexicanguitarplayers.com\/wp-content\/uploads\/2021\/03\/icon-4.jpg\" alt=\"Entrega\" class=\"wp-image-6770\" srcset=\"https:\/\/www.mexicanguitarplayers.com\/wp-content\/uploads\/2021\/03\/icon-4.jpg 149w, https:\/\/www.mexicanguitarplayers.com\/wp-content\/uploads\/2021\/03\/icon-4-100x100.jpg 100w\" sizes=\"(max-width: 149px) 100vw, 149px\" \/><figcaption>Delivery<\/figcaption><\/figure><\/div>\n<\/div>\n<\/div>\n\n\n<style>.wp-block-kadence-spacer.kt-block-spacer-_5cbcad-bb .kt-block-spacer{height:60px;}.wp-block-kadence-spacer.kt-block-spacer-_5cbcad-bb .kt-divider{border-top-width:1px;height:1px;border-top-color:#ffb606;width:80%;border-top-style:solid;}<\/style>\n<div class=\"wp-block-kadence-spacer aligncenter kt-block-spacer-_5cbcad-bb\"><div class=\"kt-block-spacer kt-block-spacer-halign-center\" style=\"height:60px\"><hr class=\"kt-divider\" style=\"border-top-color:rgba(255, 182, 6, 1);border-top-width:1px;width:80%;border-top-style:solid\"\/><\/div><\/div>\n\n\n\n<h2 class=\"wp-block-heading\">Confirmation<\/h2>\n\n\n\n<p>A confirmation email will be sent to you once the order has been authorized and verified. We start preparing the order immediately after verifying it.<\/p>\n\n\n<style>.wp-block-kadence-spacer.kt-block-spacer-_80e880-de .kt-block-spacer{height:60px;}.wp-block-kadence-spacer.kt-block-spacer-_80e880-de .kt-divider{border-top-width:1px;height:1px;border-top-color:#ffb606;width:80%;border-top-style:solid;}<\/style>\n<div class=\"wp-block-kadence-spacer aligncenter kt-block-spacer-_80e880-de\"><div class=\"kt-block-spacer kt-block-spacer-halign-center\" style=\"height:60px\"><hr class=\"kt-divider\" style=\"border-top-color:rgba(255, 182, 6, 1);border-top-width:1px;width:80%;border-top-style:solid\"\/><\/div><\/div>\n\n\n\n<h2 class=\"wp-block-heading\">Processing<\/h2>\n\n\n\n<p>We will process your order in 1-5 business days.<\/p>\n\n\n<style>.wp-block-kadence-spacer.kt-block-spacer-_e3c61b-b6 .kt-block-spacer{height:60px;}.wp-block-kadence-spacer.kt-block-spacer-_e3c61b-b6 .kt-divider{border-top-width:1px;height:1px;border-top-color:#ffb606;width:80%;border-top-style:solid;}<\/style>\n<div class=\"wp-block-kadence-spacer aligncenter kt-block-spacer-_e3c61b-b6\"><div class=\"kt-block-spacer kt-block-spacer-halign-center\" style=\"height:60px\"><hr class=\"kt-divider\" style=\"border-top-color:rgba(255, 182, 6, 1);border-top-width:1px;width:80%;border-top-style:solid\"\/><\/div><\/div>\n\n\n\n<h2 class=\"wp-block-heading\">Shipment<\/h2>\n\n\n\n<p>For detailed information on shipping time and shipping value, please just check the table below to get a general idea.<\/p>\n\n\n\n<h2 class=\"has-text-align-center wp-block-heading\">Shipping by Estafeta to all of Mexico<\/h2>\n\n\n\n<h4 class=\"has-text-align-center wp-block-heading\">4-9 business days<\/h4>\n\n\n\n<figure id=\"help-shipping-table\" class=\"wp-block-table\"><table><thead><tr><th class=\"has-text-align-center\" data-align=\"center\">Weight<\/th><th class=\"has-text-align-center\" data-align=\"center\">Costs<\/th><\/tr><\/thead><tbody><tr><td class=\"has-text-align-center\" data-align=\"center\">0-5 kg<\/td><td class=\"has-text-align-center\" data-align=\"center\">$ 140<\/td><\/tr><tr><td class=\"has-text-align-center\" data-align=\"center\">5-10 kg<\/td><td class=\"has-text-align-center\" data-align=\"center\">$ 156<\/td><\/tr><tr><td class=\"has-text-align-center\" data-align=\"center\">10-15 kg<\/td><td class=\"has-text-align-center\" data-align=\"center\">$ 185<\/td><\/tr><tr><td class=\"has-text-align-center\" data-align=\"center\">15-20 kg<\/td><td class=\"has-text-align-center\" data-align=\"center\">$ 212<\/td><\/tr><tr><td class=\"has-text-align-center\" data-align=\"center\">20-25 kg<\/td><td class=\"has-text-align-center\" data-align=\"center\">$ 250<\/td><\/tr><tr><td class=\"has-text-align-center\" data-align=\"center\">25-30 kg<\/td><td class=\"has-text-align-center\" data-align=\"center\">$ 282<\/td><\/tr><tr><td class=\"has-text-align-center\" data-align=\"center\">30-35 kg<\/td><td class=\"has-text-align-center\" data-align=\"center\">$ 318<\/td><\/tr><tr><td class=\"has-text-align-center\" data-align=\"center\">35-plus kg<\/td><td class=\"has-text-align-center\" data-align=\"center\">$ 354<\/td><\/tr><\/tbody><\/table><\/figure>\n\n\n\n<p>Shipping cost is charged based on volumetric weight (<strong>(LxWxH) \/ 5000<\/strong>) against the real weight, we will take a guitar as an example:<\/p>\n\n\n\n<p><strong>Volumetric Weight<\/strong>: (<strong>120cm L<\/strong> x <strong>50cm W<\/strong> x <strong>18cm H<\/strong>)\/5000 = <strong>21.6 Kg<\/strong><br><strong>Real Weight: 7 kg<\/strong><\/p>\n\n\n\n<p>Example shipping cost: <strong>$250<\/strong><\/p>\n\n\n\n<p>The shipping charge is calculated per order, taking into account the highest shipping cost of your items in case of being more than one. Please check the checkout page for the specific shipping cost.<\/p>\n\n\n\n<p class=\"has-small-font-size\"><span style=\"color:#CC0000;\">Note:<\/span> Shipping times are estimated and start from the day of shipment, not the day of the order, it may take longer than expected due to invalid addresses, shipping procedures, among others.<\/p>\n\n\n\n<p class=\"has-small-font-size\"><span style=\"color:#CC0000;\">*<\/span> Please submit a ticket if you encounter shipping issues. If the package does not arrive on time, our customer service representatives will contact you within 24 hours.<\/p>\n\n\n<style>.wp-block-kadence-spacer.kt-block-spacer-_237323-8c .kt-block-spacer{height:60px;}.wp-block-kadence-spacer.kt-block-spacer-_237323-8c .kt-divider{border-top-width:1px;height:1px;border-top-color:#ffb606;width:80%;border-top-style:solid;}<\/style>\n<div class=\"wp-block-kadence-spacer aligncenter kt-block-spacer-_237323-8c\"><div class=\"kt-block-spacer kt-block-spacer-halign-center\" style=\"height:60px\"><hr class=\"kt-divider\" style=\"border-top-color:rgba(255, 182, 6, 1);border-top-width:1px;width:80%;border-top-style:solid\"\/><\/div><\/div>\n\n\n\n<h2 class=\"wp-block-heading\">Delivery<\/h2>\n\n\n\n<p>If you want to know how to track your order, please click on <a href=\"https:\/\/www.mexicanguitarplayers.com\/en\/rastreo\/\">How to track<\/a> for more information.<\/p>\n\n\n<style>.wp-block-kadence-spacer.kt-block-spacer-_8a3d41-49 .kt-block-spacer{height:60px;}.wp-block-kadence-spacer.kt-block-spacer-_8a3d41-49 .kt-divider{border-top-width:1px;height:1px;border-top-color:#ffb606;width:80%;border-top-style:solid;}<\/style>\n<div class=\"wp-block-kadence-spacer aligncenter kt-block-spacer-_8a3d41-49\"><div class=\"kt-block-spacer kt-block-spacer-halign-center\" style=\"height:60px\"><hr class=\"kt-divider\" style=\"border-top-color:rgba(255, 182, 6, 1);border-top-width:1px;width:80%;border-top-style:solid\"\/><\/div><\/div>\n\n\n\n<div class=\"wp-block-image\"><figure class=\"aligncenter size-large is-resized\"><img loading=\"lazy\" decoding=\"async\" src=\"http:\/\/mexicanguitarplayers.com\/wp-content\/uploads\/2021\/02\/MGP-Logo-Circ-Bk-copy.png\" alt=\"Mexican Guitar Players\" class=\"wp-image-3273\" width=\"200\" height=\"200\" srcset=\"https:\/\/www.mexicanguitarplayers.com\/wp-content\/uploads\/2021\/02\/MGP-Logo-Circ-Bk-copy.png 512w, https:\/\/www.mexicanguitarplayers.com\/wp-content\/uploads\/2021\/02\/MGP-Logo-Circ-Bk-copy-300x300.png 300w, https:\/\/www.mexicanguitarplayers.com\/wp-content\/uploads\/2021\/02\/MGP-Logo-Circ-Bk-copy-100x100.png 100w, https:\/\/www.mexicanguitarplayers.com\/wp-content\/uploads\/2021\/02\/MGP-Logo-Circ-Bk-copy-150x150.png 150w, https:\/\/www.mexicanguitarplayers.com\/wp-content\/uploads\/2021\/02\/elementor\/thumbs\/MGP-Logo-Circ-Bk-copy-p32geqwwim74lnkopilacsj82bipu7ng1ioa8d9n0w.png 200w\" sizes=\"(max-width: 200px) 100vw, 200px\" \/><\/figure><\/div>","protected":false},"excerpt":{"rendered":"<p>Nos hemos enfocado en asegurar que los art\u00edculos sean entregados a nuestros clientes lo m\u00e1s pronto posible. Normalmente, recibir\u00e1s tu orden en 6-13 d\u00edas laborales una vez la orden es realizada. Confirmaci\u00f3n Un correo electr\u00f3nico de confirmaci\u00f3n te ser\u00e1 enviado &hellip; <a class=\"kt-excerpt-readmore more-link\" href=\"https:\/\/www.mexicanguitarplayers.com\/en\/informacion-de-envio\/\">Read more<\/a><\/p>","protected":false},"author":65,"featured_media":0,"parent":0,"menu_order":0,"comment_status":"closed","ping_status":"closed","template":"","meta":{"kt_blocks_editor_width":"","footnotes":""},"class_list":["post-6764","page","type-page","status-publish","hentry"],"yoast_head":"<!-- This site is optimized with the Yoast SEO plugin v27.6 - https:\/\/yoast.com\/product\/yoast-seo-wordpress\/ -->\n<title>Informaci\u00f3n de Env\u00edo - Mexican Guitar Players<\/title>\n<meta name=\"description\" content=\"Nos hemos enfocado en asegurar que los art\u00edculos sean entregados a nuestros clientes lo m\u00e1s pronto posible. Normalmente, recibir\u00e1s tu orden en 6-13 d\u00edas\" \/>\n<meta name=\"robots\" content=\"index, follow, max-snippet:-1, max-image-preview:large, max-video-preview:-1\" \/>\n<link rel=\"canonical\" href=\"https:\/\/www.mexicanguitarplayers.com\/en\/informacion-de-envio\/\" \/>\n<meta property=\"og:locale\" content=\"en_US\" \/>\n<meta property=\"og:type\" content=\"article\" \/>\n<meta property=\"og:title\" content=\"Informaci\u00f3n de Env\u00edo - Mexican Guitar Players\" \/>\n<meta property=\"og:description\" content=\"Nos hemos enfocado en asegurar que los art\u00edculos sean entregados a nuestros clientes lo m\u00e1s pronto posible. Normalmente, recibir\u00e1s tu orden en 6-13 d\u00edas\" \/>\n<meta property=\"og:url\" content=\"https:\/\/www.mexicanguitarplayers.com\/en\/informacion-de-envio\/\" \/>\n<meta property=\"og:site_name\" content=\"Mexican Guitar Players\" \/>\n<meta property=\"article:modified_time\" content=\"2021-03-25T17:19:30+00:00\" \/>\n<meta property=\"og:image\" content=\"http:\/\/mexicanguitarplayers.com\/wp-content\/uploads\/2021\/03\/icon-1.jpg\" \/>\n<meta name=\"twitter:card\" content=\"summary_large_image\" \/>\n<meta name=\"twitter:label1\" content=\"Est. reading time\" \/>\n\t<meta name=\"twitter:data1\" content=\"3 minutes\" \/>\n<script type=\"application\/ld+json\" class=\"yoast-schema-graph\">{\"@context\":\"https:\\\/\\\/schema.org\",\"@graph\":[{\"@type\":\"WebPage\",\"@id\":\"https:\\\/\\\/www.mexicanguitarplayers.com\\\/informacion-de-envio\\\/\",\"url\":\"https:\\\/\\\/www.mexicanguitarplayers.com\\\/informacion-de-envio\\\/\",\"name\":\"Informaci\u00f3n de Env\u00edo - Mexican Guitar Players\",\"isPartOf\":{\"@id\":\"https:\\\/\\\/www.mexicanguitarplayers.com\\\/#website\"},\"primaryImageOfPage\":{\"@id\":\"https:\\\/\\\/www.mexicanguitarplayers.com\\\/informacion-de-envio\\\/#primaryimage\"},\"image\":{\"@id\":\"https:\\\/\\\/www.mexicanguitarplayers.com\\\/informacion-de-envio\\\/#primaryimage\"},\"thumbnailUrl\":\"http:\\\/\\\/mexicanguitarplayers.com\\\/wp-content\\\/uploads\\\/2021\\\/03\\\/icon-1.jpg\",\"datePublished\":\"2021-03-22T15:55:07+00:00\",\"dateModified\":\"2021-03-25T17:19:30+00:00\",\"description\":\"Nos hemos enfocado en asegurar que los art\u00edculos sean entregados a nuestros clientes lo m\u00e1s pronto posible. Normalmente, recibir\u00e1s tu orden en 6-13 d\u00edas\",\"breadcrumb\":{\"@id\":\"https:\\\/\\\/www.mexicanguitarplayers.com\\\/informacion-de-envio\\\/#breadcrumb\"},\"inLanguage\":\"en-US\",\"potentialAction\":[{\"@type\":\"ReadAction\",\"target\":[\"https:\\\/\\\/www.mexicanguitarplayers.com\\\/informacion-de-envio\\\/\"]}]},{\"@type\":\"ImageObject\",\"inLanguage\":\"en-US\",\"@id\":\"https:\\\/\\\/www.mexicanguitarplayers.com\\\/informacion-de-envio\\\/#primaryimage\",\"url\":\"http:\\\/\\\/mexicanguitarplayers.com\\\/wp-content\\\/uploads\\\/2021\\\/03\\\/icon-1.jpg\",\"contentUrl\":\"http:\\\/\\\/mexicanguitarplayers.com\\\/wp-content\\\/uploads\\\/2021\\\/03\\\/icon-1.jpg\"},{\"@type\":\"BreadcrumbList\",\"@id\":\"https:\\\/\\\/www.mexicanguitarplayers.com\\\/informacion-de-envio\\\/#breadcrumb\",\"itemListElement\":[{\"@type\":\"ListItem\",\"position\":1,\"name\":\"Portada\",\"item\":\"https:\\\/\\\/www.mexicanguitarplayers.com\\\/\"},{\"@type\":\"ListItem\",\"position\":2,\"name\":\"Informaci\u00f3n de Env\u00edo\"}]},{\"@type\":\"WebSite\",\"@id\":\"https:\\\/\\\/www.mexicanguitarplayers.com\\\/#website\",\"url\":\"https:\\\/\\\/www.mexicanguitarplayers.com\\\/\",\"name\":\"Mexican Guitar Players\",\"description\":\"Website\",\"publisher\":{\"@id\":\"https:\\\/\\\/www.mexicanguitarplayers.com\\\/#organization\"},\"potentialAction\":[{\"@type\":\"SearchAction\",\"target\":{\"@type\":\"EntryPoint\",\"urlTemplate\":\"https:\\\/\\\/www.mexicanguitarplayers.com\\\/?s={search_term_string}\"},\"query-input\":{\"@type\":\"PropertyValueSpecification\",\"valueRequired\":true,\"valueName\":\"search_term_string\"}}],\"inLanguage\":\"en-US\"},{\"@type\":\"Organization\",\"@id\":\"https:\\\/\\\/www.mexicanguitarplayers.com\\\/#organization\",\"name\":\"Mexican Guitar Players\",\"url\":\"https:\\\/\\\/www.mexicanguitarplayers.com\\\/\",\"logo\":{\"@type\":\"ImageObject\",\"inLanguage\":\"en-US\",\"@id\":\"https:\\\/\\\/www.mexicanguitarplayers.com\\\/#\\\/schema\\\/logo\\\/image\\\/\",\"url\":\"\",\"contentUrl\":\"\",\"caption\":\"Mexican Guitar Players\"},\"image\":{\"@id\":\"https:\\\/\\\/www.mexicanguitarplayers.com\\\/#\\\/schema\\\/logo\\\/image\\\/\"}}]}<\/script>\n<!-- \/ Yoast SEO plugin. -->","yoast_head_json":{"title":"Informaci\u00f3n de Env\u00edo - Mexican Guitar Players","description":"Nos hemos enfocado en asegurar que los art\u00edculos sean entregados a nuestros clientes lo m\u00e1s pronto posible. Normalmente, recibir\u00e1s tu orden en 6-13 d\u00edas","robots":{"index":"index","follow":"follow","max-snippet":"max-snippet:-1","max-image-preview":"max-image-preview:large","max-video-preview":"max-video-preview:-1"},"canonical":"https:\/\/www.mexicanguitarplayers.com\/en\/informacion-de-envio\/","og_locale":"en_US","og_type":"article","og_title":"Informaci\u00f3n de Env\u00edo - Mexican Guitar Players","og_description":"Nos hemos enfocado en asegurar que los art\u00edculos sean entregados a nuestros clientes lo m\u00e1s pronto posible. Normalmente, recibir\u00e1s tu orden en 6-13 d\u00edas","og_url":"https:\/\/www.mexicanguitarplayers.com\/en\/informacion-de-envio\/","og_site_name":"Mexican Guitar Players","article_modified_time":"2021-03-25T17:19:30+00:00","og_image":[{"url":"http:\/\/mexicanguitarplayers.com\/wp-content\/uploads\/2021\/03\/icon-1.jpg","type":"","width":"","height":""}],"twitter_card":"summary_large_image","twitter_misc":{"Est. reading time":"3 minutes"},"schema":{"@context":"https:\/\/schema.org","@graph":[{"@type":"WebPage","@id":"https:\/\/www.mexicanguitarplayers.com\/informacion-de-envio\/","url":"https:\/\/www.mexicanguitarplayers.com\/informacion-de-envio\/","name":"Informaci\u00f3n de Env\u00edo - Mexican Guitar Players","isPartOf":{"@id":"https:\/\/www.mexicanguitarplayers.com\/#website"},"primaryImageOfPage":{"@id":"https:\/\/www.mexicanguitarplayers.com\/informacion-de-envio\/#primaryimage"},"image":{"@id":"https:\/\/www.mexicanguitarplayers.com\/informacion-de-envio\/#primaryimage"},"thumbnailUrl":"http:\/\/mexicanguitarplayers.com\/wp-content\/uploads\/2021\/03\/icon-1.jpg","datePublished":"2021-03-22T15:55:07+00:00","dateModified":"2021-03-25T17:19:30+00:00","description":"Nos hemos enfocado en asegurar que los art\u00edculos sean entregados a nuestros clientes lo m\u00e1s pronto posible. Normalmente, recibir\u00e1s tu orden en 6-13 d\u00edas","breadcrumb":{"@id":"https:\/\/www.mexicanguitarplayers.com\/informacion-de-envio\/#breadcrumb"},"inLanguage":"en-US","potentialAction":[{"@type":"ReadAction","target":["https:\/\/www.mexicanguitarplayers.com\/informacion-de-envio\/"]}]},{"@type":"ImageObject","inLanguage":"en-US","@id":"https:\/\/www.mexicanguitarplayers.com\/informacion-de-envio\/#primaryimage","url":"http:\/\/mexicanguitarplayers.com\/wp-content\/uploads\/2021\/03\/icon-1.jpg","contentUrl":"http:\/\/mexicanguitarplayers.com\/wp-content\/uploads\/2021\/03\/icon-1.jpg"},{"@type":"BreadcrumbList","@id":"https:\/\/www.mexicanguitarplayers.com\/informacion-de-envio\/#breadcrumb","itemListElement":[{"@type":"ListItem","position":1,"name":"Portada","item":"https:\/\/www.mexicanguitarplayers.com\/"},{"@type":"ListItem","position":2,"name":"Informaci\u00f3n de Env\u00edo"}]},{"@type":"WebSite","@id":"https:\/\/www.mexicanguitarplayers.com\/#website","url":"https:\/\/www.mexicanguitarplayers.com\/","name":"Mexican Guitar Players","description":"Website","publisher":{"@id":"https:\/\/www.mexicanguitarplayers.com\/#organization"},"potentialAction":[{"@type":"SearchAction","target":{"@type":"EntryPoint","urlTemplate":"https:\/\/www.mexicanguitarplayers.com\/?s={search_term_string}"},"query-input":{"@type":"PropertyValueSpecification","valueRequired":true,"valueName":"search_term_string"}}],"inLanguage":"en-US"},{"@type":"Organization","@id":"https:\/\/www.mexicanguitarplayers.com\/#organization","name":"Mexican Guitar Players","url":"https:\/\/www.mexicanguitarplayers.com\/","logo":{"@type":"ImageObject","inLanguage":"en-US","@id":"https:\/\/www.mexicanguitarplayers.com\/#\/schema\/logo\/image\/","url":"","contentUrl":"","caption":"Mexican Guitar Players"},"image":{"@id":"https:\/\/www.mexicanguitarplayers.com\/#\/schema\/logo\/image\/"}}]}},"_links":{"self":[{"href":"https:\/\/www.mexicanguitarplayers.com\/en\/wp-json\/wp\/v2\/pages\/6764","targetHints":{"allow":["GET"]}}],"collection":[{"href":"https:\/\/www.mexicanguitarplayers.com\/en\/wp-json\/wp\/v2\/pages"}],"about":[{"href":"https:\/\/www.mexicanguitarplayers.com\/en\/wp-json\/wp\/v2\/types\/page"}],"author":[{"embeddable":true,"href":"https:\/\/www.mexicanguitarplayers.com\/en\/wp-json\/wp\/v2\/users\/65"}],"replies":[{"embeddable":true,"href":"https:\/\/www.mexicanguitarplayers.com\/en\/wp-json\/wp\/v2\/comments?post=6764"}],"version-history":[{"count":0,"href":"https:\/\/www.mexicanguitarplayers.com\/en\/wp-json\/wp\/v2\/pages\/6764\/revisions"}],"wp:attachment":[{"href":"https:\/\/www.mexicanguitarplayers.com\/en\/wp-json\/wp\/v2\/media?parent=6764"}],"curies":[{"name":"wp","href":"https:\/\/api.w.org\/{rel}","templated":true}]}}