{"id":72,"date":"2021-01-22T16:30:34","date_gmt":"2021-01-22T22:30:34","guid":{"rendered":"http:\/\/mexicanguitarplayers.com\/?page_id=72"},"modified":"2023-01-20T19:52:23","modified_gmt":"2023-01-21T01:52:23","slug":"contacto","status":"publish","type":"page","link":"https:\/\/www.mexicanguitarplayers.com\/en\/contacto\/","title":{"rendered":"Contact"},"content":{"rendered":"<p>DO YOU WANT SOMETHING HELP? WE WOULD LOVE TO HEAR FROM YOU!<\/p>\n\n\n<style>.wp-block-kadence-spacer.kt-block-spacer-_353d4f-19 .kt-block-spacer{height:60px;}.wp-block-kadence-spacer.kt-block-spacer-_353d4f-19 .kt-divider{border-top-width:1px;height:1px;border-top-color:#ffb606;width:80%;border-top-style:solid;}<\/style>\n<div class=\"wp-block-kadence-spacer aligncenter kt-block-spacer-_353d4f-19\"><div class=\"kt-block-spacer kt-block-spacer-halign-center\"><hr class=\"kt-divider\"\/><\/div><\/div>\n\n\n\n<h2 class=\"wp-block-heading\">Support center<\/h2>\n\n\n\n<p><strong>Haven&#039;t found what you&#039;re looking for? We are here to help you!<\/strong><\/p>\n\n\n\n<p>Please feel free to contact us via our online form to reach our support department.<\/p>\n\n\n\n<div class=\"wpcf7 no-js\" id=\"wpcf7-f20-o1\" lang=\"es-ES\" dir=\"ltr\" data-wpcf7-id=\"20\">\n<div class=\"screen-reader-response\"><p role=\"status\" aria-live=\"polite\" aria-atomic=\"true\"><\/p> <ul><\/ul><\/div>\n<form action=\"\/en\/wp-json\/wp\/v2\/pages\/72#wpcf7-f20-o1\" method=\"post\" class=\"wpcf7-form init\" aria-label=\"Formulario de contacto\" novalidate=\"novalidate\" data-status=\"init\" data-trp-original-action=\"\/en\/wp-json\/wp\/v2\/pages\/72#wpcf7-f20-o1\">\n<fieldset class=\"hidden-fields-container\"><input type=\"hidden\" name=\"_wpcf7\" value=\"20\" \/><input type=\"hidden\" name=\"_wpcf7_version\" value=\"6.1.5\" \/><input type=\"hidden\" name=\"_wpcf7_locale\" value=\"es_ES\" \/><input type=\"hidden\" name=\"_wpcf7_unit_tag\" value=\"wpcf7-f20-o1\" \/><input type=\"hidden\" name=\"_wpcf7_container_post\" value=\"0\" \/><input type=\"hidden\" name=\"_wpcf7_posted_data_hash\" value=\"\" \/><input type=\"hidden\" name=\"_wpcf7_recaptcha_response\" value=\"\" \/>\n<\/fieldset>\n<p><label> Your name<br \/>\n<span class=\"wpcf7-form-control-wrap\" data-name=\"your-name\"><input size=\"40\" maxlength=\"400\" class=\"wpcf7-form-control wpcf7-text wpcf7-validates-as-required\" aria-required=\"true\" aria-invalid=\"false\" value=\"\" type=\"text\" name=\"your-name\" \/><\/span> <\/label>\n<\/p>\n<p><label> your e-mail<br \/>\n<span class=\"wpcf7-form-control-wrap\" data-name=\"your-email\"><input size=\"40\" maxlength=\"400\" class=\"wpcf7-form-control wpcf7-email wpcf7-validates-as-required wpcf7-text wpcf7-validates-as-email\" aria-required=\"true\" aria-invalid=\"false\" value=\"\" type=\"email\" name=\"your-email\" \/><\/span> <\/label>\n<\/p>\n<p><label> Affair<br \/>\n<span class=\"wpcf7-form-control-wrap\" data-name=\"your-subject\"><input size=\"40\" maxlength=\"400\" class=\"wpcf7-form-control wpcf7-text wpcf7-validates-as-required\" aria-required=\"true\" aria-invalid=\"false\" value=\"\" type=\"text\" name=\"your-subject\" \/><\/span> <\/label>\n<\/p>\n<p><label> Your message (optional)<br \/>\n<span class=\"wpcf7-form-control-wrap\" data-name=\"your-message\"><textarea cols=\"40\" rows=\"10\" maxlength=\"2000\" class=\"wpcf7-form-control wpcf7-textarea\" aria-invalid=\"false\" name=\"your-message\"><\/textarea><\/span> <\/label>\n<\/p>\n<span class=\"wpcf7-form-control-wrap recaptcha\" data-name=\"recaptcha\"><span data-sitekey=\"6Lf99rUiAAAAAOGdGdqhNgCBGm5iCvoJtnOFaRGq\" class=\"wpcf7-form-control wpcf7-recaptcha g-recaptcha\"><\/span>\r\n<noscript>\r\n\t<div class=\"grecaptcha-noscript\">\r\n\t\t<iframe src=\"https:\/\/www.google.com\/recaptcha\/api\/fallback?k=6Lf99rUiAAAAAOGdGdqhNgCBGm5iCvoJtnOFaRGq\" frameborder=\"0\" scrolling=\"no\" width=\"310\" height=\"430\">\r\n\t\t<\/iframe>\r\n\t\t<textarea name=\"g-recaptcha-response\" rows=\"3\" cols=\"40\" placeholder=\"Aqu\u00ed la respuesta de reCAPTCHA\">\r\n\t\t<\/textarea>\r\n\t<\/div>\r\n<\/noscript>\r\n<\/span>\n<p><input class=\"wpcf7-form-control wpcf7-submit has-spinner\" type=\"submit\" value=\"Send\" \/>\n<\/p><div class=\"wpcf7-response-output\" aria-hidden=\"true\"><\/div>\n<input type=\"hidden\" name=\"trp-form-language\" value=\"en\"\/><\/form>\n<\/div>\n\n\n\n<style>.wp-block-kadence-spacer.kt-block-spacer-_9b682f-11 .kt-block-spacer{height:60px;}.wp-block-kadence-spacer.kt-block-spacer-_9b682f-11 .kt-divider{border-top-width:1px;height:1px;border-top-color:#ffb606;width:80%;border-top-style:solid;}<\/style>\n<div class=\"wp-block-kadence-spacer aligncenter kt-block-spacer-_9b682f-11\"><div class=\"kt-block-spacer kt-block-spacer-halign-center\"><hr class=\"kt-divider\"\/><\/div><\/div>\n\n\n\n<h2 class=\"wp-block-heading\">Customer service<\/h2>\n\n\n\n<div class=\"wp-block-columns is-layout-flex wp-container-core-columns-is-layout-9d6595d7 wp-block-columns-is-layout-flex\">\n<div class=\"wp-block-column is-layout-flow wp-block-column-is-layout-flow\"><style>.wp-block-kadence-column.kb-section-dir-horizontal > .kt-inside-inner-col > #kt-info-box_f1d2b2-2a .kt-blocks-info-box-link-wrap{max-width:unset;}#kt-info-box_f1d2b2-2a .kt-blocks-info-box-link-wrap{border-color:#007185;border-radius:3px;border-top-width:2px;border-right-width:2px;border-bottom-width:2px;border-left-width:2px;background:#ffffff;padding-top:24px;padding-right:24px;padding-bottom:24px;padding-left:24px;margin-top:50px;}#kt-info-box_f1d2b2-2a .kt-blocks-info-box-link-wrap:hover{border-color:#ffb606;background:#ffffff;}#kt-info-box_f1d2b2-2a .kadence-info-box-icon-container .kt-info-svg-icon, #kt-info-box_f1d2b2-2a .kt-info-svg-icon-flip, #kt-info-box_f1d2b2-2a .kt-blocks-info-box-number{font-size:50px;}#kt-info-box_f1d2b2-2a .kt-blocks-info-box-media{color:#2a9934;background:#ffffff;border-color:#007185;border-radius:200px;overflow:hidden;border-top-width:2px;border-right-width:2px;border-bottom-width:2px;border-left-width:2px;padding-top:20px;padding-right:20px;padding-bottom:20px;padding-left:20px;}#kt-info-box_f1d2b2-2a .kt-blocks-info-box-media-container{margin-top:-75px;margin-right:0px;margin-bottom:20px;margin-left:0px;}#kt-info-box_f1d2b2-2a .kt-blocks-info-box-media .kadence-info-box-image-intrisic img{border-radius:200px;}#kt-info-box_f1d2b2-2a .kt-blocks-info-box-link-wrap:hover .kt-blocks-info-box-media{color:#2a9934;background:#ffffff;border-color:#ffb606;}#kt-info-box_f1d2b2-2a .kt-infobox-textcontent h2.kt-blocks-info-box-title{color:#000;padding-top:0px;padding-right:0px;padding-bottom:0px;padding-left:0px;margin-top:5px;margin-right:0px;margin-bottom:10px;margin-left:0px;}#kt-info-box_f1d2b2-2a .kt-blocks-info-box-learnmore{background:transparent;border-width:0px 0px 0px 0px;padding-top:4px;padding-right:8px;padding-bottom:4px;padding-left:8px;margin-top:10px;margin-right:0px;margin-bottom:10px;margin-left:0px;}<\/style>\n<div id=\"kt-info-box_f1d2b2-2a\" class=\"wp-block-kadence-infobox\"><a class=\"kt-blocks-info-box-link-wrap info-box-link kt-blocks-info-box-media-align-top kt-info-halign-center\" target=\"_blank\" rel=\"noopener noreferrer\" href=\"tel:+523314702379\"><div class=\"kt-blocks-info-box-media-container\"><div class=\"kt-blocks-info-box-media kt-info-media-animate-none\"><div class=\"kadence-info-box-icon-container kt-info-icon-animate-none\"><div class=\"kadence-info-box-icon-inner-container\"><span style=\"display:block;justify-content:center;align-items:center\" class=\"kt-info-svg-icon kt-info-svg-icon-fe_phone\"><svg style=\"display:inline-block;vertical-align:middle\" viewbox=\"0 0 24 24\" height=\"50\" width=\"50\" fill=\"none\" stroke=\"currentColor\" xmlns=\"http:\/\/www.w3.org\/2000\/svg\" stroke-width=\"2\" stroke-linecap=\"round\" stroke-linejoin=\"round\" aria-hidden=\"true\"><path d=\"M22 16.92v3a2 2 0 0 1-2.18 2 19.79 19.79 0 0 1-8.63-3.07 19.5 19.5 0 0 1-6-6 19.79 19.79 0 0 1-3.07-8.67A2 2 0 0 1 4.11 2h3a2 2 0 0 1 2 1.72 12.84 12.84 0 0 0 .7 2.81 2 2 0 0 1-.45 2.11L8.09 9.91a16 16 0 0 0 6 6l1.27-1.27a2 2 0 0 1 2.11-.45 12.84 12.84 0 0 0 2.81.7A2 2 0 0 1 22 16.92z\"><\/path><\/svg><\/span><\/div><\/div><\/div><\/div><div class=\"kt-infobox-textcontent\"><h2 class=\"kt-blocks-info-box-title\">Phone:<\/h2><p class=\"kt-blocks-info-box-text\">+52 (33) 1470 2379<\/p><\/div><\/a><\/div>\n<\/div>\n\n\n\n<div class=\"wp-block-column is-layout-flow wp-block-column-is-layout-flow\"><style>.wp-block-kadence-column.kb-section-dir-horizontal > .kt-inside-inner-col > #kt-info-box_e6f014-49 .kt-blocks-info-box-link-wrap{max-width:unset;}#kt-info-box_e6f014-49 .kt-blocks-info-box-link-wrap{border-color:#007185;border-radius:3px;border-top-width:2px;border-right-width:2px;border-bottom-width:2px;border-left-width:2px;background:#ffffff;padding-top:24px;padding-right:24px;padding-bottom:24px;padding-left:24px;margin-top:50px;}#kt-info-box_e6f014-49 .kt-blocks-info-box-link-wrap:hover{border-color:#ffb606;background:#ffffff;}#kt-info-box_e6f014-49 .kadence-info-box-icon-container .kt-info-svg-icon, #kt-info-box_e6f014-49 .kt-info-svg-icon-flip, #kt-info-box_e6f014-49 .kt-blocks-info-box-number{font-size:50px;}#kt-info-box_e6f014-49 .kt-blocks-info-box-media{color:#2a9934;background:#ffffff;border-color:#007185;border-radius:200px;overflow:hidden;border-top-width:2px;border-right-width:2px;border-bottom-width:2px;border-left-width:2px;padding-top:20px;padding-right:20px;padding-bottom:20px;padding-left:20px;}#kt-info-box_e6f014-49 .kt-blocks-info-box-media-container{margin-top:-75px;margin-right:0px;margin-bottom:20px;margin-left:0px;}#kt-info-box_e6f014-49 .kt-blocks-info-box-media .kadence-info-box-image-intrisic img{border-radius:200px;}#kt-info-box_e6f014-49 .kt-blocks-info-box-link-wrap:hover .kt-blocks-info-box-media{color:#2a9934;background:#ffffff;border-color:#ffb606;}#kt-info-box_e6f014-49 .kt-infobox-textcontent h2.kt-blocks-info-box-title{color:#000;padding-top:0px;padding-right:0px;padding-bottom:0px;padding-left:0px;margin-top:5px;margin-right:0px;margin-bottom:10px;margin-left:0px;}#kt-info-box_e6f014-49 .kt-blocks-info-box-learnmore{background:transparent;border-width:0px 0px 0px 0px;padding-top:4px;padding-right:8px;padding-bottom:4px;padding-left:8px;margin-top:10px;margin-right:0px;margin-bottom:10px;margin-left:0px;}<\/style>\n<div id=\"kt-info-box_e6f014-49\" class=\"wp-block-kadence-infobox\"><a class=\"kt-blocks-info-box-link-wrap info-box-link kt-blocks-info-box-media-align-top kt-info-halign-center\" target=\"_blank\" rel=\"noopener noreferrer\" href=\"https:\/\/api.whatsapp.com\/send?phone=523314702379\"><div class=\"kt-blocks-info-box-media-container\"><div class=\"kt-blocks-info-box-media kt-info-media-animate-none\"><div class=\"kadence-info-box-icon-container kt-info-icon-animate-none\"><div class=\"kadence-info-box-icon-inner-container\"><span style=\"display:block;justify-content:center;align-items:center\" class=\"kt-info-svg-icon kt-info-svg-icon-fa_whatsapp\"><svg style=\"display:inline-block;vertical-align:middle\" viewbox=\"0 0 448 512\" height=\"50\" width=\"50\" fill=\"currentColor\" xmlns=\"http:\/\/www.w3.org\/2000\/svg\" preserveaspectratio=\"xMinYMin meet\" aria-hidden=\"true\"><path d=\"M380.9 97.1C339 55.1 283.2 32 223.9 32c-122.4 0-222 99.6-222 222 0 39.1 10.2 77.3 29.6 111L0 480l117.7-30.9c32.4 17.7 68.9 27 106.1 27h.1c122.3 0 224.1-99.6 224.1-222 0-59.3-25.2-115-67.1-157zm-157 341.6c-33.2 0-65.7-8.9-94-25.7l-6.7-4-69.8 18.3L72 359.2l-4.4-7c-18.5-29.4-28.2-63.3-28.2-98.2 0-101.7 82.8-184.5 184.6-184.5 49.3 0 95.6 19.2 130.4 54.1 34.8 34.9 56.2 81.2 56.1 130.5 0 101.8-84.9 184.6-186.6 184.6zm101.2-138.2c-5.5-2.8-32.8-16.2-37.9-18-5.1-1.9-8.8-2.8-12.5 2.8-3.7 5.6-14.3 18-17.6 21.8-3.2 3.7-6.5 4.2-12 1.4-32.6-16.3-54-29.1-75.5-66-5.7-9.8 5.7-9.1 16.3-30.3 1.8-3.7.9-6.9-.5-9.7-1.4-2.8-12.5-30.1-17.1-41.2-4.5-10.8-9.1-9.3-12.5-9.5-3.2-.2-6.9-.2-10.6-.2-3.7 0-9.7 1.4-14.8 6.9-5.1 5.6-19.4 19-19.4 46.3 0 27.3 19.9 53.7 22.6 57.4 2.8 3.7 39.1 59.7 94.8 83.8 35.2 15.2 49 16.5 66.6 13.9 10.7-1.6 32.8-13.4 37.4-26.4 4.6-13 4.6-24.1 3.2-26.4-1.3-2.5-5-3.9-10.5-6.6z\"><\/path><\/svg><\/span><\/div><\/div><\/div><\/div><div class=\"kt-infobox-textcontent\"><h2 class=\"kt-blocks-info-box-title\">Whatsapp:<\/h2><p class=\"kt-blocks-info-box-text\">+52 (33) 1470 2379<\/p><\/div><\/a><\/div>\n<\/div>\n\n\n\n<div class=\"wp-block-column is-layout-flow wp-block-column-is-layout-flow\"><style>.wp-block-kadence-column.kb-section-dir-horizontal > .kt-inside-inner-col > #kt-info-box_cf3fb0-80 .kt-blocks-info-box-link-wrap{max-width:unset;}#kt-info-box_cf3fb0-80 .kt-blocks-info-box-link-wrap{border-color:#007185;border-radius:3px;border-top-width:2px;border-right-width:2px;border-bottom-width:2px;border-left-width:2px;background:#ffffff;padding-top:24px;padding-right:24px;padding-bottom:24px;padding-left:24px;margin-top:50px;}#kt-info-box_cf3fb0-80 .kt-blocks-info-box-link-wrap:hover{border-color:#ffb606;background:#ffffff;}#kt-info-box_cf3fb0-80 .kadence-info-box-icon-container .kt-info-svg-icon, #kt-info-box_cf3fb0-80 .kt-info-svg-icon-flip, #kt-info-box_cf3fb0-80 .kt-blocks-info-box-number{font-size:50px;}#kt-info-box_cf3fb0-80 .kt-blocks-info-box-media{color:#2a9934;background:#ffffff;border-color:#007185;border-radius:200px;overflow:hidden;border-top-width:2px;border-right-width:2px;border-bottom-width:2px;border-left-width:2px;padding-top:20px;padding-right:20px;padding-bottom:20px;padding-left:20px;}#kt-info-box_cf3fb0-80 .kt-blocks-info-box-media-container{margin-top:-75px;margin-right:0px;margin-bottom:20px;margin-left:0px;}#kt-info-box_cf3fb0-80 .kt-blocks-info-box-media .kadence-info-box-image-intrisic img{border-radius:200px;}#kt-info-box_cf3fb0-80 .kt-blocks-info-box-link-wrap:hover .kt-blocks-info-box-media{color:#2a9934;background:#ffffff;border-color:#ffb606;}#kt-info-box_cf3fb0-80 .kt-infobox-textcontent h2.kt-blocks-info-box-title{color:#000;padding-top:0px;padding-right:0px;padding-bottom:0px;padding-left:0px;margin-top:5px;margin-right:0px;margin-bottom:10px;margin-left:0px;}#kt-info-box_cf3fb0-80 .kt-blocks-info-box-learnmore{background:transparent;border-width:0px 0px 0px 0px;padding-top:4px;padding-right:8px;padding-bottom:4px;padding-left:8px;margin-top:10px;margin-right:0px;margin-bottom:10px;margin-left:0px;}<\/style>\n<div id=\"kt-info-box_cf3fb0-80\" class=\"wp-block-kadence-infobox\"><a class=\"kt-blocks-info-box-link-wrap info-box-link kt-blocks-info-box-media-align-top kt-info-halign-center\" target=\"_blank\" rel=\"noopener noreferrer\" href=\"mailto:ventas@mexicanguitarplayers.com\"><div class=\"kt-blocks-info-box-media-container\"><div class=\"kt-blocks-info-box-media kt-info-media-animate-none\"><div class=\"kadence-info-box-icon-container kt-info-icon-animate-none\"><div class=\"kadence-info-box-icon-inner-container\"><span style=\"display:block;justify-content:center;align-items:center\" class=\"kt-info-svg-icon kt-info-svg-icon-fe_mail\"><svg style=\"display:inline-block;vertical-align:middle\" viewbox=\"0 0 24 24\" height=\"50\" width=\"50\" fill=\"none\" stroke=\"currentColor\" xmlns=\"http:\/\/www.w3.org\/2000\/svg\" stroke-width=\"2\" stroke-linecap=\"round\" stroke-linejoin=\"round\" aria-hidden=\"true\"><path d=\"M4 4h16c1.1 0 2 .9 2 2v12c0 1.1-.9 2-2 2H4c-1.1 0-2-.9-2-2V6c0-1.1.9-2 2-2z\"><\/path><polyline points=\"22,6 12,13 2,6\"><\/polyline><\/svg><\/span><\/div><\/div><\/div><\/div><div class=\"kt-infobox-textcontent\"><h2 class=\"kt-blocks-info-box-title\">E-mail:<\/h2><p class=\"kt-blocks-info-box-text\">ventas@mexicanguitarplayers.com<\/p><\/div><\/a><\/div>\n<\/div>\n<\/div>\n\n\n<style>.wp-block-kadence-spacer.kt-block-spacer-_5cbcad-bb .kt-block-spacer{height:60px;}.wp-block-kadence-spacer.kt-block-spacer-_5cbcad-bb .kt-divider{border-top-width:1px;height:1px;border-top-color:#ffb606;width:80%;border-top-style:solid;}<\/style>\n<div class=\"wp-block-kadence-spacer aligncenter kt-block-spacer-_5cbcad-bb\"><div class=\"kt-block-spacer kt-block-spacer-halign-center\"><hr class=\"kt-divider\"\/><\/div><\/div>\n\n\n\n<h2 class=\"wp-block-heading\">Company information<\/h2>\n\n\n<div class=\"wp-block-image\">\n<figure class=\"aligncenter size-full\"><img decoding=\"async\" width=\"150\" height=\"151\" src=\"https:\/\/www.mexicanguitarplayers.com\/wp-content\/uploads\/2021\/03\/MGP-Logo-Circ-Bk-150.png\" alt=\"MXGP - Mexican Guitar Players\" class=\"wp-image-5739\" srcset=\"https:\/\/www.mexicanguitarplayers.com\/wp-content\/uploads\/2021\/03\/MGP-Logo-Circ-Bk-150.png 150w, https:\/\/www.mexicanguitarplayers.com\/wp-content\/uploads\/2021\/03\/MGP-Logo-Circ-Bk-150-100x100.png 100w\" sizes=\"(max-width: 150px) 100vw, 150px\" \/><\/figure>\n<\/div>\n\n\n<p class=\"has-text-align-center\">MXGP - Mexican Guitar Players<\/p>\n\n\n\n<p>RICARDO ZERME\u00d1O 1330, PASEOS DEL SOL, ZAPOPAN, JALISCO. 45079 MEXICO. (Please note this is NOT a return address).<\/p>\n\n\n<style>.wp-block-kadence-spacer.kt-block-spacer-_845856-bc .kt-block-spacer{height:60px;}.wp-block-kadence-spacer.kt-block-spacer-_845856-bc .kt-divider{border-top-width:1px;height:1px;border-top-color:#ffb606;width:80%;border-top-style:solid;}<\/style>\n<div class=\"wp-block-kadence-spacer aligncenter kt-block-spacer-_845856-bc\"><div class=\"kt-block-spacer kt-block-spacer-halign-center\"><hr class=\"kt-divider\"\/><\/div><\/div>","protected":false},"excerpt":{"rendered":"<p>\u00bfQUIERE ALGO DE AYUDA? \u00a1NOS ENCANTAR\u00cdA ESCUCHARLE! Centro de Soporte \u00bfNo ha encontrado lo que est\u00e1 buscando? \u00a1Estamos aqu\u00ed para ayudarle! Por favor, si\u00e9ntase libre de contactarnos a trav\u00e9s de nuestro formulario en l\u00ednea para comunicarse con nuestro departamento de &hellip; <a class=\"kt-excerpt-readmore more-link\" href=\"https:\/\/www.mexicanguitarplayers.com\/en\/contacto\/\">Read more<\/a><\/p>","protected":false},"author":65,"featured_media":0,"parent":0,"menu_order":0,"comment_status":"closed","ping_status":"closed","template":"","meta":{"kt_blocks_editor_width":"","footnotes":""},"class_list":["post-72","page","type-page","status-publish","hentry"],"yoast_head":"<!-- This site is optimized with the Yoast SEO plugin v27.3 - https:\/\/yoast.com\/product\/yoast-seo-wordpress\/ -->\n<title>Contacto - Mexican Guitar Players<\/title>\n<meta name=\"description\" content=\"\u00bfQUIERE ALGO DE AYUDA? \u00a1NOS ENCANTAR\u00cdA ESCUCHARLE! Centro de Soporte \u00bfNo ha encontrado lo que est\u00e1 buscando? \u00a1Estamos aqu\u00ed para ayudarle! Por favor,\" \/>\n<meta name=\"robots\" content=\"index, follow, max-snippet:-1, max-image-preview:large, max-video-preview:-1\" \/>\n<link rel=\"canonical\" href=\"https:\/\/www.mexicanguitarplayers.com\/en\/contacto\/\" \/>\n<meta property=\"og:locale\" content=\"en_US\" \/>\n<meta property=\"og:type\" content=\"article\" \/>\n<meta property=\"og:title\" content=\"Contacto - Mexican Guitar Players\" \/>\n<meta property=\"og:description\" content=\"\u00bfQUIERE ALGO DE AYUDA? \u00a1NOS ENCANTAR\u00cdA ESCUCHARLE! Centro de Soporte \u00bfNo ha encontrado lo que est\u00e1 buscando? \u00a1Estamos aqu\u00ed para ayudarle! Por favor,\" \/>\n<meta property=\"og:url\" content=\"https:\/\/www.mexicanguitarplayers.com\/en\/contacto\/\" \/>\n<meta property=\"og:site_name\" content=\"Mexican Guitar Players\" \/>\n<meta property=\"article:modified_time\" content=\"2023-01-21T01:52:23+00:00\" \/>\n<meta property=\"og:image\" content=\"https:\/\/www.mexicanguitarplayers.com\/wp-content\/uploads\/2021\/03\/MGP-Logo-Circ-Bk-150.png\" \/>\n<meta name=\"twitter:card\" content=\"summary_large_image\" \/>\n<meta name=\"twitter:label1\" content=\"Est. reading time\" \/>\n\t<meta name=\"twitter:data1\" content=\"1 minute\" \/>\n<script type=\"application\/ld+json\" class=\"yoast-schema-graph\">{\"@context\":\"https:\\\/\\\/schema.org\",\"@graph\":[{\"@type\":\"WebPage\",\"@id\":\"https:\\\/\\\/www.mexicanguitarplayers.com\\\/contacto\\\/\",\"url\":\"https:\\\/\\\/www.mexicanguitarplayers.com\\\/contacto\\\/\",\"name\":\"Contacto - Mexican Guitar Players\",\"isPartOf\":{\"@id\":\"https:\\\/\\\/www.mexicanguitarplayers.com\\\/#website\"},\"primaryImageOfPage\":{\"@id\":\"https:\\\/\\\/www.mexicanguitarplayers.com\\\/contacto\\\/#primaryimage\"},\"image\":{\"@id\":\"https:\\\/\\\/www.mexicanguitarplayers.com\\\/contacto\\\/#primaryimage\"},\"thumbnailUrl\":\"https:\\\/\\\/www.mexicanguitarplayers.com\\\/wp-content\\\/uploads\\\/2021\\\/03\\\/MGP-Logo-Circ-Bk-150.png\",\"datePublished\":\"2021-01-22T22:30:34+00:00\",\"dateModified\":\"2023-01-21T01:52:23+00:00\",\"description\":\"\u00bfQUIERE ALGO DE AYUDA? \u00a1NOS ENCANTAR\u00cdA ESCUCHARLE! Centro de Soporte \u00bfNo ha encontrado lo que est\u00e1 buscando? \u00a1Estamos aqu\u00ed para ayudarle! Por favor,\",\"breadcrumb\":{\"@id\":\"https:\\\/\\\/www.mexicanguitarplayers.com\\\/contacto\\\/#breadcrumb\"},\"inLanguage\":\"en-US\",\"potentialAction\":[{\"@type\":\"ReadAction\",\"target\":[\"https:\\\/\\\/www.mexicanguitarplayers.com\\\/contacto\\\/\"]}]},{\"@type\":\"ImageObject\",\"inLanguage\":\"en-US\",\"@id\":\"https:\\\/\\\/www.mexicanguitarplayers.com\\\/contacto\\\/#primaryimage\",\"url\":\"https:\\\/\\\/www.mexicanguitarplayers.com\\\/wp-content\\\/uploads\\\/2021\\\/03\\\/MGP-Logo-Circ-Bk-150.png\",\"contentUrl\":\"https:\\\/\\\/www.mexicanguitarplayers.com\\\/wp-content\\\/uploads\\\/2021\\\/03\\\/MGP-Logo-Circ-Bk-150.png\"},{\"@type\":\"BreadcrumbList\",\"@id\":\"https:\\\/\\\/www.mexicanguitarplayers.com\\\/contacto\\\/#breadcrumb\",\"itemListElement\":[{\"@type\":\"ListItem\",\"position\":1,\"name\":\"Portada\",\"item\":\"https:\\\/\\\/www.mexicanguitarplayers.com\\\/\"},{\"@type\":\"ListItem\",\"position\":2,\"name\":\"Contacto\"}]},{\"@type\":\"WebSite\",\"@id\":\"https:\\\/\\\/www.mexicanguitarplayers.com\\\/#website\",\"url\":\"https:\\\/\\\/www.mexicanguitarplayers.com\\\/\",\"name\":\"Mexican Guitar Players\",\"description\":\"Website\",\"publisher\":{\"@id\":\"https:\\\/\\\/www.mexicanguitarplayers.com\\\/#organization\"},\"potentialAction\":[{\"@type\":\"SearchAction\",\"target\":{\"@type\":\"EntryPoint\",\"urlTemplate\":\"https:\\\/\\\/www.mexicanguitarplayers.com\\\/?s={search_term_string}\"},\"query-input\":{\"@type\":\"PropertyValueSpecification\",\"valueRequired\":true,\"valueName\":\"search_term_string\"}}],\"inLanguage\":\"en-US\"},{\"@type\":\"Organization\",\"@id\":\"https:\\\/\\\/www.mexicanguitarplayers.com\\\/#organization\",\"name\":\"Mexican Guitar Players\",\"url\":\"https:\\\/\\\/www.mexicanguitarplayers.com\\\/\",\"logo\":{\"@type\":\"ImageObject\",\"inLanguage\":\"en-US\",\"@id\":\"https:\\\/\\\/www.mexicanguitarplayers.com\\\/#\\\/schema\\\/logo\\\/image\\\/\",\"url\":\"\",\"contentUrl\":\"\",\"caption\":\"Mexican Guitar Players\"},\"image\":{\"@id\":\"https:\\\/\\\/www.mexicanguitarplayers.com\\\/#\\\/schema\\\/logo\\\/image\\\/\"}}]}<\/script>\n<!-- \/ Yoast SEO plugin. -->","yoast_head_json":{"title":"Contacto - Mexican Guitar Players","description":"\u00bfQUIERE ALGO DE AYUDA? \u00a1NOS ENCANTAR\u00cdA ESCUCHARLE! Centro de Soporte \u00bfNo ha encontrado lo que est\u00e1 buscando? \u00a1Estamos aqu\u00ed para ayudarle! Por favor,","robots":{"index":"index","follow":"follow","max-snippet":"max-snippet:-1","max-image-preview":"max-image-preview:large","max-video-preview":"max-video-preview:-1"},"canonical":"https:\/\/www.mexicanguitarplayers.com\/en\/contacto\/","og_locale":"en_US","og_type":"article","og_title":"Contacto - Mexican Guitar Players","og_description":"\u00bfQUIERE ALGO DE AYUDA? \u00a1NOS ENCANTAR\u00cdA ESCUCHARLE! Centro de Soporte \u00bfNo ha encontrado lo que est\u00e1 buscando? \u00a1Estamos aqu\u00ed para ayudarle! Por favor,","og_url":"https:\/\/www.mexicanguitarplayers.com\/en\/contacto\/","og_site_name":"Mexican Guitar Players","article_modified_time":"2023-01-21T01:52:23+00:00","og_image":[{"url":"https:\/\/www.mexicanguitarplayers.com\/wp-content\/uploads\/2021\/03\/MGP-Logo-Circ-Bk-150.png","type":"","width":"","height":""}],"twitter_card":"summary_large_image","twitter_misc":{"Est. reading time":"1 minute"},"schema":{"@context":"https:\/\/schema.org","@graph":[{"@type":"WebPage","@id":"https:\/\/www.mexicanguitarplayers.com\/contacto\/","url":"https:\/\/www.mexicanguitarplayers.com\/contacto\/","name":"Contacto - Mexican Guitar Players","isPartOf":{"@id":"https:\/\/www.mexicanguitarplayers.com\/#website"},"primaryImageOfPage":{"@id":"https:\/\/www.mexicanguitarplayers.com\/contacto\/#primaryimage"},"image":{"@id":"https:\/\/www.mexicanguitarplayers.com\/contacto\/#primaryimage"},"thumbnailUrl":"https:\/\/www.mexicanguitarplayers.com\/wp-content\/uploads\/2021\/03\/MGP-Logo-Circ-Bk-150.png","datePublished":"2021-01-22T22:30:34+00:00","dateModified":"2023-01-21T01:52:23+00:00","description":"\u00bfQUIERE ALGO DE AYUDA? \u00a1NOS ENCANTAR\u00cdA ESCUCHARLE! Centro de Soporte \u00bfNo ha encontrado lo que est\u00e1 buscando? \u00a1Estamos aqu\u00ed para ayudarle! Por favor,","breadcrumb":{"@id":"https:\/\/www.mexicanguitarplayers.com\/contacto\/#breadcrumb"},"inLanguage":"en-US","potentialAction":[{"@type":"ReadAction","target":["https:\/\/www.mexicanguitarplayers.com\/contacto\/"]}]},{"@type":"ImageObject","inLanguage":"en-US","@id":"https:\/\/www.mexicanguitarplayers.com\/contacto\/#primaryimage","url":"https:\/\/www.mexicanguitarplayers.com\/wp-content\/uploads\/2021\/03\/MGP-Logo-Circ-Bk-150.png","contentUrl":"https:\/\/www.mexicanguitarplayers.com\/wp-content\/uploads\/2021\/03\/MGP-Logo-Circ-Bk-150.png"},{"@type":"BreadcrumbList","@id":"https:\/\/www.mexicanguitarplayers.com\/contacto\/#breadcrumb","itemListElement":[{"@type":"ListItem","position":1,"name":"Portada","item":"https:\/\/www.mexicanguitarplayers.com\/"},{"@type":"ListItem","position":2,"name":"Contacto"}]},{"@type":"WebSite","@id":"https:\/\/www.mexicanguitarplayers.com\/#website","url":"https:\/\/www.mexicanguitarplayers.com\/","name":"Mexican Guitar Players","description":"Website","publisher":{"@id":"https:\/\/www.mexicanguitarplayers.com\/#organization"},"potentialAction":[{"@type":"SearchAction","target":{"@type":"EntryPoint","urlTemplate":"https:\/\/www.mexicanguitarplayers.com\/?s={search_term_string}"},"query-input":{"@type":"PropertyValueSpecification","valueRequired":true,"valueName":"search_term_string"}}],"inLanguage":"en-US"},{"@type":"Organization","@id":"https:\/\/www.mexicanguitarplayers.com\/#organization","name":"Mexican Guitar Players","url":"https:\/\/www.mexicanguitarplayers.com\/","logo":{"@type":"ImageObject","inLanguage":"en-US","@id":"https:\/\/www.mexicanguitarplayers.com\/#\/schema\/logo\/image\/","url":"","contentUrl":"","caption":"Mexican Guitar Players"},"image":{"@id":"https:\/\/www.mexicanguitarplayers.com\/#\/schema\/logo\/image\/"}}]}},"_links":{"self":[{"href":"https:\/\/www.mexicanguitarplayers.com\/en\/wp-json\/wp\/v2\/pages\/72","targetHints":{"allow":["GET"]}}],"collection":[{"href":"https:\/\/www.mexicanguitarplayers.com\/en\/wp-json\/wp\/v2\/pages"}],"about":[{"href":"https:\/\/www.mexicanguitarplayers.com\/en\/wp-json\/wp\/v2\/types\/page"}],"author":[{"embeddable":true,"href":"https:\/\/www.mexicanguitarplayers.com\/en\/wp-json\/wp\/v2\/users\/65"}],"replies":[{"embeddable":true,"href":"https:\/\/www.mexicanguitarplayers.com\/en\/wp-json\/wp\/v2\/comments?post=72"}],"version-history":[{"count":6,"href":"https:\/\/www.mexicanguitarplayers.com\/en\/wp-json\/wp\/v2\/pages\/72\/revisions"}],"predecessor-version":[{"id":22982,"href":"https:\/\/www.mexicanguitarplayers.com\/en\/wp-json\/wp\/v2\/pages\/72\/revisions\/22982"}],"wp:attachment":[{"href":"https:\/\/www.mexicanguitarplayers.com\/en\/wp-json\/wp\/v2\/media?parent=72"}],"curies":[{"name":"wp","href":"https:\/\/api.w.org\/{rel}","templated":true}]}}