{"id":10198,"date":"2022-08-18T01:39:25","date_gmt":"2022-08-18T06:39:25","guid":{"rendered":"https:\/\/www.mexicanguitarplayers.com\/tienda\/sin%20categor\u00eda\/bongo-meinl-mod-wb200nt-g\/"},"modified":"2026-04-10T01:30:39","modified_gmt":"2026-04-10T07:30:39","slug":"bongo-meinl-mod-wb200nt-g","status":"publish","type":"product","link":"https:\/\/www.mexicanguitarplayers.com\/en\/tienda\/percusiones\/percusiones-mayores\/bongos\/bongo-meinl-mod-wb200nt-g\/","title":{"rendered":"BONGO MEINL MOD. WB200NT-G"},"content":{"rendered":"<div style=\"text-align: justify\">\n<div>\n<h3>BONGO MEINL MOD. WB200NT-G<\/h3>\n<\/div>\n<div>6 3\/4&quot; and 8&quot; Bongo, Hand Selected Buffalo Skin Heads, Crisp Highs and Warm Tones, Easy Tuning, Made from Environmentally Sustainable Siam Oak, Solid Wood Connection, 8mm Tuning Lugs, 2mm rounded SSR hoops, gold hardware, includes accessory bag with oil and adjustment L key.<\/div>\n<\/div>","protected":false},"excerpt":{"rendered":"<p>Bongo de 6 3\/4\u201d y 8\u201d pulgadas, parches de piel de b\u00fafalo seleccionada a mano, agudos n\u00edtidos y tonos c\u00e1lidos, afinaci\u00f3n sencilla, fabricados con roble de Siam ambientalmente sostenible, conexi\u00f3n de madera maciza, lugs de afinaci\u00f3n de 8 mm,aros SSR redondeados de 2 mm, hardware dorado, incluye bolsa de accesorios con llave L de ajuste y aceite.&hellip; <a class=\"kt-excerpt-readmore more-link\" href=\"https:\/\/www.mexicanguitarplayers.com\/en\/tienda\/percusiones\/percusiones-mayores\/bongos\/bongo-meinl-mod-wb200nt-g\/\">Read more<\/a><\/p>","protected":false},"featured_media":10197,"comment_status":"open","ping_status":"closed","template":"","meta":{"kt_blocks_editor_width":""},"pwb-brand":[290],"product_brand":[],"product_cat":[269,208,267],"product_tag":[],"class_list":{"0":"post-10198","1":"product","2":"type-product","3":"status-publish","4":"has-post-thumbnail","6":"pwb-brand-meinl","7":"product_cat-bongos","8":"product_cat-percusiones","9":"product_cat-percusiones-mayores","10":"product_shipping_class-5-10-kg","12":"first","13":"outofstock","14":"taxable","15":"shipping-taxable","16":"purchasable","17":"product-type-simple"},"yoast_head":"<!-- This site is optimized with the Yoast SEO plugin v27.5 - https:\/\/yoast.com\/product\/yoast-seo-wordpress\/ -->\n<title>BONGO MEINL MOD. WB200NT-G - Mexican Guitar Players<\/title>\n<meta name=\"description\" content=\"BONGO MEINL MOD. WB200NT-G. Bongo de 6 3\/4\u201d y 8\u201d pulgadas, parches de piel de b\u00fafalo seleccionada a mano, agudos n\u00edtidos y tonos c\u00e1lidos, afinaci\u00f3n sencilla, fabricados con roble de Siam ambientalmente sostenible, conexi\u00f3n de madera maciza, lugs de afinaci\u00f3n de 8 mm,aros SSR redondeados de 2 mm, hardware dorado, incluye bolsa de accesorios con llave L de ajuste y aceite.\" \/>\n<meta name=\"robots\" content=\"index, follow, max-snippet:-1, max-image-preview:large, max-video-preview:-1\" \/>\n<link rel=\"canonical\" href=\"https:\/\/www.mexicanguitarplayers.com\/en\/tienda\/percusiones\/percusiones-mayores\/bongos\/bongo-meinl-mod-wb200nt-g\/\" \/>\n<meta property=\"og:locale\" content=\"en_US\" \/>\n<meta property=\"og:type\" content=\"article\" \/>\n<meta property=\"og:title\" content=\"BONGO MEINL MOD. WB200NT-G - Mexican Guitar Players\" \/>\n<meta property=\"og:description\" content=\"BONGO MEINL MOD. WB200NT-G. Bongo de 6 3\/4\u201d y 8\u201d pulgadas, parches de piel de b\u00fafalo seleccionada a mano, agudos n\u00edtidos y tonos c\u00e1lidos, afinaci\u00f3n sencilla, fabricados con roble de Siam ambientalmente sostenible, conexi\u00f3n de madera maciza, lugs de afinaci\u00f3n de 8 mm,aros SSR redondeados de 2 mm, hardware dorado, incluye bolsa de accesorios con llave L de ajuste y aceite.\" \/>\n<meta property=\"og:url\" content=\"https:\/\/www.mexicanguitarplayers.com\/en\/tienda\/percusiones\/percusiones-mayores\/bongos\/bongo-meinl-mod-wb200nt-g\/\" \/>\n<meta property=\"og:site_name\" content=\"Mexican Guitar Players\" \/>\n<meta property=\"article:modified_time\" content=\"2026-04-10T07:30:39+00:00\" \/>\n<meta property=\"og:image\" content=\"https:\/\/www.mexicanguitarplayers.com\/wp-content\/uploads\/2022\/08\/IPMEIWB200NTG.jpg\" \/>\n\t<meta property=\"og:image:width\" content=\"1600\" \/>\n\t<meta property=\"og:image:height\" content=\"800\" \/>\n\t<meta property=\"og:image:type\" content=\"image\/jpeg\" \/>\n<meta name=\"twitter:card\" content=\"summary_large_image\" \/>\n<script type=\"application\/ld+json\" class=\"yoast-schema-graph\">{\"@context\":\"https:\\\/\\\/schema.org\",\"@graph\":[{\"@type\":[\"WebPage\",\"ItemPage\"],\"@id\":\"https:\\\/\\\/www.mexicanguitarplayers.com\\\/tienda\\\/percusiones\\\/percusiones-mayores\\\/bongos\\\/bongo-meinl-mod-wb200nt-g\\\/\",\"url\":\"https:\\\/\\\/www.mexicanguitarplayers.com\\\/tienda\\\/percusiones\\\/percusiones-mayores\\\/bongos\\\/bongo-meinl-mod-wb200nt-g\\\/\",\"name\":\"BONGO MEINL MOD. WB200NT-G - Mexican Guitar Players\",\"isPartOf\":{\"@id\":\"https:\\\/\\\/www.mexicanguitarplayers.com\\\/#website\"},\"primaryImageOfPage\":{\"@id\":\"https:\\\/\\\/www.mexicanguitarplayers.com\\\/tienda\\\/percusiones\\\/percusiones-mayores\\\/bongos\\\/bongo-meinl-mod-wb200nt-g\\\/#primaryimage\"},\"image\":{\"@id\":\"https:\\\/\\\/www.mexicanguitarplayers.com\\\/tienda\\\/percusiones\\\/percusiones-mayores\\\/bongos\\\/bongo-meinl-mod-wb200nt-g\\\/#primaryimage\"},\"thumbnailUrl\":\"https:\\\/\\\/www.mexicanguitarplayers.com\\\/wp-content\\\/uploads\\\/2022\\\/08\\\/IPMEIWB200NTG.jpg\",\"datePublished\":\"2022-08-18T06:39:25+00:00\",\"dateModified\":\"2026-04-10T07:30:39+00:00\",\"description\":\"BONGO MEINL MOD. WB200NT-G. Bongo de 6 3\\\/4\u201d y 8\u201d pulgadas, parches de piel de b\u00fafalo seleccionada a mano, agudos n\u00edtidos y tonos c\u00e1lidos, afinaci\u00f3n sencilla, fabricados con roble de Siam ambientalmente sostenible, conexi\u00f3n de madera maciza, lugs de afinaci\u00f3n de 8 mm,aros SSR redondeados de 2 mm, hardware dorado, incluye bolsa de accesorios con llave L de ajuste y aceite.\",\"breadcrumb\":{\"@id\":\"https:\\\/\\\/www.mexicanguitarplayers.com\\\/tienda\\\/percusiones\\\/percusiones-mayores\\\/bongos\\\/bongo-meinl-mod-wb200nt-g\\\/#breadcrumb\"},\"inLanguage\":\"en-US\",\"potentialAction\":[{\"@type\":\"ReadAction\",\"target\":[\"https:\\\/\\\/www.mexicanguitarplayers.com\\\/tienda\\\/percusiones\\\/percusiones-mayores\\\/bongos\\\/bongo-meinl-mod-wb200nt-g\\\/\"]}]},{\"@type\":\"ImageObject\",\"inLanguage\":\"en-US\",\"@id\":\"https:\\\/\\\/www.mexicanguitarplayers.com\\\/tienda\\\/percusiones\\\/percusiones-mayores\\\/bongos\\\/bongo-meinl-mod-wb200nt-g\\\/#primaryimage\",\"url\":\"https:\\\/\\\/www.mexicanguitarplayers.com\\\/wp-content\\\/uploads\\\/2022\\\/08\\\/IPMEIWB200NTG.jpg\",\"contentUrl\":\"https:\\\/\\\/www.mexicanguitarplayers.com\\\/wp-content\\\/uploads\\\/2022\\\/08\\\/IPMEIWB200NTG.jpg\",\"width\":1600,\"height\":800},{\"@type\":\"BreadcrumbList\",\"@id\":\"https:\\\/\\\/www.mexicanguitarplayers.com\\\/tienda\\\/percusiones\\\/percusiones-mayores\\\/bongos\\\/bongo-meinl-mod-wb200nt-g\\\/#breadcrumb\",\"itemListElement\":[{\"@type\":\"ListItem\",\"position\":1,\"name\":\"Portada\",\"item\":\"https:\\\/\\\/www.mexicanguitarplayers.com\\\/\"},{\"@type\":\"ListItem\",\"position\":2,\"name\":\"Tienda\",\"item\":\"https:\\\/\\\/www.mexicanguitarplayers.com\\\/tienda\\\/\"},{\"@type\":\"ListItem\",\"position\":3,\"name\":\"BONGO MEINL MOD. WB200NT-G\"}]},{\"@type\":\"WebSite\",\"@id\":\"https:\\\/\\\/www.mexicanguitarplayers.com\\\/#website\",\"url\":\"https:\\\/\\\/www.mexicanguitarplayers.com\\\/\",\"name\":\"Mexican Guitar Players\",\"description\":\"Website\",\"publisher\":{\"@id\":\"https:\\\/\\\/www.mexicanguitarplayers.com\\\/#organization\"},\"potentialAction\":[{\"@type\":\"SearchAction\",\"target\":{\"@type\":\"EntryPoint\",\"urlTemplate\":\"https:\\\/\\\/www.mexicanguitarplayers.com\\\/?s={search_term_string}\"},\"query-input\":{\"@type\":\"PropertyValueSpecification\",\"valueRequired\":true,\"valueName\":\"search_term_string\"}}],\"inLanguage\":\"en-US\"},{\"@type\":\"Organization\",\"@id\":\"https:\\\/\\\/www.mexicanguitarplayers.com\\\/#organization\",\"name\":\"Mexican Guitar Players\",\"url\":\"https:\\\/\\\/www.mexicanguitarplayers.com\\\/\",\"logo\":{\"@type\":\"ImageObject\",\"inLanguage\":\"en-US\",\"@id\":\"https:\\\/\\\/www.mexicanguitarplayers.com\\\/#\\\/schema\\\/logo\\\/image\\\/\",\"url\":\"\",\"contentUrl\":\"\",\"caption\":\"Mexican Guitar Players\"},\"image\":{\"@id\":\"https:\\\/\\\/www.mexicanguitarplayers.com\\\/#\\\/schema\\\/logo\\\/image\\\/\"}}]}<\/script>\n<!-- \/ Yoast SEO plugin. -->","yoast_head_json":{"title":"BONGO MEINL MOD. WB200NT-G - Mexican Guitar Players","description":"BONGO MEINL MOD. WB200NT-G. Bongo de 6 3\/4\u201d y 8\u201d pulgadas, parches de piel de b\u00fafalo seleccionada a mano, agudos n\u00edtidos y tonos c\u00e1lidos, afinaci\u00f3n sencilla, fabricados con roble de Siam ambientalmente sostenible, conexi\u00f3n de madera maciza, lugs de afinaci\u00f3n de 8 mm,aros SSR redondeados de 2 mm, hardware dorado, incluye bolsa de accesorios con llave L de ajuste y aceite.","robots":{"index":"index","follow":"follow","max-snippet":"max-snippet:-1","max-image-preview":"max-image-preview:large","max-video-preview":"max-video-preview:-1"},"canonical":"https:\/\/www.mexicanguitarplayers.com\/en\/tienda\/percusiones\/percusiones-mayores\/bongos\/bongo-meinl-mod-wb200nt-g\/","og_locale":"en_US","og_type":"article","og_title":"BONGO MEINL MOD. WB200NT-G - Mexican Guitar Players","og_description":"BONGO MEINL MOD. WB200NT-G. Bongo de 6 3\/4\u201d y 8\u201d pulgadas, parches de piel de b\u00fafalo seleccionada a mano, agudos n\u00edtidos y tonos c\u00e1lidos, afinaci\u00f3n sencilla, fabricados con roble de Siam ambientalmente sostenible, conexi\u00f3n de madera maciza, lugs de afinaci\u00f3n de 8 mm,aros SSR redondeados de 2 mm, hardware dorado, incluye bolsa de accesorios con llave L de ajuste y aceite.","og_url":"https:\/\/www.mexicanguitarplayers.com\/en\/tienda\/percusiones\/percusiones-mayores\/bongos\/bongo-meinl-mod-wb200nt-g\/","og_site_name":"Mexican Guitar Players","article_modified_time":"2026-04-10T07:30:39+00:00","og_image":[{"width":1600,"height":800,"url":"https:\/\/www.mexicanguitarplayers.com\/wp-content\/uploads\/2022\/08\/IPMEIWB200NTG.jpg","type":"image\/jpeg"}],"twitter_card":"summary_large_image","schema":{"@context":"https:\/\/schema.org","@graph":[{"@type":["WebPage","ItemPage"],"@id":"https:\/\/www.mexicanguitarplayers.com\/tienda\/percusiones\/percusiones-mayores\/bongos\/bongo-meinl-mod-wb200nt-g\/","url":"https:\/\/www.mexicanguitarplayers.com\/tienda\/percusiones\/percusiones-mayores\/bongos\/bongo-meinl-mod-wb200nt-g\/","name":"BONGO MEINL MOD. WB200NT-G - Mexican Guitar Players","isPartOf":{"@id":"https:\/\/www.mexicanguitarplayers.com\/#website"},"primaryImageOfPage":{"@id":"https:\/\/www.mexicanguitarplayers.com\/tienda\/percusiones\/percusiones-mayores\/bongos\/bongo-meinl-mod-wb200nt-g\/#primaryimage"},"image":{"@id":"https:\/\/www.mexicanguitarplayers.com\/tienda\/percusiones\/percusiones-mayores\/bongos\/bongo-meinl-mod-wb200nt-g\/#primaryimage"},"thumbnailUrl":"https:\/\/www.mexicanguitarplayers.com\/wp-content\/uploads\/2022\/08\/IPMEIWB200NTG.jpg","datePublished":"2022-08-18T06:39:25+00:00","dateModified":"2026-04-10T07:30:39+00:00","description":"BONGO MEINL MOD. WB200NT-G. Bongo de 6 3\/4\u201d y 8\u201d pulgadas, parches de piel de b\u00fafalo seleccionada a mano, agudos n\u00edtidos y tonos c\u00e1lidos, afinaci\u00f3n sencilla, fabricados con roble de Siam ambientalmente sostenible, conexi\u00f3n de madera maciza, lugs de afinaci\u00f3n de 8 mm,aros SSR redondeados de 2 mm, hardware dorado, incluye bolsa de accesorios con llave L de ajuste y aceite.","breadcrumb":{"@id":"https:\/\/www.mexicanguitarplayers.com\/tienda\/percusiones\/percusiones-mayores\/bongos\/bongo-meinl-mod-wb200nt-g\/#breadcrumb"},"inLanguage":"en-US","potentialAction":[{"@type":"ReadAction","target":["https:\/\/www.mexicanguitarplayers.com\/tienda\/percusiones\/percusiones-mayores\/bongos\/bongo-meinl-mod-wb200nt-g\/"]}]},{"@type":"ImageObject","inLanguage":"en-US","@id":"https:\/\/www.mexicanguitarplayers.com\/tienda\/percusiones\/percusiones-mayores\/bongos\/bongo-meinl-mod-wb200nt-g\/#primaryimage","url":"https:\/\/www.mexicanguitarplayers.com\/wp-content\/uploads\/2022\/08\/IPMEIWB200NTG.jpg","contentUrl":"https:\/\/www.mexicanguitarplayers.com\/wp-content\/uploads\/2022\/08\/IPMEIWB200NTG.jpg","width":1600,"height":800},{"@type":"BreadcrumbList","@id":"https:\/\/www.mexicanguitarplayers.com\/tienda\/percusiones\/percusiones-mayores\/bongos\/bongo-meinl-mod-wb200nt-g\/#breadcrumb","itemListElement":[{"@type":"ListItem","position":1,"name":"Portada","item":"https:\/\/www.mexicanguitarplayers.com\/"},{"@type":"ListItem","position":2,"name":"Tienda","item":"https:\/\/www.mexicanguitarplayers.com\/tienda\/"},{"@type":"ListItem","position":3,"name":"BONGO MEINL MOD. WB200NT-G"}]},{"@type":"WebSite","@id":"https:\/\/www.mexicanguitarplayers.com\/#website","url":"https:\/\/www.mexicanguitarplayers.com\/","name":"Mexican Guitar Players","description":"Website","publisher":{"@id":"https:\/\/www.mexicanguitarplayers.com\/#organization"},"potentialAction":[{"@type":"SearchAction","target":{"@type":"EntryPoint","urlTemplate":"https:\/\/www.mexicanguitarplayers.com\/?s={search_term_string}"},"query-input":{"@type":"PropertyValueSpecification","valueRequired":true,"valueName":"search_term_string"}}],"inLanguage":"en-US"},{"@type":"Organization","@id":"https:\/\/www.mexicanguitarplayers.com\/#organization","name":"Mexican Guitar Players","url":"https:\/\/www.mexicanguitarplayers.com\/","logo":{"@type":"ImageObject","inLanguage":"en-US","@id":"https:\/\/www.mexicanguitarplayers.com\/#\/schema\/logo\/image\/","url":"","contentUrl":"","caption":"Mexican Guitar Players"},"image":{"@id":"https:\/\/www.mexicanguitarplayers.com\/#\/schema\/logo\/image\/"}}]}},"brands":[{"id":290,"name":"MEINL","slug":"meinl"}],"_links":{"self":[{"href":"https:\/\/www.mexicanguitarplayers.com\/en\/wp-json\/wp\/v2\/product\/10198","targetHints":{"allow":["GET"]}}],"collection":[{"href":"https:\/\/www.mexicanguitarplayers.com\/en\/wp-json\/wp\/v2\/product"}],"about":[{"href":"https:\/\/www.mexicanguitarplayers.com\/en\/wp-json\/wp\/v2\/types\/product"}],"replies":[{"embeddable":true,"href":"https:\/\/www.mexicanguitarplayers.com\/en\/wp-json\/wp\/v2\/comments?post=10198"}],"wp:featuredmedia":[{"embeddable":true,"href":"https:\/\/www.mexicanguitarplayers.com\/en\/wp-json\/wp\/v2\/media\/10197"}],"wp:attachment":[{"href":"https:\/\/www.mexicanguitarplayers.com\/en\/wp-json\/wp\/v2\/media?parent=10198"}],"wp:term":[{"taxonomy":"pwb-brand","embeddable":true,"href":"https:\/\/www.mexicanguitarplayers.com\/en\/wp-json\/wp\/v2\/pwb-brand?post=10198"},{"taxonomy":"product_brand","embeddable":true,"href":"https:\/\/www.mexicanguitarplayers.com\/en\/wp-json\/wp\/v2\/product_brand?post=10198"},{"taxonomy":"product_cat","embeddable":true,"href":"https:\/\/www.mexicanguitarplayers.com\/en\/wp-json\/wp\/v2\/product_cat?post=10198"},{"taxonomy":"product_tag","embeddable":true,"href":"https:\/\/www.mexicanguitarplayers.com\/en\/wp-json\/wp\/v2\/product_tag?post=10198"}],"curies":[{"name":"wp","href":"https:\/\/api.w.org\/{rel}","templated":true}]}}