{"id":10200,"date":"2022-08-18T01:39:26","date_gmt":"2022-08-18T06:39:26","guid":{"rendered":"https:\/\/www.mexicanguitarplayers.com\/tienda\/sin%20categor\u00eda\/bongo-meinl-mod-wb400\/"},"modified":"2026-05-01T07:46:46","modified_gmt":"2026-05-01T13:46:46","slug":"bongo-meinl-mod-wb400","status":"publish","type":"product","link":"https:\/\/www.mexicanguitarplayers.com\/en\/tienda\/percusiones\/percusiones-mayores\/bongos\/bongo-meinl-mod-wb400\/","title":{"rendered":"BONGO MEINL MOD. WB400"},"content":{"rendered":"<div style=\"text-align: justify\">\n<div>\n<h3>BONGO MEINL MOD. WB400<\/h3>\n<\/div>\n<div>7&quot; and 8.5&quot; Woodcraft Series Bongos, American White Ash, Meinl Free Ride Suspension System, Chrome Hardware, Genuine Cowhide Skin Heads, 8mm Tuning Lugs, 3mm Rounded SSR Hoops, Area resonance training, includes bag for accessories, tuning key and oil, vintage brown color, matte finish.<\/div>\n<\/div>","protected":false},"excerpt":{"rendered":"<p>Bongos serie Woodcraft de 7\u201d y 8.5\u201d pulgadas, fabricados con fresno blanco americano, sistema de suspensi\u00f3n Free Ride de Meinl, hardware cromado, parches de piel aut\u00e9ntica de vaca, lugs de afinaci\u00f3n de 8 mm, aros SSR redondeados de 3 mm, \u00e1rea de formaci\u00f3n de resonancia, incluye bolsa para accesorios, llave de afinaci\u00f3n y aceite, color caf\u00e9 vintage, terminado mate.&hellip; <a class=\"kt-excerpt-readmore more-link\" href=\"https:\/\/www.mexicanguitarplayers.com\/en\/tienda\/percusiones\/percusiones-mayores\/bongos\/bongo-meinl-mod-wb400\/\">Read more<\/a><\/p>","protected":false},"featured_media":10199,"comment_status":"open","ping_status":"closed","template":"","meta":{"kt_blocks_editor_width":""},"pwb-brand":[290],"product_brand":[],"product_cat":[269,208,267],"product_tag":[],"class_list":{"0":"post-10200","1":"product","2":"type-product","3":"status-publish","4":"has-post-thumbnail","6":"pwb-brand-meinl","7":"product_cat-bongos","8":"product_cat-percusiones","9":"product_cat-percusiones-mayores","10":"product_shipping_class-5-10-kg","12":"first","13":"instock","14":"taxable","15":"shipping-taxable","16":"purchasable","17":"product-type-simple"},"yoast_head":"<!-- This site is optimized with the Yoast SEO plugin v27.5 - https:\/\/yoast.com\/product\/yoast-seo-wordpress\/ -->\n<title>BONGO MEINL MOD. WB400 - Mexican Guitar Players<\/title>\n<meta name=\"description\" content=\"BONGO MEINL MOD. WB400. Bongos serie Woodcraft de 7\u201d y 8.5\u201d pulgadas, fabricados con fresno blanco americano, sistema de suspensi\u00f3n Free Ride de Meinl, hardware cromado, parches de piel aut\u00e9ntica de vaca, lugs de afinaci\u00f3n de 8 mm, aros SSR redondeados de 3 mm, \u00e1rea de formaci\u00f3n de resonancia, incluye bolsa para accesorios, llave de afinaci\u00f3n y aceite, color caf\u00e9 vintage, terminado mate.\" \/>\n<meta name=\"robots\" content=\"index, follow, max-snippet:-1, max-image-preview:large, max-video-preview:-1\" \/>\n<link rel=\"canonical\" href=\"https:\/\/www.mexicanguitarplayers.com\/en\/tienda\/percusiones\/percusiones-mayores\/bongos\/bongo-meinl-mod-wb400\/\" \/>\n<meta property=\"og:locale\" content=\"en_US\" \/>\n<meta property=\"og:type\" content=\"article\" \/>\n<meta property=\"og:title\" content=\"BONGO MEINL MOD. WB400 - Mexican Guitar Players\" \/>\n<meta property=\"og:description\" content=\"BONGO MEINL MOD. WB400. Bongos serie Woodcraft de 7\u201d y 8.5\u201d pulgadas, fabricados con fresno blanco americano, sistema de suspensi\u00f3n Free Ride de Meinl, hardware cromado, parches de piel aut\u00e9ntica de vaca, lugs de afinaci\u00f3n de 8 mm, aros SSR redondeados de 3 mm, \u00e1rea de formaci\u00f3n de resonancia, incluye bolsa para accesorios, llave de afinaci\u00f3n y aceite, color caf\u00e9 vintage, terminado mate.\" \/>\n<meta property=\"og:url\" content=\"https:\/\/www.mexicanguitarplayers.com\/en\/tienda\/percusiones\/percusiones-mayores\/bongos\/bongo-meinl-mod-wb400\/\" \/>\n<meta property=\"og:site_name\" content=\"Mexican Guitar Players\" \/>\n<meta property=\"article:modified_time\" content=\"2026-05-01T13:46:46+00:00\" \/>\n<meta property=\"og:image\" content=\"https:\/\/www.mexicanguitarplayers.com\/wp-content\/uploads\/2022\/08\/IPMEIWB400.jpg\" \/>\n\t<meta property=\"og:image:width\" content=\"1600\" \/>\n\t<meta property=\"og:image:height\" content=\"800\" \/>\n\t<meta property=\"og:image:type\" content=\"image\/jpeg\" \/>\n<meta name=\"twitter:card\" content=\"summary_large_image\" \/>\n<script type=\"application\/ld+json\" class=\"yoast-schema-graph\">{\"@context\":\"https:\\\/\\\/schema.org\",\"@graph\":[{\"@type\":[\"WebPage\",\"ItemPage\"],\"@id\":\"https:\\\/\\\/www.mexicanguitarplayers.com\\\/tienda\\\/percusiones\\\/percusiones-mayores\\\/bongos\\\/bongo-meinl-mod-wb400\\\/\",\"url\":\"https:\\\/\\\/www.mexicanguitarplayers.com\\\/tienda\\\/percusiones\\\/percusiones-mayores\\\/bongos\\\/bongo-meinl-mod-wb400\\\/\",\"name\":\"BONGO MEINL MOD. WB400 - Mexican Guitar Players\",\"isPartOf\":{\"@id\":\"https:\\\/\\\/www.mexicanguitarplayers.com\\\/#website\"},\"primaryImageOfPage\":{\"@id\":\"https:\\\/\\\/www.mexicanguitarplayers.com\\\/tienda\\\/percusiones\\\/percusiones-mayores\\\/bongos\\\/bongo-meinl-mod-wb400\\\/#primaryimage\"},\"image\":{\"@id\":\"https:\\\/\\\/www.mexicanguitarplayers.com\\\/tienda\\\/percusiones\\\/percusiones-mayores\\\/bongos\\\/bongo-meinl-mod-wb400\\\/#primaryimage\"},\"thumbnailUrl\":\"https:\\\/\\\/www.mexicanguitarplayers.com\\\/wp-content\\\/uploads\\\/2022\\\/08\\\/IPMEIWB400.jpg\",\"datePublished\":\"2022-08-18T06:39:26+00:00\",\"dateModified\":\"2026-05-01T13:46:46+00:00\",\"description\":\"BONGO MEINL MOD. WB400. Bongos serie Woodcraft de 7\u201d y 8.5\u201d pulgadas, fabricados con fresno blanco americano, sistema de suspensi\u00f3n Free Ride de Meinl, hardware cromado, parches de piel aut\u00e9ntica de vaca, lugs de afinaci\u00f3n de 8 mm, aros SSR redondeados de 3 mm, \u00e1rea de formaci\u00f3n de resonancia, incluye bolsa para accesorios, llave de afinaci\u00f3n y aceite, color caf\u00e9 vintage, terminado mate.\",\"breadcrumb\":{\"@id\":\"https:\\\/\\\/www.mexicanguitarplayers.com\\\/tienda\\\/percusiones\\\/percusiones-mayores\\\/bongos\\\/bongo-meinl-mod-wb400\\\/#breadcrumb\"},\"inLanguage\":\"en-US\",\"potentialAction\":[{\"@type\":\"ReadAction\",\"target\":[\"https:\\\/\\\/www.mexicanguitarplayers.com\\\/tienda\\\/percusiones\\\/percusiones-mayores\\\/bongos\\\/bongo-meinl-mod-wb400\\\/\"]}]},{\"@type\":\"ImageObject\",\"inLanguage\":\"en-US\",\"@id\":\"https:\\\/\\\/www.mexicanguitarplayers.com\\\/tienda\\\/percusiones\\\/percusiones-mayores\\\/bongos\\\/bongo-meinl-mod-wb400\\\/#primaryimage\",\"url\":\"https:\\\/\\\/www.mexicanguitarplayers.com\\\/wp-content\\\/uploads\\\/2022\\\/08\\\/IPMEIWB400.jpg\",\"contentUrl\":\"https:\\\/\\\/www.mexicanguitarplayers.com\\\/wp-content\\\/uploads\\\/2022\\\/08\\\/IPMEIWB400.jpg\",\"width\":1600,\"height\":800},{\"@type\":\"BreadcrumbList\",\"@id\":\"https:\\\/\\\/www.mexicanguitarplayers.com\\\/tienda\\\/percusiones\\\/percusiones-mayores\\\/bongos\\\/bongo-meinl-mod-wb400\\\/#breadcrumb\",\"itemListElement\":[{\"@type\":\"ListItem\",\"position\":1,\"name\":\"Portada\",\"item\":\"https:\\\/\\\/www.mexicanguitarplayers.com\\\/\"},{\"@type\":\"ListItem\",\"position\":2,\"name\":\"Tienda\",\"item\":\"https:\\\/\\\/www.mexicanguitarplayers.com\\\/tienda\\\/\"},{\"@type\":\"ListItem\",\"position\":3,\"name\":\"BONGO MEINL MOD. WB400\"}]},{\"@type\":\"WebSite\",\"@id\":\"https:\\\/\\\/www.mexicanguitarplayers.com\\\/#website\",\"url\":\"https:\\\/\\\/www.mexicanguitarplayers.com\\\/\",\"name\":\"Mexican Guitar Players\",\"description\":\"Website\",\"publisher\":{\"@id\":\"https:\\\/\\\/www.mexicanguitarplayers.com\\\/#organization\"},\"potentialAction\":[{\"@type\":\"SearchAction\",\"target\":{\"@type\":\"EntryPoint\",\"urlTemplate\":\"https:\\\/\\\/www.mexicanguitarplayers.com\\\/?s={search_term_string}\"},\"query-input\":{\"@type\":\"PropertyValueSpecification\",\"valueRequired\":true,\"valueName\":\"search_term_string\"}}],\"inLanguage\":\"en-US\"},{\"@type\":\"Organization\",\"@id\":\"https:\\\/\\\/www.mexicanguitarplayers.com\\\/#organization\",\"name\":\"Mexican Guitar Players\",\"url\":\"https:\\\/\\\/www.mexicanguitarplayers.com\\\/\",\"logo\":{\"@type\":\"ImageObject\",\"inLanguage\":\"en-US\",\"@id\":\"https:\\\/\\\/www.mexicanguitarplayers.com\\\/#\\\/schema\\\/logo\\\/image\\\/\",\"url\":\"\",\"contentUrl\":\"\",\"caption\":\"Mexican Guitar Players\"},\"image\":{\"@id\":\"https:\\\/\\\/www.mexicanguitarplayers.com\\\/#\\\/schema\\\/logo\\\/image\\\/\"}}]}<\/script>\n<!-- \/ Yoast SEO plugin. -->","yoast_head_json":{"title":"BONGO MEINL MOD. WB400 - Mexican Guitar Players","description":"BONGO MEINL MOD. WB400. Bongos serie Woodcraft de 7\u201d y 8.5\u201d pulgadas, fabricados con fresno blanco americano, sistema de suspensi\u00f3n Free Ride de Meinl, hardware cromado, parches de piel aut\u00e9ntica de vaca, lugs de afinaci\u00f3n de 8 mm, aros SSR redondeados de 3 mm, \u00e1rea de formaci\u00f3n de resonancia, incluye bolsa para accesorios, llave de afinaci\u00f3n y aceite, color caf\u00e9 vintage, terminado mate.","robots":{"index":"index","follow":"follow","max-snippet":"max-snippet:-1","max-image-preview":"max-image-preview:large","max-video-preview":"max-video-preview:-1"},"canonical":"https:\/\/www.mexicanguitarplayers.com\/en\/tienda\/percusiones\/percusiones-mayores\/bongos\/bongo-meinl-mod-wb400\/","og_locale":"en_US","og_type":"article","og_title":"BONGO MEINL MOD. WB400 - Mexican Guitar Players","og_description":"BONGO MEINL MOD. WB400. Bongos serie Woodcraft de 7\u201d y 8.5\u201d pulgadas, fabricados con fresno blanco americano, sistema de suspensi\u00f3n Free Ride de Meinl, hardware cromado, parches de piel aut\u00e9ntica de vaca, lugs de afinaci\u00f3n de 8 mm, aros SSR redondeados de 3 mm, \u00e1rea de formaci\u00f3n de resonancia, incluye bolsa para accesorios, llave de afinaci\u00f3n y aceite, color caf\u00e9 vintage, terminado mate.","og_url":"https:\/\/www.mexicanguitarplayers.com\/en\/tienda\/percusiones\/percusiones-mayores\/bongos\/bongo-meinl-mod-wb400\/","og_site_name":"Mexican Guitar Players","article_modified_time":"2026-05-01T13:46:46+00:00","og_image":[{"width":1600,"height":800,"url":"https:\/\/www.mexicanguitarplayers.com\/wp-content\/uploads\/2022\/08\/IPMEIWB400.jpg","type":"image\/jpeg"}],"twitter_card":"summary_large_image","schema":{"@context":"https:\/\/schema.org","@graph":[{"@type":["WebPage","ItemPage"],"@id":"https:\/\/www.mexicanguitarplayers.com\/tienda\/percusiones\/percusiones-mayores\/bongos\/bongo-meinl-mod-wb400\/","url":"https:\/\/www.mexicanguitarplayers.com\/tienda\/percusiones\/percusiones-mayores\/bongos\/bongo-meinl-mod-wb400\/","name":"BONGO MEINL MOD. WB400 - Mexican Guitar Players","isPartOf":{"@id":"https:\/\/www.mexicanguitarplayers.com\/#website"},"primaryImageOfPage":{"@id":"https:\/\/www.mexicanguitarplayers.com\/tienda\/percusiones\/percusiones-mayores\/bongos\/bongo-meinl-mod-wb400\/#primaryimage"},"image":{"@id":"https:\/\/www.mexicanguitarplayers.com\/tienda\/percusiones\/percusiones-mayores\/bongos\/bongo-meinl-mod-wb400\/#primaryimage"},"thumbnailUrl":"https:\/\/www.mexicanguitarplayers.com\/wp-content\/uploads\/2022\/08\/IPMEIWB400.jpg","datePublished":"2022-08-18T06:39:26+00:00","dateModified":"2026-05-01T13:46:46+00:00","description":"BONGO MEINL MOD. WB400. Bongos serie Woodcraft de 7\u201d y 8.5\u201d pulgadas, fabricados con fresno blanco americano, sistema de suspensi\u00f3n Free Ride de Meinl, hardware cromado, parches de piel aut\u00e9ntica de vaca, lugs de afinaci\u00f3n de 8 mm, aros SSR redondeados de 3 mm, \u00e1rea de formaci\u00f3n de resonancia, incluye bolsa para accesorios, llave de afinaci\u00f3n y aceite, color caf\u00e9 vintage, terminado mate.","breadcrumb":{"@id":"https:\/\/www.mexicanguitarplayers.com\/tienda\/percusiones\/percusiones-mayores\/bongos\/bongo-meinl-mod-wb400\/#breadcrumb"},"inLanguage":"en-US","potentialAction":[{"@type":"ReadAction","target":["https:\/\/www.mexicanguitarplayers.com\/tienda\/percusiones\/percusiones-mayores\/bongos\/bongo-meinl-mod-wb400\/"]}]},{"@type":"ImageObject","inLanguage":"en-US","@id":"https:\/\/www.mexicanguitarplayers.com\/tienda\/percusiones\/percusiones-mayores\/bongos\/bongo-meinl-mod-wb400\/#primaryimage","url":"https:\/\/www.mexicanguitarplayers.com\/wp-content\/uploads\/2022\/08\/IPMEIWB400.jpg","contentUrl":"https:\/\/www.mexicanguitarplayers.com\/wp-content\/uploads\/2022\/08\/IPMEIWB400.jpg","width":1600,"height":800},{"@type":"BreadcrumbList","@id":"https:\/\/www.mexicanguitarplayers.com\/tienda\/percusiones\/percusiones-mayores\/bongos\/bongo-meinl-mod-wb400\/#breadcrumb","itemListElement":[{"@type":"ListItem","position":1,"name":"Portada","item":"https:\/\/www.mexicanguitarplayers.com\/"},{"@type":"ListItem","position":2,"name":"Tienda","item":"https:\/\/www.mexicanguitarplayers.com\/tienda\/"},{"@type":"ListItem","position":3,"name":"BONGO MEINL MOD. WB400"}]},{"@type":"WebSite","@id":"https:\/\/www.mexicanguitarplayers.com\/#website","url":"https:\/\/www.mexicanguitarplayers.com\/","name":"Mexican Guitar Players","description":"Website","publisher":{"@id":"https:\/\/www.mexicanguitarplayers.com\/#organization"},"potentialAction":[{"@type":"SearchAction","target":{"@type":"EntryPoint","urlTemplate":"https:\/\/www.mexicanguitarplayers.com\/?s={search_term_string}"},"query-input":{"@type":"PropertyValueSpecification","valueRequired":true,"valueName":"search_term_string"}}],"inLanguage":"en-US"},{"@type":"Organization","@id":"https:\/\/www.mexicanguitarplayers.com\/#organization","name":"Mexican Guitar Players","url":"https:\/\/www.mexicanguitarplayers.com\/","logo":{"@type":"ImageObject","inLanguage":"en-US","@id":"https:\/\/www.mexicanguitarplayers.com\/#\/schema\/logo\/image\/","url":"","contentUrl":"","caption":"Mexican Guitar Players"},"image":{"@id":"https:\/\/www.mexicanguitarplayers.com\/#\/schema\/logo\/image\/"}}]}},"brands":[{"id":290,"name":"MEINL","slug":"meinl"}],"_links":{"self":[{"href":"https:\/\/www.mexicanguitarplayers.com\/en\/wp-json\/wp\/v2\/product\/10200","targetHints":{"allow":["GET"]}}],"collection":[{"href":"https:\/\/www.mexicanguitarplayers.com\/en\/wp-json\/wp\/v2\/product"}],"about":[{"href":"https:\/\/www.mexicanguitarplayers.com\/en\/wp-json\/wp\/v2\/types\/product"}],"replies":[{"embeddable":true,"href":"https:\/\/www.mexicanguitarplayers.com\/en\/wp-json\/wp\/v2\/comments?post=10200"}],"wp:featuredmedia":[{"embeddable":true,"href":"https:\/\/www.mexicanguitarplayers.com\/en\/wp-json\/wp\/v2\/media\/10199"}],"wp:attachment":[{"href":"https:\/\/www.mexicanguitarplayers.com\/en\/wp-json\/wp\/v2\/media?parent=10200"}],"wp:term":[{"taxonomy":"pwb-brand","embeddable":true,"href":"https:\/\/www.mexicanguitarplayers.com\/en\/wp-json\/wp\/v2\/pwb-brand?post=10200"},{"taxonomy":"product_brand","embeddable":true,"href":"https:\/\/www.mexicanguitarplayers.com\/en\/wp-json\/wp\/v2\/product_brand?post=10200"},{"taxonomy":"product_cat","embeddable":true,"href":"https:\/\/www.mexicanguitarplayers.com\/en\/wp-json\/wp\/v2\/product_cat?post=10200"},{"taxonomy":"product_tag","embeddable":true,"href":"https:\/\/www.mexicanguitarplayers.com\/en\/wp-json\/wp\/v2\/product_tag?post=10200"}],"curies":[{"name":"wp","href":"https:\/\/api.w.org\/{rel}","templated":true}]}}