{"id":10237,"date":"2022-08-18T01:40:24","date_gmt":"2022-08-18T06:40:24","guid":{"rendered":"https:\/\/www.mexicanguitarplayers.com\/tienda\/sin%20categor\u00eda\/bateria-new-beat-acustica-nb320set-bkhw\/"},"modified":"2024-02-14T16:14:46","modified_gmt":"2024-02-14T22:14:46","slug":"bateria-new-beat-acustica-nb320set-bkhw","status":"publish","type":"product","link":"https:\/\/www.mexicanguitarplayers.com\/en\/tienda\/percusiones\/baterias\/baterias-acusticas\/baterias-semiprofesionales\/bateria-new-beat-acustica-nb320set-bkhw\/","title":{"rendered":"NEW ACOUSTIC BEAT BATTERY NB320SET-BKHW"},"content":{"rendered":"<div style=\"text-align: justify\">\n<div>\n<h3>NEW ACOUSTIC BEAT BATTERY NB320SET-BKHW<\/h3>\n<\/div>\n<div>5-piece acoustic kit, Fusion configuration, 6-ply 6mm poplar wood, 22x18\u201d bass drum with 16 lugs, 14x5.5\u201d snare, 10x9\u201d and 12x10\u201d air toms and 14\u00d714\u201d floor tom with 12 lugs, with black hardware that includes snare stand, straight cymbal stand, hi-hat stand, kick pedal and bench, includes wooden hoops on bass drum, Hi -14\u201d hats, 16\u201d crash, tuning key and drumsticks.<\/div>\n<\/div>","protected":false},"excerpt":{"rendered":"<p>Bater\u00eda ac\u00fastica de 5 piezas, configuraci\u00f3n Fusion, 6 capas de madera de \u00e1lamo de 6 mm de espesor, bombo de 22&#215;18\u201d con 16 lugs, tarola de 14&#215;5.5\u201d, toms de airede 10&#215;9\u201d y 12&#215;10\u201d y tom de piso de 14&#215;14\u201d con 12 lugs, con hardware en color negro que incluye stand para tarola, stand recto para platillo, stand para Hi-Hats,pedal para bombo y banco, incluye aros de madera en el bombo, Hi-Hats de 14\u201d, crash de 16\u201d, llave para afinar y baquetas.&hellip; <a class=\"kt-excerpt-readmore more-link\" href=\"https:\/\/www.mexicanguitarplayers.com\/en\/tienda\/percusiones\/baterias\/baterias-acusticas\/baterias-semiprofesionales\/bateria-new-beat-acustica-nb320set-bkhw\/\">Read more<\/a><\/p>","protected":false},"featured_media":10236,"comment_status":"open","ping_status":"closed","template":"","meta":{"kt_blocks_editor_width":""},"pwb-brand":[303],"product_brand":[],"product_cat":[209,210,302,208],"product_tag":[],"class_list":{"0":"post-10237","1":"product","2":"type-product","3":"status-publish","4":"has-post-thumbnail","6":"pwb-brand-new-beat","7":"product_cat-baterias","8":"product_cat-baterias-acusticas","9":"product_cat-baterias-semiprofesionales","10":"product_cat-percusiones","11":"product_shipping_class-25-30-kg","13":"first","14":"outofstock","15":"taxable","16":"shipping-taxable","17":"purchasable","18":"product-type-simple"},"yoast_head":"<!-- This site is optimized with the Yoast SEO plugin v27.5 - https:\/\/yoast.com\/product\/yoast-seo-wordpress\/ -->\n<title>BATERIA NEW BEAT ACUSTICA NB320SET-BKHW - Mexican Guitar Players<\/title>\n<meta name=\"description\" content=\"BATERIA NEW BEAT ACUSTICA NB320SET-BKHW. Bater\u00eda ac\u00fastica de 5 piezas, configuraci\u00f3n Fusion, 6 capas de madera de \u00e1lamo de 6 mm de espesor, bombo de 22x18\u201d con 16 lugs, tarola de 14x5.5\u201d, toms de airede 10x9\u201d y 12x10\u201d y tom de piso de 14x14\u201d con 12 lugs, con hardware en color negro que incluye stand para tarola, stand recto para platillo, stand para Hi-Hats,pedal para bombo y banco, incluye aros de madera en el bombo, Hi-Hats de 14\u201d, crash de 16\u201d, llave para afinar y baquetas.\" \/>\n<meta name=\"robots\" content=\"index, follow, max-snippet:-1, max-image-preview:large, max-video-preview:-1\" \/>\n<link rel=\"canonical\" href=\"https:\/\/www.mexicanguitarplayers.com\/en\/tienda\/percusiones\/baterias\/baterias-acusticas\/baterias-semiprofesionales\/bateria-new-beat-acustica-nb320set-bkhw\/\" \/>\n<meta property=\"og:locale\" content=\"en_US\" \/>\n<meta property=\"og:type\" content=\"article\" \/>\n<meta property=\"og:title\" content=\"BATERIA NEW BEAT ACUSTICA NB320SET-BKHW - Mexican Guitar Players\" \/>\n<meta property=\"og:description\" content=\"BATERIA NEW BEAT ACUSTICA NB320SET-BKHW. Bater\u00eda ac\u00fastica de 5 piezas, configuraci\u00f3n Fusion, 6 capas de madera de \u00e1lamo de 6 mm de espesor, bombo de 22x18\u201d con 16 lugs, tarola de 14x5.5\u201d, toms de airede 10x9\u201d y 12x10\u201d y tom de piso de 14x14\u201d con 12 lugs, con hardware en color negro que incluye stand para tarola, stand recto para platillo, stand para Hi-Hats,pedal para bombo y banco, incluye aros de madera en el bombo, Hi-Hats de 14\u201d, crash de 16\u201d, llave para afinar y baquetas.\" \/>\n<meta property=\"og:url\" content=\"https:\/\/www.mexicanguitarplayers.com\/en\/tienda\/percusiones\/baterias\/baterias-acusticas\/baterias-semiprofesionales\/bateria-new-beat-acustica-nb320set-bkhw\/\" \/>\n<meta property=\"og:site_name\" content=\"Mexican Guitar Players\" \/>\n<meta property=\"article:modified_time\" content=\"2024-02-14T22:14:46+00:00\" \/>\n<meta property=\"og:image\" content=\"https:\/\/www.mexicanguitarplayers.com\/wp-content\/uploads\/2022\/08\/IPNEWNB320SETB.jpg\" \/>\n\t<meta property=\"og:image:width\" content=\"1200\" \/>\n\t<meta property=\"og:image:height\" content=\"1200\" \/>\n\t<meta property=\"og:image:type\" content=\"image\/jpeg\" \/>\n<meta name=\"twitter:card\" content=\"summary_large_image\" \/>\n<script type=\"application\/ld+json\" class=\"yoast-schema-graph\">{\"@context\":\"https:\\\/\\\/schema.org\",\"@graph\":[{\"@type\":[\"WebPage\",\"ItemPage\"],\"@id\":\"https:\\\/\\\/www.mexicanguitarplayers.com\\\/tienda\\\/percusiones\\\/baterias\\\/baterias-acusticas\\\/baterias-semiprofesionales\\\/bateria-new-beat-acustica-nb320set-bkhw\\\/\",\"url\":\"https:\\\/\\\/www.mexicanguitarplayers.com\\\/tienda\\\/percusiones\\\/baterias\\\/baterias-acusticas\\\/baterias-semiprofesionales\\\/bateria-new-beat-acustica-nb320set-bkhw\\\/\",\"name\":\"BATERIA NEW BEAT ACUSTICA NB320SET-BKHW - Mexican Guitar Players\",\"isPartOf\":{\"@id\":\"https:\\\/\\\/www.mexicanguitarplayers.com\\\/#website\"},\"primaryImageOfPage\":{\"@id\":\"https:\\\/\\\/www.mexicanguitarplayers.com\\\/tienda\\\/percusiones\\\/baterias\\\/baterias-acusticas\\\/baterias-semiprofesionales\\\/bateria-new-beat-acustica-nb320set-bkhw\\\/#primaryimage\"},\"image\":{\"@id\":\"https:\\\/\\\/www.mexicanguitarplayers.com\\\/tienda\\\/percusiones\\\/baterias\\\/baterias-acusticas\\\/baterias-semiprofesionales\\\/bateria-new-beat-acustica-nb320set-bkhw\\\/#primaryimage\"},\"thumbnailUrl\":\"https:\\\/\\\/www.mexicanguitarplayers.com\\\/wp-content\\\/uploads\\\/2022\\\/08\\\/IPNEWNB320SETB.jpg\",\"datePublished\":\"2022-08-18T06:40:24+00:00\",\"dateModified\":\"2024-02-14T22:14:46+00:00\",\"description\":\"BATERIA NEW BEAT ACUSTICA NB320SET-BKHW. Bater\u00eda ac\u00fastica de 5 piezas, configuraci\u00f3n Fusion, 6 capas de madera de \u00e1lamo de 6 mm de espesor, bombo de 22x18\u201d con 16 lugs, tarola de 14x5.5\u201d, toms de airede 10x9\u201d y 12x10\u201d y tom de piso de 14x14\u201d con 12 lugs, con hardware en color negro que incluye stand para tarola, stand recto para platillo, stand para Hi-Hats,pedal para bombo y banco, incluye aros de madera en el bombo, Hi-Hats de 14\u201d, crash de 16\u201d, llave para afinar y baquetas.\",\"breadcrumb\":{\"@id\":\"https:\\\/\\\/www.mexicanguitarplayers.com\\\/tienda\\\/percusiones\\\/baterias\\\/baterias-acusticas\\\/baterias-semiprofesionales\\\/bateria-new-beat-acustica-nb320set-bkhw\\\/#breadcrumb\"},\"inLanguage\":\"en-US\",\"potentialAction\":[{\"@type\":\"ReadAction\",\"target\":[\"https:\\\/\\\/www.mexicanguitarplayers.com\\\/tienda\\\/percusiones\\\/baterias\\\/baterias-acusticas\\\/baterias-semiprofesionales\\\/bateria-new-beat-acustica-nb320set-bkhw\\\/\"]}]},{\"@type\":\"ImageObject\",\"inLanguage\":\"en-US\",\"@id\":\"https:\\\/\\\/www.mexicanguitarplayers.com\\\/tienda\\\/percusiones\\\/baterias\\\/baterias-acusticas\\\/baterias-semiprofesionales\\\/bateria-new-beat-acustica-nb320set-bkhw\\\/#primaryimage\",\"url\":\"https:\\\/\\\/www.mexicanguitarplayers.com\\\/wp-content\\\/uploads\\\/2022\\\/08\\\/IPNEWNB320SETB.jpg\",\"contentUrl\":\"https:\\\/\\\/www.mexicanguitarplayers.com\\\/wp-content\\\/uploads\\\/2022\\\/08\\\/IPNEWNB320SETB.jpg\",\"width\":1200,\"height\":1200},{\"@type\":\"BreadcrumbList\",\"@id\":\"https:\\\/\\\/www.mexicanguitarplayers.com\\\/tienda\\\/percusiones\\\/baterias\\\/baterias-acusticas\\\/baterias-semiprofesionales\\\/bateria-new-beat-acustica-nb320set-bkhw\\\/#breadcrumb\",\"itemListElement\":[{\"@type\":\"ListItem\",\"position\":1,\"name\":\"Portada\",\"item\":\"https:\\\/\\\/www.mexicanguitarplayers.com\\\/\"},{\"@type\":\"ListItem\",\"position\":2,\"name\":\"Tienda\",\"item\":\"https:\\\/\\\/www.mexicanguitarplayers.com\\\/tienda\\\/\"},{\"@type\":\"ListItem\",\"position\":3,\"name\":\"BATERIA NEW BEAT ACUSTICA NB320SET-BKHW\"}]},{\"@type\":\"WebSite\",\"@id\":\"https:\\\/\\\/www.mexicanguitarplayers.com\\\/#website\",\"url\":\"https:\\\/\\\/www.mexicanguitarplayers.com\\\/\",\"name\":\"Mexican Guitar Players\",\"description\":\"Website\",\"publisher\":{\"@id\":\"https:\\\/\\\/www.mexicanguitarplayers.com\\\/#organization\"},\"potentialAction\":[{\"@type\":\"SearchAction\",\"target\":{\"@type\":\"EntryPoint\",\"urlTemplate\":\"https:\\\/\\\/www.mexicanguitarplayers.com\\\/?s={search_term_string}\"},\"query-input\":{\"@type\":\"PropertyValueSpecification\",\"valueRequired\":true,\"valueName\":\"search_term_string\"}}],\"inLanguage\":\"en-US\"},{\"@type\":\"Organization\",\"@id\":\"https:\\\/\\\/www.mexicanguitarplayers.com\\\/#organization\",\"name\":\"Mexican Guitar Players\",\"url\":\"https:\\\/\\\/www.mexicanguitarplayers.com\\\/\",\"logo\":{\"@type\":\"ImageObject\",\"inLanguage\":\"en-US\",\"@id\":\"https:\\\/\\\/www.mexicanguitarplayers.com\\\/#\\\/schema\\\/logo\\\/image\\\/\",\"url\":\"\",\"contentUrl\":\"\",\"caption\":\"Mexican Guitar Players\"},\"image\":{\"@id\":\"https:\\\/\\\/www.mexicanguitarplayers.com\\\/#\\\/schema\\\/logo\\\/image\\\/\"}}]}<\/script>\n<!-- \/ Yoast SEO plugin. -->","yoast_head_json":{"title":"BATERIA NEW BEAT ACUSTICA NB320SET-BKHW - Mexican Guitar Players","description":"BATERIA NEW BEAT ACUSTICA NB320SET-BKHW. Bater\u00eda ac\u00fastica de 5 piezas, configuraci\u00f3n Fusion, 6 capas de madera de \u00e1lamo de 6 mm de espesor, bombo de 22x18\u201d con 16 lugs, tarola de 14x5.5\u201d, toms de airede 10x9\u201d y 12x10\u201d y tom de piso de 14x14\u201d con 12 lugs, con hardware en color negro que incluye stand para tarola, stand recto para platillo, stand para Hi-Hats,pedal para bombo y banco, incluye aros de madera en el bombo, Hi-Hats de 14\u201d, crash de 16\u201d, llave para afinar y baquetas.","robots":{"index":"index","follow":"follow","max-snippet":"max-snippet:-1","max-image-preview":"max-image-preview:large","max-video-preview":"max-video-preview:-1"},"canonical":"https:\/\/www.mexicanguitarplayers.com\/en\/tienda\/percusiones\/baterias\/baterias-acusticas\/baterias-semiprofesionales\/bateria-new-beat-acustica-nb320set-bkhw\/","og_locale":"en_US","og_type":"article","og_title":"BATERIA NEW BEAT ACUSTICA NB320SET-BKHW - Mexican Guitar Players","og_description":"BATERIA NEW BEAT ACUSTICA NB320SET-BKHW. Bater\u00eda ac\u00fastica de 5 piezas, configuraci\u00f3n Fusion, 6 capas de madera de \u00e1lamo de 6 mm de espesor, bombo de 22x18\u201d con 16 lugs, tarola de 14x5.5\u201d, toms de airede 10x9\u201d y 12x10\u201d y tom de piso de 14x14\u201d con 12 lugs, con hardware en color negro que incluye stand para tarola, stand recto para platillo, stand para Hi-Hats,pedal para bombo y banco, incluye aros de madera en el bombo, Hi-Hats de 14\u201d, crash de 16\u201d, llave para afinar y baquetas.","og_url":"https:\/\/www.mexicanguitarplayers.com\/en\/tienda\/percusiones\/baterias\/baterias-acusticas\/baterias-semiprofesionales\/bateria-new-beat-acustica-nb320set-bkhw\/","og_site_name":"Mexican Guitar Players","article_modified_time":"2024-02-14T22:14:46+00:00","og_image":[{"width":1200,"height":1200,"url":"https:\/\/www.mexicanguitarplayers.com\/wp-content\/uploads\/2022\/08\/IPNEWNB320SETB.jpg","type":"image\/jpeg"}],"twitter_card":"summary_large_image","schema":{"@context":"https:\/\/schema.org","@graph":[{"@type":["WebPage","ItemPage"],"@id":"https:\/\/www.mexicanguitarplayers.com\/tienda\/percusiones\/baterias\/baterias-acusticas\/baterias-semiprofesionales\/bateria-new-beat-acustica-nb320set-bkhw\/","url":"https:\/\/www.mexicanguitarplayers.com\/tienda\/percusiones\/baterias\/baterias-acusticas\/baterias-semiprofesionales\/bateria-new-beat-acustica-nb320set-bkhw\/","name":"BATERIA NEW BEAT ACUSTICA NB320SET-BKHW - Mexican Guitar Players","isPartOf":{"@id":"https:\/\/www.mexicanguitarplayers.com\/#website"},"primaryImageOfPage":{"@id":"https:\/\/www.mexicanguitarplayers.com\/tienda\/percusiones\/baterias\/baterias-acusticas\/baterias-semiprofesionales\/bateria-new-beat-acustica-nb320set-bkhw\/#primaryimage"},"image":{"@id":"https:\/\/www.mexicanguitarplayers.com\/tienda\/percusiones\/baterias\/baterias-acusticas\/baterias-semiprofesionales\/bateria-new-beat-acustica-nb320set-bkhw\/#primaryimage"},"thumbnailUrl":"https:\/\/www.mexicanguitarplayers.com\/wp-content\/uploads\/2022\/08\/IPNEWNB320SETB.jpg","datePublished":"2022-08-18T06:40:24+00:00","dateModified":"2024-02-14T22:14:46+00:00","description":"BATERIA NEW BEAT ACUSTICA NB320SET-BKHW. Bater\u00eda ac\u00fastica de 5 piezas, configuraci\u00f3n Fusion, 6 capas de madera de \u00e1lamo de 6 mm de espesor, bombo de 22x18\u201d con 16 lugs, tarola de 14x5.5\u201d, toms de airede 10x9\u201d y 12x10\u201d y tom de piso de 14x14\u201d con 12 lugs, con hardware en color negro que incluye stand para tarola, stand recto para platillo, stand para Hi-Hats,pedal para bombo y banco, incluye aros de madera en el bombo, Hi-Hats de 14\u201d, crash de 16\u201d, llave para afinar y baquetas.","breadcrumb":{"@id":"https:\/\/www.mexicanguitarplayers.com\/tienda\/percusiones\/baterias\/baterias-acusticas\/baterias-semiprofesionales\/bateria-new-beat-acustica-nb320set-bkhw\/#breadcrumb"},"inLanguage":"en-US","potentialAction":[{"@type":"ReadAction","target":["https:\/\/www.mexicanguitarplayers.com\/tienda\/percusiones\/baterias\/baterias-acusticas\/baterias-semiprofesionales\/bateria-new-beat-acustica-nb320set-bkhw\/"]}]},{"@type":"ImageObject","inLanguage":"en-US","@id":"https:\/\/www.mexicanguitarplayers.com\/tienda\/percusiones\/baterias\/baterias-acusticas\/baterias-semiprofesionales\/bateria-new-beat-acustica-nb320set-bkhw\/#primaryimage","url":"https:\/\/www.mexicanguitarplayers.com\/wp-content\/uploads\/2022\/08\/IPNEWNB320SETB.jpg","contentUrl":"https:\/\/www.mexicanguitarplayers.com\/wp-content\/uploads\/2022\/08\/IPNEWNB320SETB.jpg","width":1200,"height":1200},{"@type":"BreadcrumbList","@id":"https:\/\/www.mexicanguitarplayers.com\/tienda\/percusiones\/baterias\/baterias-acusticas\/baterias-semiprofesionales\/bateria-new-beat-acustica-nb320set-bkhw\/#breadcrumb","itemListElement":[{"@type":"ListItem","position":1,"name":"Portada","item":"https:\/\/www.mexicanguitarplayers.com\/"},{"@type":"ListItem","position":2,"name":"Tienda","item":"https:\/\/www.mexicanguitarplayers.com\/tienda\/"},{"@type":"ListItem","position":3,"name":"BATERIA NEW BEAT ACUSTICA NB320SET-BKHW"}]},{"@type":"WebSite","@id":"https:\/\/www.mexicanguitarplayers.com\/#website","url":"https:\/\/www.mexicanguitarplayers.com\/","name":"Mexican Guitar Players","description":"Website","publisher":{"@id":"https:\/\/www.mexicanguitarplayers.com\/#organization"},"potentialAction":[{"@type":"SearchAction","target":{"@type":"EntryPoint","urlTemplate":"https:\/\/www.mexicanguitarplayers.com\/?s={search_term_string}"},"query-input":{"@type":"PropertyValueSpecification","valueRequired":true,"valueName":"search_term_string"}}],"inLanguage":"en-US"},{"@type":"Organization","@id":"https:\/\/www.mexicanguitarplayers.com\/#organization","name":"Mexican Guitar Players","url":"https:\/\/www.mexicanguitarplayers.com\/","logo":{"@type":"ImageObject","inLanguage":"en-US","@id":"https:\/\/www.mexicanguitarplayers.com\/#\/schema\/logo\/image\/","url":"","contentUrl":"","caption":"Mexican Guitar Players"},"image":{"@id":"https:\/\/www.mexicanguitarplayers.com\/#\/schema\/logo\/image\/"}}]}},"brands":[{"id":303,"name":"NEW BEAT","slug":"new-beat"}],"_links":{"self":[{"href":"https:\/\/www.mexicanguitarplayers.com\/en\/wp-json\/wp\/v2\/product\/10237","targetHints":{"allow":["GET"]}}],"collection":[{"href":"https:\/\/www.mexicanguitarplayers.com\/en\/wp-json\/wp\/v2\/product"}],"about":[{"href":"https:\/\/www.mexicanguitarplayers.com\/en\/wp-json\/wp\/v2\/types\/product"}],"replies":[{"embeddable":true,"href":"https:\/\/www.mexicanguitarplayers.com\/en\/wp-json\/wp\/v2\/comments?post=10237"}],"wp:featuredmedia":[{"embeddable":true,"href":"https:\/\/www.mexicanguitarplayers.com\/en\/wp-json\/wp\/v2\/media\/10236"}],"wp:attachment":[{"href":"https:\/\/www.mexicanguitarplayers.com\/en\/wp-json\/wp\/v2\/media?parent=10237"}],"wp:term":[{"taxonomy":"pwb-brand","embeddable":true,"href":"https:\/\/www.mexicanguitarplayers.com\/en\/wp-json\/wp\/v2\/pwb-brand?post=10237"},{"taxonomy":"product_brand","embeddable":true,"href":"https:\/\/www.mexicanguitarplayers.com\/en\/wp-json\/wp\/v2\/product_brand?post=10237"},{"taxonomy":"product_cat","embeddable":true,"href":"https:\/\/www.mexicanguitarplayers.com\/en\/wp-json\/wp\/v2\/product_cat?post=10237"},{"taxonomy":"product_tag","embeddable":true,"href":"https:\/\/www.mexicanguitarplayers.com\/en\/wp-json\/wp\/v2\/product_tag?post=10237"}],"curies":[{"name":"wp","href":"https:\/\/api.w.org\/{rel}","templated":true}]}}