{"id":10423,"date":"2022-08-18T01:44:15","date_gmt":"2022-08-18T06:44:15","guid":{"rendered":"https:\/\/www.mexicanguitarplayers.com\/tienda\/sin%20categor\u00eda\/guitarra-blackstar-elec-guitar-pack\/"},"modified":"2026-05-01T07:46:36","modified_gmt":"2026-05-01T13:46:36","slug":"guitarra-blackstar-elec-guitar-pack","status":"publish","type":"product","link":"https:\/\/www.mexicanguitarplayers.com\/en\/tienda\/cuerdas\/guitarras-cuerdas\/electricas\/guitarras-electricas-solidas\/guitarra-blackstar-elec-guitar-pack\/","title":{"rendered":"BLACKSTAR ELECTRIC GUITAR GUITAR-PACK"},"content":{"rendered":"<div style=\"text-align: justify\">\n<div>\n<h3>BLACKSTAR ELECTRIC GUITAR GUITAR-PACK<\/h3>\n<\/div>\n<div>Carry-On travel guitar, made of a single piece of okoume (body and neck), laurel fingerboard, 19 frets, scale length: 20.7\u201d inches (527 mm), mini-humbuckers with coil-split through the volume potentiometer, volume (pull for coil-split) and tone controls, Der Jung Sealed Tuners machinery, 1:14 gear ratio, D&#039;Addario EXL145 nickel wound strings, 12-54 (Heavy), standard package including amplifier of AMPLUG2 headphones, premium cloth bag with shoulder strap and multiple pockets, Webbing Strap guitar baldric, 3 medium gauge guitar picks, travel notebook to write lyrics or ideas and a 0.5 mm Blackstar pen.<\/div>\n<\/div>","protected":false},"excerpt":{"rendered":"<p>Guitarra de viaje Carry-On, fabricada en una sola pieza de okoume (cuerpo y brazo), diapas\u00f3n de laurel, 19 trastes, longitud de escala: 20.7\u201d pulgadas (527 mm), pastillas mini-humbucker con coil-split a trav\u00e9s del potenci\u00f3metro de volumen, controles de volumen (pull para coil-split) y tono, maquinaria Der Jung Sealed Tuners, 1:14 gear ratio, cuerdas D&#8217;Addario EXL145 nickel wound strings, 12-54 (Heavy), paquete standard que incluye amplificador de aud\u00edfonos AMPLUG2, funda premium con resistente tela, correa de hombro y m\u00faltiples bolsillos, tahal\u00ed de guitarra Webbing Strap, 3 p\u00faas de guitarra calibre medio, cuaderno de viaje para escribir letras o ideas y un lapicero Blackstar de 0.5 mm.&hellip; <a class=\"kt-excerpt-readmore more-link\" href=\"https:\/\/www.mexicanguitarplayers.com\/en\/tienda\/cuerdas\/guitarras-cuerdas\/electricas\/guitarras-electricas-solidas\/guitarra-blackstar-elec-guitar-pack\/\">Read more<\/a><\/p>","protected":false},"featured_media":10422,"comment_status":"open","ping_status":"closed","template":"","meta":{"kt_blocks_editor_width":""},"pwb-brand":[172],"product_brand":[],"product_cat":[224,313,312,314],"product_tag":[],"class_list":{"0":"post-10423","1":"product","2":"type-product","3":"status-publish","4":"has-post-thumbnail","6":"pwb-brand-blackstar","7":"product_cat-cuerdas","8":"product_cat-electricas","9":"product_cat-guitarras-cuerdas","10":"product_cat-guitarras-electricas-solidas","11":"product_shipping_class-20-25-kg","13":"first","14":"instock","15":"taxable","16":"shipping-taxable","17":"purchasable","18":"product-type-simple"},"yoast_head":"<!-- This site is optimized with the Yoast SEO plugin v27.5 - https:\/\/yoast.com\/product\/yoast-seo-wordpress\/ -->\n<title>GUITARRA BLACKSTAR ELEC. GUITAR PACK - Mexican Guitar Players<\/title>\n<meta name=\"description\" content=\"GUITARRA BLACKSTAR ELEC. GUITAR PACK. Guitarra de viaje Carry-On, fabricada en una sola pieza de okoume (cuerpo y brazo), diapas\u00f3n de laurel, 19 trastes, longitud de escala: 20.7\u201d pulgadas (527 mm), pastillas mini-humbucker con coil-split a trav\u00e9s del potenci\u00f3metro de volumen, controles de volumen (pull para coil-split) y tono, maquinaria Der Jung Sealed Tuners, 1:14 gear ratio, cuerdas D&#039;Addario EXL145 nickel wound strings, 12-54 (Heavy), paquete standard que incluye amplificador de aud\u00edfonos AMPLUG2, funda premium con resistente tela, correa de hombro y m\u00faltiples bolsillos, tahal\u00ed de guitarra Webbing Strap, 3 p\u00faas de guitarra calibre medio, cuaderno de viaje para escribir letras o ideas y un lapicero Blackstar de 0.5 mm.\" \/>\n<meta name=\"robots\" content=\"index, follow, max-snippet:-1, max-image-preview:large, max-video-preview:-1\" \/>\n<link rel=\"canonical\" href=\"https:\/\/www.mexicanguitarplayers.com\/en\/tienda\/cuerdas\/guitarras-cuerdas\/electricas\/guitarras-electricas-solidas\/guitarra-blackstar-elec-guitar-pack\/\" \/>\n<meta property=\"og:locale\" content=\"en_US\" \/>\n<meta property=\"og:type\" content=\"article\" \/>\n<meta property=\"og:title\" content=\"GUITARRA BLACKSTAR ELEC. GUITAR PACK - Mexican Guitar Players\" \/>\n<meta property=\"og:description\" content=\"GUITARRA BLACKSTAR ELEC. GUITAR PACK. Guitarra de viaje Carry-On, fabricada en una sola pieza de okoume (cuerpo y brazo), diapas\u00f3n de laurel, 19 trastes, longitud de escala: 20.7\u201d pulgadas (527 mm), pastillas mini-humbucker con coil-split a trav\u00e9s del potenci\u00f3metro de volumen, controles de volumen (pull para coil-split) y tono, maquinaria Der Jung Sealed Tuners, 1:14 gear ratio, cuerdas D&#039;Addario EXL145 nickel wound strings, 12-54 (Heavy), paquete standard que incluye amplificador de aud\u00edfonos AMPLUG2, funda premium con resistente tela, correa de hombro y m\u00faltiples bolsillos, tahal\u00ed de guitarra Webbing Strap, 3 p\u00faas de guitarra calibre medio, cuaderno de viaje para escribir letras o ideas y un lapicero Blackstar de 0.5 mm.\" \/>\n<meta property=\"og:url\" content=\"https:\/\/www.mexicanguitarplayers.com\/en\/tienda\/cuerdas\/guitarras-cuerdas\/electricas\/guitarras-electricas-solidas\/guitarra-blackstar-elec-guitar-pack\/\" \/>\n<meta property=\"og:site_name\" content=\"Mexican Guitar Players\" \/>\n<meta property=\"article:modified_time\" content=\"2026-05-01T13:46:36+00:00\" \/>\n<meta property=\"og:image\" content=\"https:\/\/www.mexicanguitarplayers.com\/wp-content\/uploads\/2022\/08\/ISBLSCOGTRPACK.jpg\" \/>\n\t<meta property=\"og:image:width\" content=\"1200\" \/>\n\t<meta property=\"og:image:height\" content=\"1200\" \/>\n\t<meta property=\"og:image:type\" content=\"image\/jpeg\" \/>\n<meta name=\"twitter:card\" content=\"summary_large_image\" \/>\n<meta name=\"twitter:label1\" content=\"Est. reading time\" \/>\n\t<meta name=\"twitter:data1\" content=\"1 minute\" \/>\n<script type=\"application\/ld+json\" class=\"yoast-schema-graph\">{\"@context\":\"https:\\\/\\\/schema.org\",\"@graph\":[{\"@type\":[\"WebPage\",\"ItemPage\"],\"@id\":\"https:\\\/\\\/www.mexicanguitarplayers.com\\\/tienda\\\/cuerdas\\\/guitarras-cuerdas\\\/electricas\\\/guitarras-electricas-solidas\\\/guitarra-blackstar-elec-guitar-pack\\\/\",\"url\":\"https:\\\/\\\/www.mexicanguitarplayers.com\\\/tienda\\\/cuerdas\\\/guitarras-cuerdas\\\/electricas\\\/guitarras-electricas-solidas\\\/guitarra-blackstar-elec-guitar-pack\\\/\",\"name\":\"GUITARRA BLACKSTAR ELEC. GUITAR PACK - Mexican Guitar Players\",\"isPartOf\":{\"@id\":\"https:\\\/\\\/www.mexicanguitarplayers.com\\\/#website\"},\"primaryImageOfPage\":{\"@id\":\"https:\\\/\\\/www.mexicanguitarplayers.com\\\/tienda\\\/cuerdas\\\/guitarras-cuerdas\\\/electricas\\\/guitarras-electricas-solidas\\\/guitarra-blackstar-elec-guitar-pack\\\/#primaryimage\"},\"image\":{\"@id\":\"https:\\\/\\\/www.mexicanguitarplayers.com\\\/tienda\\\/cuerdas\\\/guitarras-cuerdas\\\/electricas\\\/guitarras-electricas-solidas\\\/guitarra-blackstar-elec-guitar-pack\\\/#primaryimage\"},\"thumbnailUrl\":\"https:\\\/\\\/www.mexicanguitarplayers.com\\\/wp-content\\\/uploads\\\/2022\\\/08\\\/ISBLSCOGTRPACK.jpg\",\"datePublished\":\"2022-08-18T06:44:15+00:00\",\"dateModified\":\"2026-05-01T13:46:36+00:00\",\"description\":\"GUITARRA BLACKSTAR ELEC. GUITAR PACK. Guitarra de viaje Carry-On, fabricada en una sola pieza de okoume (cuerpo y brazo), diapas\u00f3n de laurel, 19 trastes, longitud de escala: 20.7\u201d pulgadas (527 mm), pastillas mini-humbucker con coil-split a trav\u00e9s del potenci\u00f3metro de volumen, controles de volumen (pull para coil-split) y tono, maquinaria Der Jung Sealed Tuners, 1:14 gear ratio, cuerdas D'Addario EXL145 nickel wound strings, 12-54 (Heavy), paquete standard que incluye amplificador de aud\u00edfonos AMPLUG2, funda premium con resistente tela, correa de hombro y m\u00faltiples bolsillos, tahal\u00ed de guitarra Webbing Strap, 3 p\u00faas de guitarra calibre medio, cuaderno de viaje para escribir letras o ideas y un lapicero Blackstar de 0.5 mm.\",\"breadcrumb\":{\"@id\":\"https:\\\/\\\/www.mexicanguitarplayers.com\\\/tienda\\\/cuerdas\\\/guitarras-cuerdas\\\/electricas\\\/guitarras-electricas-solidas\\\/guitarra-blackstar-elec-guitar-pack\\\/#breadcrumb\"},\"inLanguage\":\"en-US\",\"potentialAction\":[{\"@type\":\"ReadAction\",\"target\":[\"https:\\\/\\\/www.mexicanguitarplayers.com\\\/tienda\\\/cuerdas\\\/guitarras-cuerdas\\\/electricas\\\/guitarras-electricas-solidas\\\/guitarra-blackstar-elec-guitar-pack\\\/\"]}]},{\"@type\":\"ImageObject\",\"inLanguage\":\"en-US\",\"@id\":\"https:\\\/\\\/www.mexicanguitarplayers.com\\\/tienda\\\/cuerdas\\\/guitarras-cuerdas\\\/electricas\\\/guitarras-electricas-solidas\\\/guitarra-blackstar-elec-guitar-pack\\\/#primaryimage\",\"url\":\"https:\\\/\\\/www.mexicanguitarplayers.com\\\/wp-content\\\/uploads\\\/2022\\\/08\\\/ISBLSCOGTRPACK.jpg\",\"contentUrl\":\"https:\\\/\\\/www.mexicanguitarplayers.com\\\/wp-content\\\/uploads\\\/2022\\\/08\\\/ISBLSCOGTRPACK.jpg\",\"width\":1200,\"height\":1200},{\"@type\":\"BreadcrumbList\",\"@id\":\"https:\\\/\\\/www.mexicanguitarplayers.com\\\/tienda\\\/cuerdas\\\/guitarras-cuerdas\\\/electricas\\\/guitarras-electricas-solidas\\\/guitarra-blackstar-elec-guitar-pack\\\/#breadcrumb\",\"itemListElement\":[{\"@type\":\"ListItem\",\"position\":1,\"name\":\"Portada\",\"item\":\"https:\\\/\\\/www.mexicanguitarplayers.com\\\/\"},{\"@type\":\"ListItem\",\"position\":2,\"name\":\"Tienda\",\"item\":\"https:\\\/\\\/www.mexicanguitarplayers.com\\\/tienda\\\/\"},{\"@type\":\"ListItem\",\"position\":3,\"name\":\"GUITARRA BLACKSTAR ELEC. GUITAR PACK\"}]},{\"@type\":\"WebSite\",\"@id\":\"https:\\\/\\\/www.mexicanguitarplayers.com\\\/#website\",\"url\":\"https:\\\/\\\/www.mexicanguitarplayers.com\\\/\",\"name\":\"Mexican Guitar Players\",\"description\":\"Website\",\"publisher\":{\"@id\":\"https:\\\/\\\/www.mexicanguitarplayers.com\\\/#organization\"},\"potentialAction\":[{\"@type\":\"SearchAction\",\"target\":{\"@type\":\"EntryPoint\",\"urlTemplate\":\"https:\\\/\\\/www.mexicanguitarplayers.com\\\/?s={search_term_string}\"},\"query-input\":{\"@type\":\"PropertyValueSpecification\",\"valueRequired\":true,\"valueName\":\"search_term_string\"}}],\"inLanguage\":\"en-US\"},{\"@type\":\"Organization\",\"@id\":\"https:\\\/\\\/www.mexicanguitarplayers.com\\\/#organization\",\"name\":\"Mexican Guitar Players\",\"url\":\"https:\\\/\\\/www.mexicanguitarplayers.com\\\/\",\"logo\":{\"@type\":\"ImageObject\",\"inLanguage\":\"en-US\",\"@id\":\"https:\\\/\\\/www.mexicanguitarplayers.com\\\/#\\\/schema\\\/logo\\\/image\\\/\",\"url\":\"\",\"contentUrl\":\"\",\"caption\":\"Mexican Guitar Players\"},\"image\":{\"@id\":\"https:\\\/\\\/www.mexicanguitarplayers.com\\\/#\\\/schema\\\/logo\\\/image\\\/\"}}]}<\/script>\n<!-- \/ Yoast SEO plugin. -->","yoast_head_json":{"title":"GUITARRA BLACKSTAR ELEC. GUITAR PACK - Mexican Guitar Players","description":"GUITARRA BLACKSTAR ELEC. GUITAR PACK. Guitarra de viaje Carry-On, fabricada en una sola pieza de okoume (cuerpo y brazo), diapas\u00f3n de laurel, 19 trastes, longitud de escala: 20.7\u201d pulgadas (527 mm), pastillas mini-humbucker con coil-split a trav\u00e9s del potenci\u00f3metro de volumen, controles de volumen (pull para coil-split) y tono, maquinaria Der Jung Sealed Tuners, 1:14 gear ratio, cuerdas D'Addario EXL145 nickel wound strings, 12-54 (Heavy), paquete standard que incluye amplificador de aud\u00edfonos AMPLUG2, funda premium con resistente tela, correa de hombro y m\u00faltiples bolsillos, tahal\u00ed de guitarra Webbing Strap, 3 p\u00faas de guitarra calibre medio, cuaderno de viaje para escribir letras o ideas y un lapicero Blackstar de 0.5 mm.","robots":{"index":"index","follow":"follow","max-snippet":"max-snippet:-1","max-image-preview":"max-image-preview:large","max-video-preview":"max-video-preview:-1"},"canonical":"https:\/\/www.mexicanguitarplayers.com\/en\/tienda\/cuerdas\/guitarras-cuerdas\/electricas\/guitarras-electricas-solidas\/guitarra-blackstar-elec-guitar-pack\/","og_locale":"en_US","og_type":"article","og_title":"GUITARRA BLACKSTAR ELEC. GUITAR PACK - Mexican Guitar Players","og_description":"GUITARRA BLACKSTAR ELEC. GUITAR PACK. Guitarra de viaje Carry-On, fabricada en una sola pieza de okoume (cuerpo y brazo), diapas\u00f3n de laurel, 19 trastes, longitud de escala: 20.7\u201d pulgadas (527 mm), pastillas mini-humbucker con coil-split a trav\u00e9s del potenci\u00f3metro de volumen, controles de volumen (pull para coil-split) y tono, maquinaria Der Jung Sealed Tuners, 1:14 gear ratio, cuerdas D'Addario EXL145 nickel wound strings, 12-54 (Heavy), paquete standard que incluye amplificador de aud\u00edfonos AMPLUG2, funda premium con resistente tela, correa de hombro y m\u00faltiples bolsillos, tahal\u00ed de guitarra Webbing Strap, 3 p\u00faas de guitarra calibre medio, cuaderno de viaje para escribir letras o ideas y un lapicero Blackstar de 0.5 mm.","og_url":"https:\/\/www.mexicanguitarplayers.com\/en\/tienda\/cuerdas\/guitarras-cuerdas\/electricas\/guitarras-electricas-solidas\/guitarra-blackstar-elec-guitar-pack\/","og_site_name":"Mexican Guitar Players","article_modified_time":"2026-05-01T13:46:36+00:00","og_image":[{"width":1200,"height":1200,"url":"https:\/\/www.mexicanguitarplayers.com\/wp-content\/uploads\/2022\/08\/ISBLSCOGTRPACK.jpg","type":"image\/jpeg"}],"twitter_card":"summary_large_image","twitter_misc":{"Est. reading time":"1 minute"},"schema":{"@context":"https:\/\/schema.org","@graph":[{"@type":["WebPage","ItemPage"],"@id":"https:\/\/www.mexicanguitarplayers.com\/tienda\/cuerdas\/guitarras-cuerdas\/electricas\/guitarras-electricas-solidas\/guitarra-blackstar-elec-guitar-pack\/","url":"https:\/\/www.mexicanguitarplayers.com\/tienda\/cuerdas\/guitarras-cuerdas\/electricas\/guitarras-electricas-solidas\/guitarra-blackstar-elec-guitar-pack\/","name":"GUITARRA BLACKSTAR ELEC. GUITAR PACK - Mexican Guitar Players","isPartOf":{"@id":"https:\/\/www.mexicanguitarplayers.com\/#website"},"primaryImageOfPage":{"@id":"https:\/\/www.mexicanguitarplayers.com\/tienda\/cuerdas\/guitarras-cuerdas\/electricas\/guitarras-electricas-solidas\/guitarra-blackstar-elec-guitar-pack\/#primaryimage"},"image":{"@id":"https:\/\/www.mexicanguitarplayers.com\/tienda\/cuerdas\/guitarras-cuerdas\/electricas\/guitarras-electricas-solidas\/guitarra-blackstar-elec-guitar-pack\/#primaryimage"},"thumbnailUrl":"https:\/\/www.mexicanguitarplayers.com\/wp-content\/uploads\/2022\/08\/ISBLSCOGTRPACK.jpg","datePublished":"2022-08-18T06:44:15+00:00","dateModified":"2026-05-01T13:46:36+00:00","description":"GUITARRA BLACKSTAR ELEC. GUITAR PACK. Guitarra de viaje Carry-On, fabricada en una sola pieza de okoume (cuerpo y brazo), diapas\u00f3n de laurel, 19 trastes, longitud de escala: 20.7\u201d pulgadas (527 mm), pastillas mini-humbucker con coil-split a trav\u00e9s del potenci\u00f3metro de volumen, controles de volumen (pull para coil-split) y tono, maquinaria Der Jung Sealed Tuners, 1:14 gear ratio, cuerdas D'Addario EXL145 nickel wound strings, 12-54 (Heavy), paquete standard que incluye amplificador de aud\u00edfonos AMPLUG2, funda premium con resistente tela, correa de hombro y m\u00faltiples bolsillos, tahal\u00ed de guitarra Webbing Strap, 3 p\u00faas de guitarra calibre medio, cuaderno de viaje para escribir letras o ideas y un lapicero Blackstar de 0.5 mm.","breadcrumb":{"@id":"https:\/\/www.mexicanguitarplayers.com\/tienda\/cuerdas\/guitarras-cuerdas\/electricas\/guitarras-electricas-solidas\/guitarra-blackstar-elec-guitar-pack\/#breadcrumb"},"inLanguage":"en-US","potentialAction":[{"@type":"ReadAction","target":["https:\/\/www.mexicanguitarplayers.com\/tienda\/cuerdas\/guitarras-cuerdas\/electricas\/guitarras-electricas-solidas\/guitarra-blackstar-elec-guitar-pack\/"]}]},{"@type":"ImageObject","inLanguage":"en-US","@id":"https:\/\/www.mexicanguitarplayers.com\/tienda\/cuerdas\/guitarras-cuerdas\/electricas\/guitarras-electricas-solidas\/guitarra-blackstar-elec-guitar-pack\/#primaryimage","url":"https:\/\/www.mexicanguitarplayers.com\/wp-content\/uploads\/2022\/08\/ISBLSCOGTRPACK.jpg","contentUrl":"https:\/\/www.mexicanguitarplayers.com\/wp-content\/uploads\/2022\/08\/ISBLSCOGTRPACK.jpg","width":1200,"height":1200},{"@type":"BreadcrumbList","@id":"https:\/\/www.mexicanguitarplayers.com\/tienda\/cuerdas\/guitarras-cuerdas\/electricas\/guitarras-electricas-solidas\/guitarra-blackstar-elec-guitar-pack\/#breadcrumb","itemListElement":[{"@type":"ListItem","position":1,"name":"Portada","item":"https:\/\/www.mexicanguitarplayers.com\/"},{"@type":"ListItem","position":2,"name":"Tienda","item":"https:\/\/www.mexicanguitarplayers.com\/tienda\/"},{"@type":"ListItem","position":3,"name":"GUITARRA BLACKSTAR ELEC. GUITAR PACK"}]},{"@type":"WebSite","@id":"https:\/\/www.mexicanguitarplayers.com\/#website","url":"https:\/\/www.mexicanguitarplayers.com\/","name":"Mexican Guitar Players","description":"Website","publisher":{"@id":"https:\/\/www.mexicanguitarplayers.com\/#organization"},"potentialAction":[{"@type":"SearchAction","target":{"@type":"EntryPoint","urlTemplate":"https:\/\/www.mexicanguitarplayers.com\/?s={search_term_string}"},"query-input":{"@type":"PropertyValueSpecification","valueRequired":true,"valueName":"search_term_string"}}],"inLanguage":"en-US"},{"@type":"Organization","@id":"https:\/\/www.mexicanguitarplayers.com\/#organization","name":"Mexican Guitar Players","url":"https:\/\/www.mexicanguitarplayers.com\/","logo":{"@type":"ImageObject","inLanguage":"en-US","@id":"https:\/\/www.mexicanguitarplayers.com\/#\/schema\/logo\/image\/","url":"","contentUrl":"","caption":"Mexican Guitar Players"},"image":{"@id":"https:\/\/www.mexicanguitarplayers.com\/#\/schema\/logo\/image\/"}}]}},"brands":[{"id":172,"name":"BLACKSTAR","slug":"blackstar"}],"_links":{"self":[{"href":"https:\/\/www.mexicanguitarplayers.com\/en\/wp-json\/wp\/v2\/product\/10423","targetHints":{"allow":["GET"]}}],"collection":[{"href":"https:\/\/www.mexicanguitarplayers.com\/en\/wp-json\/wp\/v2\/product"}],"about":[{"href":"https:\/\/www.mexicanguitarplayers.com\/en\/wp-json\/wp\/v2\/types\/product"}],"replies":[{"embeddable":true,"href":"https:\/\/www.mexicanguitarplayers.com\/en\/wp-json\/wp\/v2\/comments?post=10423"}],"wp:featuredmedia":[{"embeddable":true,"href":"https:\/\/www.mexicanguitarplayers.com\/en\/wp-json\/wp\/v2\/media\/10422"}],"wp:attachment":[{"href":"https:\/\/www.mexicanguitarplayers.com\/en\/wp-json\/wp\/v2\/media?parent=10423"}],"wp:term":[{"taxonomy":"pwb-brand","embeddable":true,"href":"https:\/\/www.mexicanguitarplayers.com\/en\/wp-json\/wp\/v2\/pwb-brand?post=10423"},{"taxonomy":"product_brand","embeddable":true,"href":"https:\/\/www.mexicanguitarplayers.com\/en\/wp-json\/wp\/v2\/product_brand?post=10423"},{"taxonomy":"product_cat","embeddable":true,"href":"https:\/\/www.mexicanguitarplayers.com\/en\/wp-json\/wp\/v2\/product_cat?post=10423"},{"taxonomy":"product_tag","embeddable":true,"href":"https:\/\/www.mexicanguitarplayers.com\/en\/wp-json\/wp\/v2\/product_tag?post=10423"}],"curies":[{"name":"wp","href":"https:\/\/api.w.org\/{rel}","templated":true}]}}