{"id":10451,"date":"2022-08-18T01:44:56","date_gmt":"2022-08-18T06:44:56","guid":{"rendered":"https:\/\/www.mexicanguitarplayers.com\/tienda\/sin%20categor\u00eda\/ukelele-flight-tenor-elect-centurion\/"},"modified":"2026-04-10T01:30:16","modified_gmt":"2026-04-10T07:30:16","slug":"ukelele-flight-tenor-elect-centurion","status":"publish","type":"product","link":"https:\/\/www.mexicanguitarplayers.com\/en\/tienda\/cuerdas\/folkloricos-y-regionales\/ukelele-flight-tenor-elect-centurion\/","title":{"rendered":"UKULELE FLIGHT TENOR ELECT. CENTURION"},"content":{"rendered":"<div style=\"text-align: justify\">\n<div>\n<h3>UKULELE FLIGHT TENOR ELECT. CENTURION<\/h3>\n<\/div>\n<div>Electric Tenor Ukulele, 19 frets (14 to body), solid mahogany body, gloss black head veneer, mahogany neck, mixed ebony fretboard, 35mm wide bone nut, fixed hard tail bridge, string method string through, 2 humbucking pickups, HH configuration, 2 volume and 2 tone controls, 3-way toggle switch, position markers at frets 3, 5, 7, 10, 12, 15, 17 and 19, GCEA linear tuning , metal strings, includes 15 mm padded bag.<\/div>\n<\/div>","protected":false},"excerpt":{"rendered":"<p>Ukelele el\u00e9ctrico tenor, 19 trastes (14 al cuerpo), cuerpo de caoba s\u00f3lida, chapa de cabezal en negro brillante, brazo de caoba, diapas\u00f3n de \u00e9bano mixto, cejuela de hueso de 35 mm de ancho, puente fijo hard tail, m\u00e9todo de cuerda string through, 2 pastillas humbuckers, configuraci\u00f3n HH, 2 controles de volumen y 2 controles de tono, selector de 3 posiciones, marcadores de posici\u00f3n en los trastes 3, 5, 7, 10, 12, 15, 17 y 19, afinaci\u00f3n lineal GCEA, cuerdas met\u00e1licas, incluye funda con acolchado de 15 mm.&hellip; <a class=\"kt-excerpt-readmore more-link\" href=\"https:\/\/www.mexicanguitarplayers.com\/en\/tienda\/cuerdas\/folkloricos-y-regionales\/ukelele-flight-tenor-elect-centurion\/\">Read more<\/a><\/p>","protected":false},"featured_media":10450,"comment_status":"open","ping_status":"closed","template":"","meta":{"kt_blocks_editor_width":""},"pwb-brand":[322],"product_brand":[],"product_cat":[224,320],"product_tag":[],"class_list":{"0":"post-10451","1":"product","2":"type-product","3":"status-publish","4":"has-post-thumbnail","6":"pwb-brand-flight","7":"product_cat-cuerdas","8":"product_cat-folkloricos-y-regionales","9":"product_shipping_class-5-10-kg","11":"first","12":"outofstock","13":"taxable","14":"shipping-taxable","15":"purchasable","16":"product-type-simple"},"yoast_head":"<!-- This site is optimized with the Yoast SEO plugin v27.5 - https:\/\/yoast.com\/product\/yoast-seo-wordpress\/ -->\n<title>UKELELE FLIGHT TENOR ELECT. CENTURION - Mexican Guitar Players<\/title>\n<meta name=\"description\" content=\"UKELELE FLIGHT TENOR ELECT. CENTURION. Ukelele el\u00e9ctrico tenor, 19 trastes (14 al cuerpo), cuerpo de caoba s\u00f3lida, chapa de cabezal en negro brillante, brazo de caoba, diapas\u00f3n de \u00e9bano mixto, cejuela de hueso de 35 mm de ancho, puente fijo hard tail, m\u00e9todo de cuerda string through, 2 pastillas humbuckers, configuraci\u00f3n HH, 2 controles de volumen y 2 controles de tono, selector de 3 posiciones, marcadores de posici\u00f3n en los trastes 3, 5, 7, 10, 12, 15, 17 y 19, afinaci\u00f3n lineal GCEA, cuerdas met\u00e1licas, incluye funda con acolchado de 15 mm.\" \/>\n<meta name=\"robots\" content=\"index, follow, max-snippet:-1, max-image-preview:large, max-video-preview:-1\" \/>\n<link rel=\"canonical\" href=\"https:\/\/www.mexicanguitarplayers.com\/en\/tienda\/cuerdas\/folkloricos-y-regionales\/ukelele-flight-tenor-elect-centurion\/\" \/>\n<meta property=\"og:locale\" content=\"en_US\" \/>\n<meta property=\"og:type\" content=\"article\" \/>\n<meta property=\"og:title\" content=\"UKELELE FLIGHT TENOR ELECT. CENTURION - Mexican Guitar Players\" \/>\n<meta property=\"og:description\" content=\"UKELELE FLIGHT TENOR ELECT. CENTURION. Ukelele el\u00e9ctrico tenor, 19 trastes (14 al cuerpo), cuerpo de caoba s\u00f3lida, chapa de cabezal en negro brillante, brazo de caoba, diapas\u00f3n de \u00e9bano mixto, cejuela de hueso de 35 mm de ancho, puente fijo hard tail, m\u00e9todo de cuerda string through, 2 pastillas humbuckers, configuraci\u00f3n HH, 2 controles de volumen y 2 controles de tono, selector de 3 posiciones, marcadores de posici\u00f3n en los trastes 3, 5, 7, 10, 12, 15, 17 y 19, afinaci\u00f3n lineal GCEA, cuerdas met\u00e1licas, incluye funda con acolchado de 15 mm.\" \/>\n<meta property=\"og:url\" content=\"https:\/\/www.mexicanguitarplayers.com\/en\/tienda\/cuerdas\/folkloricos-y-regionales\/ukelele-flight-tenor-elect-centurion\/\" \/>\n<meta property=\"og:site_name\" content=\"Mexican Guitar Players\" \/>\n<meta property=\"article:modified_time\" content=\"2026-04-10T07:30:16+00:00\" \/>\n<meta property=\"og:image\" content=\"https:\/\/www.mexicanguitarplayers.com\/wp-content\/uploads\/2022\/08\/ISFLICENTURION.jpg\" \/>\n\t<meta property=\"og:image:width\" content=\"800\" \/>\n\t<meta property=\"og:image:height\" content=\"1600\" \/>\n\t<meta property=\"og:image:type\" content=\"image\/jpeg\" \/>\n<meta name=\"twitter:card\" content=\"summary_large_image\" \/>\n<script type=\"application\/ld+json\" class=\"yoast-schema-graph\">{\"@context\":\"https:\\\/\\\/schema.org\",\"@graph\":[{\"@type\":[\"WebPage\",\"ItemPage\"],\"@id\":\"https:\\\/\\\/www.mexicanguitarplayers.com\\\/tienda\\\/cuerdas\\\/folkloricos-y-regionales\\\/ukelele-flight-tenor-elect-centurion\\\/\",\"url\":\"https:\\\/\\\/www.mexicanguitarplayers.com\\\/tienda\\\/cuerdas\\\/folkloricos-y-regionales\\\/ukelele-flight-tenor-elect-centurion\\\/\",\"name\":\"UKELELE FLIGHT TENOR ELECT. CENTURION - Mexican Guitar Players\",\"isPartOf\":{\"@id\":\"https:\\\/\\\/www.mexicanguitarplayers.com\\\/#website\"},\"primaryImageOfPage\":{\"@id\":\"https:\\\/\\\/www.mexicanguitarplayers.com\\\/tienda\\\/cuerdas\\\/folkloricos-y-regionales\\\/ukelele-flight-tenor-elect-centurion\\\/#primaryimage\"},\"image\":{\"@id\":\"https:\\\/\\\/www.mexicanguitarplayers.com\\\/tienda\\\/cuerdas\\\/folkloricos-y-regionales\\\/ukelele-flight-tenor-elect-centurion\\\/#primaryimage\"},\"thumbnailUrl\":\"https:\\\/\\\/www.mexicanguitarplayers.com\\\/wp-content\\\/uploads\\\/2022\\\/08\\\/ISFLICENTURION.jpg\",\"datePublished\":\"2022-08-18T06:44:56+00:00\",\"dateModified\":\"2026-04-10T07:30:16+00:00\",\"description\":\"UKELELE FLIGHT TENOR ELECT. CENTURION. Ukelele el\u00e9ctrico tenor, 19 trastes (14 al cuerpo), cuerpo de caoba s\u00f3lida, chapa de cabezal en negro brillante, brazo de caoba, diapas\u00f3n de \u00e9bano mixto, cejuela de hueso de 35 mm de ancho, puente fijo hard tail, m\u00e9todo de cuerda string through, 2 pastillas humbuckers, configuraci\u00f3n HH, 2 controles de volumen y 2 controles de tono, selector de 3 posiciones, marcadores de posici\u00f3n en los trastes 3, 5, 7, 10, 12, 15, 17 y 19, afinaci\u00f3n lineal GCEA, cuerdas met\u00e1licas, incluye funda con acolchado de 15 mm.\",\"breadcrumb\":{\"@id\":\"https:\\\/\\\/www.mexicanguitarplayers.com\\\/tienda\\\/cuerdas\\\/folkloricos-y-regionales\\\/ukelele-flight-tenor-elect-centurion\\\/#breadcrumb\"},\"inLanguage\":\"en-US\",\"potentialAction\":[{\"@type\":\"ReadAction\",\"target\":[\"https:\\\/\\\/www.mexicanguitarplayers.com\\\/tienda\\\/cuerdas\\\/folkloricos-y-regionales\\\/ukelele-flight-tenor-elect-centurion\\\/\"]}]},{\"@type\":\"ImageObject\",\"inLanguage\":\"en-US\",\"@id\":\"https:\\\/\\\/www.mexicanguitarplayers.com\\\/tienda\\\/cuerdas\\\/folkloricos-y-regionales\\\/ukelele-flight-tenor-elect-centurion\\\/#primaryimage\",\"url\":\"https:\\\/\\\/www.mexicanguitarplayers.com\\\/wp-content\\\/uploads\\\/2022\\\/08\\\/ISFLICENTURION.jpg\",\"contentUrl\":\"https:\\\/\\\/www.mexicanguitarplayers.com\\\/wp-content\\\/uploads\\\/2022\\\/08\\\/ISFLICENTURION.jpg\",\"width\":800,\"height\":1600},{\"@type\":\"BreadcrumbList\",\"@id\":\"https:\\\/\\\/www.mexicanguitarplayers.com\\\/tienda\\\/cuerdas\\\/folkloricos-y-regionales\\\/ukelele-flight-tenor-elect-centurion\\\/#breadcrumb\",\"itemListElement\":[{\"@type\":\"ListItem\",\"position\":1,\"name\":\"Portada\",\"item\":\"https:\\\/\\\/www.mexicanguitarplayers.com\\\/\"},{\"@type\":\"ListItem\",\"position\":2,\"name\":\"Tienda\",\"item\":\"https:\\\/\\\/www.mexicanguitarplayers.com\\\/tienda\\\/\"},{\"@type\":\"ListItem\",\"position\":3,\"name\":\"UKELELE FLIGHT TENOR ELECT. CENTURION\"}]},{\"@type\":\"WebSite\",\"@id\":\"https:\\\/\\\/www.mexicanguitarplayers.com\\\/#website\",\"url\":\"https:\\\/\\\/www.mexicanguitarplayers.com\\\/\",\"name\":\"Mexican Guitar Players\",\"description\":\"Website\",\"publisher\":{\"@id\":\"https:\\\/\\\/www.mexicanguitarplayers.com\\\/#organization\"},\"potentialAction\":[{\"@type\":\"SearchAction\",\"target\":{\"@type\":\"EntryPoint\",\"urlTemplate\":\"https:\\\/\\\/www.mexicanguitarplayers.com\\\/?s={search_term_string}\"},\"query-input\":{\"@type\":\"PropertyValueSpecification\",\"valueRequired\":true,\"valueName\":\"search_term_string\"}}],\"inLanguage\":\"en-US\"},{\"@type\":\"Organization\",\"@id\":\"https:\\\/\\\/www.mexicanguitarplayers.com\\\/#organization\",\"name\":\"Mexican Guitar Players\",\"url\":\"https:\\\/\\\/www.mexicanguitarplayers.com\\\/\",\"logo\":{\"@type\":\"ImageObject\",\"inLanguage\":\"en-US\",\"@id\":\"https:\\\/\\\/www.mexicanguitarplayers.com\\\/#\\\/schema\\\/logo\\\/image\\\/\",\"url\":\"\",\"contentUrl\":\"\",\"caption\":\"Mexican Guitar Players\"},\"image\":{\"@id\":\"https:\\\/\\\/www.mexicanguitarplayers.com\\\/#\\\/schema\\\/logo\\\/image\\\/\"}}]}<\/script>\n<!-- \/ Yoast SEO plugin. -->","yoast_head_json":{"title":"UKELELE FLIGHT TENOR ELECT. CENTURION - Mexican Guitar Players","description":"UKELELE FLIGHT TENOR ELECT. CENTURION. Ukelele el\u00e9ctrico tenor, 19 trastes (14 al cuerpo), cuerpo de caoba s\u00f3lida, chapa de cabezal en negro brillante, brazo de caoba, diapas\u00f3n de \u00e9bano mixto, cejuela de hueso de 35 mm de ancho, puente fijo hard tail, m\u00e9todo de cuerda string through, 2 pastillas humbuckers, configuraci\u00f3n HH, 2 controles de volumen y 2 controles de tono, selector de 3 posiciones, marcadores de posici\u00f3n en los trastes 3, 5, 7, 10, 12, 15, 17 y 19, afinaci\u00f3n lineal GCEA, cuerdas met\u00e1licas, incluye funda con acolchado de 15 mm.","robots":{"index":"index","follow":"follow","max-snippet":"max-snippet:-1","max-image-preview":"max-image-preview:large","max-video-preview":"max-video-preview:-1"},"canonical":"https:\/\/www.mexicanguitarplayers.com\/en\/tienda\/cuerdas\/folkloricos-y-regionales\/ukelele-flight-tenor-elect-centurion\/","og_locale":"en_US","og_type":"article","og_title":"UKELELE FLIGHT TENOR ELECT. CENTURION - Mexican Guitar Players","og_description":"UKELELE FLIGHT TENOR ELECT. CENTURION. Ukelele el\u00e9ctrico tenor, 19 trastes (14 al cuerpo), cuerpo de caoba s\u00f3lida, chapa de cabezal en negro brillante, brazo de caoba, diapas\u00f3n de \u00e9bano mixto, cejuela de hueso de 35 mm de ancho, puente fijo hard tail, m\u00e9todo de cuerda string through, 2 pastillas humbuckers, configuraci\u00f3n HH, 2 controles de volumen y 2 controles de tono, selector de 3 posiciones, marcadores de posici\u00f3n en los trastes 3, 5, 7, 10, 12, 15, 17 y 19, afinaci\u00f3n lineal GCEA, cuerdas met\u00e1licas, incluye funda con acolchado de 15 mm.","og_url":"https:\/\/www.mexicanguitarplayers.com\/en\/tienda\/cuerdas\/folkloricos-y-regionales\/ukelele-flight-tenor-elect-centurion\/","og_site_name":"Mexican Guitar Players","article_modified_time":"2026-04-10T07:30:16+00:00","og_image":[{"width":800,"height":1600,"url":"https:\/\/www.mexicanguitarplayers.com\/wp-content\/uploads\/2022\/08\/ISFLICENTURION.jpg","type":"image\/jpeg"}],"twitter_card":"summary_large_image","schema":{"@context":"https:\/\/schema.org","@graph":[{"@type":["WebPage","ItemPage"],"@id":"https:\/\/www.mexicanguitarplayers.com\/tienda\/cuerdas\/folkloricos-y-regionales\/ukelele-flight-tenor-elect-centurion\/","url":"https:\/\/www.mexicanguitarplayers.com\/tienda\/cuerdas\/folkloricos-y-regionales\/ukelele-flight-tenor-elect-centurion\/","name":"UKELELE FLIGHT TENOR ELECT. CENTURION - Mexican Guitar Players","isPartOf":{"@id":"https:\/\/www.mexicanguitarplayers.com\/#website"},"primaryImageOfPage":{"@id":"https:\/\/www.mexicanguitarplayers.com\/tienda\/cuerdas\/folkloricos-y-regionales\/ukelele-flight-tenor-elect-centurion\/#primaryimage"},"image":{"@id":"https:\/\/www.mexicanguitarplayers.com\/tienda\/cuerdas\/folkloricos-y-regionales\/ukelele-flight-tenor-elect-centurion\/#primaryimage"},"thumbnailUrl":"https:\/\/www.mexicanguitarplayers.com\/wp-content\/uploads\/2022\/08\/ISFLICENTURION.jpg","datePublished":"2022-08-18T06:44:56+00:00","dateModified":"2026-04-10T07:30:16+00:00","description":"UKELELE FLIGHT TENOR ELECT. CENTURION. Ukelele el\u00e9ctrico tenor, 19 trastes (14 al cuerpo), cuerpo de caoba s\u00f3lida, chapa de cabezal en negro brillante, brazo de caoba, diapas\u00f3n de \u00e9bano mixto, cejuela de hueso de 35 mm de ancho, puente fijo hard tail, m\u00e9todo de cuerda string through, 2 pastillas humbuckers, configuraci\u00f3n HH, 2 controles de volumen y 2 controles de tono, selector de 3 posiciones, marcadores de posici\u00f3n en los trastes 3, 5, 7, 10, 12, 15, 17 y 19, afinaci\u00f3n lineal GCEA, cuerdas met\u00e1licas, incluye funda con acolchado de 15 mm.","breadcrumb":{"@id":"https:\/\/www.mexicanguitarplayers.com\/tienda\/cuerdas\/folkloricos-y-regionales\/ukelele-flight-tenor-elect-centurion\/#breadcrumb"},"inLanguage":"en-US","potentialAction":[{"@type":"ReadAction","target":["https:\/\/www.mexicanguitarplayers.com\/tienda\/cuerdas\/folkloricos-y-regionales\/ukelele-flight-tenor-elect-centurion\/"]}]},{"@type":"ImageObject","inLanguage":"en-US","@id":"https:\/\/www.mexicanguitarplayers.com\/tienda\/cuerdas\/folkloricos-y-regionales\/ukelele-flight-tenor-elect-centurion\/#primaryimage","url":"https:\/\/www.mexicanguitarplayers.com\/wp-content\/uploads\/2022\/08\/ISFLICENTURION.jpg","contentUrl":"https:\/\/www.mexicanguitarplayers.com\/wp-content\/uploads\/2022\/08\/ISFLICENTURION.jpg","width":800,"height":1600},{"@type":"BreadcrumbList","@id":"https:\/\/www.mexicanguitarplayers.com\/tienda\/cuerdas\/folkloricos-y-regionales\/ukelele-flight-tenor-elect-centurion\/#breadcrumb","itemListElement":[{"@type":"ListItem","position":1,"name":"Portada","item":"https:\/\/www.mexicanguitarplayers.com\/"},{"@type":"ListItem","position":2,"name":"Tienda","item":"https:\/\/www.mexicanguitarplayers.com\/tienda\/"},{"@type":"ListItem","position":3,"name":"UKELELE FLIGHT TENOR ELECT. CENTURION"}]},{"@type":"WebSite","@id":"https:\/\/www.mexicanguitarplayers.com\/#website","url":"https:\/\/www.mexicanguitarplayers.com\/","name":"Mexican Guitar Players","description":"Website","publisher":{"@id":"https:\/\/www.mexicanguitarplayers.com\/#organization"},"potentialAction":[{"@type":"SearchAction","target":{"@type":"EntryPoint","urlTemplate":"https:\/\/www.mexicanguitarplayers.com\/?s={search_term_string}"},"query-input":{"@type":"PropertyValueSpecification","valueRequired":true,"valueName":"search_term_string"}}],"inLanguage":"en-US"},{"@type":"Organization","@id":"https:\/\/www.mexicanguitarplayers.com\/#organization","name":"Mexican Guitar Players","url":"https:\/\/www.mexicanguitarplayers.com\/","logo":{"@type":"ImageObject","inLanguage":"en-US","@id":"https:\/\/www.mexicanguitarplayers.com\/#\/schema\/logo\/image\/","url":"","contentUrl":"","caption":"Mexican Guitar Players"},"image":{"@id":"https:\/\/www.mexicanguitarplayers.com\/#\/schema\/logo\/image\/"}}]}},"brands":[{"id":322,"name":"FLIGHT","slug":"flight"}],"_links":{"self":[{"href":"https:\/\/www.mexicanguitarplayers.com\/en\/wp-json\/wp\/v2\/product\/10451","targetHints":{"allow":["GET"]}}],"collection":[{"href":"https:\/\/www.mexicanguitarplayers.com\/en\/wp-json\/wp\/v2\/product"}],"about":[{"href":"https:\/\/www.mexicanguitarplayers.com\/en\/wp-json\/wp\/v2\/types\/product"}],"replies":[{"embeddable":true,"href":"https:\/\/www.mexicanguitarplayers.com\/en\/wp-json\/wp\/v2\/comments?post=10451"}],"wp:featuredmedia":[{"embeddable":true,"href":"https:\/\/www.mexicanguitarplayers.com\/en\/wp-json\/wp\/v2\/media\/10450"}],"wp:attachment":[{"href":"https:\/\/www.mexicanguitarplayers.com\/en\/wp-json\/wp\/v2\/media?parent=10451"}],"wp:term":[{"taxonomy":"pwb-brand","embeddable":true,"href":"https:\/\/www.mexicanguitarplayers.com\/en\/wp-json\/wp\/v2\/pwb-brand?post=10451"},{"taxonomy":"product_brand","embeddable":true,"href":"https:\/\/www.mexicanguitarplayers.com\/en\/wp-json\/wp\/v2\/product_brand?post=10451"},{"taxonomy":"product_cat","embeddable":true,"href":"https:\/\/www.mexicanguitarplayers.com\/en\/wp-json\/wp\/v2\/product_cat?post=10451"},{"taxonomy":"product_tag","embeddable":true,"href":"https:\/\/www.mexicanguitarplayers.com\/en\/wp-json\/wp\/v2\/product_tag?post=10451"}],"curies":[{"name":"wp","href":"https:\/\/api.w.org\/{rel}","templated":true}]}}