{"id":10468,"date":"2022-08-18T01:45:24","date_gmt":"2022-08-18T06:45:24","guid":{"rendered":"https:\/\/www.mexicanguitarplayers.com\/tienda\/sin%20categor\u00eda\/ukelele-flight-concierto-mod-nuc200-teak\/"},"modified":"2026-04-10T05:21:00","modified_gmt":"2026-04-10T11:21:00","slug":"ukelele-flight-concierto-mod-nuc200-teak","status":"publish","type":"product","link":"https:\/\/www.mexicanguitarplayers.com\/en\/tienda\/cuerdas\/folkloricos-y-regionales\/ukelele-flight-concierto-mod-nuc200-teak\/","title":{"rendered":"UKULELE FLIGHT CONCERT MOD NUC200 TEAK"},"content":{"rendered":"<div style=\"text-align: justify\">\n<div>\n<h3>UKULELE FLIGHT CONCERT MOD NUC200 TEAK<\/h3>\n<\/div>\n<div>Concert size acoustic ukulele, 18 frets, laminated teak top, back and sides, rhea bridge, meranti neck, rhea fingerboard, PPS nut and saddle, 38mm wide nut, position markers at frets 5, 7, 10, 12 &amp; 14, Arched Back, Open Gear Tuners, Nylon Strings, Includes Gig Bag &amp; Instruction Booklet.<\/div>\n<\/div>","protected":false},"excerpt":{"rendered":"<p>Ukelele ac\u00fastico tama\u00f1o concierto, 18 trastes, tapa, fondo y aros de teca laminada, puente de \u00f1and\u00fa, brazo de meranti, diapas\u00f3n de \u00f1and\u00fa, cejuela y montura de PPS, cejuela de 38 mm de ancho, marcadores de posici\u00f3n en los trastes 5, 7, 10, 12 y 14, espalda arqueada, afinadores de engranajes abiertos, cuerdas de nylon, incluye funda de transporte y folleto de instrucciones.&hellip; <a class=\"kt-excerpt-readmore more-link\" href=\"https:\/\/www.mexicanguitarplayers.com\/en\/tienda\/cuerdas\/folkloricos-y-regionales\/ukelele-flight-concierto-mod-nuc200-teak\/\">Read more<\/a><\/p>","protected":false},"featured_media":10467,"comment_status":"open","ping_status":"closed","template":"","meta":{"kt_blocks_editor_width":""},"pwb-brand":[322],"product_brand":[],"product_cat":[224,320],"product_tag":[],"class_list":{"0":"post-10468","1":"product","2":"type-product","3":"status-publish","4":"has-post-thumbnail","6":"pwb-brand-flight","7":"product_cat-cuerdas","8":"product_cat-folkloricos-y-regionales","9":"product_shipping_class-0-5-kg","11":"first","12":"outofstock","13":"taxable","14":"shipping-taxable","15":"purchasable","16":"product-type-simple"},"yoast_head":"<!-- This site is optimized with the Yoast SEO plugin v27.6 - https:\/\/yoast.com\/product\/yoast-seo-wordpress\/ -->\n<title>UKELELE FLIGHT CONCIERTO MOD NUC200 TEAK - Mexican Guitar Players<\/title>\n<meta name=\"description\" content=\"UKELELE FLIGHT CONCIERTO MOD NUC200 TEAK. Ukelele ac\u00fastico tama\u00f1o concierto, 18 trastes, tapa, fondo y aros de teca laminada, puente de \u00f1and\u00fa, brazo de meranti, diapas\u00f3n de \u00f1and\u00fa, cejuela y montura de PPS, cejuela de 38 mm de ancho, marcadores de posici\u00f3n en los trastes 5, 7, 10, 12 y 14, espalda arqueada, afinadores de engranajes abiertos, cuerdas de nylon, incluye funda de transporte y folleto de instrucciones.\" \/>\n<meta name=\"robots\" content=\"index, follow, max-snippet:-1, max-image-preview:large, max-video-preview:-1\" \/>\n<link rel=\"canonical\" href=\"https:\/\/www.mexicanguitarplayers.com\/en\/tienda\/cuerdas\/folkloricos-y-regionales\/ukelele-flight-concierto-mod-nuc200-teak\/\" \/>\n<meta property=\"og:locale\" content=\"en_US\" \/>\n<meta property=\"og:type\" content=\"article\" \/>\n<meta property=\"og:title\" content=\"UKELELE FLIGHT CONCIERTO MOD NUC200 TEAK - Mexican Guitar Players\" \/>\n<meta property=\"og:description\" content=\"UKELELE FLIGHT CONCIERTO MOD NUC200 TEAK. Ukelele ac\u00fastico tama\u00f1o concierto, 18 trastes, tapa, fondo y aros de teca laminada, puente de \u00f1and\u00fa, brazo de meranti, diapas\u00f3n de \u00f1and\u00fa, cejuela y montura de PPS, cejuela de 38 mm de ancho, marcadores de posici\u00f3n en los trastes 5, 7, 10, 12 y 14, espalda arqueada, afinadores de engranajes abiertos, cuerdas de nylon, incluye funda de transporte y folleto de instrucciones.\" \/>\n<meta property=\"og:url\" content=\"https:\/\/www.mexicanguitarplayers.com\/en\/tienda\/cuerdas\/folkloricos-y-regionales\/ukelele-flight-concierto-mod-nuc200-teak\/\" \/>\n<meta property=\"og:site_name\" content=\"Mexican Guitar Players\" \/>\n<meta property=\"article:modified_time\" content=\"2026-04-10T11:21:00+00:00\" \/>\n<meta property=\"og:image\" content=\"https:\/\/www.mexicanguitarplayers.com\/wp-content\/uploads\/2022\/08\/ISFLINUC200.jpg\" \/>\n\t<meta property=\"og:image:width\" content=\"800\" \/>\n\t<meta property=\"og:image:height\" content=\"1600\" \/>\n\t<meta property=\"og:image:type\" content=\"image\/jpeg\" \/>\n<meta name=\"twitter:card\" content=\"summary_large_image\" \/>\n<script type=\"application\/ld+json\" class=\"yoast-schema-graph\">{\"@context\":\"https:\\\/\\\/schema.org\",\"@graph\":[{\"@type\":[\"WebPage\",\"ItemPage\"],\"@id\":\"https:\\\/\\\/www.mexicanguitarplayers.com\\\/tienda\\\/cuerdas\\\/folkloricos-y-regionales\\\/ukelele-flight-concierto-mod-nuc200-teak\\\/\",\"url\":\"https:\\\/\\\/www.mexicanguitarplayers.com\\\/tienda\\\/cuerdas\\\/folkloricos-y-regionales\\\/ukelele-flight-concierto-mod-nuc200-teak\\\/\",\"name\":\"UKELELE FLIGHT CONCIERTO MOD NUC200 TEAK - Mexican Guitar Players\",\"isPartOf\":{\"@id\":\"https:\\\/\\\/www.mexicanguitarplayers.com\\\/#website\"},\"primaryImageOfPage\":{\"@id\":\"https:\\\/\\\/www.mexicanguitarplayers.com\\\/tienda\\\/cuerdas\\\/folkloricos-y-regionales\\\/ukelele-flight-concierto-mod-nuc200-teak\\\/#primaryimage\"},\"image\":{\"@id\":\"https:\\\/\\\/www.mexicanguitarplayers.com\\\/tienda\\\/cuerdas\\\/folkloricos-y-regionales\\\/ukelele-flight-concierto-mod-nuc200-teak\\\/#primaryimage\"},\"thumbnailUrl\":\"https:\\\/\\\/www.mexicanguitarplayers.com\\\/wp-content\\\/uploads\\\/2022\\\/08\\\/ISFLINUC200.jpg\",\"datePublished\":\"2022-08-18T06:45:24+00:00\",\"dateModified\":\"2026-04-10T11:21:00+00:00\",\"description\":\"UKELELE FLIGHT CONCIERTO MOD NUC200 TEAK. Ukelele ac\u00fastico tama\u00f1o concierto, 18 trastes, tapa, fondo y aros de teca laminada, puente de \u00f1and\u00fa, brazo de meranti, diapas\u00f3n de \u00f1and\u00fa, cejuela y montura de PPS, cejuela de 38 mm de ancho, marcadores de posici\u00f3n en los trastes 5, 7, 10, 12 y 14, espalda arqueada, afinadores de engranajes abiertos, cuerdas de nylon, incluye funda de transporte y folleto de instrucciones.\",\"breadcrumb\":{\"@id\":\"https:\\\/\\\/www.mexicanguitarplayers.com\\\/tienda\\\/cuerdas\\\/folkloricos-y-regionales\\\/ukelele-flight-concierto-mod-nuc200-teak\\\/#breadcrumb\"},\"inLanguage\":\"en-US\",\"potentialAction\":[{\"@type\":\"ReadAction\",\"target\":[\"https:\\\/\\\/www.mexicanguitarplayers.com\\\/tienda\\\/cuerdas\\\/folkloricos-y-regionales\\\/ukelele-flight-concierto-mod-nuc200-teak\\\/\"]}]},{\"@type\":\"ImageObject\",\"inLanguage\":\"en-US\",\"@id\":\"https:\\\/\\\/www.mexicanguitarplayers.com\\\/tienda\\\/cuerdas\\\/folkloricos-y-regionales\\\/ukelele-flight-concierto-mod-nuc200-teak\\\/#primaryimage\",\"url\":\"https:\\\/\\\/www.mexicanguitarplayers.com\\\/wp-content\\\/uploads\\\/2022\\\/08\\\/ISFLINUC200.jpg\",\"contentUrl\":\"https:\\\/\\\/www.mexicanguitarplayers.com\\\/wp-content\\\/uploads\\\/2022\\\/08\\\/ISFLINUC200.jpg\",\"width\":800,\"height\":1600},{\"@type\":\"BreadcrumbList\",\"@id\":\"https:\\\/\\\/www.mexicanguitarplayers.com\\\/tienda\\\/cuerdas\\\/folkloricos-y-regionales\\\/ukelele-flight-concierto-mod-nuc200-teak\\\/#breadcrumb\",\"itemListElement\":[{\"@type\":\"ListItem\",\"position\":1,\"name\":\"Portada\",\"item\":\"https:\\\/\\\/www.mexicanguitarplayers.com\\\/\"},{\"@type\":\"ListItem\",\"position\":2,\"name\":\"Tienda\",\"item\":\"https:\\\/\\\/www.mexicanguitarplayers.com\\\/tienda\\\/\"},{\"@type\":\"ListItem\",\"position\":3,\"name\":\"UKELELE FLIGHT CONCIERTO MOD NUC200 TEAK\"}]},{\"@type\":\"WebSite\",\"@id\":\"https:\\\/\\\/www.mexicanguitarplayers.com\\\/#website\",\"url\":\"https:\\\/\\\/www.mexicanguitarplayers.com\\\/\",\"name\":\"Mexican Guitar Players\",\"description\":\"Website\",\"publisher\":{\"@id\":\"https:\\\/\\\/www.mexicanguitarplayers.com\\\/#organization\"},\"potentialAction\":[{\"@type\":\"SearchAction\",\"target\":{\"@type\":\"EntryPoint\",\"urlTemplate\":\"https:\\\/\\\/www.mexicanguitarplayers.com\\\/?s={search_term_string}\"},\"query-input\":{\"@type\":\"PropertyValueSpecification\",\"valueRequired\":true,\"valueName\":\"search_term_string\"}}],\"inLanguage\":\"en-US\"},{\"@type\":\"Organization\",\"@id\":\"https:\\\/\\\/www.mexicanguitarplayers.com\\\/#organization\",\"name\":\"Mexican Guitar Players\",\"url\":\"https:\\\/\\\/www.mexicanguitarplayers.com\\\/\",\"logo\":{\"@type\":\"ImageObject\",\"inLanguage\":\"en-US\",\"@id\":\"https:\\\/\\\/www.mexicanguitarplayers.com\\\/#\\\/schema\\\/logo\\\/image\\\/\",\"url\":\"\",\"contentUrl\":\"\",\"caption\":\"Mexican Guitar Players\"},\"image\":{\"@id\":\"https:\\\/\\\/www.mexicanguitarplayers.com\\\/#\\\/schema\\\/logo\\\/image\\\/\"}}]}<\/script>\n<!-- \/ Yoast SEO plugin. -->","yoast_head_json":{"title":"UKELELE FLIGHT CONCIERTO MOD NUC200 TEAK - Mexican Guitar Players","description":"UKELELE FLIGHT CONCIERTO MOD NUC200 TEAK. Ukelele ac\u00fastico tama\u00f1o concierto, 18 trastes, tapa, fondo y aros de teca laminada, puente de \u00f1and\u00fa, brazo de meranti, diapas\u00f3n de \u00f1and\u00fa, cejuela y montura de PPS, cejuela de 38 mm de ancho, marcadores de posici\u00f3n en los trastes 5, 7, 10, 12 y 14, espalda arqueada, afinadores de engranajes abiertos, cuerdas de nylon, incluye funda de transporte y folleto de instrucciones.","robots":{"index":"index","follow":"follow","max-snippet":"max-snippet:-1","max-image-preview":"max-image-preview:large","max-video-preview":"max-video-preview:-1"},"canonical":"https:\/\/www.mexicanguitarplayers.com\/en\/tienda\/cuerdas\/folkloricos-y-regionales\/ukelele-flight-concierto-mod-nuc200-teak\/","og_locale":"en_US","og_type":"article","og_title":"UKELELE FLIGHT CONCIERTO MOD NUC200 TEAK - Mexican Guitar Players","og_description":"UKELELE FLIGHT CONCIERTO MOD NUC200 TEAK. Ukelele ac\u00fastico tama\u00f1o concierto, 18 trastes, tapa, fondo y aros de teca laminada, puente de \u00f1and\u00fa, brazo de meranti, diapas\u00f3n de \u00f1and\u00fa, cejuela y montura de PPS, cejuela de 38 mm de ancho, marcadores de posici\u00f3n en los trastes 5, 7, 10, 12 y 14, espalda arqueada, afinadores de engranajes abiertos, cuerdas de nylon, incluye funda de transporte y folleto de instrucciones.","og_url":"https:\/\/www.mexicanguitarplayers.com\/en\/tienda\/cuerdas\/folkloricos-y-regionales\/ukelele-flight-concierto-mod-nuc200-teak\/","og_site_name":"Mexican Guitar Players","article_modified_time":"2026-04-10T11:21:00+00:00","og_image":[{"width":800,"height":1600,"url":"https:\/\/www.mexicanguitarplayers.com\/wp-content\/uploads\/2022\/08\/ISFLINUC200.jpg","type":"image\/jpeg"}],"twitter_card":"summary_large_image","schema":{"@context":"https:\/\/schema.org","@graph":[{"@type":["WebPage","ItemPage"],"@id":"https:\/\/www.mexicanguitarplayers.com\/tienda\/cuerdas\/folkloricos-y-regionales\/ukelele-flight-concierto-mod-nuc200-teak\/","url":"https:\/\/www.mexicanguitarplayers.com\/tienda\/cuerdas\/folkloricos-y-regionales\/ukelele-flight-concierto-mod-nuc200-teak\/","name":"UKELELE FLIGHT CONCIERTO MOD NUC200 TEAK - Mexican Guitar Players","isPartOf":{"@id":"https:\/\/www.mexicanguitarplayers.com\/#website"},"primaryImageOfPage":{"@id":"https:\/\/www.mexicanguitarplayers.com\/tienda\/cuerdas\/folkloricos-y-regionales\/ukelele-flight-concierto-mod-nuc200-teak\/#primaryimage"},"image":{"@id":"https:\/\/www.mexicanguitarplayers.com\/tienda\/cuerdas\/folkloricos-y-regionales\/ukelele-flight-concierto-mod-nuc200-teak\/#primaryimage"},"thumbnailUrl":"https:\/\/www.mexicanguitarplayers.com\/wp-content\/uploads\/2022\/08\/ISFLINUC200.jpg","datePublished":"2022-08-18T06:45:24+00:00","dateModified":"2026-04-10T11:21:00+00:00","description":"UKELELE FLIGHT CONCIERTO MOD NUC200 TEAK. Ukelele ac\u00fastico tama\u00f1o concierto, 18 trastes, tapa, fondo y aros de teca laminada, puente de \u00f1and\u00fa, brazo de meranti, diapas\u00f3n de \u00f1and\u00fa, cejuela y montura de PPS, cejuela de 38 mm de ancho, marcadores de posici\u00f3n en los trastes 5, 7, 10, 12 y 14, espalda arqueada, afinadores de engranajes abiertos, cuerdas de nylon, incluye funda de transporte y folleto de instrucciones.","breadcrumb":{"@id":"https:\/\/www.mexicanguitarplayers.com\/tienda\/cuerdas\/folkloricos-y-regionales\/ukelele-flight-concierto-mod-nuc200-teak\/#breadcrumb"},"inLanguage":"en-US","potentialAction":[{"@type":"ReadAction","target":["https:\/\/www.mexicanguitarplayers.com\/tienda\/cuerdas\/folkloricos-y-regionales\/ukelele-flight-concierto-mod-nuc200-teak\/"]}]},{"@type":"ImageObject","inLanguage":"en-US","@id":"https:\/\/www.mexicanguitarplayers.com\/tienda\/cuerdas\/folkloricos-y-regionales\/ukelele-flight-concierto-mod-nuc200-teak\/#primaryimage","url":"https:\/\/www.mexicanguitarplayers.com\/wp-content\/uploads\/2022\/08\/ISFLINUC200.jpg","contentUrl":"https:\/\/www.mexicanguitarplayers.com\/wp-content\/uploads\/2022\/08\/ISFLINUC200.jpg","width":800,"height":1600},{"@type":"BreadcrumbList","@id":"https:\/\/www.mexicanguitarplayers.com\/tienda\/cuerdas\/folkloricos-y-regionales\/ukelele-flight-concierto-mod-nuc200-teak\/#breadcrumb","itemListElement":[{"@type":"ListItem","position":1,"name":"Portada","item":"https:\/\/www.mexicanguitarplayers.com\/"},{"@type":"ListItem","position":2,"name":"Tienda","item":"https:\/\/www.mexicanguitarplayers.com\/tienda\/"},{"@type":"ListItem","position":3,"name":"UKELELE FLIGHT CONCIERTO MOD NUC200 TEAK"}]},{"@type":"WebSite","@id":"https:\/\/www.mexicanguitarplayers.com\/#website","url":"https:\/\/www.mexicanguitarplayers.com\/","name":"Mexican Guitar Players","description":"Website","publisher":{"@id":"https:\/\/www.mexicanguitarplayers.com\/#organization"},"potentialAction":[{"@type":"SearchAction","target":{"@type":"EntryPoint","urlTemplate":"https:\/\/www.mexicanguitarplayers.com\/?s={search_term_string}"},"query-input":{"@type":"PropertyValueSpecification","valueRequired":true,"valueName":"search_term_string"}}],"inLanguage":"en-US"},{"@type":"Organization","@id":"https:\/\/www.mexicanguitarplayers.com\/#organization","name":"Mexican Guitar Players","url":"https:\/\/www.mexicanguitarplayers.com\/","logo":{"@type":"ImageObject","inLanguage":"en-US","@id":"https:\/\/www.mexicanguitarplayers.com\/#\/schema\/logo\/image\/","url":"","contentUrl":"","caption":"Mexican Guitar Players"},"image":{"@id":"https:\/\/www.mexicanguitarplayers.com\/#\/schema\/logo\/image\/"}}]}},"brands":[{"id":322,"name":"FLIGHT","slug":"flight"}],"_links":{"self":[{"href":"https:\/\/www.mexicanguitarplayers.com\/en\/wp-json\/wp\/v2\/product\/10468","targetHints":{"allow":["GET"]}}],"collection":[{"href":"https:\/\/www.mexicanguitarplayers.com\/en\/wp-json\/wp\/v2\/product"}],"about":[{"href":"https:\/\/www.mexicanguitarplayers.com\/en\/wp-json\/wp\/v2\/types\/product"}],"replies":[{"embeddable":true,"href":"https:\/\/www.mexicanguitarplayers.com\/en\/wp-json\/wp\/v2\/comments?post=10468"}],"wp:featuredmedia":[{"embeddable":true,"href":"https:\/\/www.mexicanguitarplayers.com\/en\/wp-json\/wp\/v2\/media\/10467"}],"wp:attachment":[{"href":"https:\/\/www.mexicanguitarplayers.com\/en\/wp-json\/wp\/v2\/media?parent=10468"}],"wp:term":[{"taxonomy":"pwb-brand","embeddable":true,"href":"https:\/\/www.mexicanguitarplayers.com\/en\/wp-json\/wp\/v2\/pwb-brand?post=10468"},{"taxonomy":"product_brand","embeddable":true,"href":"https:\/\/www.mexicanguitarplayers.com\/en\/wp-json\/wp\/v2\/product_brand?post=10468"},{"taxonomy":"product_cat","embeddable":true,"href":"https:\/\/www.mexicanguitarplayers.com\/en\/wp-json\/wp\/v2\/product_cat?post=10468"},{"taxonomy":"product_tag","embeddable":true,"href":"https:\/\/www.mexicanguitarplayers.com\/en\/wp-json\/wp\/v2\/product_tag?post=10468"}],"curies":[{"name":"wp","href":"https:\/\/api.w.org\/{rel}","templated":true}]}}