{"id":10476,"date":"2022-08-18T01:45:36","date_gmt":"2022-08-18T06:45:36","guid":{"rendered":"https:\/\/www.mexicanguitarplayers.com\/tienda\/sin%20categor\u00eda\/ukelele-flight-tenor-elect-pathfinder\/"},"modified":"2026-04-10T01:30:15","modified_gmt":"2026-04-10T07:30:15","slug":"ukelele-flight-tenor-elect-pathfinder","status":"publish","type":"product","link":"https:\/\/www.mexicanguitarplayers.com\/en\/tienda\/cuerdas\/folkloricos-y-regionales\/ukelele-flight-tenor-elect-pathfinder\/","title":{"rendered":"UKELELE FLIGHT TENOR ELECT. PATHFINDER"},"content":{"rendered":"<div style=\"text-align: justify\">\n<div>\n<h3>UKELELE FLIGHT TENOR ELECT. PATHFINDER<\/h3>\n<\/div>\n<div>Electric ukulele, tenor body with 22 frets (4 on body), roasted maple neck, roasted maple fingerboard, 35 mm wide bone nut, fixed hardtail bridge, Body Through string method, one humbucker pickup and one single pickup -coil, 3-way lever, volume control and tone control, position markers at 3rd, 5th, 7th, 10th, 12th, 15th and 17th frets, GCEA linear tuning, metal strings, white ABS binding, includes bag with 15mm padding.<\/div>\n<\/div>","protected":false},"excerpt":{"rendered":"<p>Ukelele el\u00e9ctrico, cuerpo tenor de 22 trastes (4 al cuerpo), brazo de maple tostado, diapas\u00f3n de maple tostado, cejuela de hueso de 35 mm de ancho, puente r\u00edgido fijo, m\u00e9todo de cuerda Body Through, una pastilla humbucker y una pastilla single-coil, palanca de 3 v\u00edas, control de volumen y control de tono, marcadores de posici\u00f3n en trastes 3, 5, 7, 10, 12, 15 y 17, afinaci\u00f3n lineal GCEA, cuerdas met\u00e1licas, uni\u00f3n de ABS blanco, incluye funda con acolchado de 15 mm.&hellip; <a class=\"kt-excerpt-readmore more-link\" href=\"https:\/\/www.mexicanguitarplayers.com\/en\/tienda\/cuerdas\/folkloricos-y-regionales\/ukelele-flight-tenor-elect-pathfinder\/\">Read more<\/a><\/p>","protected":false},"featured_media":10475,"comment_status":"open","ping_status":"closed","template":"","meta":{"kt_blocks_editor_width":""},"pwb-brand":[322],"product_brand":[],"product_cat":[224,320],"product_tag":[],"class_list":{"0":"post-10476","1":"product","2":"type-product","3":"status-publish","4":"has-post-thumbnail","6":"pwb-brand-flight","7":"product_cat-cuerdas","8":"product_cat-folkloricos-y-regionales","9":"product_shipping_class-5-10-kg","11":"first","12":"outofstock","13":"taxable","14":"shipping-taxable","15":"purchasable","16":"product-type-simple"},"yoast_head":"<!-- This site is optimized with the Yoast SEO plugin v27.5 - https:\/\/yoast.com\/product\/yoast-seo-wordpress\/ -->\n<title>UKELELE FLIGHT TENOR ELECT. PATHFINDER - Mexican Guitar Players<\/title>\n<meta name=\"description\" content=\"UKELELE FLIGHT TENOR ELECT. PATHFINDER. Ukelele el\u00e9ctrico, cuerpo tenor de 22 trastes (4 al cuerpo), brazo de maple tostado, diapas\u00f3n de maple tostado, cejuela de hueso de 35 mm de ancho, puente r\u00edgido fijo, m\u00e9todo de cuerda Body Through, una pastilla humbucker y una pastilla single-coil, palanca de 3 v\u00edas, control de volumen y control de tono, marcadores de posici\u00f3n en trastes 3, 5, 7, 10, 12, 15 y 17, afinaci\u00f3n lineal GCEA, cuerdas met\u00e1licas, uni\u00f3n de ABS blanco, incluye funda con acolchado de 15 mm.\" \/>\n<meta name=\"robots\" content=\"index, follow, max-snippet:-1, max-image-preview:large, max-video-preview:-1\" \/>\n<link rel=\"canonical\" href=\"https:\/\/www.mexicanguitarplayers.com\/en\/tienda\/cuerdas\/folkloricos-y-regionales\/ukelele-flight-tenor-elect-pathfinder\/\" \/>\n<meta property=\"og:locale\" content=\"en_US\" \/>\n<meta property=\"og:type\" content=\"article\" \/>\n<meta property=\"og:title\" content=\"UKELELE FLIGHT TENOR ELECT. PATHFINDER - Mexican Guitar Players\" \/>\n<meta property=\"og:description\" content=\"UKELELE FLIGHT TENOR ELECT. PATHFINDER. Ukelele el\u00e9ctrico, cuerpo tenor de 22 trastes (4 al cuerpo), brazo de maple tostado, diapas\u00f3n de maple tostado, cejuela de hueso de 35 mm de ancho, puente r\u00edgido fijo, m\u00e9todo de cuerda Body Through, una pastilla humbucker y una pastilla single-coil, palanca de 3 v\u00edas, control de volumen y control de tono, marcadores de posici\u00f3n en trastes 3, 5, 7, 10, 12, 15 y 17, afinaci\u00f3n lineal GCEA, cuerdas met\u00e1licas, uni\u00f3n de ABS blanco, incluye funda con acolchado de 15 mm.\" \/>\n<meta property=\"og:url\" content=\"https:\/\/www.mexicanguitarplayers.com\/en\/tienda\/cuerdas\/folkloricos-y-regionales\/ukelele-flight-tenor-elect-pathfinder\/\" \/>\n<meta property=\"og:site_name\" content=\"Mexican Guitar Players\" \/>\n<meta property=\"article:modified_time\" content=\"2026-04-10T07:30:15+00:00\" \/>\n<meta property=\"og:image\" content=\"https:\/\/www.mexicanguitarplayers.com\/wp-content\/uploads\/2022\/08\/ISFLIPATHFINDE.jpg\" \/>\n\t<meta property=\"og:image:width\" content=\"800\" \/>\n\t<meta property=\"og:image:height\" content=\"1600\" \/>\n\t<meta property=\"og:image:type\" content=\"image\/jpeg\" \/>\n<meta name=\"twitter:card\" content=\"summary_large_image\" \/>\n<script type=\"application\/ld+json\" class=\"yoast-schema-graph\">{\"@context\":\"https:\\\/\\\/schema.org\",\"@graph\":[{\"@type\":[\"WebPage\",\"ItemPage\"],\"@id\":\"https:\\\/\\\/www.mexicanguitarplayers.com\\\/tienda\\\/cuerdas\\\/folkloricos-y-regionales\\\/ukelele-flight-tenor-elect-pathfinder\\\/\",\"url\":\"https:\\\/\\\/www.mexicanguitarplayers.com\\\/tienda\\\/cuerdas\\\/folkloricos-y-regionales\\\/ukelele-flight-tenor-elect-pathfinder\\\/\",\"name\":\"UKELELE FLIGHT TENOR ELECT. PATHFINDER - Mexican Guitar Players\",\"isPartOf\":{\"@id\":\"https:\\\/\\\/www.mexicanguitarplayers.com\\\/#website\"},\"primaryImageOfPage\":{\"@id\":\"https:\\\/\\\/www.mexicanguitarplayers.com\\\/tienda\\\/cuerdas\\\/folkloricos-y-regionales\\\/ukelele-flight-tenor-elect-pathfinder\\\/#primaryimage\"},\"image\":{\"@id\":\"https:\\\/\\\/www.mexicanguitarplayers.com\\\/tienda\\\/cuerdas\\\/folkloricos-y-regionales\\\/ukelele-flight-tenor-elect-pathfinder\\\/#primaryimage\"},\"thumbnailUrl\":\"https:\\\/\\\/www.mexicanguitarplayers.com\\\/wp-content\\\/uploads\\\/2022\\\/08\\\/ISFLIPATHFINDE.jpg\",\"datePublished\":\"2022-08-18T06:45:36+00:00\",\"dateModified\":\"2026-04-10T07:30:15+00:00\",\"description\":\"UKELELE FLIGHT TENOR ELECT. PATHFINDER. Ukelele el\u00e9ctrico, cuerpo tenor de 22 trastes (4 al cuerpo), brazo de maple tostado, diapas\u00f3n de maple tostado, cejuela de hueso de 35 mm de ancho, puente r\u00edgido fijo, m\u00e9todo de cuerda Body Through, una pastilla humbucker y una pastilla single-coil, palanca de 3 v\u00edas, control de volumen y control de tono, marcadores de posici\u00f3n en trastes 3, 5, 7, 10, 12, 15 y 17, afinaci\u00f3n lineal GCEA, cuerdas met\u00e1licas, uni\u00f3n de ABS blanco, incluye funda con acolchado de 15 mm.\",\"breadcrumb\":{\"@id\":\"https:\\\/\\\/www.mexicanguitarplayers.com\\\/tienda\\\/cuerdas\\\/folkloricos-y-regionales\\\/ukelele-flight-tenor-elect-pathfinder\\\/#breadcrumb\"},\"inLanguage\":\"en-US\",\"potentialAction\":[{\"@type\":\"ReadAction\",\"target\":[\"https:\\\/\\\/www.mexicanguitarplayers.com\\\/tienda\\\/cuerdas\\\/folkloricos-y-regionales\\\/ukelele-flight-tenor-elect-pathfinder\\\/\"]}]},{\"@type\":\"ImageObject\",\"inLanguage\":\"en-US\",\"@id\":\"https:\\\/\\\/www.mexicanguitarplayers.com\\\/tienda\\\/cuerdas\\\/folkloricos-y-regionales\\\/ukelele-flight-tenor-elect-pathfinder\\\/#primaryimage\",\"url\":\"https:\\\/\\\/www.mexicanguitarplayers.com\\\/wp-content\\\/uploads\\\/2022\\\/08\\\/ISFLIPATHFINDE.jpg\",\"contentUrl\":\"https:\\\/\\\/www.mexicanguitarplayers.com\\\/wp-content\\\/uploads\\\/2022\\\/08\\\/ISFLIPATHFINDE.jpg\",\"width\":800,\"height\":1600},{\"@type\":\"BreadcrumbList\",\"@id\":\"https:\\\/\\\/www.mexicanguitarplayers.com\\\/tienda\\\/cuerdas\\\/folkloricos-y-regionales\\\/ukelele-flight-tenor-elect-pathfinder\\\/#breadcrumb\",\"itemListElement\":[{\"@type\":\"ListItem\",\"position\":1,\"name\":\"Portada\",\"item\":\"https:\\\/\\\/www.mexicanguitarplayers.com\\\/\"},{\"@type\":\"ListItem\",\"position\":2,\"name\":\"Tienda\",\"item\":\"https:\\\/\\\/www.mexicanguitarplayers.com\\\/tienda\\\/\"},{\"@type\":\"ListItem\",\"position\":3,\"name\":\"UKELELE FLIGHT TENOR ELECT. PATHFINDER\"}]},{\"@type\":\"WebSite\",\"@id\":\"https:\\\/\\\/www.mexicanguitarplayers.com\\\/#website\",\"url\":\"https:\\\/\\\/www.mexicanguitarplayers.com\\\/\",\"name\":\"Mexican Guitar Players\",\"description\":\"Website\",\"publisher\":{\"@id\":\"https:\\\/\\\/www.mexicanguitarplayers.com\\\/#organization\"},\"potentialAction\":[{\"@type\":\"SearchAction\",\"target\":{\"@type\":\"EntryPoint\",\"urlTemplate\":\"https:\\\/\\\/www.mexicanguitarplayers.com\\\/?s={search_term_string}\"},\"query-input\":{\"@type\":\"PropertyValueSpecification\",\"valueRequired\":true,\"valueName\":\"search_term_string\"}}],\"inLanguage\":\"en-US\"},{\"@type\":\"Organization\",\"@id\":\"https:\\\/\\\/www.mexicanguitarplayers.com\\\/#organization\",\"name\":\"Mexican Guitar Players\",\"url\":\"https:\\\/\\\/www.mexicanguitarplayers.com\\\/\",\"logo\":{\"@type\":\"ImageObject\",\"inLanguage\":\"en-US\",\"@id\":\"https:\\\/\\\/www.mexicanguitarplayers.com\\\/#\\\/schema\\\/logo\\\/image\\\/\",\"url\":\"\",\"contentUrl\":\"\",\"caption\":\"Mexican Guitar Players\"},\"image\":{\"@id\":\"https:\\\/\\\/www.mexicanguitarplayers.com\\\/#\\\/schema\\\/logo\\\/image\\\/\"}}]}<\/script>\n<!-- \/ Yoast SEO plugin. -->","yoast_head_json":{"title":"UKELELE FLIGHT TENOR ELECT. PATHFINDER - Mexican Guitar Players","description":"UKELELE FLIGHT TENOR ELECT. PATHFINDER. Ukelele el\u00e9ctrico, cuerpo tenor de 22 trastes (4 al cuerpo), brazo de maple tostado, diapas\u00f3n de maple tostado, cejuela de hueso de 35 mm de ancho, puente r\u00edgido fijo, m\u00e9todo de cuerda Body Through, una pastilla humbucker y una pastilla single-coil, palanca de 3 v\u00edas, control de volumen y control de tono, marcadores de posici\u00f3n en trastes 3, 5, 7, 10, 12, 15 y 17, afinaci\u00f3n lineal GCEA, cuerdas met\u00e1licas, uni\u00f3n de ABS blanco, incluye funda con acolchado de 15 mm.","robots":{"index":"index","follow":"follow","max-snippet":"max-snippet:-1","max-image-preview":"max-image-preview:large","max-video-preview":"max-video-preview:-1"},"canonical":"https:\/\/www.mexicanguitarplayers.com\/en\/tienda\/cuerdas\/folkloricos-y-regionales\/ukelele-flight-tenor-elect-pathfinder\/","og_locale":"en_US","og_type":"article","og_title":"UKELELE FLIGHT TENOR ELECT. PATHFINDER - Mexican Guitar Players","og_description":"UKELELE FLIGHT TENOR ELECT. PATHFINDER. Ukelele el\u00e9ctrico, cuerpo tenor de 22 trastes (4 al cuerpo), brazo de maple tostado, diapas\u00f3n de maple tostado, cejuela de hueso de 35 mm de ancho, puente r\u00edgido fijo, m\u00e9todo de cuerda Body Through, una pastilla humbucker y una pastilla single-coil, palanca de 3 v\u00edas, control de volumen y control de tono, marcadores de posici\u00f3n en trastes 3, 5, 7, 10, 12, 15 y 17, afinaci\u00f3n lineal GCEA, cuerdas met\u00e1licas, uni\u00f3n de ABS blanco, incluye funda con acolchado de 15 mm.","og_url":"https:\/\/www.mexicanguitarplayers.com\/en\/tienda\/cuerdas\/folkloricos-y-regionales\/ukelele-flight-tenor-elect-pathfinder\/","og_site_name":"Mexican Guitar Players","article_modified_time":"2026-04-10T07:30:15+00:00","og_image":[{"width":800,"height":1600,"url":"https:\/\/www.mexicanguitarplayers.com\/wp-content\/uploads\/2022\/08\/ISFLIPATHFINDE.jpg","type":"image\/jpeg"}],"twitter_card":"summary_large_image","schema":{"@context":"https:\/\/schema.org","@graph":[{"@type":["WebPage","ItemPage"],"@id":"https:\/\/www.mexicanguitarplayers.com\/tienda\/cuerdas\/folkloricos-y-regionales\/ukelele-flight-tenor-elect-pathfinder\/","url":"https:\/\/www.mexicanguitarplayers.com\/tienda\/cuerdas\/folkloricos-y-regionales\/ukelele-flight-tenor-elect-pathfinder\/","name":"UKELELE FLIGHT TENOR ELECT. PATHFINDER - Mexican Guitar Players","isPartOf":{"@id":"https:\/\/www.mexicanguitarplayers.com\/#website"},"primaryImageOfPage":{"@id":"https:\/\/www.mexicanguitarplayers.com\/tienda\/cuerdas\/folkloricos-y-regionales\/ukelele-flight-tenor-elect-pathfinder\/#primaryimage"},"image":{"@id":"https:\/\/www.mexicanguitarplayers.com\/tienda\/cuerdas\/folkloricos-y-regionales\/ukelele-flight-tenor-elect-pathfinder\/#primaryimage"},"thumbnailUrl":"https:\/\/www.mexicanguitarplayers.com\/wp-content\/uploads\/2022\/08\/ISFLIPATHFINDE.jpg","datePublished":"2022-08-18T06:45:36+00:00","dateModified":"2026-04-10T07:30:15+00:00","description":"UKELELE FLIGHT TENOR ELECT. PATHFINDER. Ukelele el\u00e9ctrico, cuerpo tenor de 22 trastes (4 al cuerpo), brazo de maple tostado, diapas\u00f3n de maple tostado, cejuela de hueso de 35 mm de ancho, puente r\u00edgido fijo, m\u00e9todo de cuerda Body Through, una pastilla humbucker y una pastilla single-coil, palanca de 3 v\u00edas, control de volumen y control de tono, marcadores de posici\u00f3n en trastes 3, 5, 7, 10, 12, 15 y 17, afinaci\u00f3n lineal GCEA, cuerdas met\u00e1licas, uni\u00f3n de ABS blanco, incluye funda con acolchado de 15 mm.","breadcrumb":{"@id":"https:\/\/www.mexicanguitarplayers.com\/tienda\/cuerdas\/folkloricos-y-regionales\/ukelele-flight-tenor-elect-pathfinder\/#breadcrumb"},"inLanguage":"en-US","potentialAction":[{"@type":"ReadAction","target":["https:\/\/www.mexicanguitarplayers.com\/tienda\/cuerdas\/folkloricos-y-regionales\/ukelele-flight-tenor-elect-pathfinder\/"]}]},{"@type":"ImageObject","inLanguage":"en-US","@id":"https:\/\/www.mexicanguitarplayers.com\/tienda\/cuerdas\/folkloricos-y-regionales\/ukelele-flight-tenor-elect-pathfinder\/#primaryimage","url":"https:\/\/www.mexicanguitarplayers.com\/wp-content\/uploads\/2022\/08\/ISFLIPATHFINDE.jpg","contentUrl":"https:\/\/www.mexicanguitarplayers.com\/wp-content\/uploads\/2022\/08\/ISFLIPATHFINDE.jpg","width":800,"height":1600},{"@type":"BreadcrumbList","@id":"https:\/\/www.mexicanguitarplayers.com\/tienda\/cuerdas\/folkloricos-y-regionales\/ukelele-flight-tenor-elect-pathfinder\/#breadcrumb","itemListElement":[{"@type":"ListItem","position":1,"name":"Portada","item":"https:\/\/www.mexicanguitarplayers.com\/"},{"@type":"ListItem","position":2,"name":"Tienda","item":"https:\/\/www.mexicanguitarplayers.com\/tienda\/"},{"@type":"ListItem","position":3,"name":"UKELELE FLIGHT TENOR ELECT. PATHFINDER"}]},{"@type":"WebSite","@id":"https:\/\/www.mexicanguitarplayers.com\/#website","url":"https:\/\/www.mexicanguitarplayers.com\/","name":"Mexican Guitar Players","description":"Website","publisher":{"@id":"https:\/\/www.mexicanguitarplayers.com\/#organization"},"potentialAction":[{"@type":"SearchAction","target":{"@type":"EntryPoint","urlTemplate":"https:\/\/www.mexicanguitarplayers.com\/?s={search_term_string}"},"query-input":{"@type":"PropertyValueSpecification","valueRequired":true,"valueName":"search_term_string"}}],"inLanguage":"en-US"},{"@type":"Organization","@id":"https:\/\/www.mexicanguitarplayers.com\/#organization","name":"Mexican Guitar Players","url":"https:\/\/www.mexicanguitarplayers.com\/","logo":{"@type":"ImageObject","inLanguage":"en-US","@id":"https:\/\/www.mexicanguitarplayers.com\/#\/schema\/logo\/image\/","url":"","contentUrl":"","caption":"Mexican Guitar Players"},"image":{"@id":"https:\/\/www.mexicanguitarplayers.com\/#\/schema\/logo\/image\/"}}]}},"brands":[{"id":322,"name":"FLIGHT","slug":"flight"}],"_links":{"self":[{"href":"https:\/\/www.mexicanguitarplayers.com\/en\/wp-json\/wp\/v2\/product\/10476","targetHints":{"allow":["GET"]}}],"collection":[{"href":"https:\/\/www.mexicanguitarplayers.com\/en\/wp-json\/wp\/v2\/product"}],"about":[{"href":"https:\/\/www.mexicanguitarplayers.com\/en\/wp-json\/wp\/v2\/types\/product"}],"replies":[{"embeddable":true,"href":"https:\/\/www.mexicanguitarplayers.com\/en\/wp-json\/wp\/v2\/comments?post=10476"}],"wp:featuredmedia":[{"embeddable":true,"href":"https:\/\/www.mexicanguitarplayers.com\/en\/wp-json\/wp\/v2\/media\/10475"}],"wp:attachment":[{"href":"https:\/\/www.mexicanguitarplayers.com\/en\/wp-json\/wp\/v2\/media?parent=10476"}],"wp:term":[{"taxonomy":"pwb-brand","embeddable":true,"href":"https:\/\/www.mexicanguitarplayers.com\/en\/wp-json\/wp\/v2\/pwb-brand?post=10476"},{"taxonomy":"product_brand","embeddable":true,"href":"https:\/\/www.mexicanguitarplayers.com\/en\/wp-json\/wp\/v2\/product_brand?post=10476"},{"taxonomy":"product_cat","embeddable":true,"href":"https:\/\/www.mexicanguitarplayers.com\/en\/wp-json\/wp\/v2\/product_cat?post=10476"},{"taxonomy":"product_tag","embeddable":true,"href":"https:\/\/www.mexicanguitarplayers.com\/en\/wp-json\/wp\/v2\/product_tag?post=10476"}],"curies":[{"name":"wp","href":"https:\/\/api.w.org\/{rel}","templated":true}]}}