{"id":10528,"date":"2022-08-18T01:46:44","date_gmt":"2022-08-18T06:46:44","guid":{"rendered":"https:\/\/www.mexicanguitarplayers.com\/tienda\/sin%20categor\u00eda\/ukelele-flight-tusl-35b-2-sets-els-ukc\/"},"modified":"2025-03-27T00:04:37","modified_gmt":"2025-03-27T06:04:37","slug":"ukelele-flight-tusl-35b-2-sets-els-ukc","status":"publish","type":"product","link":"https:\/\/www.mexicanguitarplayers.com\/en\/tienda\/cuerdas\/folkloricos-y-regionales\/ukelele-flight-tusl-35b-2-sets-els-ukc\/","title":{"rendered":"UKULELE FLIGHT TUSL-35B + 2 SETS ELS-UKC"},"content":{"rendered":"<div style=\"text-align: justify\">\n<div>\n<h3>UKULELE FLIGHT TUSL-35B + 2 SETS ELS-UKC<\/h3>\n<\/div>\n<div>Ukulele with soprano size body and concert size neck, black color, 17 frets, basswood top, ABS plastic back and sides, ABS plastic bridge, baldric button, ABS plastic neck, ABS plastic saddle and nut, 5th, 7th, 10th &amp; 12th Fret Positions, Zero Fret, Wood Top, Arched Back, Geared Tuners, ABS Fretboard, Side Position Markers, Includes Gig Bag, Includes 2 Sets of ELS-UKC La Sevillana Strings for concert ukulele.<\/div>\n<\/div>","protected":false},"excerpt":{"rendered":"<p>Ukelele con cuerpo tama\u00f1o soprano y brazo tama\u00f1o concierto, color negro, 17 trastes, tapa de tilo, aros y fondo de pl\u00e1stico ABS, puente de pl\u00e1stico ABS, bot\u00f3n de tahal\u00ed, brazo de pl\u00e1stico ABS, cejuela y montura de pl\u00e1stico ABS, marcadores de posici\u00f3n en los trastes 5, 7, 10 y 12, traste cero, tapa de madera, espalda arqueada, clavijas de engranaje, diapas\u00f3n de ABS, marcadores de posici\u00f3n laterales, incluye funda, incluye 2 sets de cuerdas ELS-UKC de La Sevillana para ukelele concierto.&hellip; <a class=\"kt-excerpt-readmore more-link\" href=\"https:\/\/www.mexicanguitarplayers.com\/en\/tienda\/cuerdas\/folkloricos-y-regionales\/ukelele-flight-tusl-35b-2-sets-els-ukc\/\">Read more<\/a><\/p>","protected":false},"featured_media":10527,"comment_status":"open","ping_status":"closed","template":"","meta":{"kt_blocks_editor_width":""},"pwb-brand":[322],"product_brand":[],"product_cat":[224,320],"product_tag":[],"class_list":{"0":"post-10528","1":"product","2":"type-product","3":"status-publish","4":"has-post-thumbnail","6":"pwb-brand-flight","7":"product_cat-cuerdas","8":"product_cat-folkloricos-y-regionales","9":"product_shipping_class-0-5-kg","11":"first","12":"outofstock","13":"taxable","14":"shipping-taxable","15":"purchasable","16":"product-type-simple"},"yoast_head":"<!-- This site is optimized with the Yoast SEO plugin v27.6 - https:\/\/yoast.com\/product\/yoast-seo-wordpress\/ -->\n<title>UKELELE FLIGHT TUSL-35B + 2 SETS ELS-UKC - Mexican Guitar Players<\/title>\n<meta name=\"description\" content=\"UKELELE FLIGHT TUSL-35B + 2 SETS ELS-UKC. Ukelele con cuerpo tama\u00f1o soprano y brazo tama\u00f1o concierto, color negro, 17 trastes, tapa de tilo, aros y fondo de pl\u00e1stico ABS, puente de pl\u00e1stico ABS, bot\u00f3n de tahal\u00ed, brazo de pl\u00e1stico ABS, cejuela y montura de pl\u00e1stico ABS, marcadores de posici\u00f3n en los trastes 5, 7, 10 y 12, traste cero, tapa de madera, espalda arqueada, clavijas de engranaje, diapas\u00f3n de ABS, marcadores de posici\u00f3n laterales, incluye funda, incluye 2 sets de cuerdas ELS-UKC de La Sevillana para ukelele concierto.\" \/>\n<meta name=\"robots\" content=\"index, follow, max-snippet:-1, max-image-preview:large, max-video-preview:-1\" \/>\n<link rel=\"canonical\" href=\"https:\/\/www.mexicanguitarplayers.com\/en\/tienda\/cuerdas\/folkloricos-y-regionales\/ukelele-flight-tusl-35b-2-sets-els-ukc\/\" \/>\n<meta property=\"og:locale\" content=\"en_US\" \/>\n<meta property=\"og:type\" content=\"article\" \/>\n<meta property=\"og:title\" content=\"UKELELE FLIGHT TUSL-35B + 2 SETS ELS-UKC - Mexican Guitar Players\" \/>\n<meta property=\"og:description\" content=\"UKELELE FLIGHT TUSL-35B + 2 SETS ELS-UKC. Ukelele con cuerpo tama\u00f1o soprano y brazo tama\u00f1o concierto, color negro, 17 trastes, tapa de tilo, aros y fondo de pl\u00e1stico ABS, puente de pl\u00e1stico ABS, bot\u00f3n de tahal\u00ed, brazo de pl\u00e1stico ABS, cejuela y montura de pl\u00e1stico ABS, marcadores de posici\u00f3n en los trastes 5, 7, 10 y 12, traste cero, tapa de madera, espalda arqueada, clavijas de engranaje, diapas\u00f3n de ABS, marcadores de posici\u00f3n laterales, incluye funda, incluye 2 sets de cuerdas ELS-UKC de La Sevillana para ukelele concierto.\" \/>\n<meta property=\"og:url\" content=\"https:\/\/www.mexicanguitarplayers.com\/en\/tienda\/cuerdas\/folkloricos-y-regionales\/ukelele-flight-tusl-35b-2-sets-els-ukc\/\" \/>\n<meta property=\"og:site_name\" content=\"Mexican Guitar Players\" \/>\n<meta property=\"article:modified_time\" content=\"2025-03-27T06:04:37+00:00\" \/>\n<meta property=\"og:image\" content=\"https:\/\/www.mexicanguitarplayers.com\/wp-content\/uploads\/2022\/08\/ISFLITUSL35BKC.jpg\" \/>\n\t<meta property=\"og:image:width\" content=\"800\" \/>\n\t<meta property=\"og:image:height\" content=\"1600\" \/>\n\t<meta property=\"og:image:type\" content=\"image\/jpeg\" \/>\n<meta name=\"twitter:card\" content=\"summary_large_image\" \/>\n<script type=\"application\/ld+json\" class=\"yoast-schema-graph\">{\"@context\":\"https:\\\/\\\/schema.org\",\"@graph\":[{\"@type\":[\"WebPage\",\"ItemPage\"],\"@id\":\"https:\\\/\\\/www.mexicanguitarplayers.com\\\/tienda\\\/cuerdas\\\/folkloricos-y-regionales\\\/ukelele-flight-tusl-35b-2-sets-els-ukc\\\/\",\"url\":\"https:\\\/\\\/www.mexicanguitarplayers.com\\\/tienda\\\/cuerdas\\\/folkloricos-y-regionales\\\/ukelele-flight-tusl-35b-2-sets-els-ukc\\\/\",\"name\":\"UKELELE FLIGHT TUSL-35B + 2 SETS ELS-UKC - Mexican Guitar Players\",\"isPartOf\":{\"@id\":\"https:\\\/\\\/www.mexicanguitarplayers.com\\\/#website\"},\"primaryImageOfPage\":{\"@id\":\"https:\\\/\\\/www.mexicanguitarplayers.com\\\/tienda\\\/cuerdas\\\/folkloricos-y-regionales\\\/ukelele-flight-tusl-35b-2-sets-els-ukc\\\/#primaryimage\"},\"image\":{\"@id\":\"https:\\\/\\\/www.mexicanguitarplayers.com\\\/tienda\\\/cuerdas\\\/folkloricos-y-regionales\\\/ukelele-flight-tusl-35b-2-sets-els-ukc\\\/#primaryimage\"},\"thumbnailUrl\":\"https:\\\/\\\/www.mexicanguitarplayers.com\\\/wp-content\\\/uploads\\\/2022\\\/08\\\/ISFLITUSL35BKC.jpg\",\"datePublished\":\"2022-08-18T06:46:44+00:00\",\"dateModified\":\"2025-03-27T06:04:37+00:00\",\"description\":\"UKELELE FLIGHT TUSL-35B + 2 SETS ELS-UKC. Ukelele con cuerpo tama\u00f1o soprano y brazo tama\u00f1o concierto, color negro, 17 trastes, tapa de tilo, aros y fondo de pl\u00e1stico ABS, puente de pl\u00e1stico ABS, bot\u00f3n de tahal\u00ed, brazo de pl\u00e1stico ABS, cejuela y montura de pl\u00e1stico ABS, marcadores de posici\u00f3n en los trastes 5, 7, 10 y 12, traste cero, tapa de madera, espalda arqueada, clavijas de engranaje, diapas\u00f3n de ABS, marcadores de posici\u00f3n laterales, incluye funda, incluye 2 sets de cuerdas ELS-UKC de La Sevillana para ukelele concierto.\",\"breadcrumb\":{\"@id\":\"https:\\\/\\\/www.mexicanguitarplayers.com\\\/tienda\\\/cuerdas\\\/folkloricos-y-regionales\\\/ukelele-flight-tusl-35b-2-sets-els-ukc\\\/#breadcrumb\"},\"inLanguage\":\"en-US\",\"potentialAction\":[{\"@type\":\"ReadAction\",\"target\":[\"https:\\\/\\\/www.mexicanguitarplayers.com\\\/tienda\\\/cuerdas\\\/folkloricos-y-regionales\\\/ukelele-flight-tusl-35b-2-sets-els-ukc\\\/\"]}]},{\"@type\":\"ImageObject\",\"inLanguage\":\"en-US\",\"@id\":\"https:\\\/\\\/www.mexicanguitarplayers.com\\\/tienda\\\/cuerdas\\\/folkloricos-y-regionales\\\/ukelele-flight-tusl-35b-2-sets-els-ukc\\\/#primaryimage\",\"url\":\"https:\\\/\\\/www.mexicanguitarplayers.com\\\/wp-content\\\/uploads\\\/2022\\\/08\\\/ISFLITUSL35BKC.jpg\",\"contentUrl\":\"https:\\\/\\\/www.mexicanguitarplayers.com\\\/wp-content\\\/uploads\\\/2022\\\/08\\\/ISFLITUSL35BKC.jpg\",\"width\":800,\"height\":1600},{\"@type\":\"BreadcrumbList\",\"@id\":\"https:\\\/\\\/www.mexicanguitarplayers.com\\\/tienda\\\/cuerdas\\\/folkloricos-y-regionales\\\/ukelele-flight-tusl-35b-2-sets-els-ukc\\\/#breadcrumb\",\"itemListElement\":[{\"@type\":\"ListItem\",\"position\":1,\"name\":\"Portada\",\"item\":\"https:\\\/\\\/www.mexicanguitarplayers.com\\\/\"},{\"@type\":\"ListItem\",\"position\":2,\"name\":\"Tienda\",\"item\":\"https:\\\/\\\/www.mexicanguitarplayers.com\\\/tienda\\\/\"},{\"@type\":\"ListItem\",\"position\":3,\"name\":\"UKELELE FLIGHT TUSL-35B + 2 SETS ELS-UKC\"}]},{\"@type\":\"WebSite\",\"@id\":\"https:\\\/\\\/www.mexicanguitarplayers.com\\\/#website\",\"url\":\"https:\\\/\\\/www.mexicanguitarplayers.com\\\/\",\"name\":\"Mexican Guitar Players\",\"description\":\"Website\",\"publisher\":{\"@id\":\"https:\\\/\\\/www.mexicanguitarplayers.com\\\/#organization\"},\"potentialAction\":[{\"@type\":\"SearchAction\",\"target\":{\"@type\":\"EntryPoint\",\"urlTemplate\":\"https:\\\/\\\/www.mexicanguitarplayers.com\\\/?s={search_term_string}\"},\"query-input\":{\"@type\":\"PropertyValueSpecification\",\"valueRequired\":true,\"valueName\":\"search_term_string\"}}],\"inLanguage\":\"en-US\"},{\"@type\":\"Organization\",\"@id\":\"https:\\\/\\\/www.mexicanguitarplayers.com\\\/#organization\",\"name\":\"Mexican Guitar Players\",\"url\":\"https:\\\/\\\/www.mexicanguitarplayers.com\\\/\",\"logo\":{\"@type\":\"ImageObject\",\"inLanguage\":\"en-US\",\"@id\":\"https:\\\/\\\/www.mexicanguitarplayers.com\\\/#\\\/schema\\\/logo\\\/image\\\/\",\"url\":\"\",\"contentUrl\":\"\",\"caption\":\"Mexican Guitar Players\"},\"image\":{\"@id\":\"https:\\\/\\\/www.mexicanguitarplayers.com\\\/#\\\/schema\\\/logo\\\/image\\\/\"}}]}<\/script>\n<!-- \/ Yoast SEO plugin. -->","yoast_head_json":{"title":"UKELELE FLIGHT TUSL-35B + 2 SETS ELS-UKC - Mexican Guitar Players","description":"UKELELE FLIGHT TUSL-35B + 2 SETS ELS-UKC. Ukelele con cuerpo tama\u00f1o soprano y brazo tama\u00f1o concierto, color negro, 17 trastes, tapa de tilo, aros y fondo de pl\u00e1stico ABS, puente de pl\u00e1stico ABS, bot\u00f3n de tahal\u00ed, brazo de pl\u00e1stico ABS, cejuela y montura de pl\u00e1stico ABS, marcadores de posici\u00f3n en los trastes 5, 7, 10 y 12, traste cero, tapa de madera, espalda arqueada, clavijas de engranaje, diapas\u00f3n de ABS, marcadores de posici\u00f3n laterales, incluye funda, incluye 2 sets de cuerdas ELS-UKC de La Sevillana para ukelele concierto.","robots":{"index":"index","follow":"follow","max-snippet":"max-snippet:-1","max-image-preview":"max-image-preview:large","max-video-preview":"max-video-preview:-1"},"canonical":"https:\/\/www.mexicanguitarplayers.com\/en\/tienda\/cuerdas\/folkloricos-y-regionales\/ukelele-flight-tusl-35b-2-sets-els-ukc\/","og_locale":"en_US","og_type":"article","og_title":"UKELELE FLIGHT TUSL-35B + 2 SETS ELS-UKC - Mexican Guitar Players","og_description":"UKELELE FLIGHT TUSL-35B + 2 SETS ELS-UKC. Ukelele con cuerpo tama\u00f1o soprano y brazo tama\u00f1o concierto, color negro, 17 trastes, tapa de tilo, aros y fondo de pl\u00e1stico ABS, puente de pl\u00e1stico ABS, bot\u00f3n de tahal\u00ed, brazo de pl\u00e1stico ABS, cejuela y montura de pl\u00e1stico ABS, marcadores de posici\u00f3n en los trastes 5, 7, 10 y 12, traste cero, tapa de madera, espalda arqueada, clavijas de engranaje, diapas\u00f3n de ABS, marcadores de posici\u00f3n laterales, incluye funda, incluye 2 sets de cuerdas ELS-UKC de La Sevillana para ukelele concierto.","og_url":"https:\/\/www.mexicanguitarplayers.com\/en\/tienda\/cuerdas\/folkloricos-y-regionales\/ukelele-flight-tusl-35b-2-sets-els-ukc\/","og_site_name":"Mexican Guitar Players","article_modified_time":"2025-03-27T06:04:37+00:00","og_image":[{"width":800,"height":1600,"url":"https:\/\/www.mexicanguitarplayers.com\/wp-content\/uploads\/2022\/08\/ISFLITUSL35BKC.jpg","type":"image\/jpeg"}],"twitter_card":"summary_large_image","schema":{"@context":"https:\/\/schema.org","@graph":[{"@type":["WebPage","ItemPage"],"@id":"https:\/\/www.mexicanguitarplayers.com\/tienda\/cuerdas\/folkloricos-y-regionales\/ukelele-flight-tusl-35b-2-sets-els-ukc\/","url":"https:\/\/www.mexicanguitarplayers.com\/tienda\/cuerdas\/folkloricos-y-regionales\/ukelele-flight-tusl-35b-2-sets-els-ukc\/","name":"UKELELE FLIGHT TUSL-35B + 2 SETS ELS-UKC - Mexican Guitar Players","isPartOf":{"@id":"https:\/\/www.mexicanguitarplayers.com\/#website"},"primaryImageOfPage":{"@id":"https:\/\/www.mexicanguitarplayers.com\/tienda\/cuerdas\/folkloricos-y-regionales\/ukelele-flight-tusl-35b-2-sets-els-ukc\/#primaryimage"},"image":{"@id":"https:\/\/www.mexicanguitarplayers.com\/tienda\/cuerdas\/folkloricos-y-regionales\/ukelele-flight-tusl-35b-2-sets-els-ukc\/#primaryimage"},"thumbnailUrl":"https:\/\/www.mexicanguitarplayers.com\/wp-content\/uploads\/2022\/08\/ISFLITUSL35BKC.jpg","datePublished":"2022-08-18T06:46:44+00:00","dateModified":"2025-03-27T06:04:37+00:00","description":"UKELELE FLIGHT TUSL-35B + 2 SETS ELS-UKC. Ukelele con cuerpo tama\u00f1o soprano y brazo tama\u00f1o concierto, color negro, 17 trastes, tapa de tilo, aros y fondo de pl\u00e1stico ABS, puente de pl\u00e1stico ABS, bot\u00f3n de tahal\u00ed, brazo de pl\u00e1stico ABS, cejuela y montura de pl\u00e1stico ABS, marcadores de posici\u00f3n en los trastes 5, 7, 10 y 12, traste cero, tapa de madera, espalda arqueada, clavijas de engranaje, diapas\u00f3n de ABS, marcadores de posici\u00f3n laterales, incluye funda, incluye 2 sets de cuerdas ELS-UKC de La Sevillana para ukelele concierto.","breadcrumb":{"@id":"https:\/\/www.mexicanguitarplayers.com\/tienda\/cuerdas\/folkloricos-y-regionales\/ukelele-flight-tusl-35b-2-sets-els-ukc\/#breadcrumb"},"inLanguage":"en-US","potentialAction":[{"@type":"ReadAction","target":["https:\/\/www.mexicanguitarplayers.com\/tienda\/cuerdas\/folkloricos-y-regionales\/ukelele-flight-tusl-35b-2-sets-els-ukc\/"]}]},{"@type":"ImageObject","inLanguage":"en-US","@id":"https:\/\/www.mexicanguitarplayers.com\/tienda\/cuerdas\/folkloricos-y-regionales\/ukelele-flight-tusl-35b-2-sets-els-ukc\/#primaryimage","url":"https:\/\/www.mexicanguitarplayers.com\/wp-content\/uploads\/2022\/08\/ISFLITUSL35BKC.jpg","contentUrl":"https:\/\/www.mexicanguitarplayers.com\/wp-content\/uploads\/2022\/08\/ISFLITUSL35BKC.jpg","width":800,"height":1600},{"@type":"BreadcrumbList","@id":"https:\/\/www.mexicanguitarplayers.com\/tienda\/cuerdas\/folkloricos-y-regionales\/ukelele-flight-tusl-35b-2-sets-els-ukc\/#breadcrumb","itemListElement":[{"@type":"ListItem","position":1,"name":"Portada","item":"https:\/\/www.mexicanguitarplayers.com\/"},{"@type":"ListItem","position":2,"name":"Tienda","item":"https:\/\/www.mexicanguitarplayers.com\/tienda\/"},{"@type":"ListItem","position":3,"name":"UKELELE FLIGHT TUSL-35B + 2 SETS ELS-UKC"}]},{"@type":"WebSite","@id":"https:\/\/www.mexicanguitarplayers.com\/#website","url":"https:\/\/www.mexicanguitarplayers.com\/","name":"Mexican Guitar Players","description":"Website","publisher":{"@id":"https:\/\/www.mexicanguitarplayers.com\/#organization"},"potentialAction":[{"@type":"SearchAction","target":{"@type":"EntryPoint","urlTemplate":"https:\/\/www.mexicanguitarplayers.com\/?s={search_term_string}"},"query-input":{"@type":"PropertyValueSpecification","valueRequired":true,"valueName":"search_term_string"}}],"inLanguage":"en-US"},{"@type":"Organization","@id":"https:\/\/www.mexicanguitarplayers.com\/#organization","name":"Mexican Guitar Players","url":"https:\/\/www.mexicanguitarplayers.com\/","logo":{"@type":"ImageObject","inLanguage":"en-US","@id":"https:\/\/www.mexicanguitarplayers.com\/#\/schema\/logo\/image\/","url":"","contentUrl":"","caption":"Mexican Guitar Players"},"image":{"@id":"https:\/\/www.mexicanguitarplayers.com\/#\/schema\/logo\/image\/"}}]}},"brands":[{"id":322,"name":"FLIGHT","slug":"flight"}],"_links":{"self":[{"href":"https:\/\/www.mexicanguitarplayers.com\/en\/wp-json\/wp\/v2\/product\/10528","targetHints":{"allow":["GET"]}}],"collection":[{"href":"https:\/\/www.mexicanguitarplayers.com\/en\/wp-json\/wp\/v2\/product"}],"about":[{"href":"https:\/\/www.mexicanguitarplayers.com\/en\/wp-json\/wp\/v2\/types\/product"}],"replies":[{"embeddable":true,"href":"https:\/\/www.mexicanguitarplayers.com\/en\/wp-json\/wp\/v2\/comments?post=10528"}],"wp:featuredmedia":[{"embeddable":true,"href":"https:\/\/www.mexicanguitarplayers.com\/en\/wp-json\/wp\/v2\/media\/10527"}],"wp:attachment":[{"href":"https:\/\/www.mexicanguitarplayers.com\/en\/wp-json\/wp\/v2\/media?parent=10528"}],"wp:term":[{"taxonomy":"pwb-brand","embeddable":true,"href":"https:\/\/www.mexicanguitarplayers.com\/en\/wp-json\/wp\/v2\/pwb-brand?post=10528"},{"taxonomy":"product_brand","embeddable":true,"href":"https:\/\/www.mexicanguitarplayers.com\/en\/wp-json\/wp\/v2\/product_brand?post=10528"},{"taxonomy":"product_cat","embeddable":true,"href":"https:\/\/www.mexicanguitarplayers.com\/en\/wp-json\/wp\/v2\/product_cat?post=10528"},{"taxonomy":"product_tag","embeddable":true,"href":"https:\/\/www.mexicanguitarplayers.com\/en\/wp-json\/wp\/v2\/product_tag?post=10528"}],"curies":[{"name":"wp","href":"https:\/\/api.w.org\/{rel}","templated":true}]}}