{"id":10536,"date":"2022-08-18T01:46:55","date_gmt":"2022-08-18T06:46:55","guid":{"rendered":"https:\/\/www.mexicanguitarplayers.com\/tienda\/sin%20categor\u00eda\/ukelele-flight-tuc-40spa-2-sets-els-ukc\/"},"modified":"2024-01-27T16:18:54","modified_gmt":"2024-01-27T22:18:54","slug":"ukelele-flight-tuc-40spa-2-sets-els-ukc","status":"publish","type":"product","link":"https:\/\/www.mexicanguitarplayers.com\/en\/tienda\/cuerdas\/folkloricos-y-regionales\/ukelele-flight-tuc-40spa-2-sets-els-ukc\/","title":{"rendered":"UKULELE FLIGHT TUC-40SPA. 2 SETS ELS-UKC"},"content":{"rendered":"<div style=\"text-align: justify\">\n<div>\n<h3>UKULELE FLIGHT TUC-40SPA. 2 SETS ELS-UKC<\/h3>\n<\/div>\n<div>Concert Ukulele, 17 frets (14 to the body), laminated basswood top, ABS back and sides, ABS bridge, baldric button, ABS neck and fingerboard, ABS nut and saddle, 36.6 mm wide nut, markers position at 5th, 7th, 10th and 12th frets, zero fret, arched back, gear tuners, includes 2 sets of ELS-UKC La Sevillana strings for concert ukulele.<\/div>\n<\/div>","protected":false},"excerpt":{"rendered":"<p>Ukelele concierto, 17 trastes (14 al cuerpo), tapa de tilo laminado, aros y fondo de ABS, puente de ABS, bot\u00f3n de tahal\u00ed, brazo y diapas\u00f3n de ABS, cejuela y montura de ABS, cejuela de 36.6 mm de ancho, marcadores de posici\u00f3n en los trastes 5, 7, 10 y 12, traste cero, espalda arqueada, clavijas de engranaje, incluye 2 sets de cuerdas ELS-UKC de La Sevillana para ukelele concierto.&hellip; <a class=\"kt-excerpt-readmore more-link\" href=\"https:\/\/www.mexicanguitarplayers.com\/en\/tienda\/cuerdas\/folkloricos-y-regionales\/ukelele-flight-tuc-40spa-2-sets-els-ukc\/\">Read more<\/a><\/p>","protected":false},"featured_media":10535,"comment_status":"open","ping_status":"closed","template":"","meta":{"kt_blocks_editor_width":""},"pwb-brand":[322],"product_brand":[],"product_cat":[224,320],"product_tag":[],"class_list":{"0":"post-10536","1":"product","2":"type-product","3":"status-publish","4":"has-post-thumbnail","6":"pwb-brand-flight","7":"product_cat-cuerdas","8":"product_cat-folkloricos-y-regionales","9":"product_shipping_class-0-5-kg","11":"first","12":"outofstock","13":"taxable","14":"shipping-taxable","15":"purchasable","16":"product-type-simple"},"yoast_head":"<!-- This site is optimized with the Yoast SEO plugin v27.6 - https:\/\/yoast.com\/product\/yoast-seo-wordpress\/ -->\n<title>UKELELE FLIGHT TUC-40SPA. 2 SETS ELS-UKC - Mexican Guitar Players<\/title>\n<meta name=\"description\" content=\"UKELELE FLIGHT TUC-40SPA. 2 SETS ELS-UKC. Ukelele concierto, 17 trastes (14 al cuerpo), tapa de tilo laminado, aros y fondo de ABS, puente de ABS, bot\u00f3n de tahal\u00ed, brazo y diapas\u00f3n de ABS, cejuela y montura de ABS, cejuela de 36.6 mm de ancho, marcadores de posici\u00f3n en los trastes 5, 7, 10 y 12, traste cero, espalda arqueada, clavijas de engranaje, incluye 2 sets de cuerdas ELS-UKC de La Sevillana para ukelele concierto.\" \/>\n<meta name=\"robots\" content=\"index, follow, max-snippet:-1, max-image-preview:large, max-video-preview:-1\" \/>\n<link rel=\"canonical\" href=\"https:\/\/www.mexicanguitarplayers.com\/en\/tienda\/cuerdas\/folkloricos-y-regionales\/ukelele-flight-tuc-40spa-2-sets-els-ukc\/\" \/>\n<meta property=\"og:locale\" content=\"en_US\" \/>\n<meta property=\"og:type\" content=\"article\" \/>\n<meta property=\"og:title\" content=\"UKELELE FLIGHT TUC-40SPA. 2 SETS ELS-UKC - Mexican Guitar Players\" \/>\n<meta property=\"og:description\" content=\"UKELELE FLIGHT TUC-40SPA. 2 SETS ELS-UKC. Ukelele concierto, 17 trastes (14 al cuerpo), tapa de tilo laminado, aros y fondo de ABS, puente de ABS, bot\u00f3n de tahal\u00ed, brazo y diapas\u00f3n de ABS, cejuela y montura de ABS, cejuela de 36.6 mm de ancho, marcadores de posici\u00f3n en los trastes 5, 7, 10 y 12, traste cero, espalda arqueada, clavijas de engranaje, incluye 2 sets de cuerdas ELS-UKC de La Sevillana para ukelele concierto.\" \/>\n<meta property=\"og:url\" content=\"https:\/\/www.mexicanguitarplayers.com\/en\/tienda\/cuerdas\/folkloricos-y-regionales\/ukelele-flight-tuc-40spa-2-sets-els-ukc\/\" \/>\n<meta property=\"og:site_name\" content=\"Mexican Guitar Players\" \/>\n<meta property=\"article:modified_time\" content=\"2024-01-27T22:18:54+00:00\" \/>\n<meta property=\"og:image\" content=\"https:\/\/www.mexicanguitarplayers.com\/wp-content\/uploads\/2022\/08\/ISFLIUC40SPAKC.jpg\" \/>\n\t<meta property=\"og:image:width\" content=\"1200\" \/>\n\t<meta property=\"og:image:height\" content=\"1200\" \/>\n\t<meta property=\"og:image:type\" content=\"image\/jpeg\" \/>\n<meta name=\"twitter:card\" content=\"summary_large_image\" \/>\n<script type=\"application\/ld+json\" class=\"yoast-schema-graph\">{\"@context\":\"https:\\\/\\\/schema.org\",\"@graph\":[{\"@type\":[\"WebPage\",\"ItemPage\"],\"@id\":\"https:\\\/\\\/www.mexicanguitarplayers.com\\\/tienda\\\/cuerdas\\\/folkloricos-y-regionales\\\/ukelele-flight-tuc-40spa-2-sets-els-ukc\\\/\",\"url\":\"https:\\\/\\\/www.mexicanguitarplayers.com\\\/tienda\\\/cuerdas\\\/folkloricos-y-regionales\\\/ukelele-flight-tuc-40spa-2-sets-els-ukc\\\/\",\"name\":\"UKELELE FLIGHT TUC-40SPA. 2 SETS ELS-UKC - Mexican Guitar Players\",\"isPartOf\":{\"@id\":\"https:\\\/\\\/www.mexicanguitarplayers.com\\\/#website\"},\"primaryImageOfPage\":{\"@id\":\"https:\\\/\\\/www.mexicanguitarplayers.com\\\/tienda\\\/cuerdas\\\/folkloricos-y-regionales\\\/ukelele-flight-tuc-40spa-2-sets-els-ukc\\\/#primaryimage\"},\"image\":{\"@id\":\"https:\\\/\\\/www.mexicanguitarplayers.com\\\/tienda\\\/cuerdas\\\/folkloricos-y-regionales\\\/ukelele-flight-tuc-40spa-2-sets-els-ukc\\\/#primaryimage\"},\"thumbnailUrl\":\"https:\\\/\\\/www.mexicanguitarplayers.com\\\/wp-content\\\/uploads\\\/2022\\\/08\\\/ISFLIUC40SPAKC.jpg\",\"datePublished\":\"2022-08-18T06:46:55+00:00\",\"dateModified\":\"2024-01-27T22:18:54+00:00\",\"description\":\"UKELELE FLIGHT TUC-40SPA. 2 SETS ELS-UKC. Ukelele concierto, 17 trastes (14 al cuerpo), tapa de tilo laminado, aros y fondo de ABS, puente de ABS, bot\u00f3n de tahal\u00ed, brazo y diapas\u00f3n de ABS, cejuela y montura de ABS, cejuela de 36.6 mm de ancho, marcadores de posici\u00f3n en los trastes 5, 7, 10 y 12, traste cero, espalda arqueada, clavijas de engranaje, incluye 2 sets de cuerdas ELS-UKC de La Sevillana para ukelele concierto.\",\"breadcrumb\":{\"@id\":\"https:\\\/\\\/www.mexicanguitarplayers.com\\\/tienda\\\/cuerdas\\\/folkloricos-y-regionales\\\/ukelele-flight-tuc-40spa-2-sets-els-ukc\\\/#breadcrumb\"},\"inLanguage\":\"en-US\",\"potentialAction\":[{\"@type\":\"ReadAction\",\"target\":[\"https:\\\/\\\/www.mexicanguitarplayers.com\\\/tienda\\\/cuerdas\\\/folkloricos-y-regionales\\\/ukelele-flight-tuc-40spa-2-sets-els-ukc\\\/\"]}]},{\"@type\":\"ImageObject\",\"inLanguage\":\"en-US\",\"@id\":\"https:\\\/\\\/www.mexicanguitarplayers.com\\\/tienda\\\/cuerdas\\\/folkloricos-y-regionales\\\/ukelele-flight-tuc-40spa-2-sets-els-ukc\\\/#primaryimage\",\"url\":\"https:\\\/\\\/www.mexicanguitarplayers.com\\\/wp-content\\\/uploads\\\/2022\\\/08\\\/ISFLIUC40SPAKC.jpg\",\"contentUrl\":\"https:\\\/\\\/www.mexicanguitarplayers.com\\\/wp-content\\\/uploads\\\/2022\\\/08\\\/ISFLIUC40SPAKC.jpg\",\"width\":1200,\"height\":1200},{\"@type\":\"BreadcrumbList\",\"@id\":\"https:\\\/\\\/www.mexicanguitarplayers.com\\\/tienda\\\/cuerdas\\\/folkloricos-y-regionales\\\/ukelele-flight-tuc-40spa-2-sets-els-ukc\\\/#breadcrumb\",\"itemListElement\":[{\"@type\":\"ListItem\",\"position\":1,\"name\":\"Portada\",\"item\":\"https:\\\/\\\/www.mexicanguitarplayers.com\\\/\"},{\"@type\":\"ListItem\",\"position\":2,\"name\":\"Tienda\",\"item\":\"https:\\\/\\\/www.mexicanguitarplayers.com\\\/tienda\\\/\"},{\"@type\":\"ListItem\",\"position\":3,\"name\":\"UKELELE FLIGHT TUC-40SPA. 2 SETS ELS-UKC\"}]},{\"@type\":\"WebSite\",\"@id\":\"https:\\\/\\\/www.mexicanguitarplayers.com\\\/#website\",\"url\":\"https:\\\/\\\/www.mexicanguitarplayers.com\\\/\",\"name\":\"Mexican Guitar Players\",\"description\":\"Website\",\"publisher\":{\"@id\":\"https:\\\/\\\/www.mexicanguitarplayers.com\\\/#organization\"},\"potentialAction\":[{\"@type\":\"SearchAction\",\"target\":{\"@type\":\"EntryPoint\",\"urlTemplate\":\"https:\\\/\\\/www.mexicanguitarplayers.com\\\/?s={search_term_string}\"},\"query-input\":{\"@type\":\"PropertyValueSpecification\",\"valueRequired\":true,\"valueName\":\"search_term_string\"}}],\"inLanguage\":\"en-US\"},{\"@type\":\"Organization\",\"@id\":\"https:\\\/\\\/www.mexicanguitarplayers.com\\\/#organization\",\"name\":\"Mexican Guitar Players\",\"url\":\"https:\\\/\\\/www.mexicanguitarplayers.com\\\/\",\"logo\":{\"@type\":\"ImageObject\",\"inLanguage\":\"en-US\",\"@id\":\"https:\\\/\\\/www.mexicanguitarplayers.com\\\/#\\\/schema\\\/logo\\\/image\\\/\",\"url\":\"\",\"contentUrl\":\"\",\"caption\":\"Mexican Guitar Players\"},\"image\":{\"@id\":\"https:\\\/\\\/www.mexicanguitarplayers.com\\\/#\\\/schema\\\/logo\\\/image\\\/\"}}]}<\/script>\n<!-- \/ Yoast SEO plugin. -->","yoast_head_json":{"title":"UKELELE FLIGHT TUC-40SPA. 2 SETS ELS-UKC - Mexican Guitar Players","description":"UKELELE FLIGHT TUC-40SPA. 2 SETS ELS-UKC. Ukelele concierto, 17 trastes (14 al cuerpo), tapa de tilo laminado, aros y fondo de ABS, puente de ABS, bot\u00f3n de tahal\u00ed, brazo y diapas\u00f3n de ABS, cejuela y montura de ABS, cejuela de 36.6 mm de ancho, marcadores de posici\u00f3n en los trastes 5, 7, 10 y 12, traste cero, espalda arqueada, clavijas de engranaje, incluye 2 sets de cuerdas ELS-UKC de La Sevillana para ukelele concierto.","robots":{"index":"index","follow":"follow","max-snippet":"max-snippet:-1","max-image-preview":"max-image-preview:large","max-video-preview":"max-video-preview:-1"},"canonical":"https:\/\/www.mexicanguitarplayers.com\/en\/tienda\/cuerdas\/folkloricos-y-regionales\/ukelele-flight-tuc-40spa-2-sets-els-ukc\/","og_locale":"en_US","og_type":"article","og_title":"UKELELE FLIGHT TUC-40SPA. 2 SETS ELS-UKC - Mexican Guitar Players","og_description":"UKELELE FLIGHT TUC-40SPA. 2 SETS ELS-UKC. Ukelele concierto, 17 trastes (14 al cuerpo), tapa de tilo laminado, aros y fondo de ABS, puente de ABS, bot\u00f3n de tahal\u00ed, brazo y diapas\u00f3n de ABS, cejuela y montura de ABS, cejuela de 36.6 mm de ancho, marcadores de posici\u00f3n en los trastes 5, 7, 10 y 12, traste cero, espalda arqueada, clavijas de engranaje, incluye 2 sets de cuerdas ELS-UKC de La Sevillana para ukelele concierto.","og_url":"https:\/\/www.mexicanguitarplayers.com\/en\/tienda\/cuerdas\/folkloricos-y-regionales\/ukelele-flight-tuc-40spa-2-sets-els-ukc\/","og_site_name":"Mexican Guitar Players","article_modified_time":"2024-01-27T22:18:54+00:00","og_image":[{"width":1200,"height":1200,"url":"https:\/\/www.mexicanguitarplayers.com\/wp-content\/uploads\/2022\/08\/ISFLIUC40SPAKC.jpg","type":"image\/jpeg"}],"twitter_card":"summary_large_image","schema":{"@context":"https:\/\/schema.org","@graph":[{"@type":["WebPage","ItemPage"],"@id":"https:\/\/www.mexicanguitarplayers.com\/tienda\/cuerdas\/folkloricos-y-regionales\/ukelele-flight-tuc-40spa-2-sets-els-ukc\/","url":"https:\/\/www.mexicanguitarplayers.com\/tienda\/cuerdas\/folkloricos-y-regionales\/ukelele-flight-tuc-40spa-2-sets-els-ukc\/","name":"UKELELE FLIGHT TUC-40SPA. 2 SETS ELS-UKC - Mexican Guitar Players","isPartOf":{"@id":"https:\/\/www.mexicanguitarplayers.com\/#website"},"primaryImageOfPage":{"@id":"https:\/\/www.mexicanguitarplayers.com\/tienda\/cuerdas\/folkloricos-y-regionales\/ukelele-flight-tuc-40spa-2-sets-els-ukc\/#primaryimage"},"image":{"@id":"https:\/\/www.mexicanguitarplayers.com\/tienda\/cuerdas\/folkloricos-y-regionales\/ukelele-flight-tuc-40spa-2-sets-els-ukc\/#primaryimage"},"thumbnailUrl":"https:\/\/www.mexicanguitarplayers.com\/wp-content\/uploads\/2022\/08\/ISFLIUC40SPAKC.jpg","datePublished":"2022-08-18T06:46:55+00:00","dateModified":"2024-01-27T22:18:54+00:00","description":"UKELELE FLIGHT TUC-40SPA. 2 SETS ELS-UKC. Ukelele concierto, 17 trastes (14 al cuerpo), tapa de tilo laminado, aros y fondo de ABS, puente de ABS, bot\u00f3n de tahal\u00ed, brazo y diapas\u00f3n de ABS, cejuela y montura de ABS, cejuela de 36.6 mm de ancho, marcadores de posici\u00f3n en los trastes 5, 7, 10 y 12, traste cero, espalda arqueada, clavijas de engranaje, incluye 2 sets de cuerdas ELS-UKC de La Sevillana para ukelele concierto.","breadcrumb":{"@id":"https:\/\/www.mexicanguitarplayers.com\/tienda\/cuerdas\/folkloricos-y-regionales\/ukelele-flight-tuc-40spa-2-sets-els-ukc\/#breadcrumb"},"inLanguage":"en-US","potentialAction":[{"@type":"ReadAction","target":["https:\/\/www.mexicanguitarplayers.com\/tienda\/cuerdas\/folkloricos-y-regionales\/ukelele-flight-tuc-40spa-2-sets-els-ukc\/"]}]},{"@type":"ImageObject","inLanguage":"en-US","@id":"https:\/\/www.mexicanguitarplayers.com\/tienda\/cuerdas\/folkloricos-y-regionales\/ukelele-flight-tuc-40spa-2-sets-els-ukc\/#primaryimage","url":"https:\/\/www.mexicanguitarplayers.com\/wp-content\/uploads\/2022\/08\/ISFLIUC40SPAKC.jpg","contentUrl":"https:\/\/www.mexicanguitarplayers.com\/wp-content\/uploads\/2022\/08\/ISFLIUC40SPAKC.jpg","width":1200,"height":1200},{"@type":"BreadcrumbList","@id":"https:\/\/www.mexicanguitarplayers.com\/tienda\/cuerdas\/folkloricos-y-regionales\/ukelele-flight-tuc-40spa-2-sets-els-ukc\/#breadcrumb","itemListElement":[{"@type":"ListItem","position":1,"name":"Portada","item":"https:\/\/www.mexicanguitarplayers.com\/"},{"@type":"ListItem","position":2,"name":"Tienda","item":"https:\/\/www.mexicanguitarplayers.com\/tienda\/"},{"@type":"ListItem","position":3,"name":"UKELELE FLIGHT TUC-40SPA. 2 SETS ELS-UKC"}]},{"@type":"WebSite","@id":"https:\/\/www.mexicanguitarplayers.com\/#website","url":"https:\/\/www.mexicanguitarplayers.com\/","name":"Mexican Guitar Players","description":"Website","publisher":{"@id":"https:\/\/www.mexicanguitarplayers.com\/#organization"},"potentialAction":[{"@type":"SearchAction","target":{"@type":"EntryPoint","urlTemplate":"https:\/\/www.mexicanguitarplayers.com\/?s={search_term_string}"},"query-input":{"@type":"PropertyValueSpecification","valueRequired":true,"valueName":"search_term_string"}}],"inLanguage":"en-US"},{"@type":"Organization","@id":"https:\/\/www.mexicanguitarplayers.com\/#organization","name":"Mexican Guitar Players","url":"https:\/\/www.mexicanguitarplayers.com\/","logo":{"@type":"ImageObject","inLanguage":"en-US","@id":"https:\/\/www.mexicanguitarplayers.com\/#\/schema\/logo\/image\/","url":"","contentUrl":"","caption":"Mexican Guitar Players"},"image":{"@id":"https:\/\/www.mexicanguitarplayers.com\/#\/schema\/logo\/image\/"}}]}},"brands":[{"id":322,"name":"FLIGHT","slug":"flight"}],"_links":{"self":[{"href":"https:\/\/www.mexicanguitarplayers.com\/en\/wp-json\/wp\/v2\/product\/10536","targetHints":{"allow":["GET"]}}],"collection":[{"href":"https:\/\/www.mexicanguitarplayers.com\/en\/wp-json\/wp\/v2\/product"}],"about":[{"href":"https:\/\/www.mexicanguitarplayers.com\/en\/wp-json\/wp\/v2\/types\/product"}],"replies":[{"embeddable":true,"href":"https:\/\/www.mexicanguitarplayers.com\/en\/wp-json\/wp\/v2\/comments?post=10536"}],"wp:featuredmedia":[{"embeddable":true,"href":"https:\/\/www.mexicanguitarplayers.com\/en\/wp-json\/wp\/v2\/media\/10535"}],"wp:attachment":[{"href":"https:\/\/www.mexicanguitarplayers.com\/en\/wp-json\/wp\/v2\/media?parent=10536"}],"wp:term":[{"taxonomy":"pwb-brand","embeddable":true,"href":"https:\/\/www.mexicanguitarplayers.com\/en\/wp-json\/wp\/v2\/pwb-brand?post=10536"},{"taxonomy":"product_brand","embeddable":true,"href":"https:\/\/www.mexicanguitarplayers.com\/en\/wp-json\/wp\/v2\/product_brand?post=10536"},{"taxonomy":"product_cat","embeddable":true,"href":"https:\/\/www.mexicanguitarplayers.com\/en\/wp-json\/wp\/v2\/product_cat?post=10536"},{"taxonomy":"product_tag","embeddable":true,"href":"https:\/\/www.mexicanguitarplayers.com\/en\/wp-json\/wp\/v2\/product_tag?post=10536"}],"curies":[{"name":"wp","href":"https:\/\/api.w.org\/{rel}","templated":true}]}}