{"id":10546,"date":"2022-08-18T01:47:07","date_gmt":"2022-08-18T06:47:07","guid":{"rendered":"https:\/\/www.mexicanguitarplayers.com\/tienda\/sin%20categor\u00eda\/ukelele-flight-tusl-25-surfels-ukc2\/"},"modified":"2024-01-27T16:18:55","modified_gmt":"2024-01-27T22:18:55","slug":"ukelele-flight-tusl-25-surfels-ukc2","status":"publish","type":"product","link":"https:\/\/www.mexicanguitarplayers.com\/en\/tienda\/cuerdas\/folkloricos-y-regionales\/ukelele-flight-tusl-25-surfels-ukc2\/","title":{"rendered":"UKULELE FLIGHT TUSL-25 SURF+ELS-UKC(2)"},"content":{"rendered":"<div style=\"text-align: justify\">\n<div>\n<h3>UKULELE FLIGHT TUSL-25 SURF+ELS-UKC(2)<\/h3>\n<\/div>\n<div>Soprano ukulele with concert scale neck, 17 frets, basswood top, ABS plastic back and sides, ABS plastic bridge, Surf design, baldric button, ABS plastic neck, ABS plastic fretboard, ABS plastic saddle and nut , 5th, 7th, 10th and 12th fret position markers, zero fret, arched back, gear machine heads, side position markers, includes gig bag, includes 2 sets of ELS-UKC La Sevillana concert ukulele strings.<\/div>\n<\/div>","protected":false},"excerpt":{"rendered":"<p>Ukelele soprano con brazo de escala concierto, 17 trastes, tapa de tilo, aros y fondo de pl\u00e1stico ABS, puente de pl\u00e1stico ABS, dise\u00f1o Surf, bot\u00f3n de tahal\u00ed, brazo de pl\u00e1stico ABS, diapas\u00f3n de pl\u00e1stico ABS, cejuela y montura de pl\u00e1stico ABS, marcadores de posici\u00f3n en los trastes 5, 7, 10 y 12,  traste cero, espalda arqueada, clavijas de engranaje, marcadores de posici\u00f3n laterales, incluye funda, incluye 2 sets de cuerdas ELS-UKC de La Sevillana para ukelele concierto.&hellip; <a class=\"kt-excerpt-readmore more-link\" href=\"https:\/\/www.mexicanguitarplayers.com\/en\/tienda\/cuerdas\/folkloricos-y-regionales\/ukelele-flight-tusl-25-surfels-ukc2\/\">Read more<\/a><\/p>","protected":false},"featured_media":10545,"comment_status":"open","ping_status":"closed","template":"","meta":{"kt_blocks_editor_width":""},"pwb-brand":[322],"product_brand":[],"product_cat":[224,320],"product_tag":[],"class_list":{"0":"post-10546","1":"product","2":"type-product","3":"status-publish","4":"has-post-thumbnail","6":"pwb-brand-flight","7":"product_cat-cuerdas","8":"product_cat-folkloricos-y-regionales","9":"product_shipping_class-0-5-kg","11":"first","12":"outofstock","13":"taxable","14":"shipping-taxable","15":"purchasable","16":"product-type-simple"},"yoast_head":"<!-- This site is optimized with the Yoast SEO plugin v27.6 - https:\/\/yoast.com\/product\/yoast-seo-wordpress\/ -->\n<title>UKELELE FLIGHT TUSL-25 SURF+ELS-UKC(2) - Mexican Guitar Players<\/title>\n<meta name=\"description\" content=\"UKELELE FLIGHT TUSL-25 SURF+ELS-UKC(2). Ukelele soprano con brazo de escala concierto, 17 trastes, tapa de tilo, aros y fondo de pl\u00e1stico ABS, puente de pl\u00e1stico ABS, dise\u00f1o Surf, bot\u00f3n de tahal\u00ed, brazo de pl\u00e1stico ABS, diapas\u00f3n de pl\u00e1stico ABS, cejuela y montura de pl\u00e1stico ABS, marcadores de posici\u00f3n en los trastes 5, 7, 10 y 12, traste cero, espalda arqueada, clavijas de engranaje, marcadores de posici\u00f3n laterales, incluye funda, incluye 2 sets de cuerdas ELS-UKC de La Sevillana para ukelele concierto.\" \/>\n<meta name=\"robots\" content=\"index, follow, max-snippet:-1, max-image-preview:large, max-video-preview:-1\" \/>\n<link rel=\"canonical\" href=\"https:\/\/www.mexicanguitarplayers.com\/en\/tienda\/cuerdas\/folkloricos-y-regionales\/ukelele-flight-tusl-25-surfels-ukc2\/\" \/>\n<meta property=\"og:locale\" content=\"en_US\" \/>\n<meta property=\"og:type\" content=\"article\" \/>\n<meta property=\"og:title\" content=\"UKELELE FLIGHT TUSL-25 SURF+ELS-UKC(2) - Mexican Guitar Players\" \/>\n<meta property=\"og:description\" content=\"UKELELE FLIGHT TUSL-25 SURF+ELS-UKC(2). Ukelele soprano con brazo de escala concierto, 17 trastes, tapa de tilo, aros y fondo de pl\u00e1stico ABS, puente de pl\u00e1stico ABS, dise\u00f1o Surf, bot\u00f3n de tahal\u00ed, brazo de pl\u00e1stico ABS, diapas\u00f3n de pl\u00e1stico ABS, cejuela y montura de pl\u00e1stico ABS, marcadores de posici\u00f3n en los trastes 5, 7, 10 y 12, traste cero, espalda arqueada, clavijas de engranaje, marcadores de posici\u00f3n laterales, incluye funda, incluye 2 sets de cuerdas ELS-UKC de La Sevillana para ukelele concierto.\" \/>\n<meta property=\"og:url\" content=\"https:\/\/www.mexicanguitarplayers.com\/en\/tienda\/cuerdas\/folkloricos-y-regionales\/ukelele-flight-tusl-25-surfels-ukc2\/\" \/>\n<meta property=\"og:site_name\" content=\"Mexican Guitar Players\" \/>\n<meta property=\"article:modified_time\" content=\"2024-01-27T22:18:55+00:00\" \/>\n<meta property=\"og:image\" content=\"https:\/\/www.mexicanguitarplayers.com\/wp-content\/uploads\/2022\/08\/ISFLIUSL25SRKC.jpg\" \/>\n\t<meta property=\"og:image:width\" content=\"800\" \/>\n\t<meta property=\"og:image:height\" content=\"1600\" \/>\n\t<meta property=\"og:image:type\" content=\"image\/jpeg\" \/>\n<meta name=\"twitter:card\" content=\"summary_large_image\" \/>\n<script type=\"application\/ld+json\" class=\"yoast-schema-graph\">{\"@context\":\"https:\\\/\\\/schema.org\",\"@graph\":[{\"@type\":[\"WebPage\",\"ItemPage\"],\"@id\":\"https:\\\/\\\/www.mexicanguitarplayers.com\\\/tienda\\\/cuerdas\\\/folkloricos-y-regionales\\\/ukelele-flight-tusl-25-surfels-ukc2\\\/\",\"url\":\"https:\\\/\\\/www.mexicanguitarplayers.com\\\/tienda\\\/cuerdas\\\/folkloricos-y-regionales\\\/ukelele-flight-tusl-25-surfels-ukc2\\\/\",\"name\":\"UKELELE FLIGHT TUSL-25 SURF+ELS-UKC(2) - Mexican Guitar Players\",\"isPartOf\":{\"@id\":\"https:\\\/\\\/www.mexicanguitarplayers.com\\\/#website\"},\"primaryImageOfPage\":{\"@id\":\"https:\\\/\\\/www.mexicanguitarplayers.com\\\/tienda\\\/cuerdas\\\/folkloricos-y-regionales\\\/ukelele-flight-tusl-25-surfels-ukc2\\\/#primaryimage\"},\"image\":{\"@id\":\"https:\\\/\\\/www.mexicanguitarplayers.com\\\/tienda\\\/cuerdas\\\/folkloricos-y-regionales\\\/ukelele-flight-tusl-25-surfels-ukc2\\\/#primaryimage\"},\"thumbnailUrl\":\"https:\\\/\\\/www.mexicanguitarplayers.com\\\/wp-content\\\/uploads\\\/2022\\\/08\\\/ISFLIUSL25SRKC.jpg\",\"datePublished\":\"2022-08-18T06:47:07+00:00\",\"dateModified\":\"2024-01-27T22:18:55+00:00\",\"description\":\"UKELELE FLIGHT TUSL-25 SURF+ELS-UKC(2). Ukelele soprano con brazo de escala concierto, 17 trastes, tapa de tilo, aros y fondo de pl\u00e1stico ABS, puente de pl\u00e1stico ABS, dise\u00f1o Surf, bot\u00f3n de tahal\u00ed, brazo de pl\u00e1stico ABS, diapas\u00f3n de pl\u00e1stico ABS, cejuela y montura de pl\u00e1stico ABS, marcadores de posici\u00f3n en los trastes 5, 7, 10 y 12, traste cero, espalda arqueada, clavijas de engranaje, marcadores de posici\u00f3n laterales, incluye funda, incluye 2 sets de cuerdas ELS-UKC de La Sevillana para ukelele concierto.\",\"breadcrumb\":{\"@id\":\"https:\\\/\\\/www.mexicanguitarplayers.com\\\/tienda\\\/cuerdas\\\/folkloricos-y-regionales\\\/ukelele-flight-tusl-25-surfels-ukc2\\\/#breadcrumb\"},\"inLanguage\":\"en-US\",\"potentialAction\":[{\"@type\":\"ReadAction\",\"target\":[\"https:\\\/\\\/www.mexicanguitarplayers.com\\\/tienda\\\/cuerdas\\\/folkloricos-y-regionales\\\/ukelele-flight-tusl-25-surfels-ukc2\\\/\"]}]},{\"@type\":\"ImageObject\",\"inLanguage\":\"en-US\",\"@id\":\"https:\\\/\\\/www.mexicanguitarplayers.com\\\/tienda\\\/cuerdas\\\/folkloricos-y-regionales\\\/ukelele-flight-tusl-25-surfels-ukc2\\\/#primaryimage\",\"url\":\"https:\\\/\\\/www.mexicanguitarplayers.com\\\/wp-content\\\/uploads\\\/2022\\\/08\\\/ISFLIUSL25SRKC.jpg\",\"contentUrl\":\"https:\\\/\\\/www.mexicanguitarplayers.com\\\/wp-content\\\/uploads\\\/2022\\\/08\\\/ISFLIUSL25SRKC.jpg\",\"width\":800,\"height\":1600},{\"@type\":\"BreadcrumbList\",\"@id\":\"https:\\\/\\\/www.mexicanguitarplayers.com\\\/tienda\\\/cuerdas\\\/folkloricos-y-regionales\\\/ukelele-flight-tusl-25-surfels-ukc2\\\/#breadcrumb\",\"itemListElement\":[{\"@type\":\"ListItem\",\"position\":1,\"name\":\"Portada\",\"item\":\"https:\\\/\\\/www.mexicanguitarplayers.com\\\/\"},{\"@type\":\"ListItem\",\"position\":2,\"name\":\"Tienda\",\"item\":\"https:\\\/\\\/www.mexicanguitarplayers.com\\\/tienda\\\/\"},{\"@type\":\"ListItem\",\"position\":3,\"name\":\"UKELELE FLIGHT TUSL-25 SURF+ELS-UKC(2)\"}]},{\"@type\":\"WebSite\",\"@id\":\"https:\\\/\\\/www.mexicanguitarplayers.com\\\/#website\",\"url\":\"https:\\\/\\\/www.mexicanguitarplayers.com\\\/\",\"name\":\"Mexican Guitar Players\",\"description\":\"Website\",\"publisher\":{\"@id\":\"https:\\\/\\\/www.mexicanguitarplayers.com\\\/#organization\"},\"potentialAction\":[{\"@type\":\"SearchAction\",\"target\":{\"@type\":\"EntryPoint\",\"urlTemplate\":\"https:\\\/\\\/www.mexicanguitarplayers.com\\\/?s={search_term_string}\"},\"query-input\":{\"@type\":\"PropertyValueSpecification\",\"valueRequired\":true,\"valueName\":\"search_term_string\"}}],\"inLanguage\":\"en-US\"},{\"@type\":\"Organization\",\"@id\":\"https:\\\/\\\/www.mexicanguitarplayers.com\\\/#organization\",\"name\":\"Mexican Guitar Players\",\"url\":\"https:\\\/\\\/www.mexicanguitarplayers.com\\\/\",\"logo\":{\"@type\":\"ImageObject\",\"inLanguage\":\"en-US\",\"@id\":\"https:\\\/\\\/www.mexicanguitarplayers.com\\\/#\\\/schema\\\/logo\\\/image\\\/\",\"url\":\"\",\"contentUrl\":\"\",\"caption\":\"Mexican Guitar Players\"},\"image\":{\"@id\":\"https:\\\/\\\/www.mexicanguitarplayers.com\\\/#\\\/schema\\\/logo\\\/image\\\/\"}}]}<\/script>\n<!-- \/ Yoast SEO plugin. -->","yoast_head_json":{"title":"UKELELE FLIGHT TUSL-25 SURF+ELS-UKC(2) - Mexican Guitar Players","description":"UKELELE FLIGHT TUSL-25 SURF+ELS-UKC(2). Ukelele soprano con brazo de escala concierto, 17 trastes, tapa de tilo, aros y fondo de pl\u00e1stico ABS, puente de pl\u00e1stico ABS, dise\u00f1o Surf, bot\u00f3n de tahal\u00ed, brazo de pl\u00e1stico ABS, diapas\u00f3n de pl\u00e1stico ABS, cejuela y montura de pl\u00e1stico ABS, marcadores de posici\u00f3n en los trastes 5, 7, 10 y 12, traste cero, espalda arqueada, clavijas de engranaje, marcadores de posici\u00f3n laterales, incluye funda, incluye 2 sets de cuerdas ELS-UKC de La Sevillana para ukelele concierto.","robots":{"index":"index","follow":"follow","max-snippet":"max-snippet:-1","max-image-preview":"max-image-preview:large","max-video-preview":"max-video-preview:-1"},"canonical":"https:\/\/www.mexicanguitarplayers.com\/en\/tienda\/cuerdas\/folkloricos-y-regionales\/ukelele-flight-tusl-25-surfels-ukc2\/","og_locale":"en_US","og_type":"article","og_title":"UKELELE FLIGHT TUSL-25 SURF+ELS-UKC(2) - Mexican Guitar Players","og_description":"UKELELE FLIGHT TUSL-25 SURF+ELS-UKC(2). Ukelele soprano con brazo de escala concierto, 17 trastes, tapa de tilo, aros y fondo de pl\u00e1stico ABS, puente de pl\u00e1stico ABS, dise\u00f1o Surf, bot\u00f3n de tahal\u00ed, brazo de pl\u00e1stico ABS, diapas\u00f3n de pl\u00e1stico ABS, cejuela y montura de pl\u00e1stico ABS, marcadores de posici\u00f3n en los trastes 5, 7, 10 y 12, traste cero, espalda arqueada, clavijas de engranaje, marcadores de posici\u00f3n laterales, incluye funda, incluye 2 sets de cuerdas ELS-UKC de La Sevillana para ukelele concierto.","og_url":"https:\/\/www.mexicanguitarplayers.com\/en\/tienda\/cuerdas\/folkloricos-y-regionales\/ukelele-flight-tusl-25-surfels-ukc2\/","og_site_name":"Mexican Guitar Players","article_modified_time":"2024-01-27T22:18:55+00:00","og_image":[{"width":800,"height":1600,"url":"https:\/\/www.mexicanguitarplayers.com\/wp-content\/uploads\/2022\/08\/ISFLIUSL25SRKC.jpg","type":"image\/jpeg"}],"twitter_card":"summary_large_image","schema":{"@context":"https:\/\/schema.org","@graph":[{"@type":["WebPage","ItemPage"],"@id":"https:\/\/www.mexicanguitarplayers.com\/tienda\/cuerdas\/folkloricos-y-regionales\/ukelele-flight-tusl-25-surfels-ukc2\/","url":"https:\/\/www.mexicanguitarplayers.com\/tienda\/cuerdas\/folkloricos-y-regionales\/ukelele-flight-tusl-25-surfels-ukc2\/","name":"UKELELE FLIGHT TUSL-25 SURF+ELS-UKC(2) - Mexican Guitar Players","isPartOf":{"@id":"https:\/\/www.mexicanguitarplayers.com\/#website"},"primaryImageOfPage":{"@id":"https:\/\/www.mexicanguitarplayers.com\/tienda\/cuerdas\/folkloricos-y-regionales\/ukelele-flight-tusl-25-surfels-ukc2\/#primaryimage"},"image":{"@id":"https:\/\/www.mexicanguitarplayers.com\/tienda\/cuerdas\/folkloricos-y-regionales\/ukelele-flight-tusl-25-surfels-ukc2\/#primaryimage"},"thumbnailUrl":"https:\/\/www.mexicanguitarplayers.com\/wp-content\/uploads\/2022\/08\/ISFLIUSL25SRKC.jpg","datePublished":"2022-08-18T06:47:07+00:00","dateModified":"2024-01-27T22:18:55+00:00","description":"UKELELE FLIGHT TUSL-25 SURF+ELS-UKC(2). Ukelele soprano con brazo de escala concierto, 17 trastes, tapa de tilo, aros y fondo de pl\u00e1stico ABS, puente de pl\u00e1stico ABS, dise\u00f1o Surf, bot\u00f3n de tahal\u00ed, brazo de pl\u00e1stico ABS, diapas\u00f3n de pl\u00e1stico ABS, cejuela y montura de pl\u00e1stico ABS, marcadores de posici\u00f3n en los trastes 5, 7, 10 y 12, traste cero, espalda arqueada, clavijas de engranaje, marcadores de posici\u00f3n laterales, incluye funda, incluye 2 sets de cuerdas ELS-UKC de La Sevillana para ukelele concierto.","breadcrumb":{"@id":"https:\/\/www.mexicanguitarplayers.com\/tienda\/cuerdas\/folkloricos-y-regionales\/ukelele-flight-tusl-25-surfels-ukc2\/#breadcrumb"},"inLanguage":"en-US","potentialAction":[{"@type":"ReadAction","target":["https:\/\/www.mexicanguitarplayers.com\/tienda\/cuerdas\/folkloricos-y-regionales\/ukelele-flight-tusl-25-surfels-ukc2\/"]}]},{"@type":"ImageObject","inLanguage":"en-US","@id":"https:\/\/www.mexicanguitarplayers.com\/tienda\/cuerdas\/folkloricos-y-regionales\/ukelele-flight-tusl-25-surfels-ukc2\/#primaryimage","url":"https:\/\/www.mexicanguitarplayers.com\/wp-content\/uploads\/2022\/08\/ISFLIUSL25SRKC.jpg","contentUrl":"https:\/\/www.mexicanguitarplayers.com\/wp-content\/uploads\/2022\/08\/ISFLIUSL25SRKC.jpg","width":800,"height":1600},{"@type":"BreadcrumbList","@id":"https:\/\/www.mexicanguitarplayers.com\/tienda\/cuerdas\/folkloricos-y-regionales\/ukelele-flight-tusl-25-surfels-ukc2\/#breadcrumb","itemListElement":[{"@type":"ListItem","position":1,"name":"Portada","item":"https:\/\/www.mexicanguitarplayers.com\/"},{"@type":"ListItem","position":2,"name":"Tienda","item":"https:\/\/www.mexicanguitarplayers.com\/tienda\/"},{"@type":"ListItem","position":3,"name":"UKELELE FLIGHT TUSL-25 SURF+ELS-UKC(2)"}]},{"@type":"WebSite","@id":"https:\/\/www.mexicanguitarplayers.com\/#website","url":"https:\/\/www.mexicanguitarplayers.com\/","name":"Mexican Guitar Players","description":"Website","publisher":{"@id":"https:\/\/www.mexicanguitarplayers.com\/#organization"},"potentialAction":[{"@type":"SearchAction","target":{"@type":"EntryPoint","urlTemplate":"https:\/\/www.mexicanguitarplayers.com\/?s={search_term_string}"},"query-input":{"@type":"PropertyValueSpecification","valueRequired":true,"valueName":"search_term_string"}}],"inLanguage":"en-US"},{"@type":"Organization","@id":"https:\/\/www.mexicanguitarplayers.com\/#organization","name":"Mexican Guitar Players","url":"https:\/\/www.mexicanguitarplayers.com\/","logo":{"@type":"ImageObject","inLanguage":"en-US","@id":"https:\/\/www.mexicanguitarplayers.com\/#\/schema\/logo\/image\/","url":"","contentUrl":"","caption":"Mexican Guitar Players"},"image":{"@id":"https:\/\/www.mexicanguitarplayers.com\/#\/schema\/logo\/image\/"}}]}},"brands":[{"id":322,"name":"FLIGHT","slug":"flight"}],"_links":{"self":[{"href":"https:\/\/www.mexicanguitarplayers.com\/en\/wp-json\/wp\/v2\/product\/10546","targetHints":{"allow":["GET"]}}],"collection":[{"href":"https:\/\/www.mexicanguitarplayers.com\/en\/wp-json\/wp\/v2\/product"}],"about":[{"href":"https:\/\/www.mexicanguitarplayers.com\/en\/wp-json\/wp\/v2\/types\/product"}],"replies":[{"embeddable":true,"href":"https:\/\/www.mexicanguitarplayers.com\/en\/wp-json\/wp\/v2\/comments?post=10546"}],"wp:featuredmedia":[{"embeddable":true,"href":"https:\/\/www.mexicanguitarplayers.com\/en\/wp-json\/wp\/v2\/media\/10545"}],"wp:attachment":[{"href":"https:\/\/www.mexicanguitarplayers.com\/en\/wp-json\/wp\/v2\/media?parent=10546"}],"wp:term":[{"taxonomy":"pwb-brand","embeddable":true,"href":"https:\/\/www.mexicanguitarplayers.com\/en\/wp-json\/wp\/v2\/pwb-brand?post=10546"},{"taxonomy":"product_brand","embeddable":true,"href":"https:\/\/www.mexicanguitarplayers.com\/en\/wp-json\/wp\/v2\/product_brand?post=10546"},{"taxonomy":"product_cat","embeddable":true,"href":"https:\/\/www.mexicanguitarplayers.com\/en\/wp-json\/wp\/v2\/product_cat?post=10546"},{"taxonomy":"product_tag","embeddable":true,"href":"https:\/\/www.mexicanguitarplayers.com\/en\/wp-json\/wp\/v2\/product_tag?post=10546"}],"curies":[{"name":"wp","href":"https:\/\/api.w.org\/{rel}","templated":true}]}}