{"id":10554,"date":"2022-08-18T01:47:17","date_gmt":"2022-08-18T06:47:17","guid":{"rendered":"https:\/\/www.mexicanguitarplayers.com\/tienda\/sin%20categor\u00eda\/violin-gewa-mod-ps401621-4-4\/"},"modified":"2026-04-10T01:30:02","modified_gmt":"2026-04-10T07:30:02","slug":"violin-gewa-mod-ps401621-4-4","status":"publish","type":"product","link":"https:\/\/www.mexicanguitarplayers.com\/en\/tienda\/cuerdas\/orquestales\/violines\/violin-gewa-mod-ps401621-4-4\/","title":{"rendered":"VIOLIN GEWA MOD. PS401621 4\/4"},"content":{"rendered":"<div style=\"text-align: justify\">\n<div>\n<h3>VIOLIN GEWA MOD. PS401621 4\/4<\/h3>\n<\/div>\n<div>4\/4 violin, made of European wood, solid spruce front and solid maple top, hand lacquered, ebony fingerboard, pegs and chin rests, inserted binding, tailpiece with micro tuner, Brazil bow with ebony nut, rosin, includes hard case with carrying strap, ready to play.<\/div>\n<\/div>","protected":false},"excerpt":{"rendered":"<p>Viol\u00edn de 4\/4, fabricado con madera europea, frente de abeto s\u00f3lido y tapa de maple s\u00f3lido, laqueado a mano, diapas\u00f3n, clavijas y mentoneras de \u00e9bano, ribete insertado, cordal con micro afinador, arco Brasil con nuez en \u00e9bano, resina, incluye estuche r\u00edgido con correa de transporte, listo para tocar.&hellip; <a class=\"kt-excerpt-readmore more-link\" href=\"https:\/\/www.mexicanguitarplayers.com\/en\/tienda\/cuerdas\/orquestales\/violines\/violin-gewa-mod-ps401621-4-4\/\">Read more<\/a><\/p>","protected":false},"featured_media":10553,"comment_status":"open","ping_status":"closed","template":"","meta":{"kt_blocks_editor_width":""},"pwb-brand":[331],"product_brand":[],"product_cat":[224,323,324],"product_tag":[],"class_list":{"0":"post-10554","1":"product","2":"type-product","3":"status-publish","4":"has-post-thumbnail","6":"pwb-brand-gewa","7":"product_cat-cuerdas","8":"product_cat-orquestales","9":"product_cat-violines","10":"product_shipping_class-5-10-kg","12":"first","13":"outofstock","14":"taxable","15":"shipping-taxable","16":"purchasable","17":"product-type-simple"},"yoast_head":"<!-- This site is optimized with the Yoast SEO plugin v27.6 - https:\/\/yoast.com\/product\/yoast-seo-wordpress\/ -->\n<title>VIOLIN GEWA MOD. PS401621 4\/4 - Mexican Guitar Players<\/title>\n<meta name=\"description\" content=\"VIOLIN GEWA MOD. PS401621 4\/4. Viol\u00edn de 4\/4, fabricado con madera europea, frente de abeto s\u00f3lido y tapa de maple s\u00f3lido, laqueado a mano, diapas\u00f3n, clavijas y mentoneras de \u00e9bano, ribete insertado, cordal con micro afinador, arco Brasil con nuez en \u00e9bano, resina, incluye estuche r\u00edgido con correa de transporte, listo para tocar.\" \/>\n<meta name=\"robots\" content=\"index, follow, max-snippet:-1, max-image-preview:large, max-video-preview:-1\" \/>\n<link rel=\"canonical\" href=\"https:\/\/www.mexicanguitarplayers.com\/en\/tienda\/cuerdas\/orquestales\/violines\/violin-gewa-mod-ps401621-4-4\/\" \/>\n<meta property=\"og:locale\" content=\"en_US\" \/>\n<meta property=\"og:type\" content=\"article\" \/>\n<meta property=\"og:title\" content=\"VIOLIN GEWA MOD. PS401621 4\/4 - Mexican Guitar Players\" \/>\n<meta property=\"og:description\" content=\"VIOLIN GEWA MOD. PS401621 4\/4. Viol\u00edn de 4\/4, fabricado con madera europea, frente de abeto s\u00f3lido y tapa de maple s\u00f3lido, laqueado a mano, diapas\u00f3n, clavijas y mentoneras de \u00e9bano, ribete insertado, cordal con micro afinador, arco Brasil con nuez en \u00e9bano, resina, incluye estuche r\u00edgido con correa de transporte, listo para tocar.\" \/>\n<meta property=\"og:url\" content=\"https:\/\/www.mexicanguitarplayers.com\/en\/tienda\/cuerdas\/orquestales\/violines\/violin-gewa-mod-ps401621-4-4\/\" \/>\n<meta property=\"og:site_name\" content=\"Mexican Guitar Players\" \/>\n<meta property=\"article:modified_time\" content=\"2026-04-10T07:30:02+00:00\" \/>\n<meta property=\"og:image\" content=\"https:\/\/www.mexicanguitarplayers.com\/wp-content\/uploads\/2022\/08\/ISGEWPS401621.jpg\" \/>\n\t<meta property=\"og:image:width\" content=\"1200\" \/>\n\t<meta property=\"og:image:height\" content=\"1200\" \/>\n\t<meta property=\"og:image:type\" content=\"image\/jpeg\" \/>\n<meta name=\"twitter:card\" content=\"summary_large_image\" \/>\n<script type=\"application\/ld+json\" class=\"yoast-schema-graph\">{\"@context\":\"https:\\\/\\\/schema.org\",\"@graph\":[{\"@type\":[\"WebPage\",\"ItemPage\"],\"@id\":\"https:\\\/\\\/www.mexicanguitarplayers.com\\\/tienda\\\/cuerdas\\\/orquestales\\\/violines\\\/violin-gewa-mod-ps401621-4-4\\\/\",\"url\":\"https:\\\/\\\/www.mexicanguitarplayers.com\\\/tienda\\\/cuerdas\\\/orquestales\\\/violines\\\/violin-gewa-mod-ps401621-4-4\\\/\",\"name\":\"VIOLIN GEWA MOD. PS401621 4\\\/4 - Mexican Guitar Players\",\"isPartOf\":{\"@id\":\"https:\\\/\\\/www.mexicanguitarplayers.com\\\/#website\"},\"primaryImageOfPage\":{\"@id\":\"https:\\\/\\\/www.mexicanguitarplayers.com\\\/tienda\\\/cuerdas\\\/orquestales\\\/violines\\\/violin-gewa-mod-ps401621-4-4\\\/#primaryimage\"},\"image\":{\"@id\":\"https:\\\/\\\/www.mexicanguitarplayers.com\\\/tienda\\\/cuerdas\\\/orquestales\\\/violines\\\/violin-gewa-mod-ps401621-4-4\\\/#primaryimage\"},\"thumbnailUrl\":\"https:\\\/\\\/www.mexicanguitarplayers.com\\\/wp-content\\\/uploads\\\/2022\\\/08\\\/ISGEWPS401621.jpg\",\"datePublished\":\"2022-08-18T06:47:17+00:00\",\"dateModified\":\"2026-04-10T07:30:02+00:00\",\"description\":\"VIOLIN GEWA MOD. PS401621 4\\\/4. Viol\u00edn de 4\\\/4, fabricado con madera europea, frente de abeto s\u00f3lido y tapa de maple s\u00f3lido, laqueado a mano, diapas\u00f3n, clavijas y mentoneras de \u00e9bano, ribete insertado, cordal con micro afinador, arco Brasil con nuez en \u00e9bano, resina, incluye estuche r\u00edgido con correa de transporte, listo para tocar.\",\"breadcrumb\":{\"@id\":\"https:\\\/\\\/www.mexicanguitarplayers.com\\\/tienda\\\/cuerdas\\\/orquestales\\\/violines\\\/violin-gewa-mod-ps401621-4-4\\\/#breadcrumb\"},\"inLanguage\":\"en-US\",\"potentialAction\":[{\"@type\":\"ReadAction\",\"target\":[\"https:\\\/\\\/www.mexicanguitarplayers.com\\\/tienda\\\/cuerdas\\\/orquestales\\\/violines\\\/violin-gewa-mod-ps401621-4-4\\\/\"]}]},{\"@type\":\"ImageObject\",\"inLanguage\":\"en-US\",\"@id\":\"https:\\\/\\\/www.mexicanguitarplayers.com\\\/tienda\\\/cuerdas\\\/orquestales\\\/violines\\\/violin-gewa-mod-ps401621-4-4\\\/#primaryimage\",\"url\":\"https:\\\/\\\/www.mexicanguitarplayers.com\\\/wp-content\\\/uploads\\\/2022\\\/08\\\/ISGEWPS401621.jpg\",\"contentUrl\":\"https:\\\/\\\/www.mexicanguitarplayers.com\\\/wp-content\\\/uploads\\\/2022\\\/08\\\/ISGEWPS401621.jpg\",\"width\":1200,\"height\":1200},{\"@type\":\"BreadcrumbList\",\"@id\":\"https:\\\/\\\/www.mexicanguitarplayers.com\\\/tienda\\\/cuerdas\\\/orquestales\\\/violines\\\/violin-gewa-mod-ps401621-4-4\\\/#breadcrumb\",\"itemListElement\":[{\"@type\":\"ListItem\",\"position\":1,\"name\":\"Portada\",\"item\":\"https:\\\/\\\/www.mexicanguitarplayers.com\\\/\"},{\"@type\":\"ListItem\",\"position\":2,\"name\":\"Tienda\",\"item\":\"https:\\\/\\\/www.mexicanguitarplayers.com\\\/tienda\\\/\"},{\"@type\":\"ListItem\",\"position\":3,\"name\":\"VIOLIN GEWA MOD. PS401621 4\\\/4\"}]},{\"@type\":\"WebSite\",\"@id\":\"https:\\\/\\\/www.mexicanguitarplayers.com\\\/#website\",\"url\":\"https:\\\/\\\/www.mexicanguitarplayers.com\\\/\",\"name\":\"Mexican Guitar Players\",\"description\":\"Website\",\"publisher\":{\"@id\":\"https:\\\/\\\/www.mexicanguitarplayers.com\\\/#organization\"},\"potentialAction\":[{\"@type\":\"SearchAction\",\"target\":{\"@type\":\"EntryPoint\",\"urlTemplate\":\"https:\\\/\\\/www.mexicanguitarplayers.com\\\/?s={search_term_string}\"},\"query-input\":{\"@type\":\"PropertyValueSpecification\",\"valueRequired\":true,\"valueName\":\"search_term_string\"}}],\"inLanguage\":\"en-US\"},{\"@type\":\"Organization\",\"@id\":\"https:\\\/\\\/www.mexicanguitarplayers.com\\\/#organization\",\"name\":\"Mexican Guitar Players\",\"url\":\"https:\\\/\\\/www.mexicanguitarplayers.com\\\/\",\"logo\":{\"@type\":\"ImageObject\",\"inLanguage\":\"en-US\",\"@id\":\"https:\\\/\\\/www.mexicanguitarplayers.com\\\/#\\\/schema\\\/logo\\\/image\\\/\",\"url\":\"\",\"contentUrl\":\"\",\"caption\":\"Mexican Guitar Players\"},\"image\":{\"@id\":\"https:\\\/\\\/www.mexicanguitarplayers.com\\\/#\\\/schema\\\/logo\\\/image\\\/\"}}]}<\/script>\n<!-- \/ Yoast SEO plugin. -->","yoast_head_json":{"title":"VIOLIN GEWA MOD. PS401621 4\/4 - Mexican Guitar Players","description":"VIOLIN GEWA MOD. PS401621 4\/4. Viol\u00edn de 4\/4, fabricado con madera europea, frente de abeto s\u00f3lido y tapa de maple s\u00f3lido, laqueado a mano, diapas\u00f3n, clavijas y mentoneras de \u00e9bano, ribete insertado, cordal con micro afinador, arco Brasil con nuez en \u00e9bano, resina, incluye estuche r\u00edgido con correa de transporte, listo para tocar.","robots":{"index":"index","follow":"follow","max-snippet":"max-snippet:-1","max-image-preview":"max-image-preview:large","max-video-preview":"max-video-preview:-1"},"canonical":"https:\/\/www.mexicanguitarplayers.com\/en\/tienda\/cuerdas\/orquestales\/violines\/violin-gewa-mod-ps401621-4-4\/","og_locale":"en_US","og_type":"article","og_title":"VIOLIN GEWA MOD. PS401621 4\/4 - Mexican Guitar Players","og_description":"VIOLIN GEWA MOD. PS401621 4\/4. Viol\u00edn de 4\/4, fabricado con madera europea, frente de abeto s\u00f3lido y tapa de maple s\u00f3lido, laqueado a mano, diapas\u00f3n, clavijas y mentoneras de \u00e9bano, ribete insertado, cordal con micro afinador, arco Brasil con nuez en \u00e9bano, resina, incluye estuche r\u00edgido con correa de transporte, listo para tocar.","og_url":"https:\/\/www.mexicanguitarplayers.com\/en\/tienda\/cuerdas\/orquestales\/violines\/violin-gewa-mod-ps401621-4-4\/","og_site_name":"Mexican Guitar Players","article_modified_time":"2026-04-10T07:30:02+00:00","og_image":[{"width":1200,"height":1200,"url":"https:\/\/www.mexicanguitarplayers.com\/wp-content\/uploads\/2022\/08\/ISGEWPS401621.jpg","type":"image\/jpeg"}],"twitter_card":"summary_large_image","schema":{"@context":"https:\/\/schema.org","@graph":[{"@type":["WebPage","ItemPage"],"@id":"https:\/\/www.mexicanguitarplayers.com\/tienda\/cuerdas\/orquestales\/violines\/violin-gewa-mod-ps401621-4-4\/","url":"https:\/\/www.mexicanguitarplayers.com\/tienda\/cuerdas\/orquestales\/violines\/violin-gewa-mod-ps401621-4-4\/","name":"VIOLIN GEWA MOD. PS401621 4\/4 - Mexican Guitar Players","isPartOf":{"@id":"https:\/\/www.mexicanguitarplayers.com\/#website"},"primaryImageOfPage":{"@id":"https:\/\/www.mexicanguitarplayers.com\/tienda\/cuerdas\/orquestales\/violines\/violin-gewa-mod-ps401621-4-4\/#primaryimage"},"image":{"@id":"https:\/\/www.mexicanguitarplayers.com\/tienda\/cuerdas\/orquestales\/violines\/violin-gewa-mod-ps401621-4-4\/#primaryimage"},"thumbnailUrl":"https:\/\/www.mexicanguitarplayers.com\/wp-content\/uploads\/2022\/08\/ISGEWPS401621.jpg","datePublished":"2022-08-18T06:47:17+00:00","dateModified":"2026-04-10T07:30:02+00:00","description":"VIOLIN GEWA MOD. PS401621 4\/4. Viol\u00edn de 4\/4, fabricado con madera europea, frente de abeto s\u00f3lido y tapa de maple s\u00f3lido, laqueado a mano, diapas\u00f3n, clavijas y mentoneras de \u00e9bano, ribete insertado, cordal con micro afinador, arco Brasil con nuez en \u00e9bano, resina, incluye estuche r\u00edgido con correa de transporte, listo para tocar.","breadcrumb":{"@id":"https:\/\/www.mexicanguitarplayers.com\/tienda\/cuerdas\/orquestales\/violines\/violin-gewa-mod-ps401621-4-4\/#breadcrumb"},"inLanguage":"en-US","potentialAction":[{"@type":"ReadAction","target":["https:\/\/www.mexicanguitarplayers.com\/tienda\/cuerdas\/orquestales\/violines\/violin-gewa-mod-ps401621-4-4\/"]}]},{"@type":"ImageObject","inLanguage":"en-US","@id":"https:\/\/www.mexicanguitarplayers.com\/tienda\/cuerdas\/orquestales\/violines\/violin-gewa-mod-ps401621-4-4\/#primaryimage","url":"https:\/\/www.mexicanguitarplayers.com\/wp-content\/uploads\/2022\/08\/ISGEWPS401621.jpg","contentUrl":"https:\/\/www.mexicanguitarplayers.com\/wp-content\/uploads\/2022\/08\/ISGEWPS401621.jpg","width":1200,"height":1200},{"@type":"BreadcrumbList","@id":"https:\/\/www.mexicanguitarplayers.com\/tienda\/cuerdas\/orquestales\/violines\/violin-gewa-mod-ps401621-4-4\/#breadcrumb","itemListElement":[{"@type":"ListItem","position":1,"name":"Portada","item":"https:\/\/www.mexicanguitarplayers.com\/"},{"@type":"ListItem","position":2,"name":"Tienda","item":"https:\/\/www.mexicanguitarplayers.com\/tienda\/"},{"@type":"ListItem","position":3,"name":"VIOLIN GEWA MOD. PS401621 4\/4"}]},{"@type":"WebSite","@id":"https:\/\/www.mexicanguitarplayers.com\/#website","url":"https:\/\/www.mexicanguitarplayers.com\/","name":"Mexican Guitar Players","description":"Website","publisher":{"@id":"https:\/\/www.mexicanguitarplayers.com\/#organization"},"potentialAction":[{"@type":"SearchAction","target":{"@type":"EntryPoint","urlTemplate":"https:\/\/www.mexicanguitarplayers.com\/?s={search_term_string}"},"query-input":{"@type":"PropertyValueSpecification","valueRequired":true,"valueName":"search_term_string"}}],"inLanguage":"en-US"},{"@type":"Organization","@id":"https:\/\/www.mexicanguitarplayers.com\/#organization","name":"Mexican Guitar Players","url":"https:\/\/www.mexicanguitarplayers.com\/","logo":{"@type":"ImageObject","inLanguage":"en-US","@id":"https:\/\/www.mexicanguitarplayers.com\/#\/schema\/logo\/image\/","url":"","contentUrl":"","caption":"Mexican Guitar Players"},"image":{"@id":"https:\/\/www.mexicanguitarplayers.com\/#\/schema\/logo\/image\/"}}]}},"brands":[{"id":331,"name":"GEWA","slug":"gewa"}],"_links":{"self":[{"href":"https:\/\/www.mexicanguitarplayers.com\/en\/wp-json\/wp\/v2\/product\/10554","targetHints":{"allow":["GET"]}}],"collection":[{"href":"https:\/\/www.mexicanguitarplayers.com\/en\/wp-json\/wp\/v2\/product"}],"about":[{"href":"https:\/\/www.mexicanguitarplayers.com\/en\/wp-json\/wp\/v2\/types\/product"}],"replies":[{"embeddable":true,"href":"https:\/\/www.mexicanguitarplayers.com\/en\/wp-json\/wp\/v2\/comments?post=10554"}],"wp:featuredmedia":[{"embeddable":true,"href":"https:\/\/www.mexicanguitarplayers.com\/en\/wp-json\/wp\/v2\/media\/10553"}],"wp:attachment":[{"href":"https:\/\/www.mexicanguitarplayers.com\/en\/wp-json\/wp\/v2\/media?parent=10554"}],"wp:term":[{"taxonomy":"pwb-brand","embeddable":true,"href":"https:\/\/www.mexicanguitarplayers.com\/en\/wp-json\/wp\/v2\/pwb-brand?post=10554"},{"taxonomy":"product_brand","embeddable":true,"href":"https:\/\/www.mexicanguitarplayers.com\/en\/wp-json\/wp\/v2\/product_brand?post=10554"},{"taxonomy":"product_cat","embeddable":true,"href":"https:\/\/www.mexicanguitarplayers.com\/en\/wp-json\/wp\/v2\/product_cat?post=10554"},{"taxonomy":"product_tag","embeddable":true,"href":"https:\/\/www.mexicanguitarplayers.com\/en\/wp-json\/wp\/v2\/product_tag?post=10554"}],"curies":[{"name":"wp","href":"https:\/\/api.w.org\/{rel}","templated":true}]}}