{"id":10567,"date":"2022-08-18T01:47:37","date_gmt":"2022-08-18T06:47:37","guid":{"rendered":"https:\/\/www.mexicanguitarplayers.com\/tienda\/sin%20categor\u00eda\/guitarra-mars-electrica-megjr-50-pack\/"},"modified":"2026-04-10T05:20:46","modified_gmt":"2026-04-10T11:20:46","slug":"guitarra-mars-electrica-megjr-50-pack","status":"publish","type":"product","link":"https:\/\/www.mexicanguitarplayers.com\/en\/tienda\/cuerdas\/guitarras-cuerdas\/electricas\/guitarras-electricas-solidas\/guitarra-mars-electrica-megjr-50-pack\/","title":{"rendered":"MARS ELECTRIC GUITAR MEGJR-50 PACK"},"content":{"rendered":"<div style=\"text-align: justify\">\n<div>\n<h3>MARS ELECTRIC GUITAR MEGJR-50 PACK<\/h3>\n<\/div>\n<div>Mars MEGJR-50 PACK Electric Guitar Bundle. 32\u201d youth electric guitar with basswood body, maple neck and rosewood fingerboard, 22 frets, 1vol, 2 tones, 5-position selector, standard tremolo lever. Package accessories: 5-watt 9V battery-powered combo with distortion, baldric, gig bag, picks, and whistle tuner.<\/div>\n<\/div>","protected":false},"excerpt":{"rendered":"<p>Paquete de guitarra el\u00e9ctrica Mars MEGJR-50 PACK. Guitarra el\u00e9ctrica juvenil de32\u201d con cuerpo de basswood, brazo de maple y diapas\u00f3n de rosewood, 22 trastes, 1vol, 2 tonos, selector de 5 posiciones, palanca de tr\u00e9molo standard. Accesoriosdel paquete: Combo de 5 watts a bater\u00eda de 9V con distorsi\u00f3n, tahal\u00ed, funda, p\u00faas y afinador de silbato.&hellip; <a class=\"kt-excerpt-readmore more-link\" href=\"https:\/\/www.mexicanguitarplayers.com\/en\/tienda\/cuerdas\/guitarras-cuerdas\/electricas\/guitarras-electricas-solidas\/guitarra-mars-electrica-megjr-50-pack\/\">Read more<\/a><\/p>","protected":false},"featured_media":10566,"comment_status":"open","ping_status":"closed","template":"","meta":{"kt_blocks_editor_width":""},"pwb-brand":[332],"product_brand":[],"product_cat":[224,313,312,314],"product_tag":[],"class_list":{"0":"post-10567","1":"product","2":"type-product","3":"status-publish","4":"has-post-thumbnail","6":"pwb-brand-mars","7":"product_cat-cuerdas","8":"product_cat-electricas","9":"product_cat-guitarras-cuerdas","10":"product_cat-guitarras-electricas-solidas","11":"product_shipping_class-20-25-kg","13":"first","14":"outofstock","15":"taxable","16":"shipping-taxable","17":"purchasable","18":"product-type-simple"},"yoast_head":"<!-- This site is optimized with the Yoast SEO plugin v27.5 - https:\/\/yoast.com\/product\/yoast-seo-wordpress\/ -->\n<title>GUITARRA MARS ELECTRICA MEGJR-50 PACK - Mexican Guitar Players<\/title>\n<meta name=\"description\" content=\"GUITARRA MARS ELECTRICA MEGJR-50 PACK. Paquete de guitarra el\u00e9ctrica Mars MEGJR-50 PACK. Guitarra el\u00e9ctrica juvenil de32\u201d con cuerpo de basswood, brazo de maple y diapas\u00f3n de rosewood, 22 trastes, 1vol, 2 tonos, selector de 5 posiciones, palanca de tr\u00e9molo standard. Accesoriosdel paquete: Combo de 5 watts a bater\u00eda de 9V con distorsi\u00f3n, tahal\u00ed, funda, p\u00faas y afinador de silbato.\" \/>\n<meta name=\"robots\" content=\"index, follow, max-snippet:-1, max-image-preview:large, max-video-preview:-1\" \/>\n<link rel=\"canonical\" href=\"https:\/\/www.mexicanguitarplayers.com\/en\/tienda\/cuerdas\/guitarras-cuerdas\/electricas\/guitarras-electricas-solidas\/guitarra-mars-electrica-megjr-50-pack\/\" \/>\n<meta property=\"og:locale\" content=\"en_US\" \/>\n<meta property=\"og:type\" content=\"article\" \/>\n<meta property=\"og:title\" content=\"GUITARRA MARS ELECTRICA MEGJR-50 PACK - Mexican Guitar Players\" \/>\n<meta property=\"og:description\" content=\"GUITARRA MARS ELECTRICA MEGJR-50 PACK. Paquete de guitarra el\u00e9ctrica Mars MEGJR-50 PACK. Guitarra el\u00e9ctrica juvenil de32\u201d con cuerpo de basswood, brazo de maple y diapas\u00f3n de rosewood, 22 trastes, 1vol, 2 tonos, selector de 5 posiciones, palanca de tr\u00e9molo standard. Accesoriosdel paquete: Combo de 5 watts a bater\u00eda de 9V con distorsi\u00f3n, tahal\u00ed, funda, p\u00faas y afinador de silbato.\" \/>\n<meta property=\"og:url\" content=\"https:\/\/www.mexicanguitarplayers.com\/en\/tienda\/cuerdas\/guitarras-cuerdas\/electricas\/guitarras-electricas-solidas\/guitarra-mars-electrica-megjr-50-pack\/\" \/>\n<meta property=\"og:site_name\" content=\"Mexican Guitar Players\" \/>\n<meta property=\"article:modified_time\" content=\"2026-04-10T11:20:46+00:00\" \/>\n<meta property=\"og:image\" content=\"https:\/\/www.mexicanguitarplayers.com\/wp-content\/uploads\/2022\/08\/ISMASMEGJR50PK.jpg\" \/>\n\t<meta property=\"og:image:width\" content=\"800\" \/>\n\t<meta property=\"og:image:height\" content=\"1600\" \/>\n\t<meta property=\"og:image:type\" content=\"image\/jpeg\" \/>\n<meta name=\"twitter:card\" content=\"summary_large_image\" \/>\n<script type=\"application\/ld+json\" class=\"yoast-schema-graph\">{\"@context\":\"https:\\\/\\\/schema.org\",\"@graph\":[{\"@type\":[\"WebPage\",\"ItemPage\"],\"@id\":\"https:\\\/\\\/www.mexicanguitarplayers.com\\\/tienda\\\/cuerdas\\\/guitarras-cuerdas\\\/electricas\\\/guitarras-electricas-solidas\\\/guitarra-mars-electrica-megjr-50-pack\\\/\",\"url\":\"https:\\\/\\\/www.mexicanguitarplayers.com\\\/tienda\\\/cuerdas\\\/guitarras-cuerdas\\\/electricas\\\/guitarras-electricas-solidas\\\/guitarra-mars-electrica-megjr-50-pack\\\/\",\"name\":\"GUITARRA MARS ELECTRICA MEGJR-50 PACK - Mexican Guitar Players\",\"isPartOf\":{\"@id\":\"https:\\\/\\\/www.mexicanguitarplayers.com\\\/#website\"},\"primaryImageOfPage\":{\"@id\":\"https:\\\/\\\/www.mexicanguitarplayers.com\\\/tienda\\\/cuerdas\\\/guitarras-cuerdas\\\/electricas\\\/guitarras-electricas-solidas\\\/guitarra-mars-electrica-megjr-50-pack\\\/#primaryimage\"},\"image\":{\"@id\":\"https:\\\/\\\/www.mexicanguitarplayers.com\\\/tienda\\\/cuerdas\\\/guitarras-cuerdas\\\/electricas\\\/guitarras-electricas-solidas\\\/guitarra-mars-electrica-megjr-50-pack\\\/#primaryimage\"},\"thumbnailUrl\":\"https:\\\/\\\/www.mexicanguitarplayers.com\\\/wp-content\\\/uploads\\\/2022\\\/08\\\/ISMASMEGJR50PK.jpg\",\"datePublished\":\"2022-08-18T06:47:37+00:00\",\"dateModified\":\"2026-04-10T11:20:46+00:00\",\"description\":\"GUITARRA MARS ELECTRICA MEGJR-50 PACK. Paquete de guitarra el\u00e9ctrica Mars MEGJR-50 PACK. Guitarra el\u00e9ctrica juvenil de32\u201d con cuerpo de basswood, brazo de maple y diapas\u00f3n de rosewood, 22 trastes, 1vol, 2 tonos, selector de 5 posiciones, palanca de tr\u00e9molo standard. Accesoriosdel paquete: Combo de 5 watts a bater\u00eda de 9V con distorsi\u00f3n, tahal\u00ed, funda, p\u00faas y afinador de silbato.\",\"breadcrumb\":{\"@id\":\"https:\\\/\\\/www.mexicanguitarplayers.com\\\/tienda\\\/cuerdas\\\/guitarras-cuerdas\\\/electricas\\\/guitarras-electricas-solidas\\\/guitarra-mars-electrica-megjr-50-pack\\\/#breadcrumb\"},\"inLanguage\":\"en-US\",\"potentialAction\":[{\"@type\":\"ReadAction\",\"target\":[\"https:\\\/\\\/www.mexicanguitarplayers.com\\\/tienda\\\/cuerdas\\\/guitarras-cuerdas\\\/electricas\\\/guitarras-electricas-solidas\\\/guitarra-mars-electrica-megjr-50-pack\\\/\"]}]},{\"@type\":\"ImageObject\",\"inLanguage\":\"en-US\",\"@id\":\"https:\\\/\\\/www.mexicanguitarplayers.com\\\/tienda\\\/cuerdas\\\/guitarras-cuerdas\\\/electricas\\\/guitarras-electricas-solidas\\\/guitarra-mars-electrica-megjr-50-pack\\\/#primaryimage\",\"url\":\"https:\\\/\\\/www.mexicanguitarplayers.com\\\/wp-content\\\/uploads\\\/2022\\\/08\\\/ISMASMEGJR50PK.jpg\",\"contentUrl\":\"https:\\\/\\\/www.mexicanguitarplayers.com\\\/wp-content\\\/uploads\\\/2022\\\/08\\\/ISMASMEGJR50PK.jpg\",\"width\":800,\"height\":1600},{\"@type\":\"BreadcrumbList\",\"@id\":\"https:\\\/\\\/www.mexicanguitarplayers.com\\\/tienda\\\/cuerdas\\\/guitarras-cuerdas\\\/electricas\\\/guitarras-electricas-solidas\\\/guitarra-mars-electrica-megjr-50-pack\\\/#breadcrumb\",\"itemListElement\":[{\"@type\":\"ListItem\",\"position\":1,\"name\":\"Portada\",\"item\":\"https:\\\/\\\/www.mexicanguitarplayers.com\\\/\"},{\"@type\":\"ListItem\",\"position\":2,\"name\":\"Tienda\",\"item\":\"https:\\\/\\\/www.mexicanguitarplayers.com\\\/tienda\\\/\"},{\"@type\":\"ListItem\",\"position\":3,\"name\":\"GUITARRA MARS ELECTRICA MEGJR-50 PACK\"}]},{\"@type\":\"WebSite\",\"@id\":\"https:\\\/\\\/www.mexicanguitarplayers.com\\\/#website\",\"url\":\"https:\\\/\\\/www.mexicanguitarplayers.com\\\/\",\"name\":\"Mexican Guitar Players\",\"description\":\"Website\",\"publisher\":{\"@id\":\"https:\\\/\\\/www.mexicanguitarplayers.com\\\/#organization\"},\"potentialAction\":[{\"@type\":\"SearchAction\",\"target\":{\"@type\":\"EntryPoint\",\"urlTemplate\":\"https:\\\/\\\/www.mexicanguitarplayers.com\\\/?s={search_term_string}\"},\"query-input\":{\"@type\":\"PropertyValueSpecification\",\"valueRequired\":true,\"valueName\":\"search_term_string\"}}],\"inLanguage\":\"en-US\"},{\"@type\":\"Organization\",\"@id\":\"https:\\\/\\\/www.mexicanguitarplayers.com\\\/#organization\",\"name\":\"Mexican Guitar Players\",\"url\":\"https:\\\/\\\/www.mexicanguitarplayers.com\\\/\",\"logo\":{\"@type\":\"ImageObject\",\"inLanguage\":\"en-US\",\"@id\":\"https:\\\/\\\/www.mexicanguitarplayers.com\\\/#\\\/schema\\\/logo\\\/image\\\/\",\"url\":\"\",\"contentUrl\":\"\",\"caption\":\"Mexican Guitar Players\"},\"image\":{\"@id\":\"https:\\\/\\\/www.mexicanguitarplayers.com\\\/#\\\/schema\\\/logo\\\/image\\\/\"}}]}<\/script>\n<!-- \/ Yoast SEO plugin. -->","yoast_head_json":{"title":"GUITARRA MARS ELECTRICA MEGJR-50 PACK - Mexican Guitar Players","description":"GUITARRA MARS ELECTRICA MEGJR-50 PACK. Paquete de guitarra el\u00e9ctrica Mars MEGJR-50 PACK. Guitarra el\u00e9ctrica juvenil de32\u201d con cuerpo de basswood, brazo de maple y diapas\u00f3n de rosewood, 22 trastes, 1vol, 2 tonos, selector de 5 posiciones, palanca de tr\u00e9molo standard. Accesoriosdel paquete: Combo de 5 watts a bater\u00eda de 9V con distorsi\u00f3n, tahal\u00ed, funda, p\u00faas y afinador de silbato.","robots":{"index":"index","follow":"follow","max-snippet":"max-snippet:-1","max-image-preview":"max-image-preview:large","max-video-preview":"max-video-preview:-1"},"canonical":"https:\/\/www.mexicanguitarplayers.com\/en\/tienda\/cuerdas\/guitarras-cuerdas\/electricas\/guitarras-electricas-solidas\/guitarra-mars-electrica-megjr-50-pack\/","og_locale":"en_US","og_type":"article","og_title":"GUITARRA MARS ELECTRICA MEGJR-50 PACK - Mexican Guitar Players","og_description":"GUITARRA MARS ELECTRICA MEGJR-50 PACK. Paquete de guitarra el\u00e9ctrica Mars MEGJR-50 PACK. Guitarra el\u00e9ctrica juvenil de32\u201d con cuerpo de basswood, brazo de maple y diapas\u00f3n de rosewood, 22 trastes, 1vol, 2 tonos, selector de 5 posiciones, palanca de tr\u00e9molo standard. Accesoriosdel paquete: Combo de 5 watts a bater\u00eda de 9V con distorsi\u00f3n, tahal\u00ed, funda, p\u00faas y afinador de silbato.","og_url":"https:\/\/www.mexicanguitarplayers.com\/en\/tienda\/cuerdas\/guitarras-cuerdas\/electricas\/guitarras-electricas-solidas\/guitarra-mars-electrica-megjr-50-pack\/","og_site_name":"Mexican Guitar Players","article_modified_time":"2026-04-10T11:20:46+00:00","og_image":[{"width":800,"height":1600,"url":"https:\/\/www.mexicanguitarplayers.com\/wp-content\/uploads\/2022\/08\/ISMASMEGJR50PK.jpg","type":"image\/jpeg"}],"twitter_card":"summary_large_image","schema":{"@context":"https:\/\/schema.org","@graph":[{"@type":["WebPage","ItemPage"],"@id":"https:\/\/www.mexicanguitarplayers.com\/tienda\/cuerdas\/guitarras-cuerdas\/electricas\/guitarras-electricas-solidas\/guitarra-mars-electrica-megjr-50-pack\/","url":"https:\/\/www.mexicanguitarplayers.com\/tienda\/cuerdas\/guitarras-cuerdas\/electricas\/guitarras-electricas-solidas\/guitarra-mars-electrica-megjr-50-pack\/","name":"GUITARRA MARS ELECTRICA MEGJR-50 PACK - Mexican Guitar Players","isPartOf":{"@id":"https:\/\/www.mexicanguitarplayers.com\/#website"},"primaryImageOfPage":{"@id":"https:\/\/www.mexicanguitarplayers.com\/tienda\/cuerdas\/guitarras-cuerdas\/electricas\/guitarras-electricas-solidas\/guitarra-mars-electrica-megjr-50-pack\/#primaryimage"},"image":{"@id":"https:\/\/www.mexicanguitarplayers.com\/tienda\/cuerdas\/guitarras-cuerdas\/electricas\/guitarras-electricas-solidas\/guitarra-mars-electrica-megjr-50-pack\/#primaryimage"},"thumbnailUrl":"https:\/\/www.mexicanguitarplayers.com\/wp-content\/uploads\/2022\/08\/ISMASMEGJR50PK.jpg","datePublished":"2022-08-18T06:47:37+00:00","dateModified":"2026-04-10T11:20:46+00:00","description":"GUITARRA MARS ELECTRICA MEGJR-50 PACK. Paquete de guitarra el\u00e9ctrica Mars MEGJR-50 PACK. Guitarra el\u00e9ctrica juvenil de32\u201d con cuerpo de basswood, brazo de maple y diapas\u00f3n de rosewood, 22 trastes, 1vol, 2 tonos, selector de 5 posiciones, palanca de tr\u00e9molo standard. Accesoriosdel paquete: Combo de 5 watts a bater\u00eda de 9V con distorsi\u00f3n, tahal\u00ed, funda, p\u00faas y afinador de silbato.","breadcrumb":{"@id":"https:\/\/www.mexicanguitarplayers.com\/tienda\/cuerdas\/guitarras-cuerdas\/electricas\/guitarras-electricas-solidas\/guitarra-mars-electrica-megjr-50-pack\/#breadcrumb"},"inLanguage":"en-US","potentialAction":[{"@type":"ReadAction","target":["https:\/\/www.mexicanguitarplayers.com\/tienda\/cuerdas\/guitarras-cuerdas\/electricas\/guitarras-electricas-solidas\/guitarra-mars-electrica-megjr-50-pack\/"]}]},{"@type":"ImageObject","inLanguage":"en-US","@id":"https:\/\/www.mexicanguitarplayers.com\/tienda\/cuerdas\/guitarras-cuerdas\/electricas\/guitarras-electricas-solidas\/guitarra-mars-electrica-megjr-50-pack\/#primaryimage","url":"https:\/\/www.mexicanguitarplayers.com\/wp-content\/uploads\/2022\/08\/ISMASMEGJR50PK.jpg","contentUrl":"https:\/\/www.mexicanguitarplayers.com\/wp-content\/uploads\/2022\/08\/ISMASMEGJR50PK.jpg","width":800,"height":1600},{"@type":"BreadcrumbList","@id":"https:\/\/www.mexicanguitarplayers.com\/tienda\/cuerdas\/guitarras-cuerdas\/electricas\/guitarras-electricas-solidas\/guitarra-mars-electrica-megjr-50-pack\/#breadcrumb","itemListElement":[{"@type":"ListItem","position":1,"name":"Portada","item":"https:\/\/www.mexicanguitarplayers.com\/"},{"@type":"ListItem","position":2,"name":"Tienda","item":"https:\/\/www.mexicanguitarplayers.com\/tienda\/"},{"@type":"ListItem","position":3,"name":"GUITARRA MARS ELECTRICA MEGJR-50 PACK"}]},{"@type":"WebSite","@id":"https:\/\/www.mexicanguitarplayers.com\/#website","url":"https:\/\/www.mexicanguitarplayers.com\/","name":"Mexican Guitar Players","description":"Website","publisher":{"@id":"https:\/\/www.mexicanguitarplayers.com\/#organization"},"potentialAction":[{"@type":"SearchAction","target":{"@type":"EntryPoint","urlTemplate":"https:\/\/www.mexicanguitarplayers.com\/?s={search_term_string}"},"query-input":{"@type":"PropertyValueSpecification","valueRequired":true,"valueName":"search_term_string"}}],"inLanguage":"en-US"},{"@type":"Organization","@id":"https:\/\/www.mexicanguitarplayers.com\/#organization","name":"Mexican Guitar Players","url":"https:\/\/www.mexicanguitarplayers.com\/","logo":{"@type":"ImageObject","inLanguage":"en-US","@id":"https:\/\/www.mexicanguitarplayers.com\/#\/schema\/logo\/image\/","url":"","contentUrl":"","caption":"Mexican Guitar Players"},"image":{"@id":"https:\/\/www.mexicanguitarplayers.com\/#\/schema\/logo\/image\/"}}]}},"brands":[{"id":332,"name":"MARS","slug":"mars"}],"_links":{"self":[{"href":"https:\/\/www.mexicanguitarplayers.com\/en\/wp-json\/wp\/v2\/product\/10567","targetHints":{"allow":["GET"]}}],"collection":[{"href":"https:\/\/www.mexicanguitarplayers.com\/en\/wp-json\/wp\/v2\/product"}],"about":[{"href":"https:\/\/www.mexicanguitarplayers.com\/en\/wp-json\/wp\/v2\/types\/product"}],"replies":[{"embeddable":true,"href":"https:\/\/www.mexicanguitarplayers.com\/en\/wp-json\/wp\/v2\/comments?post=10567"}],"wp:featuredmedia":[{"embeddable":true,"href":"https:\/\/www.mexicanguitarplayers.com\/en\/wp-json\/wp\/v2\/media\/10566"}],"wp:attachment":[{"href":"https:\/\/www.mexicanguitarplayers.com\/en\/wp-json\/wp\/v2\/media?parent=10567"}],"wp:term":[{"taxonomy":"pwb-brand","embeddable":true,"href":"https:\/\/www.mexicanguitarplayers.com\/en\/wp-json\/wp\/v2\/pwb-brand?post=10567"},{"taxonomy":"product_brand","embeddable":true,"href":"https:\/\/www.mexicanguitarplayers.com\/en\/wp-json\/wp\/v2\/product_brand?post=10567"},{"taxonomy":"product_cat","embeddable":true,"href":"https:\/\/www.mexicanguitarplayers.com\/en\/wp-json\/wp\/v2\/product_cat?post=10567"},{"taxonomy":"product_tag","embeddable":true,"href":"https:\/\/www.mexicanguitarplayers.com\/en\/wp-json\/wp\/v2\/product_tag?post=10567"}],"curies":[{"name":"wp","href":"https:\/\/api.w.org\/{rel}","templated":true}]}}