{"id":10617,"date":"2022-08-18T01:49:11","date_gmt":"2022-08-18T06:49:11","guid":{"rendered":"https:\/\/www.mexicanguitarplayers.com\/tienda\/sin%20categor\u00eda\/guitarra-oscar-schmidt-clasica-oc11\/"},"modified":"2026-05-01T07:46:33","modified_gmt":"2026-05-01T13:46:33","slug":"guitarra-oscar-schmidt-clasica-oc11","status":"publish","type":"product","link":"https:\/\/www.mexicanguitarplayers.com\/en\/tienda\/cuerdas\/guitarras-cuerdas\/acusticas\/guitarras-clasicas\/guitarra-oscar-schmidt-clasica-oc11\/","title":{"rendered":"OSCAR SCHMIDT CLASSICAL GUITAR OC11"},"content":{"rendered":"<div style=\"text-align: justify\">\n<div>\n<h3>OSCAR SCHMIDT CLASSICAL GUITAR OC11<\/h3>\n<\/div>\n<div>Acoustic guitar with classic body, warm and articulate tone, nylon strings, quality craftsmanship, traditional classic style body, selected spruce top, sapele back and sides, decorative binding, gloss finish, rosewood fingerboard and bridge, machined pearloid, gold hardware, mahogany neck, nickel-silver frets.<\/div>\n<\/div>","protected":false},"excerpt":{"rendered":"<p>Guitarra ac\u00fastica con caja cl\u00e1sica, tono c\u00e1lido y articulado, cuerdas de nylon, calidad artesanal, cuerpo tradicional estilo cl\u00e1sico, tapa de abeto seleccionado, aros y fondo de sapele, ribete decorativo, terminado brillante, diapas\u00f3n y puente de palo de rosa, maquinaria de pearloid, hardware dorado, brazo de caoba, trastes de n\u00edquel-plata.&hellip; <a class=\"kt-excerpt-readmore more-link\" href=\"https:\/\/www.mexicanguitarplayers.com\/en\/tienda\/cuerdas\/guitarras-cuerdas\/acusticas\/guitarras-clasicas\/guitarra-oscar-schmidt-clasica-oc11\/\">Read more<\/a><\/p>","protected":false},"featured_media":10616,"comment_status":"open","ping_status":"closed","template":"","meta":{"kt_blocks_editor_width":""},"pwb-brand":[333],"product_brand":[],"product_cat":[315,224,312,330],"product_tag":[],"class_list":{"0":"post-10617","1":"product","2":"type-product","3":"status-publish","4":"has-post-thumbnail","6":"pwb-brand-oscar-schmidt","7":"product_cat-acusticas","8":"product_cat-cuerdas","9":"product_cat-guitarras-cuerdas","10":"product_cat-guitarras-clasicas","11":"product_shipping_class-20-25-kg","13":"first","14":"instock","15":"taxable","16":"shipping-taxable","17":"purchasable","18":"product-type-simple"},"yoast_head":"<!-- This site is optimized with the Yoast SEO plugin v27.6 - https:\/\/yoast.com\/product\/yoast-seo-wordpress\/ -->\n<title>GUITARRA OSCAR SCHMIDT CLASICA OC11 - Mexican Guitar Players<\/title>\n<meta name=\"description\" content=\"GUITARRA OSCAR SCHMIDT CLASICA OC11. Guitarra ac\u00fastica con caja cl\u00e1sica, tono c\u00e1lido y articulado, cuerdas de nylon, calidad artesanal, cuerpo tradicional estilo cl\u00e1sico, tapa de abeto seleccionado, aros y fondo de sapele, ribete decorativo, terminado brillante, diapas\u00f3n y puente de palo de rosa, maquinaria de pearloid, hardware dorado, brazo de caoba, trastes de n\u00edquel-plata.\" \/>\n<meta name=\"robots\" content=\"index, follow, max-snippet:-1, max-image-preview:large, max-video-preview:-1\" \/>\n<link rel=\"canonical\" href=\"https:\/\/www.mexicanguitarplayers.com\/en\/tienda\/cuerdas\/guitarras-cuerdas\/acusticas\/guitarras-clasicas\/guitarra-oscar-schmidt-clasica-oc11\/\" \/>\n<meta property=\"og:locale\" content=\"en_US\" \/>\n<meta property=\"og:type\" content=\"article\" \/>\n<meta property=\"og:title\" content=\"GUITARRA OSCAR SCHMIDT CLASICA OC11 - Mexican Guitar Players\" \/>\n<meta property=\"og:description\" content=\"GUITARRA OSCAR SCHMIDT CLASICA OC11. Guitarra ac\u00fastica con caja cl\u00e1sica, tono c\u00e1lido y articulado, cuerdas de nylon, calidad artesanal, cuerpo tradicional estilo cl\u00e1sico, tapa de abeto seleccionado, aros y fondo de sapele, ribete decorativo, terminado brillante, diapas\u00f3n y puente de palo de rosa, maquinaria de pearloid, hardware dorado, brazo de caoba, trastes de n\u00edquel-plata.\" \/>\n<meta property=\"og:url\" content=\"https:\/\/www.mexicanguitarplayers.com\/en\/tienda\/cuerdas\/guitarras-cuerdas\/acusticas\/guitarras-clasicas\/guitarra-oscar-schmidt-clasica-oc11\/\" \/>\n<meta property=\"og:site_name\" content=\"Mexican Guitar Players\" \/>\n<meta property=\"article:modified_time\" content=\"2026-05-01T13:46:33+00:00\" \/>\n<meta property=\"og:image\" content=\"https:\/\/www.mexicanguitarplayers.com\/wp-content\/uploads\/2022\/08\/ISOSCOC11.jpg\" \/>\n\t<meta property=\"og:image:width\" content=\"800\" \/>\n\t<meta property=\"og:image:height\" content=\"1600\" \/>\n\t<meta property=\"og:image:type\" content=\"image\/jpeg\" \/>\n<meta name=\"twitter:card\" content=\"summary_large_image\" \/>\n<script type=\"application\/ld+json\" class=\"yoast-schema-graph\">{\"@context\":\"https:\\\/\\\/schema.org\",\"@graph\":[{\"@type\":[\"WebPage\",\"ItemPage\"],\"@id\":\"https:\\\/\\\/www.mexicanguitarplayers.com\\\/tienda\\\/cuerdas\\\/guitarras-cuerdas\\\/acusticas\\\/guitarras-clasicas\\\/guitarra-oscar-schmidt-clasica-oc11\\\/\",\"url\":\"https:\\\/\\\/www.mexicanguitarplayers.com\\\/tienda\\\/cuerdas\\\/guitarras-cuerdas\\\/acusticas\\\/guitarras-clasicas\\\/guitarra-oscar-schmidt-clasica-oc11\\\/\",\"name\":\"GUITARRA OSCAR SCHMIDT CLASICA OC11 - Mexican Guitar Players\",\"isPartOf\":{\"@id\":\"https:\\\/\\\/www.mexicanguitarplayers.com\\\/#website\"},\"primaryImageOfPage\":{\"@id\":\"https:\\\/\\\/www.mexicanguitarplayers.com\\\/tienda\\\/cuerdas\\\/guitarras-cuerdas\\\/acusticas\\\/guitarras-clasicas\\\/guitarra-oscar-schmidt-clasica-oc11\\\/#primaryimage\"},\"image\":{\"@id\":\"https:\\\/\\\/www.mexicanguitarplayers.com\\\/tienda\\\/cuerdas\\\/guitarras-cuerdas\\\/acusticas\\\/guitarras-clasicas\\\/guitarra-oscar-schmidt-clasica-oc11\\\/#primaryimage\"},\"thumbnailUrl\":\"https:\\\/\\\/www.mexicanguitarplayers.com\\\/wp-content\\\/uploads\\\/2022\\\/08\\\/ISOSCOC11.jpg\",\"datePublished\":\"2022-08-18T06:49:11+00:00\",\"dateModified\":\"2026-05-01T13:46:33+00:00\",\"description\":\"GUITARRA OSCAR SCHMIDT CLASICA OC11. Guitarra ac\u00fastica con caja cl\u00e1sica, tono c\u00e1lido y articulado, cuerdas de nylon, calidad artesanal, cuerpo tradicional estilo cl\u00e1sico, tapa de abeto seleccionado, aros y fondo de sapele, ribete decorativo, terminado brillante, diapas\u00f3n y puente de palo de rosa, maquinaria de pearloid, hardware dorado, brazo de caoba, trastes de n\u00edquel-plata.\",\"breadcrumb\":{\"@id\":\"https:\\\/\\\/www.mexicanguitarplayers.com\\\/tienda\\\/cuerdas\\\/guitarras-cuerdas\\\/acusticas\\\/guitarras-clasicas\\\/guitarra-oscar-schmidt-clasica-oc11\\\/#breadcrumb\"},\"inLanguage\":\"en-US\",\"potentialAction\":[{\"@type\":\"ReadAction\",\"target\":[\"https:\\\/\\\/www.mexicanguitarplayers.com\\\/tienda\\\/cuerdas\\\/guitarras-cuerdas\\\/acusticas\\\/guitarras-clasicas\\\/guitarra-oscar-schmidt-clasica-oc11\\\/\"]}]},{\"@type\":\"ImageObject\",\"inLanguage\":\"en-US\",\"@id\":\"https:\\\/\\\/www.mexicanguitarplayers.com\\\/tienda\\\/cuerdas\\\/guitarras-cuerdas\\\/acusticas\\\/guitarras-clasicas\\\/guitarra-oscar-schmidt-clasica-oc11\\\/#primaryimage\",\"url\":\"https:\\\/\\\/www.mexicanguitarplayers.com\\\/wp-content\\\/uploads\\\/2022\\\/08\\\/ISOSCOC11.jpg\",\"contentUrl\":\"https:\\\/\\\/www.mexicanguitarplayers.com\\\/wp-content\\\/uploads\\\/2022\\\/08\\\/ISOSCOC11.jpg\",\"width\":800,\"height\":1600},{\"@type\":\"BreadcrumbList\",\"@id\":\"https:\\\/\\\/www.mexicanguitarplayers.com\\\/tienda\\\/cuerdas\\\/guitarras-cuerdas\\\/acusticas\\\/guitarras-clasicas\\\/guitarra-oscar-schmidt-clasica-oc11\\\/#breadcrumb\",\"itemListElement\":[{\"@type\":\"ListItem\",\"position\":1,\"name\":\"Portada\",\"item\":\"https:\\\/\\\/www.mexicanguitarplayers.com\\\/\"},{\"@type\":\"ListItem\",\"position\":2,\"name\":\"Tienda\",\"item\":\"https:\\\/\\\/www.mexicanguitarplayers.com\\\/tienda\\\/\"},{\"@type\":\"ListItem\",\"position\":3,\"name\":\"GUITARRA OSCAR SCHMIDT CLASICA OC11\"}]},{\"@type\":\"WebSite\",\"@id\":\"https:\\\/\\\/www.mexicanguitarplayers.com\\\/#website\",\"url\":\"https:\\\/\\\/www.mexicanguitarplayers.com\\\/\",\"name\":\"Mexican Guitar Players\",\"description\":\"Website\",\"publisher\":{\"@id\":\"https:\\\/\\\/www.mexicanguitarplayers.com\\\/#organization\"},\"potentialAction\":[{\"@type\":\"SearchAction\",\"target\":{\"@type\":\"EntryPoint\",\"urlTemplate\":\"https:\\\/\\\/www.mexicanguitarplayers.com\\\/?s={search_term_string}\"},\"query-input\":{\"@type\":\"PropertyValueSpecification\",\"valueRequired\":true,\"valueName\":\"search_term_string\"}}],\"inLanguage\":\"en-US\"},{\"@type\":\"Organization\",\"@id\":\"https:\\\/\\\/www.mexicanguitarplayers.com\\\/#organization\",\"name\":\"Mexican Guitar Players\",\"url\":\"https:\\\/\\\/www.mexicanguitarplayers.com\\\/\",\"logo\":{\"@type\":\"ImageObject\",\"inLanguage\":\"en-US\",\"@id\":\"https:\\\/\\\/www.mexicanguitarplayers.com\\\/#\\\/schema\\\/logo\\\/image\\\/\",\"url\":\"\",\"contentUrl\":\"\",\"caption\":\"Mexican Guitar Players\"},\"image\":{\"@id\":\"https:\\\/\\\/www.mexicanguitarplayers.com\\\/#\\\/schema\\\/logo\\\/image\\\/\"}}]}<\/script>\n<!-- \/ Yoast SEO plugin. -->","yoast_head_json":{"title":"GUITARRA OSCAR SCHMIDT CLASICA OC11 - Mexican Guitar Players","description":"GUITARRA OSCAR SCHMIDT CLASICA OC11. Guitarra ac\u00fastica con caja cl\u00e1sica, tono c\u00e1lido y articulado, cuerdas de nylon, calidad artesanal, cuerpo tradicional estilo cl\u00e1sico, tapa de abeto seleccionado, aros y fondo de sapele, ribete decorativo, terminado brillante, diapas\u00f3n y puente de palo de rosa, maquinaria de pearloid, hardware dorado, brazo de caoba, trastes de n\u00edquel-plata.","robots":{"index":"index","follow":"follow","max-snippet":"max-snippet:-1","max-image-preview":"max-image-preview:large","max-video-preview":"max-video-preview:-1"},"canonical":"https:\/\/www.mexicanguitarplayers.com\/en\/tienda\/cuerdas\/guitarras-cuerdas\/acusticas\/guitarras-clasicas\/guitarra-oscar-schmidt-clasica-oc11\/","og_locale":"en_US","og_type":"article","og_title":"GUITARRA OSCAR SCHMIDT CLASICA OC11 - Mexican Guitar Players","og_description":"GUITARRA OSCAR SCHMIDT CLASICA OC11. Guitarra ac\u00fastica con caja cl\u00e1sica, tono c\u00e1lido y articulado, cuerdas de nylon, calidad artesanal, cuerpo tradicional estilo cl\u00e1sico, tapa de abeto seleccionado, aros y fondo de sapele, ribete decorativo, terminado brillante, diapas\u00f3n y puente de palo de rosa, maquinaria de pearloid, hardware dorado, brazo de caoba, trastes de n\u00edquel-plata.","og_url":"https:\/\/www.mexicanguitarplayers.com\/en\/tienda\/cuerdas\/guitarras-cuerdas\/acusticas\/guitarras-clasicas\/guitarra-oscar-schmidt-clasica-oc11\/","og_site_name":"Mexican Guitar Players","article_modified_time":"2026-05-01T13:46:33+00:00","og_image":[{"width":800,"height":1600,"url":"https:\/\/www.mexicanguitarplayers.com\/wp-content\/uploads\/2022\/08\/ISOSCOC11.jpg","type":"image\/jpeg"}],"twitter_card":"summary_large_image","schema":{"@context":"https:\/\/schema.org","@graph":[{"@type":["WebPage","ItemPage"],"@id":"https:\/\/www.mexicanguitarplayers.com\/tienda\/cuerdas\/guitarras-cuerdas\/acusticas\/guitarras-clasicas\/guitarra-oscar-schmidt-clasica-oc11\/","url":"https:\/\/www.mexicanguitarplayers.com\/tienda\/cuerdas\/guitarras-cuerdas\/acusticas\/guitarras-clasicas\/guitarra-oscar-schmidt-clasica-oc11\/","name":"GUITARRA OSCAR SCHMIDT CLASICA OC11 - Mexican Guitar Players","isPartOf":{"@id":"https:\/\/www.mexicanguitarplayers.com\/#website"},"primaryImageOfPage":{"@id":"https:\/\/www.mexicanguitarplayers.com\/tienda\/cuerdas\/guitarras-cuerdas\/acusticas\/guitarras-clasicas\/guitarra-oscar-schmidt-clasica-oc11\/#primaryimage"},"image":{"@id":"https:\/\/www.mexicanguitarplayers.com\/tienda\/cuerdas\/guitarras-cuerdas\/acusticas\/guitarras-clasicas\/guitarra-oscar-schmidt-clasica-oc11\/#primaryimage"},"thumbnailUrl":"https:\/\/www.mexicanguitarplayers.com\/wp-content\/uploads\/2022\/08\/ISOSCOC11.jpg","datePublished":"2022-08-18T06:49:11+00:00","dateModified":"2026-05-01T13:46:33+00:00","description":"GUITARRA OSCAR SCHMIDT CLASICA OC11. Guitarra ac\u00fastica con caja cl\u00e1sica, tono c\u00e1lido y articulado, cuerdas de nylon, calidad artesanal, cuerpo tradicional estilo cl\u00e1sico, tapa de abeto seleccionado, aros y fondo de sapele, ribete decorativo, terminado brillante, diapas\u00f3n y puente de palo de rosa, maquinaria de pearloid, hardware dorado, brazo de caoba, trastes de n\u00edquel-plata.","breadcrumb":{"@id":"https:\/\/www.mexicanguitarplayers.com\/tienda\/cuerdas\/guitarras-cuerdas\/acusticas\/guitarras-clasicas\/guitarra-oscar-schmidt-clasica-oc11\/#breadcrumb"},"inLanguage":"en-US","potentialAction":[{"@type":"ReadAction","target":["https:\/\/www.mexicanguitarplayers.com\/tienda\/cuerdas\/guitarras-cuerdas\/acusticas\/guitarras-clasicas\/guitarra-oscar-schmidt-clasica-oc11\/"]}]},{"@type":"ImageObject","inLanguage":"en-US","@id":"https:\/\/www.mexicanguitarplayers.com\/tienda\/cuerdas\/guitarras-cuerdas\/acusticas\/guitarras-clasicas\/guitarra-oscar-schmidt-clasica-oc11\/#primaryimage","url":"https:\/\/www.mexicanguitarplayers.com\/wp-content\/uploads\/2022\/08\/ISOSCOC11.jpg","contentUrl":"https:\/\/www.mexicanguitarplayers.com\/wp-content\/uploads\/2022\/08\/ISOSCOC11.jpg","width":800,"height":1600},{"@type":"BreadcrumbList","@id":"https:\/\/www.mexicanguitarplayers.com\/tienda\/cuerdas\/guitarras-cuerdas\/acusticas\/guitarras-clasicas\/guitarra-oscar-schmidt-clasica-oc11\/#breadcrumb","itemListElement":[{"@type":"ListItem","position":1,"name":"Portada","item":"https:\/\/www.mexicanguitarplayers.com\/"},{"@type":"ListItem","position":2,"name":"Tienda","item":"https:\/\/www.mexicanguitarplayers.com\/tienda\/"},{"@type":"ListItem","position":3,"name":"GUITARRA OSCAR SCHMIDT CLASICA OC11"}]},{"@type":"WebSite","@id":"https:\/\/www.mexicanguitarplayers.com\/#website","url":"https:\/\/www.mexicanguitarplayers.com\/","name":"Mexican Guitar Players","description":"Website","publisher":{"@id":"https:\/\/www.mexicanguitarplayers.com\/#organization"},"potentialAction":[{"@type":"SearchAction","target":{"@type":"EntryPoint","urlTemplate":"https:\/\/www.mexicanguitarplayers.com\/?s={search_term_string}"},"query-input":{"@type":"PropertyValueSpecification","valueRequired":true,"valueName":"search_term_string"}}],"inLanguage":"en-US"},{"@type":"Organization","@id":"https:\/\/www.mexicanguitarplayers.com\/#organization","name":"Mexican Guitar Players","url":"https:\/\/www.mexicanguitarplayers.com\/","logo":{"@type":"ImageObject","inLanguage":"en-US","@id":"https:\/\/www.mexicanguitarplayers.com\/#\/schema\/logo\/image\/","url":"","contentUrl":"","caption":"Mexican Guitar Players"},"image":{"@id":"https:\/\/www.mexicanguitarplayers.com\/#\/schema\/logo\/image\/"}}]}},"brands":[{"id":333,"name":"OSCAR SCHMIDT","slug":"oscar-schmidt"}],"_links":{"self":[{"href":"https:\/\/www.mexicanguitarplayers.com\/en\/wp-json\/wp\/v2\/product\/10617","targetHints":{"allow":["GET"]}}],"collection":[{"href":"https:\/\/www.mexicanguitarplayers.com\/en\/wp-json\/wp\/v2\/product"}],"about":[{"href":"https:\/\/www.mexicanguitarplayers.com\/en\/wp-json\/wp\/v2\/types\/product"}],"replies":[{"embeddable":true,"href":"https:\/\/www.mexicanguitarplayers.com\/en\/wp-json\/wp\/v2\/comments?post=10617"}],"wp:featuredmedia":[{"embeddable":true,"href":"https:\/\/www.mexicanguitarplayers.com\/en\/wp-json\/wp\/v2\/media\/10616"}],"wp:attachment":[{"href":"https:\/\/www.mexicanguitarplayers.com\/en\/wp-json\/wp\/v2\/media?parent=10617"}],"wp:term":[{"taxonomy":"pwb-brand","embeddable":true,"href":"https:\/\/www.mexicanguitarplayers.com\/en\/wp-json\/wp\/v2\/pwb-brand?post=10617"},{"taxonomy":"product_brand","embeddable":true,"href":"https:\/\/www.mexicanguitarplayers.com\/en\/wp-json\/wp\/v2\/product_brand?post=10617"},{"taxonomy":"product_cat","embeddable":true,"href":"https:\/\/www.mexicanguitarplayers.com\/en\/wp-json\/wp\/v2\/product_cat?post=10617"},{"taxonomy":"product_tag","embeddable":true,"href":"https:\/\/www.mexicanguitarplayers.com\/en\/wp-json\/wp\/v2\/product_tag?post=10617"}],"curies":[{"name":"wp","href":"https:\/\/api.w.org\/{rel}","templated":true}]}}