{"id":10622,"date":"2022-08-18T01:49:19","date_gmt":"2022-08-18T06:49:19","guid":{"rendered":"https:\/\/www.mexicanguitarplayers.com\/tienda\/sin%20categor\u00eda\/guitarra-oscar-schmidt-e-acustica-oc11ce\/"},"modified":"2026-05-01T07:46:32","modified_gmt":"2026-05-01T13:46:32","slug":"guitarra-oscar-schmidt-e-acustica-oc11ce","status":"publish","type":"product","link":"https:\/\/www.mexicanguitarplayers.com\/en\/tienda\/cuerdas\/guitarras-cuerdas\/acusticas\/guitarras-electro-acusticas\/guitarra-oscar-schmidt-e-acustica-oc11ce\/","title":{"rendered":"OSCAR SCHMIDT E\/ACOUSTIC GUITAR OC11CE"},"content":{"rendered":"<div style=\"text-align: justify\">\n<div>\n<h3>OSCAR SCHMIDT E\/ACOUSTIC GUITAR OC11CE<\/h3>\n<\/div>\n<div>Classical electro guitar, cutaway, handcrafted quality, traditional classical style body, selected spruce top, sapele back and sides, decorative binding, glossy finish, rosewood fingerboard and bridge, pearloid machinery, gold hardware, mahogany arm, Nickel-silver frets, preamp with 3-band EQ.<\/div>\n<\/div>","protected":false},"excerpt":{"rendered":"<p>Guitarra electro cl\u00e1sica, cutaway, calidad artesanal, cuerpo estilo cl\u00e1sico tradicional, tapa de abeto seleccionado, aros y fondo de sapele, ribete decorativo,terminado brillante, diapas\u00f3n y puente de palo de rosa, maquinaria de pearloid,hardware dorado, brazo de caoba, trastes de n\u00edquel-plata, preamp con ecualizadorde 3 bandas.&hellip; <a class=\"kt-excerpt-readmore more-link\" href=\"https:\/\/www.mexicanguitarplayers.com\/en\/tienda\/cuerdas\/guitarras-cuerdas\/acusticas\/guitarras-electro-acusticas\/guitarra-oscar-schmidt-e-acustica-oc11ce\/\">Read more<\/a><\/p>","protected":false},"featured_media":10618,"comment_status":"open","ping_status":"closed","template":"","meta":{"kt_blocks_editor_width":""},"pwb-brand":[333],"product_brand":[],"product_cat":[315,224,312,316],"product_tag":[],"class_list":{"0":"post-10622","1":"product","2":"type-product","3":"status-publish","4":"has-post-thumbnail","6":"pwb-brand-oscar-schmidt","7":"product_cat-acusticas","8":"product_cat-cuerdas","9":"product_cat-guitarras-cuerdas","10":"product_cat-guitarras-electro-acusticas","11":"product_shipping_class-20-25-kg","13":"first","14":"instock","15":"taxable","16":"shipping-taxable","17":"purchasable","18":"product-type-simple"},"yoast_head":"<!-- This site is optimized with the Yoast SEO plugin v27.5 - https:\/\/yoast.com\/product\/yoast-seo-wordpress\/ -->\n<title>GUITARRA OSCAR SCHMIDT E\/ACUSTICA OC11CE - Mexican Guitar Players<\/title>\n<meta name=\"description\" content=\"GUITARRA OSCAR SCHMIDT E\/ACUSTICA OC11CE. Guitarra electro cl\u00e1sica, cutaway, calidad artesanal, cuerpo estilo cl\u00e1sico tradicional, tapa de abeto seleccionado, aros y fondo de sapele, ribete decorativo,terminado brillante, diapas\u00f3n y puente de palo de rosa, maquinaria de pearloid,hardware dorado, brazo de caoba, trastes de n\u00edquel-plata, preamp con ecualizadorde 3 bandas.\" \/>\n<meta name=\"robots\" content=\"index, follow, max-snippet:-1, max-image-preview:large, max-video-preview:-1\" \/>\n<link rel=\"canonical\" href=\"https:\/\/www.mexicanguitarplayers.com\/en\/tienda\/cuerdas\/guitarras-cuerdas\/acusticas\/guitarras-electro-acusticas\/guitarra-oscar-schmidt-e-acustica-oc11ce\/\" \/>\n<meta property=\"og:locale\" content=\"en_US\" \/>\n<meta property=\"og:type\" content=\"article\" \/>\n<meta property=\"og:title\" content=\"GUITARRA OSCAR SCHMIDT E\/ACUSTICA OC11CE - Mexican Guitar Players\" \/>\n<meta property=\"og:description\" content=\"GUITARRA OSCAR SCHMIDT E\/ACUSTICA OC11CE. Guitarra electro cl\u00e1sica, cutaway, calidad artesanal, cuerpo estilo cl\u00e1sico tradicional, tapa de abeto seleccionado, aros y fondo de sapele, ribete decorativo,terminado brillante, diapas\u00f3n y puente de palo de rosa, maquinaria de pearloid,hardware dorado, brazo de caoba, trastes de n\u00edquel-plata, preamp con ecualizadorde 3 bandas.\" \/>\n<meta property=\"og:url\" content=\"https:\/\/www.mexicanguitarplayers.com\/en\/tienda\/cuerdas\/guitarras-cuerdas\/acusticas\/guitarras-electro-acusticas\/guitarra-oscar-schmidt-e-acustica-oc11ce\/\" \/>\n<meta property=\"og:site_name\" content=\"Mexican Guitar Players\" \/>\n<meta property=\"article:modified_time\" content=\"2026-05-01T13:46:32+00:00\" \/>\n<meta property=\"og:image\" content=\"https:\/\/www.mexicanguitarplayers.com\/wp-content\/uploads\/2022\/08\/ISOSCOC11CE.jpg\" \/>\n\t<meta property=\"og:image:width\" content=\"800\" \/>\n\t<meta property=\"og:image:height\" content=\"1600\" \/>\n\t<meta property=\"og:image:type\" content=\"image\/jpeg\" \/>\n<meta name=\"twitter:card\" content=\"summary_large_image\" \/>\n<script type=\"application\/ld+json\" class=\"yoast-schema-graph\">{\"@context\":\"https:\\\/\\\/schema.org\",\"@graph\":[{\"@type\":[\"WebPage\",\"ItemPage\"],\"@id\":\"https:\\\/\\\/www.mexicanguitarplayers.com\\\/tienda\\\/cuerdas\\\/guitarras-cuerdas\\\/acusticas\\\/guitarras-electro-acusticas\\\/guitarra-oscar-schmidt-e-acustica-oc11ce\\\/\",\"url\":\"https:\\\/\\\/www.mexicanguitarplayers.com\\\/tienda\\\/cuerdas\\\/guitarras-cuerdas\\\/acusticas\\\/guitarras-electro-acusticas\\\/guitarra-oscar-schmidt-e-acustica-oc11ce\\\/\",\"name\":\"GUITARRA OSCAR SCHMIDT E\\\/ACUSTICA OC11CE - Mexican Guitar Players\",\"isPartOf\":{\"@id\":\"https:\\\/\\\/www.mexicanguitarplayers.com\\\/#website\"},\"primaryImageOfPage\":{\"@id\":\"https:\\\/\\\/www.mexicanguitarplayers.com\\\/tienda\\\/cuerdas\\\/guitarras-cuerdas\\\/acusticas\\\/guitarras-electro-acusticas\\\/guitarra-oscar-schmidt-e-acustica-oc11ce\\\/#primaryimage\"},\"image\":{\"@id\":\"https:\\\/\\\/www.mexicanguitarplayers.com\\\/tienda\\\/cuerdas\\\/guitarras-cuerdas\\\/acusticas\\\/guitarras-electro-acusticas\\\/guitarra-oscar-schmidt-e-acustica-oc11ce\\\/#primaryimage\"},\"thumbnailUrl\":\"https:\\\/\\\/www.mexicanguitarplayers.com\\\/wp-content\\\/uploads\\\/2022\\\/08\\\/ISOSCOC11CE.jpg\",\"datePublished\":\"2022-08-18T06:49:19+00:00\",\"dateModified\":\"2026-05-01T13:46:32+00:00\",\"description\":\"GUITARRA OSCAR SCHMIDT E\\\/ACUSTICA OC11CE. Guitarra electro cl\u00e1sica, cutaway, calidad artesanal, cuerpo estilo cl\u00e1sico tradicional, tapa de abeto seleccionado, aros y fondo de sapele, ribete decorativo,terminado brillante, diapas\u00f3n y puente de palo de rosa, maquinaria de pearloid,hardware dorado, brazo de caoba, trastes de n\u00edquel-plata, preamp con ecualizadorde 3 bandas.\",\"breadcrumb\":{\"@id\":\"https:\\\/\\\/www.mexicanguitarplayers.com\\\/tienda\\\/cuerdas\\\/guitarras-cuerdas\\\/acusticas\\\/guitarras-electro-acusticas\\\/guitarra-oscar-schmidt-e-acustica-oc11ce\\\/#breadcrumb\"},\"inLanguage\":\"en-US\",\"potentialAction\":[{\"@type\":\"ReadAction\",\"target\":[\"https:\\\/\\\/www.mexicanguitarplayers.com\\\/tienda\\\/cuerdas\\\/guitarras-cuerdas\\\/acusticas\\\/guitarras-electro-acusticas\\\/guitarra-oscar-schmidt-e-acustica-oc11ce\\\/\"]}]},{\"@type\":\"ImageObject\",\"inLanguage\":\"en-US\",\"@id\":\"https:\\\/\\\/www.mexicanguitarplayers.com\\\/tienda\\\/cuerdas\\\/guitarras-cuerdas\\\/acusticas\\\/guitarras-electro-acusticas\\\/guitarra-oscar-schmidt-e-acustica-oc11ce\\\/#primaryimage\",\"url\":\"https:\\\/\\\/www.mexicanguitarplayers.com\\\/wp-content\\\/uploads\\\/2022\\\/08\\\/ISOSCOC11CE.jpg\",\"contentUrl\":\"https:\\\/\\\/www.mexicanguitarplayers.com\\\/wp-content\\\/uploads\\\/2022\\\/08\\\/ISOSCOC11CE.jpg\",\"width\":800,\"height\":1600},{\"@type\":\"BreadcrumbList\",\"@id\":\"https:\\\/\\\/www.mexicanguitarplayers.com\\\/tienda\\\/cuerdas\\\/guitarras-cuerdas\\\/acusticas\\\/guitarras-electro-acusticas\\\/guitarra-oscar-schmidt-e-acustica-oc11ce\\\/#breadcrumb\",\"itemListElement\":[{\"@type\":\"ListItem\",\"position\":1,\"name\":\"Portada\",\"item\":\"https:\\\/\\\/www.mexicanguitarplayers.com\\\/\"},{\"@type\":\"ListItem\",\"position\":2,\"name\":\"Tienda\",\"item\":\"https:\\\/\\\/www.mexicanguitarplayers.com\\\/tienda\\\/\"},{\"@type\":\"ListItem\",\"position\":3,\"name\":\"GUITARRA OSCAR SCHMIDT E\\\/ACUSTICA OC11CE\"}]},{\"@type\":\"WebSite\",\"@id\":\"https:\\\/\\\/www.mexicanguitarplayers.com\\\/#website\",\"url\":\"https:\\\/\\\/www.mexicanguitarplayers.com\\\/\",\"name\":\"Mexican Guitar Players\",\"description\":\"Website\",\"publisher\":{\"@id\":\"https:\\\/\\\/www.mexicanguitarplayers.com\\\/#organization\"},\"potentialAction\":[{\"@type\":\"SearchAction\",\"target\":{\"@type\":\"EntryPoint\",\"urlTemplate\":\"https:\\\/\\\/www.mexicanguitarplayers.com\\\/?s={search_term_string}\"},\"query-input\":{\"@type\":\"PropertyValueSpecification\",\"valueRequired\":true,\"valueName\":\"search_term_string\"}}],\"inLanguage\":\"en-US\"},{\"@type\":\"Organization\",\"@id\":\"https:\\\/\\\/www.mexicanguitarplayers.com\\\/#organization\",\"name\":\"Mexican Guitar Players\",\"url\":\"https:\\\/\\\/www.mexicanguitarplayers.com\\\/\",\"logo\":{\"@type\":\"ImageObject\",\"inLanguage\":\"en-US\",\"@id\":\"https:\\\/\\\/www.mexicanguitarplayers.com\\\/#\\\/schema\\\/logo\\\/image\\\/\",\"url\":\"\",\"contentUrl\":\"\",\"caption\":\"Mexican Guitar Players\"},\"image\":{\"@id\":\"https:\\\/\\\/www.mexicanguitarplayers.com\\\/#\\\/schema\\\/logo\\\/image\\\/\"}}]}<\/script>\n<!-- \/ Yoast SEO plugin. -->","yoast_head_json":{"title":"GUITARRA OSCAR SCHMIDT E\/ACUSTICA OC11CE - Mexican Guitar Players","description":"GUITARRA OSCAR SCHMIDT E\/ACUSTICA OC11CE. Guitarra electro cl\u00e1sica, cutaway, calidad artesanal, cuerpo estilo cl\u00e1sico tradicional, tapa de abeto seleccionado, aros y fondo de sapele, ribete decorativo,terminado brillante, diapas\u00f3n y puente de palo de rosa, maquinaria de pearloid,hardware dorado, brazo de caoba, trastes de n\u00edquel-plata, preamp con ecualizadorde 3 bandas.","robots":{"index":"index","follow":"follow","max-snippet":"max-snippet:-1","max-image-preview":"max-image-preview:large","max-video-preview":"max-video-preview:-1"},"canonical":"https:\/\/www.mexicanguitarplayers.com\/en\/tienda\/cuerdas\/guitarras-cuerdas\/acusticas\/guitarras-electro-acusticas\/guitarra-oscar-schmidt-e-acustica-oc11ce\/","og_locale":"en_US","og_type":"article","og_title":"GUITARRA OSCAR SCHMIDT E\/ACUSTICA OC11CE - Mexican Guitar Players","og_description":"GUITARRA OSCAR SCHMIDT E\/ACUSTICA OC11CE. Guitarra electro cl\u00e1sica, cutaway, calidad artesanal, cuerpo estilo cl\u00e1sico tradicional, tapa de abeto seleccionado, aros y fondo de sapele, ribete decorativo,terminado brillante, diapas\u00f3n y puente de palo de rosa, maquinaria de pearloid,hardware dorado, brazo de caoba, trastes de n\u00edquel-plata, preamp con ecualizadorde 3 bandas.","og_url":"https:\/\/www.mexicanguitarplayers.com\/en\/tienda\/cuerdas\/guitarras-cuerdas\/acusticas\/guitarras-electro-acusticas\/guitarra-oscar-schmidt-e-acustica-oc11ce\/","og_site_name":"Mexican Guitar Players","article_modified_time":"2026-05-01T13:46:32+00:00","og_image":[{"width":800,"height":1600,"url":"https:\/\/www.mexicanguitarplayers.com\/wp-content\/uploads\/2022\/08\/ISOSCOC11CE.jpg","type":"image\/jpeg"}],"twitter_card":"summary_large_image","schema":{"@context":"https:\/\/schema.org","@graph":[{"@type":["WebPage","ItemPage"],"@id":"https:\/\/www.mexicanguitarplayers.com\/tienda\/cuerdas\/guitarras-cuerdas\/acusticas\/guitarras-electro-acusticas\/guitarra-oscar-schmidt-e-acustica-oc11ce\/","url":"https:\/\/www.mexicanguitarplayers.com\/tienda\/cuerdas\/guitarras-cuerdas\/acusticas\/guitarras-electro-acusticas\/guitarra-oscar-schmidt-e-acustica-oc11ce\/","name":"GUITARRA OSCAR SCHMIDT E\/ACUSTICA OC11CE - Mexican Guitar Players","isPartOf":{"@id":"https:\/\/www.mexicanguitarplayers.com\/#website"},"primaryImageOfPage":{"@id":"https:\/\/www.mexicanguitarplayers.com\/tienda\/cuerdas\/guitarras-cuerdas\/acusticas\/guitarras-electro-acusticas\/guitarra-oscar-schmidt-e-acustica-oc11ce\/#primaryimage"},"image":{"@id":"https:\/\/www.mexicanguitarplayers.com\/tienda\/cuerdas\/guitarras-cuerdas\/acusticas\/guitarras-electro-acusticas\/guitarra-oscar-schmidt-e-acustica-oc11ce\/#primaryimage"},"thumbnailUrl":"https:\/\/www.mexicanguitarplayers.com\/wp-content\/uploads\/2022\/08\/ISOSCOC11CE.jpg","datePublished":"2022-08-18T06:49:19+00:00","dateModified":"2026-05-01T13:46:32+00:00","description":"GUITARRA OSCAR SCHMIDT E\/ACUSTICA OC11CE. Guitarra electro cl\u00e1sica, cutaway, calidad artesanal, cuerpo estilo cl\u00e1sico tradicional, tapa de abeto seleccionado, aros y fondo de sapele, ribete decorativo,terminado brillante, diapas\u00f3n y puente de palo de rosa, maquinaria de pearloid,hardware dorado, brazo de caoba, trastes de n\u00edquel-plata, preamp con ecualizadorde 3 bandas.","breadcrumb":{"@id":"https:\/\/www.mexicanguitarplayers.com\/tienda\/cuerdas\/guitarras-cuerdas\/acusticas\/guitarras-electro-acusticas\/guitarra-oscar-schmidt-e-acustica-oc11ce\/#breadcrumb"},"inLanguage":"en-US","potentialAction":[{"@type":"ReadAction","target":["https:\/\/www.mexicanguitarplayers.com\/tienda\/cuerdas\/guitarras-cuerdas\/acusticas\/guitarras-electro-acusticas\/guitarra-oscar-schmidt-e-acustica-oc11ce\/"]}]},{"@type":"ImageObject","inLanguage":"en-US","@id":"https:\/\/www.mexicanguitarplayers.com\/tienda\/cuerdas\/guitarras-cuerdas\/acusticas\/guitarras-electro-acusticas\/guitarra-oscar-schmidt-e-acustica-oc11ce\/#primaryimage","url":"https:\/\/www.mexicanguitarplayers.com\/wp-content\/uploads\/2022\/08\/ISOSCOC11CE.jpg","contentUrl":"https:\/\/www.mexicanguitarplayers.com\/wp-content\/uploads\/2022\/08\/ISOSCOC11CE.jpg","width":800,"height":1600},{"@type":"BreadcrumbList","@id":"https:\/\/www.mexicanguitarplayers.com\/tienda\/cuerdas\/guitarras-cuerdas\/acusticas\/guitarras-electro-acusticas\/guitarra-oscar-schmidt-e-acustica-oc11ce\/#breadcrumb","itemListElement":[{"@type":"ListItem","position":1,"name":"Portada","item":"https:\/\/www.mexicanguitarplayers.com\/"},{"@type":"ListItem","position":2,"name":"Tienda","item":"https:\/\/www.mexicanguitarplayers.com\/tienda\/"},{"@type":"ListItem","position":3,"name":"GUITARRA OSCAR SCHMIDT E\/ACUSTICA OC11CE"}]},{"@type":"WebSite","@id":"https:\/\/www.mexicanguitarplayers.com\/#website","url":"https:\/\/www.mexicanguitarplayers.com\/","name":"Mexican Guitar Players","description":"Website","publisher":{"@id":"https:\/\/www.mexicanguitarplayers.com\/#organization"},"potentialAction":[{"@type":"SearchAction","target":{"@type":"EntryPoint","urlTemplate":"https:\/\/www.mexicanguitarplayers.com\/?s={search_term_string}"},"query-input":{"@type":"PropertyValueSpecification","valueRequired":true,"valueName":"search_term_string"}}],"inLanguage":"en-US"},{"@type":"Organization","@id":"https:\/\/www.mexicanguitarplayers.com\/#organization","name":"Mexican Guitar Players","url":"https:\/\/www.mexicanguitarplayers.com\/","logo":{"@type":"ImageObject","inLanguage":"en-US","@id":"https:\/\/www.mexicanguitarplayers.com\/#\/schema\/logo\/image\/","url":"","contentUrl":"","caption":"Mexican Guitar Players"},"image":{"@id":"https:\/\/www.mexicanguitarplayers.com\/#\/schema\/logo\/image\/"}}]}},"brands":[{"id":333,"name":"OSCAR SCHMIDT","slug":"oscar-schmidt"}],"_links":{"self":[{"href":"https:\/\/www.mexicanguitarplayers.com\/en\/wp-json\/wp\/v2\/product\/10622","targetHints":{"allow":["GET"]}}],"collection":[{"href":"https:\/\/www.mexicanguitarplayers.com\/en\/wp-json\/wp\/v2\/product"}],"about":[{"href":"https:\/\/www.mexicanguitarplayers.com\/en\/wp-json\/wp\/v2\/types\/product"}],"replies":[{"embeddable":true,"href":"https:\/\/www.mexicanguitarplayers.com\/en\/wp-json\/wp\/v2\/comments?post=10622"}],"wp:featuredmedia":[{"embeddable":true,"href":"https:\/\/www.mexicanguitarplayers.com\/en\/wp-json\/wp\/v2\/media\/10618"}],"wp:attachment":[{"href":"https:\/\/www.mexicanguitarplayers.com\/en\/wp-json\/wp\/v2\/media?parent=10622"}],"wp:term":[{"taxonomy":"pwb-brand","embeddable":true,"href":"https:\/\/www.mexicanguitarplayers.com\/en\/wp-json\/wp\/v2\/pwb-brand?post=10622"},{"taxonomy":"product_brand","embeddable":true,"href":"https:\/\/www.mexicanguitarplayers.com\/en\/wp-json\/wp\/v2\/product_brand?post=10622"},{"taxonomy":"product_cat","embeddable":true,"href":"https:\/\/www.mexicanguitarplayers.com\/en\/wp-json\/wp\/v2\/product_cat?post=10622"},{"taxonomy":"product_tag","embeddable":true,"href":"https:\/\/www.mexicanguitarplayers.com\/en\/wp-json\/wp\/v2\/product_tag?post=10622"}],"curies":[{"name":"wp","href":"https:\/\/api.w.org\/{rel}","templated":true}]}}