{"id":10680,"date":"2022-08-18T01:51:14","date_gmt":"2022-08-18T06:51:14","guid":{"rendered":"https:\/\/www.mexicanguitarplayers.com\/tienda\/sin%20categor\u00eda\/requinto-oscar-schmidt-oh30s\/"},"modified":"2023-09-21T23:10:18","modified_gmt":"2023-09-22T04:10:18","slug":"requinto-oscar-schmidt-oh30s","status":"publish","type":"product","link":"https:\/\/www.mexicanguitarplayers.com\/en\/tienda\/cuerdas\/folkloricos-y-regionales\/requinto-oscar-schmidt-oh30s\/","title":{"rendered":"REQUINTO OSCAR SCHMIDT OH30S"},"content":{"rendered":"<div style=\"text-align: justify\">\n<div>\n<h3>REQUINTO OSCAR SCHMIDT OH30S<\/h3>\n<\/div>\n<div>Requinto with solid cedar top, mahogany back and sides, mahogany neck, rosewood fingerboard, butterfly-patterned bridge, gilt machinery, distinctive long-horn bull head inlays, tri-ply body veneer Includes deluxe padded case.<\/div>\n<\/div>","protected":false},"excerpt":{"rendered":"<p>Requinto con tapa s\u00f3lida de cedro, lados y fondo de caoba, brazo de caoba, diapas\u00f3n de palo de rosa, puente con dise\u00f1o de mariposa, maquinaria dorada, distintivas incrustaciones de cuerno largo de toro en la cabeza, revestimiento de tres pliegos en el cuerpo, incluye funda acolchada de lujo.&hellip; <a class=\"kt-excerpt-readmore more-link\" href=\"https:\/\/www.mexicanguitarplayers.com\/en\/tienda\/cuerdas\/folkloricos-y-regionales\/requinto-oscar-schmidt-oh30s\/\">Read more<\/a><\/p>","protected":false},"featured_media":10679,"comment_status":"open","ping_status":"closed","template":"","meta":{"kt_blocks_editor_width":""},"pwb-brand":[333],"product_brand":[],"product_cat":[224,320],"product_tag":[],"class_list":{"0":"post-10680","1":"product","2":"type-product","3":"status-publish","4":"has-post-thumbnail","6":"pwb-brand-oscar-schmidt","7":"product_cat-cuerdas","8":"product_cat-folkloricos-y-regionales","9":"product_shipping_class-10-15-kg","11":"first","12":"outofstock","13":"taxable","14":"shipping-taxable","15":"purchasable","16":"product-type-simple"},"yoast_head":"<!-- This site is optimized with the Yoast SEO plugin v27.5 - https:\/\/yoast.com\/product\/yoast-seo-wordpress\/ -->\n<title>REQUINTO OSCAR SCHMIDT OH30S - Mexican Guitar Players<\/title>\n<meta name=\"description\" content=\"REQUINTO OSCAR SCHMIDT OH30S. Requinto con tapa s\u00f3lida de cedro, lados y fondo de caoba, brazo de caoba, diapas\u00f3n de palo de rosa, puente con dise\u00f1o de mariposa, maquinaria dorada, distintivas incrustaciones de cuerno largo de toro en la cabeza, revestimiento de tres pliegos en el cuerpo, incluye funda acolchada de lujo.\" \/>\n<meta name=\"robots\" content=\"index, follow, max-snippet:-1, max-image-preview:large, max-video-preview:-1\" \/>\n<link rel=\"canonical\" href=\"https:\/\/www.mexicanguitarplayers.com\/en\/tienda\/cuerdas\/folkloricos-y-regionales\/requinto-oscar-schmidt-oh30s\/\" \/>\n<meta property=\"og:locale\" content=\"en_US\" \/>\n<meta property=\"og:type\" content=\"article\" \/>\n<meta property=\"og:title\" content=\"REQUINTO OSCAR SCHMIDT OH30S - Mexican Guitar Players\" \/>\n<meta property=\"og:description\" content=\"REQUINTO OSCAR SCHMIDT OH30S. Requinto con tapa s\u00f3lida de cedro, lados y fondo de caoba, brazo de caoba, diapas\u00f3n de palo de rosa, puente con dise\u00f1o de mariposa, maquinaria dorada, distintivas incrustaciones de cuerno largo de toro en la cabeza, revestimiento de tres pliegos en el cuerpo, incluye funda acolchada de lujo.\" \/>\n<meta property=\"og:url\" content=\"https:\/\/www.mexicanguitarplayers.com\/en\/tienda\/cuerdas\/folkloricos-y-regionales\/requinto-oscar-schmidt-oh30s\/\" \/>\n<meta property=\"og:site_name\" content=\"Mexican Guitar Players\" \/>\n<meta property=\"article:modified_time\" content=\"2023-09-22T04:10:18+00:00\" \/>\n<meta property=\"og:image\" content=\"https:\/\/www.mexicanguitarplayers.com\/wp-content\/uploads\/2022\/08\/ISOSCOH30S.jpg\" \/>\n\t<meta property=\"og:image:width\" content=\"800\" \/>\n\t<meta property=\"og:image:height\" content=\"1600\" \/>\n\t<meta property=\"og:image:type\" content=\"image\/jpeg\" \/>\n<meta name=\"twitter:card\" content=\"summary_large_image\" \/>\n<script type=\"application\/ld+json\" class=\"yoast-schema-graph\">{\"@context\":\"https:\\\/\\\/schema.org\",\"@graph\":[{\"@type\":[\"WebPage\",\"ItemPage\"],\"@id\":\"https:\\\/\\\/www.mexicanguitarplayers.com\\\/tienda\\\/cuerdas\\\/folkloricos-y-regionales\\\/requinto-oscar-schmidt-oh30s\\\/\",\"url\":\"https:\\\/\\\/www.mexicanguitarplayers.com\\\/tienda\\\/cuerdas\\\/folkloricos-y-regionales\\\/requinto-oscar-schmidt-oh30s\\\/\",\"name\":\"REQUINTO OSCAR SCHMIDT OH30S - Mexican Guitar Players\",\"isPartOf\":{\"@id\":\"https:\\\/\\\/www.mexicanguitarplayers.com\\\/#website\"},\"primaryImageOfPage\":{\"@id\":\"https:\\\/\\\/www.mexicanguitarplayers.com\\\/tienda\\\/cuerdas\\\/folkloricos-y-regionales\\\/requinto-oscar-schmidt-oh30s\\\/#primaryimage\"},\"image\":{\"@id\":\"https:\\\/\\\/www.mexicanguitarplayers.com\\\/tienda\\\/cuerdas\\\/folkloricos-y-regionales\\\/requinto-oscar-schmidt-oh30s\\\/#primaryimage\"},\"thumbnailUrl\":\"https:\\\/\\\/www.mexicanguitarplayers.com\\\/wp-content\\\/uploads\\\/2022\\\/08\\\/ISOSCOH30S.jpg\",\"datePublished\":\"2022-08-18T06:51:14+00:00\",\"dateModified\":\"2023-09-22T04:10:18+00:00\",\"description\":\"REQUINTO OSCAR SCHMIDT OH30S. Requinto con tapa s\u00f3lida de cedro, lados y fondo de caoba, brazo de caoba, diapas\u00f3n de palo de rosa, puente con dise\u00f1o de mariposa, maquinaria dorada, distintivas incrustaciones de cuerno largo de toro en la cabeza, revestimiento de tres pliegos en el cuerpo, incluye funda acolchada de lujo.\",\"breadcrumb\":{\"@id\":\"https:\\\/\\\/www.mexicanguitarplayers.com\\\/tienda\\\/cuerdas\\\/folkloricos-y-regionales\\\/requinto-oscar-schmidt-oh30s\\\/#breadcrumb\"},\"inLanguage\":\"en-US\",\"potentialAction\":[{\"@type\":\"ReadAction\",\"target\":[\"https:\\\/\\\/www.mexicanguitarplayers.com\\\/tienda\\\/cuerdas\\\/folkloricos-y-regionales\\\/requinto-oscar-schmidt-oh30s\\\/\"]}]},{\"@type\":\"ImageObject\",\"inLanguage\":\"en-US\",\"@id\":\"https:\\\/\\\/www.mexicanguitarplayers.com\\\/tienda\\\/cuerdas\\\/folkloricos-y-regionales\\\/requinto-oscar-schmidt-oh30s\\\/#primaryimage\",\"url\":\"https:\\\/\\\/www.mexicanguitarplayers.com\\\/wp-content\\\/uploads\\\/2022\\\/08\\\/ISOSCOH30S.jpg\",\"contentUrl\":\"https:\\\/\\\/www.mexicanguitarplayers.com\\\/wp-content\\\/uploads\\\/2022\\\/08\\\/ISOSCOH30S.jpg\",\"width\":800,\"height\":1600},{\"@type\":\"BreadcrumbList\",\"@id\":\"https:\\\/\\\/www.mexicanguitarplayers.com\\\/tienda\\\/cuerdas\\\/folkloricos-y-regionales\\\/requinto-oscar-schmidt-oh30s\\\/#breadcrumb\",\"itemListElement\":[{\"@type\":\"ListItem\",\"position\":1,\"name\":\"Portada\",\"item\":\"https:\\\/\\\/www.mexicanguitarplayers.com\\\/\"},{\"@type\":\"ListItem\",\"position\":2,\"name\":\"Tienda\",\"item\":\"https:\\\/\\\/www.mexicanguitarplayers.com\\\/tienda\\\/\"},{\"@type\":\"ListItem\",\"position\":3,\"name\":\"REQUINTO OSCAR SCHMIDT OH30S\"}]},{\"@type\":\"WebSite\",\"@id\":\"https:\\\/\\\/www.mexicanguitarplayers.com\\\/#website\",\"url\":\"https:\\\/\\\/www.mexicanguitarplayers.com\\\/\",\"name\":\"Mexican Guitar Players\",\"description\":\"Website\",\"publisher\":{\"@id\":\"https:\\\/\\\/www.mexicanguitarplayers.com\\\/#organization\"},\"potentialAction\":[{\"@type\":\"SearchAction\",\"target\":{\"@type\":\"EntryPoint\",\"urlTemplate\":\"https:\\\/\\\/www.mexicanguitarplayers.com\\\/?s={search_term_string}\"},\"query-input\":{\"@type\":\"PropertyValueSpecification\",\"valueRequired\":true,\"valueName\":\"search_term_string\"}}],\"inLanguage\":\"en-US\"},{\"@type\":\"Organization\",\"@id\":\"https:\\\/\\\/www.mexicanguitarplayers.com\\\/#organization\",\"name\":\"Mexican Guitar Players\",\"url\":\"https:\\\/\\\/www.mexicanguitarplayers.com\\\/\",\"logo\":{\"@type\":\"ImageObject\",\"inLanguage\":\"en-US\",\"@id\":\"https:\\\/\\\/www.mexicanguitarplayers.com\\\/#\\\/schema\\\/logo\\\/image\\\/\",\"url\":\"\",\"contentUrl\":\"\",\"caption\":\"Mexican Guitar Players\"},\"image\":{\"@id\":\"https:\\\/\\\/www.mexicanguitarplayers.com\\\/#\\\/schema\\\/logo\\\/image\\\/\"}}]}<\/script>\n<!-- \/ Yoast SEO plugin. -->","yoast_head_json":{"title":"REQUINTO OSCAR SCHMIDT OH30S - Mexican Guitar Players","description":"REQUINTO OSCAR SCHMIDT OH30S. Requinto con tapa s\u00f3lida de cedro, lados y fondo de caoba, brazo de caoba, diapas\u00f3n de palo de rosa, puente con dise\u00f1o de mariposa, maquinaria dorada, distintivas incrustaciones de cuerno largo de toro en la cabeza, revestimiento de tres pliegos en el cuerpo, incluye funda acolchada de lujo.","robots":{"index":"index","follow":"follow","max-snippet":"max-snippet:-1","max-image-preview":"max-image-preview:large","max-video-preview":"max-video-preview:-1"},"canonical":"https:\/\/www.mexicanguitarplayers.com\/en\/tienda\/cuerdas\/folkloricos-y-regionales\/requinto-oscar-schmidt-oh30s\/","og_locale":"en_US","og_type":"article","og_title":"REQUINTO OSCAR SCHMIDT OH30S - Mexican Guitar Players","og_description":"REQUINTO OSCAR SCHMIDT OH30S. Requinto con tapa s\u00f3lida de cedro, lados y fondo de caoba, brazo de caoba, diapas\u00f3n de palo de rosa, puente con dise\u00f1o de mariposa, maquinaria dorada, distintivas incrustaciones de cuerno largo de toro en la cabeza, revestimiento de tres pliegos en el cuerpo, incluye funda acolchada de lujo.","og_url":"https:\/\/www.mexicanguitarplayers.com\/en\/tienda\/cuerdas\/folkloricos-y-regionales\/requinto-oscar-schmidt-oh30s\/","og_site_name":"Mexican Guitar Players","article_modified_time":"2023-09-22T04:10:18+00:00","og_image":[{"width":800,"height":1600,"url":"https:\/\/www.mexicanguitarplayers.com\/wp-content\/uploads\/2022\/08\/ISOSCOH30S.jpg","type":"image\/jpeg"}],"twitter_card":"summary_large_image","schema":{"@context":"https:\/\/schema.org","@graph":[{"@type":["WebPage","ItemPage"],"@id":"https:\/\/www.mexicanguitarplayers.com\/tienda\/cuerdas\/folkloricos-y-regionales\/requinto-oscar-schmidt-oh30s\/","url":"https:\/\/www.mexicanguitarplayers.com\/tienda\/cuerdas\/folkloricos-y-regionales\/requinto-oscar-schmidt-oh30s\/","name":"REQUINTO OSCAR SCHMIDT OH30S - Mexican Guitar Players","isPartOf":{"@id":"https:\/\/www.mexicanguitarplayers.com\/#website"},"primaryImageOfPage":{"@id":"https:\/\/www.mexicanguitarplayers.com\/tienda\/cuerdas\/folkloricos-y-regionales\/requinto-oscar-schmidt-oh30s\/#primaryimage"},"image":{"@id":"https:\/\/www.mexicanguitarplayers.com\/tienda\/cuerdas\/folkloricos-y-regionales\/requinto-oscar-schmidt-oh30s\/#primaryimage"},"thumbnailUrl":"https:\/\/www.mexicanguitarplayers.com\/wp-content\/uploads\/2022\/08\/ISOSCOH30S.jpg","datePublished":"2022-08-18T06:51:14+00:00","dateModified":"2023-09-22T04:10:18+00:00","description":"REQUINTO OSCAR SCHMIDT OH30S. Requinto con tapa s\u00f3lida de cedro, lados y fondo de caoba, brazo de caoba, diapas\u00f3n de palo de rosa, puente con dise\u00f1o de mariposa, maquinaria dorada, distintivas incrustaciones de cuerno largo de toro en la cabeza, revestimiento de tres pliegos en el cuerpo, incluye funda acolchada de lujo.","breadcrumb":{"@id":"https:\/\/www.mexicanguitarplayers.com\/tienda\/cuerdas\/folkloricos-y-regionales\/requinto-oscar-schmidt-oh30s\/#breadcrumb"},"inLanguage":"en-US","potentialAction":[{"@type":"ReadAction","target":["https:\/\/www.mexicanguitarplayers.com\/tienda\/cuerdas\/folkloricos-y-regionales\/requinto-oscar-schmidt-oh30s\/"]}]},{"@type":"ImageObject","inLanguage":"en-US","@id":"https:\/\/www.mexicanguitarplayers.com\/tienda\/cuerdas\/folkloricos-y-regionales\/requinto-oscar-schmidt-oh30s\/#primaryimage","url":"https:\/\/www.mexicanguitarplayers.com\/wp-content\/uploads\/2022\/08\/ISOSCOH30S.jpg","contentUrl":"https:\/\/www.mexicanguitarplayers.com\/wp-content\/uploads\/2022\/08\/ISOSCOH30S.jpg","width":800,"height":1600},{"@type":"BreadcrumbList","@id":"https:\/\/www.mexicanguitarplayers.com\/tienda\/cuerdas\/folkloricos-y-regionales\/requinto-oscar-schmidt-oh30s\/#breadcrumb","itemListElement":[{"@type":"ListItem","position":1,"name":"Portada","item":"https:\/\/www.mexicanguitarplayers.com\/"},{"@type":"ListItem","position":2,"name":"Tienda","item":"https:\/\/www.mexicanguitarplayers.com\/tienda\/"},{"@type":"ListItem","position":3,"name":"REQUINTO OSCAR SCHMIDT OH30S"}]},{"@type":"WebSite","@id":"https:\/\/www.mexicanguitarplayers.com\/#website","url":"https:\/\/www.mexicanguitarplayers.com\/","name":"Mexican Guitar Players","description":"Website","publisher":{"@id":"https:\/\/www.mexicanguitarplayers.com\/#organization"},"potentialAction":[{"@type":"SearchAction","target":{"@type":"EntryPoint","urlTemplate":"https:\/\/www.mexicanguitarplayers.com\/?s={search_term_string}"},"query-input":{"@type":"PropertyValueSpecification","valueRequired":true,"valueName":"search_term_string"}}],"inLanguage":"en-US"},{"@type":"Organization","@id":"https:\/\/www.mexicanguitarplayers.com\/#organization","name":"Mexican Guitar Players","url":"https:\/\/www.mexicanguitarplayers.com\/","logo":{"@type":"ImageObject","inLanguage":"en-US","@id":"https:\/\/www.mexicanguitarplayers.com\/#\/schema\/logo\/image\/","url":"","contentUrl":"","caption":"Mexican Guitar Players"},"image":{"@id":"https:\/\/www.mexicanguitarplayers.com\/#\/schema\/logo\/image\/"}}]}},"brands":[{"id":333,"name":"OSCAR SCHMIDT","slug":"oscar-schmidt"}],"_links":{"self":[{"href":"https:\/\/www.mexicanguitarplayers.com\/en\/wp-json\/wp\/v2\/product\/10680","targetHints":{"allow":["GET"]}}],"collection":[{"href":"https:\/\/www.mexicanguitarplayers.com\/en\/wp-json\/wp\/v2\/product"}],"about":[{"href":"https:\/\/www.mexicanguitarplayers.com\/en\/wp-json\/wp\/v2\/types\/product"}],"replies":[{"embeddable":true,"href":"https:\/\/www.mexicanguitarplayers.com\/en\/wp-json\/wp\/v2\/comments?post=10680"}],"wp:featuredmedia":[{"embeddable":true,"href":"https:\/\/www.mexicanguitarplayers.com\/en\/wp-json\/wp\/v2\/media\/10679"}],"wp:attachment":[{"href":"https:\/\/www.mexicanguitarplayers.com\/en\/wp-json\/wp\/v2\/media?parent=10680"}],"wp:term":[{"taxonomy":"pwb-brand","embeddable":true,"href":"https:\/\/www.mexicanguitarplayers.com\/en\/wp-json\/wp\/v2\/pwb-brand?post=10680"},{"taxonomy":"product_brand","embeddable":true,"href":"https:\/\/www.mexicanguitarplayers.com\/en\/wp-json\/wp\/v2\/product_brand?post=10680"},{"taxonomy":"product_cat","embeddable":true,"href":"https:\/\/www.mexicanguitarplayers.com\/en\/wp-json\/wp\/v2\/product_cat?post=10680"},{"taxonomy":"product_tag","embeddable":true,"href":"https:\/\/www.mexicanguitarplayers.com\/en\/wp-json\/wp\/v2\/product_tag?post=10680"}],"curies":[{"name":"wp","href":"https:\/\/api.w.org\/{rel}","templated":true}]}}