{"id":10688,"date":"2022-08-18T01:51:28","date_gmt":"2022-08-18T06:51:28","guid":{"rendered":"https:\/\/www.mexicanguitarplayers.com\/tienda\/sin%20categor\u00eda\/bajo-quinto-oscar-schmidt-e-acus-oh32seq\/"},"modified":"2026-05-01T07:46:24","modified_gmt":"2026-05-01T13:46:24","slug":"bajo-quinto-oscar-schmidt-e-acus-oh32seq","status":"publish","type":"product","link":"https:\/\/www.mexicanguitarplayers.com\/en\/tienda\/cuerdas\/folkloricos-y-regionales\/bajo-quinto-oscar-schmidt-e-acus-oh32seq\/","title":{"rendered":"BASS FIFTH OSCAR SCHMIDT E\/ACUS OH32SEQ"},"content":{"rendered":"<div style=\"text-align: justify\">\n<div>\n<h3>BASS FIFTH OSCAR SCHMIDT E\/ACUS OH32SEQ<\/h3>\n<\/div>\n<div>Artisan-quality bass quinta, burled maple top, rosewood back and sides, gloss finish, traditional body and top joint, wood marquetry, rosewood fingerboard, distinctive bull horn design, mahogany neck , mother-of-pearl bullhorn headstock inlays, active Fishman pickup system with EQ and tuner, deluxe hardware, includes deluxe padded gig bag.<\/div>\n<\/div>","protected":false},"excerpt":{"rendered":"<p>Bajo quinto de calidad artesanal, tapa de maple burled, aros y fondo de palo derosa, terminado brillante, uni\u00f3n de cuerpo tradicional de fondo y tapa, marqueter\u00eda de madera, diapas\u00f3n de palo de rosa, dise\u00f1o distintivo de cuerno de toro, brazo de caoba, incrustaciones en cabezal de cuerno de toro en madreperla, sistemade pastilla activa Fishman con EQ y afinador, maquinaria de lujo, incluye fundaacolchada de lujo.&hellip; <a class=\"kt-excerpt-readmore more-link\" href=\"https:\/\/www.mexicanguitarplayers.com\/en\/tienda\/cuerdas\/folkloricos-y-regionales\/bajo-quinto-oscar-schmidt-e-acus-oh32seq\/\">Read more<\/a><\/p>","protected":false},"featured_media":10685,"comment_status":"open","ping_status":"closed","template":"","meta":{"kt_blocks_editor_width":""},"pwb-brand":[333],"product_brand":[],"product_cat":[224,320],"product_tag":[],"class_list":{"0":"post-10688","1":"product","2":"type-product","3":"status-publish","4":"has-post-thumbnail","6":"pwb-brand-oscar-schmidt","7":"product_cat-cuerdas","8":"product_cat-folkloricos-y-regionales","9":"product_shipping_class-15-20-kg","11":"first","12":"instock","13":"taxable","14":"shipping-taxable","15":"purchasable","16":"product-type-simple"},"yoast_head":"<!-- This site is optimized with the Yoast SEO plugin v27.5 - https:\/\/yoast.com\/product\/yoast-seo-wordpress\/ -->\n<title>BAJO QUINTO OSCAR SCHMIDT E\/ACUS OH32SEQ - Mexican Guitar Players<\/title>\n<meta name=\"description\" content=\"BAJO QUINTO OSCAR SCHMIDT E\/ACUS OH32SEQ. Bajo quinto de calidad artesanal, tapa de maple burled, aros y fondo de palo derosa, terminado brillante, uni\u00f3n de cuerpo tradicional de fondo y tapa, marqueter\u00eda de madera, diapas\u00f3n de palo de rosa, dise\u00f1o distintivo de cuerno de toro, brazo de caoba, incrustaciones en cabezal de cuerno de toro en madreperla, sistemade pastilla activa Fishman con EQ y afinador, maquinaria de lujo, incluye fundaacolchada de lujo.\" \/>\n<meta name=\"robots\" content=\"index, follow, max-snippet:-1, max-image-preview:large, max-video-preview:-1\" \/>\n<link rel=\"canonical\" href=\"https:\/\/www.mexicanguitarplayers.com\/en\/tienda\/cuerdas\/folkloricos-y-regionales\/bajo-quinto-oscar-schmidt-e-acus-oh32seq\/\" \/>\n<meta property=\"og:locale\" content=\"en_US\" \/>\n<meta property=\"og:type\" content=\"article\" \/>\n<meta property=\"og:title\" content=\"BAJO QUINTO OSCAR SCHMIDT E\/ACUS OH32SEQ - Mexican Guitar Players\" \/>\n<meta property=\"og:description\" content=\"BAJO QUINTO OSCAR SCHMIDT E\/ACUS OH32SEQ. Bajo quinto de calidad artesanal, tapa de maple burled, aros y fondo de palo derosa, terminado brillante, uni\u00f3n de cuerpo tradicional de fondo y tapa, marqueter\u00eda de madera, diapas\u00f3n de palo de rosa, dise\u00f1o distintivo de cuerno de toro, brazo de caoba, incrustaciones en cabezal de cuerno de toro en madreperla, sistemade pastilla activa Fishman con EQ y afinador, maquinaria de lujo, incluye fundaacolchada de lujo.\" \/>\n<meta property=\"og:url\" content=\"https:\/\/www.mexicanguitarplayers.com\/en\/tienda\/cuerdas\/folkloricos-y-regionales\/bajo-quinto-oscar-schmidt-e-acus-oh32seq\/\" \/>\n<meta property=\"og:site_name\" content=\"Mexican Guitar Players\" \/>\n<meta property=\"article:modified_time\" content=\"2026-05-01T13:46:24+00:00\" \/>\n<meta property=\"og:image\" content=\"https:\/\/www.mexicanguitarplayers.com\/wp-content\/uploads\/2022\/08\/ISOSCOH32SEQ.jpg\" \/>\n\t<meta property=\"og:image:width\" content=\"800\" \/>\n\t<meta property=\"og:image:height\" content=\"1600\" \/>\n\t<meta property=\"og:image:type\" content=\"image\/jpeg\" \/>\n<meta name=\"twitter:card\" content=\"summary_large_image\" \/>\n<script type=\"application\/ld+json\" class=\"yoast-schema-graph\">{\"@context\":\"https:\\\/\\\/schema.org\",\"@graph\":[{\"@type\":[\"WebPage\",\"ItemPage\"],\"@id\":\"https:\\\/\\\/www.mexicanguitarplayers.com\\\/tienda\\\/cuerdas\\\/folkloricos-y-regionales\\\/bajo-quinto-oscar-schmidt-e-acus-oh32seq\\\/\",\"url\":\"https:\\\/\\\/www.mexicanguitarplayers.com\\\/tienda\\\/cuerdas\\\/folkloricos-y-regionales\\\/bajo-quinto-oscar-schmidt-e-acus-oh32seq\\\/\",\"name\":\"BAJO QUINTO OSCAR SCHMIDT E\\\/ACUS OH32SEQ - Mexican Guitar Players\",\"isPartOf\":{\"@id\":\"https:\\\/\\\/www.mexicanguitarplayers.com\\\/#website\"},\"primaryImageOfPage\":{\"@id\":\"https:\\\/\\\/www.mexicanguitarplayers.com\\\/tienda\\\/cuerdas\\\/folkloricos-y-regionales\\\/bajo-quinto-oscar-schmidt-e-acus-oh32seq\\\/#primaryimage\"},\"image\":{\"@id\":\"https:\\\/\\\/www.mexicanguitarplayers.com\\\/tienda\\\/cuerdas\\\/folkloricos-y-regionales\\\/bajo-quinto-oscar-schmidt-e-acus-oh32seq\\\/#primaryimage\"},\"thumbnailUrl\":\"https:\\\/\\\/www.mexicanguitarplayers.com\\\/wp-content\\\/uploads\\\/2022\\\/08\\\/ISOSCOH32SEQ.jpg\",\"datePublished\":\"2022-08-18T06:51:28+00:00\",\"dateModified\":\"2026-05-01T13:46:24+00:00\",\"description\":\"BAJO QUINTO OSCAR SCHMIDT E\\\/ACUS OH32SEQ. Bajo quinto de calidad artesanal, tapa de maple burled, aros y fondo de palo derosa, terminado brillante, uni\u00f3n de cuerpo tradicional de fondo y tapa, marqueter\u00eda de madera, diapas\u00f3n de palo de rosa, dise\u00f1o distintivo de cuerno de toro, brazo de caoba, incrustaciones en cabezal de cuerno de toro en madreperla, sistemade pastilla activa Fishman con EQ y afinador, maquinaria de lujo, incluye fundaacolchada de lujo.\",\"breadcrumb\":{\"@id\":\"https:\\\/\\\/www.mexicanguitarplayers.com\\\/tienda\\\/cuerdas\\\/folkloricos-y-regionales\\\/bajo-quinto-oscar-schmidt-e-acus-oh32seq\\\/#breadcrumb\"},\"inLanguage\":\"en-US\",\"potentialAction\":[{\"@type\":\"ReadAction\",\"target\":[\"https:\\\/\\\/www.mexicanguitarplayers.com\\\/tienda\\\/cuerdas\\\/folkloricos-y-regionales\\\/bajo-quinto-oscar-schmidt-e-acus-oh32seq\\\/\"]}]},{\"@type\":\"ImageObject\",\"inLanguage\":\"en-US\",\"@id\":\"https:\\\/\\\/www.mexicanguitarplayers.com\\\/tienda\\\/cuerdas\\\/folkloricos-y-regionales\\\/bajo-quinto-oscar-schmidt-e-acus-oh32seq\\\/#primaryimage\",\"url\":\"https:\\\/\\\/www.mexicanguitarplayers.com\\\/wp-content\\\/uploads\\\/2022\\\/08\\\/ISOSCOH32SEQ.jpg\",\"contentUrl\":\"https:\\\/\\\/www.mexicanguitarplayers.com\\\/wp-content\\\/uploads\\\/2022\\\/08\\\/ISOSCOH32SEQ.jpg\",\"width\":800,\"height\":1600},{\"@type\":\"BreadcrumbList\",\"@id\":\"https:\\\/\\\/www.mexicanguitarplayers.com\\\/tienda\\\/cuerdas\\\/folkloricos-y-regionales\\\/bajo-quinto-oscar-schmidt-e-acus-oh32seq\\\/#breadcrumb\",\"itemListElement\":[{\"@type\":\"ListItem\",\"position\":1,\"name\":\"Portada\",\"item\":\"https:\\\/\\\/www.mexicanguitarplayers.com\\\/\"},{\"@type\":\"ListItem\",\"position\":2,\"name\":\"Tienda\",\"item\":\"https:\\\/\\\/www.mexicanguitarplayers.com\\\/tienda\\\/\"},{\"@type\":\"ListItem\",\"position\":3,\"name\":\"BAJO QUINTO OSCAR SCHMIDT E\\\/ACUS OH32SEQ\"}]},{\"@type\":\"WebSite\",\"@id\":\"https:\\\/\\\/www.mexicanguitarplayers.com\\\/#website\",\"url\":\"https:\\\/\\\/www.mexicanguitarplayers.com\\\/\",\"name\":\"Mexican Guitar Players\",\"description\":\"Website\",\"publisher\":{\"@id\":\"https:\\\/\\\/www.mexicanguitarplayers.com\\\/#organization\"},\"potentialAction\":[{\"@type\":\"SearchAction\",\"target\":{\"@type\":\"EntryPoint\",\"urlTemplate\":\"https:\\\/\\\/www.mexicanguitarplayers.com\\\/?s={search_term_string}\"},\"query-input\":{\"@type\":\"PropertyValueSpecification\",\"valueRequired\":true,\"valueName\":\"search_term_string\"}}],\"inLanguage\":\"en-US\"},{\"@type\":\"Organization\",\"@id\":\"https:\\\/\\\/www.mexicanguitarplayers.com\\\/#organization\",\"name\":\"Mexican Guitar Players\",\"url\":\"https:\\\/\\\/www.mexicanguitarplayers.com\\\/\",\"logo\":{\"@type\":\"ImageObject\",\"inLanguage\":\"en-US\",\"@id\":\"https:\\\/\\\/www.mexicanguitarplayers.com\\\/#\\\/schema\\\/logo\\\/image\\\/\",\"url\":\"\",\"contentUrl\":\"\",\"caption\":\"Mexican Guitar Players\"},\"image\":{\"@id\":\"https:\\\/\\\/www.mexicanguitarplayers.com\\\/#\\\/schema\\\/logo\\\/image\\\/\"}}]}<\/script>\n<!-- \/ Yoast SEO plugin. -->","yoast_head_json":{"title":"BAJO QUINTO OSCAR SCHMIDT E\/ACUS OH32SEQ - Mexican Guitar Players","description":"BAJO QUINTO OSCAR SCHMIDT E\/ACUS OH32SEQ. Bajo quinto de calidad artesanal, tapa de maple burled, aros y fondo de palo derosa, terminado brillante, uni\u00f3n de cuerpo tradicional de fondo y tapa, marqueter\u00eda de madera, diapas\u00f3n de palo de rosa, dise\u00f1o distintivo de cuerno de toro, brazo de caoba, incrustaciones en cabezal de cuerno de toro en madreperla, sistemade pastilla activa Fishman con EQ y afinador, maquinaria de lujo, incluye fundaacolchada de lujo.","robots":{"index":"index","follow":"follow","max-snippet":"max-snippet:-1","max-image-preview":"max-image-preview:large","max-video-preview":"max-video-preview:-1"},"canonical":"https:\/\/www.mexicanguitarplayers.com\/en\/tienda\/cuerdas\/folkloricos-y-regionales\/bajo-quinto-oscar-schmidt-e-acus-oh32seq\/","og_locale":"en_US","og_type":"article","og_title":"BAJO QUINTO OSCAR SCHMIDT E\/ACUS OH32SEQ - Mexican Guitar Players","og_description":"BAJO QUINTO OSCAR SCHMIDT E\/ACUS OH32SEQ. Bajo quinto de calidad artesanal, tapa de maple burled, aros y fondo de palo derosa, terminado brillante, uni\u00f3n de cuerpo tradicional de fondo y tapa, marqueter\u00eda de madera, diapas\u00f3n de palo de rosa, dise\u00f1o distintivo de cuerno de toro, brazo de caoba, incrustaciones en cabezal de cuerno de toro en madreperla, sistemade pastilla activa Fishman con EQ y afinador, maquinaria de lujo, incluye fundaacolchada de lujo.","og_url":"https:\/\/www.mexicanguitarplayers.com\/en\/tienda\/cuerdas\/folkloricos-y-regionales\/bajo-quinto-oscar-schmidt-e-acus-oh32seq\/","og_site_name":"Mexican Guitar Players","article_modified_time":"2026-05-01T13:46:24+00:00","og_image":[{"width":800,"height":1600,"url":"https:\/\/www.mexicanguitarplayers.com\/wp-content\/uploads\/2022\/08\/ISOSCOH32SEQ.jpg","type":"image\/jpeg"}],"twitter_card":"summary_large_image","schema":{"@context":"https:\/\/schema.org","@graph":[{"@type":["WebPage","ItemPage"],"@id":"https:\/\/www.mexicanguitarplayers.com\/tienda\/cuerdas\/folkloricos-y-regionales\/bajo-quinto-oscar-schmidt-e-acus-oh32seq\/","url":"https:\/\/www.mexicanguitarplayers.com\/tienda\/cuerdas\/folkloricos-y-regionales\/bajo-quinto-oscar-schmidt-e-acus-oh32seq\/","name":"BAJO QUINTO OSCAR SCHMIDT E\/ACUS OH32SEQ - Mexican Guitar Players","isPartOf":{"@id":"https:\/\/www.mexicanguitarplayers.com\/#website"},"primaryImageOfPage":{"@id":"https:\/\/www.mexicanguitarplayers.com\/tienda\/cuerdas\/folkloricos-y-regionales\/bajo-quinto-oscar-schmidt-e-acus-oh32seq\/#primaryimage"},"image":{"@id":"https:\/\/www.mexicanguitarplayers.com\/tienda\/cuerdas\/folkloricos-y-regionales\/bajo-quinto-oscar-schmidt-e-acus-oh32seq\/#primaryimage"},"thumbnailUrl":"https:\/\/www.mexicanguitarplayers.com\/wp-content\/uploads\/2022\/08\/ISOSCOH32SEQ.jpg","datePublished":"2022-08-18T06:51:28+00:00","dateModified":"2026-05-01T13:46:24+00:00","description":"BAJO QUINTO OSCAR SCHMIDT E\/ACUS OH32SEQ. Bajo quinto de calidad artesanal, tapa de maple burled, aros y fondo de palo derosa, terminado brillante, uni\u00f3n de cuerpo tradicional de fondo y tapa, marqueter\u00eda de madera, diapas\u00f3n de palo de rosa, dise\u00f1o distintivo de cuerno de toro, brazo de caoba, incrustaciones en cabezal de cuerno de toro en madreperla, sistemade pastilla activa Fishman con EQ y afinador, maquinaria de lujo, incluye fundaacolchada de lujo.","breadcrumb":{"@id":"https:\/\/www.mexicanguitarplayers.com\/tienda\/cuerdas\/folkloricos-y-regionales\/bajo-quinto-oscar-schmidt-e-acus-oh32seq\/#breadcrumb"},"inLanguage":"en-US","potentialAction":[{"@type":"ReadAction","target":["https:\/\/www.mexicanguitarplayers.com\/tienda\/cuerdas\/folkloricos-y-regionales\/bajo-quinto-oscar-schmidt-e-acus-oh32seq\/"]}]},{"@type":"ImageObject","inLanguage":"en-US","@id":"https:\/\/www.mexicanguitarplayers.com\/tienda\/cuerdas\/folkloricos-y-regionales\/bajo-quinto-oscar-schmidt-e-acus-oh32seq\/#primaryimage","url":"https:\/\/www.mexicanguitarplayers.com\/wp-content\/uploads\/2022\/08\/ISOSCOH32SEQ.jpg","contentUrl":"https:\/\/www.mexicanguitarplayers.com\/wp-content\/uploads\/2022\/08\/ISOSCOH32SEQ.jpg","width":800,"height":1600},{"@type":"BreadcrumbList","@id":"https:\/\/www.mexicanguitarplayers.com\/tienda\/cuerdas\/folkloricos-y-regionales\/bajo-quinto-oscar-schmidt-e-acus-oh32seq\/#breadcrumb","itemListElement":[{"@type":"ListItem","position":1,"name":"Portada","item":"https:\/\/www.mexicanguitarplayers.com\/"},{"@type":"ListItem","position":2,"name":"Tienda","item":"https:\/\/www.mexicanguitarplayers.com\/tienda\/"},{"@type":"ListItem","position":3,"name":"BAJO QUINTO OSCAR SCHMIDT E\/ACUS OH32SEQ"}]},{"@type":"WebSite","@id":"https:\/\/www.mexicanguitarplayers.com\/#website","url":"https:\/\/www.mexicanguitarplayers.com\/","name":"Mexican Guitar Players","description":"Website","publisher":{"@id":"https:\/\/www.mexicanguitarplayers.com\/#organization"},"potentialAction":[{"@type":"SearchAction","target":{"@type":"EntryPoint","urlTemplate":"https:\/\/www.mexicanguitarplayers.com\/?s={search_term_string}"},"query-input":{"@type":"PropertyValueSpecification","valueRequired":true,"valueName":"search_term_string"}}],"inLanguage":"en-US"},{"@type":"Organization","@id":"https:\/\/www.mexicanguitarplayers.com\/#organization","name":"Mexican Guitar Players","url":"https:\/\/www.mexicanguitarplayers.com\/","logo":{"@type":"ImageObject","inLanguage":"en-US","@id":"https:\/\/www.mexicanguitarplayers.com\/#\/schema\/logo\/image\/","url":"","contentUrl":"","caption":"Mexican Guitar Players"},"image":{"@id":"https:\/\/www.mexicanguitarplayers.com\/#\/schema\/logo\/image\/"}}]}},"brands":[{"id":333,"name":"OSCAR SCHMIDT","slug":"oscar-schmidt"}],"_links":{"self":[{"href":"https:\/\/www.mexicanguitarplayers.com\/en\/wp-json\/wp\/v2\/product\/10688","targetHints":{"allow":["GET"]}}],"collection":[{"href":"https:\/\/www.mexicanguitarplayers.com\/en\/wp-json\/wp\/v2\/product"}],"about":[{"href":"https:\/\/www.mexicanguitarplayers.com\/en\/wp-json\/wp\/v2\/types\/product"}],"replies":[{"embeddable":true,"href":"https:\/\/www.mexicanguitarplayers.com\/en\/wp-json\/wp\/v2\/comments?post=10688"}],"wp:featuredmedia":[{"embeddable":true,"href":"https:\/\/www.mexicanguitarplayers.com\/en\/wp-json\/wp\/v2\/media\/10685"}],"wp:attachment":[{"href":"https:\/\/www.mexicanguitarplayers.com\/en\/wp-json\/wp\/v2\/media?parent=10688"}],"wp:term":[{"taxonomy":"pwb-brand","embeddable":true,"href":"https:\/\/www.mexicanguitarplayers.com\/en\/wp-json\/wp\/v2\/pwb-brand?post=10688"},{"taxonomy":"product_brand","embeddable":true,"href":"https:\/\/www.mexicanguitarplayers.com\/en\/wp-json\/wp\/v2\/product_brand?post=10688"},{"taxonomy":"product_cat","embeddable":true,"href":"https:\/\/www.mexicanguitarplayers.com\/en\/wp-json\/wp\/v2\/product_cat?post=10688"},{"taxonomy":"product_tag","embeddable":true,"href":"https:\/\/www.mexicanguitarplayers.com\/en\/wp-json\/wp\/v2\/product_tag?post=10688"}],"curies":[{"name":"wp","href":"https:\/\/api.w.org\/{rel}","templated":true}]}}