{"id":10692,"date":"2022-08-18T01:51:33","date_gmt":"2022-08-18T06:51:33","guid":{"rendered":"https:\/\/www.mexicanguitarplayers.com\/tienda\/sin%20categor\u00eda\/bajo-sexto-oscar-schmidt-acustico-oh50s\/"},"modified":"2022-08-20T14:43:04","modified_gmt":"2022-08-20T19:43:04","slug":"bajo-sexto-oscar-schmidt-acustico-oh50s","status":"publish","type":"product","link":"https:\/\/www.mexicanguitarplayers.com\/en\/tienda\/cuerdas\/folkloricos-y-regionales\/bajo-sexto-oscar-schmidt-acustico-oh50s\/","title":{"rendered":"BASS SIXTH OSCAR SCHMIDT ACOUSTIC OH50S"},"content":{"rendered":"<div style=\"text-align: justify; list-style: circle;\">\n<div>\n<h3>BASS SIXTH OSCAR SCHMIDT ACOUSTIC OH50S<\/h3>\n<\/div>\n<div>Bajo sexto, handcrafted quality, solid cedar top, sapete back and sides, rosewood fingerboard and bridge with distinctive bull horn design, distinctive bull horn headstock inlays, top and back body veneers, decorated wood, deluxe tuners, includes deluxe padded cover.<\/div>\n<\/div>","protected":false},"excerpt":{"rendered":"<p>Bajo sexto, calidad artesanal, tapa de cedro s\u00f3lido, aros y fondo de sapete, diapas\u00f3n de palisandro y puente con dise\u00f1o distintivo de cuerno de toro, incrustaciones distintivas de cuerno de toro en la cabeza, revestimiento para la parte superior y trasera del cuerpo, madera decorada, clavijas de lujo, incluye funda acolchonada de lujo.&hellip; <a class=\"kt-excerpt-readmore more-link\" href=\"https:\/\/www.mexicanguitarplayers.com\/en\/tienda\/cuerdas\/folkloricos-y-regionales\/bajo-sexto-oscar-schmidt-acustico-oh50s\/\">Read more<\/a><\/p>","protected":false},"featured_media":10691,"comment_status":"open","ping_status":"closed","template":"","meta":{"kt_blocks_editor_width":""},"pwb-brand":[333],"product_brand":[],"product_cat":[224,320],"product_tag":[],"class_list":{"0":"post-10692","1":"product","2":"type-product","3":"status-publish","4":"has-post-thumbnail","6":"pwb-brand-oscar-schmidt","7":"product_cat-cuerdas","8":"product_cat-folkloricos-y-regionales","9":"product_shipping_class-15-20-kg","11":"first","12":"outofstock","13":"taxable","14":"shipping-taxable","15":"purchasable","16":"product-type-simple"},"yoast_head":"<!-- This site is optimized with the Yoast SEO plugin v27.6 - https:\/\/yoast.com\/product\/yoast-seo-wordpress\/ -->\n<title>BAJO SEXTO OSCAR SCHMIDT ACUSTICO OH50S - Mexican Guitar Players<\/title>\n<meta name=\"description\" content=\"BAJO SEXTO OSCAR SCHMIDT ACUSTICO OH50S. Bajo sexto, calidad artesanal, tapa de cedro s\u00f3lido, aros y fondo de sapete, diapas\u00f3n de palisandro y puente con dise\u00f1o distintivo de cuerno de toro, incrustaciones distintivas de cuerno de toro en la cabeza, revestimiento para la parte superior y trasera del cuerpo, madera decorada, clavijas de lujo, incluye funda acolchonada de lujo.\" \/>\n<meta name=\"robots\" content=\"index, follow, max-snippet:-1, max-image-preview:large, max-video-preview:-1\" \/>\n<link rel=\"canonical\" href=\"https:\/\/www.mexicanguitarplayers.com\/en\/tienda\/cuerdas\/folkloricos-y-regionales\/bajo-sexto-oscar-schmidt-acustico-oh50s\/\" \/>\n<meta property=\"og:locale\" content=\"en_US\" \/>\n<meta property=\"og:type\" content=\"article\" \/>\n<meta property=\"og:title\" content=\"BAJO SEXTO OSCAR SCHMIDT ACUSTICO OH50S - Mexican Guitar Players\" \/>\n<meta property=\"og:description\" content=\"BAJO SEXTO OSCAR SCHMIDT ACUSTICO OH50S. Bajo sexto, calidad artesanal, tapa de cedro s\u00f3lido, aros y fondo de sapete, diapas\u00f3n de palisandro y puente con dise\u00f1o distintivo de cuerno de toro, incrustaciones distintivas de cuerno de toro en la cabeza, revestimiento para la parte superior y trasera del cuerpo, madera decorada, clavijas de lujo, incluye funda acolchonada de lujo.\" \/>\n<meta property=\"og:url\" content=\"https:\/\/www.mexicanguitarplayers.com\/en\/tienda\/cuerdas\/folkloricos-y-regionales\/bajo-sexto-oscar-schmidt-acustico-oh50s\/\" \/>\n<meta property=\"og:site_name\" content=\"Mexican Guitar Players\" \/>\n<meta property=\"article:modified_time\" content=\"2022-08-20T19:43:04+00:00\" \/>\n<meta property=\"og:image\" content=\"https:\/\/www.mexicanguitarplayers.com\/wp-content\/uploads\/2022\/08\/ISOSCOH50S.jpg\" \/>\n\t<meta property=\"og:image:width\" content=\"800\" \/>\n\t<meta property=\"og:image:height\" content=\"1600\" \/>\n\t<meta property=\"og:image:type\" content=\"image\/jpeg\" \/>\n<meta name=\"twitter:card\" content=\"summary_large_image\" \/>\n<script type=\"application\/ld+json\" class=\"yoast-schema-graph\">{\"@context\":\"https:\\\/\\\/schema.org\",\"@graph\":[{\"@type\":[\"WebPage\",\"ItemPage\"],\"@id\":\"https:\\\/\\\/www.mexicanguitarplayers.com\\\/en\\\/tienda\\\/cuerdas\\\/folkloricos-y-regionales\\\/bajo-sexto-oscar-schmidt-acustico-oh50s\\\/\",\"url\":\"https:\\\/\\\/www.mexicanguitarplayers.com\\\/en\\\/tienda\\\/cuerdas\\\/folkloricos-y-regionales\\\/bajo-sexto-oscar-schmidt-acustico-oh50s\\\/\",\"name\":\"BAJO SEXTO OSCAR SCHMIDT ACUSTICO OH50S - Mexican Guitar Players\",\"isPartOf\":{\"@id\":\"https:\\\/\\\/www.mexicanguitarplayers.com\\\/#website\"},\"primaryImageOfPage\":{\"@id\":\"https:\\\/\\\/www.mexicanguitarplayers.com\\\/en\\\/tienda\\\/cuerdas\\\/folkloricos-y-regionales\\\/bajo-sexto-oscar-schmidt-acustico-oh50s\\\/#primaryimage\"},\"image\":{\"@id\":\"https:\\\/\\\/www.mexicanguitarplayers.com\\\/en\\\/tienda\\\/cuerdas\\\/folkloricos-y-regionales\\\/bajo-sexto-oscar-schmidt-acustico-oh50s\\\/#primaryimage\"},\"thumbnailUrl\":\"https:\\\/\\\/www.mexicanguitarplayers.com\\\/wp-content\\\/uploads\\\/2022\\\/08\\\/ISOSCOH50S.jpg\",\"datePublished\":\"2022-08-18T06:51:33+00:00\",\"dateModified\":\"2022-08-20T19:43:04+00:00\",\"description\":\"BAJO SEXTO OSCAR SCHMIDT ACUSTICO OH50S. Bajo sexto, calidad artesanal, tapa de cedro s\u00f3lido, aros y fondo de sapete, diapas\u00f3n de palisandro y puente con dise\u00f1o distintivo de cuerno de toro, incrustaciones distintivas de cuerno de toro en la cabeza, revestimiento para la parte superior y trasera del cuerpo, madera decorada, clavijas de lujo, incluye funda acolchonada de lujo.\",\"breadcrumb\":{\"@id\":\"https:\\\/\\\/www.mexicanguitarplayers.com\\\/en\\\/tienda\\\/cuerdas\\\/folkloricos-y-regionales\\\/bajo-sexto-oscar-schmidt-acustico-oh50s\\\/#breadcrumb\"},\"inLanguage\":\"en-US\",\"potentialAction\":[{\"@type\":\"ReadAction\",\"target\":[\"https:\\\/\\\/www.mexicanguitarplayers.com\\\/en\\\/tienda\\\/cuerdas\\\/folkloricos-y-regionales\\\/bajo-sexto-oscar-schmidt-acustico-oh50s\\\/\"]}]},{\"@type\":\"ImageObject\",\"inLanguage\":\"en-US\",\"@id\":\"https:\\\/\\\/www.mexicanguitarplayers.com\\\/en\\\/tienda\\\/cuerdas\\\/folkloricos-y-regionales\\\/bajo-sexto-oscar-schmidt-acustico-oh50s\\\/#primaryimage\",\"url\":\"https:\\\/\\\/www.mexicanguitarplayers.com\\\/wp-content\\\/uploads\\\/2022\\\/08\\\/ISOSCOH50S.jpg\",\"contentUrl\":\"https:\\\/\\\/www.mexicanguitarplayers.com\\\/wp-content\\\/uploads\\\/2022\\\/08\\\/ISOSCOH50S.jpg\",\"width\":800,\"height\":1600},{\"@type\":\"BreadcrumbList\",\"@id\":\"https:\\\/\\\/www.mexicanguitarplayers.com\\\/en\\\/tienda\\\/cuerdas\\\/folkloricos-y-regionales\\\/bajo-sexto-oscar-schmidt-acustico-oh50s\\\/#breadcrumb\",\"itemListElement\":[{\"@type\":\"ListItem\",\"position\":1,\"name\":\"Portada\",\"item\":\"https:\\\/\\\/www.mexicanguitarplayers.com\\\/\"},{\"@type\":\"ListItem\",\"position\":2,\"name\":\"Tienda\",\"item\":\"https:\\\/\\\/www.mexicanguitarplayers.com\\\/tienda\\\/\"},{\"@type\":\"ListItem\",\"position\":3,\"name\":\"BAJO SEXTO OSCAR SCHMIDT ACUSTICO OH50S\"}]},{\"@type\":\"WebSite\",\"@id\":\"https:\\\/\\\/www.mexicanguitarplayers.com\\\/#website\",\"url\":\"https:\\\/\\\/www.mexicanguitarplayers.com\\\/\",\"name\":\"Mexican Guitar Players\",\"description\":\"Website\",\"publisher\":{\"@id\":\"https:\\\/\\\/www.mexicanguitarplayers.com\\\/#organization\"},\"potentialAction\":[{\"@type\":\"SearchAction\",\"target\":{\"@type\":\"EntryPoint\",\"urlTemplate\":\"https:\\\/\\\/www.mexicanguitarplayers.com\\\/?s={search_term_string}\"},\"query-input\":{\"@type\":\"PropertyValueSpecification\",\"valueRequired\":true,\"valueName\":\"search_term_string\"}}],\"inLanguage\":\"en-US\"},{\"@type\":\"Organization\",\"@id\":\"https:\\\/\\\/www.mexicanguitarplayers.com\\\/#organization\",\"name\":\"Mexican Guitar Players\",\"url\":\"https:\\\/\\\/www.mexicanguitarplayers.com\\\/\",\"logo\":{\"@type\":\"ImageObject\",\"inLanguage\":\"en-US\",\"@id\":\"https:\\\/\\\/www.mexicanguitarplayers.com\\\/#\\\/schema\\\/logo\\\/image\\\/\",\"url\":\"\",\"contentUrl\":\"\",\"caption\":\"Mexican Guitar Players\"},\"image\":{\"@id\":\"https:\\\/\\\/www.mexicanguitarplayers.com\\\/#\\\/schema\\\/logo\\\/image\\\/\"}}]}<\/script>\n<!-- \/ Yoast SEO plugin. -->","yoast_head_json":{"title":"BAJO SEXTO OSCAR SCHMIDT ACUSTICO OH50S - Mexican Guitar Players","description":"BAJO SEXTO OSCAR SCHMIDT ACUSTICO OH50S. Bajo sexto, calidad artesanal, tapa de cedro s\u00f3lido, aros y fondo de sapete, diapas\u00f3n de palisandro y puente con dise\u00f1o distintivo de cuerno de toro, incrustaciones distintivas de cuerno de toro en la cabeza, revestimiento para la parte superior y trasera del cuerpo, madera decorada, clavijas de lujo, incluye funda acolchonada de lujo.","robots":{"index":"index","follow":"follow","max-snippet":"max-snippet:-1","max-image-preview":"max-image-preview:large","max-video-preview":"max-video-preview:-1"},"canonical":"https:\/\/www.mexicanguitarplayers.com\/en\/tienda\/cuerdas\/folkloricos-y-regionales\/bajo-sexto-oscar-schmidt-acustico-oh50s\/","og_locale":"en_US","og_type":"article","og_title":"BAJO SEXTO OSCAR SCHMIDT ACUSTICO OH50S - Mexican Guitar Players","og_description":"BAJO SEXTO OSCAR SCHMIDT ACUSTICO OH50S. Bajo sexto, calidad artesanal, tapa de cedro s\u00f3lido, aros y fondo de sapete, diapas\u00f3n de palisandro y puente con dise\u00f1o distintivo de cuerno de toro, incrustaciones distintivas de cuerno de toro en la cabeza, revestimiento para la parte superior y trasera del cuerpo, madera decorada, clavijas de lujo, incluye funda acolchonada de lujo.","og_url":"https:\/\/www.mexicanguitarplayers.com\/en\/tienda\/cuerdas\/folkloricos-y-regionales\/bajo-sexto-oscar-schmidt-acustico-oh50s\/","og_site_name":"Mexican Guitar Players","article_modified_time":"2022-08-20T19:43:04+00:00","og_image":[{"width":800,"height":1600,"url":"https:\/\/www.mexicanguitarplayers.com\/wp-content\/uploads\/2022\/08\/ISOSCOH50S.jpg","type":"image\/jpeg"}],"twitter_card":"summary_large_image","schema":{"@context":"https:\/\/schema.org","@graph":[{"@type":["WebPage","ItemPage"],"@id":"https:\/\/www.mexicanguitarplayers.com\/en\/tienda\/cuerdas\/folkloricos-y-regionales\/bajo-sexto-oscar-schmidt-acustico-oh50s\/","url":"https:\/\/www.mexicanguitarplayers.com\/en\/tienda\/cuerdas\/folkloricos-y-regionales\/bajo-sexto-oscar-schmidt-acustico-oh50s\/","name":"BAJO SEXTO OSCAR SCHMIDT ACUSTICO OH50S - Mexican Guitar Players","isPartOf":{"@id":"https:\/\/www.mexicanguitarplayers.com\/#website"},"primaryImageOfPage":{"@id":"https:\/\/www.mexicanguitarplayers.com\/en\/tienda\/cuerdas\/folkloricos-y-regionales\/bajo-sexto-oscar-schmidt-acustico-oh50s\/#primaryimage"},"image":{"@id":"https:\/\/www.mexicanguitarplayers.com\/en\/tienda\/cuerdas\/folkloricos-y-regionales\/bajo-sexto-oscar-schmidt-acustico-oh50s\/#primaryimage"},"thumbnailUrl":"https:\/\/www.mexicanguitarplayers.com\/wp-content\/uploads\/2022\/08\/ISOSCOH50S.jpg","datePublished":"2022-08-18T06:51:33+00:00","dateModified":"2022-08-20T19:43:04+00:00","description":"BAJO SEXTO OSCAR SCHMIDT ACUSTICO OH50S. Bajo sexto, calidad artesanal, tapa de cedro s\u00f3lido, aros y fondo de sapete, diapas\u00f3n de palisandro y puente con dise\u00f1o distintivo de cuerno de toro, incrustaciones distintivas de cuerno de toro en la cabeza, revestimiento para la parte superior y trasera del cuerpo, madera decorada, clavijas de lujo, incluye funda acolchonada de lujo.","breadcrumb":{"@id":"https:\/\/www.mexicanguitarplayers.com\/en\/tienda\/cuerdas\/folkloricos-y-regionales\/bajo-sexto-oscar-schmidt-acustico-oh50s\/#breadcrumb"},"inLanguage":"en-US","potentialAction":[{"@type":"ReadAction","target":["https:\/\/www.mexicanguitarplayers.com\/en\/tienda\/cuerdas\/folkloricos-y-regionales\/bajo-sexto-oscar-schmidt-acustico-oh50s\/"]}]},{"@type":"ImageObject","inLanguage":"en-US","@id":"https:\/\/www.mexicanguitarplayers.com\/en\/tienda\/cuerdas\/folkloricos-y-regionales\/bajo-sexto-oscar-schmidt-acustico-oh50s\/#primaryimage","url":"https:\/\/www.mexicanguitarplayers.com\/wp-content\/uploads\/2022\/08\/ISOSCOH50S.jpg","contentUrl":"https:\/\/www.mexicanguitarplayers.com\/wp-content\/uploads\/2022\/08\/ISOSCOH50S.jpg","width":800,"height":1600},{"@type":"BreadcrumbList","@id":"https:\/\/www.mexicanguitarplayers.com\/en\/tienda\/cuerdas\/folkloricos-y-regionales\/bajo-sexto-oscar-schmidt-acustico-oh50s\/#breadcrumb","itemListElement":[{"@type":"ListItem","position":1,"name":"Portada","item":"https:\/\/www.mexicanguitarplayers.com\/"},{"@type":"ListItem","position":2,"name":"Tienda","item":"https:\/\/www.mexicanguitarplayers.com\/tienda\/"},{"@type":"ListItem","position":3,"name":"BAJO SEXTO OSCAR SCHMIDT ACUSTICO OH50S"}]},{"@type":"WebSite","@id":"https:\/\/www.mexicanguitarplayers.com\/#website","url":"https:\/\/www.mexicanguitarplayers.com\/","name":"Mexican Guitar Players","description":"Website","publisher":{"@id":"https:\/\/www.mexicanguitarplayers.com\/#organization"},"potentialAction":[{"@type":"SearchAction","target":{"@type":"EntryPoint","urlTemplate":"https:\/\/www.mexicanguitarplayers.com\/?s={search_term_string}"},"query-input":{"@type":"PropertyValueSpecification","valueRequired":true,"valueName":"search_term_string"}}],"inLanguage":"en-US"},{"@type":"Organization","@id":"https:\/\/www.mexicanguitarplayers.com\/#organization","name":"Mexican Guitar Players","url":"https:\/\/www.mexicanguitarplayers.com\/","logo":{"@type":"ImageObject","inLanguage":"en-US","@id":"https:\/\/www.mexicanguitarplayers.com\/#\/schema\/logo\/image\/","url":"","contentUrl":"","caption":"Mexican Guitar Players"},"image":{"@id":"https:\/\/www.mexicanguitarplayers.com\/#\/schema\/logo\/image\/"}}]}},"brands":[{"id":333,"name":"OSCAR SCHMIDT","slug":"oscar-schmidt"}],"_links":{"self":[{"href":"https:\/\/www.mexicanguitarplayers.com\/en\/wp-json\/wp\/v2\/product\/10692","targetHints":{"allow":["GET"]}}],"collection":[{"href":"https:\/\/www.mexicanguitarplayers.com\/en\/wp-json\/wp\/v2\/product"}],"about":[{"href":"https:\/\/www.mexicanguitarplayers.com\/en\/wp-json\/wp\/v2\/types\/product"}],"replies":[{"embeddable":true,"href":"https:\/\/www.mexicanguitarplayers.com\/en\/wp-json\/wp\/v2\/comments?post=10692"}],"wp:featuredmedia":[{"embeddable":true,"href":"https:\/\/www.mexicanguitarplayers.com\/en\/wp-json\/wp\/v2\/media\/10691"}],"wp:attachment":[{"href":"https:\/\/www.mexicanguitarplayers.com\/en\/wp-json\/wp\/v2\/media?parent=10692"}],"wp:term":[{"taxonomy":"pwb-brand","embeddable":true,"href":"https:\/\/www.mexicanguitarplayers.com\/en\/wp-json\/wp\/v2\/pwb-brand?post=10692"},{"taxonomy":"product_brand","embeddable":true,"href":"https:\/\/www.mexicanguitarplayers.com\/en\/wp-json\/wp\/v2\/product_brand?post=10692"},{"taxonomy":"product_cat","embeddable":true,"href":"https:\/\/www.mexicanguitarplayers.com\/en\/wp-json\/wp\/v2\/product_cat?post=10692"},{"taxonomy":"product_tag","embeddable":true,"href":"https:\/\/www.mexicanguitarplayers.com\/en\/wp-json\/wp\/v2\/product_tag?post=10692"}],"curies":[{"name":"wp","href":"https:\/\/api.w.org\/{rel}","templated":true}]}}