{"id":10749,"date":"2022-08-18T01:53:00","date_gmt":"2022-08-18T06:53:00","guid":{"rendered":"https:\/\/www.mexicanguitarplayers.com\/tienda\/sin%20categor\u00eda\/guitarra-schecter-el-c-1-fr-s-apocalyps\/"},"modified":"2023-07-04T17:18:20","modified_gmt":"2023-07-04T22:18:20","slug":"guitarra-schecter-el-c-1-fr-s-apocalyps","status":"publish","type":"product","link":"https:\/\/www.mexicanguitarplayers.com\/en\/tienda\/cuerdas\/guitarras-cuerdas\/electricas\/guitarras-electricas-solidas\/guitarra-schecter-el-c-1-fr-s-apocalyps\/","title":{"rendered":"SCHECTER EL GUITAR. C-1 FR-S APOCALYPS"},"content":{"rendered":"<div style=\"text-align: justify\">\n<div>\n<h3>SCHECTER EL GUITAR. C-1 FR-S APOCALYPS<\/h3>\n<\/div>\n<div>Solid 6-string electric guitar, swamp ash body, arched top, Set-Neck construction with Ultra Access, black binding, single-ply, Floyd Rose 1500 Series bridge, satin black hardware, Grover machinery, ebony fingerboard with compound radius 12&quot;-16&quot; neck, multi-ply maple\/padauk neck with slim-C carbon fiber bracing rods, mother-of-pearl triangle inlays at 12th and 24th frets, glow-in-the-dark dot markers, 25.5\u201d (648 mm) scale, thickness at the first fret: .787\u201d (20 mm) and at the 12th fret: .866\u201d (22 mm), 24 stainless steel X-Jumbo frets, Floyd Rose 1500 Series nut 1.625\u201d (41.3mm) wide, 2-way adjustable truss rod with 5\/32\u201d (4mm) Allen nut, controls: volume, tone, intensity, 3-position switch (pickup), 2-position Sustainiac On\/Off switch way and 3-way Sustainiac switch (Mix-Harmonic fundamental), Bridge Pickup: Schecter USA Apocalypse-VI\u2122, Neck Pickup: Sustainiac, Battery Compartment: 9V Battery, Knobs: Hipshot O-Ring.<\/div>\n<\/div>","protected":false},"excerpt":{"rendered":"<p>Guitarra el\u00e9ctrica s\u00f3lida de 6 cuerdas, cuerpo de fresno de pantano, tapa arqueada, construcci\u00f3n Set-Neck con Ultra Acceso, uni\u00f3n en negro, una capa, puente Floyd Rose 1500 Series, hardware negro satinado, maquinaria Grover, diapas\u00f3n de \u00e9bano con radio compuesto de 12\u201d-16\u201d, brazo de maple\/padauk multi capa con varillas de refuerzo de fibra de carbono en forma de C delgado, incrustaciones de tri\u00e1ngulo de madre perla en los trastes 12 y 24, marcadores de puntos que brillan en la oscuridad, escala 25.5\u201d (648 mm), espesor en el primer traste: .787\u201d (20 mm) y en el traste 12: .866\u201d (22 mm), 24 trastes X-Jumbo de acero inoxidable, cejuela Floyd Rose 1500 Series de 1.625\u201d (41.3 mm) de ancho, alma ajustable de 2 v\u00edas con tuerca Allen de 5\/32\u201d (4 mm), controles: volumen, tono, intensidad, switch de 3 posiciones (pastilla), switch On\/Off Sustainiac de 2 v\u00edas y switch Sustainiac de 3 v\u00edas (Mix-Harmonic fundamental), pastilla del puente: Schecter USA Apocalypse-VI\u2122, pastilla del brazo: Sustainiac, compartimento de la bater\u00eda: Bater\u00eda de 9V, perillas: Hipshot O-Ring.&hellip; <a class=\"kt-excerpt-readmore more-link\" href=\"https:\/\/www.mexicanguitarplayers.com\/en\/tienda\/cuerdas\/guitarras-cuerdas\/electricas\/guitarras-electricas-solidas\/guitarra-schecter-el-c-1-fr-s-apocalyps\/\">Read more<\/a><\/p>","protected":false},"featured_media":10748,"comment_status":"open","ping_status":"closed","template":"","meta":{"kt_blocks_editor_width":""},"pwb-brand":[175],"product_brand":[],"product_cat":[224,313,312,314],"product_tag":[],"class_list":{"0":"post-10749","1":"product","2":"type-product","3":"status-publish","4":"has-post-thumbnail","6":"pwb-brand-schecter","7":"product_cat-cuerdas","8":"product_cat-electricas","9":"product_cat-guitarras-cuerdas","10":"product_cat-guitarras-electricas-solidas","11":"product_shipping_class-20-25-kg","13":"first","14":"outofstock","15":"taxable","16":"shipping-taxable","17":"purchasable","18":"product-type-simple"},"yoast_head":"<!-- This site is optimized with the Yoast SEO plugin v27.5 - https:\/\/yoast.com\/product\/yoast-seo-wordpress\/ -->\n<title>GUITARRA SCHECTER EL. C-1 FR-S APOCALYPS - Mexican Guitar Players<\/title>\n<meta name=\"description\" content=\"GUITARRA SCHECTER EL. C-1 FR-S APOCALYPS. Guitarra el\u00e9ctrica s\u00f3lida de 6 cuerdas, cuerpo de fresno de pantano, tapa arqueada, construcci\u00f3n Set-Neck con Ultra Acceso, uni\u00f3n en negro, una capa, puente Floyd Rose 1500 Series, hardware negro satinado, maquinaria Grover, diapas\u00f3n de \u00e9bano con radio compuesto de 12\u201d-16\u201d, brazo de maple\/padauk multi capa con varillas de refuerzo de fibra de carbono en forma de C delgado, incrustaciones de tri\u00e1ngulo de madre perla en los trastes 12 y 24, marcadores de puntos que brillan en la oscuridad, escala 25.5\u201d (648 mm), espesor en el primer traste: .787\u201d (20 mm) y en el traste 12: .866\u201d (22 mm), 24 trastes X-Jumbo de acero inoxidable, cejuela Floyd Rose 1500 Series de 1.625\u201d (41.3 mm) de ancho, alma ajustable de 2 v\u00edas con tuerca Allen de 5\/32\u201d (4 mm), controles: volumen, tono, intensidad, switch de 3 posiciones (pastilla), switch On\/Off Sustainiac de 2 v\u00edas y switch Sustainiac de 3 v\u00edas (Mix-Harmonic fundamental), pastilla del puente: Schecter USA Apocalypse-VI\u2122, pastilla del brazo: Sustainiac, compartimento de la bater\u00eda: Bater\u00eda de 9V, perillas: Hipshot O-Ring.\" \/>\n<meta name=\"robots\" content=\"index, follow, max-snippet:-1, max-image-preview:large, max-video-preview:-1\" \/>\n<link rel=\"canonical\" href=\"https:\/\/www.mexicanguitarplayers.com\/en\/tienda\/cuerdas\/guitarras-cuerdas\/electricas\/guitarras-electricas-solidas\/guitarra-schecter-el-c-1-fr-s-apocalyps\/\" \/>\n<meta property=\"og:locale\" content=\"en_US\" \/>\n<meta property=\"og:type\" content=\"article\" \/>\n<meta property=\"og:title\" content=\"GUITARRA SCHECTER EL. C-1 FR-S APOCALYPS - Mexican Guitar Players\" \/>\n<meta property=\"og:description\" content=\"GUITARRA SCHECTER EL. C-1 FR-S APOCALYPS. Guitarra el\u00e9ctrica s\u00f3lida de 6 cuerdas, cuerpo de fresno de pantano, tapa arqueada, construcci\u00f3n Set-Neck con Ultra Acceso, uni\u00f3n en negro, una capa, puente Floyd Rose 1500 Series, hardware negro satinado, maquinaria Grover, diapas\u00f3n de \u00e9bano con radio compuesto de 12\u201d-16\u201d, brazo de maple\/padauk multi capa con varillas de refuerzo de fibra de carbono en forma de C delgado, incrustaciones de tri\u00e1ngulo de madre perla en los trastes 12 y 24, marcadores de puntos que brillan en la oscuridad, escala 25.5\u201d (648 mm), espesor en el primer traste: .787\u201d (20 mm) y en el traste 12: .866\u201d (22 mm), 24 trastes X-Jumbo de acero inoxidable, cejuela Floyd Rose 1500 Series de 1.625\u201d (41.3 mm) de ancho, alma ajustable de 2 v\u00edas con tuerca Allen de 5\/32\u201d (4 mm), controles: volumen, tono, intensidad, switch de 3 posiciones (pastilla), switch On\/Off Sustainiac de 2 v\u00edas y switch Sustainiac de 3 v\u00edas (Mix-Harmonic fundamental), pastilla del puente: Schecter USA Apocalypse-VI\u2122, pastilla del brazo: Sustainiac, compartimento de la bater\u00eda: Bater\u00eda de 9V, perillas: Hipshot O-Ring.\" \/>\n<meta property=\"og:url\" content=\"https:\/\/www.mexicanguitarplayers.com\/en\/tienda\/cuerdas\/guitarras-cuerdas\/electricas\/guitarras-electricas-solidas\/guitarra-schecter-el-c-1-fr-s-apocalyps\/\" \/>\n<meta property=\"og:site_name\" content=\"Mexican Guitar Players\" \/>\n<meta property=\"article:modified_time\" content=\"2023-07-04T22:18:20+00:00\" \/>\n<meta property=\"og:image\" content=\"https:\/\/www.mexicanguitarplayers.com\/wp-content\/uploads\/2022\/08\/ISSCCC1FRSAPOC.jpg\" \/>\n\t<meta property=\"og:image:width\" content=\"800\" \/>\n\t<meta property=\"og:image:height\" content=\"1600\" \/>\n\t<meta property=\"og:image:type\" content=\"image\/jpeg\" \/>\n<meta name=\"twitter:card\" content=\"summary_large_image\" \/>\n<meta name=\"twitter:label1\" content=\"Est. reading time\" \/>\n\t<meta name=\"twitter:data1\" content=\"1 minute\" \/>\n<script type=\"application\/ld+json\" class=\"yoast-schema-graph\">{\"@context\":\"https:\\\/\\\/schema.org\",\"@graph\":[{\"@type\":[\"WebPage\",\"ItemPage\"],\"@id\":\"https:\\\/\\\/www.mexicanguitarplayers.com\\\/tienda\\\/cuerdas\\\/guitarras-cuerdas\\\/electricas\\\/guitarras-electricas-solidas\\\/guitarra-schecter-el-c-1-fr-s-apocalyps\\\/\",\"url\":\"https:\\\/\\\/www.mexicanguitarplayers.com\\\/tienda\\\/cuerdas\\\/guitarras-cuerdas\\\/electricas\\\/guitarras-electricas-solidas\\\/guitarra-schecter-el-c-1-fr-s-apocalyps\\\/\",\"name\":\"GUITARRA SCHECTER EL. C-1 FR-S APOCALYPS - Mexican Guitar Players\",\"isPartOf\":{\"@id\":\"https:\\\/\\\/www.mexicanguitarplayers.com\\\/#website\"},\"primaryImageOfPage\":{\"@id\":\"https:\\\/\\\/www.mexicanguitarplayers.com\\\/tienda\\\/cuerdas\\\/guitarras-cuerdas\\\/electricas\\\/guitarras-electricas-solidas\\\/guitarra-schecter-el-c-1-fr-s-apocalyps\\\/#primaryimage\"},\"image\":{\"@id\":\"https:\\\/\\\/www.mexicanguitarplayers.com\\\/tienda\\\/cuerdas\\\/guitarras-cuerdas\\\/electricas\\\/guitarras-electricas-solidas\\\/guitarra-schecter-el-c-1-fr-s-apocalyps\\\/#primaryimage\"},\"thumbnailUrl\":\"https:\\\/\\\/www.mexicanguitarplayers.com\\\/wp-content\\\/uploads\\\/2022\\\/08\\\/ISSCCC1FRSAPOC.jpg\",\"datePublished\":\"2022-08-18T06:53:00+00:00\",\"dateModified\":\"2023-07-04T22:18:20+00:00\",\"description\":\"GUITARRA SCHECTER EL. C-1 FR-S APOCALYPS. Guitarra el\u00e9ctrica s\u00f3lida de 6 cuerdas, cuerpo de fresno de pantano, tapa arqueada, construcci\u00f3n Set-Neck con Ultra Acceso, uni\u00f3n en negro, una capa, puente Floyd Rose 1500 Series, hardware negro satinado, maquinaria Grover, diapas\u00f3n de \u00e9bano con radio compuesto de 12\u201d-16\u201d, brazo de maple\\\/padauk multi capa con varillas de refuerzo de fibra de carbono en forma de C delgado, incrustaciones de tri\u00e1ngulo de madre perla en los trastes 12 y 24, marcadores de puntos que brillan en la oscuridad, escala 25.5\u201d (648 mm), espesor en el primer traste: .787\u201d (20 mm) y en el traste 12: .866\u201d (22 mm), 24 trastes X-Jumbo de acero inoxidable, cejuela Floyd Rose 1500 Series de 1.625\u201d (41.3 mm) de ancho, alma ajustable de 2 v\u00edas con tuerca Allen de 5\\\/32\u201d (4 mm), controles: volumen, tono, intensidad, switch de 3 posiciones (pastilla), switch On\\\/Off Sustainiac de 2 v\u00edas y switch Sustainiac de 3 v\u00edas (Mix-Harmonic fundamental), pastilla del puente: Schecter USA Apocalypse-VI\u2122, pastilla del brazo: Sustainiac, compartimento de la bater\u00eda: Bater\u00eda de 9V, perillas: Hipshot O-Ring.\",\"breadcrumb\":{\"@id\":\"https:\\\/\\\/www.mexicanguitarplayers.com\\\/tienda\\\/cuerdas\\\/guitarras-cuerdas\\\/electricas\\\/guitarras-electricas-solidas\\\/guitarra-schecter-el-c-1-fr-s-apocalyps\\\/#breadcrumb\"},\"inLanguage\":\"en-US\",\"potentialAction\":[{\"@type\":\"ReadAction\",\"target\":[\"https:\\\/\\\/www.mexicanguitarplayers.com\\\/tienda\\\/cuerdas\\\/guitarras-cuerdas\\\/electricas\\\/guitarras-electricas-solidas\\\/guitarra-schecter-el-c-1-fr-s-apocalyps\\\/\"]}]},{\"@type\":\"ImageObject\",\"inLanguage\":\"en-US\",\"@id\":\"https:\\\/\\\/www.mexicanguitarplayers.com\\\/tienda\\\/cuerdas\\\/guitarras-cuerdas\\\/electricas\\\/guitarras-electricas-solidas\\\/guitarra-schecter-el-c-1-fr-s-apocalyps\\\/#primaryimage\",\"url\":\"https:\\\/\\\/www.mexicanguitarplayers.com\\\/wp-content\\\/uploads\\\/2022\\\/08\\\/ISSCCC1FRSAPOC.jpg\",\"contentUrl\":\"https:\\\/\\\/www.mexicanguitarplayers.com\\\/wp-content\\\/uploads\\\/2022\\\/08\\\/ISSCCC1FRSAPOC.jpg\",\"width\":800,\"height\":1600},{\"@type\":\"BreadcrumbList\",\"@id\":\"https:\\\/\\\/www.mexicanguitarplayers.com\\\/tienda\\\/cuerdas\\\/guitarras-cuerdas\\\/electricas\\\/guitarras-electricas-solidas\\\/guitarra-schecter-el-c-1-fr-s-apocalyps\\\/#breadcrumb\",\"itemListElement\":[{\"@type\":\"ListItem\",\"position\":1,\"name\":\"Portada\",\"item\":\"https:\\\/\\\/www.mexicanguitarplayers.com\\\/\"},{\"@type\":\"ListItem\",\"position\":2,\"name\":\"Tienda\",\"item\":\"https:\\\/\\\/www.mexicanguitarplayers.com\\\/tienda\\\/\"},{\"@type\":\"ListItem\",\"position\":3,\"name\":\"GUITARRA SCHECTER EL. C-1 FR-S APOCALYPS\"}]},{\"@type\":\"WebSite\",\"@id\":\"https:\\\/\\\/www.mexicanguitarplayers.com\\\/#website\",\"url\":\"https:\\\/\\\/www.mexicanguitarplayers.com\\\/\",\"name\":\"Mexican Guitar Players\",\"description\":\"Website\",\"publisher\":{\"@id\":\"https:\\\/\\\/www.mexicanguitarplayers.com\\\/#organization\"},\"potentialAction\":[{\"@type\":\"SearchAction\",\"target\":{\"@type\":\"EntryPoint\",\"urlTemplate\":\"https:\\\/\\\/www.mexicanguitarplayers.com\\\/?s={search_term_string}\"},\"query-input\":{\"@type\":\"PropertyValueSpecification\",\"valueRequired\":true,\"valueName\":\"search_term_string\"}}],\"inLanguage\":\"en-US\"},{\"@type\":\"Organization\",\"@id\":\"https:\\\/\\\/www.mexicanguitarplayers.com\\\/#organization\",\"name\":\"Mexican Guitar Players\",\"url\":\"https:\\\/\\\/www.mexicanguitarplayers.com\\\/\",\"logo\":{\"@type\":\"ImageObject\",\"inLanguage\":\"en-US\",\"@id\":\"https:\\\/\\\/www.mexicanguitarplayers.com\\\/#\\\/schema\\\/logo\\\/image\\\/\",\"url\":\"\",\"contentUrl\":\"\",\"caption\":\"Mexican Guitar Players\"},\"image\":{\"@id\":\"https:\\\/\\\/www.mexicanguitarplayers.com\\\/#\\\/schema\\\/logo\\\/image\\\/\"}}]}<\/script>\n<!-- \/ Yoast SEO plugin. -->","yoast_head_json":{"title":"GUITARRA SCHECTER EL. C-1 FR-S APOCALYPS - Mexican Guitar Players","description":"GUITARRA SCHECTER EL. C-1 FR-S APOCALYPS. Guitarra el\u00e9ctrica s\u00f3lida de 6 cuerdas, cuerpo de fresno de pantano, tapa arqueada, construcci\u00f3n Set-Neck con Ultra Acceso, uni\u00f3n en negro, una capa, puente Floyd Rose 1500 Series, hardware negro satinado, maquinaria Grover, diapas\u00f3n de \u00e9bano con radio compuesto de 12\u201d-16\u201d, brazo de maple\/padauk multi capa con varillas de refuerzo de fibra de carbono en forma de C delgado, incrustaciones de tri\u00e1ngulo de madre perla en los trastes 12 y 24, marcadores de puntos que brillan en la oscuridad, escala 25.5\u201d (648 mm), espesor en el primer traste: .787\u201d (20 mm) y en el traste 12: .866\u201d (22 mm), 24 trastes X-Jumbo de acero inoxidable, cejuela Floyd Rose 1500 Series de 1.625\u201d (41.3 mm) de ancho, alma ajustable de 2 v\u00edas con tuerca Allen de 5\/32\u201d (4 mm), controles: volumen, tono, intensidad, switch de 3 posiciones (pastilla), switch On\/Off Sustainiac de 2 v\u00edas y switch Sustainiac de 3 v\u00edas (Mix-Harmonic fundamental), pastilla del puente: Schecter USA Apocalypse-VI\u2122, pastilla del brazo: Sustainiac, compartimento de la bater\u00eda: Bater\u00eda de 9V, perillas: Hipshot O-Ring.","robots":{"index":"index","follow":"follow","max-snippet":"max-snippet:-1","max-image-preview":"max-image-preview:large","max-video-preview":"max-video-preview:-1"},"canonical":"https:\/\/www.mexicanguitarplayers.com\/en\/tienda\/cuerdas\/guitarras-cuerdas\/electricas\/guitarras-electricas-solidas\/guitarra-schecter-el-c-1-fr-s-apocalyps\/","og_locale":"en_US","og_type":"article","og_title":"GUITARRA SCHECTER EL. C-1 FR-S APOCALYPS - Mexican Guitar Players","og_description":"GUITARRA SCHECTER EL. C-1 FR-S APOCALYPS. Guitarra el\u00e9ctrica s\u00f3lida de 6 cuerdas, cuerpo de fresno de pantano, tapa arqueada, construcci\u00f3n Set-Neck con Ultra Acceso, uni\u00f3n en negro, una capa, puente Floyd Rose 1500 Series, hardware negro satinado, maquinaria Grover, diapas\u00f3n de \u00e9bano con radio compuesto de 12\u201d-16\u201d, brazo de maple\/padauk multi capa con varillas de refuerzo de fibra de carbono en forma de C delgado, incrustaciones de tri\u00e1ngulo de madre perla en los trastes 12 y 24, marcadores de puntos que brillan en la oscuridad, escala 25.5\u201d (648 mm), espesor en el primer traste: .787\u201d (20 mm) y en el traste 12: .866\u201d (22 mm), 24 trastes X-Jumbo de acero inoxidable, cejuela Floyd Rose 1500 Series de 1.625\u201d (41.3 mm) de ancho, alma ajustable de 2 v\u00edas con tuerca Allen de 5\/32\u201d (4 mm), controles: volumen, tono, intensidad, switch de 3 posiciones (pastilla), switch On\/Off Sustainiac de 2 v\u00edas y switch Sustainiac de 3 v\u00edas (Mix-Harmonic fundamental), pastilla del puente: Schecter USA Apocalypse-VI\u2122, pastilla del brazo: Sustainiac, compartimento de la bater\u00eda: Bater\u00eda de 9V, perillas: Hipshot O-Ring.","og_url":"https:\/\/www.mexicanguitarplayers.com\/en\/tienda\/cuerdas\/guitarras-cuerdas\/electricas\/guitarras-electricas-solidas\/guitarra-schecter-el-c-1-fr-s-apocalyps\/","og_site_name":"Mexican Guitar Players","article_modified_time":"2023-07-04T22:18:20+00:00","og_image":[{"width":800,"height":1600,"url":"https:\/\/www.mexicanguitarplayers.com\/wp-content\/uploads\/2022\/08\/ISSCCC1FRSAPOC.jpg","type":"image\/jpeg"}],"twitter_card":"summary_large_image","twitter_misc":{"Est. reading time":"1 minute"},"schema":{"@context":"https:\/\/schema.org","@graph":[{"@type":["WebPage","ItemPage"],"@id":"https:\/\/www.mexicanguitarplayers.com\/tienda\/cuerdas\/guitarras-cuerdas\/electricas\/guitarras-electricas-solidas\/guitarra-schecter-el-c-1-fr-s-apocalyps\/","url":"https:\/\/www.mexicanguitarplayers.com\/tienda\/cuerdas\/guitarras-cuerdas\/electricas\/guitarras-electricas-solidas\/guitarra-schecter-el-c-1-fr-s-apocalyps\/","name":"GUITARRA SCHECTER EL. C-1 FR-S APOCALYPS - Mexican Guitar Players","isPartOf":{"@id":"https:\/\/www.mexicanguitarplayers.com\/#website"},"primaryImageOfPage":{"@id":"https:\/\/www.mexicanguitarplayers.com\/tienda\/cuerdas\/guitarras-cuerdas\/electricas\/guitarras-electricas-solidas\/guitarra-schecter-el-c-1-fr-s-apocalyps\/#primaryimage"},"image":{"@id":"https:\/\/www.mexicanguitarplayers.com\/tienda\/cuerdas\/guitarras-cuerdas\/electricas\/guitarras-electricas-solidas\/guitarra-schecter-el-c-1-fr-s-apocalyps\/#primaryimage"},"thumbnailUrl":"https:\/\/www.mexicanguitarplayers.com\/wp-content\/uploads\/2022\/08\/ISSCCC1FRSAPOC.jpg","datePublished":"2022-08-18T06:53:00+00:00","dateModified":"2023-07-04T22:18:20+00:00","description":"GUITARRA SCHECTER EL. C-1 FR-S APOCALYPS. Guitarra el\u00e9ctrica s\u00f3lida de 6 cuerdas, cuerpo de fresno de pantano, tapa arqueada, construcci\u00f3n Set-Neck con Ultra Acceso, uni\u00f3n en negro, una capa, puente Floyd Rose 1500 Series, hardware negro satinado, maquinaria Grover, diapas\u00f3n de \u00e9bano con radio compuesto de 12\u201d-16\u201d, brazo de maple\/padauk multi capa con varillas de refuerzo de fibra de carbono en forma de C delgado, incrustaciones de tri\u00e1ngulo de madre perla en los trastes 12 y 24, marcadores de puntos que brillan en la oscuridad, escala 25.5\u201d (648 mm), espesor en el primer traste: .787\u201d (20 mm) y en el traste 12: .866\u201d (22 mm), 24 trastes X-Jumbo de acero inoxidable, cejuela Floyd Rose 1500 Series de 1.625\u201d (41.3 mm) de ancho, alma ajustable de 2 v\u00edas con tuerca Allen de 5\/32\u201d (4 mm), controles: volumen, tono, intensidad, switch de 3 posiciones (pastilla), switch On\/Off Sustainiac de 2 v\u00edas y switch Sustainiac de 3 v\u00edas (Mix-Harmonic fundamental), pastilla del puente: Schecter USA Apocalypse-VI\u2122, pastilla del brazo: Sustainiac, compartimento de la bater\u00eda: Bater\u00eda de 9V, perillas: Hipshot O-Ring.","breadcrumb":{"@id":"https:\/\/www.mexicanguitarplayers.com\/tienda\/cuerdas\/guitarras-cuerdas\/electricas\/guitarras-electricas-solidas\/guitarra-schecter-el-c-1-fr-s-apocalyps\/#breadcrumb"},"inLanguage":"en-US","potentialAction":[{"@type":"ReadAction","target":["https:\/\/www.mexicanguitarplayers.com\/tienda\/cuerdas\/guitarras-cuerdas\/electricas\/guitarras-electricas-solidas\/guitarra-schecter-el-c-1-fr-s-apocalyps\/"]}]},{"@type":"ImageObject","inLanguage":"en-US","@id":"https:\/\/www.mexicanguitarplayers.com\/tienda\/cuerdas\/guitarras-cuerdas\/electricas\/guitarras-electricas-solidas\/guitarra-schecter-el-c-1-fr-s-apocalyps\/#primaryimage","url":"https:\/\/www.mexicanguitarplayers.com\/wp-content\/uploads\/2022\/08\/ISSCCC1FRSAPOC.jpg","contentUrl":"https:\/\/www.mexicanguitarplayers.com\/wp-content\/uploads\/2022\/08\/ISSCCC1FRSAPOC.jpg","width":800,"height":1600},{"@type":"BreadcrumbList","@id":"https:\/\/www.mexicanguitarplayers.com\/tienda\/cuerdas\/guitarras-cuerdas\/electricas\/guitarras-electricas-solidas\/guitarra-schecter-el-c-1-fr-s-apocalyps\/#breadcrumb","itemListElement":[{"@type":"ListItem","position":1,"name":"Portada","item":"https:\/\/www.mexicanguitarplayers.com\/"},{"@type":"ListItem","position":2,"name":"Tienda","item":"https:\/\/www.mexicanguitarplayers.com\/tienda\/"},{"@type":"ListItem","position":3,"name":"GUITARRA SCHECTER EL. C-1 FR-S APOCALYPS"}]},{"@type":"WebSite","@id":"https:\/\/www.mexicanguitarplayers.com\/#website","url":"https:\/\/www.mexicanguitarplayers.com\/","name":"Mexican Guitar Players","description":"Website","publisher":{"@id":"https:\/\/www.mexicanguitarplayers.com\/#organization"},"potentialAction":[{"@type":"SearchAction","target":{"@type":"EntryPoint","urlTemplate":"https:\/\/www.mexicanguitarplayers.com\/?s={search_term_string}"},"query-input":{"@type":"PropertyValueSpecification","valueRequired":true,"valueName":"search_term_string"}}],"inLanguage":"en-US"},{"@type":"Organization","@id":"https:\/\/www.mexicanguitarplayers.com\/#organization","name":"Mexican Guitar Players","url":"https:\/\/www.mexicanguitarplayers.com\/","logo":{"@type":"ImageObject","inLanguage":"en-US","@id":"https:\/\/www.mexicanguitarplayers.com\/#\/schema\/logo\/image\/","url":"","contentUrl":"","caption":"Mexican Guitar Players"},"image":{"@id":"https:\/\/www.mexicanguitarplayers.com\/#\/schema\/logo\/image\/"}}]}},"brands":[{"id":175,"name":"SCHECTER","slug":"schecter"}],"_links":{"self":[{"href":"https:\/\/www.mexicanguitarplayers.com\/en\/wp-json\/wp\/v2\/product\/10749","targetHints":{"allow":["GET"]}}],"collection":[{"href":"https:\/\/www.mexicanguitarplayers.com\/en\/wp-json\/wp\/v2\/product"}],"about":[{"href":"https:\/\/www.mexicanguitarplayers.com\/en\/wp-json\/wp\/v2\/types\/product"}],"replies":[{"embeddable":true,"href":"https:\/\/www.mexicanguitarplayers.com\/en\/wp-json\/wp\/v2\/comments?post=10749"}],"wp:featuredmedia":[{"embeddable":true,"href":"https:\/\/www.mexicanguitarplayers.com\/en\/wp-json\/wp\/v2\/media\/10748"}],"wp:attachment":[{"href":"https:\/\/www.mexicanguitarplayers.com\/en\/wp-json\/wp\/v2\/media?parent=10749"}],"wp:term":[{"taxonomy":"pwb-brand","embeddable":true,"href":"https:\/\/www.mexicanguitarplayers.com\/en\/wp-json\/wp\/v2\/pwb-brand?post=10749"},{"taxonomy":"product_brand","embeddable":true,"href":"https:\/\/www.mexicanguitarplayers.com\/en\/wp-json\/wp\/v2\/product_brand?post=10749"},{"taxonomy":"product_cat","embeddable":true,"href":"https:\/\/www.mexicanguitarplayers.com\/en\/wp-json\/wp\/v2\/product_cat?post=10749"},{"taxonomy":"product_tag","embeddable":true,"href":"https:\/\/www.mexicanguitarplayers.com\/en\/wp-json\/wp\/v2\/product_tag?post=10749"}],"curies":[{"name":"wp","href":"https:\/\/api.w.org\/{rel}","templated":true}]}}