{"id":10751,"date":"2022-08-18T01:53:03","date_gmt":"2022-08-18T06:53:03","guid":{"rendered":"https:\/\/www.mexicanguitarplayers.com\/tienda\/sin%20categor\u00eda\/guitarra-schecter-el-c-1-fr-s-silver-m\/"},"modified":"2026-04-10T05:20:21","modified_gmt":"2026-04-10T11:20:21","slug":"guitarra-schecter-el-c-1-fr-s-silver-m","status":"publish","type":"product","link":"https:\/\/www.mexicanguitarplayers.com\/en\/tienda\/cuerdas\/guitarras-cuerdas\/electricas\/guitarras-electricas-solidas\/guitarra-schecter-el-c-1-fr-s-silver-m\/","title":{"rendered":"SCHECTER EL GUITAR. C-1 FR-S SILVER M."},"content":{"rendered":"<div style=\"text-align: justify\">\n<div>\n<h3>SCHECTER EL GUITAR. C-1 FR-S SILVER M.<\/h3>\n<\/div>\n<div>Solid Electric Guitar, Mahogany Body, Binding: Single-Ply, Arched Top, Black Hardware, Construction: Set-Neck with Ultra Access, Floyd Rose 1500 Series Bridge, Grover Rotomatic 18:1 Machinery, Mahogany 3-Piece Slim C-Arm with carbon fiber bracing rods, 14&quot; (355mm) radius ebony fingerboard, inlays: lines, glow-in-the-dark Luminlay dot markers, scale: 25.5&quot; (648mm), thickness at 1st fret: .787\u201d (20mm) &amp; 12th fret: .866\u201d (22mm), 24 stainless steel X-Jumbo frets, 1.625\u201d (41.3mm) wide Floyd Rose 1500 Series nut, 2-way adjustable truss rod with 5\/32\u201d (4 mm) Allen nut, controls: volume, tone, intensity, 3-way selector switch, 2-way Sustainiac On\/Off switch and 3-way Sustainiac mode switch (Fundamental-Mix-Harmonic) , Bridge Pickup: Schecter USA Sonic Seducer\u2122, Neck Pickup: Sustainiac\u00ae, Clip-On 9V Battery Bay, Screw-On Knurled Metal Knobs Fixing.<\/div>\n<\/div>","protected":false},"excerpt":{"rendered":"<p>Guitarra el\u00e9ctrica s\u00f3lida, cuerpo de caoba, uni\u00f3n: una capa, tapa arqueada, hardware negro, construcci\u00f3n: Set-Neck con ultra acceso, puente Floyd Rose 1500 Series, maquinaria Grover Rotomatic 18:1, brazo C delgado de 3 piezas de caoba con varillas de refuerzo de fibra de carbono, diapas\u00f3n de \u00e9bano de 14\u201d (355 mm) de radio, incrustaciones: l\u00edneas, marcadores de puntos Luminlay que brillan en la oscuridad, escala: 25.5\u201d (648 mm), espesor en el primer traste: .787\u201d (20 mm) y en el traste 12: .866\u201d (22 mm), 24 trastes X-Jumbo de acero inoxidable, cejuela Floyd Rose 1500 Series de 1.625\u201d (41.3 mm) de ancho, alma ajustable de 2 v\u00edas con tuerca Allen de 5\/32\u201d (4 mm), controles: volumen, tono, intensidad, switch selector de 3 v\u00edas, switch Sustainiac de 2 v\u00edas On\/Off y switch de modo Sustainiac de 3 v\u00edas (Fundamental-Mix-Harmonic), pastilla del puente: Schecter USA Sonic Seducer\u2122, pastilla del brazo: Sustainiac\u00ae, compartimento de bater\u00eda con clip de 9V, perillas de metal moleteado con tornillo de fijaci\u00f3n.&hellip; <a class=\"kt-excerpt-readmore more-link\" href=\"https:\/\/www.mexicanguitarplayers.com\/en\/tienda\/cuerdas\/guitarras-cuerdas\/electricas\/guitarras-electricas-solidas\/guitarra-schecter-el-c-1-fr-s-silver-m\/\">Read more<\/a><\/p>","protected":false},"featured_media":10750,"comment_status":"open","ping_status":"closed","template":"","meta":{"kt_blocks_editor_width":""},"pwb-brand":[175],"product_brand":[],"product_cat":[224,313,312,314],"product_tag":[],"class_list":{"0":"post-10751","1":"product","2":"type-product","3":"status-publish","4":"has-post-thumbnail","6":"pwb-brand-schecter","7":"product_cat-cuerdas","8":"product_cat-electricas","9":"product_cat-guitarras-cuerdas","10":"product_cat-guitarras-electricas-solidas","11":"product_shipping_class-20-25-kg","13":"first","14":"outofstock","15":"featured","16":"taxable","17":"shipping-taxable","18":"purchasable","19":"product-type-simple"},"yoast_head":"<!-- This site is optimized with the Yoast SEO plugin v27.5 - https:\/\/yoast.com\/product\/yoast-seo-wordpress\/ -->\n<title>GUITARRA SCHECTER EL. C-1 FR-S SILVER M. - Mexican Guitar Players<\/title>\n<meta name=\"description\" content=\"GUITARRA SCHECTER EL. C-1 FR-S SILVER M.. Guitarra el\u00e9ctrica s\u00f3lida, cuerpo de caoba, uni\u00f3n: una capa, tapa arqueada, hardware negro, construcci\u00f3n: Set-Neck con ultra acceso, puente Floyd Rose 1500 Series, maquinaria Grover Rotomatic 18:1, brazo C delgado de 3 piezas de caoba con varillas de refuerzo de fibra de carbono, diapas\u00f3n de \u00e9bano de 14\u201d (355 mm) de radio, incrustaciones: l\u00edneas, marcadores de puntos Luminlay que brillan en la oscuridad, escala: 25.5\u201d (648 mm), espesor en el primer traste: .787\u201d (20 mm) y en el traste 12: .866\u201d (22 mm), 24 trastes X-Jumbo de acero inoxidable, cejuela Floyd Rose 1500 Series de 1.625\u201d (41.3 mm) de ancho, alma ajustable de 2 v\u00edas con tuerca Allen de 5\/32\u201d (4 mm), controles: volumen, tono, intensidad, switch selector de 3 v\u00edas, switch Sustainiac de 2 v\u00edas On\/Off y switch de modo Sustainiac de 3 v\u00edas (Fundamental-Mix-Harmonic), pastilla del puente: Schecter USA Sonic Seducer\u2122, pastilla del brazo: Sustainiac\u00ae, compartimento de bater\u00eda con clip de 9V, perillas de metal moleteado con tornillo de fijaci\u00f3n.\" \/>\n<meta name=\"robots\" content=\"index, follow, max-snippet:-1, max-image-preview:large, max-video-preview:-1\" \/>\n<link rel=\"canonical\" href=\"https:\/\/www.mexicanguitarplayers.com\/en\/tienda\/cuerdas\/guitarras-cuerdas\/electricas\/guitarras-electricas-solidas\/guitarra-schecter-el-c-1-fr-s-silver-m\/\" \/>\n<meta property=\"og:locale\" content=\"en_US\" \/>\n<meta property=\"og:type\" content=\"article\" \/>\n<meta property=\"og:title\" content=\"GUITARRA SCHECTER EL. C-1 FR-S SILVER M. - Mexican Guitar Players\" \/>\n<meta property=\"og:description\" content=\"GUITARRA SCHECTER EL. C-1 FR-S SILVER M.. Guitarra el\u00e9ctrica s\u00f3lida, cuerpo de caoba, uni\u00f3n: una capa, tapa arqueada, hardware negro, construcci\u00f3n: Set-Neck con ultra acceso, puente Floyd Rose 1500 Series, maquinaria Grover Rotomatic 18:1, brazo C delgado de 3 piezas de caoba con varillas de refuerzo de fibra de carbono, diapas\u00f3n de \u00e9bano de 14\u201d (355 mm) de radio, incrustaciones: l\u00edneas, marcadores de puntos Luminlay que brillan en la oscuridad, escala: 25.5\u201d (648 mm), espesor en el primer traste: .787\u201d (20 mm) y en el traste 12: .866\u201d (22 mm), 24 trastes X-Jumbo de acero inoxidable, cejuela Floyd Rose 1500 Series de 1.625\u201d (41.3 mm) de ancho, alma ajustable de 2 v\u00edas con tuerca Allen de 5\/32\u201d (4 mm), controles: volumen, tono, intensidad, switch selector de 3 v\u00edas, switch Sustainiac de 2 v\u00edas On\/Off y switch de modo Sustainiac de 3 v\u00edas (Fundamental-Mix-Harmonic), pastilla del puente: Schecter USA Sonic Seducer\u2122, pastilla del brazo: Sustainiac\u00ae, compartimento de bater\u00eda con clip de 9V, perillas de metal moleteado con tornillo de fijaci\u00f3n.\" \/>\n<meta property=\"og:url\" content=\"https:\/\/www.mexicanguitarplayers.com\/en\/tienda\/cuerdas\/guitarras-cuerdas\/electricas\/guitarras-electricas-solidas\/guitarra-schecter-el-c-1-fr-s-silver-m\/\" \/>\n<meta property=\"og:site_name\" content=\"Mexican Guitar Players\" \/>\n<meta property=\"article:modified_time\" content=\"2026-04-10T11:20:21+00:00\" \/>\n<meta property=\"og:image\" content=\"https:\/\/www.mexicanguitarplayers.com\/wp-content\/uploads\/2022\/08\/ISSCCC1FRSSILV.jpg\" \/>\n\t<meta property=\"og:image:width\" content=\"800\" \/>\n\t<meta property=\"og:image:height\" content=\"1600\" \/>\n\t<meta property=\"og:image:type\" content=\"image\/jpeg\" \/>\n<meta name=\"twitter:card\" content=\"summary_large_image\" \/>\n<meta name=\"twitter:label1\" content=\"Est. reading time\" \/>\n\t<meta name=\"twitter:data1\" content=\"1 minute\" \/>\n<script type=\"application\/ld+json\" class=\"yoast-schema-graph\">{\"@context\":\"https:\\\/\\\/schema.org\",\"@graph\":[{\"@type\":[\"WebPage\",\"ItemPage\"],\"@id\":\"https:\\\/\\\/www.mexicanguitarplayers.com\\\/tienda\\\/cuerdas\\\/guitarras-cuerdas\\\/electricas\\\/guitarras-electricas-solidas\\\/guitarra-schecter-el-c-1-fr-s-silver-m\\\/\",\"url\":\"https:\\\/\\\/www.mexicanguitarplayers.com\\\/tienda\\\/cuerdas\\\/guitarras-cuerdas\\\/electricas\\\/guitarras-electricas-solidas\\\/guitarra-schecter-el-c-1-fr-s-silver-m\\\/\",\"name\":\"GUITARRA SCHECTER EL. C-1 FR-S SILVER M. - Mexican Guitar Players\",\"isPartOf\":{\"@id\":\"https:\\\/\\\/www.mexicanguitarplayers.com\\\/#website\"},\"primaryImageOfPage\":{\"@id\":\"https:\\\/\\\/www.mexicanguitarplayers.com\\\/tienda\\\/cuerdas\\\/guitarras-cuerdas\\\/electricas\\\/guitarras-electricas-solidas\\\/guitarra-schecter-el-c-1-fr-s-silver-m\\\/#primaryimage\"},\"image\":{\"@id\":\"https:\\\/\\\/www.mexicanguitarplayers.com\\\/tienda\\\/cuerdas\\\/guitarras-cuerdas\\\/electricas\\\/guitarras-electricas-solidas\\\/guitarra-schecter-el-c-1-fr-s-silver-m\\\/#primaryimage\"},\"thumbnailUrl\":\"https:\\\/\\\/www.mexicanguitarplayers.com\\\/wp-content\\\/uploads\\\/2022\\\/08\\\/ISSCCC1FRSSILV.jpg\",\"datePublished\":\"2022-08-18T06:53:03+00:00\",\"dateModified\":\"2026-04-10T11:20:21+00:00\",\"description\":\"GUITARRA SCHECTER EL. C-1 FR-S SILVER M.. Guitarra el\u00e9ctrica s\u00f3lida, cuerpo de caoba, uni\u00f3n: una capa, tapa arqueada, hardware negro, construcci\u00f3n: Set-Neck con ultra acceso, puente Floyd Rose 1500 Series, maquinaria Grover Rotomatic 18:1, brazo C delgado de 3 piezas de caoba con varillas de refuerzo de fibra de carbono, diapas\u00f3n de \u00e9bano de 14\u201d (355 mm) de radio, incrustaciones: l\u00edneas, marcadores de puntos Luminlay que brillan en la oscuridad, escala: 25.5\u201d (648 mm), espesor en el primer traste: .787\u201d (20 mm) y en el traste 12: .866\u201d (22 mm), 24 trastes X-Jumbo de acero inoxidable, cejuela Floyd Rose 1500 Series de 1.625\u201d (41.3 mm) de ancho, alma ajustable de 2 v\u00edas con tuerca Allen de 5\\\/32\u201d (4 mm), controles: volumen, tono, intensidad, switch selector de 3 v\u00edas, switch Sustainiac de 2 v\u00edas On\\\/Off y switch de modo Sustainiac de 3 v\u00edas (Fundamental-Mix-Harmonic), pastilla del puente: Schecter USA Sonic Seducer\u2122, pastilla del brazo: Sustainiac\u00ae, compartimento de bater\u00eda con clip de 9V, perillas de metal moleteado con tornillo de fijaci\u00f3n.\",\"breadcrumb\":{\"@id\":\"https:\\\/\\\/www.mexicanguitarplayers.com\\\/tienda\\\/cuerdas\\\/guitarras-cuerdas\\\/electricas\\\/guitarras-electricas-solidas\\\/guitarra-schecter-el-c-1-fr-s-silver-m\\\/#breadcrumb\"},\"inLanguage\":\"en-US\",\"potentialAction\":[{\"@type\":\"ReadAction\",\"target\":[\"https:\\\/\\\/www.mexicanguitarplayers.com\\\/tienda\\\/cuerdas\\\/guitarras-cuerdas\\\/electricas\\\/guitarras-electricas-solidas\\\/guitarra-schecter-el-c-1-fr-s-silver-m\\\/\"]}]},{\"@type\":\"ImageObject\",\"inLanguage\":\"en-US\",\"@id\":\"https:\\\/\\\/www.mexicanguitarplayers.com\\\/tienda\\\/cuerdas\\\/guitarras-cuerdas\\\/electricas\\\/guitarras-electricas-solidas\\\/guitarra-schecter-el-c-1-fr-s-silver-m\\\/#primaryimage\",\"url\":\"https:\\\/\\\/www.mexicanguitarplayers.com\\\/wp-content\\\/uploads\\\/2022\\\/08\\\/ISSCCC1FRSSILV.jpg\",\"contentUrl\":\"https:\\\/\\\/www.mexicanguitarplayers.com\\\/wp-content\\\/uploads\\\/2022\\\/08\\\/ISSCCC1FRSSILV.jpg\",\"width\":800,\"height\":1600},{\"@type\":\"BreadcrumbList\",\"@id\":\"https:\\\/\\\/www.mexicanguitarplayers.com\\\/tienda\\\/cuerdas\\\/guitarras-cuerdas\\\/electricas\\\/guitarras-electricas-solidas\\\/guitarra-schecter-el-c-1-fr-s-silver-m\\\/#breadcrumb\",\"itemListElement\":[{\"@type\":\"ListItem\",\"position\":1,\"name\":\"Portada\",\"item\":\"https:\\\/\\\/www.mexicanguitarplayers.com\\\/\"},{\"@type\":\"ListItem\",\"position\":2,\"name\":\"Tienda\",\"item\":\"https:\\\/\\\/www.mexicanguitarplayers.com\\\/tienda\\\/\"},{\"@type\":\"ListItem\",\"position\":3,\"name\":\"GUITARRA SCHECTER EL. C-1 FR-S SILVER M.\"}]},{\"@type\":\"WebSite\",\"@id\":\"https:\\\/\\\/www.mexicanguitarplayers.com\\\/#website\",\"url\":\"https:\\\/\\\/www.mexicanguitarplayers.com\\\/\",\"name\":\"Mexican Guitar Players\",\"description\":\"Website\",\"publisher\":{\"@id\":\"https:\\\/\\\/www.mexicanguitarplayers.com\\\/#organization\"},\"potentialAction\":[{\"@type\":\"SearchAction\",\"target\":{\"@type\":\"EntryPoint\",\"urlTemplate\":\"https:\\\/\\\/www.mexicanguitarplayers.com\\\/?s={search_term_string}\"},\"query-input\":{\"@type\":\"PropertyValueSpecification\",\"valueRequired\":true,\"valueName\":\"search_term_string\"}}],\"inLanguage\":\"en-US\"},{\"@type\":\"Organization\",\"@id\":\"https:\\\/\\\/www.mexicanguitarplayers.com\\\/#organization\",\"name\":\"Mexican Guitar Players\",\"url\":\"https:\\\/\\\/www.mexicanguitarplayers.com\\\/\",\"logo\":{\"@type\":\"ImageObject\",\"inLanguage\":\"en-US\",\"@id\":\"https:\\\/\\\/www.mexicanguitarplayers.com\\\/#\\\/schema\\\/logo\\\/image\\\/\",\"url\":\"\",\"contentUrl\":\"\",\"caption\":\"Mexican Guitar Players\"},\"image\":{\"@id\":\"https:\\\/\\\/www.mexicanguitarplayers.com\\\/#\\\/schema\\\/logo\\\/image\\\/\"}}]}<\/script>\n<!-- \/ Yoast SEO plugin. -->","yoast_head_json":{"title":"GUITARRA SCHECTER EL. C-1 FR-S SILVER M. - Mexican Guitar Players","description":"GUITARRA SCHECTER EL. C-1 FR-S SILVER M.. Guitarra el\u00e9ctrica s\u00f3lida, cuerpo de caoba, uni\u00f3n: una capa, tapa arqueada, hardware negro, construcci\u00f3n: Set-Neck con ultra acceso, puente Floyd Rose 1500 Series, maquinaria Grover Rotomatic 18:1, brazo C delgado de 3 piezas de caoba con varillas de refuerzo de fibra de carbono, diapas\u00f3n de \u00e9bano de 14\u201d (355 mm) de radio, incrustaciones: l\u00edneas, marcadores de puntos Luminlay que brillan en la oscuridad, escala: 25.5\u201d (648 mm), espesor en el primer traste: .787\u201d (20 mm) y en el traste 12: .866\u201d (22 mm), 24 trastes X-Jumbo de acero inoxidable, cejuela Floyd Rose 1500 Series de 1.625\u201d (41.3 mm) de ancho, alma ajustable de 2 v\u00edas con tuerca Allen de 5\/32\u201d (4 mm), controles: volumen, tono, intensidad, switch selector de 3 v\u00edas, switch Sustainiac de 2 v\u00edas On\/Off y switch de modo Sustainiac de 3 v\u00edas (Fundamental-Mix-Harmonic), pastilla del puente: Schecter USA Sonic Seducer\u2122, pastilla del brazo: Sustainiac\u00ae, compartimento de bater\u00eda con clip de 9V, perillas de metal moleteado con tornillo de fijaci\u00f3n.","robots":{"index":"index","follow":"follow","max-snippet":"max-snippet:-1","max-image-preview":"max-image-preview:large","max-video-preview":"max-video-preview:-1"},"canonical":"https:\/\/www.mexicanguitarplayers.com\/en\/tienda\/cuerdas\/guitarras-cuerdas\/electricas\/guitarras-electricas-solidas\/guitarra-schecter-el-c-1-fr-s-silver-m\/","og_locale":"en_US","og_type":"article","og_title":"GUITARRA SCHECTER EL. C-1 FR-S SILVER M. - Mexican Guitar Players","og_description":"GUITARRA SCHECTER EL. C-1 FR-S SILVER M.. Guitarra el\u00e9ctrica s\u00f3lida, cuerpo de caoba, uni\u00f3n: una capa, tapa arqueada, hardware negro, construcci\u00f3n: Set-Neck con ultra acceso, puente Floyd Rose 1500 Series, maquinaria Grover Rotomatic 18:1, brazo C delgado de 3 piezas de caoba con varillas de refuerzo de fibra de carbono, diapas\u00f3n de \u00e9bano de 14\u201d (355 mm) de radio, incrustaciones: l\u00edneas, marcadores de puntos Luminlay que brillan en la oscuridad, escala: 25.5\u201d (648 mm), espesor en el primer traste: .787\u201d (20 mm) y en el traste 12: .866\u201d (22 mm), 24 trastes X-Jumbo de acero inoxidable, cejuela Floyd Rose 1500 Series de 1.625\u201d (41.3 mm) de ancho, alma ajustable de 2 v\u00edas con tuerca Allen de 5\/32\u201d (4 mm), controles: volumen, tono, intensidad, switch selector de 3 v\u00edas, switch Sustainiac de 2 v\u00edas On\/Off y switch de modo Sustainiac de 3 v\u00edas (Fundamental-Mix-Harmonic), pastilla del puente: Schecter USA Sonic Seducer\u2122, pastilla del brazo: Sustainiac\u00ae, compartimento de bater\u00eda con clip de 9V, perillas de metal moleteado con tornillo de fijaci\u00f3n.","og_url":"https:\/\/www.mexicanguitarplayers.com\/en\/tienda\/cuerdas\/guitarras-cuerdas\/electricas\/guitarras-electricas-solidas\/guitarra-schecter-el-c-1-fr-s-silver-m\/","og_site_name":"Mexican Guitar Players","article_modified_time":"2026-04-10T11:20:21+00:00","og_image":[{"width":800,"height":1600,"url":"https:\/\/www.mexicanguitarplayers.com\/wp-content\/uploads\/2022\/08\/ISSCCC1FRSSILV.jpg","type":"image\/jpeg"}],"twitter_card":"summary_large_image","twitter_misc":{"Est. reading time":"1 minute"},"schema":{"@context":"https:\/\/schema.org","@graph":[{"@type":["WebPage","ItemPage"],"@id":"https:\/\/www.mexicanguitarplayers.com\/tienda\/cuerdas\/guitarras-cuerdas\/electricas\/guitarras-electricas-solidas\/guitarra-schecter-el-c-1-fr-s-silver-m\/","url":"https:\/\/www.mexicanguitarplayers.com\/tienda\/cuerdas\/guitarras-cuerdas\/electricas\/guitarras-electricas-solidas\/guitarra-schecter-el-c-1-fr-s-silver-m\/","name":"GUITARRA SCHECTER EL. C-1 FR-S SILVER M. - Mexican Guitar Players","isPartOf":{"@id":"https:\/\/www.mexicanguitarplayers.com\/#website"},"primaryImageOfPage":{"@id":"https:\/\/www.mexicanguitarplayers.com\/tienda\/cuerdas\/guitarras-cuerdas\/electricas\/guitarras-electricas-solidas\/guitarra-schecter-el-c-1-fr-s-silver-m\/#primaryimage"},"image":{"@id":"https:\/\/www.mexicanguitarplayers.com\/tienda\/cuerdas\/guitarras-cuerdas\/electricas\/guitarras-electricas-solidas\/guitarra-schecter-el-c-1-fr-s-silver-m\/#primaryimage"},"thumbnailUrl":"https:\/\/www.mexicanguitarplayers.com\/wp-content\/uploads\/2022\/08\/ISSCCC1FRSSILV.jpg","datePublished":"2022-08-18T06:53:03+00:00","dateModified":"2026-04-10T11:20:21+00:00","description":"GUITARRA SCHECTER EL. C-1 FR-S SILVER M.. Guitarra el\u00e9ctrica s\u00f3lida, cuerpo de caoba, uni\u00f3n: una capa, tapa arqueada, hardware negro, construcci\u00f3n: Set-Neck con ultra acceso, puente Floyd Rose 1500 Series, maquinaria Grover Rotomatic 18:1, brazo C delgado de 3 piezas de caoba con varillas de refuerzo de fibra de carbono, diapas\u00f3n de \u00e9bano de 14\u201d (355 mm) de radio, incrustaciones: l\u00edneas, marcadores de puntos Luminlay que brillan en la oscuridad, escala: 25.5\u201d (648 mm), espesor en el primer traste: .787\u201d (20 mm) y en el traste 12: .866\u201d (22 mm), 24 trastes X-Jumbo de acero inoxidable, cejuela Floyd Rose 1500 Series de 1.625\u201d (41.3 mm) de ancho, alma ajustable de 2 v\u00edas con tuerca Allen de 5\/32\u201d (4 mm), controles: volumen, tono, intensidad, switch selector de 3 v\u00edas, switch Sustainiac de 2 v\u00edas On\/Off y switch de modo Sustainiac de 3 v\u00edas (Fundamental-Mix-Harmonic), pastilla del puente: Schecter USA Sonic Seducer\u2122, pastilla del brazo: Sustainiac\u00ae, compartimento de bater\u00eda con clip de 9V, perillas de metal moleteado con tornillo de fijaci\u00f3n.","breadcrumb":{"@id":"https:\/\/www.mexicanguitarplayers.com\/tienda\/cuerdas\/guitarras-cuerdas\/electricas\/guitarras-electricas-solidas\/guitarra-schecter-el-c-1-fr-s-silver-m\/#breadcrumb"},"inLanguage":"en-US","potentialAction":[{"@type":"ReadAction","target":["https:\/\/www.mexicanguitarplayers.com\/tienda\/cuerdas\/guitarras-cuerdas\/electricas\/guitarras-electricas-solidas\/guitarra-schecter-el-c-1-fr-s-silver-m\/"]}]},{"@type":"ImageObject","inLanguage":"en-US","@id":"https:\/\/www.mexicanguitarplayers.com\/tienda\/cuerdas\/guitarras-cuerdas\/electricas\/guitarras-electricas-solidas\/guitarra-schecter-el-c-1-fr-s-silver-m\/#primaryimage","url":"https:\/\/www.mexicanguitarplayers.com\/wp-content\/uploads\/2022\/08\/ISSCCC1FRSSILV.jpg","contentUrl":"https:\/\/www.mexicanguitarplayers.com\/wp-content\/uploads\/2022\/08\/ISSCCC1FRSSILV.jpg","width":800,"height":1600},{"@type":"BreadcrumbList","@id":"https:\/\/www.mexicanguitarplayers.com\/tienda\/cuerdas\/guitarras-cuerdas\/electricas\/guitarras-electricas-solidas\/guitarra-schecter-el-c-1-fr-s-silver-m\/#breadcrumb","itemListElement":[{"@type":"ListItem","position":1,"name":"Portada","item":"https:\/\/www.mexicanguitarplayers.com\/"},{"@type":"ListItem","position":2,"name":"Tienda","item":"https:\/\/www.mexicanguitarplayers.com\/tienda\/"},{"@type":"ListItem","position":3,"name":"GUITARRA SCHECTER EL. C-1 FR-S SILVER M."}]},{"@type":"WebSite","@id":"https:\/\/www.mexicanguitarplayers.com\/#website","url":"https:\/\/www.mexicanguitarplayers.com\/","name":"Mexican Guitar Players","description":"Website","publisher":{"@id":"https:\/\/www.mexicanguitarplayers.com\/#organization"},"potentialAction":[{"@type":"SearchAction","target":{"@type":"EntryPoint","urlTemplate":"https:\/\/www.mexicanguitarplayers.com\/?s={search_term_string}"},"query-input":{"@type":"PropertyValueSpecification","valueRequired":true,"valueName":"search_term_string"}}],"inLanguage":"en-US"},{"@type":"Organization","@id":"https:\/\/www.mexicanguitarplayers.com\/#organization","name":"Mexican Guitar Players","url":"https:\/\/www.mexicanguitarplayers.com\/","logo":{"@type":"ImageObject","inLanguage":"en-US","@id":"https:\/\/www.mexicanguitarplayers.com\/#\/schema\/logo\/image\/","url":"","contentUrl":"","caption":"Mexican Guitar Players"},"image":{"@id":"https:\/\/www.mexicanguitarplayers.com\/#\/schema\/logo\/image\/"}}]}},"brands":[{"id":175,"name":"SCHECTER","slug":"schecter"}],"_links":{"self":[{"href":"https:\/\/www.mexicanguitarplayers.com\/en\/wp-json\/wp\/v2\/product\/10751","targetHints":{"allow":["GET"]}}],"collection":[{"href":"https:\/\/www.mexicanguitarplayers.com\/en\/wp-json\/wp\/v2\/product"}],"about":[{"href":"https:\/\/www.mexicanguitarplayers.com\/en\/wp-json\/wp\/v2\/types\/product"}],"replies":[{"embeddable":true,"href":"https:\/\/www.mexicanguitarplayers.com\/en\/wp-json\/wp\/v2\/comments?post=10751"}],"wp:featuredmedia":[{"embeddable":true,"href":"https:\/\/www.mexicanguitarplayers.com\/en\/wp-json\/wp\/v2\/media\/10750"}],"wp:attachment":[{"href":"https:\/\/www.mexicanguitarplayers.com\/en\/wp-json\/wp\/v2\/media?parent=10751"}],"wp:term":[{"taxonomy":"pwb-brand","embeddable":true,"href":"https:\/\/www.mexicanguitarplayers.com\/en\/wp-json\/wp\/v2\/pwb-brand?post=10751"},{"taxonomy":"product_brand","embeddable":true,"href":"https:\/\/www.mexicanguitarplayers.com\/en\/wp-json\/wp\/v2\/product_brand?post=10751"},{"taxonomy":"product_cat","embeddable":true,"href":"https:\/\/www.mexicanguitarplayers.com\/en\/wp-json\/wp\/v2\/product_cat?post=10751"},{"taxonomy":"product_tag","embeddable":true,"href":"https:\/\/www.mexicanguitarplayers.com\/en\/wp-json\/wp\/v2\/product_tag?post=10751"}],"curies":[{"name":"wp","href":"https:\/\/api.w.org\/{rel}","templated":true}]}}