{"id":10753,"date":"2022-08-18T01:53:05","date_gmt":"2022-08-18T06:53:05","guid":{"rendered":"https:\/\/www.mexicanguitarplayers.com\/tienda\/sin%20categor\u00eda\/guitarra-schecter-el-c-1-silver-mount\/"},"modified":"2025-08-29T04:15:08","modified_gmt":"2025-08-29T10:15:08","slug":"guitarra-schecter-el-c-1-silver-mount","status":"publish","type":"product","link":"https:\/\/www.mexicanguitarplayers.com\/en\/tienda\/cuerdas\/guitarras-cuerdas\/electricas\/guitarras-electricas-solidas\/guitarra-schecter-el-c-1-silver-mount\/","title":{"rendered":"SCHECTER EL GUITAR. C-1 SILVER MOUNT."},"content":{"rendered":"<div style=\"text-align: justify\">\n<div>\n<h3>SCHECTER EL GUITAR. C-1 SILVER MOUNT.<\/h3>\n<\/div>\n<div>Solid Electric Guitar, Mahogany Body, Set-Neck Construction with Ultra Access, Binding: Black, Single Ply, Arched Top, Hipshot Ibby HM Guitar Bridge, Black Hardware, Schecter Locking Machinery, Ebony Fingerboard, 3-Piece Slim C Neck Mahogany with Carbon Fiber Reinforcement Rods, Inlays: Lines, Glow-in-Dark Side Dot Markers, 25.5\u201d (648mm) Scale, 24 Stainless Steel X-Jumbo Frets, Graph Tech XL Black Tusq Nut 1.653\u201d (42mm) wide, 2-way adjustable truss rod with 5\/32\u201d (4mm) Allen nut, 2 volumes and 1 tone (push-pull), 3-way switching, bridge pickup: Schecter USA Sonic Seducer\u2122, Neck Pickup: Schecter USA Sonic Seducer\u2122, Knurled Metal Knobs with Set Screw.<\/div>\n<\/div>","protected":false},"excerpt":{"rendered":"<p>Guitarra el\u00e9ctrica s\u00f3lida, cuerpo de caoba, construcci\u00f3n Set-Neck con Ultra Access, uni\u00f3n: negro, una capa, tapa arqueada, puente Hipshot Ibby HM Guitar Bridge, hardware negro, maquinaria Schecter Locking, diapas\u00f3n de \u00e9bano, brazo C delgado de 3 piezas de caoba con varillas de refuerzo de fibra de carbono, incrustaciones: l\u00edneas, marcadores de puntos laterales que brillan en la oscuridad, escala 25.5\u201d (648 mm), 24 trastes X-Jumbo de acero inoxidable, cejuela de Graph Tech XL Black Tusq de 1.653\u201d (42 mm) de ancho, alma ajustable de 2 v\u00edas con tuerca Allen de 5\/32\u201d (4 mm), 2 vol\u00famenes y 1 tono (push-pull), selector de 3 posiciones, pastilla del puente: Schecter USA Sonic Seducer\u2122, pastilla del brazo: Schecter USA Sonic Seducer\u2122, perillas de metal moleteado con tornillo de fijaci\u00f3n.&hellip; <a class=\"kt-excerpt-readmore more-link\" href=\"https:\/\/www.mexicanguitarplayers.com\/en\/tienda\/cuerdas\/guitarras-cuerdas\/electricas\/guitarras-electricas-solidas\/guitarra-schecter-el-c-1-silver-mount\/\">Read more<\/a><\/p>","protected":false},"featured_media":10752,"comment_status":"open","ping_status":"closed","template":"","meta":{"kt_blocks_editor_width":""},"pwb-brand":[175],"product_brand":[],"product_cat":[224,313,312,314],"product_tag":[],"class_list":{"0":"post-10753","1":"product","2":"type-product","3":"status-publish","4":"has-post-thumbnail","6":"pwb-brand-schecter","7":"product_cat-cuerdas","8":"product_cat-electricas","9":"product_cat-guitarras-cuerdas","10":"product_cat-guitarras-electricas-solidas","11":"product_shipping_class-20-25-kg","13":"first","14":"outofstock","15":"taxable","16":"shipping-taxable","17":"purchasable","18":"product-type-simple"},"yoast_head":"<!-- This site is optimized with the Yoast SEO plugin v27.5 - https:\/\/yoast.com\/product\/yoast-seo-wordpress\/ -->\n<title>GUITARRA SCHECTER EL. C-1 SILVER MOUNT. - Mexican Guitar Players<\/title>\n<meta name=\"description\" content=\"GUITARRA SCHECTER EL. C-1 SILVER MOUNT.. Guitarra el\u00e9ctrica s\u00f3lida, cuerpo de caoba, construcci\u00f3n Set-Neck con Ultra Access, uni\u00f3n: negro, una capa, tapa arqueada, puente Hipshot Ibby HM Guitar Bridge, hardware negro, maquinaria Schecter Locking, diapas\u00f3n de \u00e9bano, brazo C delgado de 3 piezas de caoba con varillas de refuerzo de fibra de carbono, incrustaciones: l\u00edneas, marcadores de puntos laterales que brillan en la oscuridad, escala 25.5\u201d (648 mm), 24 trastes X-Jumbo de acero inoxidable, cejuela de Graph Tech XL Black Tusq de 1.653\u201d (42 mm) de ancho, alma ajustable de 2 v\u00edas con tuerca Allen de 5\/32\u201d (4 mm), 2 vol\u00famenes y 1 tono (push-pull), selector de 3 posiciones, pastilla del puente: Schecter USA Sonic Seducer\u2122, pastilla del brazo: Schecter USA Sonic Seducer\u2122, perillas de metal moleteado con tornillo de fijaci\u00f3n.\" \/>\n<meta name=\"robots\" content=\"index, follow, max-snippet:-1, max-image-preview:large, max-video-preview:-1\" \/>\n<link rel=\"canonical\" href=\"https:\/\/www.mexicanguitarplayers.com\/en\/tienda\/cuerdas\/guitarras-cuerdas\/electricas\/guitarras-electricas-solidas\/guitarra-schecter-el-c-1-silver-mount\/\" \/>\n<meta property=\"og:locale\" content=\"en_US\" \/>\n<meta property=\"og:type\" content=\"article\" \/>\n<meta property=\"og:title\" content=\"GUITARRA SCHECTER EL. C-1 SILVER MOUNT. - Mexican Guitar Players\" \/>\n<meta property=\"og:description\" content=\"GUITARRA SCHECTER EL. C-1 SILVER MOUNT.. Guitarra el\u00e9ctrica s\u00f3lida, cuerpo de caoba, construcci\u00f3n Set-Neck con Ultra Access, uni\u00f3n: negro, una capa, tapa arqueada, puente Hipshot Ibby HM Guitar Bridge, hardware negro, maquinaria Schecter Locking, diapas\u00f3n de \u00e9bano, brazo C delgado de 3 piezas de caoba con varillas de refuerzo de fibra de carbono, incrustaciones: l\u00edneas, marcadores de puntos laterales que brillan en la oscuridad, escala 25.5\u201d (648 mm), 24 trastes X-Jumbo de acero inoxidable, cejuela de Graph Tech XL Black Tusq de 1.653\u201d (42 mm) de ancho, alma ajustable de 2 v\u00edas con tuerca Allen de 5\/32\u201d (4 mm), 2 vol\u00famenes y 1 tono (push-pull), selector de 3 posiciones, pastilla del puente: Schecter USA Sonic Seducer\u2122, pastilla del brazo: Schecter USA Sonic Seducer\u2122, perillas de metal moleteado con tornillo de fijaci\u00f3n.\" \/>\n<meta property=\"og:url\" content=\"https:\/\/www.mexicanguitarplayers.com\/en\/tienda\/cuerdas\/guitarras-cuerdas\/electricas\/guitarras-electricas-solidas\/guitarra-schecter-el-c-1-silver-mount\/\" \/>\n<meta property=\"og:site_name\" content=\"Mexican Guitar Players\" \/>\n<meta property=\"article:modified_time\" content=\"2025-08-29T10:15:08+00:00\" \/>\n<meta property=\"og:image\" content=\"https:\/\/www.mexicanguitarplayers.com\/wp-content\/uploads\/2022\/08\/ISSCCC1SILVERM.jpg\" \/>\n\t<meta property=\"og:image:width\" content=\"800\" \/>\n\t<meta property=\"og:image:height\" content=\"1600\" \/>\n\t<meta property=\"og:image:type\" content=\"image\/jpeg\" \/>\n<meta name=\"twitter:card\" content=\"summary_large_image\" \/>\n<meta name=\"twitter:label1\" content=\"Est. reading time\" \/>\n\t<meta name=\"twitter:data1\" content=\"1 minute\" \/>\n<script type=\"application\/ld+json\" class=\"yoast-schema-graph\">{\"@context\":\"https:\\\/\\\/schema.org\",\"@graph\":[{\"@type\":[\"WebPage\",\"ItemPage\"],\"@id\":\"https:\\\/\\\/www.mexicanguitarplayers.com\\\/tienda\\\/cuerdas\\\/guitarras-cuerdas\\\/electricas\\\/guitarras-electricas-solidas\\\/guitarra-schecter-el-c-1-silver-mount\\\/\",\"url\":\"https:\\\/\\\/www.mexicanguitarplayers.com\\\/tienda\\\/cuerdas\\\/guitarras-cuerdas\\\/electricas\\\/guitarras-electricas-solidas\\\/guitarra-schecter-el-c-1-silver-mount\\\/\",\"name\":\"GUITARRA SCHECTER EL. C-1 SILVER MOUNT. - Mexican Guitar Players\",\"isPartOf\":{\"@id\":\"https:\\\/\\\/www.mexicanguitarplayers.com\\\/#website\"},\"primaryImageOfPage\":{\"@id\":\"https:\\\/\\\/www.mexicanguitarplayers.com\\\/tienda\\\/cuerdas\\\/guitarras-cuerdas\\\/electricas\\\/guitarras-electricas-solidas\\\/guitarra-schecter-el-c-1-silver-mount\\\/#primaryimage\"},\"image\":{\"@id\":\"https:\\\/\\\/www.mexicanguitarplayers.com\\\/tienda\\\/cuerdas\\\/guitarras-cuerdas\\\/electricas\\\/guitarras-electricas-solidas\\\/guitarra-schecter-el-c-1-silver-mount\\\/#primaryimage\"},\"thumbnailUrl\":\"https:\\\/\\\/www.mexicanguitarplayers.com\\\/wp-content\\\/uploads\\\/2022\\\/08\\\/ISSCCC1SILVERM.jpg\",\"datePublished\":\"2022-08-18T06:53:05+00:00\",\"dateModified\":\"2025-08-29T10:15:08+00:00\",\"description\":\"GUITARRA SCHECTER EL. C-1 SILVER MOUNT.. Guitarra el\u00e9ctrica s\u00f3lida, cuerpo de caoba, construcci\u00f3n Set-Neck con Ultra Access, uni\u00f3n: negro, una capa, tapa arqueada, puente Hipshot Ibby HM Guitar Bridge, hardware negro, maquinaria Schecter Locking, diapas\u00f3n de \u00e9bano, brazo C delgado de 3 piezas de caoba con varillas de refuerzo de fibra de carbono, incrustaciones: l\u00edneas, marcadores de puntos laterales que brillan en la oscuridad, escala 25.5\u201d (648 mm), 24 trastes X-Jumbo de acero inoxidable, cejuela de Graph Tech XL Black Tusq de 1.653\u201d (42 mm) de ancho, alma ajustable de 2 v\u00edas con tuerca Allen de 5\\\/32\u201d (4 mm), 2 vol\u00famenes y 1 tono (push-pull), selector de 3 posiciones, pastilla del puente: Schecter USA Sonic Seducer\u2122, pastilla del brazo: Schecter USA Sonic Seducer\u2122, perillas de metal moleteado con tornillo de fijaci\u00f3n.\",\"breadcrumb\":{\"@id\":\"https:\\\/\\\/www.mexicanguitarplayers.com\\\/tienda\\\/cuerdas\\\/guitarras-cuerdas\\\/electricas\\\/guitarras-electricas-solidas\\\/guitarra-schecter-el-c-1-silver-mount\\\/#breadcrumb\"},\"inLanguage\":\"en-US\",\"potentialAction\":[{\"@type\":\"ReadAction\",\"target\":[\"https:\\\/\\\/www.mexicanguitarplayers.com\\\/tienda\\\/cuerdas\\\/guitarras-cuerdas\\\/electricas\\\/guitarras-electricas-solidas\\\/guitarra-schecter-el-c-1-silver-mount\\\/\"]}]},{\"@type\":\"ImageObject\",\"inLanguage\":\"en-US\",\"@id\":\"https:\\\/\\\/www.mexicanguitarplayers.com\\\/tienda\\\/cuerdas\\\/guitarras-cuerdas\\\/electricas\\\/guitarras-electricas-solidas\\\/guitarra-schecter-el-c-1-silver-mount\\\/#primaryimage\",\"url\":\"https:\\\/\\\/www.mexicanguitarplayers.com\\\/wp-content\\\/uploads\\\/2022\\\/08\\\/ISSCCC1SILVERM.jpg\",\"contentUrl\":\"https:\\\/\\\/www.mexicanguitarplayers.com\\\/wp-content\\\/uploads\\\/2022\\\/08\\\/ISSCCC1SILVERM.jpg\",\"width\":800,\"height\":1600},{\"@type\":\"BreadcrumbList\",\"@id\":\"https:\\\/\\\/www.mexicanguitarplayers.com\\\/tienda\\\/cuerdas\\\/guitarras-cuerdas\\\/electricas\\\/guitarras-electricas-solidas\\\/guitarra-schecter-el-c-1-silver-mount\\\/#breadcrumb\",\"itemListElement\":[{\"@type\":\"ListItem\",\"position\":1,\"name\":\"Portada\",\"item\":\"https:\\\/\\\/www.mexicanguitarplayers.com\\\/\"},{\"@type\":\"ListItem\",\"position\":2,\"name\":\"Tienda\",\"item\":\"https:\\\/\\\/www.mexicanguitarplayers.com\\\/tienda\\\/\"},{\"@type\":\"ListItem\",\"position\":3,\"name\":\"GUITARRA SCHECTER EL. C-1 SILVER MOUNT.\"}]},{\"@type\":\"WebSite\",\"@id\":\"https:\\\/\\\/www.mexicanguitarplayers.com\\\/#website\",\"url\":\"https:\\\/\\\/www.mexicanguitarplayers.com\\\/\",\"name\":\"Mexican Guitar Players\",\"description\":\"Website\",\"publisher\":{\"@id\":\"https:\\\/\\\/www.mexicanguitarplayers.com\\\/#organization\"},\"potentialAction\":[{\"@type\":\"SearchAction\",\"target\":{\"@type\":\"EntryPoint\",\"urlTemplate\":\"https:\\\/\\\/www.mexicanguitarplayers.com\\\/?s={search_term_string}\"},\"query-input\":{\"@type\":\"PropertyValueSpecification\",\"valueRequired\":true,\"valueName\":\"search_term_string\"}}],\"inLanguage\":\"en-US\"},{\"@type\":\"Organization\",\"@id\":\"https:\\\/\\\/www.mexicanguitarplayers.com\\\/#organization\",\"name\":\"Mexican Guitar Players\",\"url\":\"https:\\\/\\\/www.mexicanguitarplayers.com\\\/\",\"logo\":{\"@type\":\"ImageObject\",\"inLanguage\":\"en-US\",\"@id\":\"https:\\\/\\\/www.mexicanguitarplayers.com\\\/#\\\/schema\\\/logo\\\/image\\\/\",\"url\":\"\",\"contentUrl\":\"\",\"caption\":\"Mexican Guitar Players\"},\"image\":{\"@id\":\"https:\\\/\\\/www.mexicanguitarplayers.com\\\/#\\\/schema\\\/logo\\\/image\\\/\"}}]}<\/script>\n<!-- \/ Yoast SEO plugin. -->","yoast_head_json":{"title":"GUITARRA SCHECTER EL. C-1 SILVER MOUNT. - Mexican Guitar Players","description":"GUITARRA SCHECTER EL. C-1 SILVER MOUNT.. Guitarra el\u00e9ctrica s\u00f3lida, cuerpo de caoba, construcci\u00f3n Set-Neck con Ultra Access, uni\u00f3n: negro, una capa, tapa arqueada, puente Hipshot Ibby HM Guitar Bridge, hardware negro, maquinaria Schecter Locking, diapas\u00f3n de \u00e9bano, brazo C delgado de 3 piezas de caoba con varillas de refuerzo de fibra de carbono, incrustaciones: l\u00edneas, marcadores de puntos laterales que brillan en la oscuridad, escala 25.5\u201d (648 mm), 24 trastes X-Jumbo de acero inoxidable, cejuela de Graph Tech XL Black Tusq de 1.653\u201d (42 mm) de ancho, alma ajustable de 2 v\u00edas con tuerca Allen de 5\/32\u201d (4 mm), 2 vol\u00famenes y 1 tono (push-pull), selector de 3 posiciones, pastilla del puente: Schecter USA Sonic Seducer\u2122, pastilla del brazo: Schecter USA Sonic Seducer\u2122, perillas de metal moleteado con tornillo de fijaci\u00f3n.","robots":{"index":"index","follow":"follow","max-snippet":"max-snippet:-1","max-image-preview":"max-image-preview:large","max-video-preview":"max-video-preview:-1"},"canonical":"https:\/\/www.mexicanguitarplayers.com\/en\/tienda\/cuerdas\/guitarras-cuerdas\/electricas\/guitarras-electricas-solidas\/guitarra-schecter-el-c-1-silver-mount\/","og_locale":"en_US","og_type":"article","og_title":"GUITARRA SCHECTER EL. C-1 SILVER MOUNT. - Mexican Guitar Players","og_description":"GUITARRA SCHECTER EL. C-1 SILVER MOUNT.. Guitarra el\u00e9ctrica s\u00f3lida, cuerpo de caoba, construcci\u00f3n Set-Neck con Ultra Access, uni\u00f3n: negro, una capa, tapa arqueada, puente Hipshot Ibby HM Guitar Bridge, hardware negro, maquinaria Schecter Locking, diapas\u00f3n de \u00e9bano, brazo C delgado de 3 piezas de caoba con varillas de refuerzo de fibra de carbono, incrustaciones: l\u00edneas, marcadores de puntos laterales que brillan en la oscuridad, escala 25.5\u201d (648 mm), 24 trastes X-Jumbo de acero inoxidable, cejuela de Graph Tech XL Black Tusq de 1.653\u201d (42 mm) de ancho, alma ajustable de 2 v\u00edas con tuerca Allen de 5\/32\u201d (4 mm), 2 vol\u00famenes y 1 tono (push-pull), selector de 3 posiciones, pastilla del puente: Schecter USA Sonic Seducer\u2122, pastilla del brazo: Schecter USA Sonic Seducer\u2122, perillas de metal moleteado con tornillo de fijaci\u00f3n.","og_url":"https:\/\/www.mexicanguitarplayers.com\/en\/tienda\/cuerdas\/guitarras-cuerdas\/electricas\/guitarras-electricas-solidas\/guitarra-schecter-el-c-1-silver-mount\/","og_site_name":"Mexican Guitar Players","article_modified_time":"2025-08-29T10:15:08+00:00","og_image":[{"width":800,"height":1600,"url":"https:\/\/www.mexicanguitarplayers.com\/wp-content\/uploads\/2022\/08\/ISSCCC1SILVERM.jpg","type":"image\/jpeg"}],"twitter_card":"summary_large_image","twitter_misc":{"Est. reading time":"1 minute"},"schema":{"@context":"https:\/\/schema.org","@graph":[{"@type":["WebPage","ItemPage"],"@id":"https:\/\/www.mexicanguitarplayers.com\/tienda\/cuerdas\/guitarras-cuerdas\/electricas\/guitarras-electricas-solidas\/guitarra-schecter-el-c-1-silver-mount\/","url":"https:\/\/www.mexicanguitarplayers.com\/tienda\/cuerdas\/guitarras-cuerdas\/electricas\/guitarras-electricas-solidas\/guitarra-schecter-el-c-1-silver-mount\/","name":"GUITARRA SCHECTER EL. C-1 SILVER MOUNT. - Mexican Guitar Players","isPartOf":{"@id":"https:\/\/www.mexicanguitarplayers.com\/#website"},"primaryImageOfPage":{"@id":"https:\/\/www.mexicanguitarplayers.com\/tienda\/cuerdas\/guitarras-cuerdas\/electricas\/guitarras-electricas-solidas\/guitarra-schecter-el-c-1-silver-mount\/#primaryimage"},"image":{"@id":"https:\/\/www.mexicanguitarplayers.com\/tienda\/cuerdas\/guitarras-cuerdas\/electricas\/guitarras-electricas-solidas\/guitarra-schecter-el-c-1-silver-mount\/#primaryimage"},"thumbnailUrl":"https:\/\/www.mexicanguitarplayers.com\/wp-content\/uploads\/2022\/08\/ISSCCC1SILVERM.jpg","datePublished":"2022-08-18T06:53:05+00:00","dateModified":"2025-08-29T10:15:08+00:00","description":"GUITARRA SCHECTER EL. C-1 SILVER MOUNT.. Guitarra el\u00e9ctrica s\u00f3lida, cuerpo de caoba, construcci\u00f3n Set-Neck con Ultra Access, uni\u00f3n: negro, una capa, tapa arqueada, puente Hipshot Ibby HM Guitar Bridge, hardware negro, maquinaria Schecter Locking, diapas\u00f3n de \u00e9bano, brazo C delgado de 3 piezas de caoba con varillas de refuerzo de fibra de carbono, incrustaciones: l\u00edneas, marcadores de puntos laterales que brillan en la oscuridad, escala 25.5\u201d (648 mm), 24 trastes X-Jumbo de acero inoxidable, cejuela de Graph Tech XL Black Tusq de 1.653\u201d (42 mm) de ancho, alma ajustable de 2 v\u00edas con tuerca Allen de 5\/32\u201d (4 mm), 2 vol\u00famenes y 1 tono (push-pull), selector de 3 posiciones, pastilla del puente: Schecter USA Sonic Seducer\u2122, pastilla del brazo: Schecter USA Sonic Seducer\u2122, perillas de metal moleteado con tornillo de fijaci\u00f3n.","breadcrumb":{"@id":"https:\/\/www.mexicanguitarplayers.com\/tienda\/cuerdas\/guitarras-cuerdas\/electricas\/guitarras-electricas-solidas\/guitarra-schecter-el-c-1-silver-mount\/#breadcrumb"},"inLanguage":"en-US","potentialAction":[{"@type":"ReadAction","target":["https:\/\/www.mexicanguitarplayers.com\/tienda\/cuerdas\/guitarras-cuerdas\/electricas\/guitarras-electricas-solidas\/guitarra-schecter-el-c-1-silver-mount\/"]}]},{"@type":"ImageObject","inLanguage":"en-US","@id":"https:\/\/www.mexicanguitarplayers.com\/tienda\/cuerdas\/guitarras-cuerdas\/electricas\/guitarras-electricas-solidas\/guitarra-schecter-el-c-1-silver-mount\/#primaryimage","url":"https:\/\/www.mexicanguitarplayers.com\/wp-content\/uploads\/2022\/08\/ISSCCC1SILVERM.jpg","contentUrl":"https:\/\/www.mexicanguitarplayers.com\/wp-content\/uploads\/2022\/08\/ISSCCC1SILVERM.jpg","width":800,"height":1600},{"@type":"BreadcrumbList","@id":"https:\/\/www.mexicanguitarplayers.com\/tienda\/cuerdas\/guitarras-cuerdas\/electricas\/guitarras-electricas-solidas\/guitarra-schecter-el-c-1-silver-mount\/#breadcrumb","itemListElement":[{"@type":"ListItem","position":1,"name":"Portada","item":"https:\/\/www.mexicanguitarplayers.com\/"},{"@type":"ListItem","position":2,"name":"Tienda","item":"https:\/\/www.mexicanguitarplayers.com\/tienda\/"},{"@type":"ListItem","position":3,"name":"GUITARRA SCHECTER EL. C-1 SILVER MOUNT."}]},{"@type":"WebSite","@id":"https:\/\/www.mexicanguitarplayers.com\/#website","url":"https:\/\/www.mexicanguitarplayers.com\/","name":"Mexican Guitar Players","description":"Website","publisher":{"@id":"https:\/\/www.mexicanguitarplayers.com\/#organization"},"potentialAction":[{"@type":"SearchAction","target":{"@type":"EntryPoint","urlTemplate":"https:\/\/www.mexicanguitarplayers.com\/?s={search_term_string}"},"query-input":{"@type":"PropertyValueSpecification","valueRequired":true,"valueName":"search_term_string"}}],"inLanguage":"en-US"},{"@type":"Organization","@id":"https:\/\/www.mexicanguitarplayers.com\/#organization","name":"Mexican Guitar Players","url":"https:\/\/www.mexicanguitarplayers.com\/","logo":{"@type":"ImageObject","inLanguage":"en-US","@id":"https:\/\/www.mexicanguitarplayers.com\/#\/schema\/logo\/image\/","url":"","contentUrl":"","caption":"Mexican Guitar Players"},"image":{"@id":"https:\/\/www.mexicanguitarplayers.com\/#\/schema\/logo\/image\/"}}]}},"brands":[{"id":175,"name":"SCHECTER","slug":"schecter"}],"_links":{"self":[{"href":"https:\/\/www.mexicanguitarplayers.com\/en\/wp-json\/wp\/v2\/product\/10753","targetHints":{"allow":["GET"]}}],"collection":[{"href":"https:\/\/www.mexicanguitarplayers.com\/en\/wp-json\/wp\/v2\/product"}],"about":[{"href":"https:\/\/www.mexicanguitarplayers.com\/en\/wp-json\/wp\/v2\/types\/product"}],"replies":[{"embeddable":true,"href":"https:\/\/www.mexicanguitarplayers.com\/en\/wp-json\/wp\/v2\/comments?post=10753"}],"wp:featuredmedia":[{"embeddable":true,"href":"https:\/\/www.mexicanguitarplayers.com\/en\/wp-json\/wp\/v2\/media\/10752"}],"wp:attachment":[{"href":"https:\/\/www.mexicanguitarplayers.com\/en\/wp-json\/wp\/v2\/media?parent=10753"}],"wp:term":[{"taxonomy":"pwb-brand","embeddable":true,"href":"https:\/\/www.mexicanguitarplayers.com\/en\/wp-json\/wp\/v2\/pwb-brand?post=10753"},{"taxonomy":"product_brand","embeddable":true,"href":"https:\/\/www.mexicanguitarplayers.com\/en\/wp-json\/wp\/v2\/product_brand?post=10753"},{"taxonomy":"product_cat","embeddable":true,"href":"https:\/\/www.mexicanguitarplayers.com\/en\/wp-json\/wp\/v2\/product_cat?post=10753"},{"taxonomy":"product_tag","embeddable":true,"href":"https:\/\/www.mexicanguitarplayers.com\/en\/wp-json\/wp\/v2\/product_tag?post=10753"}],"curies":[{"name":"wp","href":"https:\/\/api.w.org\/{rel}","templated":true}]}}