{"id":10755,"date":"2022-08-18T01:53:08","date_gmt":"2022-08-18T06:53:08","guid":{"rendered":"https:\/\/www.mexicanguitarplayers.com\/tienda\/sin%20categor\u00eda\/guitarra-schecter-el-c-7-ms-silver-moun\/"},"modified":"2026-04-10T05:20:21","modified_gmt":"2026-04-10T11:20:21","slug":"guitarra-schecter-el-c-7-ms-silver-moun","status":"publish","type":"product","link":"https:\/\/www.mexicanguitarplayers.com\/en\/tienda\/cuerdas\/guitarras-cuerdas\/electricas\/guitarras-electricas-solidas\/guitarra-schecter-el-c-7-ms-silver-moun\/","title":{"rendered":"SCHECTER EL GUITAR. C-7 MS SILVER MOUN"},"content":{"rendered":"<div style=\"text-align: justify\">\n<div>\n<h3>SCHECTER EL GUITAR. C-7 MS SILVER MOUN<\/h3>\n<\/div>\n<div>Solid 7-String Electric Guitar, Mahogany Body, Black Hardware, Arched Top, Set-Neck Construction with Ultra Access, Hipshot Hardtail (.125) Bridge with String Thru Body, Mahogany Three-Piece Slim C-Arm with 1\/4-Inch Reinforcement Rods carbon fiber, 16&quot; (406mm) radius ebony fingerboard, Schecter Locking machines, line inlays, glow-in-the-dark Luminlay dot markers, scale: 25.5&quot;- 27&quot; (648mm \u2013 685.8mm), thickness at 1st fret: .787\u201d (20mm) and at 12th fret: .866\u201d (22mm), 24 stainless steel X-Jumbo frets, 1.889\u201d (48mm) wide graphite nut, truss rod 5\/32\u201d (4mm) Allen Nut 23-Way Adjustable, Controls: Two Volumes and One Tone (Push-Pull) with 3-Way Switching, Bridge Pickup: Schecter USA Sonic Seducer\u2122, Neck Pickup: Schecter USA Sonic Seducer\u2122, knurled metal knobs with set screw.<\/div>\n<\/div>","protected":false},"excerpt":{"rendered":"<p>Guitarra el\u00e9ctrica s\u00f3lida de 7 cuerdas, cuerpo de caoba, hardware negro, tapa arqueada, construcci\u00f3n Set-Neck con ultra acceso, puente Hipshot Hardtail (.125) con String Thru Body, brazo C delgado de tres piezas de caoba con varillas de refuerzo de fibra de carbono, diapas\u00f3n de \u00e9bano de 16\u201d (406 mm) de radio, maquinaria Schecter Locking, incrustaciones de l\u00edneas, marcadores de puntos Luminlay que brillan en la oscuridad, escala: 25.5\u201d- 27\u201d (648 mm &#8211; 685.8 mm), espesor en el primer traste: .787\u201d (20 mm) y en el traste 12: .866\u201d (22 mm), 24 trastes X-Jumbo de acero inoxidable, cejuela de grafito de 1.889\u201d (48 mm) de ancho, alma ajustable de 23 v\u00edas con tuerca Allen de 5\/32\u201d (4 mm), controles: dos vol\u00famenes y un tono (Push-Pull) con selector de 3 posiciones, pastilla del puente: Schecter USA Sonic Seducer\u2122, pastilla del brazo: Schecter USA Sonic Seducer\u2122, perillas de metal moleteado con tornillo de fijaci\u00f3n.&hellip; <a class=\"kt-excerpt-readmore more-link\" href=\"https:\/\/www.mexicanguitarplayers.com\/en\/tienda\/cuerdas\/guitarras-cuerdas\/electricas\/guitarras-electricas-solidas\/guitarra-schecter-el-c-7-ms-silver-moun\/\">Read more<\/a><\/p>","protected":false},"featured_media":10754,"comment_status":"open","ping_status":"closed","template":"","meta":{"kt_blocks_editor_width":""},"pwb-brand":[175],"product_brand":[],"product_cat":[224,313,312,314],"product_tag":[],"class_list":{"0":"post-10755","1":"product","2":"type-product","3":"status-publish","4":"has-post-thumbnail","6":"pwb-brand-schecter","7":"product_cat-cuerdas","8":"product_cat-electricas","9":"product_cat-guitarras-cuerdas","10":"product_cat-guitarras-electricas-solidas","11":"product_shipping_class-20-25-kg","13":"first","14":"outofstock","15":"taxable","16":"shipping-taxable","17":"purchasable","18":"product-type-simple"},"yoast_head":"<!-- This site is optimized with the Yoast SEO plugin v27.5 - https:\/\/yoast.com\/product\/yoast-seo-wordpress\/ -->\n<title>GUITARRA SCHECTER EL. C-7 MS SILVER MOUN - Mexican Guitar Players<\/title>\n<meta name=\"description\" content=\"GUITARRA SCHECTER EL. C-7 MS SILVER MOUN. Guitarra el\u00e9ctrica s\u00f3lida de 7 cuerdas, cuerpo de caoba, hardware negro, tapa arqueada, construcci\u00f3n Set-Neck con ultra acceso, puente Hipshot Hardtail (.125) con String Thru Body, brazo C delgado de tres piezas de caoba con varillas de refuerzo de fibra de carbono, diapas\u00f3n de \u00e9bano de 16\u201d (406 mm) de radio, maquinaria Schecter Locking, incrustaciones de l\u00edneas, marcadores de puntos Luminlay que brillan en la oscuridad, escala: 25.5\u201d- 27\u201d (648 mm - 685.8 mm), espesor en el primer traste: .787\u201d (20 mm) y en el traste 12: .866\u201d (22 mm), 24 trastes X-Jumbo de acero inoxidable, cejuela de grafito de 1.889\u201d (48 mm) de ancho, alma ajustable de 23 v\u00edas con tuerca Allen de 5\/32\u201d (4 mm), controles: dos vol\u00famenes y un tono (Push-Pull) con selector de 3 posiciones, pastilla del puente: Schecter USA Sonic Seducer\u2122, pastilla del brazo: Schecter USA Sonic Seducer\u2122, perillas de metal moleteado con tornillo de fijaci\u00f3n.\" \/>\n<meta name=\"robots\" content=\"index, follow, max-snippet:-1, max-image-preview:large, max-video-preview:-1\" \/>\n<link rel=\"canonical\" href=\"https:\/\/www.mexicanguitarplayers.com\/en\/tienda\/cuerdas\/guitarras-cuerdas\/electricas\/guitarras-electricas-solidas\/guitarra-schecter-el-c-7-ms-silver-moun\/\" \/>\n<meta property=\"og:locale\" content=\"en_US\" \/>\n<meta property=\"og:type\" content=\"article\" \/>\n<meta property=\"og:title\" content=\"GUITARRA SCHECTER EL. C-7 MS SILVER MOUN - Mexican Guitar Players\" \/>\n<meta property=\"og:description\" content=\"GUITARRA SCHECTER EL. C-7 MS SILVER MOUN. Guitarra el\u00e9ctrica s\u00f3lida de 7 cuerdas, cuerpo de caoba, hardware negro, tapa arqueada, construcci\u00f3n Set-Neck con ultra acceso, puente Hipshot Hardtail (.125) con String Thru Body, brazo C delgado de tres piezas de caoba con varillas de refuerzo de fibra de carbono, diapas\u00f3n de \u00e9bano de 16\u201d (406 mm) de radio, maquinaria Schecter Locking, incrustaciones de l\u00edneas, marcadores de puntos Luminlay que brillan en la oscuridad, escala: 25.5\u201d- 27\u201d (648 mm - 685.8 mm), espesor en el primer traste: .787\u201d (20 mm) y en el traste 12: .866\u201d (22 mm), 24 trastes X-Jumbo de acero inoxidable, cejuela de grafito de 1.889\u201d (48 mm) de ancho, alma ajustable de 23 v\u00edas con tuerca Allen de 5\/32\u201d (4 mm), controles: dos vol\u00famenes y un tono (Push-Pull) con selector de 3 posiciones, pastilla del puente: Schecter USA Sonic Seducer\u2122, pastilla del brazo: Schecter USA Sonic Seducer\u2122, perillas de metal moleteado con tornillo de fijaci\u00f3n.\" \/>\n<meta property=\"og:url\" content=\"https:\/\/www.mexicanguitarplayers.com\/en\/tienda\/cuerdas\/guitarras-cuerdas\/electricas\/guitarras-electricas-solidas\/guitarra-schecter-el-c-7-ms-silver-moun\/\" \/>\n<meta property=\"og:site_name\" content=\"Mexican Guitar Players\" \/>\n<meta property=\"article:modified_time\" content=\"2026-04-10T11:20:21+00:00\" \/>\n<meta property=\"og:image\" content=\"https:\/\/www.mexicanguitarplayers.com\/wp-content\/uploads\/2022\/08\/ISSCCC7MSSILVE.png\" \/>\n\t<meta property=\"og:image:width\" content=\"800\" \/>\n\t<meta property=\"og:image:height\" content=\"1600\" \/>\n\t<meta property=\"og:image:type\" content=\"image\/png\" \/>\n<meta name=\"twitter:card\" content=\"summary_large_image\" \/>\n<meta name=\"twitter:label1\" content=\"Est. reading time\" \/>\n\t<meta name=\"twitter:data1\" content=\"1 minute\" \/>\n<script type=\"application\/ld+json\" class=\"yoast-schema-graph\">{\"@context\":\"https:\\\/\\\/schema.org\",\"@graph\":[{\"@type\":[\"WebPage\",\"ItemPage\"],\"@id\":\"https:\\\/\\\/www.mexicanguitarplayers.com\\\/tienda\\\/cuerdas\\\/guitarras-cuerdas\\\/electricas\\\/guitarras-electricas-solidas\\\/guitarra-schecter-el-c-7-ms-silver-moun\\\/\",\"url\":\"https:\\\/\\\/www.mexicanguitarplayers.com\\\/tienda\\\/cuerdas\\\/guitarras-cuerdas\\\/electricas\\\/guitarras-electricas-solidas\\\/guitarra-schecter-el-c-7-ms-silver-moun\\\/\",\"name\":\"GUITARRA SCHECTER EL. C-7 MS SILVER MOUN - Mexican Guitar Players\",\"isPartOf\":{\"@id\":\"https:\\\/\\\/www.mexicanguitarplayers.com\\\/#website\"},\"primaryImageOfPage\":{\"@id\":\"https:\\\/\\\/www.mexicanguitarplayers.com\\\/tienda\\\/cuerdas\\\/guitarras-cuerdas\\\/electricas\\\/guitarras-electricas-solidas\\\/guitarra-schecter-el-c-7-ms-silver-moun\\\/#primaryimage\"},\"image\":{\"@id\":\"https:\\\/\\\/www.mexicanguitarplayers.com\\\/tienda\\\/cuerdas\\\/guitarras-cuerdas\\\/electricas\\\/guitarras-electricas-solidas\\\/guitarra-schecter-el-c-7-ms-silver-moun\\\/#primaryimage\"},\"thumbnailUrl\":\"https:\\\/\\\/www.mexicanguitarplayers.com\\\/wp-content\\\/uploads\\\/2022\\\/08\\\/ISSCCC7MSSILVE.png\",\"datePublished\":\"2022-08-18T06:53:08+00:00\",\"dateModified\":\"2026-04-10T11:20:21+00:00\",\"description\":\"GUITARRA SCHECTER EL. C-7 MS SILVER MOUN. Guitarra el\u00e9ctrica s\u00f3lida de 7 cuerdas, cuerpo de caoba, hardware negro, tapa arqueada, construcci\u00f3n Set-Neck con ultra acceso, puente Hipshot Hardtail (.125) con String Thru Body, brazo C delgado de tres piezas de caoba con varillas de refuerzo de fibra de carbono, diapas\u00f3n de \u00e9bano de 16\u201d (406 mm) de radio, maquinaria Schecter Locking, incrustaciones de l\u00edneas, marcadores de puntos Luminlay que brillan en la oscuridad, escala: 25.5\u201d- 27\u201d (648 mm - 685.8 mm), espesor en el primer traste: .787\u201d (20 mm) y en el traste 12: .866\u201d (22 mm), 24 trastes X-Jumbo de acero inoxidable, cejuela de grafito de 1.889\u201d (48 mm) de ancho, alma ajustable de 23 v\u00edas con tuerca Allen de 5\\\/32\u201d (4 mm), controles: dos vol\u00famenes y un tono (Push-Pull) con selector de 3 posiciones, pastilla del puente: Schecter USA Sonic Seducer\u2122, pastilla del brazo: Schecter USA Sonic Seducer\u2122, perillas de metal moleteado con tornillo de fijaci\u00f3n.\",\"breadcrumb\":{\"@id\":\"https:\\\/\\\/www.mexicanguitarplayers.com\\\/tienda\\\/cuerdas\\\/guitarras-cuerdas\\\/electricas\\\/guitarras-electricas-solidas\\\/guitarra-schecter-el-c-7-ms-silver-moun\\\/#breadcrumb\"},\"inLanguage\":\"en-US\",\"potentialAction\":[{\"@type\":\"ReadAction\",\"target\":[\"https:\\\/\\\/www.mexicanguitarplayers.com\\\/tienda\\\/cuerdas\\\/guitarras-cuerdas\\\/electricas\\\/guitarras-electricas-solidas\\\/guitarra-schecter-el-c-7-ms-silver-moun\\\/\"]}]},{\"@type\":\"ImageObject\",\"inLanguage\":\"en-US\",\"@id\":\"https:\\\/\\\/www.mexicanguitarplayers.com\\\/tienda\\\/cuerdas\\\/guitarras-cuerdas\\\/electricas\\\/guitarras-electricas-solidas\\\/guitarra-schecter-el-c-7-ms-silver-moun\\\/#primaryimage\",\"url\":\"https:\\\/\\\/www.mexicanguitarplayers.com\\\/wp-content\\\/uploads\\\/2022\\\/08\\\/ISSCCC7MSSILVE.png\",\"contentUrl\":\"https:\\\/\\\/www.mexicanguitarplayers.com\\\/wp-content\\\/uploads\\\/2022\\\/08\\\/ISSCCC7MSSILVE.png\",\"width\":800,\"height\":1600},{\"@type\":\"BreadcrumbList\",\"@id\":\"https:\\\/\\\/www.mexicanguitarplayers.com\\\/tienda\\\/cuerdas\\\/guitarras-cuerdas\\\/electricas\\\/guitarras-electricas-solidas\\\/guitarra-schecter-el-c-7-ms-silver-moun\\\/#breadcrumb\",\"itemListElement\":[{\"@type\":\"ListItem\",\"position\":1,\"name\":\"Portada\",\"item\":\"https:\\\/\\\/www.mexicanguitarplayers.com\\\/\"},{\"@type\":\"ListItem\",\"position\":2,\"name\":\"Tienda\",\"item\":\"https:\\\/\\\/www.mexicanguitarplayers.com\\\/tienda\\\/\"},{\"@type\":\"ListItem\",\"position\":3,\"name\":\"GUITARRA SCHECTER EL. C-7 MS SILVER MOUN\"}]},{\"@type\":\"WebSite\",\"@id\":\"https:\\\/\\\/www.mexicanguitarplayers.com\\\/#website\",\"url\":\"https:\\\/\\\/www.mexicanguitarplayers.com\\\/\",\"name\":\"Mexican Guitar Players\",\"description\":\"Website\",\"publisher\":{\"@id\":\"https:\\\/\\\/www.mexicanguitarplayers.com\\\/#organization\"},\"potentialAction\":[{\"@type\":\"SearchAction\",\"target\":{\"@type\":\"EntryPoint\",\"urlTemplate\":\"https:\\\/\\\/www.mexicanguitarplayers.com\\\/?s={search_term_string}\"},\"query-input\":{\"@type\":\"PropertyValueSpecification\",\"valueRequired\":true,\"valueName\":\"search_term_string\"}}],\"inLanguage\":\"en-US\"},{\"@type\":\"Organization\",\"@id\":\"https:\\\/\\\/www.mexicanguitarplayers.com\\\/#organization\",\"name\":\"Mexican Guitar Players\",\"url\":\"https:\\\/\\\/www.mexicanguitarplayers.com\\\/\",\"logo\":{\"@type\":\"ImageObject\",\"inLanguage\":\"en-US\",\"@id\":\"https:\\\/\\\/www.mexicanguitarplayers.com\\\/#\\\/schema\\\/logo\\\/image\\\/\",\"url\":\"\",\"contentUrl\":\"\",\"caption\":\"Mexican Guitar Players\"},\"image\":{\"@id\":\"https:\\\/\\\/www.mexicanguitarplayers.com\\\/#\\\/schema\\\/logo\\\/image\\\/\"}}]}<\/script>\n<!-- \/ Yoast SEO plugin. -->","yoast_head_json":{"title":"GUITARRA SCHECTER EL. C-7 MS SILVER MOUN - Mexican Guitar Players","description":"GUITARRA SCHECTER EL. C-7 MS SILVER MOUN. Guitarra el\u00e9ctrica s\u00f3lida de 7 cuerdas, cuerpo de caoba, hardware negro, tapa arqueada, construcci\u00f3n Set-Neck con ultra acceso, puente Hipshot Hardtail (.125) con String Thru Body, brazo C delgado de tres piezas de caoba con varillas de refuerzo de fibra de carbono, diapas\u00f3n de \u00e9bano de 16\u201d (406 mm) de radio, maquinaria Schecter Locking, incrustaciones de l\u00edneas, marcadores de puntos Luminlay que brillan en la oscuridad, escala: 25.5\u201d- 27\u201d (648 mm - 685.8 mm), espesor en el primer traste: .787\u201d (20 mm) y en el traste 12: .866\u201d (22 mm), 24 trastes X-Jumbo de acero inoxidable, cejuela de grafito de 1.889\u201d (48 mm) de ancho, alma ajustable de 23 v\u00edas con tuerca Allen de 5\/32\u201d (4 mm), controles: dos vol\u00famenes y un tono (Push-Pull) con selector de 3 posiciones, pastilla del puente: Schecter USA Sonic Seducer\u2122, pastilla del brazo: Schecter USA Sonic Seducer\u2122, perillas de metal moleteado con tornillo de fijaci\u00f3n.","robots":{"index":"index","follow":"follow","max-snippet":"max-snippet:-1","max-image-preview":"max-image-preview:large","max-video-preview":"max-video-preview:-1"},"canonical":"https:\/\/www.mexicanguitarplayers.com\/en\/tienda\/cuerdas\/guitarras-cuerdas\/electricas\/guitarras-electricas-solidas\/guitarra-schecter-el-c-7-ms-silver-moun\/","og_locale":"en_US","og_type":"article","og_title":"GUITARRA SCHECTER EL. C-7 MS SILVER MOUN - Mexican Guitar Players","og_description":"GUITARRA SCHECTER EL. C-7 MS SILVER MOUN. Guitarra el\u00e9ctrica s\u00f3lida de 7 cuerdas, cuerpo de caoba, hardware negro, tapa arqueada, construcci\u00f3n Set-Neck con ultra acceso, puente Hipshot Hardtail (.125) con String Thru Body, brazo C delgado de tres piezas de caoba con varillas de refuerzo de fibra de carbono, diapas\u00f3n de \u00e9bano de 16\u201d (406 mm) de radio, maquinaria Schecter Locking, incrustaciones de l\u00edneas, marcadores de puntos Luminlay que brillan en la oscuridad, escala: 25.5\u201d- 27\u201d (648 mm - 685.8 mm), espesor en el primer traste: .787\u201d (20 mm) y en el traste 12: .866\u201d (22 mm), 24 trastes X-Jumbo de acero inoxidable, cejuela de grafito de 1.889\u201d (48 mm) de ancho, alma ajustable de 23 v\u00edas con tuerca Allen de 5\/32\u201d (4 mm), controles: dos vol\u00famenes y un tono (Push-Pull) con selector de 3 posiciones, pastilla del puente: Schecter USA Sonic Seducer\u2122, pastilla del brazo: Schecter USA Sonic Seducer\u2122, perillas de metal moleteado con tornillo de fijaci\u00f3n.","og_url":"https:\/\/www.mexicanguitarplayers.com\/en\/tienda\/cuerdas\/guitarras-cuerdas\/electricas\/guitarras-electricas-solidas\/guitarra-schecter-el-c-7-ms-silver-moun\/","og_site_name":"Mexican Guitar Players","article_modified_time":"2026-04-10T11:20:21+00:00","og_image":[{"width":800,"height":1600,"url":"https:\/\/www.mexicanguitarplayers.com\/wp-content\/uploads\/2022\/08\/ISSCCC7MSSILVE.png","type":"image\/png"}],"twitter_card":"summary_large_image","twitter_misc":{"Est. reading time":"1 minute"},"schema":{"@context":"https:\/\/schema.org","@graph":[{"@type":["WebPage","ItemPage"],"@id":"https:\/\/www.mexicanguitarplayers.com\/tienda\/cuerdas\/guitarras-cuerdas\/electricas\/guitarras-electricas-solidas\/guitarra-schecter-el-c-7-ms-silver-moun\/","url":"https:\/\/www.mexicanguitarplayers.com\/tienda\/cuerdas\/guitarras-cuerdas\/electricas\/guitarras-electricas-solidas\/guitarra-schecter-el-c-7-ms-silver-moun\/","name":"GUITARRA SCHECTER EL. C-7 MS SILVER MOUN - Mexican Guitar Players","isPartOf":{"@id":"https:\/\/www.mexicanguitarplayers.com\/#website"},"primaryImageOfPage":{"@id":"https:\/\/www.mexicanguitarplayers.com\/tienda\/cuerdas\/guitarras-cuerdas\/electricas\/guitarras-electricas-solidas\/guitarra-schecter-el-c-7-ms-silver-moun\/#primaryimage"},"image":{"@id":"https:\/\/www.mexicanguitarplayers.com\/tienda\/cuerdas\/guitarras-cuerdas\/electricas\/guitarras-electricas-solidas\/guitarra-schecter-el-c-7-ms-silver-moun\/#primaryimage"},"thumbnailUrl":"https:\/\/www.mexicanguitarplayers.com\/wp-content\/uploads\/2022\/08\/ISSCCC7MSSILVE.png","datePublished":"2022-08-18T06:53:08+00:00","dateModified":"2026-04-10T11:20:21+00:00","description":"GUITARRA SCHECTER EL. C-7 MS SILVER MOUN. Guitarra el\u00e9ctrica s\u00f3lida de 7 cuerdas, cuerpo de caoba, hardware negro, tapa arqueada, construcci\u00f3n Set-Neck con ultra acceso, puente Hipshot Hardtail (.125) con String Thru Body, brazo C delgado de tres piezas de caoba con varillas de refuerzo de fibra de carbono, diapas\u00f3n de \u00e9bano de 16\u201d (406 mm) de radio, maquinaria Schecter Locking, incrustaciones de l\u00edneas, marcadores de puntos Luminlay que brillan en la oscuridad, escala: 25.5\u201d- 27\u201d (648 mm - 685.8 mm), espesor en el primer traste: .787\u201d (20 mm) y en el traste 12: .866\u201d (22 mm), 24 trastes X-Jumbo de acero inoxidable, cejuela de grafito de 1.889\u201d (48 mm) de ancho, alma ajustable de 23 v\u00edas con tuerca Allen de 5\/32\u201d (4 mm), controles: dos vol\u00famenes y un tono (Push-Pull) con selector de 3 posiciones, pastilla del puente: Schecter USA Sonic Seducer\u2122, pastilla del brazo: Schecter USA Sonic Seducer\u2122, perillas de metal moleteado con tornillo de fijaci\u00f3n.","breadcrumb":{"@id":"https:\/\/www.mexicanguitarplayers.com\/tienda\/cuerdas\/guitarras-cuerdas\/electricas\/guitarras-electricas-solidas\/guitarra-schecter-el-c-7-ms-silver-moun\/#breadcrumb"},"inLanguage":"en-US","potentialAction":[{"@type":"ReadAction","target":["https:\/\/www.mexicanguitarplayers.com\/tienda\/cuerdas\/guitarras-cuerdas\/electricas\/guitarras-electricas-solidas\/guitarra-schecter-el-c-7-ms-silver-moun\/"]}]},{"@type":"ImageObject","inLanguage":"en-US","@id":"https:\/\/www.mexicanguitarplayers.com\/tienda\/cuerdas\/guitarras-cuerdas\/electricas\/guitarras-electricas-solidas\/guitarra-schecter-el-c-7-ms-silver-moun\/#primaryimage","url":"https:\/\/www.mexicanguitarplayers.com\/wp-content\/uploads\/2022\/08\/ISSCCC7MSSILVE.png","contentUrl":"https:\/\/www.mexicanguitarplayers.com\/wp-content\/uploads\/2022\/08\/ISSCCC7MSSILVE.png","width":800,"height":1600},{"@type":"BreadcrumbList","@id":"https:\/\/www.mexicanguitarplayers.com\/tienda\/cuerdas\/guitarras-cuerdas\/electricas\/guitarras-electricas-solidas\/guitarra-schecter-el-c-7-ms-silver-moun\/#breadcrumb","itemListElement":[{"@type":"ListItem","position":1,"name":"Portada","item":"https:\/\/www.mexicanguitarplayers.com\/"},{"@type":"ListItem","position":2,"name":"Tienda","item":"https:\/\/www.mexicanguitarplayers.com\/tienda\/"},{"@type":"ListItem","position":3,"name":"GUITARRA SCHECTER EL. C-7 MS SILVER MOUN"}]},{"@type":"WebSite","@id":"https:\/\/www.mexicanguitarplayers.com\/#website","url":"https:\/\/www.mexicanguitarplayers.com\/","name":"Mexican Guitar Players","description":"Website","publisher":{"@id":"https:\/\/www.mexicanguitarplayers.com\/#organization"},"potentialAction":[{"@type":"SearchAction","target":{"@type":"EntryPoint","urlTemplate":"https:\/\/www.mexicanguitarplayers.com\/?s={search_term_string}"},"query-input":{"@type":"PropertyValueSpecification","valueRequired":true,"valueName":"search_term_string"}}],"inLanguage":"en-US"},{"@type":"Organization","@id":"https:\/\/www.mexicanguitarplayers.com\/#organization","name":"Mexican Guitar Players","url":"https:\/\/www.mexicanguitarplayers.com\/","logo":{"@type":"ImageObject","inLanguage":"en-US","@id":"https:\/\/www.mexicanguitarplayers.com\/#\/schema\/logo\/image\/","url":"","contentUrl":"","caption":"Mexican Guitar Players"},"image":{"@id":"https:\/\/www.mexicanguitarplayers.com\/#\/schema\/logo\/image\/"}}]}},"brands":[{"id":175,"name":"SCHECTER","slug":"schecter"}],"_links":{"self":[{"href":"https:\/\/www.mexicanguitarplayers.com\/en\/wp-json\/wp\/v2\/product\/10755","targetHints":{"allow":["GET"]}}],"collection":[{"href":"https:\/\/www.mexicanguitarplayers.com\/en\/wp-json\/wp\/v2\/product"}],"about":[{"href":"https:\/\/www.mexicanguitarplayers.com\/en\/wp-json\/wp\/v2\/types\/product"}],"replies":[{"embeddable":true,"href":"https:\/\/www.mexicanguitarplayers.com\/en\/wp-json\/wp\/v2\/comments?post=10755"}],"wp:featuredmedia":[{"embeddable":true,"href":"https:\/\/www.mexicanguitarplayers.com\/en\/wp-json\/wp\/v2\/media\/10754"}],"wp:attachment":[{"href":"https:\/\/www.mexicanguitarplayers.com\/en\/wp-json\/wp\/v2\/media?parent=10755"}],"wp:term":[{"taxonomy":"pwb-brand","embeddable":true,"href":"https:\/\/www.mexicanguitarplayers.com\/en\/wp-json\/wp\/v2\/pwb-brand?post=10755"},{"taxonomy":"product_brand","embeddable":true,"href":"https:\/\/www.mexicanguitarplayers.com\/en\/wp-json\/wp\/v2\/product_brand?post=10755"},{"taxonomy":"product_cat","embeddable":true,"href":"https:\/\/www.mexicanguitarplayers.com\/en\/wp-json\/wp\/v2\/product_cat?post=10755"},{"taxonomy":"product_tag","embeddable":true,"href":"https:\/\/www.mexicanguitarplayers.com\/en\/wp-json\/wp\/v2\/product_tag?post=10755"}],"curies":[{"name":"wp","href":"https:\/\/api.w.org\/{rel}","templated":true}]}}