{"id":10761,"date":"2022-08-18T01:53:18","date_gmt":"2022-08-18T06:53:18","guid":{"rendered":"https:\/\/www.mexicanguitarplayers.com\/tienda\/sin%20categor\u00eda\/guitarra-schecter-el-hellr-c-7-fr-s-lh\/"},"modified":"2026-04-10T05:20:19","modified_gmt":"2026-04-10T11:20:19","slug":"guitarra-schecter-el-hellr-c-7-fr-s-lh","status":"publish","type":"product","link":"https:\/\/www.mexicanguitarplayers.com\/en\/tienda\/cuerdas\/guitarras-cuerdas\/electricas\/guitarras-electricas-solidas\/guitarra-schecter-el-hellr-c-7-fr-s-lh\/","title":{"rendered":"SCHECTER EL GUITAR. HELLR. C-7 FR S LH"},"content":{"rendered":"<div style=\"text-align: justify\">\n<div>\n<h3>SCHECTER EL GUITAR. HELLR. C-7 FR S LH<\/h3>\n<\/div>\n<div>Solid left-handed 7-string electric guitar, mahogany body, arched quilted maple top, black chrome hardware, Set-Neck construction with Ultra Access, abalone binding with BLK\/WHT\/BLK multilayer, Floyd Rose 1000 Series bridge, Grover machinery, Mahogany 3-piece slim C neck, 16&quot; (406 mm) radius rosewood fingerboard, abalone Gothic cross inlays, scale: 26.5&quot; (673 mm), thickness at 1st fret: .787&quot; ( 20 mm) and 12th fret: .866\u201d (22 mm), 24 X-Jumbo frets, 1.874\u201d (47.6 mm) wide Floyd Rose nut, 2-way adjustable truss rod with 5\/32\u201d Allen nut ( 4 mm), Controls: Volume, Tone, Intensity, 3-way switch (pickup), 2-way On\/Off switch (Sustainiac), 3-way toggle for Sustainiac mode (Fundamental-Mix-Harmonic), Bridge Pickup: EMG 81-7, neck pickup: Sustainiac, clip-on battery compartment with dual 9V, knurled metal knobs with set screw.<\/div>\n<\/div>","protected":false},"excerpt":{"rendered":"<p>Guitarra el\u00e9ctrica s\u00f3lida zurda de 7 cuerdas, cuerpo de caoba, tapa arqueada de maple acolchado, hardware cromado negro, construcci\u00f3n Set-Neck con Ultra Acceso, uni\u00f3n en abalone con  BLK\/WHT\/BLK multicapa, puente Floyd Rose 1000 Series, maquinaria Grover, brazo C delgado de 3 piezas de caoba, diapas\u00f3n de palo de rosa de 16\u201d (406 mm) de radio, incrustaciones de cruces g\u00f3ticas de abalone, escala: 26.5\u201d (673 mm), espesor en el primer traste: .787\u201d (20 mm) y en el traste 12: .866\u201d (22 mm), 24 trastes X-Jumbo, cejuela Floyd Rose de 1.874\u201d (47.6 mm) de ancho, alma ajustable de 2 v\u00edas con tuerca Allen de 5\/32\u201d (4 mm), controles: Volumen, tono, intensidad, selector de 3 posiciones (pastilla), selector de 2 posiciones On\/Off (Sustainiac), palanca de 3 posiciones para modo Sustainiac (Fundamental-Mix-Harmonic), pastilla del puente: EMG 81-7, pastilla del brazo: Sustainiac, compartimento de bater\u00eda de clip con doble 9V, perillas de metal moleteado con tornillo de fijaci\u00f3n.&hellip; <a class=\"kt-excerpt-readmore more-link\" href=\"https:\/\/www.mexicanguitarplayers.com\/en\/tienda\/cuerdas\/guitarras-cuerdas\/electricas\/guitarras-electricas-solidas\/guitarra-schecter-el-hellr-c-7-fr-s-lh\/\">Read more<\/a><\/p>","protected":false},"featured_media":10760,"comment_status":"open","ping_status":"closed","template":"","meta":{"kt_blocks_editor_width":""},"pwb-brand":[175],"product_brand":[],"product_cat":[224,313,312,314],"product_tag":[],"class_list":{"0":"post-10761","1":"product","2":"type-product","3":"status-publish","4":"has-post-thumbnail","6":"pwb-brand-schecter","7":"product_cat-cuerdas","8":"product_cat-electricas","9":"product_cat-guitarras-cuerdas","10":"product_cat-guitarras-electricas-solidas","11":"product_shipping_class-20-25-kg","13":"first","14":"outofstock","15":"taxable","16":"shipping-taxable","17":"purchasable","18":"product-type-simple"},"yoast_head":"<!-- This site is optimized with the Yoast SEO plugin v27.5 - https:\/\/yoast.com\/product\/yoast-seo-wordpress\/ -->\n<title>GUITARRA SCHECTER EL. HELLR. C-7 FR S LH - Mexican Guitar Players<\/title>\n<meta name=\"description\" content=\"GUITARRA SCHECTER EL. HELLR. C-7 FR S LH. Guitarra el\u00e9ctrica s\u00f3lida zurda de 7 cuerdas, cuerpo de caoba, tapa arqueada de maple acolchado, hardware cromado negro, construcci\u00f3n Set-Neck con Ultra Acceso, uni\u00f3n en abalone con BLK\/WHT\/BLK multicapa, puente Floyd Rose 1000 Series, maquinaria Grover, brazo C delgado de 3 piezas de caoba, diapas\u00f3n de palo de rosa de 16\u201d (406 mm) de radio, incrustaciones de cruces g\u00f3ticas de abalone, escala: 26.5\u201d (673 mm), espesor en el primer traste: .787\u201d (20 mm) y en el traste 12: .866\u201d (22 mm), 24 trastes X-Jumbo, cejuela Floyd Rose de 1.874\u201d (47.6 mm) de ancho, alma ajustable de 2 v\u00edas con tuerca Allen de 5\/32\u201d (4 mm), controles: Volumen, tono, intensidad, selector de 3 posiciones (pastilla), selector de 2 posiciones On\/Off (Sustainiac), palanca de 3 posiciones para modo Sustainiac (Fundamental-Mix-Harmonic), pastilla del puente: EMG 81-7, pastilla del brazo: Sustainiac, compartimento de bater\u00eda de clip con doble 9V, perillas de metal moleteado con tornillo de fijaci\u00f3n.\" \/>\n<meta name=\"robots\" content=\"index, follow, max-snippet:-1, max-image-preview:large, max-video-preview:-1\" \/>\n<link rel=\"canonical\" href=\"https:\/\/www.mexicanguitarplayers.com\/en\/tienda\/cuerdas\/guitarras-cuerdas\/electricas\/guitarras-electricas-solidas\/guitarra-schecter-el-hellr-c-7-fr-s-lh\/\" \/>\n<meta property=\"og:locale\" content=\"en_US\" \/>\n<meta property=\"og:type\" content=\"article\" \/>\n<meta property=\"og:title\" content=\"GUITARRA SCHECTER EL. HELLR. C-7 FR S LH - Mexican Guitar Players\" \/>\n<meta property=\"og:description\" content=\"GUITARRA SCHECTER EL. HELLR. C-7 FR S LH. Guitarra el\u00e9ctrica s\u00f3lida zurda de 7 cuerdas, cuerpo de caoba, tapa arqueada de maple acolchado, hardware cromado negro, construcci\u00f3n Set-Neck con Ultra Acceso, uni\u00f3n en abalone con BLK\/WHT\/BLK multicapa, puente Floyd Rose 1000 Series, maquinaria Grover, brazo C delgado de 3 piezas de caoba, diapas\u00f3n de palo de rosa de 16\u201d (406 mm) de radio, incrustaciones de cruces g\u00f3ticas de abalone, escala: 26.5\u201d (673 mm), espesor en el primer traste: .787\u201d (20 mm) y en el traste 12: .866\u201d (22 mm), 24 trastes X-Jumbo, cejuela Floyd Rose de 1.874\u201d (47.6 mm) de ancho, alma ajustable de 2 v\u00edas con tuerca Allen de 5\/32\u201d (4 mm), controles: Volumen, tono, intensidad, selector de 3 posiciones (pastilla), selector de 2 posiciones On\/Off (Sustainiac), palanca de 3 posiciones para modo Sustainiac (Fundamental-Mix-Harmonic), pastilla del puente: EMG 81-7, pastilla del brazo: Sustainiac, compartimento de bater\u00eda de clip con doble 9V, perillas de metal moleteado con tornillo de fijaci\u00f3n.\" \/>\n<meta property=\"og:url\" content=\"https:\/\/www.mexicanguitarplayers.com\/en\/tienda\/cuerdas\/guitarras-cuerdas\/electricas\/guitarras-electricas-solidas\/guitarra-schecter-el-hellr-c-7-fr-s-lh\/\" \/>\n<meta property=\"og:site_name\" content=\"Mexican Guitar Players\" \/>\n<meta property=\"article:modified_time\" content=\"2026-04-10T11:20:19+00:00\" \/>\n<meta property=\"og:image\" content=\"https:\/\/www.mexicanguitarplayers.com\/wp-content\/uploads\/2022\/08\/ISSCCHRC7FRSLH.jpg\" \/>\n\t<meta property=\"og:image:width\" content=\"800\" \/>\n\t<meta property=\"og:image:height\" content=\"1600\" \/>\n\t<meta property=\"og:image:type\" content=\"image\/jpeg\" \/>\n<meta name=\"twitter:card\" content=\"summary_large_image\" \/>\n<meta name=\"twitter:label1\" content=\"Est. reading time\" \/>\n\t<meta name=\"twitter:data1\" content=\"1 minute\" \/>\n<script type=\"application\/ld+json\" class=\"yoast-schema-graph\">{\"@context\":\"https:\\\/\\\/schema.org\",\"@graph\":[{\"@type\":[\"WebPage\",\"ItemPage\"],\"@id\":\"https:\\\/\\\/www.mexicanguitarplayers.com\\\/tienda\\\/cuerdas\\\/guitarras-cuerdas\\\/electricas\\\/guitarras-electricas-solidas\\\/guitarra-schecter-el-hellr-c-7-fr-s-lh\\\/\",\"url\":\"https:\\\/\\\/www.mexicanguitarplayers.com\\\/tienda\\\/cuerdas\\\/guitarras-cuerdas\\\/electricas\\\/guitarras-electricas-solidas\\\/guitarra-schecter-el-hellr-c-7-fr-s-lh\\\/\",\"name\":\"GUITARRA SCHECTER EL. HELLR. C-7 FR S LH - Mexican Guitar Players\",\"isPartOf\":{\"@id\":\"https:\\\/\\\/www.mexicanguitarplayers.com\\\/#website\"},\"primaryImageOfPage\":{\"@id\":\"https:\\\/\\\/www.mexicanguitarplayers.com\\\/tienda\\\/cuerdas\\\/guitarras-cuerdas\\\/electricas\\\/guitarras-electricas-solidas\\\/guitarra-schecter-el-hellr-c-7-fr-s-lh\\\/#primaryimage\"},\"image\":{\"@id\":\"https:\\\/\\\/www.mexicanguitarplayers.com\\\/tienda\\\/cuerdas\\\/guitarras-cuerdas\\\/electricas\\\/guitarras-electricas-solidas\\\/guitarra-schecter-el-hellr-c-7-fr-s-lh\\\/#primaryimage\"},\"thumbnailUrl\":\"https:\\\/\\\/www.mexicanguitarplayers.com\\\/wp-content\\\/uploads\\\/2022\\\/08\\\/ISSCCHRC7FRSLH.jpg\",\"datePublished\":\"2022-08-18T06:53:18+00:00\",\"dateModified\":\"2026-04-10T11:20:19+00:00\",\"description\":\"GUITARRA SCHECTER EL. HELLR. C-7 FR S LH. Guitarra el\u00e9ctrica s\u00f3lida zurda de 7 cuerdas, cuerpo de caoba, tapa arqueada de maple acolchado, hardware cromado negro, construcci\u00f3n Set-Neck con Ultra Acceso, uni\u00f3n en abalone con BLK\\\/WHT\\\/BLK multicapa, puente Floyd Rose 1000 Series, maquinaria Grover, brazo C delgado de 3 piezas de caoba, diapas\u00f3n de palo de rosa de 16\u201d (406 mm) de radio, incrustaciones de cruces g\u00f3ticas de abalone, escala: 26.5\u201d (673 mm), espesor en el primer traste: .787\u201d (20 mm) y en el traste 12: .866\u201d (22 mm), 24 trastes X-Jumbo, cejuela Floyd Rose de 1.874\u201d (47.6 mm) de ancho, alma ajustable de 2 v\u00edas con tuerca Allen de 5\\\/32\u201d (4 mm), controles: Volumen, tono, intensidad, selector de 3 posiciones (pastilla), selector de 2 posiciones On\\\/Off (Sustainiac), palanca de 3 posiciones para modo Sustainiac (Fundamental-Mix-Harmonic), pastilla del puente: EMG 81-7, pastilla del brazo: Sustainiac, compartimento de bater\u00eda de clip con doble 9V, perillas de metal moleteado con tornillo de fijaci\u00f3n.\",\"breadcrumb\":{\"@id\":\"https:\\\/\\\/www.mexicanguitarplayers.com\\\/tienda\\\/cuerdas\\\/guitarras-cuerdas\\\/electricas\\\/guitarras-electricas-solidas\\\/guitarra-schecter-el-hellr-c-7-fr-s-lh\\\/#breadcrumb\"},\"inLanguage\":\"en-US\",\"potentialAction\":[{\"@type\":\"ReadAction\",\"target\":[\"https:\\\/\\\/www.mexicanguitarplayers.com\\\/tienda\\\/cuerdas\\\/guitarras-cuerdas\\\/electricas\\\/guitarras-electricas-solidas\\\/guitarra-schecter-el-hellr-c-7-fr-s-lh\\\/\"]}]},{\"@type\":\"ImageObject\",\"inLanguage\":\"en-US\",\"@id\":\"https:\\\/\\\/www.mexicanguitarplayers.com\\\/tienda\\\/cuerdas\\\/guitarras-cuerdas\\\/electricas\\\/guitarras-electricas-solidas\\\/guitarra-schecter-el-hellr-c-7-fr-s-lh\\\/#primaryimage\",\"url\":\"https:\\\/\\\/www.mexicanguitarplayers.com\\\/wp-content\\\/uploads\\\/2022\\\/08\\\/ISSCCHRC7FRSLH.jpg\",\"contentUrl\":\"https:\\\/\\\/www.mexicanguitarplayers.com\\\/wp-content\\\/uploads\\\/2022\\\/08\\\/ISSCCHRC7FRSLH.jpg\",\"width\":800,\"height\":1600},{\"@type\":\"BreadcrumbList\",\"@id\":\"https:\\\/\\\/www.mexicanguitarplayers.com\\\/tienda\\\/cuerdas\\\/guitarras-cuerdas\\\/electricas\\\/guitarras-electricas-solidas\\\/guitarra-schecter-el-hellr-c-7-fr-s-lh\\\/#breadcrumb\",\"itemListElement\":[{\"@type\":\"ListItem\",\"position\":1,\"name\":\"Portada\",\"item\":\"https:\\\/\\\/www.mexicanguitarplayers.com\\\/\"},{\"@type\":\"ListItem\",\"position\":2,\"name\":\"Tienda\",\"item\":\"https:\\\/\\\/www.mexicanguitarplayers.com\\\/tienda\\\/\"},{\"@type\":\"ListItem\",\"position\":3,\"name\":\"GUITARRA SCHECTER EL. HELLR. C-7 FR S LH\"}]},{\"@type\":\"WebSite\",\"@id\":\"https:\\\/\\\/www.mexicanguitarplayers.com\\\/#website\",\"url\":\"https:\\\/\\\/www.mexicanguitarplayers.com\\\/\",\"name\":\"Mexican Guitar Players\",\"description\":\"Website\",\"publisher\":{\"@id\":\"https:\\\/\\\/www.mexicanguitarplayers.com\\\/#organization\"},\"potentialAction\":[{\"@type\":\"SearchAction\",\"target\":{\"@type\":\"EntryPoint\",\"urlTemplate\":\"https:\\\/\\\/www.mexicanguitarplayers.com\\\/?s={search_term_string}\"},\"query-input\":{\"@type\":\"PropertyValueSpecification\",\"valueRequired\":true,\"valueName\":\"search_term_string\"}}],\"inLanguage\":\"en-US\"},{\"@type\":\"Organization\",\"@id\":\"https:\\\/\\\/www.mexicanguitarplayers.com\\\/#organization\",\"name\":\"Mexican Guitar Players\",\"url\":\"https:\\\/\\\/www.mexicanguitarplayers.com\\\/\",\"logo\":{\"@type\":\"ImageObject\",\"inLanguage\":\"en-US\",\"@id\":\"https:\\\/\\\/www.mexicanguitarplayers.com\\\/#\\\/schema\\\/logo\\\/image\\\/\",\"url\":\"\",\"contentUrl\":\"\",\"caption\":\"Mexican Guitar Players\"},\"image\":{\"@id\":\"https:\\\/\\\/www.mexicanguitarplayers.com\\\/#\\\/schema\\\/logo\\\/image\\\/\"}}]}<\/script>\n<!-- \/ Yoast SEO plugin. -->","yoast_head_json":{"title":"GUITARRA SCHECTER EL. HELLR. C-7 FR S LH - Mexican Guitar Players","description":"GUITARRA SCHECTER EL. HELLR. C-7 FR S LH. Guitarra el\u00e9ctrica s\u00f3lida zurda de 7 cuerdas, cuerpo de caoba, tapa arqueada de maple acolchado, hardware cromado negro, construcci\u00f3n Set-Neck con Ultra Acceso, uni\u00f3n en abalone con BLK\/WHT\/BLK multicapa, puente Floyd Rose 1000 Series, maquinaria Grover, brazo C delgado de 3 piezas de caoba, diapas\u00f3n de palo de rosa de 16\u201d (406 mm) de radio, incrustaciones de cruces g\u00f3ticas de abalone, escala: 26.5\u201d (673 mm), espesor en el primer traste: .787\u201d (20 mm) y en el traste 12: .866\u201d (22 mm), 24 trastes X-Jumbo, cejuela Floyd Rose de 1.874\u201d (47.6 mm) de ancho, alma ajustable de 2 v\u00edas con tuerca Allen de 5\/32\u201d (4 mm), controles: Volumen, tono, intensidad, selector de 3 posiciones (pastilla), selector de 2 posiciones On\/Off (Sustainiac), palanca de 3 posiciones para modo Sustainiac (Fundamental-Mix-Harmonic), pastilla del puente: EMG 81-7, pastilla del brazo: Sustainiac, compartimento de bater\u00eda de clip con doble 9V, perillas de metal moleteado con tornillo de fijaci\u00f3n.","robots":{"index":"index","follow":"follow","max-snippet":"max-snippet:-1","max-image-preview":"max-image-preview:large","max-video-preview":"max-video-preview:-1"},"canonical":"https:\/\/www.mexicanguitarplayers.com\/en\/tienda\/cuerdas\/guitarras-cuerdas\/electricas\/guitarras-electricas-solidas\/guitarra-schecter-el-hellr-c-7-fr-s-lh\/","og_locale":"en_US","og_type":"article","og_title":"GUITARRA SCHECTER EL. HELLR. C-7 FR S LH - Mexican Guitar Players","og_description":"GUITARRA SCHECTER EL. HELLR. C-7 FR S LH. Guitarra el\u00e9ctrica s\u00f3lida zurda de 7 cuerdas, cuerpo de caoba, tapa arqueada de maple acolchado, hardware cromado negro, construcci\u00f3n Set-Neck con Ultra Acceso, uni\u00f3n en abalone con BLK\/WHT\/BLK multicapa, puente Floyd Rose 1000 Series, maquinaria Grover, brazo C delgado de 3 piezas de caoba, diapas\u00f3n de palo de rosa de 16\u201d (406 mm) de radio, incrustaciones de cruces g\u00f3ticas de abalone, escala: 26.5\u201d (673 mm), espesor en el primer traste: .787\u201d (20 mm) y en el traste 12: .866\u201d (22 mm), 24 trastes X-Jumbo, cejuela Floyd Rose de 1.874\u201d (47.6 mm) de ancho, alma ajustable de 2 v\u00edas con tuerca Allen de 5\/32\u201d (4 mm), controles: Volumen, tono, intensidad, selector de 3 posiciones (pastilla), selector de 2 posiciones On\/Off (Sustainiac), palanca de 3 posiciones para modo Sustainiac (Fundamental-Mix-Harmonic), pastilla del puente: EMG 81-7, pastilla del brazo: Sustainiac, compartimento de bater\u00eda de clip con doble 9V, perillas de metal moleteado con tornillo de fijaci\u00f3n.","og_url":"https:\/\/www.mexicanguitarplayers.com\/en\/tienda\/cuerdas\/guitarras-cuerdas\/electricas\/guitarras-electricas-solidas\/guitarra-schecter-el-hellr-c-7-fr-s-lh\/","og_site_name":"Mexican Guitar Players","article_modified_time":"2026-04-10T11:20:19+00:00","og_image":[{"width":800,"height":1600,"url":"https:\/\/www.mexicanguitarplayers.com\/wp-content\/uploads\/2022\/08\/ISSCCHRC7FRSLH.jpg","type":"image\/jpeg"}],"twitter_card":"summary_large_image","twitter_misc":{"Est. reading time":"1 minute"},"schema":{"@context":"https:\/\/schema.org","@graph":[{"@type":["WebPage","ItemPage"],"@id":"https:\/\/www.mexicanguitarplayers.com\/tienda\/cuerdas\/guitarras-cuerdas\/electricas\/guitarras-electricas-solidas\/guitarra-schecter-el-hellr-c-7-fr-s-lh\/","url":"https:\/\/www.mexicanguitarplayers.com\/tienda\/cuerdas\/guitarras-cuerdas\/electricas\/guitarras-electricas-solidas\/guitarra-schecter-el-hellr-c-7-fr-s-lh\/","name":"GUITARRA SCHECTER EL. HELLR. C-7 FR S LH - Mexican Guitar Players","isPartOf":{"@id":"https:\/\/www.mexicanguitarplayers.com\/#website"},"primaryImageOfPage":{"@id":"https:\/\/www.mexicanguitarplayers.com\/tienda\/cuerdas\/guitarras-cuerdas\/electricas\/guitarras-electricas-solidas\/guitarra-schecter-el-hellr-c-7-fr-s-lh\/#primaryimage"},"image":{"@id":"https:\/\/www.mexicanguitarplayers.com\/tienda\/cuerdas\/guitarras-cuerdas\/electricas\/guitarras-electricas-solidas\/guitarra-schecter-el-hellr-c-7-fr-s-lh\/#primaryimage"},"thumbnailUrl":"https:\/\/www.mexicanguitarplayers.com\/wp-content\/uploads\/2022\/08\/ISSCCHRC7FRSLH.jpg","datePublished":"2022-08-18T06:53:18+00:00","dateModified":"2026-04-10T11:20:19+00:00","description":"GUITARRA SCHECTER EL. HELLR. C-7 FR S LH. Guitarra el\u00e9ctrica s\u00f3lida zurda de 7 cuerdas, cuerpo de caoba, tapa arqueada de maple acolchado, hardware cromado negro, construcci\u00f3n Set-Neck con Ultra Acceso, uni\u00f3n en abalone con BLK\/WHT\/BLK multicapa, puente Floyd Rose 1000 Series, maquinaria Grover, brazo C delgado de 3 piezas de caoba, diapas\u00f3n de palo de rosa de 16\u201d (406 mm) de radio, incrustaciones de cruces g\u00f3ticas de abalone, escala: 26.5\u201d (673 mm), espesor en el primer traste: .787\u201d (20 mm) y en el traste 12: .866\u201d (22 mm), 24 trastes X-Jumbo, cejuela Floyd Rose de 1.874\u201d (47.6 mm) de ancho, alma ajustable de 2 v\u00edas con tuerca Allen de 5\/32\u201d (4 mm), controles: Volumen, tono, intensidad, selector de 3 posiciones (pastilla), selector de 2 posiciones On\/Off (Sustainiac), palanca de 3 posiciones para modo Sustainiac (Fundamental-Mix-Harmonic), pastilla del puente: EMG 81-7, pastilla del brazo: Sustainiac, compartimento de bater\u00eda de clip con doble 9V, perillas de metal moleteado con tornillo de fijaci\u00f3n.","breadcrumb":{"@id":"https:\/\/www.mexicanguitarplayers.com\/tienda\/cuerdas\/guitarras-cuerdas\/electricas\/guitarras-electricas-solidas\/guitarra-schecter-el-hellr-c-7-fr-s-lh\/#breadcrumb"},"inLanguage":"en-US","potentialAction":[{"@type":"ReadAction","target":["https:\/\/www.mexicanguitarplayers.com\/tienda\/cuerdas\/guitarras-cuerdas\/electricas\/guitarras-electricas-solidas\/guitarra-schecter-el-hellr-c-7-fr-s-lh\/"]}]},{"@type":"ImageObject","inLanguage":"en-US","@id":"https:\/\/www.mexicanguitarplayers.com\/tienda\/cuerdas\/guitarras-cuerdas\/electricas\/guitarras-electricas-solidas\/guitarra-schecter-el-hellr-c-7-fr-s-lh\/#primaryimage","url":"https:\/\/www.mexicanguitarplayers.com\/wp-content\/uploads\/2022\/08\/ISSCCHRC7FRSLH.jpg","contentUrl":"https:\/\/www.mexicanguitarplayers.com\/wp-content\/uploads\/2022\/08\/ISSCCHRC7FRSLH.jpg","width":800,"height":1600},{"@type":"BreadcrumbList","@id":"https:\/\/www.mexicanguitarplayers.com\/tienda\/cuerdas\/guitarras-cuerdas\/electricas\/guitarras-electricas-solidas\/guitarra-schecter-el-hellr-c-7-fr-s-lh\/#breadcrumb","itemListElement":[{"@type":"ListItem","position":1,"name":"Portada","item":"https:\/\/www.mexicanguitarplayers.com\/"},{"@type":"ListItem","position":2,"name":"Tienda","item":"https:\/\/www.mexicanguitarplayers.com\/tienda\/"},{"@type":"ListItem","position":3,"name":"GUITARRA SCHECTER EL. HELLR. C-7 FR S LH"}]},{"@type":"WebSite","@id":"https:\/\/www.mexicanguitarplayers.com\/#website","url":"https:\/\/www.mexicanguitarplayers.com\/","name":"Mexican Guitar Players","description":"Website","publisher":{"@id":"https:\/\/www.mexicanguitarplayers.com\/#organization"},"potentialAction":[{"@type":"SearchAction","target":{"@type":"EntryPoint","urlTemplate":"https:\/\/www.mexicanguitarplayers.com\/?s={search_term_string}"},"query-input":{"@type":"PropertyValueSpecification","valueRequired":true,"valueName":"search_term_string"}}],"inLanguage":"en-US"},{"@type":"Organization","@id":"https:\/\/www.mexicanguitarplayers.com\/#organization","name":"Mexican Guitar Players","url":"https:\/\/www.mexicanguitarplayers.com\/","logo":{"@type":"ImageObject","inLanguage":"en-US","@id":"https:\/\/www.mexicanguitarplayers.com\/#\/schema\/logo\/image\/","url":"","contentUrl":"","caption":"Mexican Guitar Players"},"image":{"@id":"https:\/\/www.mexicanguitarplayers.com\/#\/schema\/logo\/image\/"}}]}},"brands":[{"id":175,"name":"SCHECTER","slug":"schecter"}],"_links":{"self":[{"href":"https:\/\/www.mexicanguitarplayers.com\/en\/wp-json\/wp\/v2\/product\/10761","targetHints":{"allow":["GET"]}}],"collection":[{"href":"https:\/\/www.mexicanguitarplayers.com\/en\/wp-json\/wp\/v2\/product"}],"about":[{"href":"https:\/\/www.mexicanguitarplayers.com\/en\/wp-json\/wp\/v2\/types\/product"}],"replies":[{"embeddable":true,"href":"https:\/\/www.mexicanguitarplayers.com\/en\/wp-json\/wp\/v2\/comments?post=10761"}],"wp:featuredmedia":[{"embeddable":true,"href":"https:\/\/www.mexicanguitarplayers.com\/en\/wp-json\/wp\/v2\/media\/10760"}],"wp:attachment":[{"href":"https:\/\/www.mexicanguitarplayers.com\/en\/wp-json\/wp\/v2\/media?parent=10761"}],"wp:term":[{"taxonomy":"pwb-brand","embeddable":true,"href":"https:\/\/www.mexicanguitarplayers.com\/en\/wp-json\/wp\/v2\/pwb-brand?post=10761"},{"taxonomy":"product_brand","embeddable":true,"href":"https:\/\/www.mexicanguitarplayers.com\/en\/wp-json\/wp\/v2\/product_brand?post=10761"},{"taxonomy":"product_cat","embeddable":true,"href":"https:\/\/www.mexicanguitarplayers.com\/en\/wp-json\/wp\/v2\/product_cat?post=10761"},{"taxonomy":"product_tag","embeddable":true,"href":"https:\/\/www.mexicanguitarplayers.com\/en\/wp-json\/wp\/v2\/product_tag?post=10761"}],"curies":[{"name":"wp","href":"https:\/\/api.w.org\/{rel}","templated":true}]}}