{"id":10771,"date":"2022-08-18T01:53:31","date_gmt":"2022-08-18T06:53:31","guid":{"rendered":"https:\/\/www.mexicanguitarplayers.com\/tienda\/sin%20categor\u00eda\/guitarra-schecter-elect-pt-pro-maple\/"},"modified":"2026-04-10T05:20:15","modified_gmt":"2026-04-10T11:20:15","slug":"guitarra-schecter-elect-pt-pro-maple","status":"publish","type":"product","link":"https:\/\/www.mexicanguitarplayers.com\/en\/tienda\/cuerdas\/guitarras-cuerdas\/electricas\/guitarras-electricas-solidas\/guitarra-schecter-elect-pt-pro-maple\/","title":{"rendered":"SCHECTER ELECTRIC GUITAR. PT PRO-MAPLE"},"content":{"rendered":"<div style=\"text-align: justify\">\n<div>\n<h3>SCHECTER ELECTRIC GUITAR. PT PRO-MAPLE<\/h3>\n<\/div>\n<div>Solid Electric Guitar, Alder Body, Flat Quilted Maple Top, Single Ply Ivory Binding, Black Hardware, Bolt-on Construction, PT-H Bridge with Stainless Steel Saddles \/ String Thru Body, Skinny Roasted Maple C-Neck, 14\u201d (355mm) radius roasted maple fingerboard, Schecter Locking machinery, dot inlays, glow-in-the-dark dot markers, scale: 25.5\u201d (648mm), thickness at 1st fret: .787\u201d ( 20 mm) and at the 12th fret: .866\u201d (22 mm), 22 X-Jumbo frets, 1.653\u201d (42 mm) wide Graph Tech XL Black Tusq nut, 2-way adjustable truss rod with 5 Allen nut \/32\u201d (4 mm), Controls: Volume and Tone (Push-Pull) and 3-Position Switch, Bridge Pickup: Schecter USA Z-Plus\u2122, Neck Pickup: Schecter USA Z-Plus\u2122, Knurled Metal Knobs with fixing screw.<\/div>\n<\/div>","protected":false},"excerpt":{"rendered":"<p>Guitarra el\u00e9ctrica s\u00f3lida, cuerpo de aliso, tapa plana de maple acolchado, uni\u00f3n de una capa de marfil, hardware negro, construcci\u00f3n Bolt-on, puente PT-H con monturas de acero inoxidable \/ String Thru Body, brazo C delgado de maple tostado, diapas\u00f3n de maple tostado de 14\u201d (355 mm) de radio, maquinaria Schecter Locking, incrustaciones de puntos, marcadores de puntos que brillan en la oscuridad, escala: 25.5\u201d (648 mm), espesor en el primer traste: .787\u201d (20 mm) y en el traste 12: .866\u201d (22 mm), 22 trastes X-Jumbo, cejuela de Graph Tech XL Black Tusq de 1.653\u201d (42 mm) de ancho, alma ajustable de 2 v\u00edas con tuerca Allen de 5\/32\u201d (4 mm), controles: volumen y tono (Push-Pull) y selector de 3 posiciones, pastilla del puente: Schecter USA Z-Plus\u2122, pastilla del brazo: Schecter USA Z-Plus\u2122, perillas de metal moleteado con tornillo de fijaci\u00f3n.&hellip; <a class=\"kt-excerpt-readmore more-link\" href=\"https:\/\/www.mexicanguitarplayers.com\/en\/tienda\/cuerdas\/guitarras-cuerdas\/electricas\/guitarras-electricas-solidas\/guitarra-schecter-elect-pt-pro-maple\/\">Read more<\/a><\/p>","protected":false},"featured_media":10770,"comment_status":"open","ping_status":"closed","template":"","meta":{"kt_blocks_editor_width":""},"pwb-brand":[175],"product_brand":[],"product_cat":[224,313,312,314],"product_tag":[],"class_list":{"0":"post-10771","1":"product","2":"type-product","3":"status-publish","4":"has-post-thumbnail","6":"pwb-brand-schecter","7":"product_cat-cuerdas","8":"product_cat-electricas","9":"product_cat-guitarras-cuerdas","10":"product_cat-guitarras-electricas-solidas","11":"product_shipping_class-20-25-kg","13":"first","14":"instock","15":"featured","16":"taxable","17":"shipping-taxable","18":"purchasable","19":"product-type-simple"},"yoast_head":"<!-- This site is optimized with the Yoast SEO plugin v27.4 - https:\/\/yoast.com\/product\/yoast-seo-wordpress\/ -->\n<title>GUITARRA SCHECTER ELECT. PT PRO-MAPLE - Mexican Guitar Players<\/title>\n<meta name=\"description\" content=\"GUITARRA SCHECTER ELECT. PT PRO-MAPLE. Guitarra el\u00e9ctrica s\u00f3lida, cuerpo de aliso, tapa plana de maple acolchado, uni\u00f3n de una capa de marfil, hardware negro, construcci\u00f3n Bolt-on, puente PT-H con monturas de acero inoxidable \/ String Thru Body, brazo C delgado de maple tostado, diapas\u00f3n de maple tostado de 14\u201d (355 mm) de radio, maquinaria Schecter Locking, incrustaciones de puntos, marcadores de puntos que brillan en la oscuridad, escala: 25.5\u201d (648 mm), espesor en el primer traste: .787\u201d (20 mm) y en el traste 12: .866\u201d (22 mm), 22 trastes X-Jumbo, cejuela de Graph Tech XL Black Tusq de 1.653\u201d (42 mm) de ancho, alma ajustable de 2 v\u00edas con tuerca Allen de 5\/32\u201d (4 mm), controles: volumen y tono (Push-Pull) y selector de 3 posiciones, pastilla del puente: Schecter USA Z-Plus\u2122, pastilla del brazo: Schecter USA Z-Plus\u2122, perillas de metal moleteado con tornillo de fijaci\u00f3n.\" \/>\n<meta name=\"robots\" content=\"index, follow, max-snippet:-1, max-image-preview:large, max-video-preview:-1\" \/>\n<link rel=\"canonical\" href=\"https:\/\/www.mexicanguitarplayers.com\/en\/tienda\/cuerdas\/guitarras-cuerdas\/electricas\/guitarras-electricas-solidas\/guitarra-schecter-elect-pt-pro-maple\/\" \/>\n<meta property=\"og:locale\" content=\"en_US\" \/>\n<meta property=\"og:type\" content=\"article\" \/>\n<meta property=\"og:title\" content=\"GUITARRA SCHECTER ELECT. PT PRO-MAPLE - Mexican Guitar Players\" \/>\n<meta property=\"og:description\" content=\"GUITARRA SCHECTER ELECT. PT PRO-MAPLE. Guitarra el\u00e9ctrica s\u00f3lida, cuerpo de aliso, tapa plana de maple acolchado, uni\u00f3n de una capa de marfil, hardware negro, construcci\u00f3n Bolt-on, puente PT-H con monturas de acero inoxidable \/ String Thru Body, brazo C delgado de maple tostado, diapas\u00f3n de maple tostado de 14\u201d (355 mm) de radio, maquinaria Schecter Locking, incrustaciones de puntos, marcadores de puntos que brillan en la oscuridad, escala: 25.5\u201d (648 mm), espesor en el primer traste: .787\u201d (20 mm) y en el traste 12: .866\u201d (22 mm), 22 trastes X-Jumbo, cejuela de Graph Tech XL Black Tusq de 1.653\u201d (42 mm) de ancho, alma ajustable de 2 v\u00edas con tuerca Allen de 5\/32\u201d (4 mm), controles: volumen y tono (Push-Pull) y selector de 3 posiciones, pastilla del puente: Schecter USA Z-Plus\u2122, pastilla del brazo: Schecter USA Z-Plus\u2122, perillas de metal moleteado con tornillo de fijaci\u00f3n.\" \/>\n<meta property=\"og:url\" content=\"https:\/\/www.mexicanguitarplayers.com\/en\/tienda\/cuerdas\/guitarras-cuerdas\/electricas\/guitarras-electricas-solidas\/guitarra-schecter-elect-pt-pro-maple\/\" \/>\n<meta property=\"og:site_name\" content=\"Mexican Guitar Players\" \/>\n<meta property=\"article:modified_time\" content=\"2026-04-10T11:20:15+00:00\" \/>\n<meta property=\"og:image\" content=\"https:\/\/www.mexicanguitarplayers.com\/wp-content\/uploads\/2022\/08\/ISSCCPTPROMAPL.jpg\" \/>\n\t<meta property=\"og:image:width\" content=\"800\" \/>\n\t<meta property=\"og:image:height\" content=\"1600\" \/>\n\t<meta property=\"og:image:type\" content=\"image\/jpeg\" \/>\n<meta name=\"twitter:card\" content=\"summary_large_image\" \/>\n<meta name=\"twitter:label1\" content=\"Est. reading time\" \/>\n\t<meta name=\"twitter:data1\" content=\"1 minute\" \/>\n<script type=\"application\/ld+json\" class=\"yoast-schema-graph\">{\"@context\":\"https:\\\/\\\/schema.org\",\"@graph\":[{\"@type\":[\"WebPage\",\"ItemPage\"],\"@id\":\"https:\\\/\\\/www.mexicanguitarplayers.com\\\/tienda\\\/cuerdas\\\/guitarras-cuerdas\\\/electricas\\\/guitarras-electricas-solidas\\\/guitarra-schecter-elect-pt-pro-maple\\\/\",\"url\":\"https:\\\/\\\/www.mexicanguitarplayers.com\\\/tienda\\\/cuerdas\\\/guitarras-cuerdas\\\/electricas\\\/guitarras-electricas-solidas\\\/guitarra-schecter-elect-pt-pro-maple\\\/\",\"name\":\"GUITARRA SCHECTER ELECT. PT PRO-MAPLE - Mexican Guitar Players\",\"isPartOf\":{\"@id\":\"https:\\\/\\\/www.mexicanguitarplayers.com\\\/#website\"},\"primaryImageOfPage\":{\"@id\":\"https:\\\/\\\/www.mexicanguitarplayers.com\\\/tienda\\\/cuerdas\\\/guitarras-cuerdas\\\/electricas\\\/guitarras-electricas-solidas\\\/guitarra-schecter-elect-pt-pro-maple\\\/#primaryimage\"},\"image\":{\"@id\":\"https:\\\/\\\/www.mexicanguitarplayers.com\\\/tienda\\\/cuerdas\\\/guitarras-cuerdas\\\/electricas\\\/guitarras-electricas-solidas\\\/guitarra-schecter-elect-pt-pro-maple\\\/#primaryimage\"},\"thumbnailUrl\":\"https:\\\/\\\/www.mexicanguitarplayers.com\\\/wp-content\\\/uploads\\\/2022\\\/08\\\/ISSCCPTPROMAPL.jpg\",\"datePublished\":\"2022-08-18T06:53:31+00:00\",\"dateModified\":\"2026-04-10T11:20:15+00:00\",\"description\":\"GUITARRA SCHECTER ELECT. PT PRO-MAPLE. Guitarra el\u00e9ctrica s\u00f3lida, cuerpo de aliso, tapa plana de maple acolchado, uni\u00f3n de una capa de marfil, hardware negro, construcci\u00f3n Bolt-on, puente PT-H con monturas de acero inoxidable \\\/ String Thru Body, brazo C delgado de maple tostado, diapas\u00f3n de maple tostado de 14\u201d (355 mm) de radio, maquinaria Schecter Locking, incrustaciones de puntos, marcadores de puntos que brillan en la oscuridad, escala: 25.5\u201d (648 mm), espesor en el primer traste: .787\u201d (20 mm) y en el traste 12: .866\u201d (22 mm), 22 trastes X-Jumbo, cejuela de Graph Tech XL Black Tusq de 1.653\u201d (42 mm) de ancho, alma ajustable de 2 v\u00edas con tuerca Allen de 5\\\/32\u201d (4 mm), controles: volumen y tono (Push-Pull) y selector de 3 posiciones, pastilla del puente: Schecter USA Z-Plus\u2122, pastilla del brazo: Schecter USA Z-Plus\u2122, perillas de metal moleteado con tornillo de fijaci\u00f3n.\",\"breadcrumb\":{\"@id\":\"https:\\\/\\\/www.mexicanguitarplayers.com\\\/tienda\\\/cuerdas\\\/guitarras-cuerdas\\\/electricas\\\/guitarras-electricas-solidas\\\/guitarra-schecter-elect-pt-pro-maple\\\/#breadcrumb\"},\"inLanguage\":\"en-US\",\"potentialAction\":[{\"@type\":\"ReadAction\",\"target\":[\"https:\\\/\\\/www.mexicanguitarplayers.com\\\/tienda\\\/cuerdas\\\/guitarras-cuerdas\\\/electricas\\\/guitarras-electricas-solidas\\\/guitarra-schecter-elect-pt-pro-maple\\\/\"]}]},{\"@type\":\"ImageObject\",\"inLanguage\":\"en-US\",\"@id\":\"https:\\\/\\\/www.mexicanguitarplayers.com\\\/tienda\\\/cuerdas\\\/guitarras-cuerdas\\\/electricas\\\/guitarras-electricas-solidas\\\/guitarra-schecter-elect-pt-pro-maple\\\/#primaryimage\",\"url\":\"https:\\\/\\\/www.mexicanguitarplayers.com\\\/wp-content\\\/uploads\\\/2022\\\/08\\\/ISSCCPTPROMAPL.jpg\",\"contentUrl\":\"https:\\\/\\\/www.mexicanguitarplayers.com\\\/wp-content\\\/uploads\\\/2022\\\/08\\\/ISSCCPTPROMAPL.jpg\",\"width\":800,\"height\":1600},{\"@type\":\"BreadcrumbList\",\"@id\":\"https:\\\/\\\/www.mexicanguitarplayers.com\\\/tienda\\\/cuerdas\\\/guitarras-cuerdas\\\/electricas\\\/guitarras-electricas-solidas\\\/guitarra-schecter-elect-pt-pro-maple\\\/#breadcrumb\",\"itemListElement\":[{\"@type\":\"ListItem\",\"position\":1,\"name\":\"Portada\",\"item\":\"https:\\\/\\\/www.mexicanguitarplayers.com\\\/\"},{\"@type\":\"ListItem\",\"position\":2,\"name\":\"Tienda\",\"item\":\"https:\\\/\\\/www.mexicanguitarplayers.com\\\/tienda\\\/\"},{\"@type\":\"ListItem\",\"position\":3,\"name\":\"GUITARRA SCHECTER ELECT. PT PRO-MAPLE\"}]},{\"@type\":\"WebSite\",\"@id\":\"https:\\\/\\\/www.mexicanguitarplayers.com\\\/#website\",\"url\":\"https:\\\/\\\/www.mexicanguitarplayers.com\\\/\",\"name\":\"Mexican Guitar Players\",\"description\":\"Website\",\"publisher\":{\"@id\":\"https:\\\/\\\/www.mexicanguitarplayers.com\\\/#organization\"},\"potentialAction\":[{\"@type\":\"SearchAction\",\"target\":{\"@type\":\"EntryPoint\",\"urlTemplate\":\"https:\\\/\\\/www.mexicanguitarplayers.com\\\/?s={search_term_string}\"},\"query-input\":{\"@type\":\"PropertyValueSpecification\",\"valueRequired\":true,\"valueName\":\"search_term_string\"}}],\"inLanguage\":\"en-US\"},{\"@type\":\"Organization\",\"@id\":\"https:\\\/\\\/www.mexicanguitarplayers.com\\\/#organization\",\"name\":\"Mexican Guitar Players\",\"url\":\"https:\\\/\\\/www.mexicanguitarplayers.com\\\/\",\"logo\":{\"@type\":\"ImageObject\",\"inLanguage\":\"en-US\",\"@id\":\"https:\\\/\\\/www.mexicanguitarplayers.com\\\/#\\\/schema\\\/logo\\\/image\\\/\",\"url\":\"\",\"contentUrl\":\"\",\"caption\":\"Mexican Guitar Players\"},\"image\":{\"@id\":\"https:\\\/\\\/www.mexicanguitarplayers.com\\\/#\\\/schema\\\/logo\\\/image\\\/\"}}]}<\/script>\n<!-- \/ Yoast SEO plugin. -->","yoast_head_json":{"title":"GUITARRA SCHECTER ELECT. PT PRO-MAPLE - Mexican Guitar Players","description":"GUITARRA SCHECTER ELECT. PT PRO-MAPLE. Guitarra el\u00e9ctrica s\u00f3lida, cuerpo de aliso, tapa plana de maple acolchado, uni\u00f3n de una capa de marfil, hardware negro, construcci\u00f3n Bolt-on, puente PT-H con monturas de acero inoxidable \/ String Thru Body, brazo C delgado de maple tostado, diapas\u00f3n de maple tostado de 14\u201d (355 mm) de radio, maquinaria Schecter Locking, incrustaciones de puntos, marcadores de puntos que brillan en la oscuridad, escala: 25.5\u201d (648 mm), espesor en el primer traste: .787\u201d (20 mm) y en el traste 12: .866\u201d (22 mm), 22 trastes X-Jumbo, cejuela de Graph Tech XL Black Tusq de 1.653\u201d (42 mm) de ancho, alma ajustable de 2 v\u00edas con tuerca Allen de 5\/32\u201d (4 mm), controles: volumen y tono (Push-Pull) y selector de 3 posiciones, pastilla del puente: Schecter USA Z-Plus\u2122, pastilla del brazo: Schecter USA Z-Plus\u2122, perillas de metal moleteado con tornillo de fijaci\u00f3n.","robots":{"index":"index","follow":"follow","max-snippet":"max-snippet:-1","max-image-preview":"max-image-preview:large","max-video-preview":"max-video-preview:-1"},"canonical":"https:\/\/www.mexicanguitarplayers.com\/en\/tienda\/cuerdas\/guitarras-cuerdas\/electricas\/guitarras-electricas-solidas\/guitarra-schecter-elect-pt-pro-maple\/","og_locale":"en_US","og_type":"article","og_title":"GUITARRA SCHECTER ELECT. PT PRO-MAPLE - Mexican Guitar Players","og_description":"GUITARRA SCHECTER ELECT. PT PRO-MAPLE. Guitarra el\u00e9ctrica s\u00f3lida, cuerpo de aliso, tapa plana de maple acolchado, uni\u00f3n de una capa de marfil, hardware negro, construcci\u00f3n Bolt-on, puente PT-H con monturas de acero inoxidable \/ String Thru Body, brazo C delgado de maple tostado, diapas\u00f3n de maple tostado de 14\u201d (355 mm) de radio, maquinaria Schecter Locking, incrustaciones de puntos, marcadores de puntos que brillan en la oscuridad, escala: 25.5\u201d (648 mm), espesor en el primer traste: .787\u201d (20 mm) y en el traste 12: .866\u201d (22 mm), 22 trastes X-Jumbo, cejuela de Graph Tech XL Black Tusq de 1.653\u201d (42 mm) de ancho, alma ajustable de 2 v\u00edas con tuerca Allen de 5\/32\u201d (4 mm), controles: volumen y tono (Push-Pull) y selector de 3 posiciones, pastilla del puente: Schecter USA Z-Plus\u2122, pastilla del brazo: Schecter USA Z-Plus\u2122, perillas de metal moleteado con tornillo de fijaci\u00f3n.","og_url":"https:\/\/www.mexicanguitarplayers.com\/en\/tienda\/cuerdas\/guitarras-cuerdas\/electricas\/guitarras-electricas-solidas\/guitarra-schecter-elect-pt-pro-maple\/","og_site_name":"Mexican Guitar Players","article_modified_time":"2026-04-10T11:20:15+00:00","og_image":[{"width":800,"height":1600,"url":"https:\/\/www.mexicanguitarplayers.com\/wp-content\/uploads\/2022\/08\/ISSCCPTPROMAPL.jpg","type":"image\/jpeg"}],"twitter_card":"summary_large_image","twitter_misc":{"Est. reading time":"1 minute"},"schema":{"@context":"https:\/\/schema.org","@graph":[{"@type":["WebPage","ItemPage"],"@id":"https:\/\/www.mexicanguitarplayers.com\/tienda\/cuerdas\/guitarras-cuerdas\/electricas\/guitarras-electricas-solidas\/guitarra-schecter-elect-pt-pro-maple\/","url":"https:\/\/www.mexicanguitarplayers.com\/tienda\/cuerdas\/guitarras-cuerdas\/electricas\/guitarras-electricas-solidas\/guitarra-schecter-elect-pt-pro-maple\/","name":"GUITARRA SCHECTER ELECT. PT PRO-MAPLE - Mexican Guitar Players","isPartOf":{"@id":"https:\/\/www.mexicanguitarplayers.com\/#website"},"primaryImageOfPage":{"@id":"https:\/\/www.mexicanguitarplayers.com\/tienda\/cuerdas\/guitarras-cuerdas\/electricas\/guitarras-electricas-solidas\/guitarra-schecter-elect-pt-pro-maple\/#primaryimage"},"image":{"@id":"https:\/\/www.mexicanguitarplayers.com\/tienda\/cuerdas\/guitarras-cuerdas\/electricas\/guitarras-electricas-solidas\/guitarra-schecter-elect-pt-pro-maple\/#primaryimage"},"thumbnailUrl":"https:\/\/www.mexicanguitarplayers.com\/wp-content\/uploads\/2022\/08\/ISSCCPTPROMAPL.jpg","datePublished":"2022-08-18T06:53:31+00:00","dateModified":"2026-04-10T11:20:15+00:00","description":"GUITARRA SCHECTER ELECT. PT PRO-MAPLE. Guitarra el\u00e9ctrica s\u00f3lida, cuerpo de aliso, tapa plana de maple acolchado, uni\u00f3n de una capa de marfil, hardware negro, construcci\u00f3n Bolt-on, puente PT-H con monturas de acero inoxidable \/ String Thru Body, brazo C delgado de maple tostado, diapas\u00f3n de maple tostado de 14\u201d (355 mm) de radio, maquinaria Schecter Locking, incrustaciones de puntos, marcadores de puntos que brillan en la oscuridad, escala: 25.5\u201d (648 mm), espesor en el primer traste: .787\u201d (20 mm) y en el traste 12: .866\u201d (22 mm), 22 trastes X-Jumbo, cejuela de Graph Tech XL Black Tusq de 1.653\u201d (42 mm) de ancho, alma ajustable de 2 v\u00edas con tuerca Allen de 5\/32\u201d (4 mm), controles: volumen y tono (Push-Pull) y selector de 3 posiciones, pastilla del puente: Schecter USA Z-Plus\u2122, pastilla del brazo: Schecter USA Z-Plus\u2122, perillas de metal moleteado con tornillo de fijaci\u00f3n.","breadcrumb":{"@id":"https:\/\/www.mexicanguitarplayers.com\/tienda\/cuerdas\/guitarras-cuerdas\/electricas\/guitarras-electricas-solidas\/guitarra-schecter-elect-pt-pro-maple\/#breadcrumb"},"inLanguage":"en-US","potentialAction":[{"@type":"ReadAction","target":["https:\/\/www.mexicanguitarplayers.com\/tienda\/cuerdas\/guitarras-cuerdas\/electricas\/guitarras-electricas-solidas\/guitarra-schecter-elect-pt-pro-maple\/"]}]},{"@type":"ImageObject","inLanguage":"en-US","@id":"https:\/\/www.mexicanguitarplayers.com\/tienda\/cuerdas\/guitarras-cuerdas\/electricas\/guitarras-electricas-solidas\/guitarra-schecter-elect-pt-pro-maple\/#primaryimage","url":"https:\/\/www.mexicanguitarplayers.com\/wp-content\/uploads\/2022\/08\/ISSCCPTPROMAPL.jpg","contentUrl":"https:\/\/www.mexicanguitarplayers.com\/wp-content\/uploads\/2022\/08\/ISSCCPTPROMAPL.jpg","width":800,"height":1600},{"@type":"BreadcrumbList","@id":"https:\/\/www.mexicanguitarplayers.com\/tienda\/cuerdas\/guitarras-cuerdas\/electricas\/guitarras-electricas-solidas\/guitarra-schecter-elect-pt-pro-maple\/#breadcrumb","itemListElement":[{"@type":"ListItem","position":1,"name":"Portada","item":"https:\/\/www.mexicanguitarplayers.com\/"},{"@type":"ListItem","position":2,"name":"Tienda","item":"https:\/\/www.mexicanguitarplayers.com\/tienda\/"},{"@type":"ListItem","position":3,"name":"GUITARRA SCHECTER ELECT. PT PRO-MAPLE"}]},{"@type":"WebSite","@id":"https:\/\/www.mexicanguitarplayers.com\/#website","url":"https:\/\/www.mexicanguitarplayers.com\/","name":"Mexican Guitar Players","description":"Website","publisher":{"@id":"https:\/\/www.mexicanguitarplayers.com\/#organization"},"potentialAction":[{"@type":"SearchAction","target":{"@type":"EntryPoint","urlTemplate":"https:\/\/www.mexicanguitarplayers.com\/?s={search_term_string}"},"query-input":{"@type":"PropertyValueSpecification","valueRequired":true,"valueName":"search_term_string"}}],"inLanguage":"en-US"},{"@type":"Organization","@id":"https:\/\/www.mexicanguitarplayers.com\/#organization","name":"Mexican Guitar Players","url":"https:\/\/www.mexicanguitarplayers.com\/","logo":{"@type":"ImageObject","inLanguage":"en-US","@id":"https:\/\/www.mexicanguitarplayers.com\/#\/schema\/logo\/image\/","url":"","contentUrl":"","caption":"Mexican Guitar Players"},"image":{"@id":"https:\/\/www.mexicanguitarplayers.com\/#\/schema\/logo\/image\/"}}]}},"brands":[{"id":175,"name":"SCHECTER","slug":"schecter"}],"_links":{"self":[{"href":"https:\/\/www.mexicanguitarplayers.com\/en\/wp-json\/wp\/v2\/product\/10771","targetHints":{"allow":["GET"]}}],"collection":[{"href":"https:\/\/www.mexicanguitarplayers.com\/en\/wp-json\/wp\/v2\/product"}],"about":[{"href":"https:\/\/www.mexicanguitarplayers.com\/en\/wp-json\/wp\/v2\/types\/product"}],"replies":[{"embeddable":true,"href":"https:\/\/www.mexicanguitarplayers.com\/en\/wp-json\/wp\/v2\/comments?post=10771"}],"wp:featuredmedia":[{"embeddable":true,"href":"https:\/\/www.mexicanguitarplayers.com\/en\/wp-json\/wp\/v2\/media\/10770"}],"wp:attachment":[{"href":"https:\/\/www.mexicanguitarplayers.com\/en\/wp-json\/wp\/v2\/media?parent=10771"}],"wp:term":[{"taxonomy":"pwb-brand","embeddable":true,"href":"https:\/\/www.mexicanguitarplayers.com\/en\/wp-json\/wp\/v2\/pwb-brand?post=10771"},{"taxonomy":"product_brand","embeddable":true,"href":"https:\/\/www.mexicanguitarplayers.com\/en\/wp-json\/wp\/v2\/product_brand?post=10771"},{"taxonomy":"product_cat","embeddable":true,"href":"https:\/\/www.mexicanguitarplayers.com\/en\/wp-json\/wp\/v2\/product_cat?post=10771"},{"taxonomy":"product_tag","embeddable":true,"href":"https:\/\/www.mexicanguitarplayers.com\/en\/wp-json\/wp\/v2\/product_tag?post=10771"}],"curies":[{"name":"wp","href":"https:\/\/api.w.org\/{rel}","templated":true}]}}