{"id":10773,"date":"2022-08-18T01:53:33","date_gmt":"2022-08-18T06:53:33","guid":{"rendered":"https:\/\/www.mexicanguitarplayers.com\/tienda\/sin%20categor\u00eda\/guitarra-schecter-elect-reaper-7-ms\/"},"modified":"2026-05-01T07:46:18","modified_gmt":"2026-05-01T13:46:18","slug":"guitarra-schecter-elect-reaper-7-ms","status":"publish","type":"product","link":"https:\/\/www.mexicanguitarplayers.com\/en\/tienda\/cuerdas\/guitarras-cuerdas\/electricas\/guitarras-electricas-solidas\/guitarra-schecter-elect-reaper-7-ms\/","title":{"rendered":"SCHECTER ELECTRIC GUITAR. REAPER-7MS"},"content":{"rendered":"<div style=\"text-align: justify\">\n<div>\n<h3>SCHECTER ELECTRIC GUITAR. REAPER-7MS<\/h3>\n<\/div>\n<div>Solid 7-string electric guitar, swamp ash body, burl flat top, black and chrome hardware, construction: Set-Neck with Ultra Access, Hipshot Hardtail (.125) bridge with String Thru Body, Schecter machinery, C arm Ultra-Thin Multi-Ply Maple\/Walnut with Carbon Fiber Bracing Rods, Ebony Fingerboard, Inlays: Pearloid Offset and Reverse Dots, Scale: 25.5\u201d- 27\u201d (648mm \u2013 685.8mm), 24 Narrow-X-Frets Jumbo, 1.889\u201d (48mm) wide graphite nut, 2-way adjustable truss rod with 5\/32\u201d (4mm) Allen nut, one volume and one tone (Push-Pull), 3-way selector switch, pickup Bridge: Schecter Diamond Decimator, Neck Pickup: Schecter Diamond Decimator, Knurled metal knobs with adjustment screw.<\/div>\n<\/div>","protected":false},"excerpt":{"rendered":"<p>Guitarra el\u00e9ctrica s\u00f3lida de 7 cuerdas, cuerpo de fresno de pantano, tapa plana de madera burl, hardware negro y cromado, construcci\u00f3n: Set-Neck con Ultra Access, puente Hipshot Hardtail (.125) con String Thru Body, maquinaria Schecter, brazo C ultra delgado de Maple\/Nogal Multi-capa con varillas de refuerzo de fibra de carbono, diapas\u00f3n de \u00e9bano, incrustaciones: Pearloid Offset y puntos inversos, escala: 25.5\u201d- 27\u201d (648 mm &#8211; 685.8 mm), 24 trastes Narrow X-Jumbo, cejuela de grafito de 1.889\u201d (48 mm) de ancho, alma ajustable de 2 v\u00edas con tuerca Allen de 5\/32\u201d (4 mm), un volumen y un tono (Push-Pull), selector de 3 posiciones, pastilla del puente: Schecter Diamond Decimator, pastilla del brazo: Schecter Diamond Decimator, perillas de metal moleteado con tornillo de ajuste.&hellip; <a class=\"kt-excerpt-readmore more-link\" href=\"https:\/\/www.mexicanguitarplayers.com\/en\/tienda\/cuerdas\/guitarras-cuerdas\/electricas\/guitarras-electricas-solidas\/guitarra-schecter-elect-reaper-7-ms\/\">Read more<\/a><\/p>","protected":false},"featured_media":10772,"comment_status":"open","ping_status":"closed","template":"","meta":{"kt_blocks_editor_width":""},"pwb-brand":[175],"product_brand":[],"product_cat":[224,313,312,314],"product_tag":[],"class_list":{"0":"post-10773","1":"product","2":"type-product","3":"status-publish","4":"has-post-thumbnail","6":"pwb-brand-schecter","7":"product_cat-cuerdas","8":"product_cat-electricas","9":"product_cat-guitarras-cuerdas","10":"product_cat-guitarras-electricas-solidas","11":"product_shipping_class-20-25-kg","13":"first","14":"instock","15":"taxable","16":"shipping-taxable","17":"purchasable","18":"product-type-simple"},"yoast_head":"<!-- This site is optimized with the Yoast SEO plugin v27.5 - https:\/\/yoast.com\/product\/yoast-seo-wordpress\/ -->\n<title>GUITARRA SCHECTER ELECT. REAPER-7 MS - Mexican Guitar Players<\/title>\n<meta name=\"description\" content=\"GUITARRA SCHECTER ELECT. REAPER-7 MS. Guitarra el\u00e9ctrica s\u00f3lida de 7 cuerdas, cuerpo de fresno de pantano, tapa plana de madera burl, hardware negro y cromado, construcci\u00f3n: Set-Neck con Ultra Access, puente Hipshot Hardtail (.125) con String Thru Body, maquinaria Schecter, brazo C ultra delgado de Maple\/Nogal Multi-capa con varillas de refuerzo de fibra de carbono, diapas\u00f3n de \u00e9bano, incrustaciones: Pearloid Offset y puntos inversos, escala: 25.5\u201d- 27\u201d (648 mm - 685.8 mm), 24 trastes Narrow X-Jumbo, cejuela de grafito de 1.889\u201d (48 mm) de ancho, alma ajustable de 2 v\u00edas con tuerca Allen de 5\/32\u201d (4 mm), un volumen y un tono (Push-Pull), selector de 3 posiciones, pastilla del puente: Schecter Diamond Decimator, pastilla del brazo: Schecter Diamond Decimator, perillas de metal moleteado con tornillo de ajuste.\" \/>\n<meta name=\"robots\" content=\"index, follow, max-snippet:-1, max-image-preview:large, max-video-preview:-1\" \/>\n<link rel=\"canonical\" href=\"https:\/\/www.mexicanguitarplayers.com\/en\/tienda\/cuerdas\/guitarras-cuerdas\/electricas\/guitarras-electricas-solidas\/guitarra-schecter-elect-reaper-7-ms\/\" \/>\n<meta property=\"og:locale\" content=\"en_US\" \/>\n<meta property=\"og:type\" content=\"article\" \/>\n<meta property=\"og:title\" content=\"GUITARRA SCHECTER ELECT. REAPER-7 MS - Mexican Guitar Players\" \/>\n<meta property=\"og:description\" content=\"GUITARRA SCHECTER ELECT. REAPER-7 MS. Guitarra el\u00e9ctrica s\u00f3lida de 7 cuerdas, cuerpo de fresno de pantano, tapa plana de madera burl, hardware negro y cromado, construcci\u00f3n: Set-Neck con Ultra Access, puente Hipshot Hardtail (.125) con String Thru Body, maquinaria Schecter, brazo C ultra delgado de Maple\/Nogal Multi-capa con varillas de refuerzo de fibra de carbono, diapas\u00f3n de \u00e9bano, incrustaciones: Pearloid Offset y puntos inversos, escala: 25.5\u201d- 27\u201d (648 mm - 685.8 mm), 24 trastes Narrow X-Jumbo, cejuela de grafito de 1.889\u201d (48 mm) de ancho, alma ajustable de 2 v\u00edas con tuerca Allen de 5\/32\u201d (4 mm), un volumen y un tono (Push-Pull), selector de 3 posiciones, pastilla del puente: Schecter Diamond Decimator, pastilla del brazo: Schecter Diamond Decimator, perillas de metal moleteado con tornillo de ajuste.\" \/>\n<meta property=\"og:url\" content=\"https:\/\/www.mexicanguitarplayers.com\/en\/tienda\/cuerdas\/guitarras-cuerdas\/electricas\/guitarras-electricas-solidas\/guitarra-schecter-elect-reaper-7-ms\/\" \/>\n<meta property=\"og:site_name\" content=\"Mexican Guitar Players\" \/>\n<meta property=\"article:modified_time\" content=\"2026-05-01T13:46:18+00:00\" \/>\n<meta property=\"og:image\" content=\"https:\/\/www.mexicanguitarplayers.com\/wp-content\/uploads\/2022\/08\/ISSCCREAPER7MS.jpg\" \/>\n\t<meta property=\"og:image:width\" content=\"800\" \/>\n\t<meta property=\"og:image:height\" content=\"1600\" \/>\n\t<meta property=\"og:image:type\" content=\"image\/jpeg\" \/>\n<meta name=\"twitter:card\" content=\"summary_large_image\" \/>\n<meta name=\"twitter:label1\" content=\"Est. reading time\" \/>\n\t<meta name=\"twitter:data1\" content=\"1 minute\" \/>\n<script type=\"application\/ld+json\" class=\"yoast-schema-graph\">{\"@context\":\"https:\\\/\\\/schema.org\",\"@graph\":[{\"@type\":[\"WebPage\",\"ItemPage\"],\"@id\":\"https:\\\/\\\/www.mexicanguitarplayers.com\\\/tienda\\\/cuerdas\\\/guitarras-cuerdas\\\/electricas\\\/guitarras-electricas-solidas\\\/guitarra-schecter-elect-reaper-7-ms\\\/\",\"url\":\"https:\\\/\\\/www.mexicanguitarplayers.com\\\/tienda\\\/cuerdas\\\/guitarras-cuerdas\\\/electricas\\\/guitarras-electricas-solidas\\\/guitarra-schecter-elect-reaper-7-ms\\\/\",\"name\":\"GUITARRA SCHECTER ELECT. REAPER-7 MS - Mexican Guitar Players\",\"isPartOf\":{\"@id\":\"https:\\\/\\\/www.mexicanguitarplayers.com\\\/#website\"},\"primaryImageOfPage\":{\"@id\":\"https:\\\/\\\/www.mexicanguitarplayers.com\\\/tienda\\\/cuerdas\\\/guitarras-cuerdas\\\/electricas\\\/guitarras-electricas-solidas\\\/guitarra-schecter-elect-reaper-7-ms\\\/#primaryimage\"},\"image\":{\"@id\":\"https:\\\/\\\/www.mexicanguitarplayers.com\\\/tienda\\\/cuerdas\\\/guitarras-cuerdas\\\/electricas\\\/guitarras-electricas-solidas\\\/guitarra-schecter-elect-reaper-7-ms\\\/#primaryimage\"},\"thumbnailUrl\":\"https:\\\/\\\/www.mexicanguitarplayers.com\\\/wp-content\\\/uploads\\\/2022\\\/08\\\/ISSCCREAPER7MS.jpg\",\"datePublished\":\"2022-08-18T06:53:33+00:00\",\"dateModified\":\"2026-05-01T13:46:18+00:00\",\"description\":\"GUITARRA SCHECTER ELECT. REAPER-7 MS. Guitarra el\u00e9ctrica s\u00f3lida de 7 cuerdas, cuerpo de fresno de pantano, tapa plana de madera burl, hardware negro y cromado, construcci\u00f3n: Set-Neck con Ultra Access, puente Hipshot Hardtail (.125) con String Thru Body, maquinaria Schecter, brazo C ultra delgado de Maple\\\/Nogal Multi-capa con varillas de refuerzo de fibra de carbono, diapas\u00f3n de \u00e9bano, incrustaciones: Pearloid Offset y puntos inversos, escala: 25.5\u201d- 27\u201d (648 mm - 685.8 mm), 24 trastes Narrow X-Jumbo, cejuela de grafito de 1.889\u201d (48 mm) de ancho, alma ajustable de 2 v\u00edas con tuerca Allen de 5\\\/32\u201d (4 mm), un volumen y un tono (Push-Pull), selector de 3 posiciones, pastilla del puente: Schecter Diamond Decimator, pastilla del brazo: Schecter Diamond Decimator, perillas de metal moleteado con tornillo de ajuste.\",\"breadcrumb\":{\"@id\":\"https:\\\/\\\/www.mexicanguitarplayers.com\\\/tienda\\\/cuerdas\\\/guitarras-cuerdas\\\/electricas\\\/guitarras-electricas-solidas\\\/guitarra-schecter-elect-reaper-7-ms\\\/#breadcrumb\"},\"inLanguage\":\"en-US\",\"potentialAction\":[{\"@type\":\"ReadAction\",\"target\":[\"https:\\\/\\\/www.mexicanguitarplayers.com\\\/tienda\\\/cuerdas\\\/guitarras-cuerdas\\\/electricas\\\/guitarras-electricas-solidas\\\/guitarra-schecter-elect-reaper-7-ms\\\/\"]}]},{\"@type\":\"ImageObject\",\"inLanguage\":\"en-US\",\"@id\":\"https:\\\/\\\/www.mexicanguitarplayers.com\\\/tienda\\\/cuerdas\\\/guitarras-cuerdas\\\/electricas\\\/guitarras-electricas-solidas\\\/guitarra-schecter-elect-reaper-7-ms\\\/#primaryimage\",\"url\":\"https:\\\/\\\/www.mexicanguitarplayers.com\\\/wp-content\\\/uploads\\\/2022\\\/08\\\/ISSCCREAPER7MS.jpg\",\"contentUrl\":\"https:\\\/\\\/www.mexicanguitarplayers.com\\\/wp-content\\\/uploads\\\/2022\\\/08\\\/ISSCCREAPER7MS.jpg\",\"width\":800,\"height\":1600},{\"@type\":\"BreadcrumbList\",\"@id\":\"https:\\\/\\\/www.mexicanguitarplayers.com\\\/tienda\\\/cuerdas\\\/guitarras-cuerdas\\\/electricas\\\/guitarras-electricas-solidas\\\/guitarra-schecter-elect-reaper-7-ms\\\/#breadcrumb\",\"itemListElement\":[{\"@type\":\"ListItem\",\"position\":1,\"name\":\"Portada\",\"item\":\"https:\\\/\\\/www.mexicanguitarplayers.com\\\/\"},{\"@type\":\"ListItem\",\"position\":2,\"name\":\"Tienda\",\"item\":\"https:\\\/\\\/www.mexicanguitarplayers.com\\\/tienda\\\/\"},{\"@type\":\"ListItem\",\"position\":3,\"name\":\"GUITARRA SCHECTER ELECT. REAPER-7 MS\"}]},{\"@type\":\"WebSite\",\"@id\":\"https:\\\/\\\/www.mexicanguitarplayers.com\\\/#website\",\"url\":\"https:\\\/\\\/www.mexicanguitarplayers.com\\\/\",\"name\":\"Mexican Guitar Players\",\"description\":\"Website\",\"publisher\":{\"@id\":\"https:\\\/\\\/www.mexicanguitarplayers.com\\\/#organization\"},\"potentialAction\":[{\"@type\":\"SearchAction\",\"target\":{\"@type\":\"EntryPoint\",\"urlTemplate\":\"https:\\\/\\\/www.mexicanguitarplayers.com\\\/?s={search_term_string}\"},\"query-input\":{\"@type\":\"PropertyValueSpecification\",\"valueRequired\":true,\"valueName\":\"search_term_string\"}}],\"inLanguage\":\"en-US\"},{\"@type\":\"Organization\",\"@id\":\"https:\\\/\\\/www.mexicanguitarplayers.com\\\/#organization\",\"name\":\"Mexican Guitar Players\",\"url\":\"https:\\\/\\\/www.mexicanguitarplayers.com\\\/\",\"logo\":{\"@type\":\"ImageObject\",\"inLanguage\":\"en-US\",\"@id\":\"https:\\\/\\\/www.mexicanguitarplayers.com\\\/#\\\/schema\\\/logo\\\/image\\\/\",\"url\":\"\",\"contentUrl\":\"\",\"caption\":\"Mexican Guitar Players\"},\"image\":{\"@id\":\"https:\\\/\\\/www.mexicanguitarplayers.com\\\/#\\\/schema\\\/logo\\\/image\\\/\"}}]}<\/script>\n<!-- \/ Yoast SEO plugin. -->","yoast_head_json":{"title":"GUITARRA SCHECTER ELECT. REAPER-7 MS - Mexican Guitar Players","description":"GUITARRA SCHECTER ELECT. REAPER-7 MS. Guitarra el\u00e9ctrica s\u00f3lida de 7 cuerdas, cuerpo de fresno de pantano, tapa plana de madera burl, hardware negro y cromado, construcci\u00f3n: Set-Neck con Ultra Access, puente Hipshot Hardtail (.125) con String Thru Body, maquinaria Schecter, brazo C ultra delgado de Maple\/Nogal Multi-capa con varillas de refuerzo de fibra de carbono, diapas\u00f3n de \u00e9bano, incrustaciones: Pearloid Offset y puntos inversos, escala: 25.5\u201d- 27\u201d (648 mm - 685.8 mm), 24 trastes Narrow X-Jumbo, cejuela de grafito de 1.889\u201d (48 mm) de ancho, alma ajustable de 2 v\u00edas con tuerca Allen de 5\/32\u201d (4 mm), un volumen y un tono (Push-Pull), selector de 3 posiciones, pastilla del puente: Schecter Diamond Decimator, pastilla del brazo: Schecter Diamond Decimator, perillas de metal moleteado con tornillo de ajuste.","robots":{"index":"index","follow":"follow","max-snippet":"max-snippet:-1","max-image-preview":"max-image-preview:large","max-video-preview":"max-video-preview:-1"},"canonical":"https:\/\/www.mexicanguitarplayers.com\/en\/tienda\/cuerdas\/guitarras-cuerdas\/electricas\/guitarras-electricas-solidas\/guitarra-schecter-elect-reaper-7-ms\/","og_locale":"en_US","og_type":"article","og_title":"GUITARRA SCHECTER ELECT. REAPER-7 MS - Mexican Guitar Players","og_description":"GUITARRA SCHECTER ELECT. REAPER-7 MS. Guitarra el\u00e9ctrica s\u00f3lida de 7 cuerdas, cuerpo de fresno de pantano, tapa plana de madera burl, hardware negro y cromado, construcci\u00f3n: Set-Neck con Ultra Access, puente Hipshot Hardtail (.125) con String Thru Body, maquinaria Schecter, brazo C ultra delgado de Maple\/Nogal Multi-capa con varillas de refuerzo de fibra de carbono, diapas\u00f3n de \u00e9bano, incrustaciones: Pearloid Offset y puntos inversos, escala: 25.5\u201d- 27\u201d (648 mm - 685.8 mm), 24 trastes Narrow X-Jumbo, cejuela de grafito de 1.889\u201d (48 mm) de ancho, alma ajustable de 2 v\u00edas con tuerca Allen de 5\/32\u201d (4 mm), un volumen y un tono (Push-Pull), selector de 3 posiciones, pastilla del puente: Schecter Diamond Decimator, pastilla del brazo: Schecter Diamond Decimator, perillas de metal moleteado con tornillo de ajuste.","og_url":"https:\/\/www.mexicanguitarplayers.com\/en\/tienda\/cuerdas\/guitarras-cuerdas\/electricas\/guitarras-electricas-solidas\/guitarra-schecter-elect-reaper-7-ms\/","og_site_name":"Mexican Guitar Players","article_modified_time":"2026-05-01T13:46:18+00:00","og_image":[{"width":800,"height":1600,"url":"https:\/\/www.mexicanguitarplayers.com\/wp-content\/uploads\/2022\/08\/ISSCCREAPER7MS.jpg","type":"image\/jpeg"}],"twitter_card":"summary_large_image","twitter_misc":{"Est. reading time":"1 minute"},"schema":{"@context":"https:\/\/schema.org","@graph":[{"@type":["WebPage","ItemPage"],"@id":"https:\/\/www.mexicanguitarplayers.com\/tienda\/cuerdas\/guitarras-cuerdas\/electricas\/guitarras-electricas-solidas\/guitarra-schecter-elect-reaper-7-ms\/","url":"https:\/\/www.mexicanguitarplayers.com\/tienda\/cuerdas\/guitarras-cuerdas\/electricas\/guitarras-electricas-solidas\/guitarra-schecter-elect-reaper-7-ms\/","name":"GUITARRA SCHECTER ELECT. REAPER-7 MS - Mexican Guitar Players","isPartOf":{"@id":"https:\/\/www.mexicanguitarplayers.com\/#website"},"primaryImageOfPage":{"@id":"https:\/\/www.mexicanguitarplayers.com\/tienda\/cuerdas\/guitarras-cuerdas\/electricas\/guitarras-electricas-solidas\/guitarra-schecter-elect-reaper-7-ms\/#primaryimage"},"image":{"@id":"https:\/\/www.mexicanguitarplayers.com\/tienda\/cuerdas\/guitarras-cuerdas\/electricas\/guitarras-electricas-solidas\/guitarra-schecter-elect-reaper-7-ms\/#primaryimage"},"thumbnailUrl":"https:\/\/www.mexicanguitarplayers.com\/wp-content\/uploads\/2022\/08\/ISSCCREAPER7MS.jpg","datePublished":"2022-08-18T06:53:33+00:00","dateModified":"2026-05-01T13:46:18+00:00","description":"GUITARRA SCHECTER ELECT. REAPER-7 MS. Guitarra el\u00e9ctrica s\u00f3lida de 7 cuerdas, cuerpo de fresno de pantano, tapa plana de madera burl, hardware negro y cromado, construcci\u00f3n: Set-Neck con Ultra Access, puente Hipshot Hardtail (.125) con String Thru Body, maquinaria Schecter, brazo C ultra delgado de Maple\/Nogal Multi-capa con varillas de refuerzo de fibra de carbono, diapas\u00f3n de \u00e9bano, incrustaciones: Pearloid Offset y puntos inversos, escala: 25.5\u201d- 27\u201d (648 mm - 685.8 mm), 24 trastes Narrow X-Jumbo, cejuela de grafito de 1.889\u201d (48 mm) de ancho, alma ajustable de 2 v\u00edas con tuerca Allen de 5\/32\u201d (4 mm), un volumen y un tono (Push-Pull), selector de 3 posiciones, pastilla del puente: Schecter Diamond Decimator, pastilla del brazo: Schecter Diamond Decimator, perillas de metal moleteado con tornillo de ajuste.","breadcrumb":{"@id":"https:\/\/www.mexicanguitarplayers.com\/tienda\/cuerdas\/guitarras-cuerdas\/electricas\/guitarras-electricas-solidas\/guitarra-schecter-elect-reaper-7-ms\/#breadcrumb"},"inLanguage":"en-US","potentialAction":[{"@type":"ReadAction","target":["https:\/\/www.mexicanguitarplayers.com\/tienda\/cuerdas\/guitarras-cuerdas\/electricas\/guitarras-electricas-solidas\/guitarra-schecter-elect-reaper-7-ms\/"]}]},{"@type":"ImageObject","inLanguage":"en-US","@id":"https:\/\/www.mexicanguitarplayers.com\/tienda\/cuerdas\/guitarras-cuerdas\/electricas\/guitarras-electricas-solidas\/guitarra-schecter-elect-reaper-7-ms\/#primaryimage","url":"https:\/\/www.mexicanguitarplayers.com\/wp-content\/uploads\/2022\/08\/ISSCCREAPER7MS.jpg","contentUrl":"https:\/\/www.mexicanguitarplayers.com\/wp-content\/uploads\/2022\/08\/ISSCCREAPER7MS.jpg","width":800,"height":1600},{"@type":"BreadcrumbList","@id":"https:\/\/www.mexicanguitarplayers.com\/tienda\/cuerdas\/guitarras-cuerdas\/electricas\/guitarras-electricas-solidas\/guitarra-schecter-elect-reaper-7-ms\/#breadcrumb","itemListElement":[{"@type":"ListItem","position":1,"name":"Portada","item":"https:\/\/www.mexicanguitarplayers.com\/"},{"@type":"ListItem","position":2,"name":"Tienda","item":"https:\/\/www.mexicanguitarplayers.com\/tienda\/"},{"@type":"ListItem","position":3,"name":"GUITARRA SCHECTER ELECT. REAPER-7 MS"}]},{"@type":"WebSite","@id":"https:\/\/www.mexicanguitarplayers.com\/#website","url":"https:\/\/www.mexicanguitarplayers.com\/","name":"Mexican Guitar Players","description":"Website","publisher":{"@id":"https:\/\/www.mexicanguitarplayers.com\/#organization"},"potentialAction":[{"@type":"SearchAction","target":{"@type":"EntryPoint","urlTemplate":"https:\/\/www.mexicanguitarplayers.com\/?s={search_term_string}"},"query-input":{"@type":"PropertyValueSpecification","valueRequired":true,"valueName":"search_term_string"}}],"inLanguage":"en-US"},{"@type":"Organization","@id":"https:\/\/www.mexicanguitarplayers.com\/#organization","name":"Mexican Guitar Players","url":"https:\/\/www.mexicanguitarplayers.com\/","logo":{"@type":"ImageObject","inLanguage":"en-US","@id":"https:\/\/www.mexicanguitarplayers.com\/#\/schema\/logo\/image\/","url":"","contentUrl":"","caption":"Mexican Guitar Players"},"image":{"@id":"https:\/\/www.mexicanguitarplayers.com\/#\/schema\/logo\/image\/"}}]}},"brands":[{"id":175,"name":"SCHECTER","slug":"schecter"}],"_links":{"self":[{"href":"https:\/\/www.mexicanguitarplayers.com\/en\/wp-json\/wp\/v2\/product\/10773","targetHints":{"allow":["GET"]}}],"collection":[{"href":"https:\/\/www.mexicanguitarplayers.com\/en\/wp-json\/wp\/v2\/product"}],"about":[{"href":"https:\/\/www.mexicanguitarplayers.com\/en\/wp-json\/wp\/v2\/types\/product"}],"replies":[{"embeddable":true,"href":"https:\/\/www.mexicanguitarplayers.com\/en\/wp-json\/wp\/v2\/comments?post=10773"}],"wp:featuredmedia":[{"embeddable":true,"href":"https:\/\/www.mexicanguitarplayers.com\/en\/wp-json\/wp\/v2\/media\/10772"}],"wp:attachment":[{"href":"https:\/\/www.mexicanguitarplayers.com\/en\/wp-json\/wp\/v2\/media?parent=10773"}],"wp:term":[{"taxonomy":"pwb-brand","embeddable":true,"href":"https:\/\/www.mexicanguitarplayers.com\/en\/wp-json\/wp\/v2\/pwb-brand?post=10773"},{"taxonomy":"product_brand","embeddable":true,"href":"https:\/\/www.mexicanguitarplayers.com\/en\/wp-json\/wp\/v2\/product_brand?post=10773"},{"taxonomy":"product_cat","embeddable":true,"href":"https:\/\/www.mexicanguitarplayers.com\/en\/wp-json\/wp\/v2\/product_cat?post=10773"},{"taxonomy":"product_tag","embeddable":true,"href":"https:\/\/www.mexicanguitarplayers.com\/en\/wp-json\/wp\/v2\/product_tag?post=10773"}],"curies":[{"name":"wp","href":"https:\/\/api.w.org\/{rel}","templated":true}]}}