{"id":10861,"date":"2022-08-18T01:56:13","date_gmt":"2022-08-18T06:56:13","guid":{"rendered":"https:\/\/www.mexicanguitarplayers.com\/tienda\/sin%20categor\u00eda\/cuerdas-d-addario-mod-nys010\/"},"modified":"2026-05-01T07:46:08","modified_gmt":"2026-05-01T13:46:08","slug":"cuerdas-d-addario-mod-nys010","status":"publish","type":"product","link":"https:\/\/www.mexicanguitarplayers.com\/en\/tienda\/accesorios\/para-guitarras\/cuerdas-y-encordaduras\/cuerda-para-guitarra-acustica\/cuerdas-d-addario-mod-nys010\/","title":{"rendered":"STRINGS D ADDARIO MOD. NYS010"},"content":{"rendered":"<div style=\"text-align: justify\">\n<div>\n<h3>STRINGS D ADDARIO MOD. NYS010<\/h3>\n<\/div>\n<div>NYXL Series Single String for Electric Guitar, 010 Gauge, Nickel Wound, More Flexible, More Projection, Break-Resistant High Carbon Steel Core, Plain Steel Alloy, Unprecedented Strength, Corrosion-Resistant Eco-Friendly Packaging to Maintain the strings always fresh.<\/div>\n<\/div>","protected":false},"excerpt":{"rendered":"<p>Cuerda suelta de la serie NYXL para guitarra el\u00e9ctrica, calibre 010, nickel wound, m\u00e1s flexible, m\u00e1s proyecci\u00f3n, n\u00facleo de acero de alto carb\u00f3n resistente a las rupturas, aleaci\u00f3n de acero liso, resistencia sin precedentes, empaque ecol\u00f3gico resistente a la corrosi\u00f3n para mantener las cuerdas siempre frescas.&hellip; <a class=\"kt-excerpt-readmore more-link\" href=\"https:\/\/www.mexicanguitarplayers.com\/en\/tienda\/accesorios\/para-guitarras\/cuerdas-y-encordaduras\/cuerda-para-guitarra-acustica\/cuerdas-d-addario-mod-nys010\/\">Read more<\/a><\/p>","protected":false},"featured_media":10860,"comment_status":"open","ping_status":"closed","template":"","meta":{"kt_blocks_editor_width":""},"pwb-brand":[347],"product_brand":[],"product_cat":[85,343,337,336],"product_tag":[],"class_list":{"0":"post-10861","1":"product","2":"type-product","3":"status-publish","4":"has-post-thumbnail","6":"pwb-brand-d-addario","7":"product_cat-accesorios","8":"product_cat-cuerda-para-guitarra-acustica","9":"product_cat-cuerdas-y-encordaduras","10":"product_cat-para-guitarras","11":"product_shipping_class-0-5-kg","13":"first","14":"instock","15":"taxable","16":"shipping-taxable","17":"purchasable","18":"product-type-simple"},"yoast_head":"<!-- This site is optimized with the Yoast SEO plugin v27.5 - https:\/\/yoast.com\/product\/yoast-seo-wordpress\/ -->\n<title>CUERDAS D ADDARIO MOD. NYS010 - Mexican Guitar Players<\/title>\n<meta name=\"description\" content=\"CUERDAS D ADDARIO MOD. NYS010. Cuerda suelta de la serie NYXL para guitarra el\u00e9ctrica, calibre 010, nickel wound, m\u00e1s flexible, m\u00e1s proyecci\u00f3n, n\u00facleo de acero de alto carb\u00f3n resistente a las rupturas, aleaci\u00f3n de acero liso, resistencia sin precedentes, empaque ecol\u00f3gico resistente a la corrosi\u00f3n para mantener las cuerdas siempre frescas.\" \/>\n<meta name=\"robots\" content=\"index, follow, max-snippet:-1, max-image-preview:large, max-video-preview:-1\" \/>\n<link rel=\"canonical\" href=\"https:\/\/www.mexicanguitarplayers.com\/en\/tienda\/accesorios\/para-guitarras\/cuerdas-y-encordaduras\/cuerda-para-guitarra-acustica\/cuerdas-d-addario-mod-nys010\/\" \/>\n<meta property=\"og:locale\" content=\"en_US\" \/>\n<meta property=\"og:type\" content=\"article\" \/>\n<meta property=\"og:title\" content=\"CUERDAS D ADDARIO MOD. NYS010 - Mexican Guitar Players\" \/>\n<meta property=\"og:description\" content=\"CUERDAS D ADDARIO MOD. NYS010. Cuerda suelta de la serie NYXL para guitarra el\u00e9ctrica, calibre 010, nickel wound, m\u00e1s flexible, m\u00e1s proyecci\u00f3n, n\u00facleo de acero de alto carb\u00f3n resistente a las rupturas, aleaci\u00f3n de acero liso, resistencia sin precedentes, empaque ecol\u00f3gico resistente a la corrosi\u00f3n para mantener las cuerdas siempre frescas.\" \/>\n<meta property=\"og:url\" content=\"https:\/\/www.mexicanguitarplayers.com\/en\/tienda\/accesorios\/para-guitarras\/cuerdas-y-encordaduras\/cuerda-para-guitarra-acustica\/cuerdas-d-addario-mod-nys010\/\" \/>\n<meta property=\"og:site_name\" content=\"Mexican Guitar Players\" \/>\n<meta property=\"article:modified_time\" content=\"2026-05-01T13:46:08+00:00\" \/>\n<meta property=\"og:image\" content=\"https:\/\/www.mexicanguitarplayers.com\/wp-content\/uploads\/2022\/08\/RADADNYS010.jpg\" \/>\n\t<meta property=\"og:image:width\" content=\"1200\" \/>\n\t<meta property=\"og:image:height\" content=\"1200\" \/>\n\t<meta property=\"og:image:type\" content=\"image\/jpeg\" \/>\n<meta name=\"twitter:card\" content=\"summary_large_image\" \/>\n<script type=\"application\/ld+json\" class=\"yoast-schema-graph\">{\"@context\":\"https:\\\/\\\/schema.org\",\"@graph\":[{\"@type\":[\"WebPage\",\"ItemPage\"],\"@id\":\"https:\\\/\\\/www.mexicanguitarplayers.com\\\/tienda\\\/accesorios\\\/para-guitarras\\\/cuerdas-y-encordaduras\\\/cuerda-para-guitarra-acustica\\\/cuerdas-d-addario-mod-nys010\\\/\",\"url\":\"https:\\\/\\\/www.mexicanguitarplayers.com\\\/tienda\\\/accesorios\\\/para-guitarras\\\/cuerdas-y-encordaduras\\\/cuerda-para-guitarra-acustica\\\/cuerdas-d-addario-mod-nys010\\\/\",\"name\":\"CUERDAS D ADDARIO MOD. NYS010 - Mexican Guitar Players\",\"isPartOf\":{\"@id\":\"https:\\\/\\\/www.mexicanguitarplayers.com\\\/#website\"},\"primaryImageOfPage\":{\"@id\":\"https:\\\/\\\/www.mexicanguitarplayers.com\\\/tienda\\\/accesorios\\\/para-guitarras\\\/cuerdas-y-encordaduras\\\/cuerda-para-guitarra-acustica\\\/cuerdas-d-addario-mod-nys010\\\/#primaryimage\"},\"image\":{\"@id\":\"https:\\\/\\\/www.mexicanguitarplayers.com\\\/tienda\\\/accesorios\\\/para-guitarras\\\/cuerdas-y-encordaduras\\\/cuerda-para-guitarra-acustica\\\/cuerdas-d-addario-mod-nys010\\\/#primaryimage\"},\"thumbnailUrl\":\"https:\\\/\\\/www.mexicanguitarplayers.com\\\/wp-content\\\/uploads\\\/2022\\\/08\\\/RADADNYS010.jpg\",\"datePublished\":\"2022-08-18T06:56:13+00:00\",\"dateModified\":\"2026-05-01T13:46:08+00:00\",\"description\":\"CUERDAS D ADDARIO MOD. NYS010. Cuerda suelta de la serie NYXL para guitarra el\u00e9ctrica, calibre 010, nickel wound, m\u00e1s flexible, m\u00e1s proyecci\u00f3n, n\u00facleo de acero de alto carb\u00f3n resistente a las rupturas, aleaci\u00f3n de acero liso, resistencia sin precedentes, empaque ecol\u00f3gico resistente a la corrosi\u00f3n para mantener las cuerdas siempre frescas.\",\"breadcrumb\":{\"@id\":\"https:\\\/\\\/www.mexicanguitarplayers.com\\\/tienda\\\/accesorios\\\/para-guitarras\\\/cuerdas-y-encordaduras\\\/cuerda-para-guitarra-acustica\\\/cuerdas-d-addario-mod-nys010\\\/#breadcrumb\"},\"inLanguage\":\"en-US\",\"potentialAction\":[{\"@type\":\"ReadAction\",\"target\":[\"https:\\\/\\\/www.mexicanguitarplayers.com\\\/tienda\\\/accesorios\\\/para-guitarras\\\/cuerdas-y-encordaduras\\\/cuerda-para-guitarra-acustica\\\/cuerdas-d-addario-mod-nys010\\\/\"]}]},{\"@type\":\"ImageObject\",\"inLanguage\":\"en-US\",\"@id\":\"https:\\\/\\\/www.mexicanguitarplayers.com\\\/tienda\\\/accesorios\\\/para-guitarras\\\/cuerdas-y-encordaduras\\\/cuerda-para-guitarra-acustica\\\/cuerdas-d-addario-mod-nys010\\\/#primaryimage\",\"url\":\"https:\\\/\\\/www.mexicanguitarplayers.com\\\/wp-content\\\/uploads\\\/2022\\\/08\\\/RADADNYS010.jpg\",\"contentUrl\":\"https:\\\/\\\/www.mexicanguitarplayers.com\\\/wp-content\\\/uploads\\\/2022\\\/08\\\/RADADNYS010.jpg\",\"width\":1200,\"height\":1200},{\"@type\":\"BreadcrumbList\",\"@id\":\"https:\\\/\\\/www.mexicanguitarplayers.com\\\/tienda\\\/accesorios\\\/para-guitarras\\\/cuerdas-y-encordaduras\\\/cuerda-para-guitarra-acustica\\\/cuerdas-d-addario-mod-nys010\\\/#breadcrumb\",\"itemListElement\":[{\"@type\":\"ListItem\",\"position\":1,\"name\":\"Portada\",\"item\":\"https:\\\/\\\/www.mexicanguitarplayers.com\\\/\"},{\"@type\":\"ListItem\",\"position\":2,\"name\":\"Tienda\",\"item\":\"https:\\\/\\\/www.mexicanguitarplayers.com\\\/tienda\\\/\"},{\"@type\":\"ListItem\",\"position\":3,\"name\":\"CUERDAS D ADDARIO MOD. NYS010\"}]},{\"@type\":\"WebSite\",\"@id\":\"https:\\\/\\\/www.mexicanguitarplayers.com\\\/#website\",\"url\":\"https:\\\/\\\/www.mexicanguitarplayers.com\\\/\",\"name\":\"Mexican Guitar Players\",\"description\":\"Website\",\"publisher\":{\"@id\":\"https:\\\/\\\/www.mexicanguitarplayers.com\\\/#organization\"},\"potentialAction\":[{\"@type\":\"SearchAction\",\"target\":{\"@type\":\"EntryPoint\",\"urlTemplate\":\"https:\\\/\\\/www.mexicanguitarplayers.com\\\/?s={search_term_string}\"},\"query-input\":{\"@type\":\"PropertyValueSpecification\",\"valueRequired\":true,\"valueName\":\"search_term_string\"}}],\"inLanguage\":\"en-US\"},{\"@type\":\"Organization\",\"@id\":\"https:\\\/\\\/www.mexicanguitarplayers.com\\\/#organization\",\"name\":\"Mexican Guitar Players\",\"url\":\"https:\\\/\\\/www.mexicanguitarplayers.com\\\/\",\"logo\":{\"@type\":\"ImageObject\",\"inLanguage\":\"en-US\",\"@id\":\"https:\\\/\\\/www.mexicanguitarplayers.com\\\/#\\\/schema\\\/logo\\\/image\\\/\",\"url\":\"\",\"contentUrl\":\"\",\"caption\":\"Mexican Guitar Players\"},\"image\":{\"@id\":\"https:\\\/\\\/www.mexicanguitarplayers.com\\\/#\\\/schema\\\/logo\\\/image\\\/\"}}]}<\/script>\n<!-- \/ Yoast SEO plugin. -->","yoast_head_json":{"title":"CUERDAS D ADDARIO MOD. NYS010 - Mexican Guitar Players","description":"CUERDAS D ADDARIO MOD. NYS010. Cuerda suelta de la serie NYXL para guitarra el\u00e9ctrica, calibre 010, nickel wound, m\u00e1s flexible, m\u00e1s proyecci\u00f3n, n\u00facleo de acero de alto carb\u00f3n resistente a las rupturas, aleaci\u00f3n de acero liso, resistencia sin precedentes, empaque ecol\u00f3gico resistente a la corrosi\u00f3n para mantener las cuerdas siempre frescas.","robots":{"index":"index","follow":"follow","max-snippet":"max-snippet:-1","max-image-preview":"max-image-preview:large","max-video-preview":"max-video-preview:-1"},"canonical":"https:\/\/www.mexicanguitarplayers.com\/en\/tienda\/accesorios\/para-guitarras\/cuerdas-y-encordaduras\/cuerda-para-guitarra-acustica\/cuerdas-d-addario-mod-nys010\/","og_locale":"en_US","og_type":"article","og_title":"CUERDAS D ADDARIO MOD. NYS010 - Mexican Guitar Players","og_description":"CUERDAS D ADDARIO MOD. NYS010. Cuerda suelta de la serie NYXL para guitarra el\u00e9ctrica, calibre 010, nickel wound, m\u00e1s flexible, m\u00e1s proyecci\u00f3n, n\u00facleo de acero de alto carb\u00f3n resistente a las rupturas, aleaci\u00f3n de acero liso, resistencia sin precedentes, empaque ecol\u00f3gico resistente a la corrosi\u00f3n para mantener las cuerdas siempre frescas.","og_url":"https:\/\/www.mexicanguitarplayers.com\/en\/tienda\/accesorios\/para-guitarras\/cuerdas-y-encordaduras\/cuerda-para-guitarra-acustica\/cuerdas-d-addario-mod-nys010\/","og_site_name":"Mexican Guitar Players","article_modified_time":"2026-05-01T13:46:08+00:00","og_image":[{"width":1200,"height":1200,"url":"https:\/\/www.mexicanguitarplayers.com\/wp-content\/uploads\/2022\/08\/RADADNYS010.jpg","type":"image\/jpeg"}],"twitter_card":"summary_large_image","schema":{"@context":"https:\/\/schema.org","@graph":[{"@type":["WebPage","ItemPage"],"@id":"https:\/\/www.mexicanguitarplayers.com\/tienda\/accesorios\/para-guitarras\/cuerdas-y-encordaduras\/cuerda-para-guitarra-acustica\/cuerdas-d-addario-mod-nys010\/","url":"https:\/\/www.mexicanguitarplayers.com\/tienda\/accesorios\/para-guitarras\/cuerdas-y-encordaduras\/cuerda-para-guitarra-acustica\/cuerdas-d-addario-mod-nys010\/","name":"CUERDAS D ADDARIO MOD. NYS010 - Mexican Guitar Players","isPartOf":{"@id":"https:\/\/www.mexicanguitarplayers.com\/#website"},"primaryImageOfPage":{"@id":"https:\/\/www.mexicanguitarplayers.com\/tienda\/accesorios\/para-guitarras\/cuerdas-y-encordaduras\/cuerda-para-guitarra-acustica\/cuerdas-d-addario-mod-nys010\/#primaryimage"},"image":{"@id":"https:\/\/www.mexicanguitarplayers.com\/tienda\/accesorios\/para-guitarras\/cuerdas-y-encordaduras\/cuerda-para-guitarra-acustica\/cuerdas-d-addario-mod-nys010\/#primaryimage"},"thumbnailUrl":"https:\/\/www.mexicanguitarplayers.com\/wp-content\/uploads\/2022\/08\/RADADNYS010.jpg","datePublished":"2022-08-18T06:56:13+00:00","dateModified":"2026-05-01T13:46:08+00:00","description":"CUERDAS D ADDARIO MOD. NYS010. Cuerda suelta de la serie NYXL para guitarra el\u00e9ctrica, calibre 010, nickel wound, m\u00e1s flexible, m\u00e1s proyecci\u00f3n, n\u00facleo de acero de alto carb\u00f3n resistente a las rupturas, aleaci\u00f3n de acero liso, resistencia sin precedentes, empaque ecol\u00f3gico resistente a la corrosi\u00f3n para mantener las cuerdas siempre frescas.","breadcrumb":{"@id":"https:\/\/www.mexicanguitarplayers.com\/tienda\/accesorios\/para-guitarras\/cuerdas-y-encordaduras\/cuerda-para-guitarra-acustica\/cuerdas-d-addario-mod-nys010\/#breadcrumb"},"inLanguage":"en-US","potentialAction":[{"@type":"ReadAction","target":["https:\/\/www.mexicanguitarplayers.com\/tienda\/accesorios\/para-guitarras\/cuerdas-y-encordaduras\/cuerda-para-guitarra-acustica\/cuerdas-d-addario-mod-nys010\/"]}]},{"@type":"ImageObject","inLanguage":"en-US","@id":"https:\/\/www.mexicanguitarplayers.com\/tienda\/accesorios\/para-guitarras\/cuerdas-y-encordaduras\/cuerda-para-guitarra-acustica\/cuerdas-d-addario-mod-nys010\/#primaryimage","url":"https:\/\/www.mexicanguitarplayers.com\/wp-content\/uploads\/2022\/08\/RADADNYS010.jpg","contentUrl":"https:\/\/www.mexicanguitarplayers.com\/wp-content\/uploads\/2022\/08\/RADADNYS010.jpg","width":1200,"height":1200},{"@type":"BreadcrumbList","@id":"https:\/\/www.mexicanguitarplayers.com\/tienda\/accesorios\/para-guitarras\/cuerdas-y-encordaduras\/cuerda-para-guitarra-acustica\/cuerdas-d-addario-mod-nys010\/#breadcrumb","itemListElement":[{"@type":"ListItem","position":1,"name":"Portada","item":"https:\/\/www.mexicanguitarplayers.com\/"},{"@type":"ListItem","position":2,"name":"Tienda","item":"https:\/\/www.mexicanguitarplayers.com\/tienda\/"},{"@type":"ListItem","position":3,"name":"CUERDAS D ADDARIO MOD. NYS010"}]},{"@type":"WebSite","@id":"https:\/\/www.mexicanguitarplayers.com\/#website","url":"https:\/\/www.mexicanguitarplayers.com\/","name":"Mexican Guitar Players","description":"Website","publisher":{"@id":"https:\/\/www.mexicanguitarplayers.com\/#organization"},"potentialAction":[{"@type":"SearchAction","target":{"@type":"EntryPoint","urlTemplate":"https:\/\/www.mexicanguitarplayers.com\/?s={search_term_string}"},"query-input":{"@type":"PropertyValueSpecification","valueRequired":true,"valueName":"search_term_string"}}],"inLanguage":"en-US"},{"@type":"Organization","@id":"https:\/\/www.mexicanguitarplayers.com\/#organization","name":"Mexican Guitar Players","url":"https:\/\/www.mexicanguitarplayers.com\/","logo":{"@type":"ImageObject","inLanguage":"en-US","@id":"https:\/\/www.mexicanguitarplayers.com\/#\/schema\/logo\/image\/","url":"","contentUrl":"","caption":"Mexican Guitar Players"},"image":{"@id":"https:\/\/www.mexicanguitarplayers.com\/#\/schema\/logo\/image\/"}}]}},"brands":[{"id":347,"name":"D ADDARIO","slug":"d-addario"}],"_links":{"self":[{"href":"https:\/\/www.mexicanguitarplayers.com\/en\/wp-json\/wp\/v2\/product\/10861","targetHints":{"allow":["GET"]}}],"collection":[{"href":"https:\/\/www.mexicanguitarplayers.com\/en\/wp-json\/wp\/v2\/product"}],"about":[{"href":"https:\/\/www.mexicanguitarplayers.com\/en\/wp-json\/wp\/v2\/types\/product"}],"replies":[{"embeddable":true,"href":"https:\/\/www.mexicanguitarplayers.com\/en\/wp-json\/wp\/v2\/comments?post=10861"}],"wp:featuredmedia":[{"embeddable":true,"href":"https:\/\/www.mexicanguitarplayers.com\/en\/wp-json\/wp\/v2\/media\/10860"}],"wp:attachment":[{"href":"https:\/\/www.mexicanguitarplayers.com\/en\/wp-json\/wp\/v2\/media?parent=10861"}],"wp:term":[{"taxonomy":"pwb-brand","embeddable":true,"href":"https:\/\/www.mexicanguitarplayers.com\/en\/wp-json\/wp\/v2\/pwb-brand?post=10861"},{"taxonomy":"product_brand","embeddable":true,"href":"https:\/\/www.mexicanguitarplayers.com\/en\/wp-json\/wp\/v2\/product_brand?post=10861"},{"taxonomy":"product_cat","embeddable":true,"href":"https:\/\/www.mexicanguitarplayers.com\/en\/wp-json\/wp\/v2\/product_cat?post=10861"},{"taxonomy":"product_tag","embeddable":true,"href":"https:\/\/www.mexicanguitarplayers.com\/en\/wp-json\/wp\/v2\/product_tag?post=10861"}],"curies":[{"name":"wp","href":"https:\/\/api.w.org\/{rel}","templated":true}]}}