{"id":10889,"date":"2022-08-18T01:56:55","date_gmt":"2022-08-18T06:56:55","guid":{"rendered":"https:\/\/www.mexicanguitarplayers.com\/tienda\/sin%20categor\u00eda\/encordadura-daddario-mod-xtabr1047-12\/"},"modified":"2026-02-20T16:18:47","modified_gmt":"2026-02-20T22:18:47","slug":"encordadura-daddario-mod-xtabr1047-12","status":"publish","type":"product","link":"https:\/\/www.mexicanguitarplayers.com\/en\/tienda\/accesorios\/para-guitarras\/cuerdas-y-encordaduras\/encordadura-para-guitarra-acustica\/encordadura-daddario-mod-xtabr1047-12\/","title":{"rendered":"ROPE DADDARIO MOD. XTABR1047-12"},"content":{"rendered":"<div style=\"text-align: justify\">\n<div>\n<h3>ROPE DADDARIO MOD. XTABR1047-12<\/h3>\n<\/div>\n<div>Strings for 12-String Acoustic Guitar, Light Tension, Coated, Standard Tuning, Cover Material: 80\/20 Bronze, Extended Life Treatment on each string, preserves the natural tone and feel of uncoated strings, Steel Wire with high carbon content and Fusion Twist technologies that provide tuning stability and unmatched resistance to breakage, stays in tune better than traditional strings, 131% lasts at least 4 times longer than traditional uncoated strings, lockable internal packing resealable for easy opening and storage of unused strings, gauges: .0100, .0100, .0140, .0140, .0230, .0080, .0300, .0120, .0390, .0180, .0470, .0270.<\/div>\n<\/div>","protected":false},"excerpt":{"rendered":"<p>Encordadura para guitarra ac\u00fastica de 12 cuerdas, tensi\u00f3n ligera, recubiertas, afinaci\u00f3n est\u00e1ndar, material de recubrimiento: Bronce 80\/20, tratamiento de vida \u00fatil prolongada en cada cuerda, preserva el tono natural y la sensaci\u00f3n de las cuerdas sin recubrimiento, alambre de acero con alto contenido de carbono y tecnolog\u00edas Fusion Twist que brindan estabilidad de afinaci\u00f3n y una resistencia sin igual a la rotura, se mantienen afinadas un 131% mejor que las cuerdas tradicionales, duran al menos 4 veces que las cuerdas tradicionales sin recubrimiento, empaque interno con cierre resellable para facilitar apertura y almacenamiento de cuerdas no utilizadas, calibres: .0100, .0100, .0140, .0140, .0230, .0080, .0300, .0120, .0390, .0180, .0470, .0270.&hellip; <a class=\"kt-excerpt-readmore more-link\" href=\"https:\/\/www.mexicanguitarplayers.com\/en\/tienda\/accesorios\/para-guitarras\/cuerdas-y-encordaduras\/encordadura-para-guitarra-acustica\/encordadura-daddario-mod-xtabr1047-12\/\">Read more<\/a><\/p>","protected":false},"featured_media":10886,"comment_status":"open","ping_status":"closed","template":"","meta":{"kt_blocks_editor_width":""},"pwb-brand":[347],"product_brand":[],"product_cat":[85,337,346,336],"product_tag":[],"class_list":{"0":"post-10889","1":"product","2":"type-product","3":"status-publish","4":"has-post-thumbnail","6":"pwb-brand-d-addario","7":"product_cat-accesorios","8":"product_cat-cuerdas-y-encordaduras","9":"product_cat-encordadura-para-guitarra-acustica","10":"product_cat-para-guitarras","11":"product_shipping_class-0-5-kg","13":"first","14":"instock","15":"taxable","16":"shipping-taxable","17":"purchasable","18":"product-type-simple"},"yoast_head":"<!-- This site is optimized with the Yoast SEO plugin v27.3 - https:\/\/yoast.com\/product\/yoast-seo-wordpress\/ -->\n<title>ENCORDADURA DADDARIO MOD. XTABR1047-12 - Mexican Guitar Players<\/title>\n<meta name=\"description\" content=\"ENCORDADURA DADDARIO MOD. XTABR1047-12. Encordadura para guitarra ac\u00fastica de 12 cuerdas, tensi\u00f3n ligera, recubiertas, afinaci\u00f3n est\u00e1ndar, material de recubrimiento: Bronce 80\/20, tratamiento de vida \u00fatil prolongada en cada cuerda, preserva el tono natural y la sensaci\u00f3n de las cuerdas sin recubrimiento, alambre de acero con alto contenido de carbono y tecnolog\u00edas Fusion Twist que brindan estabilidad de afinaci\u00f3n y una resistencia sin igual a la rotura, se mantienen afinadas un 131% mejor que las cuerdas tradicionales, duran al menos 4 veces que las cuerdas tradicionales sin recubrimiento, empaque interno con cierre resellable para facilitar apertura y almacenamiento de cuerdas no utilizadas, calibres: .0100, .0100, .0140, .0140, .0230, .0080, .0300, .0120, .0390, .0180, .0470, .0270.\" \/>\n<meta name=\"robots\" content=\"index, follow, max-snippet:-1, max-image-preview:large, max-video-preview:-1\" \/>\n<link rel=\"canonical\" href=\"https:\/\/www.mexicanguitarplayers.com\/en\/tienda\/accesorios\/para-guitarras\/cuerdas-y-encordaduras\/encordadura-para-guitarra-acustica\/encordadura-daddario-mod-xtabr1047-12\/\" \/>\n<meta property=\"og:locale\" content=\"en_US\" \/>\n<meta property=\"og:type\" content=\"article\" \/>\n<meta property=\"og:title\" content=\"ENCORDADURA DADDARIO MOD. XTABR1047-12 - Mexican Guitar Players\" \/>\n<meta property=\"og:description\" content=\"ENCORDADURA DADDARIO MOD. XTABR1047-12. Encordadura para guitarra ac\u00fastica de 12 cuerdas, tensi\u00f3n ligera, recubiertas, afinaci\u00f3n est\u00e1ndar, material de recubrimiento: Bronce 80\/20, tratamiento de vida \u00fatil prolongada en cada cuerda, preserva el tono natural y la sensaci\u00f3n de las cuerdas sin recubrimiento, alambre de acero con alto contenido de carbono y tecnolog\u00edas Fusion Twist que brindan estabilidad de afinaci\u00f3n y una resistencia sin igual a la rotura, se mantienen afinadas un 131% mejor que las cuerdas tradicionales, duran al menos 4 veces que las cuerdas tradicionales sin recubrimiento, empaque interno con cierre resellable para facilitar apertura y almacenamiento de cuerdas no utilizadas, calibres: .0100, .0100, .0140, .0140, .0230, .0080, .0300, .0120, .0390, .0180, .0470, .0270.\" \/>\n<meta property=\"og:url\" content=\"https:\/\/www.mexicanguitarplayers.com\/en\/tienda\/accesorios\/para-guitarras\/cuerdas-y-encordaduras\/encordadura-para-guitarra-acustica\/encordadura-daddario-mod-xtabr1047-12\/\" \/>\n<meta property=\"og:site_name\" content=\"Mexican Guitar Players\" \/>\n<meta property=\"article:modified_time\" content=\"2026-02-20T22:18:47+00:00\" \/>\n<meta property=\"og:image\" content=\"https:\/\/www.mexicanguitarplayers.com\/wp-content\/uploads\/2022\/08\/RADADXBR104712.jpg\" \/>\n\t<meta property=\"og:image:width\" content=\"1200\" \/>\n\t<meta property=\"og:image:height\" content=\"1200\" \/>\n\t<meta property=\"og:image:type\" content=\"image\/jpeg\" \/>\n<meta name=\"twitter:card\" content=\"summary_large_image\" \/>\n<meta name=\"twitter:label1\" content=\"Est. reading time\" \/>\n\t<meta name=\"twitter:data1\" content=\"1 minute\" \/>\n<script type=\"application\/ld+json\" class=\"yoast-schema-graph\">{\"@context\":\"https:\\\/\\\/schema.org\",\"@graph\":[{\"@type\":[\"WebPage\",\"ItemPage\"],\"@id\":\"https:\\\/\\\/www.mexicanguitarplayers.com\\\/tienda\\\/accesorios\\\/para-guitarras\\\/cuerdas-y-encordaduras\\\/encordadura-para-guitarra-acustica\\\/encordadura-daddario-mod-xtabr1047-12\\\/\",\"url\":\"https:\\\/\\\/www.mexicanguitarplayers.com\\\/tienda\\\/accesorios\\\/para-guitarras\\\/cuerdas-y-encordaduras\\\/encordadura-para-guitarra-acustica\\\/encordadura-daddario-mod-xtabr1047-12\\\/\",\"name\":\"ENCORDADURA DADDARIO MOD. XTABR1047-12 - Mexican Guitar Players\",\"isPartOf\":{\"@id\":\"https:\\\/\\\/www.mexicanguitarplayers.com\\\/#website\"},\"primaryImageOfPage\":{\"@id\":\"https:\\\/\\\/www.mexicanguitarplayers.com\\\/tienda\\\/accesorios\\\/para-guitarras\\\/cuerdas-y-encordaduras\\\/encordadura-para-guitarra-acustica\\\/encordadura-daddario-mod-xtabr1047-12\\\/#primaryimage\"},\"image\":{\"@id\":\"https:\\\/\\\/www.mexicanguitarplayers.com\\\/tienda\\\/accesorios\\\/para-guitarras\\\/cuerdas-y-encordaduras\\\/encordadura-para-guitarra-acustica\\\/encordadura-daddario-mod-xtabr1047-12\\\/#primaryimage\"},\"thumbnailUrl\":\"https:\\\/\\\/www.mexicanguitarplayers.com\\\/wp-content\\\/uploads\\\/2022\\\/08\\\/RADADXBR104712.jpg\",\"datePublished\":\"2022-08-18T06:56:55+00:00\",\"dateModified\":\"2026-02-20T22:18:47+00:00\",\"description\":\"ENCORDADURA DADDARIO MOD. XTABR1047-12. Encordadura para guitarra ac\u00fastica de 12 cuerdas, tensi\u00f3n ligera, recubiertas, afinaci\u00f3n est\u00e1ndar, material de recubrimiento: Bronce 80\\\/20, tratamiento de vida \u00fatil prolongada en cada cuerda, preserva el tono natural y la sensaci\u00f3n de las cuerdas sin recubrimiento, alambre de acero con alto contenido de carbono y tecnolog\u00edas Fusion Twist que brindan estabilidad de afinaci\u00f3n y una resistencia sin igual a la rotura, se mantienen afinadas un 131% mejor que las cuerdas tradicionales, duran al menos 4 veces que las cuerdas tradicionales sin recubrimiento, empaque interno con cierre resellable para facilitar apertura y almacenamiento de cuerdas no utilizadas, calibres: .0100, .0100, .0140, .0140, .0230, .0080, .0300, .0120, .0390, .0180, .0470, .0270.\",\"breadcrumb\":{\"@id\":\"https:\\\/\\\/www.mexicanguitarplayers.com\\\/tienda\\\/accesorios\\\/para-guitarras\\\/cuerdas-y-encordaduras\\\/encordadura-para-guitarra-acustica\\\/encordadura-daddario-mod-xtabr1047-12\\\/#breadcrumb\"},\"inLanguage\":\"en-US\",\"potentialAction\":[{\"@type\":\"ReadAction\",\"target\":[\"https:\\\/\\\/www.mexicanguitarplayers.com\\\/tienda\\\/accesorios\\\/para-guitarras\\\/cuerdas-y-encordaduras\\\/encordadura-para-guitarra-acustica\\\/encordadura-daddario-mod-xtabr1047-12\\\/\"]}]},{\"@type\":\"ImageObject\",\"inLanguage\":\"en-US\",\"@id\":\"https:\\\/\\\/www.mexicanguitarplayers.com\\\/tienda\\\/accesorios\\\/para-guitarras\\\/cuerdas-y-encordaduras\\\/encordadura-para-guitarra-acustica\\\/encordadura-daddario-mod-xtabr1047-12\\\/#primaryimage\",\"url\":\"https:\\\/\\\/www.mexicanguitarplayers.com\\\/wp-content\\\/uploads\\\/2022\\\/08\\\/RADADXBR104712.jpg\",\"contentUrl\":\"https:\\\/\\\/www.mexicanguitarplayers.com\\\/wp-content\\\/uploads\\\/2022\\\/08\\\/RADADXBR104712.jpg\",\"width\":1200,\"height\":1200},{\"@type\":\"BreadcrumbList\",\"@id\":\"https:\\\/\\\/www.mexicanguitarplayers.com\\\/tienda\\\/accesorios\\\/para-guitarras\\\/cuerdas-y-encordaduras\\\/encordadura-para-guitarra-acustica\\\/encordadura-daddario-mod-xtabr1047-12\\\/#breadcrumb\",\"itemListElement\":[{\"@type\":\"ListItem\",\"position\":1,\"name\":\"Portada\",\"item\":\"https:\\\/\\\/www.mexicanguitarplayers.com\\\/\"},{\"@type\":\"ListItem\",\"position\":2,\"name\":\"Tienda\",\"item\":\"https:\\\/\\\/www.mexicanguitarplayers.com\\\/tienda\\\/\"},{\"@type\":\"ListItem\",\"position\":3,\"name\":\"ENCORDADURA DADDARIO MOD. XTABR1047-12\"}]},{\"@type\":\"WebSite\",\"@id\":\"https:\\\/\\\/www.mexicanguitarplayers.com\\\/#website\",\"url\":\"https:\\\/\\\/www.mexicanguitarplayers.com\\\/\",\"name\":\"Mexican Guitar Players\",\"description\":\"Website\",\"publisher\":{\"@id\":\"https:\\\/\\\/www.mexicanguitarplayers.com\\\/#organization\"},\"potentialAction\":[{\"@type\":\"SearchAction\",\"target\":{\"@type\":\"EntryPoint\",\"urlTemplate\":\"https:\\\/\\\/www.mexicanguitarplayers.com\\\/?s={search_term_string}\"},\"query-input\":{\"@type\":\"PropertyValueSpecification\",\"valueRequired\":true,\"valueName\":\"search_term_string\"}}],\"inLanguage\":\"en-US\"},{\"@type\":\"Organization\",\"@id\":\"https:\\\/\\\/www.mexicanguitarplayers.com\\\/#organization\",\"name\":\"Mexican Guitar Players\",\"url\":\"https:\\\/\\\/www.mexicanguitarplayers.com\\\/\",\"logo\":{\"@type\":\"ImageObject\",\"inLanguage\":\"en-US\",\"@id\":\"https:\\\/\\\/www.mexicanguitarplayers.com\\\/#\\\/schema\\\/logo\\\/image\\\/\",\"url\":\"\",\"contentUrl\":\"\",\"caption\":\"Mexican Guitar Players\"},\"image\":{\"@id\":\"https:\\\/\\\/www.mexicanguitarplayers.com\\\/#\\\/schema\\\/logo\\\/image\\\/\"}}]}<\/script>\n<!-- \/ Yoast SEO plugin. -->","yoast_head_json":{"title":"ENCORDADURA DADDARIO MOD. XTABR1047-12 - Mexican Guitar Players","description":"ENCORDADURA DADDARIO MOD. XTABR1047-12. Encordadura para guitarra ac\u00fastica de 12 cuerdas, tensi\u00f3n ligera, recubiertas, afinaci\u00f3n est\u00e1ndar, material de recubrimiento: Bronce 80\/20, tratamiento de vida \u00fatil prolongada en cada cuerda, preserva el tono natural y la sensaci\u00f3n de las cuerdas sin recubrimiento, alambre de acero con alto contenido de carbono y tecnolog\u00edas Fusion Twist que brindan estabilidad de afinaci\u00f3n y una resistencia sin igual a la rotura, se mantienen afinadas un 131% mejor que las cuerdas tradicionales, duran al menos 4 veces que las cuerdas tradicionales sin recubrimiento, empaque interno con cierre resellable para facilitar apertura y almacenamiento de cuerdas no utilizadas, calibres: .0100, .0100, .0140, .0140, .0230, .0080, .0300, .0120, .0390, .0180, .0470, .0270.","robots":{"index":"index","follow":"follow","max-snippet":"max-snippet:-1","max-image-preview":"max-image-preview:large","max-video-preview":"max-video-preview:-1"},"canonical":"https:\/\/www.mexicanguitarplayers.com\/en\/tienda\/accesorios\/para-guitarras\/cuerdas-y-encordaduras\/encordadura-para-guitarra-acustica\/encordadura-daddario-mod-xtabr1047-12\/","og_locale":"en_US","og_type":"article","og_title":"ENCORDADURA DADDARIO MOD. XTABR1047-12 - Mexican Guitar Players","og_description":"ENCORDADURA DADDARIO MOD. XTABR1047-12. Encordadura para guitarra ac\u00fastica de 12 cuerdas, tensi\u00f3n ligera, recubiertas, afinaci\u00f3n est\u00e1ndar, material de recubrimiento: Bronce 80\/20, tratamiento de vida \u00fatil prolongada en cada cuerda, preserva el tono natural y la sensaci\u00f3n de las cuerdas sin recubrimiento, alambre de acero con alto contenido de carbono y tecnolog\u00edas Fusion Twist que brindan estabilidad de afinaci\u00f3n y una resistencia sin igual a la rotura, se mantienen afinadas un 131% mejor que las cuerdas tradicionales, duran al menos 4 veces que las cuerdas tradicionales sin recubrimiento, empaque interno con cierre resellable para facilitar apertura y almacenamiento de cuerdas no utilizadas, calibres: .0100, .0100, .0140, .0140, .0230, .0080, .0300, .0120, .0390, .0180, .0470, .0270.","og_url":"https:\/\/www.mexicanguitarplayers.com\/en\/tienda\/accesorios\/para-guitarras\/cuerdas-y-encordaduras\/encordadura-para-guitarra-acustica\/encordadura-daddario-mod-xtabr1047-12\/","og_site_name":"Mexican Guitar Players","article_modified_time":"2026-02-20T22:18:47+00:00","og_image":[{"width":1200,"height":1200,"url":"https:\/\/www.mexicanguitarplayers.com\/wp-content\/uploads\/2022\/08\/RADADXBR104712.jpg","type":"image\/jpeg"}],"twitter_card":"summary_large_image","twitter_misc":{"Est. reading time":"1 minute"},"schema":{"@context":"https:\/\/schema.org","@graph":[{"@type":["WebPage","ItemPage"],"@id":"https:\/\/www.mexicanguitarplayers.com\/tienda\/accesorios\/para-guitarras\/cuerdas-y-encordaduras\/encordadura-para-guitarra-acustica\/encordadura-daddario-mod-xtabr1047-12\/","url":"https:\/\/www.mexicanguitarplayers.com\/tienda\/accesorios\/para-guitarras\/cuerdas-y-encordaduras\/encordadura-para-guitarra-acustica\/encordadura-daddario-mod-xtabr1047-12\/","name":"ENCORDADURA DADDARIO MOD. XTABR1047-12 - Mexican Guitar Players","isPartOf":{"@id":"https:\/\/www.mexicanguitarplayers.com\/#website"},"primaryImageOfPage":{"@id":"https:\/\/www.mexicanguitarplayers.com\/tienda\/accesorios\/para-guitarras\/cuerdas-y-encordaduras\/encordadura-para-guitarra-acustica\/encordadura-daddario-mod-xtabr1047-12\/#primaryimage"},"image":{"@id":"https:\/\/www.mexicanguitarplayers.com\/tienda\/accesorios\/para-guitarras\/cuerdas-y-encordaduras\/encordadura-para-guitarra-acustica\/encordadura-daddario-mod-xtabr1047-12\/#primaryimage"},"thumbnailUrl":"https:\/\/www.mexicanguitarplayers.com\/wp-content\/uploads\/2022\/08\/RADADXBR104712.jpg","datePublished":"2022-08-18T06:56:55+00:00","dateModified":"2026-02-20T22:18:47+00:00","description":"ENCORDADURA DADDARIO MOD. XTABR1047-12. Encordadura para guitarra ac\u00fastica de 12 cuerdas, tensi\u00f3n ligera, recubiertas, afinaci\u00f3n est\u00e1ndar, material de recubrimiento: Bronce 80\/20, tratamiento de vida \u00fatil prolongada en cada cuerda, preserva el tono natural y la sensaci\u00f3n de las cuerdas sin recubrimiento, alambre de acero con alto contenido de carbono y tecnolog\u00edas Fusion Twist que brindan estabilidad de afinaci\u00f3n y una resistencia sin igual a la rotura, se mantienen afinadas un 131% mejor que las cuerdas tradicionales, duran al menos 4 veces que las cuerdas tradicionales sin recubrimiento, empaque interno con cierre resellable para facilitar apertura y almacenamiento de cuerdas no utilizadas, calibres: .0100, .0100, .0140, .0140, .0230, .0080, .0300, .0120, .0390, .0180, .0470, .0270.","breadcrumb":{"@id":"https:\/\/www.mexicanguitarplayers.com\/tienda\/accesorios\/para-guitarras\/cuerdas-y-encordaduras\/encordadura-para-guitarra-acustica\/encordadura-daddario-mod-xtabr1047-12\/#breadcrumb"},"inLanguage":"en-US","potentialAction":[{"@type":"ReadAction","target":["https:\/\/www.mexicanguitarplayers.com\/tienda\/accesorios\/para-guitarras\/cuerdas-y-encordaduras\/encordadura-para-guitarra-acustica\/encordadura-daddario-mod-xtabr1047-12\/"]}]},{"@type":"ImageObject","inLanguage":"en-US","@id":"https:\/\/www.mexicanguitarplayers.com\/tienda\/accesorios\/para-guitarras\/cuerdas-y-encordaduras\/encordadura-para-guitarra-acustica\/encordadura-daddario-mod-xtabr1047-12\/#primaryimage","url":"https:\/\/www.mexicanguitarplayers.com\/wp-content\/uploads\/2022\/08\/RADADXBR104712.jpg","contentUrl":"https:\/\/www.mexicanguitarplayers.com\/wp-content\/uploads\/2022\/08\/RADADXBR104712.jpg","width":1200,"height":1200},{"@type":"BreadcrumbList","@id":"https:\/\/www.mexicanguitarplayers.com\/tienda\/accesorios\/para-guitarras\/cuerdas-y-encordaduras\/encordadura-para-guitarra-acustica\/encordadura-daddario-mod-xtabr1047-12\/#breadcrumb","itemListElement":[{"@type":"ListItem","position":1,"name":"Portada","item":"https:\/\/www.mexicanguitarplayers.com\/"},{"@type":"ListItem","position":2,"name":"Tienda","item":"https:\/\/www.mexicanguitarplayers.com\/tienda\/"},{"@type":"ListItem","position":3,"name":"ENCORDADURA DADDARIO MOD. XTABR1047-12"}]},{"@type":"WebSite","@id":"https:\/\/www.mexicanguitarplayers.com\/#website","url":"https:\/\/www.mexicanguitarplayers.com\/","name":"Mexican Guitar Players","description":"Website","publisher":{"@id":"https:\/\/www.mexicanguitarplayers.com\/#organization"},"potentialAction":[{"@type":"SearchAction","target":{"@type":"EntryPoint","urlTemplate":"https:\/\/www.mexicanguitarplayers.com\/?s={search_term_string}"},"query-input":{"@type":"PropertyValueSpecification","valueRequired":true,"valueName":"search_term_string"}}],"inLanguage":"en-US"},{"@type":"Organization","@id":"https:\/\/www.mexicanguitarplayers.com\/#organization","name":"Mexican Guitar Players","url":"https:\/\/www.mexicanguitarplayers.com\/","logo":{"@type":"ImageObject","inLanguage":"en-US","@id":"https:\/\/www.mexicanguitarplayers.com\/#\/schema\/logo\/image\/","url":"","contentUrl":"","caption":"Mexican Guitar Players"},"image":{"@id":"https:\/\/www.mexicanguitarplayers.com\/#\/schema\/logo\/image\/"}}]}},"brands":[{"id":347,"name":"D ADDARIO","slug":"d-addario"}],"_links":{"self":[{"href":"https:\/\/www.mexicanguitarplayers.com\/en\/wp-json\/wp\/v2\/product\/10889","targetHints":{"allow":["GET"]}}],"collection":[{"href":"https:\/\/www.mexicanguitarplayers.com\/en\/wp-json\/wp\/v2\/product"}],"about":[{"href":"https:\/\/www.mexicanguitarplayers.com\/en\/wp-json\/wp\/v2\/types\/product"}],"replies":[{"embeddable":true,"href":"https:\/\/www.mexicanguitarplayers.com\/en\/wp-json\/wp\/v2\/comments?post=10889"}],"wp:featuredmedia":[{"embeddable":true,"href":"https:\/\/www.mexicanguitarplayers.com\/en\/wp-json\/wp\/v2\/media\/10886"}],"wp:attachment":[{"href":"https:\/\/www.mexicanguitarplayers.com\/en\/wp-json\/wp\/v2\/media?parent=10889"}],"wp:term":[{"taxonomy":"pwb-brand","embeddable":true,"href":"https:\/\/www.mexicanguitarplayers.com\/en\/wp-json\/wp\/v2\/pwb-brand?post=10889"},{"taxonomy":"product_brand","embeddable":true,"href":"https:\/\/www.mexicanguitarplayers.com\/en\/wp-json\/wp\/v2\/product_brand?post=10889"},{"taxonomy":"product_cat","embeddable":true,"href":"https:\/\/www.mexicanguitarplayers.com\/en\/wp-json\/wp\/v2\/product_cat?post=10889"},{"taxonomy":"product_tag","embeddable":true,"href":"https:\/\/www.mexicanguitarplayers.com\/en\/wp-json\/wp\/v2\/product_tag?post=10889"}],"curies":[{"name":"wp","href":"https:\/\/api.w.org\/{rel}","templated":true}]}}