{"id":10921,"date":"2022-08-18T01:57:47","date_gmt":"2022-08-18T06:57:47","guid":{"rendered":"https:\/\/www.mexicanguitarplayers.com\/tienda\/sin%20categor\u00eda\/encordadura-daddario-mod-xse0942\/"},"modified":"2026-01-17T05:51:06","modified_gmt":"2026-01-17T11:51:06","slug":"encordadura-daddario-mod-xse0942","status":"publish","type":"product","link":"https:\/\/www.mexicanguitarplayers.com\/en\/tienda\/accesorios\/para-guitarras\/cuerdas-y-encordaduras\/encordaduras-para-guitarra-electrica\/encordadura-daddario-mod-xse0942\/","title":{"rendered":"ROPE DADDARIO MOD. XSE0942"},"content":{"rendered":"<div style=\"text-align: justify\">\n<div>\n<h3>ROPE DADDARIO MOD. XSE0942<\/h3>\n<\/div>\n<div>XS Electric Nickel Plated Steel String For Electric Guitar, Super Light Gauge Set For Easy Bends And Great Vibrato, Ultra Thin Film Coating Extends String Life Between Changes, Smooth And Sleek Feel On Fingers, Great Tone Long lasting with rich harmonics, clarity and definition, Fusion Twist technology that improves tuning stability, NY Steel hex core that offers superior tuning and stability, Digitally controlled winding that ensures consistency from set to set, Gauges: .009, . .011, .016, .024, .032, .042, roundwound winding.<\/div>\n<\/div>","protected":false},"excerpt":{"rendered":"<p>Encordadura para guitarra el\u00e9ctrica, modelo XS Electric Nickel Plated Steel, set de calibre s\u00faper ligero para bends sencillos y gran vibrato, revestimiento de pel\u00edcula ultra fina que prolonga la vida \u00fatil de la cuerda entre cambios, sensaci\u00f3n suave y elegante en los dedos, gran tono de larga duraci\u00f3n con ricos arm\u00f3nicos, claridad y definici\u00f3n, tecnolog\u00eda Fusion Twist que mejora la estabilidad de afinaci\u00f3n, n\u00facleo hexagonal NY Steel que ofrece afinaci\u00f3n y estabilidad superior, bobinado controlado digitalmente que garantiza la consistencia de set a set, calibres: .009, .011, .016, .024, .032, .042, bobinado roundwound.&hellip; <a class=\"kt-excerpt-readmore more-link\" href=\"https:\/\/www.mexicanguitarplayers.com\/en\/tienda\/accesorios\/para-guitarras\/cuerdas-y-encordaduras\/encordaduras-para-guitarra-electrica\/encordadura-daddario-mod-xse0942\/\">Read more<\/a><\/p>","protected":false},"featured_media":10918,"comment_status":"open","ping_status":"closed","template":"","meta":{"kt_blocks_editor_width":""},"pwb-brand":[347],"product_brand":[],"product_cat":[85,337,344,336],"product_tag":[],"class_list":{"0":"post-10921","1":"product","2":"type-product","3":"status-publish","4":"has-post-thumbnail","6":"pwb-brand-d-addario","7":"product_cat-accesorios","8":"product_cat-cuerdas-y-encordaduras","9":"product_cat-encordaduras-para-guitarra-electrica","10":"product_cat-para-guitarras","11":"product_shipping_class-0-5-kg","13":"first","14":"instock","15":"taxable","16":"shipping-taxable","17":"purchasable","18":"product-type-simple"},"yoast_head":"<!-- This site is optimized with the Yoast SEO plugin v27.3 - https:\/\/yoast.com\/product\/yoast-seo-wordpress\/ -->\n<title>ENCORDADURA DADDARIO MOD. XSE0942 - Mexican Guitar Players<\/title>\n<meta name=\"description\" content=\"ENCORDADURA DADDARIO MOD. XSE0942. Encordadura para guitarra el\u00e9ctrica, modelo XS Electric Nickel Plated Steel, set de calibre s\u00faper ligero para bends sencillos y gran vibrato, revestimiento de pel\u00edcula ultra fina que prolonga la vida \u00fatil de la cuerda entre cambios, sensaci\u00f3n suave y elegante en los dedos, gran tono de larga duraci\u00f3n con ricos arm\u00f3nicos, claridad y definici\u00f3n, tecnolog\u00eda Fusion Twist que mejora la estabilidad de afinaci\u00f3n, n\u00facleo hexagonal NY Steel que ofrece afinaci\u00f3n y estabilidad superior, bobinado controlado digitalmente que garantiza la consistencia de set a set, calibres: .009, .011, .016, .024, .032, .042, bobinado roundwound.\" \/>\n<meta name=\"robots\" content=\"index, follow, max-snippet:-1, max-image-preview:large, max-video-preview:-1\" \/>\n<link rel=\"canonical\" href=\"https:\/\/www.mexicanguitarplayers.com\/en\/tienda\/accesorios\/para-guitarras\/cuerdas-y-encordaduras\/encordaduras-para-guitarra-electrica\/encordadura-daddario-mod-xse0942\/\" \/>\n<meta property=\"og:locale\" content=\"en_US\" \/>\n<meta property=\"og:type\" content=\"article\" \/>\n<meta property=\"og:title\" content=\"ENCORDADURA DADDARIO MOD. XSE0942 - Mexican Guitar Players\" \/>\n<meta property=\"og:description\" content=\"ENCORDADURA DADDARIO MOD. XSE0942. Encordadura para guitarra el\u00e9ctrica, modelo XS Electric Nickel Plated Steel, set de calibre s\u00faper ligero para bends sencillos y gran vibrato, revestimiento de pel\u00edcula ultra fina que prolonga la vida \u00fatil de la cuerda entre cambios, sensaci\u00f3n suave y elegante en los dedos, gran tono de larga duraci\u00f3n con ricos arm\u00f3nicos, claridad y definici\u00f3n, tecnolog\u00eda Fusion Twist que mejora la estabilidad de afinaci\u00f3n, n\u00facleo hexagonal NY Steel que ofrece afinaci\u00f3n y estabilidad superior, bobinado controlado digitalmente que garantiza la consistencia de set a set, calibres: .009, .011, .016, .024, .032, .042, bobinado roundwound.\" \/>\n<meta property=\"og:url\" content=\"https:\/\/www.mexicanguitarplayers.com\/en\/tienda\/accesorios\/para-guitarras\/cuerdas-y-encordaduras\/encordaduras-para-guitarra-electrica\/encordadura-daddario-mod-xse0942\/\" \/>\n<meta property=\"og:site_name\" content=\"Mexican Guitar Players\" \/>\n<meta property=\"article:modified_time\" content=\"2026-01-17T11:51:06+00:00\" \/>\n<meta property=\"og:image\" content=\"https:\/\/www.mexicanguitarplayers.com\/wp-content\/uploads\/2022\/08\/RADADXSE0942.jpg\" \/>\n\t<meta property=\"og:image:width\" content=\"1200\" \/>\n\t<meta property=\"og:image:height\" content=\"1200\" \/>\n\t<meta property=\"og:image:type\" content=\"image\/jpeg\" \/>\n<meta name=\"twitter:card\" content=\"summary_large_image\" \/>\n<meta name=\"twitter:label1\" content=\"Est. reading time\" \/>\n\t<meta name=\"twitter:data1\" content=\"1 minute\" \/>\n<script type=\"application\/ld+json\" class=\"yoast-schema-graph\">{\"@context\":\"https:\\\/\\\/schema.org\",\"@graph\":[{\"@type\":[\"WebPage\",\"ItemPage\"],\"@id\":\"https:\\\/\\\/www.mexicanguitarplayers.com\\\/tienda\\\/accesorios\\\/para-guitarras\\\/cuerdas-y-encordaduras\\\/encordaduras-para-guitarra-electrica\\\/encordadura-daddario-mod-xse0942\\\/\",\"url\":\"https:\\\/\\\/www.mexicanguitarplayers.com\\\/tienda\\\/accesorios\\\/para-guitarras\\\/cuerdas-y-encordaduras\\\/encordaduras-para-guitarra-electrica\\\/encordadura-daddario-mod-xse0942\\\/\",\"name\":\"ENCORDADURA DADDARIO MOD. XSE0942 - Mexican Guitar Players\",\"isPartOf\":{\"@id\":\"https:\\\/\\\/www.mexicanguitarplayers.com\\\/#website\"},\"primaryImageOfPage\":{\"@id\":\"https:\\\/\\\/www.mexicanguitarplayers.com\\\/tienda\\\/accesorios\\\/para-guitarras\\\/cuerdas-y-encordaduras\\\/encordaduras-para-guitarra-electrica\\\/encordadura-daddario-mod-xse0942\\\/#primaryimage\"},\"image\":{\"@id\":\"https:\\\/\\\/www.mexicanguitarplayers.com\\\/tienda\\\/accesorios\\\/para-guitarras\\\/cuerdas-y-encordaduras\\\/encordaduras-para-guitarra-electrica\\\/encordadura-daddario-mod-xse0942\\\/#primaryimage\"},\"thumbnailUrl\":\"https:\\\/\\\/www.mexicanguitarplayers.com\\\/wp-content\\\/uploads\\\/2022\\\/08\\\/RADADXSE0942.jpg\",\"datePublished\":\"2022-08-18T06:57:47+00:00\",\"dateModified\":\"2026-01-17T11:51:06+00:00\",\"description\":\"ENCORDADURA DADDARIO MOD. XSE0942. Encordadura para guitarra el\u00e9ctrica, modelo XS Electric Nickel Plated Steel, set de calibre s\u00faper ligero para bends sencillos y gran vibrato, revestimiento de pel\u00edcula ultra fina que prolonga la vida \u00fatil de la cuerda entre cambios, sensaci\u00f3n suave y elegante en los dedos, gran tono de larga duraci\u00f3n con ricos arm\u00f3nicos, claridad y definici\u00f3n, tecnolog\u00eda Fusion Twist que mejora la estabilidad de afinaci\u00f3n, n\u00facleo hexagonal NY Steel que ofrece afinaci\u00f3n y estabilidad superior, bobinado controlado digitalmente que garantiza la consistencia de set a set, calibres: .009, .011, .016, .024, .032, .042, bobinado roundwound.\",\"breadcrumb\":{\"@id\":\"https:\\\/\\\/www.mexicanguitarplayers.com\\\/tienda\\\/accesorios\\\/para-guitarras\\\/cuerdas-y-encordaduras\\\/encordaduras-para-guitarra-electrica\\\/encordadura-daddario-mod-xse0942\\\/#breadcrumb\"},\"inLanguage\":\"en-US\",\"potentialAction\":[{\"@type\":\"ReadAction\",\"target\":[\"https:\\\/\\\/www.mexicanguitarplayers.com\\\/tienda\\\/accesorios\\\/para-guitarras\\\/cuerdas-y-encordaduras\\\/encordaduras-para-guitarra-electrica\\\/encordadura-daddario-mod-xse0942\\\/\"]}]},{\"@type\":\"ImageObject\",\"inLanguage\":\"en-US\",\"@id\":\"https:\\\/\\\/www.mexicanguitarplayers.com\\\/tienda\\\/accesorios\\\/para-guitarras\\\/cuerdas-y-encordaduras\\\/encordaduras-para-guitarra-electrica\\\/encordadura-daddario-mod-xse0942\\\/#primaryimage\",\"url\":\"https:\\\/\\\/www.mexicanguitarplayers.com\\\/wp-content\\\/uploads\\\/2022\\\/08\\\/RADADXSE0942.jpg\",\"contentUrl\":\"https:\\\/\\\/www.mexicanguitarplayers.com\\\/wp-content\\\/uploads\\\/2022\\\/08\\\/RADADXSE0942.jpg\",\"width\":1200,\"height\":1200},{\"@type\":\"BreadcrumbList\",\"@id\":\"https:\\\/\\\/www.mexicanguitarplayers.com\\\/tienda\\\/accesorios\\\/para-guitarras\\\/cuerdas-y-encordaduras\\\/encordaduras-para-guitarra-electrica\\\/encordadura-daddario-mod-xse0942\\\/#breadcrumb\",\"itemListElement\":[{\"@type\":\"ListItem\",\"position\":1,\"name\":\"Portada\",\"item\":\"https:\\\/\\\/www.mexicanguitarplayers.com\\\/\"},{\"@type\":\"ListItem\",\"position\":2,\"name\":\"Tienda\",\"item\":\"https:\\\/\\\/www.mexicanguitarplayers.com\\\/tienda\\\/\"},{\"@type\":\"ListItem\",\"position\":3,\"name\":\"ENCORDADURA DADDARIO MOD. XSE0942\"}]},{\"@type\":\"WebSite\",\"@id\":\"https:\\\/\\\/www.mexicanguitarplayers.com\\\/#website\",\"url\":\"https:\\\/\\\/www.mexicanguitarplayers.com\\\/\",\"name\":\"Mexican Guitar Players\",\"description\":\"Website\",\"publisher\":{\"@id\":\"https:\\\/\\\/www.mexicanguitarplayers.com\\\/#organization\"},\"potentialAction\":[{\"@type\":\"SearchAction\",\"target\":{\"@type\":\"EntryPoint\",\"urlTemplate\":\"https:\\\/\\\/www.mexicanguitarplayers.com\\\/?s={search_term_string}\"},\"query-input\":{\"@type\":\"PropertyValueSpecification\",\"valueRequired\":true,\"valueName\":\"search_term_string\"}}],\"inLanguage\":\"en-US\"},{\"@type\":\"Organization\",\"@id\":\"https:\\\/\\\/www.mexicanguitarplayers.com\\\/#organization\",\"name\":\"Mexican Guitar Players\",\"url\":\"https:\\\/\\\/www.mexicanguitarplayers.com\\\/\",\"logo\":{\"@type\":\"ImageObject\",\"inLanguage\":\"en-US\",\"@id\":\"https:\\\/\\\/www.mexicanguitarplayers.com\\\/#\\\/schema\\\/logo\\\/image\\\/\",\"url\":\"\",\"contentUrl\":\"\",\"caption\":\"Mexican Guitar Players\"},\"image\":{\"@id\":\"https:\\\/\\\/www.mexicanguitarplayers.com\\\/#\\\/schema\\\/logo\\\/image\\\/\"}}]}<\/script>\n<!-- \/ Yoast SEO plugin. -->","yoast_head_json":{"title":"ENCORDADURA DADDARIO MOD. XSE0942 - Mexican Guitar Players","description":"ENCORDADURA DADDARIO MOD. XSE0942. Encordadura para guitarra el\u00e9ctrica, modelo XS Electric Nickel Plated Steel, set de calibre s\u00faper ligero para bends sencillos y gran vibrato, revestimiento de pel\u00edcula ultra fina que prolonga la vida \u00fatil de la cuerda entre cambios, sensaci\u00f3n suave y elegante en los dedos, gran tono de larga duraci\u00f3n con ricos arm\u00f3nicos, claridad y definici\u00f3n, tecnolog\u00eda Fusion Twist que mejora la estabilidad de afinaci\u00f3n, n\u00facleo hexagonal NY Steel que ofrece afinaci\u00f3n y estabilidad superior, bobinado controlado digitalmente que garantiza la consistencia de set a set, calibres: .009, .011, .016, .024, .032, .042, bobinado roundwound.","robots":{"index":"index","follow":"follow","max-snippet":"max-snippet:-1","max-image-preview":"max-image-preview:large","max-video-preview":"max-video-preview:-1"},"canonical":"https:\/\/www.mexicanguitarplayers.com\/en\/tienda\/accesorios\/para-guitarras\/cuerdas-y-encordaduras\/encordaduras-para-guitarra-electrica\/encordadura-daddario-mod-xse0942\/","og_locale":"en_US","og_type":"article","og_title":"ENCORDADURA DADDARIO MOD. XSE0942 - Mexican Guitar Players","og_description":"ENCORDADURA DADDARIO MOD. XSE0942. Encordadura para guitarra el\u00e9ctrica, modelo XS Electric Nickel Plated Steel, set de calibre s\u00faper ligero para bends sencillos y gran vibrato, revestimiento de pel\u00edcula ultra fina que prolonga la vida \u00fatil de la cuerda entre cambios, sensaci\u00f3n suave y elegante en los dedos, gran tono de larga duraci\u00f3n con ricos arm\u00f3nicos, claridad y definici\u00f3n, tecnolog\u00eda Fusion Twist que mejora la estabilidad de afinaci\u00f3n, n\u00facleo hexagonal NY Steel que ofrece afinaci\u00f3n y estabilidad superior, bobinado controlado digitalmente que garantiza la consistencia de set a set, calibres: .009, .011, .016, .024, .032, .042, bobinado roundwound.","og_url":"https:\/\/www.mexicanguitarplayers.com\/en\/tienda\/accesorios\/para-guitarras\/cuerdas-y-encordaduras\/encordaduras-para-guitarra-electrica\/encordadura-daddario-mod-xse0942\/","og_site_name":"Mexican Guitar Players","article_modified_time":"2026-01-17T11:51:06+00:00","og_image":[{"width":1200,"height":1200,"url":"https:\/\/www.mexicanguitarplayers.com\/wp-content\/uploads\/2022\/08\/RADADXSE0942.jpg","type":"image\/jpeg"}],"twitter_card":"summary_large_image","twitter_misc":{"Est. reading time":"1 minute"},"schema":{"@context":"https:\/\/schema.org","@graph":[{"@type":["WebPage","ItemPage"],"@id":"https:\/\/www.mexicanguitarplayers.com\/tienda\/accesorios\/para-guitarras\/cuerdas-y-encordaduras\/encordaduras-para-guitarra-electrica\/encordadura-daddario-mod-xse0942\/","url":"https:\/\/www.mexicanguitarplayers.com\/tienda\/accesorios\/para-guitarras\/cuerdas-y-encordaduras\/encordaduras-para-guitarra-electrica\/encordadura-daddario-mod-xse0942\/","name":"ENCORDADURA DADDARIO MOD. XSE0942 - Mexican Guitar Players","isPartOf":{"@id":"https:\/\/www.mexicanguitarplayers.com\/#website"},"primaryImageOfPage":{"@id":"https:\/\/www.mexicanguitarplayers.com\/tienda\/accesorios\/para-guitarras\/cuerdas-y-encordaduras\/encordaduras-para-guitarra-electrica\/encordadura-daddario-mod-xse0942\/#primaryimage"},"image":{"@id":"https:\/\/www.mexicanguitarplayers.com\/tienda\/accesorios\/para-guitarras\/cuerdas-y-encordaduras\/encordaduras-para-guitarra-electrica\/encordadura-daddario-mod-xse0942\/#primaryimage"},"thumbnailUrl":"https:\/\/www.mexicanguitarplayers.com\/wp-content\/uploads\/2022\/08\/RADADXSE0942.jpg","datePublished":"2022-08-18T06:57:47+00:00","dateModified":"2026-01-17T11:51:06+00:00","description":"ENCORDADURA DADDARIO MOD. XSE0942. Encordadura para guitarra el\u00e9ctrica, modelo XS Electric Nickel Plated Steel, set de calibre s\u00faper ligero para bends sencillos y gran vibrato, revestimiento de pel\u00edcula ultra fina que prolonga la vida \u00fatil de la cuerda entre cambios, sensaci\u00f3n suave y elegante en los dedos, gran tono de larga duraci\u00f3n con ricos arm\u00f3nicos, claridad y definici\u00f3n, tecnolog\u00eda Fusion Twist que mejora la estabilidad de afinaci\u00f3n, n\u00facleo hexagonal NY Steel que ofrece afinaci\u00f3n y estabilidad superior, bobinado controlado digitalmente que garantiza la consistencia de set a set, calibres: .009, .011, .016, .024, .032, .042, bobinado roundwound.","breadcrumb":{"@id":"https:\/\/www.mexicanguitarplayers.com\/tienda\/accesorios\/para-guitarras\/cuerdas-y-encordaduras\/encordaduras-para-guitarra-electrica\/encordadura-daddario-mod-xse0942\/#breadcrumb"},"inLanguage":"en-US","potentialAction":[{"@type":"ReadAction","target":["https:\/\/www.mexicanguitarplayers.com\/tienda\/accesorios\/para-guitarras\/cuerdas-y-encordaduras\/encordaduras-para-guitarra-electrica\/encordadura-daddario-mod-xse0942\/"]}]},{"@type":"ImageObject","inLanguage":"en-US","@id":"https:\/\/www.mexicanguitarplayers.com\/tienda\/accesorios\/para-guitarras\/cuerdas-y-encordaduras\/encordaduras-para-guitarra-electrica\/encordadura-daddario-mod-xse0942\/#primaryimage","url":"https:\/\/www.mexicanguitarplayers.com\/wp-content\/uploads\/2022\/08\/RADADXSE0942.jpg","contentUrl":"https:\/\/www.mexicanguitarplayers.com\/wp-content\/uploads\/2022\/08\/RADADXSE0942.jpg","width":1200,"height":1200},{"@type":"BreadcrumbList","@id":"https:\/\/www.mexicanguitarplayers.com\/tienda\/accesorios\/para-guitarras\/cuerdas-y-encordaduras\/encordaduras-para-guitarra-electrica\/encordadura-daddario-mod-xse0942\/#breadcrumb","itemListElement":[{"@type":"ListItem","position":1,"name":"Portada","item":"https:\/\/www.mexicanguitarplayers.com\/"},{"@type":"ListItem","position":2,"name":"Tienda","item":"https:\/\/www.mexicanguitarplayers.com\/tienda\/"},{"@type":"ListItem","position":3,"name":"ENCORDADURA DADDARIO MOD. XSE0942"}]},{"@type":"WebSite","@id":"https:\/\/www.mexicanguitarplayers.com\/#website","url":"https:\/\/www.mexicanguitarplayers.com\/","name":"Mexican Guitar Players","description":"Website","publisher":{"@id":"https:\/\/www.mexicanguitarplayers.com\/#organization"},"potentialAction":[{"@type":"SearchAction","target":{"@type":"EntryPoint","urlTemplate":"https:\/\/www.mexicanguitarplayers.com\/?s={search_term_string}"},"query-input":{"@type":"PropertyValueSpecification","valueRequired":true,"valueName":"search_term_string"}}],"inLanguage":"en-US"},{"@type":"Organization","@id":"https:\/\/www.mexicanguitarplayers.com\/#organization","name":"Mexican Guitar Players","url":"https:\/\/www.mexicanguitarplayers.com\/","logo":{"@type":"ImageObject","inLanguage":"en-US","@id":"https:\/\/www.mexicanguitarplayers.com\/#\/schema\/logo\/image\/","url":"","contentUrl":"","caption":"Mexican Guitar Players"},"image":{"@id":"https:\/\/www.mexicanguitarplayers.com\/#\/schema\/logo\/image\/"}}]}},"brands":[{"id":347,"name":"D ADDARIO","slug":"d-addario"}],"_links":{"self":[{"href":"https:\/\/www.mexicanguitarplayers.com\/en\/wp-json\/wp\/v2\/product\/10921","targetHints":{"allow":["GET"]}}],"collection":[{"href":"https:\/\/www.mexicanguitarplayers.com\/en\/wp-json\/wp\/v2\/product"}],"about":[{"href":"https:\/\/www.mexicanguitarplayers.com\/en\/wp-json\/wp\/v2\/types\/product"}],"replies":[{"embeddable":true,"href":"https:\/\/www.mexicanguitarplayers.com\/en\/wp-json\/wp\/v2\/comments?post=10921"}],"wp:featuredmedia":[{"embeddable":true,"href":"https:\/\/www.mexicanguitarplayers.com\/en\/wp-json\/wp\/v2\/media\/10918"}],"wp:attachment":[{"href":"https:\/\/www.mexicanguitarplayers.com\/en\/wp-json\/wp\/v2\/media?parent=10921"}],"wp:term":[{"taxonomy":"pwb-brand","embeddable":true,"href":"https:\/\/www.mexicanguitarplayers.com\/en\/wp-json\/wp\/v2\/pwb-brand?post=10921"},{"taxonomy":"product_brand","embeddable":true,"href":"https:\/\/www.mexicanguitarplayers.com\/en\/wp-json\/wp\/v2\/product_brand?post=10921"},{"taxonomy":"product_cat","embeddable":true,"href":"https:\/\/www.mexicanguitarplayers.com\/en\/wp-json\/wp\/v2\/product_cat?post=10921"},{"taxonomy":"product_tag","embeddable":true,"href":"https:\/\/www.mexicanguitarplayers.com\/en\/wp-json\/wp\/v2\/product_tag?post=10921"}],"curies":[{"name":"wp","href":"https:\/\/api.w.org\/{rel}","templated":true}]}}