{"id":11014,"date":"2022-08-18T02:00:46","date_gmt":"2022-08-18T07:00:46","guid":{"rendered":"https:\/\/www.mexicanguitarplayers.com\/tienda\/sin%20categor\u00eda\/adaptador-diago-powerstation-3a-9v\/"},"modified":"2026-04-10T05:19:37","modified_gmt":"2026-04-10T11:19:37","slug":"adaptador-diago-powerstation-3a-9v","status":"publish","type":"product","link":"https:\/\/www.mexicanguitarplayers.com\/en\/tienda\/cuerdas\/efectos\/fuentes-de-poder-y-adaptadores\/adaptador-diago-powerstation-3a-9v\/","title":{"rendered":"DIAGO POWERSTATION ADAPTER (3A 9V)"},"content":{"rendered":"<div style=\"text-align: justify\">\n<div>\n<h3>DIAGO POWERSTATION ADAPTER (3A 9V)<\/h3>\n<\/div>\n<div>Diago Powerstation PS01 Pedal Power Adapter, 9V DC 3,000mA, Powers 1 to 30 Guitar Effects Pedals: 9V DC 3,000mA, Can Power Up to 95% Any Brand Pedal, Including Line6 Stompbox Modelers DL4, DM4, FM4 &amp; MM4, silent, hum and noise free operation, compact dimensions: 95 x 43 x 28 mm, includes deluxe daisy chain for 6 pedals (model PS02), light weight less than 200 g, made of strong shockproof ABS , works in any country without the need for transformers and has a detachable power cable, includes protection against short circuit and voltage, complies with all safety standards.<\/div>\n<\/div>","protected":false},"excerpt":{"rendered":"<p>Adaptador de corriente Diago Powerstation PS01 para pedal, 9V DC 3,000mA, alimenta de 1 a 30 pedales de efectos para guitarra: 9V DC 3,000mA, puede alimentar hasta el 95% de pedales de cualquier marca, incluyendo Line6 Stompbox Modelers DL4, DM4, FM4 &amp; MM4, silencioso, funcionamiento libre de zumbidos y ruidos, dimensiones compactas: 95 x 43 x 28 mm, incluye daisy chain de lujo para 6 pedales (modelo PS02), peso ligero menor a 200 g, fabricado con ABS resistente a prueba de golpes, funciona en cualquier pa\u00eds sin necesidad de transformadores y cuenta concable de alimentaci\u00f3n desmontable, incluye protecci\u00f3n contra corto circuito y detensi\u00f3n, cumple con todas las normas de seguridad.&hellip; <a class=\"kt-excerpt-readmore more-link\" href=\"https:\/\/www.mexicanguitarplayers.com\/en\/tienda\/cuerdas\/efectos\/fuentes-de-poder-y-adaptadores\/adaptador-diago-powerstation-3a-9v\/\">Read more<\/a><\/p>","protected":false},"featured_media":11013,"comment_status":"open","ping_status":"closed","template":"","meta":{"kt_blocks_editor_width":""},"pwb-brand":[235],"product_brand":[],"product_cat":[224,241,350],"product_tag":[],"class_list":{"0":"post-11014","1":"product","2":"type-product","3":"status-publish","4":"has-post-thumbnail","6":"pwb-brand-diago","7":"product_cat-cuerdas","8":"product_cat-efectos","9":"product_cat-fuentes-de-poder-y-adaptadores","10":"product_shipping_class-0-5-kg","12":"first","13":"outofstock","14":"taxable","15":"shipping-taxable","16":"purchasable","17":"product-type-simple"},"yoast_head":"<!-- This site is optimized with the Yoast SEO plugin v27.5 - https:\/\/yoast.com\/product\/yoast-seo-wordpress\/ -->\n<title>ADAPTADOR DIAGO POWERSTATION (3A 9V) - Mexican Guitar Players<\/title>\n<meta name=\"description\" content=\"ADAPTADOR DIAGO POWERSTATION (3A 9V). Adaptador de corriente Diago Powerstation PS01 para pedal, 9V DC 3,000mA, alimenta de 1 a 30 pedales de efectos para guitarra: 9V DC 3,000mA, puede alimentar hasta el 95% de pedales de cualquier marca, incluyendo Line6 Stompbox Modelers DL4, DM4, FM4 &amp; MM4, silencioso, funcionamiento libre de zumbidos y ruidos, dimensiones compactas: 95 x 43 x 28 mm, incluye daisy chain de lujo para 6 pedales (modelo PS02), peso ligero menor a 200 g, fabricado con ABS resistente a prueba de golpes, funciona en cualquier pa\u00eds sin necesidad de transformadores y cuenta concable de alimentaci\u00f3n desmontable, incluye protecci\u00f3n contra corto circuito y detensi\u00f3n, cumple con todas las normas de seguridad.\" \/>\n<meta name=\"robots\" content=\"index, follow, max-snippet:-1, max-image-preview:large, max-video-preview:-1\" \/>\n<link rel=\"canonical\" href=\"https:\/\/www.mexicanguitarplayers.com\/en\/tienda\/cuerdas\/efectos\/fuentes-de-poder-y-adaptadores\/adaptador-diago-powerstation-3a-9v\/\" \/>\n<meta property=\"og:locale\" content=\"en_US\" \/>\n<meta property=\"og:type\" content=\"article\" \/>\n<meta property=\"og:title\" content=\"ADAPTADOR DIAGO POWERSTATION (3A 9V) - Mexican Guitar Players\" \/>\n<meta property=\"og:description\" content=\"ADAPTADOR DIAGO POWERSTATION (3A 9V). Adaptador de corriente Diago Powerstation PS01 para pedal, 9V DC 3,000mA, alimenta de 1 a 30 pedales de efectos para guitarra: 9V DC 3,000mA, puede alimentar hasta el 95% de pedales de cualquier marca, incluyendo Line6 Stompbox Modelers DL4, DM4, FM4 &amp; MM4, silencioso, funcionamiento libre de zumbidos y ruidos, dimensiones compactas: 95 x 43 x 28 mm, incluye daisy chain de lujo para 6 pedales (modelo PS02), peso ligero menor a 200 g, fabricado con ABS resistente a prueba de golpes, funciona en cualquier pa\u00eds sin necesidad de transformadores y cuenta concable de alimentaci\u00f3n desmontable, incluye protecci\u00f3n contra corto circuito y detensi\u00f3n, cumple con todas las normas de seguridad.\" \/>\n<meta property=\"og:url\" content=\"https:\/\/www.mexicanguitarplayers.com\/en\/tienda\/cuerdas\/efectos\/fuentes-de-poder-y-adaptadores\/adaptador-diago-powerstation-3a-9v\/\" \/>\n<meta property=\"og:site_name\" content=\"Mexican Guitar Players\" \/>\n<meta property=\"article:modified_time\" content=\"2026-04-10T11:19:37+00:00\" \/>\n<meta property=\"og:image\" content=\"https:\/\/www.mexicanguitarplayers.com\/wp-content\/uploads\/2022\/08\/RADIAPS01.jpg\" \/>\n\t<meta property=\"og:image:width\" content=\"1200\" \/>\n\t<meta property=\"og:image:height\" content=\"1200\" \/>\n\t<meta property=\"og:image:type\" content=\"image\/jpeg\" \/>\n<meta name=\"twitter:card\" content=\"summary_large_image\" \/>\n<meta name=\"twitter:label1\" content=\"Est. reading time\" \/>\n\t<meta name=\"twitter:data1\" content=\"1 minute\" \/>\n<script type=\"application\/ld+json\" class=\"yoast-schema-graph\">{\"@context\":\"https:\\\/\\\/schema.org\",\"@graph\":[{\"@type\":[\"WebPage\",\"ItemPage\"],\"@id\":\"https:\\\/\\\/www.mexicanguitarplayers.com\\\/tienda\\\/cuerdas\\\/efectos\\\/fuentes-de-poder-y-adaptadores\\\/adaptador-diago-powerstation-3a-9v\\\/\",\"url\":\"https:\\\/\\\/www.mexicanguitarplayers.com\\\/tienda\\\/cuerdas\\\/efectos\\\/fuentes-de-poder-y-adaptadores\\\/adaptador-diago-powerstation-3a-9v\\\/\",\"name\":\"ADAPTADOR DIAGO POWERSTATION (3A 9V) - Mexican Guitar Players\",\"isPartOf\":{\"@id\":\"https:\\\/\\\/www.mexicanguitarplayers.com\\\/#website\"},\"primaryImageOfPage\":{\"@id\":\"https:\\\/\\\/www.mexicanguitarplayers.com\\\/tienda\\\/cuerdas\\\/efectos\\\/fuentes-de-poder-y-adaptadores\\\/adaptador-diago-powerstation-3a-9v\\\/#primaryimage\"},\"image\":{\"@id\":\"https:\\\/\\\/www.mexicanguitarplayers.com\\\/tienda\\\/cuerdas\\\/efectos\\\/fuentes-de-poder-y-adaptadores\\\/adaptador-diago-powerstation-3a-9v\\\/#primaryimage\"},\"thumbnailUrl\":\"https:\\\/\\\/www.mexicanguitarplayers.com\\\/wp-content\\\/uploads\\\/2022\\\/08\\\/RADIAPS01.jpg\",\"datePublished\":\"2022-08-18T07:00:46+00:00\",\"dateModified\":\"2026-04-10T11:19:37+00:00\",\"description\":\"ADAPTADOR DIAGO POWERSTATION (3A 9V). Adaptador de corriente Diago Powerstation PS01 para pedal, 9V DC 3,000mA, alimenta de 1 a 30 pedales de efectos para guitarra: 9V DC 3,000mA, puede alimentar hasta el 95% de pedales de cualquier marca, incluyendo Line6 Stompbox Modelers DL4, DM4, FM4 &amp; MM4, silencioso, funcionamiento libre de zumbidos y ruidos, dimensiones compactas: 95 x 43 x 28 mm, incluye daisy chain de lujo para 6 pedales (modelo PS02), peso ligero menor a 200 g, fabricado con ABS resistente a prueba de golpes, funciona en cualquier pa\u00eds sin necesidad de transformadores y cuenta concable de alimentaci\u00f3n desmontable, incluye protecci\u00f3n contra corto circuito y detensi\u00f3n, cumple con todas las normas de seguridad.\",\"breadcrumb\":{\"@id\":\"https:\\\/\\\/www.mexicanguitarplayers.com\\\/tienda\\\/cuerdas\\\/efectos\\\/fuentes-de-poder-y-adaptadores\\\/adaptador-diago-powerstation-3a-9v\\\/#breadcrumb\"},\"inLanguage\":\"en-US\",\"potentialAction\":[{\"@type\":\"ReadAction\",\"target\":[\"https:\\\/\\\/www.mexicanguitarplayers.com\\\/tienda\\\/cuerdas\\\/efectos\\\/fuentes-de-poder-y-adaptadores\\\/adaptador-diago-powerstation-3a-9v\\\/\"]}]},{\"@type\":\"ImageObject\",\"inLanguage\":\"en-US\",\"@id\":\"https:\\\/\\\/www.mexicanguitarplayers.com\\\/tienda\\\/cuerdas\\\/efectos\\\/fuentes-de-poder-y-adaptadores\\\/adaptador-diago-powerstation-3a-9v\\\/#primaryimage\",\"url\":\"https:\\\/\\\/www.mexicanguitarplayers.com\\\/wp-content\\\/uploads\\\/2022\\\/08\\\/RADIAPS01.jpg\",\"contentUrl\":\"https:\\\/\\\/www.mexicanguitarplayers.com\\\/wp-content\\\/uploads\\\/2022\\\/08\\\/RADIAPS01.jpg\",\"width\":1200,\"height\":1200},{\"@type\":\"BreadcrumbList\",\"@id\":\"https:\\\/\\\/www.mexicanguitarplayers.com\\\/tienda\\\/cuerdas\\\/efectos\\\/fuentes-de-poder-y-adaptadores\\\/adaptador-diago-powerstation-3a-9v\\\/#breadcrumb\",\"itemListElement\":[{\"@type\":\"ListItem\",\"position\":1,\"name\":\"Portada\",\"item\":\"https:\\\/\\\/www.mexicanguitarplayers.com\\\/\"},{\"@type\":\"ListItem\",\"position\":2,\"name\":\"Tienda\",\"item\":\"https:\\\/\\\/www.mexicanguitarplayers.com\\\/tienda\\\/\"},{\"@type\":\"ListItem\",\"position\":3,\"name\":\"ADAPTADOR DIAGO POWERSTATION (3A 9V)\"}]},{\"@type\":\"WebSite\",\"@id\":\"https:\\\/\\\/www.mexicanguitarplayers.com\\\/#website\",\"url\":\"https:\\\/\\\/www.mexicanguitarplayers.com\\\/\",\"name\":\"Mexican Guitar Players\",\"description\":\"Website\",\"publisher\":{\"@id\":\"https:\\\/\\\/www.mexicanguitarplayers.com\\\/#organization\"},\"potentialAction\":[{\"@type\":\"SearchAction\",\"target\":{\"@type\":\"EntryPoint\",\"urlTemplate\":\"https:\\\/\\\/www.mexicanguitarplayers.com\\\/?s={search_term_string}\"},\"query-input\":{\"@type\":\"PropertyValueSpecification\",\"valueRequired\":true,\"valueName\":\"search_term_string\"}}],\"inLanguage\":\"en-US\"},{\"@type\":\"Organization\",\"@id\":\"https:\\\/\\\/www.mexicanguitarplayers.com\\\/#organization\",\"name\":\"Mexican Guitar Players\",\"url\":\"https:\\\/\\\/www.mexicanguitarplayers.com\\\/\",\"logo\":{\"@type\":\"ImageObject\",\"inLanguage\":\"en-US\",\"@id\":\"https:\\\/\\\/www.mexicanguitarplayers.com\\\/#\\\/schema\\\/logo\\\/image\\\/\",\"url\":\"\",\"contentUrl\":\"\",\"caption\":\"Mexican Guitar Players\"},\"image\":{\"@id\":\"https:\\\/\\\/www.mexicanguitarplayers.com\\\/#\\\/schema\\\/logo\\\/image\\\/\"}}]}<\/script>\n<!-- \/ Yoast SEO plugin. -->","yoast_head_json":{"title":"ADAPTADOR DIAGO POWERSTATION (3A 9V) - Mexican Guitar Players","description":"ADAPTADOR DIAGO POWERSTATION (3A 9V). Adaptador de corriente Diago Powerstation PS01 para pedal, 9V DC 3,000mA, alimenta de 1 a 30 pedales de efectos para guitarra: 9V DC 3,000mA, puede alimentar hasta el 95% de pedales de cualquier marca, incluyendo Line6 Stompbox Modelers DL4, DM4, FM4 &amp; MM4, silencioso, funcionamiento libre de zumbidos y ruidos, dimensiones compactas: 95 x 43 x 28 mm, incluye daisy chain de lujo para 6 pedales (modelo PS02), peso ligero menor a 200 g, fabricado con ABS resistente a prueba de golpes, funciona en cualquier pa\u00eds sin necesidad de transformadores y cuenta concable de alimentaci\u00f3n desmontable, incluye protecci\u00f3n contra corto circuito y detensi\u00f3n, cumple con todas las normas de seguridad.","robots":{"index":"index","follow":"follow","max-snippet":"max-snippet:-1","max-image-preview":"max-image-preview:large","max-video-preview":"max-video-preview:-1"},"canonical":"https:\/\/www.mexicanguitarplayers.com\/en\/tienda\/cuerdas\/efectos\/fuentes-de-poder-y-adaptadores\/adaptador-diago-powerstation-3a-9v\/","og_locale":"en_US","og_type":"article","og_title":"ADAPTADOR DIAGO POWERSTATION (3A 9V) - Mexican Guitar Players","og_description":"ADAPTADOR DIAGO POWERSTATION (3A 9V). Adaptador de corriente Diago Powerstation PS01 para pedal, 9V DC 3,000mA, alimenta de 1 a 30 pedales de efectos para guitarra: 9V DC 3,000mA, puede alimentar hasta el 95% de pedales de cualquier marca, incluyendo Line6 Stompbox Modelers DL4, DM4, FM4 &amp; MM4, silencioso, funcionamiento libre de zumbidos y ruidos, dimensiones compactas: 95 x 43 x 28 mm, incluye daisy chain de lujo para 6 pedales (modelo PS02), peso ligero menor a 200 g, fabricado con ABS resistente a prueba de golpes, funciona en cualquier pa\u00eds sin necesidad de transformadores y cuenta concable de alimentaci\u00f3n desmontable, incluye protecci\u00f3n contra corto circuito y detensi\u00f3n, cumple con todas las normas de seguridad.","og_url":"https:\/\/www.mexicanguitarplayers.com\/en\/tienda\/cuerdas\/efectos\/fuentes-de-poder-y-adaptadores\/adaptador-diago-powerstation-3a-9v\/","og_site_name":"Mexican Guitar Players","article_modified_time":"2026-04-10T11:19:37+00:00","og_image":[{"width":1200,"height":1200,"url":"https:\/\/www.mexicanguitarplayers.com\/wp-content\/uploads\/2022\/08\/RADIAPS01.jpg","type":"image\/jpeg"}],"twitter_card":"summary_large_image","twitter_misc":{"Est. reading time":"1 minute"},"schema":{"@context":"https:\/\/schema.org","@graph":[{"@type":["WebPage","ItemPage"],"@id":"https:\/\/www.mexicanguitarplayers.com\/tienda\/cuerdas\/efectos\/fuentes-de-poder-y-adaptadores\/adaptador-diago-powerstation-3a-9v\/","url":"https:\/\/www.mexicanguitarplayers.com\/tienda\/cuerdas\/efectos\/fuentes-de-poder-y-adaptadores\/adaptador-diago-powerstation-3a-9v\/","name":"ADAPTADOR DIAGO POWERSTATION (3A 9V) - Mexican Guitar Players","isPartOf":{"@id":"https:\/\/www.mexicanguitarplayers.com\/#website"},"primaryImageOfPage":{"@id":"https:\/\/www.mexicanguitarplayers.com\/tienda\/cuerdas\/efectos\/fuentes-de-poder-y-adaptadores\/adaptador-diago-powerstation-3a-9v\/#primaryimage"},"image":{"@id":"https:\/\/www.mexicanguitarplayers.com\/tienda\/cuerdas\/efectos\/fuentes-de-poder-y-adaptadores\/adaptador-diago-powerstation-3a-9v\/#primaryimage"},"thumbnailUrl":"https:\/\/www.mexicanguitarplayers.com\/wp-content\/uploads\/2022\/08\/RADIAPS01.jpg","datePublished":"2022-08-18T07:00:46+00:00","dateModified":"2026-04-10T11:19:37+00:00","description":"ADAPTADOR DIAGO POWERSTATION (3A 9V). Adaptador de corriente Diago Powerstation PS01 para pedal, 9V DC 3,000mA, alimenta de 1 a 30 pedales de efectos para guitarra: 9V DC 3,000mA, puede alimentar hasta el 95% de pedales de cualquier marca, incluyendo Line6 Stompbox Modelers DL4, DM4, FM4 &amp; MM4, silencioso, funcionamiento libre de zumbidos y ruidos, dimensiones compactas: 95 x 43 x 28 mm, incluye daisy chain de lujo para 6 pedales (modelo PS02), peso ligero menor a 200 g, fabricado con ABS resistente a prueba de golpes, funciona en cualquier pa\u00eds sin necesidad de transformadores y cuenta concable de alimentaci\u00f3n desmontable, incluye protecci\u00f3n contra corto circuito y detensi\u00f3n, cumple con todas las normas de seguridad.","breadcrumb":{"@id":"https:\/\/www.mexicanguitarplayers.com\/tienda\/cuerdas\/efectos\/fuentes-de-poder-y-adaptadores\/adaptador-diago-powerstation-3a-9v\/#breadcrumb"},"inLanguage":"en-US","potentialAction":[{"@type":"ReadAction","target":["https:\/\/www.mexicanguitarplayers.com\/tienda\/cuerdas\/efectos\/fuentes-de-poder-y-adaptadores\/adaptador-diago-powerstation-3a-9v\/"]}]},{"@type":"ImageObject","inLanguage":"en-US","@id":"https:\/\/www.mexicanguitarplayers.com\/tienda\/cuerdas\/efectos\/fuentes-de-poder-y-adaptadores\/adaptador-diago-powerstation-3a-9v\/#primaryimage","url":"https:\/\/www.mexicanguitarplayers.com\/wp-content\/uploads\/2022\/08\/RADIAPS01.jpg","contentUrl":"https:\/\/www.mexicanguitarplayers.com\/wp-content\/uploads\/2022\/08\/RADIAPS01.jpg","width":1200,"height":1200},{"@type":"BreadcrumbList","@id":"https:\/\/www.mexicanguitarplayers.com\/tienda\/cuerdas\/efectos\/fuentes-de-poder-y-adaptadores\/adaptador-diago-powerstation-3a-9v\/#breadcrumb","itemListElement":[{"@type":"ListItem","position":1,"name":"Portada","item":"https:\/\/www.mexicanguitarplayers.com\/"},{"@type":"ListItem","position":2,"name":"Tienda","item":"https:\/\/www.mexicanguitarplayers.com\/tienda\/"},{"@type":"ListItem","position":3,"name":"ADAPTADOR DIAGO POWERSTATION (3A 9V)"}]},{"@type":"WebSite","@id":"https:\/\/www.mexicanguitarplayers.com\/#website","url":"https:\/\/www.mexicanguitarplayers.com\/","name":"Mexican Guitar Players","description":"Website","publisher":{"@id":"https:\/\/www.mexicanguitarplayers.com\/#organization"},"potentialAction":[{"@type":"SearchAction","target":{"@type":"EntryPoint","urlTemplate":"https:\/\/www.mexicanguitarplayers.com\/?s={search_term_string}"},"query-input":{"@type":"PropertyValueSpecification","valueRequired":true,"valueName":"search_term_string"}}],"inLanguage":"en-US"},{"@type":"Organization","@id":"https:\/\/www.mexicanguitarplayers.com\/#organization","name":"Mexican Guitar Players","url":"https:\/\/www.mexicanguitarplayers.com\/","logo":{"@type":"ImageObject","inLanguage":"en-US","@id":"https:\/\/www.mexicanguitarplayers.com\/#\/schema\/logo\/image\/","url":"","contentUrl":"","caption":"Mexican Guitar Players"},"image":{"@id":"https:\/\/www.mexicanguitarplayers.com\/#\/schema\/logo\/image\/"}}]}},"brands":[{"id":235,"name":"DIAGO","slug":"diago"}],"_links":{"self":[{"href":"https:\/\/www.mexicanguitarplayers.com\/en\/wp-json\/wp\/v2\/product\/11014","targetHints":{"allow":["GET"]}}],"collection":[{"href":"https:\/\/www.mexicanguitarplayers.com\/en\/wp-json\/wp\/v2\/product"}],"about":[{"href":"https:\/\/www.mexicanguitarplayers.com\/en\/wp-json\/wp\/v2\/types\/product"}],"replies":[{"embeddable":true,"href":"https:\/\/www.mexicanguitarplayers.com\/en\/wp-json\/wp\/v2\/comments?post=11014"}],"wp:featuredmedia":[{"embeddable":true,"href":"https:\/\/www.mexicanguitarplayers.com\/en\/wp-json\/wp\/v2\/media\/11013"}],"wp:attachment":[{"href":"https:\/\/www.mexicanguitarplayers.com\/en\/wp-json\/wp\/v2\/media?parent=11014"}],"wp:term":[{"taxonomy":"pwb-brand","embeddable":true,"href":"https:\/\/www.mexicanguitarplayers.com\/en\/wp-json\/wp\/v2\/pwb-brand?post=11014"},{"taxonomy":"product_brand","embeddable":true,"href":"https:\/\/www.mexicanguitarplayers.com\/en\/wp-json\/wp\/v2\/product_brand?post=11014"},{"taxonomy":"product_cat","embeddable":true,"href":"https:\/\/www.mexicanguitarplayers.com\/en\/wp-json\/wp\/v2\/product_cat?post=11014"},{"taxonomy":"product_tag","embeddable":true,"href":"https:\/\/www.mexicanguitarplayers.com\/en\/wp-json\/wp\/v2\/product_tag?post=11014"}],"curies":[{"name":"wp","href":"https:\/\/api.w.org\/{rel}","templated":true}]}}