{"id":11156,"date":"2022-08-18T02:04:02","date_gmt":"2022-08-18T07:04:02","guid":{"rendered":"https:\/\/www.mexicanguitarplayers.com\/tienda\/sin%20categor\u00eda\/pastilla-dimarzio-humbucker-p-brazo-illuminator\/"},"modified":"2026-04-10T05:19:12","modified_gmt":"2026-04-10T11:19:12","slug":"pastilla-dimarzio-humbucker-p-brazo-illuminator","status":"publish","type":"product","link":"https:\/\/www.mexicanguitarplayers.com\/en\/tienda\/accesorios\/para-guitarras\/pastillas-para-guitarra-electrica\/pastilla-dimarzio-humbucker-p-brazo-illuminator\/","title":{"rendered":"DIMARZIO HUMBUCKER PICKUP FOR ILLUMINATOR ARM"},"content":{"rendered":"<div style=\"text-align: justify\">\n<div>\n<h3>DIMARZIO HUMBUCKER PICKUP FOR ILLUMINATOR ARM<\/h3>\n<\/div>\n<div>Humbucker Pickup for 6 String Electric Guitar, Illuminator Model, Position: Neck, Wiring: 4 Conductors, Magnet: Ceramic, Standard Spacing, Resistance: 10.50 kilo-ohms, Louder than a typical vintage humbucker and has more headroom and a width of Wide frequency band, plenty of clarity with a clean amp, and warmth without mud with heavy overdrive.<\/div>\n<\/div>","protected":false},"excerpt":{"rendered":"<p>Pastilla humbucker para guitarra el\u00e9ctrica de 6 cuerdas, modelo Illuminator, posici\u00f3n: brazo, alambrado: 4 conductores, im\u00e1n: cer\u00e1mica, espaciado est\u00e1ndar, resistencia: 10.50 kilo-ohms, m\u00e1s ruidoso que un humbucker vintage t\u00edpico y tiene m\u00e1s headroom y un ancho de banda de frecuencia amplio, mucha claridad con un amplificador limpio y calidez sin lodo con overdrive pesado.&hellip; <a class=\"kt-excerpt-readmore more-link\" href=\"https:\/\/www.mexicanguitarplayers.com\/en\/tienda\/accesorios\/para-guitarras\/pastillas-para-guitarra-electrica\/pastilla-dimarzio-humbucker-p-brazo-illuminator\/\">Read more<\/a><\/p>","protected":false},"featured_media":11152,"comment_status":"open","ping_status":"closed","template":"","meta":{"kt_blocks_editor_width":""},"pwb-brand":[355],"product_brand":[],"product_cat":[85,336,353],"product_tag":[],"class_list":{"0":"post-11156","1":"product","2":"type-product","3":"status-publish","4":"has-post-thumbnail","6":"pwb-brand-dimarzio","7":"product_cat-accesorios","8":"product_cat-para-guitarras","9":"product_cat-pastillas-para-guitarra-electrica","10":"product_shipping_class-0-5-kg","12":"first","13":"outofstock","14":"taxable","15":"shipping-taxable","16":"purchasable","17":"product-type-simple"},"yoast_head":"<!-- This site is optimized with the Yoast SEO plugin v27.5 - https:\/\/yoast.com\/product\/yoast-seo-wordpress\/ -->\n<title>PASTILLA DIMARZIO HUMBUCKER P\/BRAZO ILLUMINATOR - Mexican Guitar Players<\/title>\n<meta name=\"description\" content=\"PASTILLA DIMARZIO HUMBUCKER P\/BRAZO ILLUMINATOR. Pastilla humbucker para guitarra el\u00e9ctrica de 6 cuerdas, modelo Illuminator, posici\u00f3n: brazo, alambrado: 4 conductores, im\u00e1n: cer\u00e1mica, espaciado est\u00e1ndar, resistencia: 10.50 kilo-ohms, m\u00e1s ruidoso que un humbucker vintage t\u00edpico y tiene m\u00e1s headroom y un ancho de banda de frecuencia amplio, mucha claridad con un amplificador limpio y calidez sin lodo con overdrive pesado.\" \/>\n<meta name=\"robots\" content=\"index, follow, max-snippet:-1, max-image-preview:large, max-video-preview:-1\" \/>\n<link rel=\"canonical\" href=\"https:\/\/www.mexicanguitarplayers.com\/en\/tienda\/accesorios\/para-guitarras\/pastillas-para-guitarra-electrica\/pastilla-dimarzio-humbucker-p-brazo-illuminator\/\" \/>\n<meta property=\"og:locale\" content=\"en_US\" \/>\n<meta property=\"og:type\" content=\"article\" \/>\n<meta property=\"og:title\" content=\"PASTILLA DIMARZIO HUMBUCKER P\/BRAZO ILLUMINATOR - Mexican Guitar Players\" \/>\n<meta property=\"og:description\" content=\"PASTILLA DIMARZIO HUMBUCKER P\/BRAZO ILLUMINATOR. Pastilla humbucker para guitarra el\u00e9ctrica de 6 cuerdas, modelo Illuminator, posici\u00f3n: brazo, alambrado: 4 conductores, im\u00e1n: cer\u00e1mica, espaciado est\u00e1ndar, resistencia: 10.50 kilo-ohms, m\u00e1s ruidoso que un humbucker vintage t\u00edpico y tiene m\u00e1s headroom y un ancho de banda de frecuencia amplio, mucha claridad con un amplificador limpio y calidez sin lodo con overdrive pesado.\" \/>\n<meta property=\"og:url\" content=\"https:\/\/www.mexicanguitarplayers.com\/en\/tienda\/accesorios\/para-guitarras\/pastillas-para-guitarra-electrica\/pastilla-dimarzio-humbucker-p-brazo-illuminator\/\" \/>\n<meta property=\"og:site_name\" content=\"Mexican Guitar Players\" \/>\n<meta property=\"article:modified_time\" content=\"2026-04-10T11:19:12+00:00\" \/>\n<meta property=\"og:image\" content=\"https:\/\/www.mexicanguitarplayers.com\/wp-content\/uploads\/2022\/08\/RADIMDP256.jpg\" \/>\n\t<meta property=\"og:image:width\" content=\"1200\" \/>\n\t<meta property=\"og:image:height\" content=\"1200\" \/>\n\t<meta property=\"og:image:type\" content=\"image\/jpeg\" \/>\n<meta name=\"twitter:card\" content=\"summary_large_image\" \/>\n<script type=\"application\/ld+json\" class=\"yoast-schema-graph\">{\"@context\":\"https:\\\/\\\/schema.org\",\"@graph\":[{\"@type\":[\"WebPage\",\"ItemPage\"],\"@id\":\"https:\\\/\\\/www.mexicanguitarplayers.com\\\/tienda\\\/accesorios\\\/para-guitarras\\\/pastillas-para-guitarra-electrica\\\/pastilla-dimarzio-humbucker-p-brazo-illuminator\\\/\",\"url\":\"https:\\\/\\\/www.mexicanguitarplayers.com\\\/tienda\\\/accesorios\\\/para-guitarras\\\/pastillas-para-guitarra-electrica\\\/pastilla-dimarzio-humbucker-p-brazo-illuminator\\\/\",\"name\":\"PASTILLA DIMARZIO HUMBUCKER P\\\/BRAZO ILLUMINATOR - Mexican Guitar Players\",\"isPartOf\":{\"@id\":\"https:\\\/\\\/www.mexicanguitarplayers.com\\\/#website\"},\"primaryImageOfPage\":{\"@id\":\"https:\\\/\\\/www.mexicanguitarplayers.com\\\/tienda\\\/accesorios\\\/para-guitarras\\\/pastillas-para-guitarra-electrica\\\/pastilla-dimarzio-humbucker-p-brazo-illuminator\\\/#primaryimage\"},\"image\":{\"@id\":\"https:\\\/\\\/www.mexicanguitarplayers.com\\\/tienda\\\/accesorios\\\/para-guitarras\\\/pastillas-para-guitarra-electrica\\\/pastilla-dimarzio-humbucker-p-brazo-illuminator\\\/#primaryimage\"},\"thumbnailUrl\":\"https:\\\/\\\/www.mexicanguitarplayers.com\\\/wp-content\\\/uploads\\\/2022\\\/08\\\/RADIMDP256.jpg\",\"datePublished\":\"2022-08-18T07:04:02+00:00\",\"dateModified\":\"2026-04-10T11:19:12+00:00\",\"description\":\"PASTILLA DIMARZIO HUMBUCKER P\\\/BRAZO ILLUMINATOR. Pastilla humbucker para guitarra el\u00e9ctrica de 6 cuerdas, modelo Illuminator, posici\u00f3n: brazo, alambrado: 4 conductores, im\u00e1n: cer\u00e1mica, espaciado est\u00e1ndar, resistencia: 10.50 kilo-ohms, m\u00e1s ruidoso que un humbucker vintage t\u00edpico y tiene m\u00e1s headroom y un ancho de banda de frecuencia amplio, mucha claridad con un amplificador limpio y calidez sin lodo con overdrive pesado.\",\"breadcrumb\":{\"@id\":\"https:\\\/\\\/www.mexicanguitarplayers.com\\\/tienda\\\/accesorios\\\/para-guitarras\\\/pastillas-para-guitarra-electrica\\\/pastilla-dimarzio-humbucker-p-brazo-illuminator\\\/#breadcrumb\"},\"inLanguage\":\"en-US\",\"potentialAction\":[{\"@type\":\"ReadAction\",\"target\":[\"https:\\\/\\\/www.mexicanguitarplayers.com\\\/tienda\\\/accesorios\\\/para-guitarras\\\/pastillas-para-guitarra-electrica\\\/pastilla-dimarzio-humbucker-p-brazo-illuminator\\\/\"]}]},{\"@type\":\"ImageObject\",\"inLanguage\":\"en-US\",\"@id\":\"https:\\\/\\\/www.mexicanguitarplayers.com\\\/tienda\\\/accesorios\\\/para-guitarras\\\/pastillas-para-guitarra-electrica\\\/pastilla-dimarzio-humbucker-p-brazo-illuminator\\\/#primaryimage\",\"url\":\"https:\\\/\\\/www.mexicanguitarplayers.com\\\/wp-content\\\/uploads\\\/2022\\\/08\\\/RADIMDP256.jpg\",\"contentUrl\":\"https:\\\/\\\/www.mexicanguitarplayers.com\\\/wp-content\\\/uploads\\\/2022\\\/08\\\/RADIMDP256.jpg\",\"width\":1200,\"height\":1200},{\"@type\":\"BreadcrumbList\",\"@id\":\"https:\\\/\\\/www.mexicanguitarplayers.com\\\/tienda\\\/accesorios\\\/para-guitarras\\\/pastillas-para-guitarra-electrica\\\/pastilla-dimarzio-humbucker-p-brazo-illuminator\\\/#breadcrumb\",\"itemListElement\":[{\"@type\":\"ListItem\",\"position\":1,\"name\":\"Portada\",\"item\":\"https:\\\/\\\/www.mexicanguitarplayers.com\\\/\"},{\"@type\":\"ListItem\",\"position\":2,\"name\":\"Tienda\",\"item\":\"https:\\\/\\\/www.mexicanguitarplayers.com\\\/tienda\\\/\"},{\"@type\":\"ListItem\",\"position\":3,\"name\":\"PASTILLA DIMARZIO HUMBUCKER P\\\/BRAZO ILLUMINATOR\"}]},{\"@type\":\"WebSite\",\"@id\":\"https:\\\/\\\/www.mexicanguitarplayers.com\\\/#website\",\"url\":\"https:\\\/\\\/www.mexicanguitarplayers.com\\\/\",\"name\":\"Mexican Guitar Players\",\"description\":\"Website\",\"publisher\":{\"@id\":\"https:\\\/\\\/www.mexicanguitarplayers.com\\\/#organization\"},\"potentialAction\":[{\"@type\":\"SearchAction\",\"target\":{\"@type\":\"EntryPoint\",\"urlTemplate\":\"https:\\\/\\\/www.mexicanguitarplayers.com\\\/?s={search_term_string}\"},\"query-input\":{\"@type\":\"PropertyValueSpecification\",\"valueRequired\":true,\"valueName\":\"search_term_string\"}}],\"inLanguage\":\"en-US\"},{\"@type\":\"Organization\",\"@id\":\"https:\\\/\\\/www.mexicanguitarplayers.com\\\/#organization\",\"name\":\"Mexican Guitar Players\",\"url\":\"https:\\\/\\\/www.mexicanguitarplayers.com\\\/\",\"logo\":{\"@type\":\"ImageObject\",\"inLanguage\":\"en-US\",\"@id\":\"https:\\\/\\\/www.mexicanguitarplayers.com\\\/#\\\/schema\\\/logo\\\/image\\\/\",\"url\":\"\",\"contentUrl\":\"\",\"caption\":\"Mexican Guitar Players\"},\"image\":{\"@id\":\"https:\\\/\\\/www.mexicanguitarplayers.com\\\/#\\\/schema\\\/logo\\\/image\\\/\"}}]}<\/script>\n<!-- \/ Yoast SEO plugin. -->","yoast_head_json":{"title":"PASTILLA DIMARZIO HUMBUCKER P\/BRAZO ILLUMINATOR - Mexican Guitar Players","description":"PASTILLA DIMARZIO HUMBUCKER P\/BRAZO ILLUMINATOR. Pastilla humbucker para guitarra el\u00e9ctrica de 6 cuerdas, modelo Illuminator, posici\u00f3n: brazo, alambrado: 4 conductores, im\u00e1n: cer\u00e1mica, espaciado est\u00e1ndar, resistencia: 10.50 kilo-ohms, m\u00e1s ruidoso que un humbucker vintage t\u00edpico y tiene m\u00e1s headroom y un ancho de banda de frecuencia amplio, mucha claridad con un amplificador limpio y calidez sin lodo con overdrive pesado.","robots":{"index":"index","follow":"follow","max-snippet":"max-snippet:-1","max-image-preview":"max-image-preview:large","max-video-preview":"max-video-preview:-1"},"canonical":"https:\/\/www.mexicanguitarplayers.com\/en\/tienda\/accesorios\/para-guitarras\/pastillas-para-guitarra-electrica\/pastilla-dimarzio-humbucker-p-brazo-illuminator\/","og_locale":"en_US","og_type":"article","og_title":"PASTILLA DIMARZIO HUMBUCKER P\/BRAZO ILLUMINATOR - Mexican Guitar Players","og_description":"PASTILLA DIMARZIO HUMBUCKER P\/BRAZO ILLUMINATOR. Pastilla humbucker para guitarra el\u00e9ctrica de 6 cuerdas, modelo Illuminator, posici\u00f3n: brazo, alambrado: 4 conductores, im\u00e1n: cer\u00e1mica, espaciado est\u00e1ndar, resistencia: 10.50 kilo-ohms, m\u00e1s ruidoso que un humbucker vintage t\u00edpico y tiene m\u00e1s headroom y un ancho de banda de frecuencia amplio, mucha claridad con un amplificador limpio y calidez sin lodo con overdrive pesado.","og_url":"https:\/\/www.mexicanguitarplayers.com\/en\/tienda\/accesorios\/para-guitarras\/pastillas-para-guitarra-electrica\/pastilla-dimarzio-humbucker-p-brazo-illuminator\/","og_site_name":"Mexican Guitar Players","article_modified_time":"2026-04-10T11:19:12+00:00","og_image":[{"width":1200,"height":1200,"url":"https:\/\/www.mexicanguitarplayers.com\/wp-content\/uploads\/2022\/08\/RADIMDP256.jpg","type":"image\/jpeg"}],"twitter_card":"summary_large_image","schema":{"@context":"https:\/\/schema.org","@graph":[{"@type":["WebPage","ItemPage"],"@id":"https:\/\/www.mexicanguitarplayers.com\/tienda\/accesorios\/para-guitarras\/pastillas-para-guitarra-electrica\/pastilla-dimarzio-humbucker-p-brazo-illuminator\/","url":"https:\/\/www.mexicanguitarplayers.com\/tienda\/accesorios\/para-guitarras\/pastillas-para-guitarra-electrica\/pastilla-dimarzio-humbucker-p-brazo-illuminator\/","name":"PASTILLA DIMARZIO HUMBUCKER P\/BRAZO ILLUMINATOR - Mexican Guitar Players","isPartOf":{"@id":"https:\/\/www.mexicanguitarplayers.com\/#website"},"primaryImageOfPage":{"@id":"https:\/\/www.mexicanguitarplayers.com\/tienda\/accesorios\/para-guitarras\/pastillas-para-guitarra-electrica\/pastilla-dimarzio-humbucker-p-brazo-illuminator\/#primaryimage"},"image":{"@id":"https:\/\/www.mexicanguitarplayers.com\/tienda\/accesorios\/para-guitarras\/pastillas-para-guitarra-electrica\/pastilla-dimarzio-humbucker-p-brazo-illuminator\/#primaryimage"},"thumbnailUrl":"https:\/\/www.mexicanguitarplayers.com\/wp-content\/uploads\/2022\/08\/RADIMDP256.jpg","datePublished":"2022-08-18T07:04:02+00:00","dateModified":"2026-04-10T11:19:12+00:00","description":"PASTILLA DIMARZIO HUMBUCKER P\/BRAZO ILLUMINATOR. Pastilla humbucker para guitarra el\u00e9ctrica de 6 cuerdas, modelo Illuminator, posici\u00f3n: brazo, alambrado: 4 conductores, im\u00e1n: cer\u00e1mica, espaciado est\u00e1ndar, resistencia: 10.50 kilo-ohms, m\u00e1s ruidoso que un humbucker vintage t\u00edpico y tiene m\u00e1s headroom y un ancho de banda de frecuencia amplio, mucha claridad con un amplificador limpio y calidez sin lodo con overdrive pesado.","breadcrumb":{"@id":"https:\/\/www.mexicanguitarplayers.com\/tienda\/accesorios\/para-guitarras\/pastillas-para-guitarra-electrica\/pastilla-dimarzio-humbucker-p-brazo-illuminator\/#breadcrumb"},"inLanguage":"en-US","potentialAction":[{"@type":"ReadAction","target":["https:\/\/www.mexicanguitarplayers.com\/tienda\/accesorios\/para-guitarras\/pastillas-para-guitarra-electrica\/pastilla-dimarzio-humbucker-p-brazo-illuminator\/"]}]},{"@type":"ImageObject","inLanguage":"en-US","@id":"https:\/\/www.mexicanguitarplayers.com\/tienda\/accesorios\/para-guitarras\/pastillas-para-guitarra-electrica\/pastilla-dimarzio-humbucker-p-brazo-illuminator\/#primaryimage","url":"https:\/\/www.mexicanguitarplayers.com\/wp-content\/uploads\/2022\/08\/RADIMDP256.jpg","contentUrl":"https:\/\/www.mexicanguitarplayers.com\/wp-content\/uploads\/2022\/08\/RADIMDP256.jpg","width":1200,"height":1200},{"@type":"BreadcrumbList","@id":"https:\/\/www.mexicanguitarplayers.com\/tienda\/accesorios\/para-guitarras\/pastillas-para-guitarra-electrica\/pastilla-dimarzio-humbucker-p-brazo-illuminator\/#breadcrumb","itemListElement":[{"@type":"ListItem","position":1,"name":"Portada","item":"https:\/\/www.mexicanguitarplayers.com\/"},{"@type":"ListItem","position":2,"name":"Tienda","item":"https:\/\/www.mexicanguitarplayers.com\/tienda\/"},{"@type":"ListItem","position":3,"name":"PASTILLA DIMARZIO HUMBUCKER P\/BRAZO ILLUMINATOR"}]},{"@type":"WebSite","@id":"https:\/\/www.mexicanguitarplayers.com\/#website","url":"https:\/\/www.mexicanguitarplayers.com\/","name":"Mexican Guitar Players","description":"Website","publisher":{"@id":"https:\/\/www.mexicanguitarplayers.com\/#organization"},"potentialAction":[{"@type":"SearchAction","target":{"@type":"EntryPoint","urlTemplate":"https:\/\/www.mexicanguitarplayers.com\/?s={search_term_string}"},"query-input":{"@type":"PropertyValueSpecification","valueRequired":true,"valueName":"search_term_string"}}],"inLanguage":"en-US"},{"@type":"Organization","@id":"https:\/\/www.mexicanguitarplayers.com\/#organization","name":"Mexican Guitar Players","url":"https:\/\/www.mexicanguitarplayers.com\/","logo":{"@type":"ImageObject","inLanguage":"en-US","@id":"https:\/\/www.mexicanguitarplayers.com\/#\/schema\/logo\/image\/","url":"","contentUrl":"","caption":"Mexican Guitar Players"},"image":{"@id":"https:\/\/www.mexicanguitarplayers.com\/#\/schema\/logo\/image\/"}}]}},"brands":[{"id":355,"name":"DIMARZIO","slug":"dimarzio"}],"_links":{"self":[{"href":"https:\/\/www.mexicanguitarplayers.com\/en\/wp-json\/wp\/v2\/product\/11156","targetHints":{"allow":["GET"]}}],"collection":[{"href":"https:\/\/www.mexicanguitarplayers.com\/en\/wp-json\/wp\/v2\/product"}],"about":[{"href":"https:\/\/www.mexicanguitarplayers.com\/en\/wp-json\/wp\/v2\/types\/product"}],"replies":[{"embeddable":true,"href":"https:\/\/www.mexicanguitarplayers.com\/en\/wp-json\/wp\/v2\/comments?post=11156"}],"wp:featuredmedia":[{"embeddable":true,"href":"https:\/\/www.mexicanguitarplayers.com\/en\/wp-json\/wp\/v2\/media\/11152"}],"wp:attachment":[{"href":"https:\/\/www.mexicanguitarplayers.com\/en\/wp-json\/wp\/v2\/media?parent=11156"}],"wp:term":[{"taxonomy":"pwb-brand","embeddable":true,"href":"https:\/\/www.mexicanguitarplayers.com\/en\/wp-json\/wp\/v2\/pwb-brand?post=11156"},{"taxonomy":"product_brand","embeddable":true,"href":"https:\/\/www.mexicanguitarplayers.com\/en\/wp-json\/wp\/v2\/product_brand?post=11156"},{"taxonomy":"product_cat","embeddable":true,"href":"https:\/\/www.mexicanguitarplayers.com\/en\/wp-json\/wp\/v2\/product_cat?post=11156"},{"taxonomy":"product_tag","embeddable":true,"href":"https:\/\/www.mexicanguitarplayers.com\/en\/wp-json\/wp\/v2\/product_tag?post=11156"}],"curies":[{"name":"wp","href":"https:\/\/api.w.org\/{rel}","templated":true}]}}