{"id":11170,"date":"2022-08-18T02:04:21","date_gmt":"2022-08-18T07:04:21","guid":{"rendered":"https:\/\/www.mexicanguitarplayers.com\/tienda\/sin%20categor\u00eda\/pastilla-dimarzio-single-p-centro-dark-matter-2\/"},"modified":"2026-04-10T05:19:10","modified_gmt":"2026-04-10T11:19:10","slug":"pastilla-dimarzio-single-p-centro-dark-matter-2","status":"publish","type":"product","link":"https:\/\/www.mexicanguitarplayers.com\/en\/tienda\/accesorios\/para-guitarras\/pastillas-para-guitarra-electrica\/pastilla-dimarzio-single-p-centro-dark-matter-2\/","title":{"rendered":"DIMARZIO SINGLE PILL FOR DARK MATTER 2 CENTER"},"content":{"rendered":"<div style=\"text-align: justify\">\n<div>\n<h3>DIMARZIO SINGLE PILL FOR DARK MATTER 2 CENTER<\/h3>\n<\/div>\n<div>Single-coil pickup for 6-string electric guitar, Dark Matter 2 model, position: center, wiring: 2-conductors, magnet: ceramic, spacing: F-Spaced, resistance: 7.33 kilo-ohms, specifically equalized to match the earthy aura and organic of the new guitar, more modern and less vintage sound, smoother, more organic sound with softer top end and less raw power, balanced sound, with modern voice that works just as well with a clean amp or heavy overdrive, designed in conjunction with Steve Vai.<\/div>\n<\/div>","protected":false},"excerpt":{"rendered":"<p>Pastilla single-coil para guitarra el\u00e9ctrica de 6 cuerdas, modelo Dark Matter 2, posici\u00f3n: central, alambrado: 2 conductores, im\u00e1n: cer\u00e1mica, espaciado: F-Spaced, resistencia: 7.33 kilo-ohms, espec\u00edficamente ecualizada para combinar con el aura terrenal y org\u00e1nica de la nueva guitarra, sonido m\u00e1s moderno y menos vintage, sonido m\u00e1s org\u00e1nico y suave con agudos m\u00e1s suaves y menos potencia bruta, sonido equilibrado, con voz moderna que funciona igual de bien que con un amplificador limpio o un overdrive pesado, dise\u00f1ada en conjunto con Steve Vai.&hellip; <a class=\"kt-excerpt-readmore more-link\" href=\"https:\/\/www.mexicanguitarplayers.com\/en\/tienda\/accesorios\/para-guitarras\/pastillas-para-guitarra-electrica\/pastilla-dimarzio-single-p-centro-dark-matter-2\/\">Read more<\/a><\/p>","protected":false},"featured_media":11166,"comment_status":"open","ping_status":"closed","template":"","meta":{"kt_blocks_editor_width":""},"pwb-brand":[355],"product_brand":[],"product_cat":[85,336,353],"product_tag":[],"class_list":{"0":"post-11170","1":"product","2":"type-product","3":"status-publish","4":"has-post-thumbnail","6":"pwb-brand-dimarzio","7":"product_cat-accesorios","8":"product_cat-para-guitarras","9":"product_cat-pastillas-para-guitarra-electrica","10":"product_shipping_class-0-5-kg","12":"first","13":"outofstock","14":"taxable","15":"shipping-taxable","16":"purchasable","17":"product-type-simple"},"yoast_head":"<!-- This site is optimized with the Yoast SEO plugin v27.6 - https:\/\/yoast.com\/product\/yoast-seo-wordpress\/ -->\n<title>PASTILLA DIMARZIO SINGLE P\/CENTRO DARK MATTER 2 - Mexican Guitar Players<\/title>\n<meta name=\"description\" content=\"PASTILLA DIMARZIO SINGLE P\/CENTRO DARK MATTER 2. Pastilla single-coil para guitarra el\u00e9ctrica de 6 cuerdas, modelo Dark Matter 2, posici\u00f3n: central, alambrado: 2 conductores, im\u00e1n: cer\u00e1mica, espaciado: F-Spaced, resistencia: 7.33 kilo-ohms, espec\u00edficamente ecualizada para combinar con el aura terrenal y org\u00e1nica de la nueva guitarra, sonido m\u00e1s moderno y menos vintage, sonido m\u00e1s org\u00e1nico y suave con agudos m\u00e1s suaves y menos potencia bruta, sonido equilibrado, con voz moderna que funciona igual de bien que con un amplificador limpio o un overdrive pesado, dise\u00f1ada en conjunto con Steve Vai.\" \/>\n<meta name=\"robots\" content=\"index, follow, max-snippet:-1, max-image-preview:large, max-video-preview:-1\" \/>\n<link rel=\"canonical\" href=\"https:\/\/www.mexicanguitarplayers.com\/en\/tienda\/accesorios\/para-guitarras\/pastillas-para-guitarra-electrica\/pastilla-dimarzio-single-p-centro-dark-matter-2\/\" \/>\n<meta property=\"og:locale\" content=\"en_US\" \/>\n<meta property=\"og:type\" content=\"article\" \/>\n<meta property=\"og:title\" content=\"PASTILLA DIMARZIO SINGLE P\/CENTRO DARK MATTER 2 - Mexican Guitar Players\" \/>\n<meta property=\"og:description\" content=\"PASTILLA DIMARZIO SINGLE P\/CENTRO DARK MATTER 2. Pastilla single-coil para guitarra el\u00e9ctrica de 6 cuerdas, modelo Dark Matter 2, posici\u00f3n: central, alambrado: 2 conductores, im\u00e1n: cer\u00e1mica, espaciado: F-Spaced, resistencia: 7.33 kilo-ohms, espec\u00edficamente ecualizada para combinar con el aura terrenal y org\u00e1nica de la nueva guitarra, sonido m\u00e1s moderno y menos vintage, sonido m\u00e1s org\u00e1nico y suave con agudos m\u00e1s suaves y menos potencia bruta, sonido equilibrado, con voz moderna que funciona igual de bien que con un amplificador limpio o un overdrive pesado, dise\u00f1ada en conjunto con Steve Vai.\" \/>\n<meta property=\"og:url\" content=\"https:\/\/www.mexicanguitarplayers.com\/en\/tienda\/accesorios\/para-guitarras\/pastillas-para-guitarra-electrica\/pastilla-dimarzio-single-p-centro-dark-matter-2\/\" \/>\n<meta property=\"og:site_name\" content=\"Mexican Guitar Players\" \/>\n<meta property=\"article:modified_time\" content=\"2026-04-10T11:19:10+00:00\" \/>\n<meta property=\"og:image\" content=\"https:\/\/www.mexicanguitarplayers.com\/wp-content\/uploads\/2022\/08\/RADIMDP267F.jpg\" \/>\n\t<meta property=\"og:image:width\" content=\"1200\" \/>\n\t<meta property=\"og:image:height\" content=\"1200\" \/>\n\t<meta property=\"og:image:type\" content=\"image\/jpeg\" \/>\n<meta name=\"twitter:card\" content=\"summary_large_image\" \/>\n<script type=\"application\/ld+json\" class=\"yoast-schema-graph\">{\"@context\":\"https:\\\/\\\/schema.org\",\"@graph\":[{\"@type\":[\"WebPage\",\"ItemPage\"],\"@id\":\"https:\\\/\\\/www.mexicanguitarplayers.com\\\/tienda\\\/accesorios\\\/para-guitarras\\\/pastillas-para-guitarra-electrica\\\/pastilla-dimarzio-single-p-centro-dark-matter-2\\\/\",\"url\":\"https:\\\/\\\/www.mexicanguitarplayers.com\\\/tienda\\\/accesorios\\\/para-guitarras\\\/pastillas-para-guitarra-electrica\\\/pastilla-dimarzio-single-p-centro-dark-matter-2\\\/\",\"name\":\"PASTILLA DIMARZIO SINGLE P\\\/CENTRO DARK MATTER 2 - Mexican Guitar Players\",\"isPartOf\":{\"@id\":\"https:\\\/\\\/www.mexicanguitarplayers.com\\\/#website\"},\"primaryImageOfPage\":{\"@id\":\"https:\\\/\\\/www.mexicanguitarplayers.com\\\/tienda\\\/accesorios\\\/para-guitarras\\\/pastillas-para-guitarra-electrica\\\/pastilla-dimarzio-single-p-centro-dark-matter-2\\\/#primaryimage\"},\"image\":{\"@id\":\"https:\\\/\\\/www.mexicanguitarplayers.com\\\/tienda\\\/accesorios\\\/para-guitarras\\\/pastillas-para-guitarra-electrica\\\/pastilla-dimarzio-single-p-centro-dark-matter-2\\\/#primaryimage\"},\"thumbnailUrl\":\"https:\\\/\\\/www.mexicanguitarplayers.com\\\/wp-content\\\/uploads\\\/2022\\\/08\\\/RADIMDP267F.jpg\",\"datePublished\":\"2022-08-18T07:04:21+00:00\",\"dateModified\":\"2026-04-10T11:19:10+00:00\",\"description\":\"PASTILLA DIMARZIO SINGLE P\\\/CENTRO DARK MATTER 2. Pastilla single-coil para guitarra el\u00e9ctrica de 6 cuerdas, modelo Dark Matter 2, posici\u00f3n: central, alambrado: 2 conductores, im\u00e1n: cer\u00e1mica, espaciado: F-Spaced, resistencia: 7.33 kilo-ohms, espec\u00edficamente ecualizada para combinar con el aura terrenal y org\u00e1nica de la nueva guitarra, sonido m\u00e1s moderno y menos vintage, sonido m\u00e1s org\u00e1nico y suave con agudos m\u00e1s suaves y menos potencia bruta, sonido equilibrado, con voz moderna que funciona igual de bien que con un amplificador limpio o un overdrive pesado, dise\u00f1ada en conjunto con Steve Vai.\",\"breadcrumb\":{\"@id\":\"https:\\\/\\\/www.mexicanguitarplayers.com\\\/tienda\\\/accesorios\\\/para-guitarras\\\/pastillas-para-guitarra-electrica\\\/pastilla-dimarzio-single-p-centro-dark-matter-2\\\/#breadcrumb\"},\"inLanguage\":\"en-US\",\"potentialAction\":[{\"@type\":\"ReadAction\",\"target\":[\"https:\\\/\\\/www.mexicanguitarplayers.com\\\/tienda\\\/accesorios\\\/para-guitarras\\\/pastillas-para-guitarra-electrica\\\/pastilla-dimarzio-single-p-centro-dark-matter-2\\\/\"]}]},{\"@type\":\"ImageObject\",\"inLanguage\":\"en-US\",\"@id\":\"https:\\\/\\\/www.mexicanguitarplayers.com\\\/tienda\\\/accesorios\\\/para-guitarras\\\/pastillas-para-guitarra-electrica\\\/pastilla-dimarzio-single-p-centro-dark-matter-2\\\/#primaryimage\",\"url\":\"https:\\\/\\\/www.mexicanguitarplayers.com\\\/wp-content\\\/uploads\\\/2022\\\/08\\\/RADIMDP267F.jpg\",\"contentUrl\":\"https:\\\/\\\/www.mexicanguitarplayers.com\\\/wp-content\\\/uploads\\\/2022\\\/08\\\/RADIMDP267F.jpg\",\"width\":1200,\"height\":1200},{\"@type\":\"BreadcrumbList\",\"@id\":\"https:\\\/\\\/www.mexicanguitarplayers.com\\\/tienda\\\/accesorios\\\/para-guitarras\\\/pastillas-para-guitarra-electrica\\\/pastilla-dimarzio-single-p-centro-dark-matter-2\\\/#breadcrumb\",\"itemListElement\":[{\"@type\":\"ListItem\",\"position\":1,\"name\":\"Portada\",\"item\":\"https:\\\/\\\/www.mexicanguitarplayers.com\\\/\"},{\"@type\":\"ListItem\",\"position\":2,\"name\":\"Tienda\",\"item\":\"https:\\\/\\\/www.mexicanguitarplayers.com\\\/tienda\\\/\"},{\"@type\":\"ListItem\",\"position\":3,\"name\":\"PASTILLA DIMARZIO SINGLE P\\\/CENTRO DARK MATTER 2\"}]},{\"@type\":\"WebSite\",\"@id\":\"https:\\\/\\\/www.mexicanguitarplayers.com\\\/#website\",\"url\":\"https:\\\/\\\/www.mexicanguitarplayers.com\\\/\",\"name\":\"Mexican Guitar Players\",\"description\":\"Website\",\"publisher\":{\"@id\":\"https:\\\/\\\/www.mexicanguitarplayers.com\\\/#organization\"},\"potentialAction\":[{\"@type\":\"SearchAction\",\"target\":{\"@type\":\"EntryPoint\",\"urlTemplate\":\"https:\\\/\\\/www.mexicanguitarplayers.com\\\/?s={search_term_string}\"},\"query-input\":{\"@type\":\"PropertyValueSpecification\",\"valueRequired\":true,\"valueName\":\"search_term_string\"}}],\"inLanguage\":\"en-US\"},{\"@type\":\"Organization\",\"@id\":\"https:\\\/\\\/www.mexicanguitarplayers.com\\\/#organization\",\"name\":\"Mexican Guitar Players\",\"url\":\"https:\\\/\\\/www.mexicanguitarplayers.com\\\/\",\"logo\":{\"@type\":\"ImageObject\",\"inLanguage\":\"en-US\",\"@id\":\"https:\\\/\\\/www.mexicanguitarplayers.com\\\/#\\\/schema\\\/logo\\\/image\\\/\",\"url\":\"\",\"contentUrl\":\"\",\"caption\":\"Mexican Guitar Players\"},\"image\":{\"@id\":\"https:\\\/\\\/www.mexicanguitarplayers.com\\\/#\\\/schema\\\/logo\\\/image\\\/\"}}]}<\/script>\n<!-- \/ Yoast SEO plugin. -->","yoast_head_json":{"title":"PASTILLA DIMARZIO SINGLE P\/CENTRO DARK MATTER 2 - Mexican Guitar Players","description":"PASTILLA DIMARZIO SINGLE P\/CENTRO DARK MATTER 2. Pastilla single-coil para guitarra el\u00e9ctrica de 6 cuerdas, modelo Dark Matter 2, posici\u00f3n: central, alambrado: 2 conductores, im\u00e1n: cer\u00e1mica, espaciado: F-Spaced, resistencia: 7.33 kilo-ohms, espec\u00edficamente ecualizada para combinar con el aura terrenal y org\u00e1nica de la nueva guitarra, sonido m\u00e1s moderno y menos vintage, sonido m\u00e1s org\u00e1nico y suave con agudos m\u00e1s suaves y menos potencia bruta, sonido equilibrado, con voz moderna que funciona igual de bien que con un amplificador limpio o un overdrive pesado, dise\u00f1ada en conjunto con Steve Vai.","robots":{"index":"index","follow":"follow","max-snippet":"max-snippet:-1","max-image-preview":"max-image-preview:large","max-video-preview":"max-video-preview:-1"},"canonical":"https:\/\/www.mexicanguitarplayers.com\/en\/tienda\/accesorios\/para-guitarras\/pastillas-para-guitarra-electrica\/pastilla-dimarzio-single-p-centro-dark-matter-2\/","og_locale":"en_US","og_type":"article","og_title":"PASTILLA DIMARZIO SINGLE P\/CENTRO DARK MATTER 2 - Mexican Guitar Players","og_description":"PASTILLA DIMARZIO SINGLE P\/CENTRO DARK MATTER 2. Pastilla single-coil para guitarra el\u00e9ctrica de 6 cuerdas, modelo Dark Matter 2, posici\u00f3n: central, alambrado: 2 conductores, im\u00e1n: cer\u00e1mica, espaciado: F-Spaced, resistencia: 7.33 kilo-ohms, espec\u00edficamente ecualizada para combinar con el aura terrenal y org\u00e1nica de la nueva guitarra, sonido m\u00e1s moderno y menos vintage, sonido m\u00e1s org\u00e1nico y suave con agudos m\u00e1s suaves y menos potencia bruta, sonido equilibrado, con voz moderna que funciona igual de bien que con un amplificador limpio o un overdrive pesado, dise\u00f1ada en conjunto con Steve Vai.","og_url":"https:\/\/www.mexicanguitarplayers.com\/en\/tienda\/accesorios\/para-guitarras\/pastillas-para-guitarra-electrica\/pastilla-dimarzio-single-p-centro-dark-matter-2\/","og_site_name":"Mexican Guitar Players","article_modified_time":"2026-04-10T11:19:10+00:00","og_image":[{"width":1200,"height":1200,"url":"https:\/\/www.mexicanguitarplayers.com\/wp-content\/uploads\/2022\/08\/RADIMDP267F.jpg","type":"image\/jpeg"}],"twitter_card":"summary_large_image","schema":{"@context":"https:\/\/schema.org","@graph":[{"@type":["WebPage","ItemPage"],"@id":"https:\/\/www.mexicanguitarplayers.com\/tienda\/accesorios\/para-guitarras\/pastillas-para-guitarra-electrica\/pastilla-dimarzio-single-p-centro-dark-matter-2\/","url":"https:\/\/www.mexicanguitarplayers.com\/tienda\/accesorios\/para-guitarras\/pastillas-para-guitarra-electrica\/pastilla-dimarzio-single-p-centro-dark-matter-2\/","name":"PASTILLA DIMARZIO SINGLE P\/CENTRO DARK MATTER 2 - Mexican Guitar Players","isPartOf":{"@id":"https:\/\/www.mexicanguitarplayers.com\/#website"},"primaryImageOfPage":{"@id":"https:\/\/www.mexicanguitarplayers.com\/tienda\/accesorios\/para-guitarras\/pastillas-para-guitarra-electrica\/pastilla-dimarzio-single-p-centro-dark-matter-2\/#primaryimage"},"image":{"@id":"https:\/\/www.mexicanguitarplayers.com\/tienda\/accesorios\/para-guitarras\/pastillas-para-guitarra-electrica\/pastilla-dimarzio-single-p-centro-dark-matter-2\/#primaryimage"},"thumbnailUrl":"https:\/\/www.mexicanguitarplayers.com\/wp-content\/uploads\/2022\/08\/RADIMDP267F.jpg","datePublished":"2022-08-18T07:04:21+00:00","dateModified":"2026-04-10T11:19:10+00:00","description":"PASTILLA DIMARZIO SINGLE P\/CENTRO DARK MATTER 2. Pastilla single-coil para guitarra el\u00e9ctrica de 6 cuerdas, modelo Dark Matter 2, posici\u00f3n: central, alambrado: 2 conductores, im\u00e1n: cer\u00e1mica, espaciado: F-Spaced, resistencia: 7.33 kilo-ohms, espec\u00edficamente ecualizada para combinar con el aura terrenal y org\u00e1nica de la nueva guitarra, sonido m\u00e1s moderno y menos vintage, sonido m\u00e1s org\u00e1nico y suave con agudos m\u00e1s suaves y menos potencia bruta, sonido equilibrado, con voz moderna que funciona igual de bien que con un amplificador limpio o un overdrive pesado, dise\u00f1ada en conjunto con Steve Vai.","breadcrumb":{"@id":"https:\/\/www.mexicanguitarplayers.com\/tienda\/accesorios\/para-guitarras\/pastillas-para-guitarra-electrica\/pastilla-dimarzio-single-p-centro-dark-matter-2\/#breadcrumb"},"inLanguage":"en-US","potentialAction":[{"@type":"ReadAction","target":["https:\/\/www.mexicanguitarplayers.com\/tienda\/accesorios\/para-guitarras\/pastillas-para-guitarra-electrica\/pastilla-dimarzio-single-p-centro-dark-matter-2\/"]}]},{"@type":"ImageObject","inLanguage":"en-US","@id":"https:\/\/www.mexicanguitarplayers.com\/tienda\/accesorios\/para-guitarras\/pastillas-para-guitarra-electrica\/pastilla-dimarzio-single-p-centro-dark-matter-2\/#primaryimage","url":"https:\/\/www.mexicanguitarplayers.com\/wp-content\/uploads\/2022\/08\/RADIMDP267F.jpg","contentUrl":"https:\/\/www.mexicanguitarplayers.com\/wp-content\/uploads\/2022\/08\/RADIMDP267F.jpg","width":1200,"height":1200},{"@type":"BreadcrumbList","@id":"https:\/\/www.mexicanguitarplayers.com\/tienda\/accesorios\/para-guitarras\/pastillas-para-guitarra-electrica\/pastilla-dimarzio-single-p-centro-dark-matter-2\/#breadcrumb","itemListElement":[{"@type":"ListItem","position":1,"name":"Portada","item":"https:\/\/www.mexicanguitarplayers.com\/"},{"@type":"ListItem","position":2,"name":"Tienda","item":"https:\/\/www.mexicanguitarplayers.com\/tienda\/"},{"@type":"ListItem","position":3,"name":"PASTILLA DIMARZIO SINGLE P\/CENTRO DARK MATTER 2"}]},{"@type":"WebSite","@id":"https:\/\/www.mexicanguitarplayers.com\/#website","url":"https:\/\/www.mexicanguitarplayers.com\/","name":"Mexican Guitar Players","description":"Website","publisher":{"@id":"https:\/\/www.mexicanguitarplayers.com\/#organization"},"potentialAction":[{"@type":"SearchAction","target":{"@type":"EntryPoint","urlTemplate":"https:\/\/www.mexicanguitarplayers.com\/?s={search_term_string}"},"query-input":{"@type":"PropertyValueSpecification","valueRequired":true,"valueName":"search_term_string"}}],"inLanguage":"en-US"},{"@type":"Organization","@id":"https:\/\/www.mexicanguitarplayers.com\/#organization","name":"Mexican Guitar Players","url":"https:\/\/www.mexicanguitarplayers.com\/","logo":{"@type":"ImageObject","inLanguage":"en-US","@id":"https:\/\/www.mexicanguitarplayers.com\/#\/schema\/logo\/image\/","url":"","contentUrl":"","caption":"Mexican Guitar Players"},"image":{"@id":"https:\/\/www.mexicanguitarplayers.com\/#\/schema\/logo\/image\/"}}]}},"brands":[{"id":355,"name":"DIMARZIO","slug":"dimarzio"}],"_links":{"self":[{"href":"https:\/\/www.mexicanguitarplayers.com\/en\/wp-json\/wp\/v2\/product\/11170","targetHints":{"allow":["GET"]}}],"collection":[{"href":"https:\/\/www.mexicanguitarplayers.com\/en\/wp-json\/wp\/v2\/product"}],"about":[{"href":"https:\/\/www.mexicanguitarplayers.com\/en\/wp-json\/wp\/v2\/types\/product"}],"replies":[{"embeddable":true,"href":"https:\/\/www.mexicanguitarplayers.com\/en\/wp-json\/wp\/v2\/comments?post=11170"}],"wp:featuredmedia":[{"embeddable":true,"href":"https:\/\/www.mexicanguitarplayers.com\/en\/wp-json\/wp\/v2\/media\/11166"}],"wp:attachment":[{"href":"https:\/\/www.mexicanguitarplayers.com\/en\/wp-json\/wp\/v2\/media?parent=11170"}],"wp:term":[{"taxonomy":"pwb-brand","embeddable":true,"href":"https:\/\/www.mexicanguitarplayers.com\/en\/wp-json\/wp\/v2\/pwb-brand?post=11170"},{"taxonomy":"product_brand","embeddable":true,"href":"https:\/\/www.mexicanguitarplayers.com\/en\/wp-json\/wp\/v2\/product_brand?post=11170"},{"taxonomy":"product_cat","embeddable":true,"href":"https:\/\/www.mexicanguitarplayers.com\/en\/wp-json\/wp\/v2\/product_cat?post=11170"},{"taxonomy":"product_tag","embeddable":true,"href":"https:\/\/www.mexicanguitarplayers.com\/en\/wp-json\/wp\/v2\/product_tag?post=11170"}],"curies":[{"name":"wp","href":"https:\/\/api.w.org\/{rel}","templated":true}]}}