{"id":11284,"date":"2022-08-18T02:07:17","date_gmt":"2022-08-18T07:07:17","guid":{"rendered":"https:\/\/www.mexicanguitarplayers.com\/tienda\/sin%20categor\u00eda\/pastilla-dimarzio-p-bajo-area-j-5-set\/"},"modified":"2026-05-01T07:45:40","modified_gmt":"2026-05-01T13:45:40","slug":"pastilla-dimarzio-p-bajo-area-j-5-set","status":"publish","type":"product","link":"https:\/\/www.mexicanguitarplayers.com\/en\/tienda\/accesorios\/para-bajo\/pastillas\/pastilla-dimarzio-p-bajo-area-j-5-set\/","title":{"rendered":"DIMARZIO PICKUP FOR BASS AREA J 5 SET"},"content":{"rendered":"<div style=\"text-align: justify\">\n<div>\n<h3>DIMARZIO PICKUP FOR BASS AREA J 5 SET<\/h3>\n<\/div>\n<div>Pickup Set for 5-string electric bass, Area J 5, for bridge and neck, wiring: 2 conductors, magnet: alnico 2, standard spacing, resistance: 9.32 and 9.56 kilo-ohms, warmth, sustain and a singing tone Clean, Low Pull Magnetic Field Allows Strings To Ring Clearly, Enhances Low \u201cB\u201d String Sound, Hum Canceling, Mid Output And Balanced Tone, Works Equally Well With Passive And Active Electronics, Cover Dimensions Area J 5 are not the same as the Fender 5-string Jazz Bass, therefore Area J 5 cannot be installed as drop-in replacements on these basses without modification.<\/div>\n<\/div>","protected":false},"excerpt":{"rendered":"<p>Set de pastillas para bajo el\u00e9ctrico de 5 cuerdas, modelo Area J 5, para puente y brazo, alambrado: 2 conductores, im\u00e1n: alnico 2, espaciado est\u00e1ndar, resistencia: 9.32 y 9.56 kilo-ohms, calidez, sustain y un tono de canto limpio, campo magn\u00e9tico de baja tracci\u00f3n que permite que las cuerdas suenen claramente, mejora el sonido de la cuerda grave \u201dB\u201d, cancelaci\u00f3n de zumbido, salida media y tono equilibrado, funciona igualmente bien con electr\u00f3nica pasiva y activa, las dimensiones de la cubierta de Area J 5 no son las mismas que las del Fender Jazz Bass de 5 cuerdas, por lo tanto, Area J 5 no puede instalarse como reemplazos directos en estos bajos sin modificaci\u00f3n.&hellip; <a class=\"kt-excerpt-readmore more-link\" href=\"https:\/\/www.mexicanguitarplayers.com\/en\/tienda\/accesorios\/para-bajo\/pastillas\/pastilla-dimarzio-p-bajo-area-j-5-set\/\">Read more<\/a><\/p>","protected":false},"featured_media":11280,"comment_status":"open","ping_status":"closed","template":"","meta":{"kt_blocks_editor_width":""},"pwb-brand":[355],"product_brand":[],"product_cat":[85,340,356],"product_tag":[],"class_list":{"0":"post-11284","1":"product","2":"type-product","3":"status-publish","4":"has-post-thumbnail","6":"pwb-brand-dimarzio","7":"product_cat-accesorios","8":"product_cat-para-bajo","9":"product_cat-pastillas","10":"product_shipping_class-0-5-kg","12":"first","13":"instock","14":"taxable","15":"shipping-taxable","16":"purchasable","17":"product-type-simple"},"yoast_head":"<!-- This site is optimized with the Yoast SEO plugin v27.5 - https:\/\/yoast.com\/product\/yoast-seo-wordpress\/ -->\n<title>PASTILLA DIMARZIO P\/BAJO AREA J 5 SET - Mexican Guitar Players<\/title>\n<meta name=\"description\" content=\"PASTILLA DIMARZIO P\/BAJO AREA J 5 SET. Set de pastillas para bajo el\u00e9ctrico de 5 cuerdas, modelo Area J 5, para puente y brazo, alambrado: 2 conductores, im\u00e1n: alnico 2, espaciado est\u00e1ndar, resistencia: 9.32 y 9.56 kilo-ohms, calidez, sustain y un tono de canto limpio, campo magn\u00e9tico de baja tracci\u00f3n que permite que las cuerdas suenen claramente, mejora el sonido de la cuerda grave \u201dB\u201d, cancelaci\u00f3n de zumbido, salida media y tono equilibrado, funciona igualmente bien con electr\u00f3nica pasiva y activa, las dimensiones de la cubierta de Area J 5 no son las mismas que las del Fender Jazz Bass de 5 cuerdas, por lo tanto, Area J 5 no puede instalarse como reemplazos directos en estos bajos sin modificaci\u00f3n.\" \/>\n<meta name=\"robots\" content=\"index, follow, max-snippet:-1, max-image-preview:large, max-video-preview:-1\" \/>\n<link rel=\"canonical\" href=\"https:\/\/www.mexicanguitarplayers.com\/en\/tienda\/accesorios\/para-bajo\/pastillas\/pastilla-dimarzio-p-bajo-area-j-5-set\/\" \/>\n<meta property=\"og:locale\" content=\"en_US\" \/>\n<meta property=\"og:type\" content=\"article\" \/>\n<meta property=\"og:title\" content=\"PASTILLA DIMARZIO P\/BAJO AREA J 5 SET - Mexican Guitar Players\" \/>\n<meta property=\"og:description\" content=\"PASTILLA DIMARZIO P\/BAJO AREA J 5 SET. Set de pastillas para bajo el\u00e9ctrico de 5 cuerdas, modelo Area J 5, para puente y brazo, alambrado: 2 conductores, im\u00e1n: alnico 2, espaciado est\u00e1ndar, resistencia: 9.32 y 9.56 kilo-ohms, calidez, sustain y un tono de canto limpio, campo magn\u00e9tico de baja tracci\u00f3n que permite que las cuerdas suenen claramente, mejora el sonido de la cuerda grave \u201dB\u201d, cancelaci\u00f3n de zumbido, salida media y tono equilibrado, funciona igualmente bien con electr\u00f3nica pasiva y activa, las dimensiones de la cubierta de Area J 5 no son las mismas que las del Fender Jazz Bass de 5 cuerdas, por lo tanto, Area J 5 no puede instalarse como reemplazos directos en estos bajos sin modificaci\u00f3n.\" \/>\n<meta property=\"og:url\" content=\"https:\/\/www.mexicanguitarplayers.com\/en\/tienda\/accesorios\/para-bajo\/pastillas\/pastilla-dimarzio-p-bajo-area-j-5-set\/\" \/>\n<meta property=\"og:site_name\" content=\"Mexican Guitar Players\" \/>\n<meta property=\"article:modified_time\" content=\"2026-05-01T13:45:40+00:00\" \/>\n<meta property=\"og:image\" content=\"https:\/\/www.mexicanguitarplayers.com\/wp-content\/uploads\/2022\/08\/RADIMDP552.jpg\" \/>\n\t<meta property=\"og:image:width\" content=\"1200\" \/>\n\t<meta property=\"og:image:height\" content=\"1200\" \/>\n\t<meta property=\"og:image:type\" content=\"image\/jpeg\" \/>\n<meta name=\"twitter:card\" content=\"summary_large_image\" \/>\n<meta name=\"twitter:label1\" content=\"Est. reading time\" \/>\n\t<meta name=\"twitter:data1\" content=\"1 minute\" \/>\n<script type=\"application\/ld+json\" class=\"yoast-schema-graph\">{\"@context\":\"https:\\\/\\\/schema.org\",\"@graph\":[{\"@type\":[\"WebPage\",\"ItemPage\"],\"@id\":\"https:\\\/\\\/www.mexicanguitarplayers.com\\\/tienda\\\/accesorios\\\/para-bajo\\\/pastillas\\\/pastilla-dimarzio-p-bajo-area-j-5-set\\\/\",\"url\":\"https:\\\/\\\/www.mexicanguitarplayers.com\\\/tienda\\\/accesorios\\\/para-bajo\\\/pastillas\\\/pastilla-dimarzio-p-bajo-area-j-5-set\\\/\",\"name\":\"PASTILLA DIMARZIO P\\\/BAJO AREA J 5 SET - Mexican Guitar Players\",\"isPartOf\":{\"@id\":\"https:\\\/\\\/www.mexicanguitarplayers.com\\\/#website\"},\"primaryImageOfPage\":{\"@id\":\"https:\\\/\\\/www.mexicanguitarplayers.com\\\/tienda\\\/accesorios\\\/para-bajo\\\/pastillas\\\/pastilla-dimarzio-p-bajo-area-j-5-set\\\/#primaryimage\"},\"image\":{\"@id\":\"https:\\\/\\\/www.mexicanguitarplayers.com\\\/tienda\\\/accesorios\\\/para-bajo\\\/pastillas\\\/pastilla-dimarzio-p-bajo-area-j-5-set\\\/#primaryimage\"},\"thumbnailUrl\":\"https:\\\/\\\/www.mexicanguitarplayers.com\\\/wp-content\\\/uploads\\\/2022\\\/08\\\/RADIMDP552.jpg\",\"datePublished\":\"2022-08-18T07:07:17+00:00\",\"dateModified\":\"2026-05-01T13:45:40+00:00\",\"description\":\"PASTILLA DIMARZIO P\\\/BAJO AREA J 5 SET. Set de pastillas para bajo el\u00e9ctrico de 5 cuerdas, modelo Area J 5, para puente y brazo, alambrado: 2 conductores, im\u00e1n: alnico 2, espaciado est\u00e1ndar, resistencia: 9.32 y 9.56 kilo-ohms, calidez, sustain y un tono de canto limpio, campo magn\u00e9tico de baja tracci\u00f3n que permite que las cuerdas suenen claramente, mejora el sonido de la cuerda grave \u201dB\u201d, cancelaci\u00f3n de zumbido, salida media y tono equilibrado, funciona igualmente bien con electr\u00f3nica pasiva y activa, las dimensiones de la cubierta de Area J 5 no son las mismas que las del Fender Jazz Bass de 5 cuerdas, por lo tanto, Area J 5 no puede instalarse como reemplazos directos en estos bajos sin modificaci\u00f3n.\",\"breadcrumb\":{\"@id\":\"https:\\\/\\\/www.mexicanguitarplayers.com\\\/tienda\\\/accesorios\\\/para-bajo\\\/pastillas\\\/pastilla-dimarzio-p-bajo-area-j-5-set\\\/#breadcrumb\"},\"inLanguage\":\"en-US\",\"potentialAction\":[{\"@type\":\"ReadAction\",\"target\":[\"https:\\\/\\\/www.mexicanguitarplayers.com\\\/tienda\\\/accesorios\\\/para-bajo\\\/pastillas\\\/pastilla-dimarzio-p-bajo-area-j-5-set\\\/\"]}]},{\"@type\":\"ImageObject\",\"inLanguage\":\"en-US\",\"@id\":\"https:\\\/\\\/www.mexicanguitarplayers.com\\\/tienda\\\/accesorios\\\/para-bajo\\\/pastillas\\\/pastilla-dimarzio-p-bajo-area-j-5-set\\\/#primaryimage\",\"url\":\"https:\\\/\\\/www.mexicanguitarplayers.com\\\/wp-content\\\/uploads\\\/2022\\\/08\\\/RADIMDP552.jpg\",\"contentUrl\":\"https:\\\/\\\/www.mexicanguitarplayers.com\\\/wp-content\\\/uploads\\\/2022\\\/08\\\/RADIMDP552.jpg\",\"width\":1200,\"height\":1200},{\"@type\":\"BreadcrumbList\",\"@id\":\"https:\\\/\\\/www.mexicanguitarplayers.com\\\/tienda\\\/accesorios\\\/para-bajo\\\/pastillas\\\/pastilla-dimarzio-p-bajo-area-j-5-set\\\/#breadcrumb\",\"itemListElement\":[{\"@type\":\"ListItem\",\"position\":1,\"name\":\"Portada\",\"item\":\"https:\\\/\\\/www.mexicanguitarplayers.com\\\/\"},{\"@type\":\"ListItem\",\"position\":2,\"name\":\"Tienda\",\"item\":\"https:\\\/\\\/www.mexicanguitarplayers.com\\\/tienda\\\/\"},{\"@type\":\"ListItem\",\"position\":3,\"name\":\"PASTILLA DIMARZIO P\\\/BAJO AREA J 5 SET\"}]},{\"@type\":\"WebSite\",\"@id\":\"https:\\\/\\\/www.mexicanguitarplayers.com\\\/#website\",\"url\":\"https:\\\/\\\/www.mexicanguitarplayers.com\\\/\",\"name\":\"Mexican Guitar Players\",\"description\":\"Website\",\"publisher\":{\"@id\":\"https:\\\/\\\/www.mexicanguitarplayers.com\\\/#organization\"},\"potentialAction\":[{\"@type\":\"SearchAction\",\"target\":{\"@type\":\"EntryPoint\",\"urlTemplate\":\"https:\\\/\\\/www.mexicanguitarplayers.com\\\/?s={search_term_string}\"},\"query-input\":{\"@type\":\"PropertyValueSpecification\",\"valueRequired\":true,\"valueName\":\"search_term_string\"}}],\"inLanguage\":\"en-US\"},{\"@type\":\"Organization\",\"@id\":\"https:\\\/\\\/www.mexicanguitarplayers.com\\\/#organization\",\"name\":\"Mexican Guitar Players\",\"url\":\"https:\\\/\\\/www.mexicanguitarplayers.com\\\/\",\"logo\":{\"@type\":\"ImageObject\",\"inLanguage\":\"en-US\",\"@id\":\"https:\\\/\\\/www.mexicanguitarplayers.com\\\/#\\\/schema\\\/logo\\\/image\\\/\",\"url\":\"\",\"contentUrl\":\"\",\"caption\":\"Mexican Guitar Players\"},\"image\":{\"@id\":\"https:\\\/\\\/www.mexicanguitarplayers.com\\\/#\\\/schema\\\/logo\\\/image\\\/\"}}]}<\/script>\n<!-- \/ Yoast SEO plugin. -->","yoast_head_json":{"title":"PASTILLA DIMARZIO P\/BAJO AREA J 5 SET - Mexican Guitar Players","description":"PASTILLA DIMARZIO P\/BAJO AREA J 5 SET. Set de pastillas para bajo el\u00e9ctrico de 5 cuerdas, modelo Area J 5, para puente y brazo, alambrado: 2 conductores, im\u00e1n: alnico 2, espaciado est\u00e1ndar, resistencia: 9.32 y 9.56 kilo-ohms, calidez, sustain y un tono de canto limpio, campo magn\u00e9tico de baja tracci\u00f3n que permite que las cuerdas suenen claramente, mejora el sonido de la cuerda grave \u201dB\u201d, cancelaci\u00f3n de zumbido, salida media y tono equilibrado, funciona igualmente bien con electr\u00f3nica pasiva y activa, las dimensiones de la cubierta de Area J 5 no son las mismas que las del Fender Jazz Bass de 5 cuerdas, por lo tanto, Area J 5 no puede instalarse como reemplazos directos en estos bajos sin modificaci\u00f3n.","robots":{"index":"index","follow":"follow","max-snippet":"max-snippet:-1","max-image-preview":"max-image-preview:large","max-video-preview":"max-video-preview:-1"},"canonical":"https:\/\/www.mexicanguitarplayers.com\/en\/tienda\/accesorios\/para-bajo\/pastillas\/pastilla-dimarzio-p-bajo-area-j-5-set\/","og_locale":"en_US","og_type":"article","og_title":"PASTILLA DIMARZIO P\/BAJO AREA J 5 SET - Mexican Guitar Players","og_description":"PASTILLA DIMARZIO P\/BAJO AREA J 5 SET. Set de pastillas para bajo el\u00e9ctrico de 5 cuerdas, modelo Area J 5, para puente y brazo, alambrado: 2 conductores, im\u00e1n: alnico 2, espaciado est\u00e1ndar, resistencia: 9.32 y 9.56 kilo-ohms, calidez, sustain y un tono de canto limpio, campo magn\u00e9tico de baja tracci\u00f3n que permite que las cuerdas suenen claramente, mejora el sonido de la cuerda grave \u201dB\u201d, cancelaci\u00f3n de zumbido, salida media y tono equilibrado, funciona igualmente bien con electr\u00f3nica pasiva y activa, las dimensiones de la cubierta de Area J 5 no son las mismas que las del Fender Jazz Bass de 5 cuerdas, por lo tanto, Area J 5 no puede instalarse como reemplazos directos en estos bajos sin modificaci\u00f3n.","og_url":"https:\/\/www.mexicanguitarplayers.com\/en\/tienda\/accesorios\/para-bajo\/pastillas\/pastilla-dimarzio-p-bajo-area-j-5-set\/","og_site_name":"Mexican Guitar Players","article_modified_time":"2026-05-01T13:45:40+00:00","og_image":[{"width":1200,"height":1200,"url":"https:\/\/www.mexicanguitarplayers.com\/wp-content\/uploads\/2022\/08\/RADIMDP552.jpg","type":"image\/jpeg"}],"twitter_card":"summary_large_image","twitter_misc":{"Est. reading time":"1 minute"},"schema":{"@context":"https:\/\/schema.org","@graph":[{"@type":["WebPage","ItemPage"],"@id":"https:\/\/www.mexicanguitarplayers.com\/tienda\/accesorios\/para-bajo\/pastillas\/pastilla-dimarzio-p-bajo-area-j-5-set\/","url":"https:\/\/www.mexicanguitarplayers.com\/tienda\/accesorios\/para-bajo\/pastillas\/pastilla-dimarzio-p-bajo-area-j-5-set\/","name":"PASTILLA DIMARZIO P\/BAJO AREA J 5 SET - Mexican Guitar Players","isPartOf":{"@id":"https:\/\/www.mexicanguitarplayers.com\/#website"},"primaryImageOfPage":{"@id":"https:\/\/www.mexicanguitarplayers.com\/tienda\/accesorios\/para-bajo\/pastillas\/pastilla-dimarzio-p-bajo-area-j-5-set\/#primaryimage"},"image":{"@id":"https:\/\/www.mexicanguitarplayers.com\/tienda\/accesorios\/para-bajo\/pastillas\/pastilla-dimarzio-p-bajo-area-j-5-set\/#primaryimage"},"thumbnailUrl":"https:\/\/www.mexicanguitarplayers.com\/wp-content\/uploads\/2022\/08\/RADIMDP552.jpg","datePublished":"2022-08-18T07:07:17+00:00","dateModified":"2026-05-01T13:45:40+00:00","description":"PASTILLA DIMARZIO P\/BAJO AREA J 5 SET. Set de pastillas para bajo el\u00e9ctrico de 5 cuerdas, modelo Area J 5, para puente y brazo, alambrado: 2 conductores, im\u00e1n: alnico 2, espaciado est\u00e1ndar, resistencia: 9.32 y 9.56 kilo-ohms, calidez, sustain y un tono de canto limpio, campo magn\u00e9tico de baja tracci\u00f3n que permite que las cuerdas suenen claramente, mejora el sonido de la cuerda grave \u201dB\u201d, cancelaci\u00f3n de zumbido, salida media y tono equilibrado, funciona igualmente bien con electr\u00f3nica pasiva y activa, las dimensiones de la cubierta de Area J 5 no son las mismas que las del Fender Jazz Bass de 5 cuerdas, por lo tanto, Area J 5 no puede instalarse como reemplazos directos en estos bajos sin modificaci\u00f3n.","breadcrumb":{"@id":"https:\/\/www.mexicanguitarplayers.com\/tienda\/accesorios\/para-bajo\/pastillas\/pastilla-dimarzio-p-bajo-area-j-5-set\/#breadcrumb"},"inLanguage":"en-US","potentialAction":[{"@type":"ReadAction","target":["https:\/\/www.mexicanguitarplayers.com\/tienda\/accesorios\/para-bajo\/pastillas\/pastilla-dimarzio-p-bajo-area-j-5-set\/"]}]},{"@type":"ImageObject","inLanguage":"en-US","@id":"https:\/\/www.mexicanguitarplayers.com\/tienda\/accesorios\/para-bajo\/pastillas\/pastilla-dimarzio-p-bajo-area-j-5-set\/#primaryimage","url":"https:\/\/www.mexicanguitarplayers.com\/wp-content\/uploads\/2022\/08\/RADIMDP552.jpg","contentUrl":"https:\/\/www.mexicanguitarplayers.com\/wp-content\/uploads\/2022\/08\/RADIMDP552.jpg","width":1200,"height":1200},{"@type":"BreadcrumbList","@id":"https:\/\/www.mexicanguitarplayers.com\/tienda\/accesorios\/para-bajo\/pastillas\/pastilla-dimarzio-p-bajo-area-j-5-set\/#breadcrumb","itemListElement":[{"@type":"ListItem","position":1,"name":"Portada","item":"https:\/\/www.mexicanguitarplayers.com\/"},{"@type":"ListItem","position":2,"name":"Tienda","item":"https:\/\/www.mexicanguitarplayers.com\/tienda\/"},{"@type":"ListItem","position":3,"name":"PASTILLA DIMARZIO P\/BAJO AREA J 5 SET"}]},{"@type":"WebSite","@id":"https:\/\/www.mexicanguitarplayers.com\/#website","url":"https:\/\/www.mexicanguitarplayers.com\/","name":"Mexican Guitar Players","description":"Website","publisher":{"@id":"https:\/\/www.mexicanguitarplayers.com\/#organization"},"potentialAction":[{"@type":"SearchAction","target":{"@type":"EntryPoint","urlTemplate":"https:\/\/www.mexicanguitarplayers.com\/?s={search_term_string}"},"query-input":{"@type":"PropertyValueSpecification","valueRequired":true,"valueName":"search_term_string"}}],"inLanguage":"en-US"},{"@type":"Organization","@id":"https:\/\/www.mexicanguitarplayers.com\/#organization","name":"Mexican Guitar Players","url":"https:\/\/www.mexicanguitarplayers.com\/","logo":{"@type":"ImageObject","inLanguage":"en-US","@id":"https:\/\/www.mexicanguitarplayers.com\/#\/schema\/logo\/image\/","url":"","contentUrl":"","caption":"Mexican Guitar Players"},"image":{"@id":"https:\/\/www.mexicanguitarplayers.com\/#\/schema\/logo\/image\/"}}]}},"brands":[{"id":355,"name":"DIMARZIO","slug":"dimarzio"}],"_links":{"self":[{"href":"https:\/\/www.mexicanguitarplayers.com\/en\/wp-json\/wp\/v2\/product\/11284","targetHints":{"allow":["GET"]}}],"collection":[{"href":"https:\/\/www.mexicanguitarplayers.com\/en\/wp-json\/wp\/v2\/product"}],"about":[{"href":"https:\/\/www.mexicanguitarplayers.com\/en\/wp-json\/wp\/v2\/types\/product"}],"replies":[{"embeddable":true,"href":"https:\/\/www.mexicanguitarplayers.com\/en\/wp-json\/wp\/v2\/comments?post=11284"}],"wp:featuredmedia":[{"embeddable":true,"href":"https:\/\/www.mexicanguitarplayers.com\/en\/wp-json\/wp\/v2\/media\/11280"}],"wp:attachment":[{"href":"https:\/\/www.mexicanguitarplayers.com\/en\/wp-json\/wp\/v2\/media?parent=11284"}],"wp:term":[{"taxonomy":"pwb-brand","embeddable":true,"href":"https:\/\/www.mexicanguitarplayers.com\/en\/wp-json\/wp\/v2\/pwb-brand?post=11284"},{"taxonomy":"product_brand","embeddable":true,"href":"https:\/\/www.mexicanguitarplayers.com\/en\/wp-json\/wp\/v2\/product_brand?post=11284"},{"taxonomy":"product_cat","embeddable":true,"href":"https:\/\/www.mexicanguitarplayers.com\/en\/wp-json\/wp\/v2\/product_cat?post=11284"},{"taxonomy":"product_tag","embeddable":true,"href":"https:\/\/www.mexicanguitarplayers.com\/en\/wp-json\/wp\/v2\/product_tag?post=11284"}],"curies":[{"name":"wp","href":"https:\/\/api.w.org\/{rel}","templated":true}]}}