{"id":11299,"date":"2022-08-18T02:07:41","date_gmt":"2022-08-18T07:07:41","guid":{"rendered":"https:\/\/www.mexicanguitarplayers.com\/tienda\/sin%20categor\u00eda\/pastilla-dimarzio-7-cuerdas-p-puente-blaze\/"},"modified":"2026-04-21T19:15:12","modified_gmt":"2026-04-22T01:15:12","slug":"pastilla-dimarzio-7-cuerdas-p-puente-blaze","status":"publish","type":"product","link":"https:\/\/www.mexicanguitarplayers.com\/en\/tienda\/accesorios\/para-guitarras\/pastillas-para-guitarra-electrica\/pastilla-dimarzio-7-cuerdas-p-puente-blaze\/","title":{"rendered":"DIMARZIO PICKUP 7 STRINGS FOR BLAZE BRIDGE"},"content":{"rendered":"<div style=\"text-align: justify\">\n<div>\n<h3>DIMARZIO PICKUP 7 STRINGS FOR BLAZE BRIDGE<\/h3>\n<\/div>\n<div>Pickup for 7-string guitar, Blaze model, for bridge, wiring: 4-conductor, magnet: ceramic, standard spacing, resistance: 20.75 kilo-ohms, warm sound, warm bass response, open mids, fast solo and chord handling cleans, midrange scooped to keep the lower 7th string as bright and open as possible, clean chords, and heavy overdrive that retains definition.<\/div>\n<\/div>","protected":false},"excerpt":{"rendered":"<p>Pastilla para guitarra de 7 cuerdas, modelo Blaze, para puente, alambrado: 4 conductores, im\u00e1n: cer\u00e1mica, espaciado est\u00e1ndar, resistencia: 20.75 kilo-ohms, sonido c\u00e1lido, respuesta de graves c\u00e1lidos, apertura de medios, manejo de solos r\u00e1pidos y acordes limpios, rango medio recogido para mantener la s\u00e9ptima cuerda grave tan brillante y abierta como sea posible, acordes limpios y overdrive pesado que conserva definici\u00f3n.&hellip; <a class=\"kt-excerpt-readmore more-link\" href=\"https:\/\/www.mexicanguitarplayers.com\/en\/tienda\/accesorios\/para-guitarras\/pastillas-para-guitarra-electrica\/pastilla-dimarzio-7-cuerdas-p-puente-blaze\/\">Read more<\/a><\/p>","protected":false},"featured_media":11295,"comment_status":"open","ping_status":"closed","template":"","meta":{"kt_blocks_editor_width":""},"pwb-brand":[355],"product_brand":[],"product_cat":[85,336,353],"product_tag":[],"class_list":{"0":"post-11299","1":"product","2":"type-product","3":"status-publish","4":"has-post-thumbnail","6":"pwb-brand-dimarzio","7":"product_cat-accesorios","8":"product_cat-para-guitarras","9":"product_cat-pastillas-para-guitarra-electrica","10":"product_shipping_class-0-5-kg","12":"first","13":"outofstock","14":"taxable","15":"shipping-taxable","16":"purchasable","17":"product-type-simple"},"yoast_head":"<!-- This site is optimized with the Yoast SEO plugin v27.5 - https:\/\/yoast.com\/product\/yoast-seo-wordpress\/ -->\n<title>PASTILLA DIMARZIO 7 CUERDAS P\/PUENTE BLAZE - Mexican Guitar Players<\/title>\n<meta name=\"description\" content=\"PASTILLA DIMARZIO 7 CUERDAS P\/PUENTE BLAZE. Pastilla para guitarra de 7 cuerdas, modelo Blaze, para puente, alambrado: 4 conductores, im\u00e1n: cer\u00e1mica, espaciado est\u00e1ndar, resistencia: 20.75 kilo-ohms, sonido c\u00e1lido, respuesta de graves c\u00e1lidos, apertura de medios, manejo de solos r\u00e1pidos y acordes limpios, rango medio recogido para mantener la s\u00e9ptima cuerda grave tan brillante y abierta como sea posible, acordes limpios y overdrive pesado que conserva definici\u00f3n.\" \/>\n<meta name=\"robots\" content=\"index, follow, max-snippet:-1, max-image-preview:large, max-video-preview:-1\" \/>\n<link rel=\"canonical\" href=\"https:\/\/www.mexicanguitarplayers.com\/en\/tienda\/accesorios\/para-guitarras\/pastillas-para-guitarra-electrica\/pastilla-dimarzio-7-cuerdas-p-puente-blaze\/\" \/>\n<meta property=\"og:locale\" content=\"en_US\" \/>\n<meta property=\"og:type\" content=\"article\" \/>\n<meta property=\"og:title\" content=\"PASTILLA DIMARZIO 7 CUERDAS P\/PUENTE BLAZE - Mexican Guitar Players\" \/>\n<meta property=\"og:description\" content=\"PASTILLA DIMARZIO 7 CUERDAS P\/PUENTE BLAZE. Pastilla para guitarra de 7 cuerdas, modelo Blaze, para puente, alambrado: 4 conductores, im\u00e1n: cer\u00e1mica, espaciado est\u00e1ndar, resistencia: 20.75 kilo-ohms, sonido c\u00e1lido, respuesta de graves c\u00e1lidos, apertura de medios, manejo de solos r\u00e1pidos y acordes limpios, rango medio recogido para mantener la s\u00e9ptima cuerda grave tan brillante y abierta como sea posible, acordes limpios y overdrive pesado que conserva definici\u00f3n.\" \/>\n<meta property=\"og:url\" content=\"https:\/\/www.mexicanguitarplayers.com\/en\/tienda\/accesorios\/para-guitarras\/pastillas-para-guitarra-electrica\/pastilla-dimarzio-7-cuerdas-p-puente-blaze\/\" \/>\n<meta property=\"og:site_name\" content=\"Mexican Guitar Players\" \/>\n<meta property=\"article:modified_time\" content=\"2026-04-22T01:15:12+00:00\" \/>\n<meta property=\"og:image\" content=\"https:\/\/www.mexicanguitarplayers.com\/wp-content\/uploads\/2022\/08\/RADIMDP702SP.jpg\" \/>\n\t<meta property=\"og:image:width\" content=\"1200\" \/>\n\t<meta property=\"og:image:height\" content=\"1200\" \/>\n\t<meta property=\"og:image:type\" content=\"image\/jpeg\" \/>\n<meta name=\"twitter:card\" content=\"summary_large_image\" \/>\n<script type=\"application\/ld+json\" class=\"yoast-schema-graph\">{\"@context\":\"https:\\\/\\\/schema.org\",\"@graph\":[{\"@type\":[\"WebPage\",\"ItemPage\"],\"@id\":\"https:\\\/\\\/www.mexicanguitarplayers.com\\\/tienda\\\/accesorios\\\/para-guitarras\\\/pastillas-para-guitarra-electrica\\\/pastilla-dimarzio-7-cuerdas-p-puente-blaze\\\/\",\"url\":\"https:\\\/\\\/www.mexicanguitarplayers.com\\\/tienda\\\/accesorios\\\/para-guitarras\\\/pastillas-para-guitarra-electrica\\\/pastilla-dimarzio-7-cuerdas-p-puente-blaze\\\/\",\"name\":\"PASTILLA DIMARZIO 7 CUERDAS P\\\/PUENTE BLAZE - Mexican Guitar Players\",\"isPartOf\":{\"@id\":\"https:\\\/\\\/www.mexicanguitarplayers.com\\\/#website\"},\"primaryImageOfPage\":{\"@id\":\"https:\\\/\\\/www.mexicanguitarplayers.com\\\/tienda\\\/accesorios\\\/para-guitarras\\\/pastillas-para-guitarra-electrica\\\/pastilla-dimarzio-7-cuerdas-p-puente-blaze\\\/#primaryimage\"},\"image\":{\"@id\":\"https:\\\/\\\/www.mexicanguitarplayers.com\\\/tienda\\\/accesorios\\\/para-guitarras\\\/pastillas-para-guitarra-electrica\\\/pastilla-dimarzio-7-cuerdas-p-puente-blaze\\\/#primaryimage\"},\"thumbnailUrl\":\"https:\\\/\\\/www.mexicanguitarplayers.com\\\/wp-content\\\/uploads\\\/2022\\\/08\\\/RADIMDP702SP.jpg\",\"datePublished\":\"2022-08-18T07:07:41+00:00\",\"dateModified\":\"2026-04-22T01:15:12+00:00\",\"description\":\"PASTILLA DIMARZIO 7 CUERDAS P\\\/PUENTE BLAZE. Pastilla para guitarra de 7 cuerdas, modelo Blaze, para puente, alambrado: 4 conductores, im\u00e1n: cer\u00e1mica, espaciado est\u00e1ndar, resistencia: 20.75 kilo-ohms, sonido c\u00e1lido, respuesta de graves c\u00e1lidos, apertura de medios, manejo de solos r\u00e1pidos y acordes limpios, rango medio recogido para mantener la s\u00e9ptima cuerda grave tan brillante y abierta como sea posible, acordes limpios y overdrive pesado que conserva definici\u00f3n.\",\"breadcrumb\":{\"@id\":\"https:\\\/\\\/www.mexicanguitarplayers.com\\\/tienda\\\/accesorios\\\/para-guitarras\\\/pastillas-para-guitarra-electrica\\\/pastilla-dimarzio-7-cuerdas-p-puente-blaze\\\/#breadcrumb\"},\"inLanguage\":\"en-US\",\"potentialAction\":[{\"@type\":\"ReadAction\",\"target\":[\"https:\\\/\\\/www.mexicanguitarplayers.com\\\/tienda\\\/accesorios\\\/para-guitarras\\\/pastillas-para-guitarra-electrica\\\/pastilla-dimarzio-7-cuerdas-p-puente-blaze\\\/\"]}]},{\"@type\":\"ImageObject\",\"inLanguage\":\"en-US\",\"@id\":\"https:\\\/\\\/www.mexicanguitarplayers.com\\\/tienda\\\/accesorios\\\/para-guitarras\\\/pastillas-para-guitarra-electrica\\\/pastilla-dimarzio-7-cuerdas-p-puente-blaze\\\/#primaryimage\",\"url\":\"https:\\\/\\\/www.mexicanguitarplayers.com\\\/wp-content\\\/uploads\\\/2022\\\/08\\\/RADIMDP702SP.jpg\",\"contentUrl\":\"https:\\\/\\\/www.mexicanguitarplayers.com\\\/wp-content\\\/uploads\\\/2022\\\/08\\\/RADIMDP702SP.jpg\",\"width\":1200,\"height\":1200},{\"@type\":\"BreadcrumbList\",\"@id\":\"https:\\\/\\\/www.mexicanguitarplayers.com\\\/tienda\\\/accesorios\\\/para-guitarras\\\/pastillas-para-guitarra-electrica\\\/pastilla-dimarzio-7-cuerdas-p-puente-blaze\\\/#breadcrumb\",\"itemListElement\":[{\"@type\":\"ListItem\",\"position\":1,\"name\":\"Portada\",\"item\":\"https:\\\/\\\/www.mexicanguitarplayers.com\\\/\"},{\"@type\":\"ListItem\",\"position\":2,\"name\":\"Tienda\",\"item\":\"https:\\\/\\\/www.mexicanguitarplayers.com\\\/tienda\\\/\"},{\"@type\":\"ListItem\",\"position\":3,\"name\":\"PASTILLA DIMARZIO 7 CUERDAS P\\\/PUENTE BLAZE\"}]},{\"@type\":\"WebSite\",\"@id\":\"https:\\\/\\\/www.mexicanguitarplayers.com\\\/#website\",\"url\":\"https:\\\/\\\/www.mexicanguitarplayers.com\\\/\",\"name\":\"Mexican Guitar Players\",\"description\":\"Website\",\"publisher\":{\"@id\":\"https:\\\/\\\/www.mexicanguitarplayers.com\\\/#organization\"},\"potentialAction\":[{\"@type\":\"SearchAction\",\"target\":{\"@type\":\"EntryPoint\",\"urlTemplate\":\"https:\\\/\\\/www.mexicanguitarplayers.com\\\/?s={search_term_string}\"},\"query-input\":{\"@type\":\"PropertyValueSpecification\",\"valueRequired\":true,\"valueName\":\"search_term_string\"}}],\"inLanguage\":\"en-US\"},{\"@type\":\"Organization\",\"@id\":\"https:\\\/\\\/www.mexicanguitarplayers.com\\\/#organization\",\"name\":\"Mexican Guitar Players\",\"url\":\"https:\\\/\\\/www.mexicanguitarplayers.com\\\/\",\"logo\":{\"@type\":\"ImageObject\",\"inLanguage\":\"en-US\",\"@id\":\"https:\\\/\\\/www.mexicanguitarplayers.com\\\/#\\\/schema\\\/logo\\\/image\\\/\",\"url\":\"\",\"contentUrl\":\"\",\"caption\":\"Mexican Guitar Players\"},\"image\":{\"@id\":\"https:\\\/\\\/www.mexicanguitarplayers.com\\\/#\\\/schema\\\/logo\\\/image\\\/\"}}]}<\/script>\n<!-- \/ Yoast SEO plugin. -->","yoast_head_json":{"title":"PASTILLA DIMARZIO 7 CUERDAS P\/PUENTE BLAZE - Mexican Guitar Players","description":"PASTILLA DIMARZIO 7 CUERDAS P\/PUENTE BLAZE. Pastilla para guitarra de 7 cuerdas, modelo Blaze, para puente, alambrado: 4 conductores, im\u00e1n: cer\u00e1mica, espaciado est\u00e1ndar, resistencia: 20.75 kilo-ohms, sonido c\u00e1lido, respuesta de graves c\u00e1lidos, apertura de medios, manejo de solos r\u00e1pidos y acordes limpios, rango medio recogido para mantener la s\u00e9ptima cuerda grave tan brillante y abierta como sea posible, acordes limpios y overdrive pesado que conserva definici\u00f3n.","robots":{"index":"index","follow":"follow","max-snippet":"max-snippet:-1","max-image-preview":"max-image-preview:large","max-video-preview":"max-video-preview:-1"},"canonical":"https:\/\/www.mexicanguitarplayers.com\/en\/tienda\/accesorios\/para-guitarras\/pastillas-para-guitarra-electrica\/pastilla-dimarzio-7-cuerdas-p-puente-blaze\/","og_locale":"en_US","og_type":"article","og_title":"PASTILLA DIMARZIO 7 CUERDAS P\/PUENTE BLAZE - Mexican Guitar Players","og_description":"PASTILLA DIMARZIO 7 CUERDAS P\/PUENTE BLAZE. Pastilla para guitarra de 7 cuerdas, modelo Blaze, para puente, alambrado: 4 conductores, im\u00e1n: cer\u00e1mica, espaciado est\u00e1ndar, resistencia: 20.75 kilo-ohms, sonido c\u00e1lido, respuesta de graves c\u00e1lidos, apertura de medios, manejo de solos r\u00e1pidos y acordes limpios, rango medio recogido para mantener la s\u00e9ptima cuerda grave tan brillante y abierta como sea posible, acordes limpios y overdrive pesado que conserva definici\u00f3n.","og_url":"https:\/\/www.mexicanguitarplayers.com\/en\/tienda\/accesorios\/para-guitarras\/pastillas-para-guitarra-electrica\/pastilla-dimarzio-7-cuerdas-p-puente-blaze\/","og_site_name":"Mexican Guitar Players","article_modified_time":"2026-04-22T01:15:12+00:00","og_image":[{"width":1200,"height":1200,"url":"https:\/\/www.mexicanguitarplayers.com\/wp-content\/uploads\/2022\/08\/RADIMDP702SP.jpg","type":"image\/jpeg"}],"twitter_card":"summary_large_image","schema":{"@context":"https:\/\/schema.org","@graph":[{"@type":["WebPage","ItemPage"],"@id":"https:\/\/www.mexicanguitarplayers.com\/tienda\/accesorios\/para-guitarras\/pastillas-para-guitarra-electrica\/pastilla-dimarzio-7-cuerdas-p-puente-blaze\/","url":"https:\/\/www.mexicanguitarplayers.com\/tienda\/accesorios\/para-guitarras\/pastillas-para-guitarra-electrica\/pastilla-dimarzio-7-cuerdas-p-puente-blaze\/","name":"PASTILLA DIMARZIO 7 CUERDAS P\/PUENTE BLAZE - Mexican Guitar Players","isPartOf":{"@id":"https:\/\/www.mexicanguitarplayers.com\/#website"},"primaryImageOfPage":{"@id":"https:\/\/www.mexicanguitarplayers.com\/tienda\/accesorios\/para-guitarras\/pastillas-para-guitarra-electrica\/pastilla-dimarzio-7-cuerdas-p-puente-blaze\/#primaryimage"},"image":{"@id":"https:\/\/www.mexicanguitarplayers.com\/tienda\/accesorios\/para-guitarras\/pastillas-para-guitarra-electrica\/pastilla-dimarzio-7-cuerdas-p-puente-blaze\/#primaryimage"},"thumbnailUrl":"https:\/\/www.mexicanguitarplayers.com\/wp-content\/uploads\/2022\/08\/RADIMDP702SP.jpg","datePublished":"2022-08-18T07:07:41+00:00","dateModified":"2026-04-22T01:15:12+00:00","description":"PASTILLA DIMARZIO 7 CUERDAS P\/PUENTE BLAZE. Pastilla para guitarra de 7 cuerdas, modelo Blaze, para puente, alambrado: 4 conductores, im\u00e1n: cer\u00e1mica, espaciado est\u00e1ndar, resistencia: 20.75 kilo-ohms, sonido c\u00e1lido, respuesta de graves c\u00e1lidos, apertura de medios, manejo de solos r\u00e1pidos y acordes limpios, rango medio recogido para mantener la s\u00e9ptima cuerda grave tan brillante y abierta como sea posible, acordes limpios y overdrive pesado que conserva definici\u00f3n.","breadcrumb":{"@id":"https:\/\/www.mexicanguitarplayers.com\/tienda\/accesorios\/para-guitarras\/pastillas-para-guitarra-electrica\/pastilla-dimarzio-7-cuerdas-p-puente-blaze\/#breadcrumb"},"inLanguage":"en-US","potentialAction":[{"@type":"ReadAction","target":["https:\/\/www.mexicanguitarplayers.com\/tienda\/accesorios\/para-guitarras\/pastillas-para-guitarra-electrica\/pastilla-dimarzio-7-cuerdas-p-puente-blaze\/"]}]},{"@type":"ImageObject","inLanguage":"en-US","@id":"https:\/\/www.mexicanguitarplayers.com\/tienda\/accesorios\/para-guitarras\/pastillas-para-guitarra-electrica\/pastilla-dimarzio-7-cuerdas-p-puente-blaze\/#primaryimage","url":"https:\/\/www.mexicanguitarplayers.com\/wp-content\/uploads\/2022\/08\/RADIMDP702SP.jpg","contentUrl":"https:\/\/www.mexicanguitarplayers.com\/wp-content\/uploads\/2022\/08\/RADIMDP702SP.jpg","width":1200,"height":1200},{"@type":"BreadcrumbList","@id":"https:\/\/www.mexicanguitarplayers.com\/tienda\/accesorios\/para-guitarras\/pastillas-para-guitarra-electrica\/pastilla-dimarzio-7-cuerdas-p-puente-blaze\/#breadcrumb","itemListElement":[{"@type":"ListItem","position":1,"name":"Portada","item":"https:\/\/www.mexicanguitarplayers.com\/"},{"@type":"ListItem","position":2,"name":"Tienda","item":"https:\/\/www.mexicanguitarplayers.com\/tienda\/"},{"@type":"ListItem","position":3,"name":"PASTILLA DIMARZIO 7 CUERDAS P\/PUENTE BLAZE"}]},{"@type":"WebSite","@id":"https:\/\/www.mexicanguitarplayers.com\/#website","url":"https:\/\/www.mexicanguitarplayers.com\/","name":"Mexican Guitar Players","description":"Website","publisher":{"@id":"https:\/\/www.mexicanguitarplayers.com\/#organization"},"potentialAction":[{"@type":"SearchAction","target":{"@type":"EntryPoint","urlTemplate":"https:\/\/www.mexicanguitarplayers.com\/?s={search_term_string}"},"query-input":{"@type":"PropertyValueSpecification","valueRequired":true,"valueName":"search_term_string"}}],"inLanguage":"en-US"},{"@type":"Organization","@id":"https:\/\/www.mexicanguitarplayers.com\/#organization","name":"Mexican Guitar Players","url":"https:\/\/www.mexicanguitarplayers.com\/","logo":{"@type":"ImageObject","inLanguage":"en-US","@id":"https:\/\/www.mexicanguitarplayers.com\/#\/schema\/logo\/image\/","url":"","contentUrl":"","caption":"Mexican Guitar Players"},"image":{"@id":"https:\/\/www.mexicanguitarplayers.com\/#\/schema\/logo\/image\/"}}]}},"brands":[{"id":355,"name":"DIMARZIO","slug":"dimarzio"}],"_links":{"self":[{"href":"https:\/\/www.mexicanguitarplayers.com\/en\/wp-json\/wp\/v2\/product\/11299","targetHints":{"allow":["GET"]}}],"collection":[{"href":"https:\/\/www.mexicanguitarplayers.com\/en\/wp-json\/wp\/v2\/product"}],"about":[{"href":"https:\/\/www.mexicanguitarplayers.com\/en\/wp-json\/wp\/v2\/types\/product"}],"replies":[{"embeddable":true,"href":"https:\/\/www.mexicanguitarplayers.com\/en\/wp-json\/wp\/v2\/comments?post=11299"}],"wp:featuredmedia":[{"embeddable":true,"href":"https:\/\/www.mexicanguitarplayers.com\/en\/wp-json\/wp\/v2\/media\/11295"}],"wp:attachment":[{"href":"https:\/\/www.mexicanguitarplayers.com\/en\/wp-json\/wp\/v2\/media?parent=11299"}],"wp:term":[{"taxonomy":"pwb-brand","embeddable":true,"href":"https:\/\/www.mexicanguitarplayers.com\/en\/wp-json\/wp\/v2\/pwb-brand?post=11299"},{"taxonomy":"product_brand","embeddable":true,"href":"https:\/\/www.mexicanguitarplayers.com\/en\/wp-json\/wp\/v2\/product_brand?post=11299"},{"taxonomy":"product_cat","embeddable":true,"href":"https:\/\/www.mexicanguitarplayers.com\/en\/wp-json\/wp\/v2\/product_cat?post=11299"},{"taxonomy":"product_tag","embeddable":true,"href":"https:\/\/www.mexicanguitarplayers.com\/en\/wp-json\/wp\/v2\/product_tag?post=11299"}],"curies":[{"name":"wp","href":"https:\/\/api.w.org\/{rel}","templated":true}]}}