{"id":11360,"date":"2022-08-18T02:09:37","date_gmt":"2022-08-18T07:09:37","guid":{"rendered":"https:\/\/www.mexicanguitarplayers.com\/tienda\/sin%20categor\u00eda\/pastilla-dimarzio-7-cuerdas-p-brazo-rainmaker-7\/"},"modified":"2026-04-10T05:18:49","modified_gmt":"2026-04-10T11:18:49","slug":"pastilla-dimarzio-7-cuerdas-p-brazo-rainmaker-7","status":"publish","type":"product","link":"https:\/\/www.mexicanguitarplayers.com\/en\/tienda\/accesorios\/para-guitarras\/pastillas-para-guitarra-electrica\/pastilla-dimarzio-7-cuerdas-p-brazo-rainmaker-7\/","title":{"rendered":"DIMARZIO 7 STRING PICKUP FOR RAINMAKER 7 ARM"},"content":{"rendered":"<div style=\"text-align: justify\">\n<div>\n<h3>DIMARZIO 7 STRING PICKUP FOR RAINMAKER 7 ARM<\/h3>\n<\/div>\n<div>Humbucker Pickup for 7-string electric guitar, Rainmaker model, position: neck on solid and semi-solid guitars, but can also be used in the bridge position, wiring: 4 conductors, magnet: ceramic, standard spacing, resistance: 11.53 kilo-ohms , expressive, intense, fearless, creamy, beautiful, pure, unimpeded and addictively powerful voice, increased sensitivity to pick attack and an overall more dynamic range, interesting combination of warmer highs and more open mids to combine classic and modern approaches .<\/div>\n<\/div>","protected":false},"excerpt":{"rendered":"<p>Pastilla humbucker para guitarra el\u00e9ctrica de 7 cuerdas, modelo Rainmaker, posici\u00f3n: brazo en guitarras s\u00f3lidas y semis\u00f3lidas, pero tambi\u00e9n se puede utilizar en la posici\u00f3n del puente, alambrado: 4 conductores, im\u00e1n: cer\u00e1mica, espaciado est\u00e1ndar, resistencia: 11.53 kilo-ohms, voz expresiva, intensa, intr\u00e9pida, cremosa, hermosa, pura, sin obst\u00e1culos y adictivamente poderosa, mayor sensibilidad al ataque de p\u00faa y un rango m\u00e1s din\u00e1mico en general, interesante combinaci\u00f3n de agudos m\u00e1s c\u00e1lidos y medios m\u00e1s abiertos para combinas enfoques cl\u00e1sicos y modernos.&hellip; <a class=\"kt-excerpt-readmore more-link\" href=\"https:\/\/www.mexicanguitarplayers.com\/en\/tienda\/accesorios\/para-guitarras\/pastillas-para-guitarra-electrica\/pastilla-dimarzio-7-cuerdas-p-brazo-rainmaker-7\/\">Read more<\/a><\/p>","protected":false},"featured_media":11356,"comment_status":"open","ping_status":"closed","template":"","meta":{"kt_blocks_editor_width":""},"pwb-brand":[355],"product_brand":[],"product_cat":[85,336,353],"product_tag":[],"class_list":{"0":"post-11360","1":"product","2":"type-product","3":"status-publish","4":"has-post-thumbnail","6":"pwb-brand-dimarzio","7":"product_cat-accesorios","8":"product_cat-para-guitarras","9":"product_cat-pastillas-para-guitarra-electrica","10":"product_shipping_class-0-5-kg","12":"first","13":"outofstock","14":"taxable","15":"shipping-taxable","16":"purchasable","17":"product-type-simple"},"yoast_head":"<!-- This site is optimized with the Yoast SEO plugin v27.5 - https:\/\/yoast.com\/product\/yoast-seo-wordpress\/ -->\n<title>PASTILLA DIMARZIO 7 CUERDAS P\/BRAZO RAINMAKER 7 - Mexican Guitar Players<\/title>\n<meta name=\"description\" content=\"PASTILLA DIMARZIO 7 CUERDAS P\/BRAZO RAINMAKER 7. Pastilla humbucker para guitarra el\u00e9ctrica de 7 cuerdas, modelo Rainmaker, posici\u00f3n: brazo en guitarras s\u00f3lidas y semis\u00f3lidas, pero tambi\u00e9n se puede utilizar en la posici\u00f3n del puente, alambrado: 4 conductores, im\u00e1n: cer\u00e1mica, espaciado est\u00e1ndar, resistencia: 11.53 kilo-ohms, voz expresiva, intensa, intr\u00e9pida, cremosa, hermosa, pura, sin obst\u00e1culos y adictivamente poderosa, mayor sensibilidad al ataque de p\u00faa y un rango m\u00e1s din\u00e1mico en general, interesante combinaci\u00f3n de agudos m\u00e1s c\u00e1lidos y medios m\u00e1s abiertos para combinas enfoques cl\u00e1sicos y modernos.\" \/>\n<meta name=\"robots\" content=\"index, follow, max-snippet:-1, max-image-preview:large, max-video-preview:-1\" \/>\n<link rel=\"canonical\" href=\"https:\/\/www.mexicanguitarplayers.com\/en\/tienda\/accesorios\/para-guitarras\/pastillas-para-guitarra-electrica\/pastilla-dimarzio-7-cuerdas-p-brazo-rainmaker-7\/\" \/>\n<meta property=\"og:locale\" content=\"en_US\" \/>\n<meta property=\"og:type\" content=\"article\" \/>\n<meta property=\"og:title\" content=\"PASTILLA DIMARZIO 7 CUERDAS P\/BRAZO RAINMAKER 7 - Mexican Guitar Players\" \/>\n<meta property=\"og:description\" content=\"PASTILLA DIMARZIO 7 CUERDAS P\/BRAZO RAINMAKER 7. Pastilla humbucker para guitarra el\u00e9ctrica de 7 cuerdas, modelo Rainmaker, posici\u00f3n: brazo en guitarras s\u00f3lidas y semis\u00f3lidas, pero tambi\u00e9n se puede utilizar en la posici\u00f3n del puente, alambrado: 4 conductores, im\u00e1n: cer\u00e1mica, espaciado est\u00e1ndar, resistencia: 11.53 kilo-ohms, voz expresiva, intensa, intr\u00e9pida, cremosa, hermosa, pura, sin obst\u00e1culos y adictivamente poderosa, mayor sensibilidad al ataque de p\u00faa y un rango m\u00e1s din\u00e1mico en general, interesante combinaci\u00f3n de agudos m\u00e1s c\u00e1lidos y medios m\u00e1s abiertos para combinas enfoques cl\u00e1sicos y modernos.\" \/>\n<meta property=\"og:url\" content=\"https:\/\/www.mexicanguitarplayers.com\/en\/tienda\/accesorios\/para-guitarras\/pastillas-para-guitarra-electrica\/pastilla-dimarzio-7-cuerdas-p-brazo-rainmaker-7\/\" \/>\n<meta property=\"og:site_name\" content=\"Mexican Guitar Players\" \/>\n<meta property=\"article:modified_time\" content=\"2026-04-10T11:18:49+00:00\" \/>\n<meta property=\"og:image\" content=\"https:\/\/www.mexicanguitarplayers.com\/wp-content\/uploads\/2022\/08\/RADIMDP723.jpg\" \/>\n\t<meta property=\"og:image:width\" content=\"1200\" \/>\n\t<meta property=\"og:image:height\" content=\"1200\" \/>\n\t<meta property=\"og:image:type\" content=\"image\/jpeg\" \/>\n<meta name=\"twitter:card\" content=\"summary_large_image\" \/>\n<meta name=\"twitter:label1\" content=\"Est. reading time\" \/>\n\t<meta name=\"twitter:data1\" content=\"1 minute\" \/>\n<script type=\"application\/ld+json\" class=\"yoast-schema-graph\">{\"@context\":\"https:\\\/\\\/schema.org\",\"@graph\":[{\"@type\":[\"WebPage\",\"ItemPage\"],\"@id\":\"https:\\\/\\\/www.mexicanguitarplayers.com\\\/tienda\\\/accesorios\\\/para-guitarras\\\/pastillas-para-guitarra-electrica\\\/pastilla-dimarzio-7-cuerdas-p-brazo-rainmaker-7\\\/\",\"url\":\"https:\\\/\\\/www.mexicanguitarplayers.com\\\/tienda\\\/accesorios\\\/para-guitarras\\\/pastillas-para-guitarra-electrica\\\/pastilla-dimarzio-7-cuerdas-p-brazo-rainmaker-7\\\/\",\"name\":\"PASTILLA DIMARZIO 7 CUERDAS P\\\/BRAZO RAINMAKER 7 - Mexican Guitar Players\",\"isPartOf\":{\"@id\":\"https:\\\/\\\/www.mexicanguitarplayers.com\\\/#website\"},\"primaryImageOfPage\":{\"@id\":\"https:\\\/\\\/www.mexicanguitarplayers.com\\\/tienda\\\/accesorios\\\/para-guitarras\\\/pastillas-para-guitarra-electrica\\\/pastilla-dimarzio-7-cuerdas-p-brazo-rainmaker-7\\\/#primaryimage\"},\"image\":{\"@id\":\"https:\\\/\\\/www.mexicanguitarplayers.com\\\/tienda\\\/accesorios\\\/para-guitarras\\\/pastillas-para-guitarra-electrica\\\/pastilla-dimarzio-7-cuerdas-p-brazo-rainmaker-7\\\/#primaryimage\"},\"thumbnailUrl\":\"https:\\\/\\\/www.mexicanguitarplayers.com\\\/wp-content\\\/uploads\\\/2022\\\/08\\\/RADIMDP723.jpg\",\"datePublished\":\"2022-08-18T07:09:37+00:00\",\"dateModified\":\"2026-04-10T11:18:49+00:00\",\"description\":\"PASTILLA DIMARZIO 7 CUERDAS P\\\/BRAZO RAINMAKER 7. Pastilla humbucker para guitarra el\u00e9ctrica de 7 cuerdas, modelo Rainmaker, posici\u00f3n: brazo en guitarras s\u00f3lidas y semis\u00f3lidas, pero tambi\u00e9n se puede utilizar en la posici\u00f3n del puente, alambrado: 4 conductores, im\u00e1n: cer\u00e1mica, espaciado est\u00e1ndar, resistencia: 11.53 kilo-ohms, voz expresiva, intensa, intr\u00e9pida, cremosa, hermosa, pura, sin obst\u00e1culos y adictivamente poderosa, mayor sensibilidad al ataque de p\u00faa y un rango m\u00e1s din\u00e1mico en general, interesante combinaci\u00f3n de agudos m\u00e1s c\u00e1lidos y medios m\u00e1s abiertos para combinas enfoques cl\u00e1sicos y modernos.\",\"breadcrumb\":{\"@id\":\"https:\\\/\\\/www.mexicanguitarplayers.com\\\/tienda\\\/accesorios\\\/para-guitarras\\\/pastillas-para-guitarra-electrica\\\/pastilla-dimarzio-7-cuerdas-p-brazo-rainmaker-7\\\/#breadcrumb\"},\"inLanguage\":\"en-US\",\"potentialAction\":[{\"@type\":\"ReadAction\",\"target\":[\"https:\\\/\\\/www.mexicanguitarplayers.com\\\/tienda\\\/accesorios\\\/para-guitarras\\\/pastillas-para-guitarra-electrica\\\/pastilla-dimarzio-7-cuerdas-p-brazo-rainmaker-7\\\/\"]}]},{\"@type\":\"ImageObject\",\"inLanguage\":\"en-US\",\"@id\":\"https:\\\/\\\/www.mexicanguitarplayers.com\\\/tienda\\\/accesorios\\\/para-guitarras\\\/pastillas-para-guitarra-electrica\\\/pastilla-dimarzio-7-cuerdas-p-brazo-rainmaker-7\\\/#primaryimage\",\"url\":\"https:\\\/\\\/www.mexicanguitarplayers.com\\\/wp-content\\\/uploads\\\/2022\\\/08\\\/RADIMDP723.jpg\",\"contentUrl\":\"https:\\\/\\\/www.mexicanguitarplayers.com\\\/wp-content\\\/uploads\\\/2022\\\/08\\\/RADIMDP723.jpg\",\"width\":1200,\"height\":1200},{\"@type\":\"BreadcrumbList\",\"@id\":\"https:\\\/\\\/www.mexicanguitarplayers.com\\\/tienda\\\/accesorios\\\/para-guitarras\\\/pastillas-para-guitarra-electrica\\\/pastilla-dimarzio-7-cuerdas-p-brazo-rainmaker-7\\\/#breadcrumb\",\"itemListElement\":[{\"@type\":\"ListItem\",\"position\":1,\"name\":\"Portada\",\"item\":\"https:\\\/\\\/www.mexicanguitarplayers.com\\\/\"},{\"@type\":\"ListItem\",\"position\":2,\"name\":\"Tienda\",\"item\":\"https:\\\/\\\/www.mexicanguitarplayers.com\\\/tienda\\\/\"},{\"@type\":\"ListItem\",\"position\":3,\"name\":\"PASTILLA DIMARZIO 7 CUERDAS P\\\/BRAZO RAINMAKER 7\"}]},{\"@type\":\"WebSite\",\"@id\":\"https:\\\/\\\/www.mexicanguitarplayers.com\\\/#website\",\"url\":\"https:\\\/\\\/www.mexicanguitarplayers.com\\\/\",\"name\":\"Mexican Guitar Players\",\"description\":\"Website\",\"publisher\":{\"@id\":\"https:\\\/\\\/www.mexicanguitarplayers.com\\\/#organization\"},\"potentialAction\":[{\"@type\":\"SearchAction\",\"target\":{\"@type\":\"EntryPoint\",\"urlTemplate\":\"https:\\\/\\\/www.mexicanguitarplayers.com\\\/?s={search_term_string}\"},\"query-input\":{\"@type\":\"PropertyValueSpecification\",\"valueRequired\":true,\"valueName\":\"search_term_string\"}}],\"inLanguage\":\"en-US\"},{\"@type\":\"Organization\",\"@id\":\"https:\\\/\\\/www.mexicanguitarplayers.com\\\/#organization\",\"name\":\"Mexican Guitar Players\",\"url\":\"https:\\\/\\\/www.mexicanguitarplayers.com\\\/\",\"logo\":{\"@type\":\"ImageObject\",\"inLanguage\":\"en-US\",\"@id\":\"https:\\\/\\\/www.mexicanguitarplayers.com\\\/#\\\/schema\\\/logo\\\/image\\\/\",\"url\":\"\",\"contentUrl\":\"\",\"caption\":\"Mexican Guitar Players\"},\"image\":{\"@id\":\"https:\\\/\\\/www.mexicanguitarplayers.com\\\/#\\\/schema\\\/logo\\\/image\\\/\"}}]}<\/script>\n<!-- \/ Yoast SEO plugin. -->","yoast_head_json":{"title":"PASTILLA DIMARZIO 7 CUERDAS P\/BRAZO RAINMAKER 7 - Mexican Guitar Players","description":"PASTILLA DIMARZIO 7 CUERDAS P\/BRAZO RAINMAKER 7. Pastilla humbucker para guitarra el\u00e9ctrica de 7 cuerdas, modelo Rainmaker, posici\u00f3n: brazo en guitarras s\u00f3lidas y semis\u00f3lidas, pero tambi\u00e9n se puede utilizar en la posici\u00f3n del puente, alambrado: 4 conductores, im\u00e1n: cer\u00e1mica, espaciado est\u00e1ndar, resistencia: 11.53 kilo-ohms, voz expresiva, intensa, intr\u00e9pida, cremosa, hermosa, pura, sin obst\u00e1culos y adictivamente poderosa, mayor sensibilidad al ataque de p\u00faa y un rango m\u00e1s din\u00e1mico en general, interesante combinaci\u00f3n de agudos m\u00e1s c\u00e1lidos y medios m\u00e1s abiertos para combinas enfoques cl\u00e1sicos y modernos.","robots":{"index":"index","follow":"follow","max-snippet":"max-snippet:-1","max-image-preview":"max-image-preview:large","max-video-preview":"max-video-preview:-1"},"canonical":"https:\/\/www.mexicanguitarplayers.com\/en\/tienda\/accesorios\/para-guitarras\/pastillas-para-guitarra-electrica\/pastilla-dimarzio-7-cuerdas-p-brazo-rainmaker-7\/","og_locale":"en_US","og_type":"article","og_title":"PASTILLA DIMARZIO 7 CUERDAS P\/BRAZO RAINMAKER 7 - Mexican Guitar Players","og_description":"PASTILLA DIMARZIO 7 CUERDAS P\/BRAZO RAINMAKER 7. Pastilla humbucker para guitarra el\u00e9ctrica de 7 cuerdas, modelo Rainmaker, posici\u00f3n: brazo en guitarras s\u00f3lidas y semis\u00f3lidas, pero tambi\u00e9n se puede utilizar en la posici\u00f3n del puente, alambrado: 4 conductores, im\u00e1n: cer\u00e1mica, espaciado est\u00e1ndar, resistencia: 11.53 kilo-ohms, voz expresiva, intensa, intr\u00e9pida, cremosa, hermosa, pura, sin obst\u00e1culos y adictivamente poderosa, mayor sensibilidad al ataque de p\u00faa y un rango m\u00e1s din\u00e1mico en general, interesante combinaci\u00f3n de agudos m\u00e1s c\u00e1lidos y medios m\u00e1s abiertos para combinas enfoques cl\u00e1sicos y modernos.","og_url":"https:\/\/www.mexicanguitarplayers.com\/en\/tienda\/accesorios\/para-guitarras\/pastillas-para-guitarra-electrica\/pastilla-dimarzio-7-cuerdas-p-brazo-rainmaker-7\/","og_site_name":"Mexican Guitar Players","article_modified_time":"2026-04-10T11:18:49+00:00","og_image":[{"width":1200,"height":1200,"url":"https:\/\/www.mexicanguitarplayers.com\/wp-content\/uploads\/2022\/08\/RADIMDP723.jpg","type":"image\/jpeg"}],"twitter_card":"summary_large_image","twitter_misc":{"Est. reading time":"1 minute"},"schema":{"@context":"https:\/\/schema.org","@graph":[{"@type":["WebPage","ItemPage"],"@id":"https:\/\/www.mexicanguitarplayers.com\/tienda\/accesorios\/para-guitarras\/pastillas-para-guitarra-electrica\/pastilla-dimarzio-7-cuerdas-p-brazo-rainmaker-7\/","url":"https:\/\/www.mexicanguitarplayers.com\/tienda\/accesorios\/para-guitarras\/pastillas-para-guitarra-electrica\/pastilla-dimarzio-7-cuerdas-p-brazo-rainmaker-7\/","name":"PASTILLA DIMARZIO 7 CUERDAS P\/BRAZO RAINMAKER 7 - Mexican Guitar Players","isPartOf":{"@id":"https:\/\/www.mexicanguitarplayers.com\/#website"},"primaryImageOfPage":{"@id":"https:\/\/www.mexicanguitarplayers.com\/tienda\/accesorios\/para-guitarras\/pastillas-para-guitarra-electrica\/pastilla-dimarzio-7-cuerdas-p-brazo-rainmaker-7\/#primaryimage"},"image":{"@id":"https:\/\/www.mexicanguitarplayers.com\/tienda\/accesorios\/para-guitarras\/pastillas-para-guitarra-electrica\/pastilla-dimarzio-7-cuerdas-p-brazo-rainmaker-7\/#primaryimage"},"thumbnailUrl":"https:\/\/www.mexicanguitarplayers.com\/wp-content\/uploads\/2022\/08\/RADIMDP723.jpg","datePublished":"2022-08-18T07:09:37+00:00","dateModified":"2026-04-10T11:18:49+00:00","description":"PASTILLA DIMARZIO 7 CUERDAS P\/BRAZO RAINMAKER 7. Pastilla humbucker para guitarra el\u00e9ctrica de 7 cuerdas, modelo Rainmaker, posici\u00f3n: brazo en guitarras s\u00f3lidas y semis\u00f3lidas, pero tambi\u00e9n se puede utilizar en la posici\u00f3n del puente, alambrado: 4 conductores, im\u00e1n: cer\u00e1mica, espaciado est\u00e1ndar, resistencia: 11.53 kilo-ohms, voz expresiva, intensa, intr\u00e9pida, cremosa, hermosa, pura, sin obst\u00e1culos y adictivamente poderosa, mayor sensibilidad al ataque de p\u00faa y un rango m\u00e1s din\u00e1mico en general, interesante combinaci\u00f3n de agudos m\u00e1s c\u00e1lidos y medios m\u00e1s abiertos para combinas enfoques cl\u00e1sicos y modernos.","breadcrumb":{"@id":"https:\/\/www.mexicanguitarplayers.com\/tienda\/accesorios\/para-guitarras\/pastillas-para-guitarra-electrica\/pastilla-dimarzio-7-cuerdas-p-brazo-rainmaker-7\/#breadcrumb"},"inLanguage":"en-US","potentialAction":[{"@type":"ReadAction","target":["https:\/\/www.mexicanguitarplayers.com\/tienda\/accesorios\/para-guitarras\/pastillas-para-guitarra-electrica\/pastilla-dimarzio-7-cuerdas-p-brazo-rainmaker-7\/"]}]},{"@type":"ImageObject","inLanguage":"en-US","@id":"https:\/\/www.mexicanguitarplayers.com\/tienda\/accesorios\/para-guitarras\/pastillas-para-guitarra-electrica\/pastilla-dimarzio-7-cuerdas-p-brazo-rainmaker-7\/#primaryimage","url":"https:\/\/www.mexicanguitarplayers.com\/wp-content\/uploads\/2022\/08\/RADIMDP723.jpg","contentUrl":"https:\/\/www.mexicanguitarplayers.com\/wp-content\/uploads\/2022\/08\/RADIMDP723.jpg","width":1200,"height":1200},{"@type":"BreadcrumbList","@id":"https:\/\/www.mexicanguitarplayers.com\/tienda\/accesorios\/para-guitarras\/pastillas-para-guitarra-electrica\/pastilla-dimarzio-7-cuerdas-p-brazo-rainmaker-7\/#breadcrumb","itemListElement":[{"@type":"ListItem","position":1,"name":"Portada","item":"https:\/\/www.mexicanguitarplayers.com\/"},{"@type":"ListItem","position":2,"name":"Tienda","item":"https:\/\/www.mexicanguitarplayers.com\/tienda\/"},{"@type":"ListItem","position":3,"name":"PASTILLA DIMARZIO 7 CUERDAS P\/BRAZO RAINMAKER 7"}]},{"@type":"WebSite","@id":"https:\/\/www.mexicanguitarplayers.com\/#website","url":"https:\/\/www.mexicanguitarplayers.com\/","name":"Mexican Guitar Players","description":"Website","publisher":{"@id":"https:\/\/www.mexicanguitarplayers.com\/#organization"},"potentialAction":[{"@type":"SearchAction","target":{"@type":"EntryPoint","urlTemplate":"https:\/\/www.mexicanguitarplayers.com\/?s={search_term_string}"},"query-input":{"@type":"PropertyValueSpecification","valueRequired":true,"valueName":"search_term_string"}}],"inLanguage":"en-US"},{"@type":"Organization","@id":"https:\/\/www.mexicanguitarplayers.com\/#organization","name":"Mexican Guitar Players","url":"https:\/\/www.mexicanguitarplayers.com\/","logo":{"@type":"ImageObject","inLanguage":"en-US","@id":"https:\/\/www.mexicanguitarplayers.com\/#\/schema\/logo\/image\/","url":"","contentUrl":"","caption":"Mexican Guitar Players"},"image":{"@id":"https:\/\/www.mexicanguitarplayers.com\/#\/schema\/logo\/image\/"}}]}},"brands":[{"id":355,"name":"DIMARZIO","slug":"dimarzio"}],"_links":{"self":[{"href":"https:\/\/www.mexicanguitarplayers.com\/en\/wp-json\/wp\/v2\/product\/11360","targetHints":{"allow":["GET"]}}],"collection":[{"href":"https:\/\/www.mexicanguitarplayers.com\/en\/wp-json\/wp\/v2\/product"}],"about":[{"href":"https:\/\/www.mexicanguitarplayers.com\/en\/wp-json\/wp\/v2\/types\/product"}],"replies":[{"embeddable":true,"href":"https:\/\/www.mexicanguitarplayers.com\/en\/wp-json\/wp\/v2\/comments?post=11360"}],"wp:featuredmedia":[{"embeddable":true,"href":"https:\/\/www.mexicanguitarplayers.com\/en\/wp-json\/wp\/v2\/media\/11356"}],"wp:attachment":[{"href":"https:\/\/www.mexicanguitarplayers.com\/en\/wp-json\/wp\/v2\/media?parent=11360"}],"wp:term":[{"taxonomy":"pwb-brand","embeddable":true,"href":"https:\/\/www.mexicanguitarplayers.com\/en\/wp-json\/wp\/v2\/pwb-brand?post=11360"},{"taxonomy":"product_brand","embeddable":true,"href":"https:\/\/www.mexicanguitarplayers.com\/en\/wp-json\/wp\/v2\/product_brand?post=11360"},{"taxonomy":"product_cat","embeddable":true,"href":"https:\/\/www.mexicanguitarplayers.com\/en\/wp-json\/wp\/v2\/product_cat?post=11360"},{"taxonomy":"product_tag","embeddable":true,"href":"https:\/\/www.mexicanguitarplayers.com\/en\/wp-json\/wp\/v2\/product_tag?post=11360"}],"curies":[{"name":"wp","href":"https:\/\/api.w.org\/{rel}","templated":true}]}}