{"id":11427,"date":"2022-08-18T02:11:27","date_gmt":"2022-08-18T07:11:27","guid":{"rendered":"https:\/\/www.mexicanguitarplayers.com\/tienda\/sin%20categor\u00eda\/cable-dimarzio-p-parcheo-mod-ep17j12\/"},"modified":"2026-01-17T07:18:48","modified_gmt":"2026-01-17T13:18:48","slug":"cable-dimarzio-p-parcheo-mod-ep17j12","status":"publish","type":"product","link":"https:\/\/www.mexicanguitarplayers.com\/en\/tienda\/audio\/cables\/cables-armados\/cables-de-parcheo\/cable-dimarzio-p-parcheo-mod-ep17j12\/","title":{"rendered":"DIMARZIO CABLE FOR PATCHING MOD. EP17J12"},"content":{"rendered":"<div style=\"text-align: justify\">\n<div>\n<h3>DIMARZIO CABLE FOR PATCHING MOD. EP17J12<\/h3>\n<\/div>\n<div>Patch cable, 12\u201d inches, woven nylon cable made in the USA, maximum signal transmission, minimum high frequency loss, angled connectors encapsulated in a thermoplastic resin that permanently joins the plug to the cable, AWG20 gauge, polyethylene inner insulation with PVC exterior, braided copper shield and 98% PVC conductor, PVC and woven nylon exterior, termination method: silver solder. Product dimensions: 19 x 16 x 2 cm Weight: 0.05 Kg.<\/div>\n<\/div>","protected":false},"excerpt":{"rendered":"<p>Cable para parcheo, 12\u201d pulgadas, cable de nylon tejido fabricado en USA, m\u00e1xima transmisi\u00f3n de la se\u00f1al, m\u00ednima p\u00e9rdida de alta frecuencia, conectores angulados encapsulados en una resina termopl\u00e1stica que une permanentemente el plug al cable, calibre AWG20, aislamiento interior de polietileno con exterior de PVC, blindaje de cobre trenzado y conductor PVC 98%, exterior de PVC y nylon tejido, m\u00e9todo de terminaci\u00f3n: soldadura de plata. Dimensiones del producto: 19 x 16 x 2 cm Peso: 0.05 Kg.&hellip; <a class=\"kt-excerpt-readmore more-link\" href=\"https:\/\/www.mexicanguitarplayers.com\/en\/tienda\/audio\/cables\/cables-armados\/cables-de-parcheo\/cable-dimarzio-p-parcheo-mod-ep17j12\/\">Read more<\/a><\/p>","protected":false},"featured_media":11426,"comment_status":"open","ping_status":"closed","template":"","meta":{"kt_blocks_editor_width":""},"pwb-brand":[355],"product_brand":[],"product_cat":[213,358,359,361],"product_tag":[],"class_list":{"0":"post-11427","1":"product","2":"type-product","3":"status-publish","4":"has-post-thumbnail","6":"pwb-brand-dimarzio","7":"product_cat-audio","8":"product_cat-cables","9":"product_cat-cables-armados","10":"product_cat-cables-de-parcheo","11":"product_shipping_class-0-5-kg","13":"first","14":"instock","15":"taxable","16":"shipping-taxable","17":"purchasable","18":"product-type-simple"},"yoast_head":"<!-- This site is optimized with the Yoast SEO plugin v27.3 - https:\/\/yoast.com\/product\/yoast-seo-wordpress\/ -->\n<title>CABLE DIMARZIO P\/PARCHEO MOD. EP17J12 - Mexican Guitar Players<\/title>\n<meta name=\"description\" content=\"CABLE DIMARZIO P\/PARCHEO MOD. EP17J12. Cable para parcheo, 12\u201d pulgadas, cable de nylon tejido fabricado en USA, m\u00e1xima transmisi\u00f3n de la se\u00f1al, m\u00ednima p\u00e9rdida de alta frecuencia, conectores angulados encapsulados en una resina termopl\u00e1stica que une permanentemente el plug al cable, calibre AWG20, aislamiento interior de polietileno con exterior de PVC, blindaje de cobre trenzado y conductor PVC 98%, exterior de PVC y nylon tejido, m\u00e9todo de terminaci\u00f3n: soldadura de plata. Dimensiones del producto: 19 x 16 x 2 cm Peso: 0.05 Kg.\" \/>\n<meta name=\"robots\" content=\"index, follow, max-snippet:-1, max-image-preview:large, max-video-preview:-1\" \/>\n<link rel=\"canonical\" href=\"https:\/\/www.mexicanguitarplayers.com\/en\/tienda\/audio\/cables\/cables-armados\/cables-de-parcheo\/cable-dimarzio-p-parcheo-mod-ep17j12\/\" \/>\n<meta property=\"og:locale\" content=\"en_US\" \/>\n<meta property=\"og:type\" content=\"article\" \/>\n<meta property=\"og:title\" content=\"CABLE DIMARZIO P\/PARCHEO MOD. EP17J12 - Mexican Guitar Players\" \/>\n<meta property=\"og:description\" content=\"CABLE DIMARZIO P\/PARCHEO MOD. EP17J12. Cable para parcheo, 12\u201d pulgadas, cable de nylon tejido fabricado en USA, m\u00e1xima transmisi\u00f3n de la se\u00f1al, m\u00ednima p\u00e9rdida de alta frecuencia, conectores angulados encapsulados en una resina termopl\u00e1stica que une permanentemente el plug al cable, calibre AWG20, aislamiento interior de polietileno con exterior de PVC, blindaje de cobre trenzado y conductor PVC 98%, exterior de PVC y nylon tejido, m\u00e9todo de terminaci\u00f3n: soldadura de plata. Dimensiones del producto: 19 x 16 x 2 cm Peso: 0.05 Kg.\" \/>\n<meta property=\"og:url\" content=\"https:\/\/www.mexicanguitarplayers.com\/en\/tienda\/audio\/cables\/cables-armados\/cables-de-parcheo\/cable-dimarzio-p-parcheo-mod-ep17j12\/\" \/>\n<meta property=\"og:site_name\" content=\"Mexican Guitar Players\" \/>\n<meta property=\"article:modified_time\" content=\"2026-01-17T13:18:48+00:00\" \/>\n<meta property=\"og:image\" content=\"https:\/\/www.mexicanguitarplayers.com\/wp-content\/uploads\/2022\/08\/RADIMEP17J12.jpg\" \/>\n\t<meta property=\"og:image:width\" content=\"800\" \/>\n\t<meta property=\"og:image:height\" content=\"1600\" \/>\n\t<meta property=\"og:image:type\" content=\"image\/jpeg\" \/>\n<meta name=\"twitter:card\" content=\"summary_large_image\" \/>\n<script type=\"application\/ld+json\" class=\"yoast-schema-graph\">{\"@context\":\"https:\\\/\\\/schema.org\",\"@graph\":[{\"@type\":[\"WebPage\",\"ItemPage\"],\"@id\":\"https:\\\/\\\/www.mexicanguitarplayers.com\\\/tienda\\\/audio\\\/cables\\\/cables-armados\\\/cables-de-parcheo\\\/cable-dimarzio-p-parcheo-mod-ep17j12\\\/\",\"url\":\"https:\\\/\\\/www.mexicanguitarplayers.com\\\/tienda\\\/audio\\\/cables\\\/cables-armados\\\/cables-de-parcheo\\\/cable-dimarzio-p-parcheo-mod-ep17j12\\\/\",\"name\":\"CABLE DIMARZIO P\\\/PARCHEO MOD. EP17J12 - Mexican Guitar Players\",\"isPartOf\":{\"@id\":\"https:\\\/\\\/www.mexicanguitarplayers.com\\\/#website\"},\"primaryImageOfPage\":{\"@id\":\"https:\\\/\\\/www.mexicanguitarplayers.com\\\/tienda\\\/audio\\\/cables\\\/cables-armados\\\/cables-de-parcheo\\\/cable-dimarzio-p-parcheo-mod-ep17j12\\\/#primaryimage\"},\"image\":{\"@id\":\"https:\\\/\\\/www.mexicanguitarplayers.com\\\/tienda\\\/audio\\\/cables\\\/cables-armados\\\/cables-de-parcheo\\\/cable-dimarzio-p-parcheo-mod-ep17j12\\\/#primaryimage\"},\"thumbnailUrl\":\"https:\\\/\\\/www.mexicanguitarplayers.com\\\/wp-content\\\/uploads\\\/2022\\\/08\\\/RADIMEP17J12.jpg\",\"datePublished\":\"2022-08-18T07:11:27+00:00\",\"dateModified\":\"2026-01-17T13:18:48+00:00\",\"description\":\"CABLE DIMARZIO P\\\/PARCHEO MOD. EP17J12. Cable para parcheo, 12\u201d pulgadas, cable de nylon tejido fabricado en USA, m\u00e1xima transmisi\u00f3n de la se\u00f1al, m\u00ednima p\u00e9rdida de alta frecuencia, conectores angulados encapsulados en una resina termopl\u00e1stica que une permanentemente el plug al cable, calibre AWG20, aislamiento interior de polietileno con exterior de PVC, blindaje de cobre trenzado y conductor PVC 98%, exterior de PVC y nylon tejido, m\u00e9todo de terminaci\u00f3n: soldadura de plata. Dimensiones del producto: 19 x 16 x 2 cm Peso: 0.05 Kg.\",\"breadcrumb\":{\"@id\":\"https:\\\/\\\/www.mexicanguitarplayers.com\\\/tienda\\\/audio\\\/cables\\\/cables-armados\\\/cables-de-parcheo\\\/cable-dimarzio-p-parcheo-mod-ep17j12\\\/#breadcrumb\"},\"inLanguage\":\"en-US\",\"potentialAction\":[{\"@type\":\"ReadAction\",\"target\":[\"https:\\\/\\\/www.mexicanguitarplayers.com\\\/tienda\\\/audio\\\/cables\\\/cables-armados\\\/cables-de-parcheo\\\/cable-dimarzio-p-parcheo-mod-ep17j12\\\/\"]}]},{\"@type\":\"ImageObject\",\"inLanguage\":\"en-US\",\"@id\":\"https:\\\/\\\/www.mexicanguitarplayers.com\\\/tienda\\\/audio\\\/cables\\\/cables-armados\\\/cables-de-parcheo\\\/cable-dimarzio-p-parcheo-mod-ep17j12\\\/#primaryimage\",\"url\":\"https:\\\/\\\/www.mexicanguitarplayers.com\\\/wp-content\\\/uploads\\\/2022\\\/08\\\/RADIMEP17J12.jpg\",\"contentUrl\":\"https:\\\/\\\/www.mexicanguitarplayers.com\\\/wp-content\\\/uploads\\\/2022\\\/08\\\/RADIMEP17J12.jpg\",\"width\":800,\"height\":1600},{\"@type\":\"BreadcrumbList\",\"@id\":\"https:\\\/\\\/www.mexicanguitarplayers.com\\\/tienda\\\/audio\\\/cables\\\/cables-armados\\\/cables-de-parcheo\\\/cable-dimarzio-p-parcheo-mod-ep17j12\\\/#breadcrumb\",\"itemListElement\":[{\"@type\":\"ListItem\",\"position\":1,\"name\":\"Portada\",\"item\":\"https:\\\/\\\/www.mexicanguitarplayers.com\\\/\"},{\"@type\":\"ListItem\",\"position\":2,\"name\":\"Tienda\",\"item\":\"https:\\\/\\\/www.mexicanguitarplayers.com\\\/tienda\\\/\"},{\"@type\":\"ListItem\",\"position\":3,\"name\":\"CABLE DIMARZIO P\\\/PARCHEO MOD. EP17J12\"}]},{\"@type\":\"WebSite\",\"@id\":\"https:\\\/\\\/www.mexicanguitarplayers.com\\\/#website\",\"url\":\"https:\\\/\\\/www.mexicanguitarplayers.com\\\/\",\"name\":\"Mexican Guitar Players\",\"description\":\"Website\",\"publisher\":{\"@id\":\"https:\\\/\\\/www.mexicanguitarplayers.com\\\/#organization\"},\"potentialAction\":[{\"@type\":\"SearchAction\",\"target\":{\"@type\":\"EntryPoint\",\"urlTemplate\":\"https:\\\/\\\/www.mexicanguitarplayers.com\\\/?s={search_term_string}\"},\"query-input\":{\"@type\":\"PropertyValueSpecification\",\"valueRequired\":true,\"valueName\":\"search_term_string\"}}],\"inLanguage\":\"en-US\"},{\"@type\":\"Organization\",\"@id\":\"https:\\\/\\\/www.mexicanguitarplayers.com\\\/#organization\",\"name\":\"Mexican Guitar Players\",\"url\":\"https:\\\/\\\/www.mexicanguitarplayers.com\\\/\",\"logo\":{\"@type\":\"ImageObject\",\"inLanguage\":\"en-US\",\"@id\":\"https:\\\/\\\/www.mexicanguitarplayers.com\\\/#\\\/schema\\\/logo\\\/image\\\/\",\"url\":\"\",\"contentUrl\":\"\",\"caption\":\"Mexican Guitar Players\"},\"image\":{\"@id\":\"https:\\\/\\\/www.mexicanguitarplayers.com\\\/#\\\/schema\\\/logo\\\/image\\\/\"}}]}<\/script>\n<!-- \/ Yoast SEO plugin. -->","yoast_head_json":{"title":"CABLE DIMARZIO P\/PARCHEO MOD. EP17J12 - Mexican Guitar Players","description":"CABLE DIMARZIO P\/PARCHEO MOD. EP17J12. Cable para parcheo, 12\u201d pulgadas, cable de nylon tejido fabricado en USA, m\u00e1xima transmisi\u00f3n de la se\u00f1al, m\u00ednima p\u00e9rdida de alta frecuencia, conectores angulados encapsulados en una resina termopl\u00e1stica que une permanentemente el plug al cable, calibre AWG20, aislamiento interior de polietileno con exterior de PVC, blindaje de cobre trenzado y conductor PVC 98%, exterior de PVC y nylon tejido, m\u00e9todo de terminaci\u00f3n: soldadura de plata. Dimensiones del producto: 19 x 16 x 2 cm Peso: 0.05 Kg.","robots":{"index":"index","follow":"follow","max-snippet":"max-snippet:-1","max-image-preview":"max-image-preview:large","max-video-preview":"max-video-preview:-1"},"canonical":"https:\/\/www.mexicanguitarplayers.com\/en\/tienda\/audio\/cables\/cables-armados\/cables-de-parcheo\/cable-dimarzio-p-parcheo-mod-ep17j12\/","og_locale":"en_US","og_type":"article","og_title":"CABLE DIMARZIO P\/PARCHEO MOD. EP17J12 - Mexican Guitar Players","og_description":"CABLE DIMARZIO P\/PARCHEO MOD. EP17J12. Cable para parcheo, 12\u201d pulgadas, cable de nylon tejido fabricado en USA, m\u00e1xima transmisi\u00f3n de la se\u00f1al, m\u00ednima p\u00e9rdida de alta frecuencia, conectores angulados encapsulados en una resina termopl\u00e1stica que une permanentemente el plug al cable, calibre AWG20, aislamiento interior de polietileno con exterior de PVC, blindaje de cobre trenzado y conductor PVC 98%, exterior de PVC y nylon tejido, m\u00e9todo de terminaci\u00f3n: soldadura de plata. Dimensiones del producto: 19 x 16 x 2 cm Peso: 0.05 Kg.","og_url":"https:\/\/www.mexicanguitarplayers.com\/en\/tienda\/audio\/cables\/cables-armados\/cables-de-parcheo\/cable-dimarzio-p-parcheo-mod-ep17j12\/","og_site_name":"Mexican Guitar Players","article_modified_time":"2026-01-17T13:18:48+00:00","og_image":[{"width":800,"height":1600,"url":"https:\/\/www.mexicanguitarplayers.com\/wp-content\/uploads\/2022\/08\/RADIMEP17J12.jpg","type":"image\/jpeg"}],"twitter_card":"summary_large_image","schema":{"@context":"https:\/\/schema.org","@graph":[{"@type":["WebPage","ItemPage"],"@id":"https:\/\/www.mexicanguitarplayers.com\/tienda\/audio\/cables\/cables-armados\/cables-de-parcheo\/cable-dimarzio-p-parcheo-mod-ep17j12\/","url":"https:\/\/www.mexicanguitarplayers.com\/tienda\/audio\/cables\/cables-armados\/cables-de-parcheo\/cable-dimarzio-p-parcheo-mod-ep17j12\/","name":"CABLE DIMARZIO P\/PARCHEO MOD. EP17J12 - Mexican Guitar Players","isPartOf":{"@id":"https:\/\/www.mexicanguitarplayers.com\/#website"},"primaryImageOfPage":{"@id":"https:\/\/www.mexicanguitarplayers.com\/tienda\/audio\/cables\/cables-armados\/cables-de-parcheo\/cable-dimarzio-p-parcheo-mod-ep17j12\/#primaryimage"},"image":{"@id":"https:\/\/www.mexicanguitarplayers.com\/tienda\/audio\/cables\/cables-armados\/cables-de-parcheo\/cable-dimarzio-p-parcheo-mod-ep17j12\/#primaryimage"},"thumbnailUrl":"https:\/\/www.mexicanguitarplayers.com\/wp-content\/uploads\/2022\/08\/RADIMEP17J12.jpg","datePublished":"2022-08-18T07:11:27+00:00","dateModified":"2026-01-17T13:18:48+00:00","description":"CABLE DIMARZIO P\/PARCHEO MOD. EP17J12. Cable para parcheo, 12\u201d pulgadas, cable de nylon tejido fabricado en USA, m\u00e1xima transmisi\u00f3n de la se\u00f1al, m\u00ednima p\u00e9rdida de alta frecuencia, conectores angulados encapsulados en una resina termopl\u00e1stica que une permanentemente el plug al cable, calibre AWG20, aislamiento interior de polietileno con exterior de PVC, blindaje de cobre trenzado y conductor PVC 98%, exterior de PVC y nylon tejido, m\u00e9todo de terminaci\u00f3n: soldadura de plata. Dimensiones del producto: 19 x 16 x 2 cm Peso: 0.05 Kg.","breadcrumb":{"@id":"https:\/\/www.mexicanguitarplayers.com\/tienda\/audio\/cables\/cables-armados\/cables-de-parcheo\/cable-dimarzio-p-parcheo-mod-ep17j12\/#breadcrumb"},"inLanguage":"en-US","potentialAction":[{"@type":"ReadAction","target":["https:\/\/www.mexicanguitarplayers.com\/tienda\/audio\/cables\/cables-armados\/cables-de-parcheo\/cable-dimarzio-p-parcheo-mod-ep17j12\/"]}]},{"@type":"ImageObject","inLanguage":"en-US","@id":"https:\/\/www.mexicanguitarplayers.com\/tienda\/audio\/cables\/cables-armados\/cables-de-parcheo\/cable-dimarzio-p-parcheo-mod-ep17j12\/#primaryimage","url":"https:\/\/www.mexicanguitarplayers.com\/wp-content\/uploads\/2022\/08\/RADIMEP17J12.jpg","contentUrl":"https:\/\/www.mexicanguitarplayers.com\/wp-content\/uploads\/2022\/08\/RADIMEP17J12.jpg","width":800,"height":1600},{"@type":"BreadcrumbList","@id":"https:\/\/www.mexicanguitarplayers.com\/tienda\/audio\/cables\/cables-armados\/cables-de-parcheo\/cable-dimarzio-p-parcheo-mod-ep17j12\/#breadcrumb","itemListElement":[{"@type":"ListItem","position":1,"name":"Portada","item":"https:\/\/www.mexicanguitarplayers.com\/"},{"@type":"ListItem","position":2,"name":"Tienda","item":"https:\/\/www.mexicanguitarplayers.com\/tienda\/"},{"@type":"ListItem","position":3,"name":"CABLE DIMARZIO P\/PARCHEO MOD. EP17J12"}]},{"@type":"WebSite","@id":"https:\/\/www.mexicanguitarplayers.com\/#website","url":"https:\/\/www.mexicanguitarplayers.com\/","name":"Mexican Guitar Players","description":"Website","publisher":{"@id":"https:\/\/www.mexicanguitarplayers.com\/#organization"},"potentialAction":[{"@type":"SearchAction","target":{"@type":"EntryPoint","urlTemplate":"https:\/\/www.mexicanguitarplayers.com\/?s={search_term_string}"},"query-input":{"@type":"PropertyValueSpecification","valueRequired":true,"valueName":"search_term_string"}}],"inLanguage":"en-US"},{"@type":"Organization","@id":"https:\/\/www.mexicanguitarplayers.com\/#organization","name":"Mexican Guitar Players","url":"https:\/\/www.mexicanguitarplayers.com\/","logo":{"@type":"ImageObject","inLanguage":"en-US","@id":"https:\/\/www.mexicanguitarplayers.com\/#\/schema\/logo\/image\/","url":"","contentUrl":"","caption":"Mexican Guitar Players"},"image":{"@id":"https:\/\/www.mexicanguitarplayers.com\/#\/schema\/logo\/image\/"}}]}},"brands":[{"id":355,"name":"DIMARZIO","slug":"dimarzio"}],"_links":{"self":[{"href":"https:\/\/www.mexicanguitarplayers.com\/en\/wp-json\/wp\/v2\/product\/11427","targetHints":{"allow":["GET"]}}],"collection":[{"href":"https:\/\/www.mexicanguitarplayers.com\/en\/wp-json\/wp\/v2\/product"}],"about":[{"href":"https:\/\/www.mexicanguitarplayers.com\/en\/wp-json\/wp\/v2\/types\/product"}],"replies":[{"embeddable":true,"href":"https:\/\/www.mexicanguitarplayers.com\/en\/wp-json\/wp\/v2\/comments?post=11427"}],"wp:featuredmedia":[{"embeddable":true,"href":"https:\/\/www.mexicanguitarplayers.com\/en\/wp-json\/wp\/v2\/media\/11426"}],"wp:attachment":[{"href":"https:\/\/www.mexicanguitarplayers.com\/en\/wp-json\/wp\/v2\/media?parent=11427"}],"wp:term":[{"taxonomy":"pwb-brand","embeddable":true,"href":"https:\/\/www.mexicanguitarplayers.com\/en\/wp-json\/wp\/v2\/pwb-brand?post=11427"},{"taxonomy":"product_brand","embeddable":true,"href":"https:\/\/www.mexicanguitarplayers.com\/en\/wp-json\/wp\/v2\/product_brand?post=11427"},{"taxonomy":"product_cat","embeddable":true,"href":"https:\/\/www.mexicanguitarplayers.com\/en\/wp-json\/wp\/v2\/product_cat?post=11427"},{"taxonomy":"product_tag","embeddable":true,"href":"https:\/\/www.mexicanguitarplayers.com\/en\/wp-json\/wp\/v2\/product_tag?post=11427"}],"curies":[{"name":"wp","href":"https:\/\/api.w.org\/{rel}","templated":true}]}}