{"id":11568,"date":"2022-08-18T02:14:13","date_gmt":"2022-08-18T07:14:13","guid":{"rendered":"https:\/\/www.mexicanguitarplayers.com\/tienda\/sin%20categor\u00eda\/parche-evans-13-mod-b13g12\/"},"modified":"2026-04-10T05:18:03","modified_gmt":"2026-04-10T11:18:03","slug":"parche-evans-13-mod-b13g12","status":"publish","type":"product","link":"https:\/\/www.mexicanguitarplayers.com\/en\/tienda\/accesorios\/para-bateria\/parches\/para-tom\/parche-evans-13-mod-b13g12\/","title":{"rendered":"PARCHE EVANS 13      MOD. B13G12"},"content":{"rendered":"<div style=\"text-align: justify\">\n<div>\n<h3>PARCHE EVANS 13      MOD. B13G12<\/h3>\n<\/div>\n<div>Parche de golpe para tarola o tom de 13\u201d pulgadas, serie G12, fabricado a mano con una sola capa de pel\u00edcula de primera calidad de 12 mil\u00e9simas de pulgada, terminado rugoso, durable, ideal para su uso en situaciones de desempe\u00f1o de alto volumen, ofrece un sonido completo y agresivo, hecho en USA.<\/div>\n<\/div>","protected":false},"excerpt":{"rendered":"<p>Parche de golpe para tarola o tom de 13\u201d pulgadas, serie G12, fabricado a mano con una sola capa de pel\u00edcula de primera calidad de 12 mil\u00e9simas de pulgada, terminado rugoso, durable, ideal para su uso en situaciones de desempe\u00f1o de alto volumen, ofrece un sonido completo y agresivo, hecho en USA.&hellip; <a class=\"kt-excerpt-readmore more-link\" href=\"https:\/\/www.mexicanguitarplayers.com\/en\/tienda\/accesorios\/para-bateria\/parches\/para-tom\/parche-evans-13-mod-b13g12\/\">Read more<\/a><\/p>","protected":false},"featured_media":11567,"comment_status":"open","ping_status":"closed","template":"","meta":{"kt_blocks_editor_width":""},"pwb-brand":[366],"product_brand":[],"product_cat":[85,306,364,363],"product_tag":[],"class_list":{"0":"post-11568","1":"product","2":"type-product","3":"status-publish","4":"has-post-thumbnail","6":"pwb-brand-evans","7":"product_cat-accesorios","8":"product_cat-para-bateria","9":"product_cat-para-tom","10":"product_cat-parches","11":"product_shipping_class-0-5-kg","13":"first","14":"outofstock","15":"taxable","16":"shipping-taxable","17":"purchasable","18":"product-type-simple"},"yoast_head":"<!-- This site is optimized with the Yoast SEO plugin v27.6 - https:\/\/yoast.com\/product\/yoast-seo-wordpress\/ -->\n<title>PARCHE EVANS 13 MOD. B13G12 - Mexican Guitar Players<\/title>\n<meta name=\"description\" content=\"PARCHE EVANS 13 MOD. B13G12. Parche de golpe para tarola o tom de 13\u201d pulgadas, serie G12, fabricado a mano con una sola capa de pel\u00edcula de primera calidad de 12 mil\u00e9simas de pulgada, terminado rugoso, durable, ideal para su uso en situaciones de desempe\u00f1o de alto volumen, ofrece un sonido completo y agresivo, hecho en USA.\" \/>\n<meta name=\"robots\" content=\"index, follow, max-snippet:-1, max-image-preview:large, max-video-preview:-1\" \/>\n<link rel=\"canonical\" href=\"https:\/\/www.mexicanguitarplayers.com\/en\/tienda\/accesorios\/para-bateria\/parches\/para-tom\/parche-evans-13-mod-b13g12\/\" \/>\n<meta property=\"og:locale\" content=\"en_US\" \/>\n<meta property=\"og:type\" content=\"article\" \/>\n<meta property=\"og:title\" content=\"PARCHE EVANS 13 MOD. B13G12 - Mexican Guitar Players\" \/>\n<meta property=\"og:description\" content=\"PARCHE EVANS 13 MOD. B13G12. Parche de golpe para tarola o tom de 13\u201d pulgadas, serie G12, fabricado a mano con una sola capa de pel\u00edcula de primera calidad de 12 mil\u00e9simas de pulgada, terminado rugoso, durable, ideal para su uso en situaciones de desempe\u00f1o de alto volumen, ofrece un sonido completo y agresivo, hecho en USA.\" \/>\n<meta property=\"og:url\" content=\"https:\/\/www.mexicanguitarplayers.com\/en\/tienda\/accesorios\/para-bateria\/parches\/para-tom\/parche-evans-13-mod-b13g12\/\" \/>\n<meta property=\"og:site_name\" content=\"Mexican Guitar Players\" \/>\n<meta property=\"article:modified_time\" content=\"2026-04-10T11:18:03+00:00\" \/>\n<meta property=\"og:image\" content=\"https:\/\/www.mexicanguitarplayers.com\/wp-content\/uploads\/2022\/08\/RAEVAB13G12.jpg\" \/>\n\t<meta property=\"og:image:width\" content=\"1200\" \/>\n\t<meta property=\"og:image:height\" content=\"1200\" \/>\n\t<meta property=\"og:image:type\" content=\"image\/jpeg\" \/>\n<meta name=\"twitter:card\" content=\"summary_large_image\" \/>\n<script type=\"application\/ld+json\" class=\"yoast-schema-graph\">{\"@context\":\"https:\\\/\\\/schema.org\",\"@graph\":[{\"@type\":[\"WebPage\",\"ItemPage\"],\"@id\":\"https:\\\/\\\/www.mexicanguitarplayers.com\\\/tienda\\\/accesorios\\\/para-bateria\\\/parches\\\/para-tom\\\/parche-evans-13-mod-b13g12\\\/\",\"url\":\"https:\\\/\\\/www.mexicanguitarplayers.com\\\/tienda\\\/accesorios\\\/para-bateria\\\/parches\\\/para-tom\\\/parche-evans-13-mod-b13g12\\\/\",\"name\":\"PARCHE EVANS 13 MOD. B13G12 - Mexican Guitar Players\",\"isPartOf\":{\"@id\":\"https:\\\/\\\/www.mexicanguitarplayers.com\\\/#website\"},\"primaryImageOfPage\":{\"@id\":\"https:\\\/\\\/www.mexicanguitarplayers.com\\\/tienda\\\/accesorios\\\/para-bateria\\\/parches\\\/para-tom\\\/parche-evans-13-mod-b13g12\\\/#primaryimage\"},\"image\":{\"@id\":\"https:\\\/\\\/www.mexicanguitarplayers.com\\\/tienda\\\/accesorios\\\/para-bateria\\\/parches\\\/para-tom\\\/parche-evans-13-mod-b13g12\\\/#primaryimage\"},\"thumbnailUrl\":\"https:\\\/\\\/www.mexicanguitarplayers.com\\\/wp-content\\\/uploads\\\/2022\\\/08\\\/RAEVAB13G12.jpg\",\"datePublished\":\"2022-08-18T07:14:13+00:00\",\"dateModified\":\"2026-04-10T11:18:03+00:00\",\"description\":\"PARCHE EVANS 13 MOD. B13G12. Parche de golpe para tarola o tom de 13\u201d pulgadas, serie G12, fabricado a mano con una sola capa de pel\u00edcula de primera calidad de 12 mil\u00e9simas de pulgada, terminado rugoso, durable, ideal para su uso en situaciones de desempe\u00f1o de alto volumen, ofrece un sonido completo y agresivo, hecho en USA.\",\"breadcrumb\":{\"@id\":\"https:\\\/\\\/www.mexicanguitarplayers.com\\\/tienda\\\/accesorios\\\/para-bateria\\\/parches\\\/para-tom\\\/parche-evans-13-mod-b13g12\\\/#breadcrumb\"},\"inLanguage\":\"en-US\",\"potentialAction\":[{\"@type\":\"ReadAction\",\"target\":[\"https:\\\/\\\/www.mexicanguitarplayers.com\\\/tienda\\\/accesorios\\\/para-bateria\\\/parches\\\/para-tom\\\/parche-evans-13-mod-b13g12\\\/\"]}]},{\"@type\":\"ImageObject\",\"inLanguage\":\"en-US\",\"@id\":\"https:\\\/\\\/www.mexicanguitarplayers.com\\\/tienda\\\/accesorios\\\/para-bateria\\\/parches\\\/para-tom\\\/parche-evans-13-mod-b13g12\\\/#primaryimage\",\"url\":\"https:\\\/\\\/www.mexicanguitarplayers.com\\\/wp-content\\\/uploads\\\/2022\\\/08\\\/RAEVAB13G12.jpg\",\"contentUrl\":\"https:\\\/\\\/www.mexicanguitarplayers.com\\\/wp-content\\\/uploads\\\/2022\\\/08\\\/RAEVAB13G12.jpg\",\"width\":1200,\"height\":1200},{\"@type\":\"BreadcrumbList\",\"@id\":\"https:\\\/\\\/www.mexicanguitarplayers.com\\\/tienda\\\/accesorios\\\/para-bateria\\\/parches\\\/para-tom\\\/parche-evans-13-mod-b13g12\\\/#breadcrumb\",\"itemListElement\":[{\"@type\":\"ListItem\",\"position\":1,\"name\":\"Portada\",\"item\":\"https:\\\/\\\/www.mexicanguitarplayers.com\\\/\"},{\"@type\":\"ListItem\",\"position\":2,\"name\":\"Tienda\",\"item\":\"https:\\\/\\\/www.mexicanguitarplayers.com\\\/tienda\\\/\"},{\"@type\":\"ListItem\",\"position\":3,\"name\":\"PARCHE EVANS 13 MOD. B13G12\"}]},{\"@type\":\"WebSite\",\"@id\":\"https:\\\/\\\/www.mexicanguitarplayers.com\\\/#website\",\"url\":\"https:\\\/\\\/www.mexicanguitarplayers.com\\\/\",\"name\":\"Mexican Guitar Players\",\"description\":\"Website\",\"publisher\":{\"@id\":\"https:\\\/\\\/www.mexicanguitarplayers.com\\\/#organization\"},\"potentialAction\":[{\"@type\":\"SearchAction\",\"target\":{\"@type\":\"EntryPoint\",\"urlTemplate\":\"https:\\\/\\\/www.mexicanguitarplayers.com\\\/?s={search_term_string}\"},\"query-input\":{\"@type\":\"PropertyValueSpecification\",\"valueRequired\":true,\"valueName\":\"search_term_string\"}}],\"inLanguage\":\"en-US\"},{\"@type\":\"Organization\",\"@id\":\"https:\\\/\\\/www.mexicanguitarplayers.com\\\/#organization\",\"name\":\"Mexican Guitar Players\",\"url\":\"https:\\\/\\\/www.mexicanguitarplayers.com\\\/\",\"logo\":{\"@type\":\"ImageObject\",\"inLanguage\":\"en-US\",\"@id\":\"https:\\\/\\\/www.mexicanguitarplayers.com\\\/#\\\/schema\\\/logo\\\/image\\\/\",\"url\":\"\",\"contentUrl\":\"\",\"caption\":\"Mexican Guitar Players\"},\"image\":{\"@id\":\"https:\\\/\\\/www.mexicanguitarplayers.com\\\/#\\\/schema\\\/logo\\\/image\\\/\"}}]}<\/script>\n<!-- \/ Yoast SEO plugin. -->","yoast_head_json":{"title":"PARCHE EVANS 13 MOD. B13G12 - Mexican Guitar Players","description":"PARCHE EVANS 13 MOD. B13G12. Parche de golpe para tarola o tom de 13\u201d pulgadas, serie G12, fabricado a mano con una sola capa de pel\u00edcula de primera calidad de 12 mil\u00e9simas de pulgada, terminado rugoso, durable, ideal para su uso en situaciones de desempe\u00f1o de alto volumen, ofrece un sonido completo y agresivo, hecho en USA.","robots":{"index":"index","follow":"follow","max-snippet":"max-snippet:-1","max-image-preview":"max-image-preview:large","max-video-preview":"max-video-preview:-1"},"canonical":"https:\/\/www.mexicanguitarplayers.com\/en\/tienda\/accesorios\/para-bateria\/parches\/para-tom\/parche-evans-13-mod-b13g12\/","og_locale":"en_US","og_type":"article","og_title":"PARCHE EVANS 13 MOD. B13G12 - Mexican Guitar Players","og_description":"PARCHE EVANS 13 MOD. B13G12. Parche de golpe para tarola o tom de 13\u201d pulgadas, serie G12, fabricado a mano con una sola capa de pel\u00edcula de primera calidad de 12 mil\u00e9simas de pulgada, terminado rugoso, durable, ideal para su uso en situaciones de desempe\u00f1o de alto volumen, ofrece un sonido completo y agresivo, hecho en USA.","og_url":"https:\/\/www.mexicanguitarplayers.com\/en\/tienda\/accesorios\/para-bateria\/parches\/para-tom\/parche-evans-13-mod-b13g12\/","og_site_name":"Mexican Guitar Players","article_modified_time":"2026-04-10T11:18:03+00:00","og_image":[{"width":1200,"height":1200,"url":"https:\/\/www.mexicanguitarplayers.com\/wp-content\/uploads\/2022\/08\/RAEVAB13G12.jpg","type":"image\/jpeg"}],"twitter_card":"summary_large_image","schema":{"@context":"https:\/\/schema.org","@graph":[{"@type":["WebPage","ItemPage"],"@id":"https:\/\/www.mexicanguitarplayers.com\/tienda\/accesorios\/para-bateria\/parches\/para-tom\/parche-evans-13-mod-b13g12\/","url":"https:\/\/www.mexicanguitarplayers.com\/tienda\/accesorios\/para-bateria\/parches\/para-tom\/parche-evans-13-mod-b13g12\/","name":"PARCHE EVANS 13 MOD. B13G12 - Mexican Guitar Players","isPartOf":{"@id":"https:\/\/www.mexicanguitarplayers.com\/#website"},"primaryImageOfPage":{"@id":"https:\/\/www.mexicanguitarplayers.com\/tienda\/accesorios\/para-bateria\/parches\/para-tom\/parche-evans-13-mod-b13g12\/#primaryimage"},"image":{"@id":"https:\/\/www.mexicanguitarplayers.com\/tienda\/accesorios\/para-bateria\/parches\/para-tom\/parche-evans-13-mod-b13g12\/#primaryimage"},"thumbnailUrl":"https:\/\/www.mexicanguitarplayers.com\/wp-content\/uploads\/2022\/08\/RAEVAB13G12.jpg","datePublished":"2022-08-18T07:14:13+00:00","dateModified":"2026-04-10T11:18:03+00:00","description":"PARCHE EVANS 13 MOD. B13G12. Parche de golpe para tarola o tom de 13\u201d pulgadas, serie G12, fabricado a mano con una sola capa de pel\u00edcula de primera calidad de 12 mil\u00e9simas de pulgada, terminado rugoso, durable, ideal para su uso en situaciones de desempe\u00f1o de alto volumen, ofrece un sonido completo y agresivo, hecho en USA.","breadcrumb":{"@id":"https:\/\/www.mexicanguitarplayers.com\/tienda\/accesorios\/para-bateria\/parches\/para-tom\/parche-evans-13-mod-b13g12\/#breadcrumb"},"inLanguage":"en-US","potentialAction":[{"@type":"ReadAction","target":["https:\/\/www.mexicanguitarplayers.com\/tienda\/accesorios\/para-bateria\/parches\/para-tom\/parche-evans-13-mod-b13g12\/"]}]},{"@type":"ImageObject","inLanguage":"en-US","@id":"https:\/\/www.mexicanguitarplayers.com\/tienda\/accesorios\/para-bateria\/parches\/para-tom\/parche-evans-13-mod-b13g12\/#primaryimage","url":"https:\/\/www.mexicanguitarplayers.com\/wp-content\/uploads\/2022\/08\/RAEVAB13G12.jpg","contentUrl":"https:\/\/www.mexicanguitarplayers.com\/wp-content\/uploads\/2022\/08\/RAEVAB13G12.jpg","width":1200,"height":1200},{"@type":"BreadcrumbList","@id":"https:\/\/www.mexicanguitarplayers.com\/tienda\/accesorios\/para-bateria\/parches\/para-tom\/parche-evans-13-mod-b13g12\/#breadcrumb","itemListElement":[{"@type":"ListItem","position":1,"name":"Portada","item":"https:\/\/www.mexicanguitarplayers.com\/"},{"@type":"ListItem","position":2,"name":"Tienda","item":"https:\/\/www.mexicanguitarplayers.com\/tienda\/"},{"@type":"ListItem","position":3,"name":"PARCHE EVANS 13 MOD. B13G12"}]},{"@type":"WebSite","@id":"https:\/\/www.mexicanguitarplayers.com\/#website","url":"https:\/\/www.mexicanguitarplayers.com\/","name":"Mexican Guitar Players","description":"Website","publisher":{"@id":"https:\/\/www.mexicanguitarplayers.com\/#organization"},"potentialAction":[{"@type":"SearchAction","target":{"@type":"EntryPoint","urlTemplate":"https:\/\/www.mexicanguitarplayers.com\/?s={search_term_string}"},"query-input":{"@type":"PropertyValueSpecification","valueRequired":true,"valueName":"search_term_string"}}],"inLanguage":"en-US"},{"@type":"Organization","@id":"https:\/\/www.mexicanguitarplayers.com\/#organization","name":"Mexican Guitar Players","url":"https:\/\/www.mexicanguitarplayers.com\/","logo":{"@type":"ImageObject","inLanguage":"en-US","@id":"https:\/\/www.mexicanguitarplayers.com\/#\/schema\/logo\/image\/","url":"","contentUrl":"","caption":"Mexican Guitar Players"},"image":{"@id":"https:\/\/www.mexicanguitarplayers.com\/#\/schema\/logo\/image\/"}}]}},"brands":[{"id":366,"name":"EVANS","slug":"evans"}],"_links":{"self":[{"href":"https:\/\/www.mexicanguitarplayers.com\/en\/wp-json\/wp\/v2\/product\/11568","targetHints":{"allow":["GET"]}}],"collection":[{"href":"https:\/\/www.mexicanguitarplayers.com\/en\/wp-json\/wp\/v2\/product"}],"about":[{"href":"https:\/\/www.mexicanguitarplayers.com\/en\/wp-json\/wp\/v2\/types\/product"}],"replies":[{"embeddable":true,"href":"https:\/\/www.mexicanguitarplayers.com\/en\/wp-json\/wp\/v2\/comments?post=11568"}],"wp:featuredmedia":[{"embeddable":true,"href":"https:\/\/www.mexicanguitarplayers.com\/en\/wp-json\/wp\/v2\/media\/11567"}],"wp:attachment":[{"href":"https:\/\/www.mexicanguitarplayers.com\/en\/wp-json\/wp\/v2\/media?parent=11568"}],"wp:term":[{"taxonomy":"pwb-brand","embeddable":true,"href":"https:\/\/www.mexicanguitarplayers.com\/en\/wp-json\/wp\/v2\/pwb-brand?post=11568"},{"taxonomy":"product_brand","embeddable":true,"href":"https:\/\/www.mexicanguitarplayers.com\/en\/wp-json\/wp\/v2\/product_brand?post=11568"},{"taxonomy":"product_cat","embeddable":true,"href":"https:\/\/www.mexicanguitarplayers.com\/en\/wp-json\/wp\/v2\/product_cat?post=11568"},{"taxonomy":"product_tag","embeddable":true,"href":"https:\/\/www.mexicanguitarplayers.com\/en\/wp-json\/wp\/v2\/product_tag?post=11568"}],"curies":[{"name":"wp","href":"https:\/\/api.w.org\/{rel}","templated":true}]}}