{"id":11821,"date":"2022-08-18T07:58:10","date_gmt":"2022-08-18T12:58:10","guid":{"rendered":"https:\/\/www.mexicanguitarplayers.com\/tienda\/sin%20categor\u00eda\/guitarra-oscar-schmidt-e-acustica-og2ce\/"},"modified":"2026-01-17T05:42:22","modified_gmt":"2026-01-17T11:42:22","slug":"guitarra-oscar-schmidt-e-acustica-og2ce","status":"publish","type":"product","link":"https:\/\/www.mexicanguitarplayers.com\/en\/tienda\/cuerdas\/guitarras-cuerdas\/acusticas\/guitarras-electro-acusticas\/guitarra-oscar-schmidt-e-acustica-og2ce\/","title":{"rendered":"OSCAR SCHMIDT E\/ACOUSTIC GUITAR OG2CE"},"content":{"rendered":"<div style=\"text-align: justify\">\n<div>\n<h3>OSCAR SCHMIDT E\/ACOUSTIC GUITAR OG2CE<\/h3>\n<\/div>\n<div>Electro acoustic guitar, dreadnought style, cutaway, great acoustic resonance, WT92 active preamp with included digital tuner, glossy finish, selected spruce top (except on the Spalted Maple version), catalpa back and sides, standard X bracing, rosewood fingerboard pink, mahogany neck, fully adjustable truss rod, chrome die-cast hardware.<\/div>\n<\/div>","protected":false},"excerpt":{"rendered":"<p>Electro acoustic guitar, dreadnought style, cutaway, great acoustic resonance, WT92 active preamp with included digital tuner, glossy finish, selected spruce top (except on the Spalted Maple version), catalpa back and sides, standard X bracing, rosewood fingerboard pink, mahogany tonearm, fully adjustable truss rod, chrome die-cast hardware.\u2026 <a class=\"kt-excerpt-readmore more-link\" href=\"https:\/\/www.mexicanguitarplayers.com\/en\/tienda\/cuerdas\/guitarras-cuerdas\/acusticas\/guitarras-electro-acusticas\/guitarra-oscar-schmidt-e-acustica-og2ce\/\">Read more<\/a><\/p>","protected":false},"featured_media":10663,"comment_status":"open","ping_status":"closed","template":"","meta":{"kt_blocks_editor_width":""},"pwb-brand":[333],"product_brand":[],"product_cat":[315,224,312,316],"product_tag":[],"class_list":{"0":"post-11821","1":"product","2":"type-product","3":"status-publish","4":"has-post-thumbnail","6":"pwb-brand-oscar-schmidt","7":"product_cat-acusticas","8":"product_cat-cuerdas","9":"product_cat-guitarras-cuerdas","10":"product_cat-guitarras-electro-acusticas","11":"product_shipping_class-20-25-kg","13":"first","14":"instock","15":"taxable","16":"shipping-taxable","17":"purchasable","18":"product-type-simple"},"yoast_head":"<!-- This site is optimized with the Yoast SEO plugin v27.3 - https:\/\/yoast.com\/product\/yoast-seo-wordpress\/ -->\n<title>GUITARRA OSCAR SCHMIDT E\/ACUSTICA OG2CE - Mexican Guitar Players<\/title>\n<meta name=\"description\" content=\"GUITARRA OSCAR SCHMIDT E\/ACUSTICA OG2CE. Guitarra electro ac\u00fastica, estilo dreadnought, cutaway, gran resonancia ac\u00fastica, preamp activo WT92 con afinador digital incluido, terminado brillante, tapa deabeto seleccionado (excepto en la versi\u00f3n Spalted Maple),aros y fondo de catalpa, refuerzo est\u00e1ndar X, diapas\u00f3n de palo de rosa, brazo de caoba, tensor de brazo completamente ajustable, maquinaria die-cast cromada.\" \/>\n<meta name=\"robots\" content=\"index, follow, max-snippet:-1, max-image-preview:large, max-video-preview:-1\" \/>\n<link rel=\"canonical\" href=\"https:\/\/www.mexicanguitarplayers.com\/en\/tienda\/cuerdas\/guitarras-cuerdas\/acusticas\/guitarras-electro-acusticas\/guitarra-oscar-schmidt-e-acustica-og2ce\/\" \/>\n<meta property=\"og:locale\" content=\"en_US\" \/>\n<meta property=\"og:type\" content=\"article\" \/>\n<meta property=\"og:title\" content=\"GUITARRA OSCAR SCHMIDT E\/ACUSTICA OG2CE - Mexican Guitar Players\" \/>\n<meta property=\"og:description\" content=\"GUITARRA OSCAR SCHMIDT E\/ACUSTICA OG2CE. Guitarra electro ac\u00fastica, estilo dreadnought, cutaway, gran resonancia ac\u00fastica, preamp activo WT92 con afinador digital incluido, terminado brillante, tapa deabeto seleccionado (excepto en la versi\u00f3n Spalted Maple),aros y fondo de catalpa, refuerzo est\u00e1ndar X, diapas\u00f3n de palo de rosa, brazo de caoba, tensor de brazo completamente ajustable, maquinaria die-cast cromada.\" \/>\n<meta property=\"og:url\" content=\"https:\/\/www.mexicanguitarplayers.com\/en\/tienda\/cuerdas\/guitarras-cuerdas\/acusticas\/guitarras-electro-acusticas\/guitarra-oscar-schmidt-e-acustica-og2ce\/\" \/>\n<meta property=\"og:site_name\" content=\"Mexican Guitar Players\" \/>\n<meta property=\"article:modified_time\" content=\"2026-01-17T11:42:22+00:00\" \/>\n<meta property=\"og:image\" content=\"https:\/\/www.mexicanguitarplayers.com\/wp-content\/uploads\/2022\/08\/ISOSCOG2CE.jpg\" \/>\n\t<meta property=\"og:image:width\" content=\"800\" \/>\n\t<meta property=\"og:image:height\" content=\"1600\" \/>\n\t<meta property=\"og:image:type\" content=\"image\/jpeg\" \/>\n<meta name=\"twitter:card\" content=\"summary_large_image\" \/>\n<script type=\"application\/ld+json\" class=\"yoast-schema-graph\">{\"@context\":\"https:\\\/\\\/schema.org\",\"@graph\":[{\"@type\":[\"WebPage\",\"ItemPage\"],\"@id\":\"https:\\\/\\\/www.mexicanguitarplayers.com\\\/tienda\\\/cuerdas\\\/guitarras-cuerdas\\\/acusticas\\\/guitarras-electro-acusticas\\\/guitarra-oscar-schmidt-e-acustica-og2ce\\\/\",\"url\":\"https:\\\/\\\/www.mexicanguitarplayers.com\\\/tienda\\\/cuerdas\\\/guitarras-cuerdas\\\/acusticas\\\/guitarras-electro-acusticas\\\/guitarra-oscar-schmidt-e-acustica-og2ce\\\/\",\"name\":\"GUITARRA OSCAR SCHMIDT E\\\/ACUSTICA OG2CE - Mexican Guitar Players\",\"isPartOf\":{\"@id\":\"https:\\\/\\\/www.mexicanguitarplayers.com\\\/#website\"},\"primaryImageOfPage\":{\"@id\":\"https:\\\/\\\/www.mexicanguitarplayers.com\\\/tienda\\\/cuerdas\\\/guitarras-cuerdas\\\/acusticas\\\/guitarras-electro-acusticas\\\/guitarra-oscar-schmidt-e-acustica-og2ce\\\/#primaryimage\"},\"image\":{\"@id\":\"https:\\\/\\\/www.mexicanguitarplayers.com\\\/tienda\\\/cuerdas\\\/guitarras-cuerdas\\\/acusticas\\\/guitarras-electro-acusticas\\\/guitarra-oscar-schmidt-e-acustica-og2ce\\\/#primaryimage\"},\"thumbnailUrl\":\"https:\\\/\\\/www.mexicanguitarplayers.com\\\/wp-content\\\/uploads\\\/2022\\\/08\\\/ISOSCOG2CE.jpg\",\"datePublished\":\"2022-08-18T12:58:10+00:00\",\"dateModified\":\"2026-01-17T11:42:22+00:00\",\"description\":\"GUITARRA OSCAR SCHMIDT E\\\/ACUSTICA OG2CE. Guitarra electro ac\u00fastica, estilo dreadnought, cutaway, gran resonancia ac\u00fastica, preamp activo WT92 con afinador digital incluido, terminado brillante, tapa deabeto seleccionado (excepto en la versi\u00f3n Spalted Maple),aros y fondo de catalpa, refuerzo est\u00e1ndar X, diapas\u00f3n de palo de rosa, brazo de caoba, tensor de brazo completamente ajustable, maquinaria die-cast cromada.\",\"breadcrumb\":{\"@id\":\"https:\\\/\\\/www.mexicanguitarplayers.com\\\/tienda\\\/cuerdas\\\/guitarras-cuerdas\\\/acusticas\\\/guitarras-electro-acusticas\\\/guitarra-oscar-schmidt-e-acustica-og2ce\\\/#breadcrumb\"},\"inLanguage\":\"en-US\",\"potentialAction\":[{\"@type\":\"ReadAction\",\"target\":[\"https:\\\/\\\/www.mexicanguitarplayers.com\\\/tienda\\\/cuerdas\\\/guitarras-cuerdas\\\/acusticas\\\/guitarras-electro-acusticas\\\/guitarra-oscar-schmidt-e-acustica-og2ce\\\/\"]}]},{\"@type\":\"ImageObject\",\"inLanguage\":\"en-US\",\"@id\":\"https:\\\/\\\/www.mexicanguitarplayers.com\\\/tienda\\\/cuerdas\\\/guitarras-cuerdas\\\/acusticas\\\/guitarras-electro-acusticas\\\/guitarra-oscar-schmidt-e-acustica-og2ce\\\/#primaryimage\",\"url\":\"https:\\\/\\\/www.mexicanguitarplayers.com\\\/wp-content\\\/uploads\\\/2022\\\/08\\\/ISOSCOG2CE.jpg\",\"contentUrl\":\"https:\\\/\\\/www.mexicanguitarplayers.com\\\/wp-content\\\/uploads\\\/2022\\\/08\\\/ISOSCOG2CE.jpg\",\"width\":800,\"height\":1600},{\"@type\":\"BreadcrumbList\",\"@id\":\"https:\\\/\\\/www.mexicanguitarplayers.com\\\/tienda\\\/cuerdas\\\/guitarras-cuerdas\\\/acusticas\\\/guitarras-electro-acusticas\\\/guitarra-oscar-schmidt-e-acustica-og2ce\\\/#breadcrumb\",\"itemListElement\":[{\"@type\":\"ListItem\",\"position\":1,\"name\":\"Portada\",\"item\":\"https:\\\/\\\/www.mexicanguitarplayers.com\\\/\"},{\"@type\":\"ListItem\",\"position\":2,\"name\":\"Tienda\",\"item\":\"https:\\\/\\\/www.mexicanguitarplayers.com\\\/tienda\\\/\"},{\"@type\":\"ListItem\",\"position\":3,\"name\":\"GUITARRA OSCAR SCHMIDT E\\\/ACUSTICA OG2CE\"}]},{\"@type\":\"WebSite\",\"@id\":\"https:\\\/\\\/www.mexicanguitarplayers.com\\\/#website\",\"url\":\"https:\\\/\\\/www.mexicanguitarplayers.com\\\/\",\"name\":\"Mexican Guitar Players\",\"description\":\"Website\",\"publisher\":{\"@id\":\"https:\\\/\\\/www.mexicanguitarplayers.com\\\/#organization\"},\"potentialAction\":[{\"@type\":\"SearchAction\",\"target\":{\"@type\":\"EntryPoint\",\"urlTemplate\":\"https:\\\/\\\/www.mexicanguitarplayers.com\\\/?s={search_term_string}\"},\"query-input\":{\"@type\":\"PropertyValueSpecification\",\"valueRequired\":true,\"valueName\":\"search_term_string\"}}],\"inLanguage\":\"en-US\"},{\"@type\":\"Organization\",\"@id\":\"https:\\\/\\\/www.mexicanguitarplayers.com\\\/#organization\",\"name\":\"Mexican Guitar Players\",\"url\":\"https:\\\/\\\/www.mexicanguitarplayers.com\\\/\",\"logo\":{\"@type\":\"ImageObject\",\"inLanguage\":\"en-US\",\"@id\":\"https:\\\/\\\/www.mexicanguitarplayers.com\\\/#\\\/schema\\\/logo\\\/image\\\/\",\"url\":\"\",\"contentUrl\":\"\",\"caption\":\"Mexican Guitar Players\"},\"image\":{\"@id\":\"https:\\\/\\\/www.mexicanguitarplayers.com\\\/#\\\/schema\\\/logo\\\/image\\\/\"}}]}<\/script>\n<!-- \/ Yoast SEO plugin. -->","yoast_head_json":{"title":"GUITARRA OSCAR SCHMIDT E\/ACUSTICA OG2CE - Mexican Guitar Players","description":"GUITARRA OSCAR SCHMIDT E\/ACUSTICA OG2CE. Guitarra electro ac\u00fastica, estilo dreadnought, cutaway, gran resonancia ac\u00fastica, preamp activo WT92 con afinador digital incluido, terminado brillante, tapa deabeto seleccionado (excepto en la versi\u00f3n Spalted Maple),aros y fondo de catalpa, refuerzo est\u00e1ndar X, diapas\u00f3n de palo de rosa, brazo de caoba, tensor de brazo completamente ajustable, maquinaria die-cast cromada.","robots":{"index":"index","follow":"follow","max-snippet":"max-snippet:-1","max-image-preview":"max-image-preview:large","max-video-preview":"max-video-preview:-1"},"canonical":"https:\/\/www.mexicanguitarplayers.com\/en\/tienda\/cuerdas\/guitarras-cuerdas\/acusticas\/guitarras-electro-acusticas\/guitarra-oscar-schmidt-e-acustica-og2ce\/","og_locale":"en_US","og_type":"article","og_title":"GUITARRA OSCAR SCHMIDT E\/ACUSTICA OG2CE - Mexican Guitar Players","og_description":"GUITARRA OSCAR SCHMIDT E\/ACUSTICA OG2CE. Guitarra electro ac\u00fastica, estilo dreadnought, cutaway, gran resonancia ac\u00fastica, preamp activo WT92 con afinador digital incluido, terminado brillante, tapa deabeto seleccionado (excepto en la versi\u00f3n Spalted Maple),aros y fondo de catalpa, refuerzo est\u00e1ndar X, diapas\u00f3n de palo de rosa, brazo de caoba, tensor de brazo completamente ajustable, maquinaria die-cast cromada.","og_url":"https:\/\/www.mexicanguitarplayers.com\/en\/tienda\/cuerdas\/guitarras-cuerdas\/acusticas\/guitarras-electro-acusticas\/guitarra-oscar-schmidt-e-acustica-og2ce\/","og_site_name":"Mexican Guitar Players","article_modified_time":"2026-01-17T11:42:22+00:00","og_image":[{"width":800,"height":1600,"url":"https:\/\/www.mexicanguitarplayers.com\/wp-content\/uploads\/2022\/08\/ISOSCOG2CE.jpg","type":"image\/jpeg"}],"twitter_card":"summary_large_image","schema":{"@context":"https:\/\/schema.org","@graph":[{"@type":["WebPage","ItemPage"],"@id":"https:\/\/www.mexicanguitarplayers.com\/tienda\/cuerdas\/guitarras-cuerdas\/acusticas\/guitarras-electro-acusticas\/guitarra-oscar-schmidt-e-acustica-og2ce\/","url":"https:\/\/www.mexicanguitarplayers.com\/tienda\/cuerdas\/guitarras-cuerdas\/acusticas\/guitarras-electro-acusticas\/guitarra-oscar-schmidt-e-acustica-og2ce\/","name":"GUITARRA OSCAR SCHMIDT E\/ACUSTICA OG2CE - Mexican Guitar Players","isPartOf":{"@id":"https:\/\/www.mexicanguitarplayers.com\/#website"},"primaryImageOfPage":{"@id":"https:\/\/www.mexicanguitarplayers.com\/tienda\/cuerdas\/guitarras-cuerdas\/acusticas\/guitarras-electro-acusticas\/guitarra-oscar-schmidt-e-acustica-og2ce\/#primaryimage"},"image":{"@id":"https:\/\/www.mexicanguitarplayers.com\/tienda\/cuerdas\/guitarras-cuerdas\/acusticas\/guitarras-electro-acusticas\/guitarra-oscar-schmidt-e-acustica-og2ce\/#primaryimage"},"thumbnailUrl":"https:\/\/www.mexicanguitarplayers.com\/wp-content\/uploads\/2022\/08\/ISOSCOG2CE.jpg","datePublished":"2022-08-18T12:58:10+00:00","dateModified":"2026-01-17T11:42:22+00:00","description":"GUITARRA OSCAR SCHMIDT E\/ACUSTICA OG2CE. Guitarra electro ac\u00fastica, estilo dreadnought, cutaway, gran resonancia ac\u00fastica, preamp activo WT92 con afinador digital incluido, terminado brillante, tapa deabeto seleccionado (excepto en la versi\u00f3n Spalted Maple),aros y fondo de catalpa, refuerzo est\u00e1ndar X, diapas\u00f3n de palo de rosa, brazo de caoba, tensor de brazo completamente ajustable, maquinaria die-cast cromada.","breadcrumb":{"@id":"https:\/\/www.mexicanguitarplayers.com\/tienda\/cuerdas\/guitarras-cuerdas\/acusticas\/guitarras-electro-acusticas\/guitarra-oscar-schmidt-e-acustica-og2ce\/#breadcrumb"},"inLanguage":"en-US","potentialAction":[{"@type":"ReadAction","target":["https:\/\/www.mexicanguitarplayers.com\/tienda\/cuerdas\/guitarras-cuerdas\/acusticas\/guitarras-electro-acusticas\/guitarra-oscar-schmidt-e-acustica-og2ce\/"]}]},{"@type":"ImageObject","inLanguage":"en-US","@id":"https:\/\/www.mexicanguitarplayers.com\/tienda\/cuerdas\/guitarras-cuerdas\/acusticas\/guitarras-electro-acusticas\/guitarra-oscar-schmidt-e-acustica-og2ce\/#primaryimage","url":"https:\/\/www.mexicanguitarplayers.com\/wp-content\/uploads\/2022\/08\/ISOSCOG2CE.jpg","contentUrl":"https:\/\/www.mexicanguitarplayers.com\/wp-content\/uploads\/2022\/08\/ISOSCOG2CE.jpg","width":800,"height":1600},{"@type":"BreadcrumbList","@id":"https:\/\/www.mexicanguitarplayers.com\/tienda\/cuerdas\/guitarras-cuerdas\/acusticas\/guitarras-electro-acusticas\/guitarra-oscar-schmidt-e-acustica-og2ce\/#breadcrumb","itemListElement":[{"@type":"ListItem","position":1,"name":"Portada","item":"https:\/\/www.mexicanguitarplayers.com\/"},{"@type":"ListItem","position":2,"name":"Tienda","item":"https:\/\/www.mexicanguitarplayers.com\/tienda\/"},{"@type":"ListItem","position":3,"name":"GUITARRA OSCAR SCHMIDT E\/ACUSTICA OG2CE"}]},{"@type":"WebSite","@id":"https:\/\/www.mexicanguitarplayers.com\/#website","url":"https:\/\/www.mexicanguitarplayers.com\/","name":"Mexican Guitar Players","description":"Website","publisher":{"@id":"https:\/\/www.mexicanguitarplayers.com\/#organization"},"potentialAction":[{"@type":"SearchAction","target":{"@type":"EntryPoint","urlTemplate":"https:\/\/www.mexicanguitarplayers.com\/?s={search_term_string}"},"query-input":{"@type":"PropertyValueSpecification","valueRequired":true,"valueName":"search_term_string"}}],"inLanguage":"en-US"},{"@type":"Organization","@id":"https:\/\/www.mexicanguitarplayers.com\/#organization","name":"Mexican Guitar Players","url":"https:\/\/www.mexicanguitarplayers.com\/","logo":{"@type":"ImageObject","inLanguage":"en-US","@id":"https:\/\/www.mexicanguitarplayers.com\/#\/schema\/logo\/image\/","url":"","contentUrl":"","caption":"Mexican Guitar Players"},"image":{"@id":"https:\/\/www.mexicanguitarplayers.com\/#\/schema\/logo\/image\/"}}]}},"brands":[{"id":333,"name":"OSCAR SCHMIDT","slug":"oscar-schmidt"}],"_links":{"self":[{"href":"https:\/\/www.mexicanguitarplayers.com\/en\/wp-json\/wp\/v2\/product\/11821","targetHints":{"allow":["GET"]}}],"collection":[{"href":"https:\/\/www.mexicanguitarplayers.com\/en\/wp-json\/wp\/v2\/product"}],"about":[{"href":"https:\/\/www.mexicanguitarplayers.com\/en\/wp-json\/wp\/v2\/types\/product"}],"replies":[{"embeddable":true,"href":"https:\/\/www.mexicanguitarplayers.com\/en\/wp-json\/wp\/v2\/comments?post=11821"}],"wp:featuredmedia":[{"embeddable":true,"href":"https:\/\/www.mexicanguitarplayers.com\/en\/wp-json\/wp\/v2\/media\/10663"}],"wp:attachment":[{"href":"https:\/\/www.mexicanguitarplayers.com\/en\/wp-json\/wp\/v2\/media?parent=11821"}],"wp:term":[{"taxonomy":"pwb-brand","embeddable":true,"href":"https:\/\/www.mexicanguitarplayers.com\/en\/wp-json\/wp\/v2\/pwb-brand?post=11821"},{"taxonomy":"product_brand","embeddable":true,"href":"https:\/\/www.mexicanguitarplayers.com\/en\/wp-json\/wp\/v2\/product_brand?post=11821"},{"taxonomy":"product_cat","embeddable":true,"href":"https:\/\/www.mexicanguitarplayers.com\/en\/wp-json\/wp\/v2\/product_cat?post=11821"},{"taxonomy":"product_tag","embeddable":true,"href":"https:\/\/www.mexicanguitarplayers.com\/en\/wp-json\/wp\/v2\/product_tag?post=11821"}],"curies":[{"name":"wp","href":"https:\/\/api.w.org\/{rel}","templated":true}]}}