{"id":11968,"date":"2022-08-18T08:16:46","date_gmt":"2022-08-18T13:16:46","guid":{"rendered":"https:\/\/www.mexicanguitarplayers.com\/tienda\/sin%20categor\u00eda\/guitarra-la-sevillana-e-acustica-un3cef2\/"},"modified":"2026-04-10T05:16:49","modified_gmt":"2026-04-10T11:16:49","slug":"guitarra-la-sevillana-e-acustica-un3cef2","status":"publish","type":"product","link":"https:\/\/www.mexicanguitarplayers.com\/en\/tienda\/cuerdas\/guitarras-cuerdas\/acusticas\/guitarras-electro-acusticas\/guitarra-la-sevillana-e-acustica-un3cef2\/","title":{"rendered":"LA SEVILLANA E\/ACOUSTIC GUITAR UN3CEF2"},"content":{"rendered":"<div style=\"text-align: justify\">\n<div>\n<h3>LA SEVILLANA E\/ACOUSTIC GUITAR UN3CEF2<\/h3>\n<\/div>\n<div>Electro acoustic guitar with classical body, thin edge, cutaway, spruce top, nato neck, mahogany back and sides, rosewood fingerboard, sonokeling bridge, natural color, Fishman Classical II active preamp with digital tuner, audio equalizer 2 bands, volume and phase, D&#039;Addario nylon strings.<\/div>\n<\/div>","protected":false},"excerpt":{"rendered":"<p>Guitarra electro ac\u00fastica con caja cl\u00e1sica, canto delgado, resaque, tapa de abeto, brazo de nato, aros y fondo de caoba, diapas\u00f3n de palo de rosa, puente de sonokeling, color natural, preamp activo Fishman Cl\u00e1sica II con afinador digital, ecualizador de 2 bandas, volumen y fase, cuerdas D&#8217;Addario de nylon.&hellip; <a class=\"kt-excerpt-readmore more-link\" href=\"https:\/\/www.mexicanguitarplayers.com\/en\/tienda\/cuerdas\/guitarras-cuerdas\/acusticas\/guitarras-electro-acusticas\/guitarra-la-sevillana-e-acustica-un3cef2\/\">Read more<\/a><\/p>","protected":false},"featured_media":11963,"comment_status":"open","ping_status":"closed","template":"","meta":{"kt_blocks_editor_width":""},"pwb-brand":[345],"product_brand":[],"product_cat":[315,224,312,316],"product_tag":[],"class_list":{"0":"post-11968","1":"product","2":"type-product","3":"status-publish","4":"has-post-thumbnail","6":"pwb-brand-la-sevillana","7":"product_cat-acusticas","8":"product_cat-cuerdas","9":"product_cat-guitarras-cuerdas","10":"product_cat-guitarras-electro-acusticas","11":"product_shipping_class-20-25-kg","13":"first","14":"outofstock","15":"taxable","16":"shipping-taxable","17":"purchasable","18":"product-type-simple"},"yoast_head":"<!-- This site is optimized with the Yoast SEO plugin v27.5 - https:\/\/yoast.com\/product\/yoast-seo-wordpress\/ -->\n<title>GUITARRA LA SEVILLANA E\/ACUSTICA UN3CEF2 - Mexican Guitar Players<\/title>\n<meta name=\"description\" content=\"GUITARRA LA SEVILLANA E\/ACUSTICA UN3CEF2. Guitarra electro ac\u00fastica con caja cl\u00e1sica, canto delgado, resaque, tapa de abeto, brazo de nato, aros y fondo de caoba, diapas\u00f3n de palo de rosa, puente de sonokeling, color natural, preamp activo Fishman Cl\u00e1sica II con afinador digital, ecualizador de 2 bandas, volumen y fase, cuerdas D&#039;Addario de nylon.\" \/>\n<meta name=\"robots\" content=\"index, follow, max-snippet:-1, max-image-preview:large, max-video-preview:-1\" \/>\n<link rel=\"canonical\" href=\"https:\/\/www.mexicanguitarplayers.com\/en\/tienda\/cuerdas\/guitarras-cuerdas\/acusticas\/guitarras-electro-acusticas\/guitarra-la-sevillana-e-acustica-un3cef2\/\" \/>\n<meta property=\"og:locale\" content=\"en_US\" \/>\n<meta property=\"og:type\" content=\"article\" \/>\n<meta property=\"og:title\" content=\"GUITARRA LA SEVILLANA E\/ACUSTICA UN3CEF2 - Mexican Guitar Players\" \/>\n<meta property=\"og:description\" content=\"GUITARRA LA SEVILLANA E\/ACUSTICA UN3CEF2. Guitarra electro ac\u00fastica con caja cl\u00e1sica, canto delgado, resaque, tapa de abeto, brazo de nato, aros y fondo de caoba, diapas\u00f3n de palo de rosa, puente de sonokeling, color natural, preamp activo Fishman Cl\u00e1sica II con afinador digital, ecualizador de 2 bandas, volumen y fase, cuerdas D&#039;Addario de nylon.\" \/>\n<meta property=\"og:url\" content=\"https:\/\/www.mexicanguitarplayers.com\/en\/tienda\/cuerdas\/guitarras-cuerdas\/acusticas\/guitarras-electro-acusticas\/guitarra-la-sevillana-e-acustica-un3cef2\/\" \/>\n<meta property=\"og:site_name\" content=\"Mexican Guitar Players\" \/>\n<meta property=\"article:modified_time\" content=\"2026-04-10T11:16:49+00:00\" \/>\n<meta property=\"og:image\" content=\"https:\/\/www.mexicanguitarplayers.com\/wp-content\/uploads\/2022\/08\/ISSEVUN3CEF2.jpg\" \/>\n\t<meta property=\"og:image:width\" content=\"800\" \/>\n\t<meta property=\"og:image:height\" content=\"1600\" \/>\n\t<meta property=\"og:image:type\" content=\"image\/jpeg\" \/>\n<meta name=\"twitter:card\" content=\"summary_large_image\" \/>\n<script type=\"application\/ld+json\" class=\"yoast-schema-graph\">{\"@context\":\"https:\\\/\\\/schema.org\",\"@graph\":[{\"@type\":[\"WebPage\",\"ItemPage\"],\"@id\":\"https:\\\/\\\/www.mexicanguitarplayers.com\\\/tienda\\\/cuerdas\\\/guitarras-cuerdas\\\/acusticas\\\/guitarras-electro-acusticas\\\/guitarra-la-sevillana-e-acustica-un3cef2\\\/\",\"url\":\"https:\\\/\\\/www.mexicanguitarplayers.com\\\/tienda\\\/cuerdas\\\/guitarras-cuerdas\\\/acusticas\\\/guitarras-electro-acusticas\\\/guitarra-la-sevillana-e-acustica-un3cef2\\\/\",\"name\":\"GUITARRA LA SEVILLANA E\\\/ACUSTICA UN3CEF2 - Mexican Guitar Players\",\"isPartOf\":{\"@id\":\"https:\\\/\\\/www.mexicanguitarplayers.com\\\/#website\"},\"primaryImageOfPage\":{\"@id\":\"https:\\\/\\\/www.mexicanguitarplayers.com\\\/tienda\\\/cuerdas\\\/guitarras-cuerdas\\\/acusticas\\\/guitarras-electro-acusticas\\\/guitarra-la-sevillana-e-acustica-un3cef2\\\/#primaryimage\"},\"image\":{\"@id\":\"https:\\\/\\\/www.mexicanguitarplayers.com\\\/tienda\\\/cuerdas\\\/guitarras-cuerdas\\\/acusticas\\\/guitarras-electro-acusticas\\\/guitarra-la-sevillana-e-acustica-un3cef2\\\/#primaryimage\"},\"thumbnailUrl\":\"https:\\\/\\\/www.mexicanguitarplayers.com\\\/wp-content\\\/uploads\\\/2022\\\/08\\\/ISSEVUN3CEF2.jpg\",\"datePublished\":\"2022-08-18T13:16:46+00:00\",\"dateModified\":\"2026-04-10T11:16:49+00:00\",\"description\":\"GUITARRA LA SEVILLANA E\\\/ACUSTICA UN3CEF2. Guitarra electro ac\u00fastica con caja cl\u00e1sica, canto delgado, resaque, tapa de abeto, brazo de nato, aros y fondo de caoba, diapas\u00f3n de palo de rosa, puente de sonokeling, color natural, preamp activo Fishman Cl\u00e1sica II con afinador digital, ecualizador de 2 bandas, volumen y fase, cuerdas D'Addario de nylon.\",\"breadcrumb\":{\"@id\":\"https:\\\/\\\/www.mexicanguitarplayers.com\\\/tienda\\\/cuerdas\\\/guitarras-cuerdas\\\/acusticas\\\/guitarras-electro-acusticas\\\/guitarra-la-sevillana-e-acustica-un3cef2\\\/#breadcrumb\"},\"inLanguage\":\"en-US\",\"potentialAction\":[{\"@type\":\"ReadAction\",\"target\":[\"https:\\\/\\\/www.mexicanguitarplayers.com\\\/tienda\\\/cuerdas\\\/guitarras-cuerdas\\\/acusticas\\\/guitarras-electro-acusticas\\\/guitarra-la-sevillana-e-acustica-un3cef2\\\/\"]}]},{\"@type\":\"ImageObject\",\"inLanguage\":\"en-US\",\"@id\":\"https:\\\/\\\/www.mexicanguitarplayers.com\\\/tienda\\\/cuerdas\\\/guitarras-cuerdas\\\/acusticas\\\/guitarras-electro-acusticas\\\/guitarra-la-sevillana-e-acustica-un3cef2\\\/#primaryimage\",\"url\":\"https:\\\/\\\/www.mexicanguitarplayers.com\\\/wp-content\\\/uploads\\\/2022\\\/08\\\/ISSEVUN3CEF2.jpg\",\"contentUrl\":\"https:\\\/\\\/www.mexicanguitarplayers.com\\\/wp-content\\\/uploads\\\/2022\\\/08\\\/ISSEVUN3CEF2.jpg\",\"width\":800,\"height\":1600},{\"@type\":\"BreadcrumbList\",\"@id\":\"https:\\\/\\\/www.mexicanguitarplayers.com\\\/tienda\\\/cuerdas\\\/guitarras-cuerdas\\\/acusticas\\\/guitarras-electro-acusticas\\\/guitarra-la-sevillana-e-acustica-un3cef2\\\/#breadcrumb\",\"itemListElement\":[{\"@type\":\"ListItem\",\"position\":1,\"name\":\"Portada\",\"item\":\"https:\\\/\\\/www.mexicanguitarplayers.com\\\/\"},{\"@type\":\"ListItem\",\"position\":2,\"name\":\"Tienda\",\"item\":\"https:\\\/\\\/www.mexicanguitarplayers.com\\\/tienda\\\/\"},{\"@type\":\"ListItem\",\"position\":3,\"name\":\"GUITARRA LA SEVILLANA E\\\/ACUSTICA UN3CEF2\"}]},{\"@type\":\"WebSite\",\"@id\":\"https:\\\/\\\/www.mexicanguitarplayers.com\\\/#website\",\"url\":\"https:\\\/\\\/www.mexicanguitarplayers.com\\\/\",\"name\":\"Mexican Guitar Players\",\"description\":\"Website\",\"publisher\":{\"@id\":\"https:\\\/\\\/www.mexicanguitarplayers.com\\\/#organization\"},\"potentialAction\":[{\"@type\":\"SearchAction\",\"target\":{\"@type\":\"EntryPoint\",\"urlTemplate\":\"https:\\\/\\\/www.mexicanguitarplayers.com\\\/?s={search_term_string}\"},\"query-input\":{\"@type\":\"PropertyValueSpecification\",\"valueRequired\":true,\"valueName\":\"search_term_string\"}}],\"inLanguage\":\"en-US\"},{\"@type\":\"Organization\",\"@id\":\"https:\\\/\\\/www.mexicanguitarplayers.com\\\/#organization\",\"name\":\"Mexican Guitar Players\",\"url\":\"https:\\\/\\\/www.mexicanguitarplayers.com\\\/\",\"logo\":{\"@type\":\"ImageObject\",\"inLanguage\":\"en-US\",\"@id\":\"https:\\\/\\\/www.mexicanguitarplayers.com\\\/#\\\/schema\\\/logo\\\/image\\\/\",\"url\":\"\",\"contentUrl\":\"\",\"caption\":\"Mexican Guitar Players\"},\"image\":{\"@id\":\"https:\\\/\\\/www.mexicanguitarplayers.com\\\/#\\\/schema\\\/logo\\\/image\\\/\"}}]}<\/script>\n<!-- \/ Yoast SEO plugin. -->","yoast_head_json":{"title":"GUITARRA LA SEVILLANA E\/ACUSTICA UN3CEF2 - Mexican Guitar Players","description":"GUITARRA LA SEVILLANA E\/ACUSTICA UN3CEF2. Guitarra electro ac\u00fastica con caja cl\u00e1sica, canto delgado, resaque, tapa de abeto, brazo de nato, aros y fondo de caoba, diapas\u00f3n de palo de rosa, puente de sonokeling, color natural, preamp activo Fishman Cl\u00e1sica II con afinador digital, ecualizador de 2 bandas, volumen y fase, cuerdas D'Addario de nylon.","robots":{"index":"index","follow":"follow","max-snippet":"max-snippet:-1","max-image-preview":"max-image-preview:large","max-video-preview":"max-video-preview:-1"},"canonical":"https:\/\/www.mexicanguitarplayers.com\/en\/tienda\/cuerdas\/guitarras-cuerdas\/acusticas\/guitarras-electro-acusticas\/guitarra-la-sevillana-e-acustica-un3cef2\/","og_locale":"en_US","og_type":"article","og_title":"GUITARRA LA SEVILLANA E\/ACUSTICA UN3CEF2 - Mexican Guitar Players","og_description":"GUITARRA LA SEVILLANA E\/ACUSTICA UN3CEF2. Guitarra electro ac\u00fastica con caja cl\u00e1sica, canto delgado, resaque, tapa de abeto, brazo de nato, aros y fondo de caoba, diapas\u00f3n de palo de rosa, puente de sonokeling, color natural, preamp activo Fishman Cl\u00e1sica II con afinador digital, ecualizador de 2 bandas, volumen y fase, cuerdas D'Addario de nylon.","og_url":"https:\/\/www.mexicanguitarplayers.com\/en\/tienda\/cuerdas\/guitarras-cuerdas\/acusticas\/guitarras-electro-acusticas\/guitarra-la-sevillana-e-acustica-un3cef2\/","og_site_name":"Mexican Guitar Players","article_modified_time":"2026-04-10T11:16:49+00:00","og_image":[{"width":800,"height":1600,"url":"https:\/\/www.mexicanguitarplayers.com\/wp-content\/uploads\/2022\/08\/ISSEVUN3CEF2.jpg","type":"image\/jpeg"}],"twitter_card":"summary_large_image","schema":{"@context":"https:\/\/schema.org","@graph":[{"@type":["WebPage","ItemPage"],"@id":"https:\/\/www.mexicanguitarplayers.com\/tienda\/cuerdas\/guitarras-cuerdas\/acusticas\/guitarras-electro-acusticas\/guitarra-la-sevillana-e-acustica-un3cef2\/","url":"https:\/\/www.mexicanguitarplayers.com\/tienda\/cuerdas\/guitarras-cuerdas\/acusticas\/guitarras-electro-acusticas\/guitarra-la-sevillana-e-acustica-un3cef2\/","name":"GUITARRA LA SEVILLANA E\/ACUSTICA UN3CEF2 - Mexican Guitar Players","isPartOf":{"@id":"https:\/\/www.mexicanguitarplayers.com\/#website"},"primaryImageOfPage":{"@id":"https:\/\/www.mexicanguitarplayers.com\/tienda\/cuerdas\/guitarras-cuerdas\/acusticas\/guitarras-electro-acusticas\/guitarra-la-sevillana-e-acustica-un3cef2\/#primaryimage"},"image":{"@id":"https:\/\/www.mexicanguitarplayers.com\/tienda\/cuerdas\/guitarras-cuerdas\/acusticas\/guitarras-electro-acusticas\/guitarra-la-sevillana-e-acustica-un3cef2\/#primaryimage"},"thumbnailUrl":"https:\/\/www.mexicanguitarplayers.com\/wp-content\/uploads\/2022\/08\/ISSEVUN3CEF2.jpg","datePublished":"2022-08-18T13:16:46+00:00","dateModified":"2026-04-10T11:16:49+00:00","description":"GUITARRA LA SEVILLANA E\/ACUSTICA UN3CEF2. Guitarra electro ac\u00fastica con caja cl\u00e1sica, canto delgado, resaque, tapa de abeto, brazo de nato, aros y fondo de caoba, diapas\u00f3n de palo de rosa, puente de sonokeling, color natural, preamp activo Fishman Cl\u00e1sica II con afinador digital, ecualizador de 2 bandas, volumen y fase, cuerdas D'Addario de nylon.","breadcrumb":{"@id":"https:\/\/www.mexicanguitarplayers.com\/tienda\/cuerdas\/guitarras-cuerdas\/acusticas\/guitarras-electro-acusticas\/guitarra-la-sevillana-e-acustica-un3cef2\/#breadcrumb"},"inLanguage":"en-US","potentialAction":[{"@type":"ReadAction","target":["https:\/\/www.mexicanguitarplayers.com\/tienda\/cuerdas\/guitarras-cuerdas\/acusticas\/guitarras-electro-acusticas\/guitarra-la-sevillana-e-acustica-un3cef2\/"]}]},{"@type":"ImageObject","inLanguage":"en-US","@id":"https:\/\/www.mexicanguitarplayers.com\/tienda\/cuerdas\/guitarras-cuerdas\/acusticas\/guitarras-electro-acusticas\/guitarra-la-sevillana-e-acustica-un3cef2\/#primaryimage","url":"https:\/\/www.mexicanguitarplayers.com\/wp-content\/uploads\/2022\/08\/ISSEVUN3CEF2.jpg","contentUrl":"https:\/\/www.mexicanguitarplayers.com\/wp-content\/uploads\/2022\/08\/ISSEVUN3CEF2.jpg","width":800,"height":1600},{"@type":"BreadcrumbList","@id":"https:\/\/www.mexicanguitarplayers.com\/tienda\/cuerdas\/guitarras-cuerdas\/acusticas\/guitarras-electro-acusticas\/guitarra-la-sevillana-e-acustica-un3cef2\/#breadcrumb","itemListElement":[{"@type":"ListItem","position":1,"name":"Portada","item":"https:\/\/www.mexicanguitarplayers.com\/"},{"@type":"ListItem","position":2,"name":"Tienda","item":"https:\/\/www.mexicanguitarplayers.com\/tienda\/"},{"@type":"ListItem","position":3,"name":"GUITARRA LA SEVILLANA E\/ACUSTICA UN3CEF2"}]},{"@type":"WebSite","@id":"https:\/\/www.mexicanguitarplayers.com\/#website","url":"https:\/\/www.mexicanguitarplayers.com\/","name":"Mexican Guitar Players","description":"Website","publisher":{"@id":"https:\/\/www.mexicanguitarplayers.com\/#organization"},"potentialAction":[{"@type":"SearchAction","target":{"@type":"EntryPoint","urlTemplate":"https:\/\/www.mexicanguitarplayers.com\/?s={search_term_string}"},"query-input":{"@type":"PropertyValueSpecification","valueRequired":true,"valueName":"search_term_string"}}],"inLanguage":"en-US"},{"@type":"Organization","@id":"https:\/\/www.mexicanguitarplayers.com\/#organization","name":"Mexican Guitar Players","url":"https:\/\/www.mexicanguitarplayers.com\/","logo":{"@type":"ImageObject","inLanguage":"en-US","@id":"https:\/\/www.mexicanguitarplayers.com\/#\/schema\/logo\/image\/","url":"","contentUrl":"","caption":"Mexican Guitar Players"},"image":{"@id":"https:\/\/www.mexicanguitarplayers.com\/#\/schema\/logo\/image\/"}}]}},"brands":[{"id":345,"name":"THE SEVILLE","slug":"la-sevillana"}],"_links":{"self":[{"href":"https:\/\/www.mexicanguitarplayers.com\/en\/wp-json\/wp\/v2\/product\/11968","targetHints":{"allow":["GET"]}}],"collection":[{"href":"https:\/\/www.mexicanguitarplayers.com\/en\/wp-json\/wp\/v2\/product"}],"about":[{"href":"https:\/\/www.mexicanguitarplayers.com\/en\/wp-json\/wp\/v2\/types\/product"}],"replies":[{"embeddable":true,"href":"https:\/\/www.mexicanguitarplayers.com\/en\/wp-json\/wp\/v2\/comments?post=11968"}],"wp:featuredmedia":[{"embeddable":true,"href":"https:\/\/www.mexicanguitarplayers.com\/en\/wp-json\/wp\/v2\/media\/11963"}],"wp:attachment":[{"href":"https:\/\/www.mexicanguitarplayers.com\/en\/wp-json\/wp\/v2\/media?parent=11968"}],"wp:term":[{"taxonomy":"pwb-brand","embeddable":true,"href":"https:\/\/www.mexicanguitarplayers.com\/en\/wp-json\/wp\/v2\/pwb-brand?post=11968"},{"taxonomy":"product_brand","embeddable":true,"href":"https:\/\/www.mexicanguitarplayers.com\/en\/wp-json\/wp\/v2\/product_brand?post=11968"},{"taxonomy":"product_cat","embeddable":true,"href":"https:\/\/www.mexicanguitarplayers.com\/en\/wp-json\/wp\/v2\/product_cat?post=11968"},{"taxonomy":"product_tag","embeddable":true,"href":"https:\/\/www.mexicanguitarplayers.com\/en\/wp-json\/wp\/v2\/product_tag?post=11968"}],"curies":[{"name":"wp","href":"https:\/\/api.w.org\/{rel}","templated":true}]}}