{"id":12104,"date":"2022-08-18T08:20:44","date_gmt":"2022-08-18T13:20:44","guid":{"rendered":"https:\/\/www.mexicanguitarplayers.com\/tienda\/sin%20categor\u00eda\/bajo-spector-electrico-mod-performer-5\/"},"modified":"2026-04-10T05:16:32","modified_gmt":"2026-04-10T11:16:32","slug":"bajo-spector-electrico-mod-performer-5","status":"publish","type":"product","link":"https:\/\/www.mexicanguitarplayers.com\/en\/tienda\/cuerdas\/bajos\/electricos\/electricos-pasivos\/bajo-spector-electrico-mod-performer-5\/","title":{"rendered":"LOW SPECTOR ELECTRIC MOD. PERFORMER 5"},"content":{"rendered":"<div style=\"text-align: justify\">\n<div>\n<h3>LOW SPECTOR ELECTRIC MOD. PERFORMER 5<\/h3>\n<\/div>\n<div>5-string electric bass, classic NS-type nato body, 3-piece maple neck, bolt-on construction, 24 frets, amara fingerboard, set of Spector Designed Humbuckers pickups, dotted inlays, scale: 34\u201d, nut 1.57\u201d wide 2 volume 2 tone graphite, black hardware. Product dimensions: 10.5 x 44.5 x 123 cm. Weight: 4.59kg<\/div>\n<\/div>","protected":false},"excerpt":{"rendered":"<p>Bajo el\u00e9ctrico de 5 cuerdas, cuerpo cl\u00e1sico de nato tipo NS, brazo de 3 piezas de maple, construcci\u00f3n bolt-on, 24 trastes, diapas\u00f3n de amara, set de pastillas Spector Designed Humbuckers, incrustaciones: puntos, escala: 34\u201d, cejuela de grafito de 1.57\u201d pulgadas de ancho, 2 vol\u00famenes y 2 tonos, hardware negro. Dimensiones del producto: 10.5 x 44.5 x 123 cm. Peso: 4.59 kg&hellip; <a class=\"kt-excerpt-readmore more-link\" href=\"https:\/\/www.mexicanguitarplayers.com\/en\/tienda\/cuerdas\/bajos\/electricos\/electricos-pasivos\/bajo-spector-electrico-mod-performer-5\/\">Read more<\/a><\/p>","protected":false},"featured_media":12103,"comment_status":"open","ping_status":"closed","template":"","meta":{"kt_blocks_editor_width":""},"pwb-brand":[374],"product_brand":[],"product_cat":[317,224,318,319],"product_tag":[],"class_list":{"0":"post-12104","1":"product","2":"type-product","3":"status-publish","4":"has-post-thumbnail","6":"pwb-brand-spector","7":"product_cat-bajos","8":"product_cat-cuerdas","9":"product_cat-electricos","10":"product_cat-electricos-pasivos","11":"product_shipping_class-20-25-kg","13":"first","14":"outofstock","15":"taxable","16":"shipping-taxable","17":"purchasable","18":"product-type-simple"},"yoast_head":"<!-- This site is optimized with the Yoast SEO plugin v27.5 - https:\/\/yoast.com\/product\/yoast-seo-wordpress\/ -->\n<title>BAJO SPECTOR ELECTRICO MOD. PERFORMER 5 - Mexican Guitar Players<\/title>\n<meta name=\"description\" content=\"BAJO SPECTOR ELECTRICO MOD. PERFORMER 5. Bajo el\u00e9ctrico de 5 cuerdas, cuerpo cl\u00e1sico de nato tipo NS, brazo de 3 piezas de maple, construcci\u00f3n bolt-on, 24 trastes, diapas\u00f3n de amara, set de pastillas Spector Designed Humbuckers, incrustaciones: puntos, escala: 34\u201d, cejuela de grafito de 1.57\u201d pulgadas de ancho, 2 vol\u00famenes y 2 tonos, hardware negro. Dimensiones del producto: 10.5 x 44.5 x 123 cm. Peso: 4.59 kg\" \/>\n<meta name=\"robots\" content=\"index, follow, max-snippet:-1, max-image-preview:large, max-video-preview:-1\" \/>\n<link rel=\"canonical\" href=\"https:\/\/www.mexicanguitarplayers.com\/en\/tienda\/cuerdas\/bajos\/electricos\/electricos-pasivos\/bajo-spector-electrico-mod-performer-5\/\" \/>\n<meta property=\"og:locale\" content=\"en_US\" \/>\n<meta property=\"og:type\" content=\"article\" \/>\n<meta property=\"og:title\" content=\"BAJO SPECTOR ELECTRICO MOD. PERFORMER 5 - Mexican Guitar Players\" \/>\n<meta property=\"og:description\" content=\"BAJO SPECTOR ELECTRICO MOD. PERFORMER 5. Bajo el\u00e9ctrico de 5 cuerdas, cuerpo cl\u00e1sico de nato tipo NS, brazo de 3 piezas de maple, construcci\u00f3n bolt-on, 24 trastes, diapas\u00f3n de amara, set de pastillas Spector Designed Humbuckers, incrustaciones: puntos, escala: 34\u201d, cejuela de grafito de 1.57\u201d pulgadas de ancho, 2 vol\u00famenes y 2 tonos, hardware negro. Dimensiones del producto: 10.5 x 44.5 x 123 cm. Peso: 4.59 kg\" \/>\n<meta property=\"og:url\" content=\"https:\/\/www.mexicanguitarplayers.com\/en\/tienda\/cuerdas\/bajos\/electricos\/electricos-pasivos\/bajo-spector-electrico-mod-performer-5\/\" \/>\n<meta property=\"og:site_name\" content=\"Mexican Guitar Players\" \/>\n<meta property=\"article:modified_time\" content=\"2026-04-10T11:16:32+00:00\" \/>\n<meta property=\"og:image\" content=\"https:\/\/www.mexicanguitarplayers.com\/wp-content\/uploads\/2022\/08\/ISSPTPERFORMR5.jpg\" \/>\n\t<meta property=\"og:image:width\" content=\"800\" \/>\n\t<meta property=\"og:image:height\" content=\"1600\" \/>\n\t<meta property=\"og:image:type\" content=\"image\/jpeg\" \/>\n<meta name=\"twitter:card\" content=\"summary_large_image\" \/>\n<script type=\"application\/ld+json\" class=\"yoast-schema-graph\">{\"@context\":\"https:\\\/\\\/schema.org\",\"@graph\":[{\"@type\":[\"WebPage\",\"ItemPage\"],\"@id\":\"https:\\\/\\\/www.mexicanguitarplayers.com\\\/tienda\\\/cuerdas\\\/bajos\\\/electricos\\\/electricos-pasivos\\\/bajo-spector-electrico-mod-performer-5\\\/\",\"url\":\"https:\\\/\\\/www.mexicanguitarplayers.com\\\/tienda\\\/cuerdas\\\/bajos\\\/electricos\\\/electricos-pasivos\\\/bajo-spector-electrico-mod-performer-5\\\/\",\"name\":\"BAJO SPECTOR ELECTRICO MOD. PERFORMER 5 - Mexican Guitar Players\",\"isPartOf\":{\"@id\":\"https:\\\/\\\/www.mexicanguitarplayers.com\\\/#website\"},\"primaryImageOfPage\":{\"@id\":\"https:\\\/\\\/www.mexicanguitarplayers.com\\\/tienda\\\/cuerdas\\\/bajos\\\/electricos\\\/electricos-pasivos\\\/bajo-spector-electrico-mod-performer-5\\\/#primaryimage\"},\"image\":{\"@id\":\"https:\\\/\\\/www.mexicanguitarplayers.com\\\/tienda\\\/cuerdas\\\/bajos\\\/electricos\\\/electricos-pasivos\\\/bajo-spector-electrico-mod-performer-5\\\/#primaryimage\"},\"thumbnailUrl\":\"https:\\\/\\\/www.mexicanguitarplayers.com\\\/wp-content\\\/uploads\\\/2022\\\/08\\\/ISSPTPERFORMR5.jpg\",\"datePublished\":\"2022-08-18T13:20:44+00:00\",\"dateModified\":\"2026-04-10T11:16:32+00:00\",\"description\":\"BAJO SPECTOR ELECTRICO MOD. PERFORMER 5. Bajo el\u00e9ctrico de 5 cuerdas, cuerpo cl\u00e1sico de nato tipo NS, brazo de 3 piezas de maple, construcci\u00f3n bolt-on, 24 trastes, diapas\u00f3n de amara, set de pastillas Spector Designed Humbuckers, incrustaciones: puntos, escala: 34\u201d, cejuela de grafito de 1.57\u201d pulgadas de ancho, 2 vol\u00famenes y 2 tonos, hardware negro. Dimensiones del producto: 10.5 x 44.5 x 123 cm. Peso: 4.59 kg\",\"breadcrumb\":{\"@id\":\"https:\\\/\\\/www.mexicanguitarplayers.com\\\/tienda\\\/cuerdas\\\/bajos\\\/electricos\\\/electricos-pasivos\\\/bajo-spector-electrico-mod-performer-5\\\/#breadcrumb\"},\"inLanguage\":\"en-US\",\"potentialAction\":[{\"@type\":\"ReadAction\",\"target\":[\"https:\\\/\\\/www.mexicanguitarplayers.com\\\/tienda\\\/cuerdas\\\/bajos\\\/electricos\\\/electricos-pasivos\\\/bajo-spector-electrico-mod-performer-5\\\/\"]}]},{\"@type\":\"ImageObject\",\"inLanguage\":\"en-US\",\"@id\":\"https:\\\/\\\/www.mexicanguitarplayers.com\\\/tienda\\\/cuerdas\\\/bajos\\\/electricos\\\/electricos-pasivos\\\/bajo-spector-electrico-mod-performer-5\\\/#primaryimage\",\"url\":\"https:\\\/\\\/www.mexicanguitarplayers.com\\\/wp-content\\\/uploads\\\/2022\\\/08\\\/ISSPTPERFORMR5.jpg\",\"contentUrl\":\"https:\\\/\\\/www.mexicanguitarplayers.com\\\/wp-content\\\/uploads\\\/2022\\\/08\\\/ISSPTPERFORMR5.jpg\",\"width\":800,\"height\":1600},{\"@type\":\"BreadcrumbList\",\"@id\":\"https:\\\/\\\/www.mexicanguitarplayers.com\\\/tienda\\\/cuerdas\\\/bajos\\\/electricos\\\/electricos-pasivos\\\/bajo-spector-electrico-mod-performer-5\\\/#breadcrumb\",\"itemListElement\":[{\"@type\":\"ListItem\",\"position\":1,\"name\":\"Portada\",\"item\":\"https:\\\/\\\/www.mexicanguitarplayers.com\\\/\"},{\"@type\":\"ListItem\",\"position\":2,\"name\":\"Tienda\",\"item\":\"https:\\\/\\\/www.mexicanguitarplayers.com\\\/tienda\\\/\"},{\"@type\":\"ListItem\",\"position\":3,\"name\":\"BAJO SPECTOR ELECTRICO MOD. PERFORMER 5\"}]},{\"@type\":\"WebSite\",\"@id\":\"https:\\\/\\\/www.mexicanguitarplayers.com\\\/#website\",\"url\":\"https:\\\/\\\/www.mexicanguitarplayers.com\\\/\",\"name\":\"Mexican Guitar Players\",\"description\":\"Website\",\"publisher\":{\"@id\":\"https:\\\/\\\/www.mexicanguitarplayers.com\\\/#organization\"},\"potentialAction\":[{\"@type\":\"SearchAction\",\"target\":{\"@type\":\"EntryPoint\",\"urlTemplate\":\"https:\\\/\\\/www.mexicanguitarplayers.com\\\/?s={search_term_string}\"},\"query-input\":{\"@type\":\"PropertyValueSpecification\",\"valueRequired\":true,\"valueName\":\"search_term_string\"}}],\"inLanguage\":\"en-US\"},{\"@type\":\"Organization\",\"@id\":\"https:\\\/\\\/www.mexicanguitarplayers.com\\\/#organization\",\"name\":\"Mexican Guitar Players\",\"url\":\"https:\\\/\\\/www.mexicanguitarplayers.com\\\/\",\"logo\":{\"@type\":\"ImageObject\",\"inLanguage\":\"en-US\",\"@id\":\"https:\\\/\\\/www.mexicanguitarplayers.com\\\/#\\\/schema\\\/logo\\\/image\\\/\",\"url\":\"\",\"contentUrl\":\"\",\"caption\":\"Mexican Guitar Players\"},\"image\":{\"@id\":\"https:\\\/\\\/www.mexicanguitarplayers.com\\\/#\\\/schema\\\/logo\\\/image\\\/\"}}]}<\/script>\n<!-- \/ Yoast SEO plugin. -->","yoast_head_json":{"title":"BAJO SPECTOR ELECTRICO MOD. PERFORMER 5 - Mexican Guitar Players","description":"BAJO SPECTOR ELECTRICO MOD. PERFORMER 5. Bajo el\u00e9ctrico de 5 cuerdas, cuerpo cl\u00e1sico de nato tipo NS, brazo de 3 piezas de maple, construcci\u00f3n bolt-on, 24 trastes, diapas\u00f3n de amara, set de pastillas Spector Designed Humbuckers, incrustaciones: puntos, escala: 34\u201d, cejuela de grafito de 1.57\u201d pulgadas de ancho, 2 vol\u00famenes y 2 tonos, hardware negro. Dimensiones del producto: 10.5 x 44.5 x 123 cm. Peso: 4.59 kg","robots":{"index":"index","follow":"follow","max-snippet":"max-snippet:-1","max-image-preview":"max-image-preview:large","max-video-preview":"max-video-preview:-1"},"canonical":"https:\/\/www.mexicanguitarplayers.com\/en\/tienda\/cuerdas\/bajos\/electricos\/electricos-pasivos\/bajo-spector-electrico-mod-performer-5\/","og_locale":"en_US","og_type":"article","og_title":"BAJO SPECTOR ELECTRICO MOD. PERFORMER 5 - Mexican Guitar Players","og_description":"BAJO SPECTOR ELECTRICO MOD. PERFORMER 5. Bajo el\u00e9ctrico de 5 cuerdas, cuerpo cl\u00e1sico de nato tipo NS, brazo de 3 piezas de maple, construcci\u00f3n bolt-on, 24 trastes, diapas\u00f3n de amara, set de pastillas Spector Designed Humbuckers, incrustaciones: puntos, escala: 34\u201d, cejuela de grafito de 1.57\u201d pulgadas de ancho, 2 vol\u00famenes y 2 tonos, hardware negro. Dimensiones del producto: 10.5 x 44.5 x 123 cm. Peso: 4.59 kg","og_url":"https:\/\/www.mexicanguitarplayers.com\/en\/tienda\/cuerdas\/bajos\/electricos\/electricos-pasivos\/bajo-spector-electrico-mod-performer-5\/","og_site_name":"Mexican Guitar Players","article_modified_time":"2026-04-10T11:16:32+00:00","og_image":[{"width":800,"height":1600,"url":"https:\/\/www.mexicanguitarplayers.com\/wp-content\/uploads\/2022\/08\/ISSPTPERFORMR5.jpg","type":"image\/jpeg"}],"twitter_card":"summary_large_image","schema":{"@context":"https:\/\/schema.org","@graph":[{"@type":["WebPage","ItemPage"],"@id":"https:\/\/www.mexicanguitarplayers.com\/tienda\/cuerdas\/bajos\/electricos\/electricos-pasivos\/bajo-spector-electrico-mod-performer-5\/","url":"https:\/\/www.mexicanguitarplayers.com\/tienda\/cuerdas\/bajos\/electricos\/electricos-pasivos\/bajo-spector-electrico-mod-performer-5\/","name":"BAJO SPECTOR ELECTRICO MOD. PERFORMER 5 - Mexican Guitar Players","isPartOf":{"@id":"https:\/\/www.mexicanguitarplayers.com\/#website"},"primaryImageOfPage":{"@id":"https:\/\/www.mexicanguitarplayers.com\/tienda\/cuerdas\/bajos\/electricos\/electricos-pasivos\/bajo-spector-electrico-mod-performer-5\/#primaryimage"},"image":{"@id":"https:\/\/www.mexicanguitarplayers.com\/tienda\/cuerdas\/bajos\/electricos\/electricos-pasivos\/bajo-spector-electrico-mod-performer-5\/#primaryimage"},"thumbnailUrl":"https:\/\/www.mexicanguitarplayers.com\/wp-content\/uploads\/2022\/08\/ISSPTPERFORMR5.jpg","datePublished":"2022-08-18T13:20:44+00:00","dateModified":"2026-04-10T11:16:32+00:00","description":"BAJO SPECTOR ELECTRICO MOD. PERFORMER 5. Bajo el\u00e9ctrico de 5 cuerdas, cuerpo cl\u00e1sico de nato tipo NS, brazo de 3 piezas de maple, construcci\u00f3n bolt-on, 24 trastes, diapas\u00f3n de amara, set de pastillas Spector Designed Humbuckers, incrustaciones: puntos, escala: 34\u201d, cejuela de grafito de 1.57\u201d pulgadas de ancho, 2 vol\u00famenes y 2 tonos, hardware negro. Dimensiones del producto: 10.5 x 44.5 x 123 cm. Peso: 4.59 kg","breadcrumb":{"@id":"https:\/\/www.mexicanguitarplayers.com\/tienda\/cuerdas\/bajos\/electricos\/electricos-pasivos\/bajo-spector-electrico-mod-performer-5\/#breadcrumb"},"inLanguage":"en-US","potentialAction":[{"@type":"ReadAction","target":["https:\/\/www.mexicanguitarplayers.com\/tienda\/cuerdas\/bajos\/electricos\/electricos-pasivos\/bajo-spector-electrico-mod-performer-5\/"]}]},{"@type":"ImageObject","inLanguage":"en-US","@id":"https:\/\/www.mexicanguitarplayers.com\/tienda\/cuerdas\/bajos\/electricos\/electricos-pasivos\/bajo-spector-electrico-mod-performer-5\/#primaryimage","url":"https:\/\/www.mexicanguitarplayers.com\/wp-content\/uploads\/2022\/08\/ISSPTPERFORMR5.jpg","contentUrl":"https:\/\/www.mexicanguitarplayers.com\/wp-content\/uploads\/2022\/08\/ISSPTPERFORMR5.jpg","width":800,"height":1600},{"@type":"BreadcrumbList","@id":"https:\/\/www.mexicanguitarplayers.com\/tienda\/cuerdas\/bajos\/electricos\/electricos-pasivos\/bajo-spector-electrico-mod-performer-5\/#breadcrumb","itemListElement":[{"@type":"ListItem","position":1,"name":"Portada","item":"https:\/\/www.mexicanguitarplayers.com\/"},{"@type":"ListItem","position":2,"name":"Tienda","item":"https:\/\/www.mexicanguitarplayers.com\/tienda\/"},{"@type":"ListItem","position":3,"name":"BAJO SPECTOR ELECTRICO MOD. PERFORMER 5"}]},{"@type":"WebSite","@id":"https:\/\/www.mexicanguitarplayers.com\/#website","url":"https:\/\/www.mexicanguitarplayers.com\/","name":"Mexican Guitar Players","description":"Website","publisher":{"@id":"https:\/\/www.mexicanguitarplayers.com\/#organization"},"potentialAction":[{"@type":"SearchAction","target":{"@type":"EntryPoint","urlTemplate":"https:\/\/www.mexicanguitarplayers.com\/?s={search_term_string}"},"query-input":{"@type":"PropertyValueSpecification","valueRequired":true,"valueName":"search_term_string"}}],"inLanguage":"en-US"},{"@type":"Organization","@id":"https:\/\/www.mexicanguitarplayers.com\/#organization","name":"Mexican Guitar Players","url":"https:\/\/www.mexicanguitarplayers.com\/","logo":{"@type":"ImageObject","inLanguage":"en-US","@id":"https:\/\/www.mexicanguitarplayers.com\/#\/schema\/logo\/image\/","url":"","contentUrl":"","caption":"Mexican Guitar Players"},"image":{"@id":"https:\/\/www.mexicanguitarplayers.com\/#\/schema\/logo\/image\/"}}]}},"brands":[{"id":374,"name":"SPECTOR","slug":"spector"}],"_links":{"self":[{"href":"https:\/\/www.mexicanguitarplayers.com\/en\/wp-json\/wp\/v2\/product\/12104","targetHints":{"allow":["GET"]}}],"collection":[{"href":"https:\/\/www.mexicanguitarplayers.com\/en\/wp-json\/wp\/v2\/product"}],"about":[{"href":"https:\/\/www.mexicanguitarplayers.com\/en\/wp-json\/wp\/v2\/types\/product"}],"replies":[{"embeddable":true,"href":"https:\/\/www.mexicanguitarplayers.com\/en\/wp-json\/wp\/v2\/comments?post=12104"}],"wp:featuredmedia":[{"embeddable":true,"href":"https:\/\/www.mexicanguitarplayers.com\/en\/wp-json\/wp\/v2\/media\/12103"}],"wp:attachment":[{"href":"https:\/\/www.mexicanguitarplayers.com\/en\/wp-json\/wp\/v2\/media?parent=12104"}],"wp:term":[{"taxonomy":"pwb-brand","embeddable":true,"href":"https:\/\/www.mexicanguitarplayers.com\/en\/wp-json\/wp\/v2\/pwb-brand?post=12104"},{"taxonomy":"product_brand","embeddable":true,"href":"https:\/\/www.mexicanguitarplayers.com\/en\/wp-json\/wp\/v2\/product_brand?post=12104"},{"taxonomy":"product_cat","embeddable":true,"href":"https:\/\/www.mexicanguitarplayers.com\/en\/wp-json\/wp\/v2\/product_cat?post=12104"},{"taxonomy":"product_tag","embeddable":true,"href":"https:\/\/www.mexicanguitarplayers.com\/en\/wp-json\/wp\/v2\/product_tag?post=12104"}],"curies":[{"name":"wp","href":"https:\/\/api.w.org\/{rel}","templated":true}]}}