{"id":12107,"date":"2022-08-18T08:20:51","date_gmt":"2022-08-18T13:20:51","guid":{"rendered":"https:\/\/www.mexicanguitarplayers.com\/tienda\/sin%20categor\u00eda\/guitarra-washburn-acustica-mod-novo-s9\/"},"modified":"2026-01-17T05:40:50","modified_gmt":"2026-01-17T11:40:50","slug":"guitarra-washburn-acustica-mod-novo-s9","status":"publish","type":"product","link":"https:\/\/www.mexicanguitarplayers.com\/en\/tienda\/cuerdas\/guitarras-cuerdas\/acusticas\/guitarras-acusticas\/guitarra-washburn-acustica-mod-novo-s9\/","title":{"rendered":"WASHBURN ACOUSTIC GUITAR MOD. NEW S9"},"content":{"rendered":"<div style=\"text-align: justify\">\n<div>\n<h3>WASHBURN ACOUSTIC GUITAR MOD. NEW S9<\/h3>\n<\/div>\n<div>6-string Studio Acoustic Guitar, focused sound and very comfortable feel, select spruce top, figured walnut back and sides, quarter sawn scalloped bracing, Washburn Bella Tono rosette, Gloss Charcoal Burst color, okoume neck, ebony fingerboard, 20 Frets, Inlays: Dots with Lotus Inlay at 12th Fret, Scale: 25.5\u201d, Black Hardware, Ebony Bridge, Black Diecast Machines.<\/div>\n<\/div>","protected":false},"excerpt":{"rendered":"<p>Guitarra ac\u00fastica Studio de 6 cuerdas, sonido enfocado y sensaci\u00f3n muy c\u00f3moda, tapa de abeto seleccionado, aros y fondo de nogal figurado, refuerzo de cuarto aserrado escalopado, roseta Washburn Bella Tono, color Gloss Charcoal Burst, brazo de okoume, diapas\u00f3n de \u00e9bano, 20 trastes, incrustaciones: puntos con incrustaci\u00f3n de Lotus en el traste 12, escala: 25.5\u201d, hardware negro, puente de \u00e9bano, maquinaria negra diecast.&hellip; <a class=\"kt-excerpt-readmore more-link\" href=\"https:\/\/www.mexicanguitarplayers.com\/en\/tienda\/cuerdas\/guitarras-cuerdas\/acusticas\/guitarras-acusticas\/guitarra-washburn-acustica-mod-novo-s9\/\">Read more<\/a><\/p>","protected":false},"featured_media":12105,"comment_status":"open","ping_status":"closed","template":"","meta":{"kt_blocks_editor_width":""},"pwb-brand":[178],"product_brand":[],"product_cat":[315,224,312,327],"product_tag":[],"class_list":{"0":"post-12107","1":"product","2":"type-product","3":"status-publish","4":"has-post-thumbnail","6":"pwb-brand-washburn","7":"product_cat-acusticas","8":"product_cat-cuerdas","9":"product_cat-guitarras-cuerdas","10":"product_cat-guitarras-acusticas","11":"product_shipping_class-20-25-kg","13":"first","14":"instock","15":"taxable","16":"shipping-taxable","17":"purchasable","18":"product-type-simple"},"yoast_head":"<!-- This site is optimized with the Yoast SEO plugin v27.3 - https:\/\/yoast.com\/product\/yoast-seo-wordpress\/ -->\n<title>GUITARRA WASHBURN ACUSTICA MOD. NOVO S9 - Mexican Guitar Players<\/title>\n<meta name=\"description\" content=\"GUITARRA WASHBURN ACUSTICA MOD. NOVO S9. Guitarra ac\u00fastica Studio de 6 cuerdas, sonido enfocado y sensaci\u00f3n muy c\u00f3moda, tapa de abeto seleccionado, aros y fondo de nogal figurado, refuerzo de cuarto aserrado escalopado, roseta Washburn Bella Tono, color Gloss Charcoal Burst, brazo de okoume, diapas\u00f3n de \u00e9bano, 20 trastes, incrustaciones: puntos con incrustaci\u00f3n de Lotus en el traste 12, escala: 25.5\u201d, hardware negro, puente de \u00e9bano, maquinaria negra diecast.\" \/>\n<meta name=\"robots\" content=\"index, follow, max-snippet:-1, max-image-preview:large, max-video-preview:-1\" \/>\n<link rel=\"canonical\" href=\"https:\/\/www.mexicanguitarplayers.com\/en\/tienda\/cuerdas\/guitarras-cuerdas\/acusticas\/guitarras-acusticas\/guitarra-washburn-acustica-mod-novo-s9\/\" \/>\n<meta property=\"og:locale\" content=\"en_US\" \/>\n<meta property=\"og:type\" content=\"article\" \/>\n<meta property=\"og:title\" content=\"GUITARRA WASHBURN ACUSTICA MOD. NOVO S9 - Mexican Guitar Players\" \/>\n<meta property=\"og:description\" content=\"GUITARRA WASHBURN ACUSTICA MOD. NOVO S9. Guitarra ac\u00fastica Studio de 6 cuerdas, sonido enfocado y sensaci\u00f3n muy c\u00f3moda, tapa de abeto seleccionado, aros y fondo de nogal figurado, refuerzo de cuarto aserrado escalopado, roseta Washburn Bella Tono, color Gloss Charcoal Burst, brazo de okoume, diapas\u00f3n de \u00e9bano, 20 trastes, incrustaciones: puntos con incrustaci\u00f3n de Lotus en el traste 12, escala: 25.5\u201d, hardware negro, puente de \u00e9bano, maquinaria negra diecast.\" \/>\n<meta property=\"og:url\" content=\"https:\/\/www.mexicanguitarplayers.com\/en\/tienda\/cuerdas\/guitarras-cuerdas\/acusticas\/guitarras-acusticas\/guitarra-washburn-acustica-mod-novo-s9\/\" \/>\n<meta property=\"og:site_name\" content=\"Mexican Guitar Players\" \/>\n<meta property=\"article:modified_time\" content=\"2026-01-17T11:40:50+00:00\" \/>\n<meta property=\"og:image\" content=\"https:\/\/www.mexicanguitarplayers.com\/wp-content\/uploads\/2022\/08\/ISWASBTS9.jpg\" \/>\n\t<meta property=\"og:image:width\" content=\"800\" \/>\n\t<meta property=\"og:image:height\" content=\"1600\" \/>\n\t<meta property=\"og:image:type\" content=\"image\/jpeg\" \/>\n<meta name=\"twitter:card\" content=\"summary_large_image\" \/>\n<script type=\"application\/ld+json\" class=\"yoast-schema-graph\">{\"@context\":\"https:\\\/\\\/schema.org\",\"@graph\":[{\"@type\":[\"WebPage\",\"ItemPage\"],\"@id\":\"https:\\\/\\\/www.mexicanguitarplayers.com\\\/tienda\\\/cuerdas\\\/guitarras-cuerdas\\\/acusticas\\\/guitarras-acusticas\\\/guitarra-washburn-acustica-mod-novo-s9\\\/\",\"url\":\"https:\\\/\\\/www.mexicanguitarplayers.com\\\/tienda\\\/cuerdas\\\/guitarras-cuerdas\\\/acusticas\\\/guitarras-acusticas\\\/guitarra-washburn-acustica-mod-novo-s9\\\/\",\"name\":\"GUITARRA WASHBURN ACUSTICA MOD. NOVO S9 - Mexican Guitar Players\",\"isPartOf\":{\"@id\":\"https:\\\/\\\/www.mexicanguitarplayers.com\\\/#website\"},\"primaryImageOfPage\":{\"@id\":\"https:\\\/\\\/www.mexicanguitarplayers.com\\\/tienda\\\/cuerdas\\\/guitarras-cuerdas\\\/acusticas\\\/guitarras-acusticas\\\/guitarra-washburn-acustica-mod-novo-s9\\\/#primaryimage\"},\"image\":{\"@id\":\"https:\\\/\\\/www.mexicanguitarplayers.com\\\/tienda\\\/cuerdas\\\/guitarras-cuerdas\\\/acusticas\\\/guitarras-acusticas\\\/guitarra-washburn-acustica-mod-novo-s9\\\/#primaryimage\"},\"thumbnailUrl\":\"https:\\\/\\\/www.mexicanguitarplayers.com\\\/wp-content\\\/uploads\\\/2022\\\/08\\\/ISWASBTS9.jpg\",\"datePublished\":\"2022-08-18T13:20:51+00:00\",\"dateModified\":\"2026-01-17T11:40:50+00:00\",\"description\":\"GUITARRA WASHBURN ACUSTICA MOD. NOVO S9. Guitarra ac\u00fastica Studio de 6 cuerdas, sonido enfocado y sensaci\u00f3n muy c\u00f3moda, tapa de abeto seleccionado, aros y fondo de nogal figurado, refuerzo de cuarto aserrado escalopado, roseta Washburn Bella Tono, color Gloss Charcoal Burst, brazo de okoume, diapas\u00f3n de \u00e9bano, 20 trastes, incrustaciones: puntos con incrustaci\u00f3n de Lotus en el traste 12, escala: 25.5\u201d, hardware negro, puente de \u00e9bano, maquinaria negra diecast.\",\"breadcrumb\":{\"@id\":\"https:\\\/\\\/www.mexicanguitarplayers.com\\\/tienda\\\/cuerdas\\\/guitarras-cuerdas\\\/acusticas\\\/guitarras-acusticas\\\/guitarra-washburn-acustica-mod-novo-s9\\\/#breadcrumb\"},\"inLanguage\":\"en-US\",\"potentialAction\":[{\"@type\":\"ReadAction\",\"target\":[\"https:\\\/\\\/www.mexicanguitarplayers.com\\\/tienda\\\/cuerdas\\\/guitarras-cuerdas\\\/acusticas\\\/guitarras-acusticas\\\/guitarra-washburn-acustica-mod-novo-s9\\\/\"]}]},{\"@type\":\"ImageObject\",\"inLanguage\":\"en-US\",\"@id\":\"https:\\\/\\\/www.mexicanguitarplayers.com\\\/tienda\\\/cuerdas\\\/guitarras-cuerdas\\\/acusticas\\\/guitarras-acusticas\\\/guitarra-washburn-acustica-mod-novo-s9\\\/#primaryimage\",\"url\":\"https:\\\/\\\/www.mexicanguitarplayers.com\\\/wp-content\\\/uploads\\\/2022\\\/08\\\/ISWASBTS9.jpg\",\"contentUrl\":\"https:\\\/\\\/www.mexicanguitarplayers.com\\\/wp-content\\\/uploads\\\/2022\\\/08\\\/ISWASBTS9.jpg\",\"width\":800,\"height\":1600},{\"@type\":\"BreadcrumbList\",\"@id\":\"https:\\\/\\\/www.mexicanguitarplayers.com\\\/tienda\\\/cuerdas\\\/guitarras-cuerdas\\\/acusticas\\\/guitarras-acusticas\\\/guitarra-washburn-acustica-mod-novo-s9\\\/#breadcrumb\",\"itemListElement\":[{\"@type\":\"ListItem\",\"position\":1,\"name\":\"Portada\",\"item\":\"https:\\\/\\\/www.mexicanguitarplayers.com\\\/\"},{\"@type\":\"ListItem\",\"position\":2,\"name\":\"Tienda\",\"item\":\"https:\\\/\\\/www.mexicanguitarplayers.com\\\/tienda\\\/\"},{\"@type\":\"ListItem\",\"position\":3,\"name\":\"GUITARRA WASHBURN ACUSTICA MOD. NOVO S9\"}]},{\"@type\":\"WebSite\",\"@id\":\"https:\\\/\\\/www.mexicanguitarplayers.com\\\/#website\",\"url\":\"https:\\\/\\\/www.mexicanguitarplayers.com\\\/\",\"name\":\"Mexican Guitar Players\",\"description\":\"Website\",\"publisher\":{\"@id\":\"https:\\\/\\\/www.mexicanguitarplayers.com\\\/#organization\"},\"potentialAction\":[{\"@type\":\"SearchAction\",\"target\":{\"@type\":\"EntryPoint\",\"urlTemplate\":\"https:\\\/\\\/www.mexicanguitarplayers.com\\\/?s={search_term_string}\"},\"query-input\":{\"@type\":\"PropertyValueSpecification\",\"valueRequired\":true,\"valueName\":\"search_term_string\"}}],\"inLanguage\":\"en-US\"},{\"@type\":\"Organization\",\"@id\":\"https:\\\/\\\/www.mexicanguitarplayers.com\\\/#organization\",\"name\":\"Mexican Guitar Players\",\"url\":\"https:\\\/\\\/www.mexicanguitarplayers.com\\\/\",\"logo\":{\"@type\":\"ImageObject\",\"inLanguage\":\"en-US\",\"@id\":\"https:\\\/\\\/www.mexicanguitarplayers.com\\\/#\\\/schema\\\/logo\\\/image\\\/\",\"url\":\"\",\"contentUrl\":\"\",\"caption\":\"Mexican Guitar Players\"},\"image\":{\"@id\":\"https:\\\/\\\/www.mexicanguitarplayers.com\\\/#\\\/schema\\\/logo\\\/image\\\/\"}}]}<\/script>\n<!-- \/ Yoast SEO plugin. -->","yoast_head_json":{"title":"GUITARRA WASHBURN ACUSTICA MOD. NOVO S9 - Mexican Guitar Players","description":"GUITARRA WASHBURN ACUSTICA MOD. NOVO S9. Guitarra ac\u00fastica Studio de 6 cuerdas, sonido enfocado y sensaci\u00f3n muy c\u00f3moda, tapa de abeto seleccionado, aros y fondo de nogal figurado, refuerzo de cuarto aserrado escalopado, roseta Washburn Bella Tono, color Gloss Charcoal Burst, brazo de okoume, diapas\u00f3n de \u00e9bano, 20 trastes, incrustaciones: puntos con incrustaci\u00f3n de Lotus en el traste 12, escala: 25.5\u201d, hardware negro, puente de \u00e9bano, maquinaria negra diecast.","robots":{"index":"index","follow":"follow","max-snippet":"max-snippet:-1","max-image-preview":"max-image-preview:large","max-video-preview":"max-video-preview:-1"},"canonical":"https:\/\/www.mexicanguitarplayers.com\/en\/tienda\/cuerdas\/guitarras-cuerdas\/acusticas\/guitarras-acusticas\/guitarra-washburn-acustica-mod-novo-s9\/","og_locale":"en_US","og_type":"article","og_title":"GUITARRA WASHBURN ACUSTICA MOD. NOVO S9 - Mexican Guitar Players","og_description":"GUITARRA WASHBURN ACUSTICA MOD. NOVO S9. Guitarra ac\u00fastica Studio de 6 cuerdas, sonido enfocado y sensaci\u00f3n muy c\u00f3moda, tapa de abeto seleccionado, aros y fondo de nogal figurado, refuerzo de cuarto aserrado escalopado, roseta Washburn Bella Tono, color Gloss Charcoal Burst, brazo de okoume, diapas\u00f3n de \u00e9bano, 20 trastes, incrustaciones: puntos con incrustaci\u00f3n de Lotus en el traste 12, escala: 25.5\u201d, hardware negro, puente de \u00e9bano, maquinaria negra diecast.","og_url":"https:\/\/www.mexicanguitarplayers.com\/en\/tienda\/cuerdas\/guitarras-cuerdas\/acusticas\/guitarras-acusticas\/guitarra-washburn-acustica-mod-novo-s9\/","og_site_name":"Mexican Guitar Players","article_modified_time":"2026-01-17T11:40:50+00:00","og_image":[{"width":800,"height":1600,"url":"https:\/\/www.mexicanguitarplayers.com\/wp-content\/uploads\/2022\/08\/ISWASBTS9.jpg","type":"image\/jpeg"}],"twitter_card":"summary_large_image","schema":{"@context":"https:\/\/schema.org","@graph":[{"@type":["WebPage","ItemPage"],"@id":"https:\/\/www.mexicanguitarplayers.com\/tienda\/cuerdas\/guitarras-cuerdas\/acusticas\/guitarras-acusticas\/guitarra-washburn-acustica-mod-novo-s9\/","url":"https:\/\/www.mexicanguitarplayers.com\/tienda\/cuerdas\/guitarras-cuerdas\/acusticas\/guitarras-acusticas\/guitarra-washburn-acustica-mod-novo-s9\/","name":"GUITARRA WASHBURN ACUSTICA MOD. NOVO S9 - Mexican Guitar Players","isPartOf":{"@id":"https:\/\/www.mexicanguitarplayers.com\/#website"},"primaryImageOfPage":{"@id":"https:\/\/www.mexicanguitarplayers.com\/tienda\/cuerdas\/guitarras-cuerdas\/acusticas\/guitarras-acusticas\/guitarra-washburn-acustica-mod-novo-s9\/#primaryimage"},"image":{"@id":"https:\/\/www.mexicanguitarplayers.com\/tienda\/cuerdas\/guitarras-cuerdas\/acusticas\/guitarras-acusticas\/guitarra-washburn-acustica-mod-novo-s9\/#primaryimage"},"thumbnailUrl":"https:\/\/www.mexicanguitarplayers.com\/wp-content\/uploads\/2022\/08\/ISWASBTS9.jpg","datePublished":"2022-08-18T13:20:51+00:00","dateModified":"2026-01-17T11:40:50+00:00","description":"GUITARRA WASHBURN ACUSTICA MOD. NOVO S9. Guitarra ac\u00fastica Studio de 6 cuerdas, sonido enfocado y sensaci\u00f3n muy c\u00f3moda, tapa de abeto seleccionado, aros y fondo de nogal figurado, refuerzo de cuarto aserrado escalopado, roseta Washburn Bella Tono, color Gloss Charcoal Burst, brazo de okoume, diapas\u00f3n de \u00e9bano, 20 trastes, incrustaciones: puntos con incrustaci\u00f3n de Lotus en el traste 12, escala: 25.5\u201d, hardware negro, puente de \u00e9bano, maquinaria negra diecast.","breadcrumb":{"@id":"https:\/\/www.mexicanguitarplayers.com\/tienda\/cuerdas\/guitarras-cuerdas\/acusticas\/guitarras-acusticas\/guitarra-washburn-acustica-mod-novo-s9\/#breadcrumb"},"inLanguage":"en-US","potentialAction":[{"@type":"ReadAction","target":["https:\/\/www.mexicanguitarplayers.com\/tienda\/cuerdas\/guitarras-cuerdas\/acusticas\/guitarras-acusticas\/guitarra-washburn-acustica-mod-novo-s9\/"]}]},{"@type":"ImageObject","inLanguage":"en-US","@id":"https:\/\/www.mexicanguitarplayers.com\/tienda\/cuerdas\/guitarras-cuerdas\/acusticas\/guitarras-acusticas\/guitarra-washburn-acustica-mod-novo-s9\/#primaryimage","url":"https:\/\/www.mexicanguitarplayers.com\/wp-content\/uploads\/2022\/08\/ISWASBTS9.jpg","contentUrl":"https:\/\/www.mexicanguitarplayers.com\/wp-content\/uploads\/2022\/08\/ISWASBTS9.jpg","width":800,"height":1600},{"@type":"BreadcrumbList","@id":"https:\/\/www.mexicanguitarplayers.com\/tienda\/cuerdas\/guitarras-cuerdas\/acusticas\/guitarras-acusticas\/guitarra-washburn-acustica-mod-novo-s9\/#breadcrumb","itemListElement":[{"@type":"ListItem","position":1,"name":"Portada","item":"https:\/\/www.mexicanguitarplayers.com\/"},{"@type":"ListItem","position":2,"name":"Tienda","item":"https:\/\/www.mexicanguitarplayers.com\/tienda\/"},{"@type":"ListItem","position":3,"name":"GUITARRA WASHBURN ACUSTICA MOD. NOVO S9"}]},{"@type":"WebSite","@id":"https:\/\/www.mexicanguitarplayers.com\/#website","url":"https:\/\/www.mexicanguitarplayers.com\/","name":"Mexican Guitar Players","description":"Website","publisher":{"@id":"https:\/\/www.mexicanguitarplayers.com\/#organization"},"potentialAction":[{"@type":"SearchAction","target":{"@type":"EntryPoint","urlTemplate":"https:\/\/www.mexicanguitarplayers.com\/?s={search_term_string}"},"query-input":{"@type":"PropertyValueSpecification","valueRequired":true,"valueName":"search_term_string"}}],"inLanguage":"en-US"},{"@type":"Organization","@id":"https:\/\/www.mexicanguitarplayers.com\/#organization","name":"Mexican Guitar Players","url":"https:\/\/www.mexicanguitarplayers.com\/","logo":{"@type":"ImageObject","inLanguage":"en-US","@id":"https:\/\/www.mexicanguitarplayers.com\/#\/schema\/logo\/image\/","url":"","contentUrl":"","caption":"Mexican Guitar Players"},"image":{"@id":"https:\/\/www.mexicanguitarplayers.com\/#\/schema\/logo\/image\/"}}]}},"brands":[{"id":178,"name":"WASHBURN","slug":"washburn"}],"_links":{"self":[{"href":"https:\/\/www.mexicanguitarplayers.com\/en\/wp-json\/wp\/v2\/product\/12107","targetHints":{"allow":["GET"]}}],"collection":[{"href":"https:\/\/www.mexicanguitarplayers.com\/en\/wp-json\/wp\/v2\/product"}],"about":[{"href":"https:\/\/www.mexicanguitarplayers.com\/en\/wp-json\/wp\/v2\/types\/product"}],"replies":[{"embeddable":true,"href":"https:\/\/www.mexicanguitarplayers.com\/en\/wp-json\/wp\/v2\/comments?post=12107"}],"wp:featuredmedia":[{"embeddable":true,"href":"https:\/\/www.mexicanguitarplayers.com\/en\/wp-json\/wp\/v2\/media\/12105"}],"wp:attachment":[{"href":"https:\/\/www.mexicanguitarplayers.com\/en\/wp-json\/wp\/v2\/media?parent=12107"}],"wp:term":[{"taxonomy":"pwb-brand","embeddable":true,"href":"https:\/\/www.mexicanguitarplayers.com\/en\/wp-json\/wp\/v2\/pwb-brand?post=12107"},{"taxonomy":"product_brand","embeddable":true,"href":"https:\/\/www.mexicanguitarplayers.com\/en\/wp-json\/wp\/v2\/product_brand?post=12107"},{"taxonomy":"product_cat","embeddable":true,"href":"https:\/\/www.mexicanguitarplayers.com\/en\/wp-json\/wp\/v2\/product_cat?post=12107"},{"taxonomy":"product_tag","embeddable":true,"href":"https:\/\/www.mexicanguitarplayers.com\/en\/wp-json\/wp\/v2\/product_tag?post=12107"}],"curies":[{"name":"wp","href":"https:\/\/api.w.org\/{rel}","templated":true}]}}