{"id":12110,"date":"2022-08-18T08:20:57","date_gmt":"2022-08-18T13:20:57","guid":{"rendered":"https:\/\/www.mexicanguitarplayers.com\/tienda\/sin%20categor\u00eda\/guitarra-washburn-e-acust-mod-vite-s9v\/"},"modified":"2026-04-10T01:28:59","modified_gmt":"2026-04-10T07:28:59","slug":"guitarra-washburn-e-acust-mod-vite-s9v","status":"publish","type":"product","link":"https:\/\/www.mexicanguitarplayers.com\/en\/tienda\/cuerdas\/guitarras-cuerdas\/acusticas\/guitarras-electro-acusticas\/guitarra-washburn-e-acust-mod-vite-s9v\/","title":{"rendered":"WASHBURN E\/ACUST GUITAR. MOD. VITE S9V"},"content":{"rendered":"<div style=\"text-align: justify\">\n<div>\n<h3>WASHBURN E\/ACUST GUITAR. MOD. VITE S9V<\/h3>\n<\/div>\n<div>6-String Cutaway Studio Acoustic Guitar, Focused Sound and Very Comfortable Feel, Select Spruce Top, Figured Walnut Back and Sides, Scalloped Quarter Sawn Bracing, Washburn Bella Tone Rosette, Barcus Berry LX4 Preamp System, Gloss Charcoal Burst , okoume neck, ebony fingerboard, 22 frets, inlays: vine, scale: 25.5\u201d, black hardware, ebony bridge, black diecast machinery.<\/div>\n<\/div>","protected":false},"excerpt":{"rendered":"<p>Guitarra ac\u00fastica Studio de 6 cuerdas con resaque, sonido enfocado y sensaci\u00f3n muy c\u00f3moda, tapa de abeto seleccionado, aros y fondo de nogal figurado, refuerzo de cuarto aserrado escalopado, roseta Washburn Bella Tono, sistema de preamp Barcus Berry LX4, color Gloss Charcoal Burst, brazo de okoume, diapas\u00f3n de \u00e9bano, 22 trastes, incrustaciones: vine, escala: 25.5\u201d, hardware negro, puente de \u00e9bano, maquinaria negra diecast.&hellip; <a class=\"kt-excerpt-readmore more-link\" href=\"https:\/\/www.mexicanguitarplayers.com\/en\/tienda\/cuerdas\/guitarras-cuerdas\/acusticas\/guitarras-electro-acusticas\/guitarra-washburn-e-acust-mod-vite-s9v\/\">Read more<\/a><\/p>","protected":false},"featured_media":12108,"comment_status":"open","ping_status":"closed","template":"","meta":{"kt_blocks_editor_width":""},"pwb-brand":[178],"product_brand":[],"product_cat":[315,224,312,316],"product_tag":[],"class_list":{"0":"post-12110","1":"product","2":"type-product","3":"status-publish","4":"has-post-thumbnail","6":"pwb-brand-washburn","7":"product_cat-acusticas","8":"product_cat-cuerdas","9":"product_cat-guitarras-cuerdas","10":"product_cat-guitarras-electro-acusticas","11":"product_shipping_class-20-25-kg","13":"first","14":"outofstock","15":"taxable","16":"shipping-taxable","17":"purchasable","18":"product-type-simple"},"yoast_head":"<!-- This site is optimized with the Yoast SEO plugin v27.5 - https:\/\/yoast.com\/product\/yoast-seo-wordpress\/ -->\n<title>GUITARRA WASHBURN E\/ACUST. MOD. VITE S9V - Mexican Guitar Players<\/title>\n<meta name=\"description\" content=\"GUITARRA WASHBURN E\/ACUST. MOD. VITE S9V. Guitarra ac\u00fastica Studio de 6 cuerdas con resaque, sonido enfocado y sensaci\u00f3n muy c\u00f3moda, tapa de abeto seleccionado, aros y fondo de nogal figurado, refuerzo de cuarto aserrado escalopado, roseta Washburn Bella Tono, sistema de preamp Barcus Berry LX4, color Gloss Charcoal Burst, brazo de okoume, diapas\u00f3n de \u00e9bano, 22 trastes, incrustaciones: vine, escala: 25.5\u201d, hardware negro, puente de \u00e9bano, maquinaria negra diecast.\" \/>\n<meta name=\"robots\" content=\"index, follow, max-snippet:-1, max-image-preview:large, max-video-preview:-1\" \/>\n<link rel=\"canonical\" href=\"https:\/\/www.mexicanguitarplayers.com\/en\/tienda\/cuerdas\/guitarras-cuerdas\/acusticas\/guitarras-electro-acusticas\/guitarra-washburn-e-acust-mod-vite-s9v\/\" \/>\n<meta property=\"og:locale\" content=\"en_US\" \/>\n<meta property=\"og:type\" content=\"article\" \/>\n<meta property=\"og:title\" content=\"GUITARRA WASHBURN E\/ACUST. MOD. VITE S9V - Mexican Guitar Players\" \/>\n<meta property=\"og:description\" content=\"GUITARRA WASHBURN E\/ACUST. MOD. VITE S9V. Guitarra ac\u00fastica Studio de 6 cuerdas con resaque, sonido enfocado y sensaci\u00f3n muy c\u00f3moda, tapa de abeto seleccionado, aros y fondo de nogal figurado, refuerzo de cuarto aserrado escalopado, roseta Washburn Bella Tono, sistema de preamp Barcus Berry LX4, color Gloss Charcoal Burst, brazo de okoume, diapas\u00f3n de \u00e9bano, 22 trastes, incrustaciones: vine, escala: 25.5\u201d, hardware negro, puente de \u00e9bano, maquinaria negra diecast.\" \/>\n<meta property=\"og:url\" content=\"https:\/\/www.mexicanguitarplayers.com\/en\/tienda\/cuerdas\/guitarras-cuerdas\/acusticas\/guitarras-electro-acusticas\/guitarra-washburn-e-acust-mod-vite-s9v\/\" \/>\n<meta property=\"og:site_name\" content=\"Mexican Guitar Players\" \/>\n<meta property=\"article:modified_time\" content=\"2026-04-10T07:28:59+00:00\" \/>\n<meta property=\"og:image\" content=\"https:\/\/www.mexicanguitarplayers.com\/wp-content\/uploads\/2022\/08\/ISWASBTS9VCE.jpg\" \/>\n\t<meta property=\"og:image:width\" content=\"800\" \/>\n\t<meta property=\"og:image:height\" content=\"1600\" \/>\n\t<meta property=\"og:image:type\" content=\"image\/jpeg\" \/>\n<meta name=\"twitter:card\" content=\"summary_large_image\" \/>\n<script type=\"application\/ld+json\" class=\"yoast-schema-graph\">{\"@context\":\"https:\\\/\\\/schema.org\",\"@graph\":[{\"@type\":[\"WebPage\",\"ItemPage\"],\"@id\":\"https:\\\/\\\/www.mexicanguitarplayers.com\\\/tienda\\\/cuerdas\\\/guitarras-cuerdas\\\/acusticas\\\/guitarras-electro-acusticas\\\/guitarra-washburn-e-acust-mod-vite-s9v\\\/\",\"url\":\"https:\\\/\\\/www.mexicanguitarplayers.com\\\/tienda\\\/cuerdas\\\/guitarras-cuerdas\\\/acusticas\\\/guitarras-electro-acusticas\\\/guitarra-washburn-e-acust-mod-vite-s9v\\\/\",\"name\":\"GUITARRA WASHBURN E\\\/ACUST. MOD. VITE S9V - Mexican Guitar Players\",\"isPartOf\":{\"@id\":\"https:\\\/\\\/www.mexicanguitarplayers.com\\\/#website\"},\"primaryImageOfPage\":{\"@id\":\"https:\\\/\\\/www.mexicanguitarplayers.com\\\/tienda\\\/cuerdas\\\/guitarras-cuerdas\\\/acusticas\\\/guitarras-electro-acusticas\\\/guitarra-washburn-e-acust-mod-vite-s9v\\\/#primaryimage\"},\"image\":{\"@id\":\"https:\\\/\\\/www.mexicanguitarplayers.com\\\/tienda\\\/cuerdas\\\/guitarras-cuerdas\\\/acusticas\\\/guitarras-electro-acusticas\\\/guitarra-washburn-e-acust-mod-vite-s9v\\\/#primaryimage\"},\"thumbnailUrl\":\"https:\\\/\\\/www.mexicanguitarplayers.com\\\/wp-content\\\/uploads\\\/2022\\\/08\\\/ISWASBTS9VCE.jpg\",\"datePublished\":\"2022-08-18T13:20:57+00:00\",\"dateModified\":\"2026-04-10T07:28:59+00:00\",\"description\":\"GUITARRA WASHBURN E\\\/ACUST. MOD. VITE S9V. Guitarra ac\u00fastica Studio de 6 cuerdas con resaque, sonido enfocado y sensaci\u00f3n muy c\u00f3moda, tapa de abeto seleccionado, aros y fondo de nogal figurado, refuerzo de cuarto aserrado escalopado, roseta Washburn Bella Tono, sistema de preamp Barcus Berry LX4, color Gloss Charcoal Burst, brazo de okoume, diapas\u00f3n de \u00e9bano, 22 trastes, incrustaciones: vine, escala: 25.5\u201d, hardware negro, puente de \u00e9bano, maquinaria negra diecast.\",\"breadcrumb\":{\"@id\":\"https:\\\/\\\/www.mexicanguitarplayers.com\\\/tienda\\\/cuerdas\\\/guitarras-cuerdas\\\/acusticas\\\/guitarras-electro-acusticas\\\/guitarra-washburn-e-acust-mod-vite-s9v\\\/#breadcrumb\"},\"inLanguage\":\"en-US\",\"potentialAction\":[{\"@type\":\"ReadAction\",\"target\":[\"https:\\\/\\\/www.mexicanguitarplayers.com\\\/tienda\\\/cuerdas\\\/guitarras-cuerdas\\\/acusticas\\\/guitarras-electro-acusticas\\\/guitarra-washburn-e-acust-mod-vite-s9v\\\/\"]}]},{\"@type\":\"ImageObject\",\"inLanguage\":\"en-US\",\"@id\":\"https:\\\/\\\/www.mexicanguitarplayers.com\\\/tienda\\\/cuerdas\\\/guitarras-cuerdas\\\/acusticas\\\/guitarras-electro-acusticas\\\/guitarra-washburn-e-acust-mod-vite-s9v\\\/#primaryimage\",\"url\":\"https:\\\/\\\/www.mexicanguitarplayers.com\\\/wp-content\\\/uploads\\\/2022\\\/08\\\/ISWASBTS9VCE.jpg\",\"contentUrl\":\"https:\\\/\\\/www.mexicanguitarplayers.com\\\/wp-content\\\/uploads\\\/2022\\\/08\\\/ISWASBTS9VCE.jpg\",\"width\":800,\"height\":1600},{\"@type\":\"BreadcrumbList\",\"@id\":\"https:\\\/\\\/www.mexicanguitarplayers.com\\\/tienda\\\/cuerdas\\\/guitarras-cuerdas\\\/acusticas\\\/guitarras-electro-acusticas\\\/guitarra-washburn-e-acust-mod-vite-s9v\\\/#breadcrumb\",\"itemListElement\":[{\"@type\":\"ListItem\",\"position\":1,\"name\":\"Portada\",\"item\":\"https:\\\/\\\/www.mexicanguitarplayers.com\\\/\"},{\"@type\":\"ListItem\",\"position\":2,\"name\":\"Tienda\",\"item\":\"https:\\\/\\\/www.mexicanguitarplayers.com\\\/tienda\\\/\"},{\"@type\":\"ListItem\",\"position\":3,\"name\":\"GUITARRA WASHBURN E\\\/ACUST. MOD. VITE S9V\"}]},{\"@type\":\"WebSite\",\"@id\":\"https:\\\/\\\/www.mexicanguitarplayers.com\\\/#website\",\"url\":\"https:\\\/\\\/www.mexicanguitarplayers.com\\\/\",\"name\":\"Mexican Guitar Players\",\"description\":\"Website\",\"publisher\":{\"@id\":\"https:\\\/\\\/www.mexicanguitarplayers.com\\\/#organization\"},\"potentialAction\":[{\"@type\":\"SearchAction\",\"target\":{\"@type\":\"EntryPoint\",\"urlTemplate\":\"https:\\\/\\\/www.mexicanguitarplayers.com\\\/?s={search_term_string}\"},\"query-input\":{\"@type\":\"PropertyValueSpecification\",\"valueRequired\":true,\"valueName\":\"search_term_string\"}}],\"inLanguage\":\"en-US\"},{\"@type\":\"Organization\",\"@id\":\"https:\\\/\\\/www.mexicanguitarplayers.com\\\/#organization\",\"name\":\"Mexican Guitar Players\",\"url\":\"https:\\\/\\\/www.mexicanguitarplayers.com\\\/\",\"logo\":{\"@type\":\"ImageObject\",\"inLanguage\":\"en-US\",\"@id\":\"https:\\\/\\\/www.mexicanguitarplayers.com\\\/#\\\/schema\\\/logo\\\/image\\\/\",\"url\":\"\",\"contentUrl\":\"\",\"caption\":\"Mexican Guitar Players\"},\"image\":{\"@id\":\"https:\\\/\\\/www.mexicanguitarplayers.com\\\/#\\\/schema\\\/logo\\\/image\\\/\"}}]}<\/script>\n<!-- \/ Yoast SEO plugin. -->","yoast_head_json":{"title":"GUITARRA WASHBURN E\/ACUST. MOD. VITE S9V - Mexican Guitar Players","description":"GUITARRA WASHBURN E\/ACUST. MOD. VITE S9V. Guitarra ac\u00fastica Studio de 6 cuerdas con resaque, sonido enfocado y sensaci\u00f3n muy c\u00f3moda, tapa de abeto seleccionado, aros y fondo de nogal figurado, refuerzo de cuarto aserrado escalopado, roseta Washburn Bella Tono, sistema de preamp Barcus Berry LX4, color Gloss Charcoal Burst, brazo de okoume, diapas\u00f3n de \u00e9bano, 22 trastes, incrustaciones: vine, escala: 25.5\u201d, hardware negro, puente de \u00e9bano, maquinaria negra diecast.","robots":{"index":"index","follow":"follow","max-snippet":"max-snippet:-1","max-image-preview":"max-image-preview:large","max-video-preview":"max-video-preview:-1"},"canonical":"https:\/\/www.mexicanguitarplayers.com\/en\/tienda\/cuerdas\/guitarras-cuerdas\/acusticas\/guitarras-electro-acusticas\/guitarra-washburn-e-acust-mod-vite-s9v\/","og_locale":"en_US","og_type":"article","og_title":"GUITARRA WASHBURN E\/ACUST. MOD. VITE S9V - Mexican Guitar Players","og_description":"GUITARRA WASHBURN E\/ACUST. MOD. VITE S9V. Guitarra ac\u00fastica Studio de 6 cuerdas con resaque, sonido enfocado y sensaci\u00f3n muy c\u00f3moda, tapa de abeto seleccionado, aros y fondo de nogal figurado, refuerzo de cuarto aserrado escalopado, roseta Washburn Bella Tono, sistema de preamp Barcus Berry LX4, color Gloss Charcoal Burst, brazo de okoume, diapas\u00f3n de \u00e9bano, 22 trastes, incrustaciones: vine, escala: 25.5\u201d, hardware negro, puente de \u00e9bano, maquinaria negra diecast.","og_url":"https:\/\/www.mexicanguitarplayers.com\/en\/tienda\/cuerdas\/guitarras-cuerdas\/acusticas\/guitarras-electro-acusticas\/guitarra-washburn-e-acust-mod-vite-s9v\/","og_site_name":"Mexican Guitar Players","article_modified_time":"2026-04-10T07:28:59+00:00","og_image":[{"width":800,"height":1600,"url":"https:\/\/www.mexicanguitarplayers.com\/wp-content\/uploads\/2022\/08\/ISWASBTS9VCE.jpg","type":"image\/jpeg"}],"twitter_card":"summary_large_image","schema":{"@context":"https:\/\/schema.org","@graph":[{"@type":["WebPage","ItemPage"],"@id":"https:\/\/www.mexicanguitarplayers.com\/tienda\/cuerdas\/guitarras-cuerdas\/acusticas\/guitarras-electro-acusticas\/guitarra-washburn-e-acust-mod-vite-s9v\/","url":"https:\/\/www.mexicanguitarplayers.com\/tienda\/cuerdas\/guitarras-cuerdas\/acusticas\/guitarras-electro-acusticas\/guitarra-washburn-e-acust-mod-vite-s9v\/","name":"GUITARRA WASHBURN E\/ACUST. MOD. VITE S9V - Mexican Guitar Players","isPartOf":{"@id":"https:\/\/www.mexicanguitarplayers.com\/#website"},"primaryImageOfPage":{"@id":"https:\/\/www.mexicanguitarplayers.com\/tienda\/cuerdas\/guitarras-cuerdas\/acusticas\/guitarras-electro-acusticas\/guitarra-washburn-e-acust-mod-vite-s9v\/#primaryimage"},"image":{"@id":"https:\/\/www.mexicanguitarplayers.com\/tienda\/cuerdas\/guitarras-cuerdas\/acusticas\/guitarras-electro-acusticas\/guitarra-washburn-e-acust-mod-vite-s9v\/#primaryimage"},"thumbnailUrl":"https:\/\/www.mexicanguitarplayers.com\/wp-content\/uploads\/2022\/08\/ISWASBTS9VCE.jpg","datePublished":"2022-08-18T13:20:57+00:00","dateModified":"2026-04-10T07:28:59+00:00","description":"GUITARRA WASHBURN E\/ACUST. MOD. VITE S9V. Guitarra ac\u00fastica Studio de 6 cuerdas con resaque, sonido enfocado y sensaci\u00f3n muy c\u00f3moda, tapa de abeto seleccionado, aros y fondo de nogal figurado, refuerzo de cuarto aserrado escalopado, roseta Washburn Bella Tono, sistema de preamp Barcus Berry LX4, color Gloss Charcoal Burst, brazo de okoume, diapas\u00f3n de \u00e9bano, 22 trastes, incrustaciones: vine, escala: 25.5\u201d, hardware negro, puente de \u00e9bano, maquinaria negra diecast.","breadcrumb":{"@id":"https:\/\/www.mexicanguitarplayers.com\/tienda\/cuerdas\/guitarras-cuerdas\/acusticas\/guitarras-electro-acusticas\/guitarra-washburn-e-acust-mod-vite-s9v\/#breadcrumb"},"inLanguage":"en-US","potentialAction":[{"@type":"ReadAction","target":["https:\/\/www.mexicanguitarplayers.com\/tienda\/cuerdas\/guitarras-cuerdas\/acusticas\/guitarras-electro-acusticas\/guitarra-washburn-e-acust-mod-vite-s9v\/"]}]},{"@type":"ImageObject","inLanguage":"en-US","@id":"https:\/\/www.mexicanguitarplayers.com\/tienda\/cuerdas\/guitarras-cuerdas\/acusticas\/guitarras-electro-acusticas\/guitarra-washburn-e-acust-mod-vite-s9v\/#primaryimage","url":"https:\/\/www.mexicanguitarplayers.com\/wp-content\/uploads\/2022\/08\/ISWASBTS9VCE.jpg","contentUrl":"https:\/\/www.mexicanguitarplayers.com\/wp-content\/uploads\/2022\/08\/ISWASBTS9VCE.jpg","width":800,"height":1600},{"@type":"BreadcrumbList","@id":"https:\/\/www.mexicanguitarplayers.com\/tienda\/cuerdas\/guitarras-cuerdas\/acusticas\/guitarras-electro-acusticas\/guitarra-washburn-e-acust-mod-vite-s9v\/#breadcrumb","itemListElement":[{"@type":"ListItem","position":1,"name":"Portada","item":"https:\/\/www.mexicanguitarplayers.com\/"},{"@type":"ListItem","position":2,"name":"Tienda","item":"https:\/\/www.mexicanguitarplayers.com\/tienda\/"},{"@type":"ListItem","position":3,"name":"GUITARRA WASHBURN E\/ACUST. MOD. VITE S9V"}]},{"@type":"WebSite","@id":"https:\/\/www.mexicanguitarplayers.com\/#website","url":"https:\/\/www.mexicanguitarplayers.com\/","name":"Mexican Guitar Players","description":"Website","publisher":{"@id":"https:\/\/www.mexicanguitarplayers.com\/#organization"},"potentialAction":[{"@type":"SearchAction","target":{"@type":"EntryPoint","urlTemplate":"https:\/\/www.mexicanguitarplayers.com\/?s={search_term_string}"},"query-input":{"@type":"PropertyValueSpecification","valueRequired":true,"valueName":"search_term_string"}}],"inLanguage":"en-US"},{"@type":"Organization","@id":"https:\/\/www.mexicanguitarplayers.com\/#organization","name":"Mexican Guitar Players","url":"https:\/\/www.mexicanguitarplayers.com\/","logo":{"@type":"ImageObject","inLanguage":"en-US","@id":"https:\/\/www.mexicanguitarplayers.com\/#\/schema\/logo\/image\/","url":"","contentUrl":"","caption":"Mexican Guitar Players"},"image":{"@id":"https:\/\/www.mexicanguitarplayers.com\/#\/schema\/logo\/image\/"}}]}},"brands":[{"id":178,"name":"WASHBURN","slug":"washburn"}],"_links":{"self":[{"href":"https:\/\/www.mexicanguitarplayers.com\/en\/wp-json\/wp\/v2\/product\/12110","targetHints":{"allow":["GET"]}}],"collection":[{"href":"https:\/\/www.mexicanguitarplayers.com\/en\/wp-json\/wp\/v2\/product"}],"about":[{"href":"https:\/\/www.mexicanguitarplayers.com\/en\/wp-json\/wp\/v2\/types\/product"}],"replies":[{"embeddable":true,"href":"https:\/\/www.mexicanguitarplayers.com\/en\/wp-json\/wp\/v2\/comments?post=12110"}],"wp:featuredmedia":[{"embeddable":true,"href":"https:\/\/www.mexicanguitarplayers.com\/en\/wp-json\/wp\/v2\/media\/12108"}],"wp:attachment":[{"href":"https:\/\/www.mexicanguitarplayers.com\/en\/wp-json\/wp\/v2\/media?parent=12110"}],"wp:term":[{"taxonomy":"pwb-brand","embeddable":true,"href":"https:\/\/www.mexicanguitarplayers.com\/en\/wp-json\/wp\/v2\/pwb-brand?post=12110"},{"taxonomy":"product_brand","embeddable":true,"href":"https:\/\/www.mexicanguitarplayers.com\/en\/wp-json\/wp\/v2\/product_brand?post=12110"},{"taxonomy":"product_cat","embeddable":true,"href":"https:\/\/www.mexicanguitarplayers.com\/en\/wp-json\/wp\/v2\/product_cat?post=12110"},{"taxonomy":"product_tag","embeddable":true,"href":"https:\/\/www.mexicanguitarplayers.com\/en\/wp-json\/wp\/v2\/product_tag?post=12110"}],"curies":[{"name":"wp","href":"https:\/\/api.w.org\/{rel}","templated":true}]}}