{"id":12168,"date":"2022-08-18T08:22:37","date_gmt":"2022-08-18T13:22:37","guid":{"rendered":"https:\/\/www.mexicanguitarplayers.com\/tienda\/sin%20categor\u00eda\/guitarra-washburn-electrica-ps220b\/"},"modified":"2026-04-10T05:16:25","modified_gmt":"2026-04-10T11:16:25","slug":"guitarra-washburn-electrica-ps220b","status":"publish","type":"product","link":"https:\/\/www.mexicanguitarplayers.com\/en\/tienda\/cuerdas\/guitarras-cuerdas\/paquetes-guitarras-cuerdas\/paquetes-de-guitarra-electrica\/guitarra-washburn-electrica-ps220b\/","title":{"rendered":"PS220B WASHBURN ELECTRIC GUITAR"},"content":{"rendered":"<div style=\"text-align: justify\">\n<div>\n<h3>PS220B WASHBURN ELECTRIC GUITAR<\/h3>\n<\/div>\n<div>Washburn PS220B electric guitar. Paul Stanley collectible electric guitar package, &quot;v&quot; type electric guitar basswood body, maple neck, rosewood fretboard. 1 powerful humbucker, 1 vol and 1 tone. Hardtail bridge, 22 frets, transparent diecast pickguard, includes stylized baldric with chrome studs, artist collection photo and 3 picks.<\/div>\n<\/div>","protected":false},"excerpt":{"rendered":"<p>Guitarra Washburn el\u00e9ctrica PS220B. Paquete de guitarra el\u00e9ctrica Paul Stanley de colecci\u00f3n, guitarra el\u00e9ctrica tipo \u201dv\u201d cuerpo de basswood, brazo de maple, diapas\u00f3n de rosewood. 1 potente humbucker, 1 vol y 1 tono. Puente hardtail, 22 trastes, pickguard transparente maquinaria diecast, incluye tahal\u00ed estilizado con estoperoles cromados, foto de colecci\u00f3n del artista y 3 plumillas.&hellip; <a class=\"kt-excerpt-readmore more-link\" href=\"https:\/\/www.mexicanguitarplayers.com\/en\/tienda\/cuerdas\/guitarras-cuerdas\/paquetes-guitarras-cuerdas\/paquetes-de-guitarra-electrica\/guitarra-washburn-electrica-ps220b\/\">Read more<\/a><\/p>","protected":false},"featured_media":12167,"comment_status":"open","ping_status":"closed","template":"","meta":{"kt_blocks_editor_width":""},"pwb-brand":[178],"product_brand":[],"product_cat":[224,312,370,371],"product_tag":[],"class_list":{"0":"post-12168","1":"product","2":"type-product","3":"status-publish","4":"has-post-thumbnail","6":"pwb-brand-washburn","7":"product_cat-cuerdas","8":"product_cat-guitarras-cuerdas","9":"product_cat-paquetes-guitarras-cuerdas","10":"product_cat-paquetes-de-guitarra-electrica","11":"product_shipping_class-20-25-kg","13":"first","14":"outofstock","15":"taxable","16":"shipping-taxable","17":"purchasable","18":"product-type-simple"},"yoast_head":"<!-- This site is optimized with the Yoast SEO plugin v27.5 - https:\/\/yoast.com\/product\/yoast-seo-wordpress\/ -->\n<title>GUITARRA WASHBURN ELECTRICA PS220B - Mexican Guitar Players<\/title>\n<meta name=\"description\" content=\"GUITARRA WASHBURN ELECTRICA PS220B. Guitarra Washburn el\u00e9ctrica PS220B. Paquete de guitarra el\u00e9ctrica Paul Stanley de colecci\u00f3n, guitarra el\u00e9ctrica tipo \u201dv\u201d cuerpo de basswood, brazo de maple, diapas\u00f3n de rosewood. 1 potente humbucker, 1 vol y 1 tono. Puente hardtail, 22 trastes, pickguard transparente maquinaria diecast, incluye tahal\u00ed estilizado con estoperoles cromados, foto de colecci\u00f3n del artista y 3 plumillas.\" \/>\n<meta name=\"robots\" content=\"index, follow, max-snippet:-1, max-image-preview:large, max-video-preview:-1\" \/>\n<link rel=\"canonical\" href=\"https:\/\/www.mexicanguitarplayers.com\/en\/tienda\/cuerdas\/guitarras-cuerdas\/paquetes-guitarras-cuerdas\/paquetes-de-guitarra-electrica\/guitarra-washburn-electrica-ps220b\/\" \/>\n<meta property=\"og:locale\" content=\"en_US\" \/>\n<meta property=\"og:type\" content=\"article\" \/>\n<meta property=\"og:title\" content=\"GUITARRA WASHBURN ELECTRICA PS220B - Mexican Guitar Players\" \/>\n<meta property=\"og:description\" content=\"GUITARRA WASHBURN ELECTRICA PS220B. Guitarra Washburn el\u00e9ctrica PS220B. Paquete de guitarra el\u00e9ctrica Paul Stanley de colecci\u00f3n, guitarra el\u00e9ctrica tipo \u201dv\u201d cuerpo de basswood, brazo de maple, diapas\u00f3n de rosewood. 1 potente humbucker, 1 vol y 1 tono. Puente hardtail, 22 trastes, pickguard transparente maquinaria diecast, incluye tahal\u00ed estilizado con estoperoles cromados, foto de colecci\u00f3n del artista y 3 plumillas.\" \/>\n<meta property=\"og:url\" content=\"https:\/\/www.mexicanguitarplayers.com\/en\/tienda\/cuerdas\/guitarras-cuerdas\/paquetes-guitarras-cuerdas\/paquetes-de-guitarra-electrica\/guitarra-washburn-electrica-ps220b\/\" \/>\n<meta property=\"og:site_name\" content=\"Mexican Guitar Players\" \/>\n<meta property=\"article:modified_time\" content=\"2026-04-10T11:16:25+00:00\" \/>\n<meta property=\"og:image\" content=\"https:\/\/www.mexicanguitarplayers.com\/wp-content\/uploads\/2022\/08\/ISWASPS220B.jpg\" \/>\n\t<meta property=\"og:image:width\" content=\"300\" \/>\n\t<meta property=\"og:image:height\" content=\"300\" \/>\n\t<meta property=\"og:image:type\" content=\"image\/jpeg\" \/>\n<meta name=\"twitter:card\" content=\"summary_large_image\" \/>\n<script type=\"application\/ld+json\" class=\"yoast-schema-graph\">{\"@context\":\"https:\\\/\\\/schema.org\",\"@graph\":[{\"@type\":[\"WebPage\",\"ItemPage\"],\"@id\":\"https:\\\/\\\/www.mexicanguitarplayers.com\\\/tienda\\\/cuerdas\\\/guitarras-cuerdas\\\/paquetes-guitarras-cuerdas\\\/paquetes-de-guitarra-electrica\\\/guitarra-washburn-electrica-ps220b\\\/\",\"url\":\"https:\\\/\\\/www.mexicanguitarplayers.com\\\/tienda\\\/cuerdas\\\/guitarras-cuerdas\\\/paquetes-guitarras-cuerdas\\\/paquetes-de-guitarra-electrica\\\/guitarra-washburn-electrica-ps220b\\\/\",\"name\":\"GUITARRA WASHBURN ELECTRICA PS220B - Mexican Guitar Players\",\"isPartOf\":{\"@id\":\"https:\\\/\\\/www.mexicanguitarplayers.com\\\/#website\"},\"primaryImageOfPage\":{\"@id\":\"https:\\\/\\\/www.mexicanguitarplayers.com\\\/tienda\\\/cuerdas\\\/guitarras-cuerdas\\\/paquetes-guitarras-cuerdas\\\/paquetes-de-guitarra-electrica\\\/guitarra-washburn-electrica-ps220b\\\/#primaryimage\"},\"image\":{\"@id\":\"https:\\\/\\\/www.mexicanguitarplayers.com\\\/tienda\\\/cuerdas\\\/guitarras-cuerdas\\\/paquetes-guitarras-cuerdas\\\/paquetes-de-guitarra-electrica\\\/guitarra-washburn-electrica-ps220b\\\/#primaryimage\"},\"thumbnailUrl\":\"https:\\\/\\\/www.mexicanguitarplayers.com\\\/wp-content\\\/uploads\\\/2022\\\/08\\\/ISWASPS220B.jpg\",\"datePublished\":\"2022-08-18T13:22:37+00:00\",\"dateModified\":\"2026-04-10T11:16:25+00:00\",\"description\":\"GUITARRA WASHBURN ELECTRICA PS220B. Guitarra Washburn el\u00e9ctrica PS220B. Paquete de guitarra el\u00e9ctrica Paul Stanley de colecci\u00f3n, guitarra el\u00e9ctrica tipo \u201dv\u201d cuerpo de basswood, brazo de maple, diapas\u00f3n de rosewood. 1 potente humbucker, 1 vol y 1 tono. Puente hardtail, 22 trastes, pickguard transparente maquinaria diecast, incluye tahal\u00ed estilizado con estoperoles cromados, foto de colecci\u00f3n del artista y 3 plumillas.\",\"breadcrumb\":{\"@id\":\"https:\\\/\\\/www.mexicanguitarplayers.com\\\/tienda\\\/cuerdas\\\/guitarras-cuerdas\\\/paquetes-guitarras-cuerdas\\\/paquetes-de-guitarra-electrica\\\/guitarra-washburn-electrica-ps220b\\\/#breadcrumb\"},\"inLanguage\":\"en-US\",\"potentialAction\":[{\"@type\":\"ReadAction\",\"target\":[\"https:\\\/\\\/www.mexicanguitarplayers.com\\\/tienda\\\/cuerdas\\\/guitarras-cuerdas\\\/paquetes-guitarras-cuerdas\\\/paquetes-de-guitarra-electrica\\\/guitarra-washburn-electrica-ps220b\\\/\"]}]},{\"@type\":\"ImageObject\",\"inLanguage\":\"en-US\",\"@id\":\"https:\\\/\\\/www.mexicanguitarplayers.com\\\/tienda\\\/cuerdas\\\/guitarras-cuerdas\\\/paquetes-guitarras-cuerdas\\\/paquetes-de-guitarra-electrica\\\/guitarra-washburn-electrica-ps220b\\\/#primaryimage\",\"url\":\"https:\\\/\\\/www.mexicanguitarplayers.com\\\/wp-content\\\/uploads\\\/2022\\\/08\\\/ISWASPS220B.jpg\",\"contentUrl\":\"https:\\\/\\\/www.mexicanguitarplayers.com\\\/wp-content\\\/uploads\\\/2022\\\/08\\\/ISWASPS220B.jpg\",\"width\":300,\"height\":300},{\"@type\":\"BreadcrumbList\",\"@id\":\"https:\\\/\\\/www.mexicanguitarplayers.com\\\/tienda\\\/cuerdas\\\/guitarras-cuerdas\\\/paquetes-guitarras-cuerdas\\\/paquetes-de-guitarra-electrica\\\/guitarra-washburn-electrica-ps220b\\\/#breadcrumb\",\"itemListElement\":[{\"@type\":\"ListItem\",\"position\":1,\"name\":\"Portada\",\"item\":\"https:\\\/\\\/www.mexicanguitarplayers.com\\\/\"},{\"@type\":\"ListItem\",\"position\":2,\"name\":\"Tienda\",\"item\":\"https:\\\/\\\/www.mexicanguitarplayers.com\\\/tienda\\\/\"},{\"@type\":\"ListItem\",\"position\":3,\"name\":\"GUITARRA WASHBURN ELECTRICA PS220B\"}]},{\"@type\":\"WebSite\",\"@id\":\"https:\\\/\\\/www.mexicanguitarplayers.com\\\/#website\",\"url\":\"https:\\\/\\\/www.mexicanguitarplayers.com\\\/\",\"name\":\"Mexican Guitar Players\",\"description\":\"Website\",\"publisher\":{\"@id\":\"https:\\\/\\\/www.mexicanguitarplayers.com\\\/#organization\"},\"potentialAction\":[{\"@type\":\"SearchAction\",\"target\":{\"@type\":\"EntryPoint\",\"urlTemplate\":\"https:\\\/\\\/www.mexicanguitarplayers.com\\\/?s={search_term_string}\"},\"query-input\":{\"@type\":\"PropertyValueSpecification\",\"valueRequired\":true,\"valueName\":\"search_term_string\"}}],\"inLanguage\":\"en-US\"},{\"@type\":\"Organization\",\"@id\":\"https:\\\/\\\/www.mexicanguitarplayers.com\\\/#organization\",\"name\":\"Mexican Guitar Players\",\"url\":\"https:\\\/\\\/www.mexicanguitarplayers.com\\\/\",\"logo\":{\"@type\":\"ImageObject\",\"inLanguage\":\"en-US\",\"@id\":\"https:\\\/\\\/www.mexicanguitarplayers.com\\\/#\\\/schema\\\/logo\\\/image\\\/\",\"url\":\"\",\"contentUrl\":\"\",\"caption\":\"Mexican Guitar Players\"},\"image\":{\"@id\":\"https:\\\/\\\/www.mexicanguitarplayers.com\\\/#\\\/schema\\\/logo\\\/image\\\/\"}}]}<\/script>\n<!-- \/ Yoast SEO plugin. -->","yoast_head_json":{"title":"GUITARRA WASHBURN ELECTRICA PS220B - Mexican Guitar Players","description":"GUITARRA WASHBURN ELECTRICA PS220B. Guitarra Washburn el\u00e9ctrica PS220B. Paquete de guitarra el\u00e9ctrica Paul Stanley de colecci\u00f3n, guitarra el\u00e9ctrica tipo \u201dv\u201d cuerpo de basswood, brazo de maple, diapas\u00f3n de rosewood. 1 potente humbucker, 1 vol y 1 tono. Puente hardtail, 22 trastes, pickguard transparente maquinaria diecast, incluye tahal\u00ed estilizado con estoperoles cromados, foto de colecci\u00f3n del artista y 3 plumillas.","robots":{"index":"index","follow":"follow","max-snippet":"max-snippet:-1","max-image-preview":"max-image-preview:large","max-video-preview":"max-video-preview:-1"},"canonical":"https:\/\/www.mexicanguitarplayers.com\/en\/tienda\/cuerdas\/guitarras-cuerdas\/paquetes-guitarras-cuerdas\/paquetes-de-guitarra-electrica\/guitarra-washburn-electrica-ps220b\/","og_locale":"en_US","og_type":"article","og_title":"GUITARRA WASHBURN ELECTRICA PS220B - Mexican Guitar Players","og_description":"GUITARRA WASHBURN ELECTRICA PS220B. Guitarra Washburn el\u00e9ctrica PS220B. Paquete de guitarra el\u00e9ctrica Paul Stanley de colecci\u00f3n, guitarra el\u00e9ctrica tipo \u201dv\u201d cuerpo de basswood, brazo de maple, diapas\u00f3n de rosewood. 1 potente humbucker, 1 vol y 1 tono. Puente hardtail, 22 trastes, pickguard transparente maquinaria diecast, incluye tahal\u00ed estilizado con estoperoles cromados, foto de colecci\u00f3n del artista y 3 plumillas.","og_url":"https:\/\/www.mexicanguitarplayers.com\/en\/tienda\/cuerdas\/guitarras-cuerdas\/paquetes-guitarras-cuerdas\/paquetes-de-guitarra-electrica\/guitarra-washburn-electrica-ps220b\/","og_site_name":"Mexican Guitar Players","article_modified_time":"2026-04-10T11:16:25+00:00","og_image":[{"width":300,"height":300,"url":"https:\/\/www.mexicanguitarplayers.com\/wp-content\/uploads\/2022\/08\/ISWASPS220B.jpg","type":"image\/jpeg"}],"twitter_card":"summary_large_image","schema":{"@context":"https:\/\/schema.org","@graph":[{"@type":["WebPage","ItemPage"],"@id":"https:\/\/www.mexicanguitarplayers.com\/tienda\/cuerdas\/guitarras-cuerdas\/paquetes-guitarras-cuerdas\/paquetes-de-guitarra-electrica\/guitarra-washburn-electrica-ps220b\/","url":"https:\/\/www.mexicanguitarplayers.com\/tienda\/cuerdas\/guitarras-cuerdas\/paquetes-guitarras-cuerdas\/paquetes-de-guitarra-electrica\/guitarra-washburn-electrica-ps220b\/","name":"GUITARRA WASHBURN ELECTRICA PS220B - Mexican Guitar Players","isPartOf":{"@id":"https:\/\/www.mexicanguitarplayers.com\/#website"},"primaryImageOfPage":{"@id":"https:\/\/www.mexicanguitarplayers.com\/tienda\/cuerdas\/guitarras-cuerdas\/paquetes-guitarras-cuerdas\/paquetes-de-guitarra-electrica\/guitarra-washburn-electrica-ps220b\/#primaryimage"},"image":{"@id":"https:\/\/www.mexicanguitarplayers.com\/tienda\/cuerdas\/guitarras-cuerdas\/paquetes-guitarras-cuerdas\/paquetes-de-guitarra-electrica\/guitarra-washburn-electrica-ps220b\/#primaryimage"},"thumbnailUrl":"https:\/\/www.mexicanguitarplayers.com\/wp-content\/uploads\/2022\/08\/ISWASPS220B.jpg","datePublished":"2022-08-18T13:22:37+00:00","dateModified":"2026-04-10T11:16:25+00:00","description":"GUITARRA WASHBURN ELECTRICA PS220B. Guitarra Washburn el\u00e9ctrica PS220B. Paquete de guitarra el\u00e9ctrica Paul Stanley de colecci\u00f3n, guitarra el\u00e9ctrica tipo \u201dv\u201d cuerpo de basswood, brazo de maple, diapas\u00f3n de rosewood. 1 potente humbucker, 1 vol y 1 tono. Puente hardtail, 22 trastes, pickguard transparente maquinaria diecast, incluye tahal\u00ed estilizado con estoperoles cromados, foto de colecci\u00f3n del artista y 3 plumillas.","breadcrumb":{"@id":"https:\/\/www.mexicanguitarplayers.com\/tienda\/cuerdas\/guitarras-cuerdas\/paquetes-guitarras-cuerdas\/paquetes-de-guitarra-electrica\/guitarra-washburn-electrica-ps220b\/#breadcrumb"},"inLanguage":"en-US","potentialAction":[{"@type":"ReadAction","target":["https:\/\/www.mexicanguitarplayers.com\/tienda\/cuerdas\/guitarras-cuerdas\/paquetes-guitarras-cuerdas\/paquetes-de-guitarra-electrica\/guitarra-washburn-electrica-ps220b\/"]}]},{"@type":"ImageObject","inLanguage":"en-US","@id":"https:\/\/www.mexicanguitarplayers.com\/tienda\/cuerdas\/guitarras-cuerdas\/paquetes-guitarras-cuerdas\/paquetes-de-guitarra-electrica\/guitarra-washburn-electrica-ps220b\/#primaryimage","url":"https:\/\/www.mexicanguitarplayers.com\/wp-content\/uploads\/2022\/08\/ISWASPS220B.jpg","contentUrl":"https:\/\/www.mexicanguitarplayers.com\/wp-content\/uploads\/2022\/08\/ISWASPS220B.jpg","width":300,"height":300},{"@type":"BreadcrumbList","@id":"https:\/\/www.mexicanguitarplayers.com\/tienda\/cuerdas\/guitarras-cuerdas\/paquetes-guitarras-cuerdas\/paquetes-de-guitarra-electrica\/guitarra-washburn-electrica-ps220b\/#breadcrumb","itemListElement":[{"@type":"ListItem","position":1,"name":"Portada","item":"https:\/\/www.mexicanguitarplayers.com\/"},{"@type":"ListItem","position":2,"name":"Tienda","item":"https:\/\/www.mexicanguitarplayers.com\/tienda\/"},{"@type":"ListItem","position":3,"name":"GUITARRA WASHBURN ELECTRICA PS220B"}]},{"@type":"WebSite","@id":"https:\/\/www.mexicanguitarplayers.com\/#website","url":"https:\/\/www.mexicanguitarplayers.com\/","name":"Mexican Guitar Players","description":"Website","publisher":{"@id":"https:\/\/www.mexicanguitarplayers.com\/#organization"},"potentialAction":[{"@type":"SearchAction","target":{"@type":"EntryPoint","urlTemplate":"https:\/\/www.mexicanguitarplayers.com\/?s={search_term_string}"},"query-input":{"@type":"PropertyValueSpecification","valueRequired":true,"valueName":"search_term_string"}}],"inLanguage":"en-US"},{"@type":"Organization","@id":"https:\/\/www.mexicanguitarplayers.com\/#organization","name":"Mexican Guitar Players","url":"https:\/\/www.mexicanguitarplayers.com\/","logo":{"@type":"ImageObject","inLanguage":"en-US","@id":"https:\/\/www.mexicanguitarplayers.com\/#\/schema\/logo\/image\/","url":"","contentUrl":"","caption":"Mexican Guitar Players"},"image":{"@id":"https:\/\/www.mexicanguitarplayers.com\/#\/schema\/logo\/image\/"}}]}},"brands":[{"id":178,"name":"WASHBURN","slug":"washburn"}],"_links":{"self":[{"href":"https:\/\/www.mexicanguitarplayers.com\/en\/wp-json\/wp\/v2\/product\/12168","targetHints":{"allow":["GET"]}}],"collection":[{"href":"https:\/\/www.mexicanguitarplayers.com\/en\/wp-json\/wp\/v2\/product"}],"about":[{"href":"https:\/\/www.mexicanguitarplayers.com\/en\/wp-json\/wp\/v2\/types\/product"}],"replies":[{"embeddable":true,"href":"https:\/\/www.mexicanguitarplayers.com\/en\/wp-json\/wp\/v2\/comments?post=12168"}],"wp:featuredmedia":[{"embeddable":true,"href":"https:\/\/www.mexicanguitarplayers.com\/en\/wp-json\/wp\/v2\/media\/12167"}],"wp:attachment":[{"href":"https:\/\/www.mexicanguitarplayers.com\/en\/wp-json\/wp\/v2\/media?parent=12168"}],"wp:term":[{"taxonomy":"pwb-brand","embeddable":true,"href":"https:\/\/www.mexicanguitarplayers.com\/en\/wp-json\/wp\/v2\/pwb-brand?post=12168"},{"taxonomy":"product_brand","embeddable":true,"href":"https:\/\/www.mexicanguitarplayers.com\/en\/wp-json\/wp\/v2\/product_brand?post=12168"},{"taxonomy":"product_cat","embeddable":true,"href":"https:\/\/www.mexicanguitarplayers.com\/en\/wp-json\/wp\/v2\/product_cat?post=12168"},{"taxonomy":"product_tag","embeddable":true,"href":"https:\/\/www.mexicanguitarplayers.com\/en\/wp-json\/wp\/v2\/product_tag?post=12168"}],"curies":[{"name":"wp","href":"https:\/\/api.w.org\/{rel}","templated":true}]}}