{"id":12185,"date":"2022-08-18T08:22:57","date_gmt":"2022-08-18T13:22:57","guid":{"rendered":"https:\/\/www.mexicanguitarplayers.com\/tienda\/sin%20categor\u00eda\/bajo-washburn-electrico-wb44k\/"},"modified":"2025-03-26T23:41:49","modified_gmt":"2025-03-27T05:41:49","slug":"bajo-washburn-electrico-wb44k","status":"publish","type":"product","link":"https:\/\/www.mexicanguitarplayers.com\/en\/tienda\/cuerdas\/bajos\/electricos\/electricos-pasivos\/bajo-washburn-electrico-wb44k\/","title":{"rendered":"WASHBURN ELECTRIC BASS WB44K"},"content":{"rendered":"<div style=\"text-align: justify\">\n<div>\n<h3>WASHBURN ELECTRIC BASS WB44K<\/h3>\n<\/div>\n<div>Washburn mod electric bass pack. WB44K, 4-string bass, basswood body, maple neck, rosewood fingerboard, 1 splitcoil pickup and 1 JB, 2 vol, 1 tone, 24 frets, stoptail bridge, 15W combo, nylon bag, baldric, cable and 3 picks.<\/div>\n<\/div>","protected":false},"excerpt":{"rendered":"<p>Paquete de bajo el\u00e9ctrico Washburn mod. WB44K, bajo de 4 cuerdas, cuerpo de basswood, brazo de maple, diapas\u00f3n de rosewood, 1 pickup splitcoil y 1 JB, 2 vol, 1tono, 24 trastes puente stoptail, combo de 15W, funda de nylon, tahal\u00ed, cable y3 plumillas.&hellip; <a class=\"kt-excerpt-readmore more-link\" href=\"https:\/\/www.mexicanguitarplayers.com\/en\/tienda\/cuerdas\/bajos\/electricos\/electricos-pasivos\/bajo-washburn-electrico-wb44k\/\">Read more<\/a><\/p>","protected":false},"featured_media":12184,"comment_status":"open","ping_status":"closed","template":"","meta":{"kt_blocks_editor_width":""},"pwb-brand":[178],"product_brand":[],"product_cat":[317,224,318,319],"product_tag":[],"class_list":{"0":"post-12185","1":"product","2":"type-product","3":"status-publish","4":"has-post-thumbnail","6":"pwb-brand-washburn","7":"product_cat-bajos","8":"product_cat-cuerdas","9":"product_cat-electricos","10":"product_cat-electricos-pasivos","11":"product_shipping_class-20-25-kg","13":"first","14":"outofstock","15":"taxable","16":"shipping-taxable","17":"purchasable","18":"product-type-simple"},"yoast_head":"<!-- This site is optimized with the Yoast SEO plugin v27.3 - https:\/\/yoast.com\/product\/yoast-seo-wordpress\/ -->\n<title>BAJO WASHBURN ELECTRICO WB44K - Mexican Guitar Players<\/title>\n<meta name=\"description\" content=\"BAJO WASHBURN ELECTRICO WB44K. Paquete de bajo el\u00e9ctrico Washburn mod. WB44K, bajo de 4 cuerdas, cuerpo de basswood, brazo de maple, diapas\u00f3n de rosewood, 1 pickup splitcoil y 1 JB, 2 vol, 1tono, 24 trastes puente stoptail, combo de 15W, funda de nylon, tahal\u00ed, cable y3 plumillas.\" \/>\n<meta name=\"robots\" content=\"index, follow, max-snippet:-1, max-image-preview:large, max-video-preview:-1\" \/>\n<link rel=\"canonical\" href=\"https:\/\/www.mexicanguitarplayers.com\/en\/tienda\/cuerdas\/bajos\/electricos\/electricos-pasivos\/bajo-washburn-electrico-wb44k\/\" \/>\n<meta property=\"og:locale\" content=\"en_US\" \/>\n<meta property=\"og:type\" content=\"article\" \/>\n<meta property=\"og:title\" content=\"BAJO WASHBURN ELECTRICO WB44K - Mexican Guitar Players\" \/>\n<meta property=\"og:description\" content=\"BAJO WASHBURN ELECTRICO WB44K. Paquete de bajo el\u00e9ctrico Washburn mod. WB44K, bajo de 4 cuerdas, cuerpo de basswood, brazo de maple, diapas\u00f3n de rosewood, 1 pickup splitcoil y 1 JB, 2 vol, 1tono, 24 trastes puente stoptail, combo de 15W, funda de nylon, tahal\u00ed, cable y3 plumillas.\" \/>\n<meta property=\"og:url\" content=\"https:\/\/www.mexicanguitarplayers.com\/en\/tienda\/cuerdas\/bajos\/electricos\/electricos-pasivos\/bajo-washburn-electrico-wb44k\/\" \/>\n<meta property=\"og:site_name\" content=\"Mexican Guitar Players\" \/>\n<meta property=\"article:modified_time\" content=\"2025-03-27T05:41:49+00:00\" \/>\n<meta property=\"og:image\" content=\"https:\/\/www.mexicanguitarplayers.com\/wp-content\/uploads\/2022\/08\/ISWASWB44K.jpg\" \/>\n\t<meta property=\"og:image:width\" content=\"300\" \/>\n\t<meta property=\"og:image:height\" content=\"300\" \/>\n\t<meta property=\"og:image:type\" content=\"image\/jpeg\" \/>\n<meta name=\"twitter:card\" content=\"summary_large_image\" \/>\n<script type=\"application\/ld+json\" class=\"yoast-schema-graph\">{\"@context\":\"https:\\\/\\\/schema.org\",\"@graph\":[{\"@type\":[\"WebPage\",\"ItemPage\"],\"@id\":\"https:\\\/\\\/www.mexicanguitarplayers.com\\\/tienda\\\/cuerdas\\\/bajos\\\/electricos\\\/electricos-pasivos\\\/bajo-washburn-electrico-wb44k\\\/\",\"url\":\"https:\\\/\\\/www.mexicanguitarplayers.com\\\/tienda\\\/cuerdas\\\/bajos\\\/electricos\\\/electricos-pasivos\\\/bajo-washburn-electrico-wb44k\\\/\",\"name\":\"BAJO WASHBURN ELECTRICO WB44K - Mexican Guitar Players\",\"isPartOf\":{\"@id\":\"https:\\\/\\\/www.mexicanguitarplayers.com\\\/#website\"},\"primaryImageOfPage\":{\"@id\":\"https:\\\/\\\/www.mexicanguitarplayers.com\\\/tienda\\\/cuerdas\\\/bajos\\\/electricos\\\/electricos-pasivos\\\/bajo-washburn-electrico-wb44k\\\/#primaryimage\"},\"image\":{\"@id\":\"https:\\\/\\\/www.mexicanguitarplayers.com\\\/tienda\\\/cuerdas\\\/bajos\\\/electricos\\\/electricos-pasivos\\\/bajo-washburn-electrico-wb44k\\\/#primaryimage\"},\"thumbnailUrl\":\"https:\\\/\\\/www.mexicanguitarplayers.com\\\/wp-content\\\/uploads\\\/2022\\\/08\\\/ISWASWB44K.jpg\",\"datePublished\":\"2022-08-18T13:22:57+00:00\",\"dateModified\":\"2025-03-27T05:41:49+00:00\",\"description\":\"BAJO WASHBURN ELECTRICO WB44K. Paquete de bajo el\u00e9ctrico Washburn mod. WB44K, bajo de 4 cuerdas, cuerpo de basswood, brazo de maple, diapas\u00f3n de rosewood, 1 pickup splitcoil y 1 JB, 2 vol, 1tono, 24 trastes puente stoptail, combo de 15W, funda de nylon, tahal\u00ed, cable y3 plumillas.\",\"breadcrumb\":{\"@id\":\"https:\\\/\\\/www.mexicanguitarplayers.com\\\/tienda\\\/cuerdas\\\/bajos\\\/electricos\\\/electricos-pasivos\\\/bajo-washburn-electrico-wb44k\\\/#breadcrumb\"},\"inLanguage\":\"en-US\",\"potentialAction\":[{\"@type\":\"ReadAction\",\"target\":[\"https:\\\/\\\/www.mexicanguitarplayers.com\\\/tienda\\\/cuerdas\\\/bajos\\\/electricos\\\/electricos-pasivos\\\/bajo-washburn-electrico-wb44k\\\/\"]}]},{\"@type\":\"ImageObject\",\"inLanguage\":\"en-US\",\"@id\":\"https:\\\/\\\/www.mexicanguitarplayers.com\\\/tienda\\\/cuerdas\\\/bajos\\\/electricos\\\/electricos-pasivos\\\/bajo-washburn-electrico-wb44k\\\/#primaryimage\",\"url\":\"https:\\\/\\\/www.mexicanguitarplayers.com\\\/wp-content\\\/uploads\\\/2022\\\/08\\\/ISWASWB44K.jpg\",\"contentUrl\":\"https:\\\/\\\/www.mexicanguitarplayers.com\\\/wp-content\\\/uploads\\\/2022\\\/08\\\/ISWASWB44K.jpg\",\"width\":300,\"height\":300},{\"@type\":\"BreadcrumbList\",\"@id\":\"https:\\\/\\\/www.mexicanguitarplayers.com\\\/tienda\\\/cuerdas\\\/bajos\\\/electricos\\\/electricos-pasivos\\\/bajo-washburn-electrico-wb44k\\\/#breadcrumb\",\"itemListElement\":[{\"@type\":\"ListItem\",\"position\":1,\"name\":\"Portada\",\"item\":\"https:\\\/\\\/www.mexicanguitarplayers.com\\\/\"},{\"@type\":\"ListItem\",\"position\":2,\"name\":\"Tienda\",\"item\":\"https:\\\/\\\/www.mexicanguitarplayers.com\\\/tienda\\\/\"},{\"@type\":\"ListItem\",\"position\":3,\"name\":\"BAJO WASHBURN ELECTRICO WB44K\"}]},{\"@type\":\"WebSite\",\"@id\":\"https:\\\/\\\/www.mexicanguitarplayers.com\\\/#website\",\"url\":\"https:\\\/\\\/www.mexicanguitarplayers.com\\\/\",\"name\":\"Mexican Guitar Players\",\"description\":\"Website\",\"publisher\":{\"@id\":\"https:\\\/\\\/www.mexicanguitarplayers.com\\\/#organization\"},\"potentialAction\":[{\"@type\":\"SearchAction\",\"target\":{\"@type\":\"EntryPoint\",\"urlTemplate\":\"https:\\\/\\\/www.mexicanguitarplayers.com\\\/?s={search_term_string}\"},\"query-input\":{\"@type\":\"PropertyValueSpecification\",\"valueRequired\":true,\"valueName\":\"search_term_string\"}}],\"inLanguage\":\"en-US\"},{\"@type\":\"Organization\",\"@id\":\"https:\\\/\\\/www.mexicanguitarplayers.com\\\/#organization\",\"name\":\"Mexican Guitar Players\",\"url\":\"https:\\\/\\\/www.mexicanguitarplayers.com\\\/\",\"logo\":{\"@type\":\"ImageObject\",\"inLanguage\":\"en-US\",\"@id\":\"https:\\\/\\\/www.mexicanguitarplayers.com\\\/#\\\/schema\\\/logo\\\/image\\\/\",\"url\":\"\",\"contentUrl\":\"\",\"caption\":\"Mexican Guitar Players\"},\"image\":{\"@id\":\"https:\\\/\\\/www.mexicanguitarplayers.com\\\/#\\\/schema\\\/logo\\\/image\\\/\"}}]}<\/script>\n<!-- \/ Yoast SEO plugin. -->","yoast_head_json":{"title":"BAJO WASHBURN ELECTRICO WB44K - Mexican Guitar Players","description":"BAJO WASHBURN ELECTRICO WB44K. Paquete de bajo el\u00e9ctrico Washburn mod. WB44K, bajo de 4 cuerdas, cuerpo de basswood, brazo de maple, diapas\u00f3n de rosewood, 1 pickup splitcoil y 1 JB, 2 vol, 1tono, 24 trastes puente stoptail, combo de 15W, funda de nylon, tahal\u00ed, cable y3 plumillas.","robots":{"index":"index","follow":"follow","max-snippet":"max-snippet:-1","max-image-preview":"max-image-preview:large","max-video-preview":"max-video-preview:-1"},"canonical":"https:\/\/www.mexicanguitarplayers.com\/en\/tienda\/cuerdas\/bajos\/electricos\/electricos-pasivos\/bajo-washburn-electrico-wb44k\/","og_locale":"en_US","og_type":"article","og_title":"BAJO WASHBURN ELECTRICO WB44K - Mexican Guitar Players","og_description":"BAJO WASHBURN ELECTRICO WB44K. Paquete de bajo el\u00e9ctrico Washburn mod. WB44K, bajo de 4 cuerdas, cuerpo de basswood, brazo de maple, diapas\u00f3n de rosewood, 1 pickup splitcoil y 1 JB, 2 vol, 1tono, 24 trastes puente stoptail, combo de 15W, funda de nylon, tahal\u00ed, cable y3 plumillas.","og_url":"https:\/\/www.mexicanguitarplayers.com\/en\/tienda\/cuerdas\/bajos\/electricos\/electricos-pasivos\/bajo-washburn-electrico-wb44k\/","og_site_name":"Mexican Guitar Players","article_modified_time":"2025-03-27T05:41:49+00:00","og_image":[{"width":300,"height":300,"url":"https:\/\/www.mexicanguitarplayers.com\/wp-content\/uploads\/2022\/08\/ISWASWB44K.jpg","type":"image\/jpeg"}],"twitter_card":"summary_large_image","schema":{"@context":"https:\/\/schema.org","@graph":[{"@type":["WebPage","ItemPage"],"@id":"https:\/\/www.mexicanguitarplayers.com\/tienda\/cuerdas\/bajos\/electricos\/electricos-pasivos\/bajo-washburn-electrico-wb44k\/","url":"https:\/\/www.mexicanguitarplayers.com\/tienda\/cuerdas\/bajos\/electricos\/electricos-pasivos\/bajo-washburn-electrico-wb44k\/","name":"BAJO WASHBURN ELECTRICO WB44K - Mexican Guitar Players","isPartOf":{"@id":"https:\/\/www.mexicanguitarplayers.com\/#website"},"primaryImageOfPage":{"@id":"https:\/\/www.mexicanguitarplayers.com\/tienda\/cuerdas\/bajos\/electricos\/electricos-pasivos\/bajo-washburn-electrico-wb44k\/#primaryimage"},"image":{"@id":"https:\/\/www.mexicanguitarplayers.com\/tienda\/cuerdas\/bajos\/electricos\/electricos-pasivos\/bajo-washburn-electrico-wb44k\/#primaryimage"},"thumbnailUrl":"https:\/\/www.mexicanguitarplayers.com\/wp-content\/uploads\/2022\/08\/ISWASWB44K.jpg","datePublished":"2022-08-18T13:22:57+00:00","dateModified":"2025-03-27T05:41:49+00:00","description":"BAJO WASHBURN ELECTRICO WB44K. Paquete de bajo el\u00e9ctrico Washburn mod. WB44K, bajo de 4 cuerdas, cuerpo de basswood, brazo de maple, diapas\u00f3n de rosewood, 1 pickup splitcoil y 1 JB, 2 vol, 1tono, 24 trastes puente stoptail, combo de 15W, funda de nylon, tahal\u00ed, cable y3 plumillas.","breadcrumb":{"@id":"https:\/\/www.mexicanguitarplayers.com\/tienda\/cuerdas\/bajos\/electricos\/electricos-pasivos\/bajo-washburn-electrico-wb44k\/#breadcrumb"},"inLanguage":"en-US","potentialAction":[{"@type":"ReadAction","target":["https:\/\/www.mexicanguitarplayers.com\/tienda\/cuerdas\/bajos\/electricos\/electricos-pasivos\/bajo-washburn-electrico-wb44k\/"]}]},{"@type":"ImageObject","inLanguage":"en-US","@id":"https:\/\/www.mexicanguitarplayers.com\/tienda\/cuerdas\/bajos\/electricos\/electricos-pasivos\/bajo-washburn-electrico-wb44k\/#primaryimage","url":"https:\/\/www.mexicanguitarplayers.com\/wp-content\/uploads\/2022\/08\/ISWASWB44K.jpg","contentUrl":"https:\/\/www.mexicanguitarplayers.com\/wp-content\/uploads\/2022\/08\/ISWASWB44K.jpg","width":300,"height":300},{"@type":"BreadcrumbList","@id":"https:\/\/www.mexicanguitarplayers.com\/tienda\/cuerdas\/bajos\/electricos\/electricos-pasivos\/bajo-washburn-electrico-wb44k\/#breadcrumb","itemListElement":[{"@type":"ListItem","position":1,"name":"Portada","item":"https:\/\/www.mexicanguitarplayers.com\/"},{"@type":"ListItem","position":2,"name":"Tienda","item":"https:\/\/www.mexicanguitarplayers.com\/tienda\/"},{"@type":"ListItem","position":3,"name":"BAJO WASHBURN ELECTRICO WB44K"}]},{"@type":"WebSite","@id":"https:\/\/www.mexicanguitarplayers.com\/#website","url":"https:\/\/www.mexicanguitarplayers.com\/","name":"Mexican Guitar Players","description":"Website","publisher":{"@id":"https:\/\/www.mexicanguitarplayers.com\/#organization"},"potentialAction":[{"@type":"SearchAction","target":{"@type":"EntryPoint","urlTemplate":"https:\/\/www.mexicanguitarplayers.com\/?s={search_term_string}"},"query-input":{"@type":"PropertyValueSpecification","valueRequired":true,"valueName":"search_term_string"}}],"inLanguage":"en-US"},{"@type":"Organization","@id":"https:\/\/www.mexicanguitarplayers.com\/#organization","name":"Mexican Guitar Players","url":"https:\/\/www.mexicanguitarplayers.com\/","logo":{"@type":"ImageObject","inLanguage":"en-US","@id":"https:\/\/www.mexicanguitarplayers.com\/#\/schema\/logo\/image\/","url":"","contentUrl":"","caption":"Mexican Guitar Players"},"image":{"@id":"https:\/\/www.mexicanguitarplayers.com\/#\/schema\/logo\/image\/"}}]}},"brands":[{"id":178,"name":"WASHBURN","slug":"washburn"}],"_links":{"self":[{"href":"https:\/\/www.mexicanguitarplayers.com\/en\/wp-json\/wp\/v2\/product\/12185","targetHints":{"allow":["GET"]}}],"collection":[{"href":"https:\/\/www.mexicanguitarplayers.com\/en\/wp-json\/wp\/v2\/product"}],"about":[{"href":"https:\/\/www.mexicanguitarplayers.com\/en\/wp-json\/wp\/v2\/types\/product"}],"replies":[{"embeddable":true,"href":"https:\/\/www.mexicanguitarplayers.com\/en\/wp-json\/wp\/v2\/comments?post=12185"}],"wp:featuredmedia":[{"embeddable":true,"href":"https:\/\/www.mexicanguitarplayers.com\/en\/wp-json\/wp\/v2\/media\/12184"}],"wp:attachment":[{"href":"https:\/\/www.mexicanguitarplayers.com\/en\/wp-json\/wp\/v2\/media?parent=12185"}],"wp:term":[{"taxonomy":"pwb-brand","embeddable":true,"href":"https:\/\/www.mexicanguitarplayers.com\/en\/wp-json\/wp\/v2\/pwb-brand?post=12185"},{"taxonomy":"product_brand","embeddable":true,"href":"https:\/\/www.mexicanguitarplayers.com\/en\/wp-json\/wp\/v2\/product_brand?post=12185"},{"taxonomy":"product_cat","embeddable":true,"href":"https:\/\/www.mexicanguitarplayers.com\/en\/wp-json\/wp\/v2\/product_cat?post=12185"},{"taxonomy":"product_tag","embeddable":true,"href":"https:\/\/www.mexicanguitarplayers.com\/en\/wp-json\/wp\/v2\/product_tag?post=12185"}],"curies":[{"name":"wp","href":"https:\/\/api.w.org\/{rel}","templated":true}]}}