{"id":12227,"date":"2022-08-18T08:24:03","date_gmt":"2022-08-18T13:24:03","guid":{"rendered":"https:\/\/www.mexicanguitarplayers.com\/tienda\/sin%20categor\u00eda\/guitarra-washburn-elect-idol-std-160\/"},"modified":"2024-01-30T19:12:51","modified_gmt":"2024-01-31T01:12:51","slug":"guitarra-washburn-elect-idol-std-160","status":"publish","type":"product","link":"https:\/\/www.mexicanguitarplayers.com\/en\/tienda\/cuerdas\/guitarras-cuerdas\/electricas\/guitarras-electricas-solidas\/guitarra-washburn-elect-idol-std-160\/","title":{"rendered":"WASHBURN ELECTRIC GUITAR. IDOL STD 160"},"content":{"rendered":"<div style=\"text-align: justify; list-style: circle;\">\n<div>\n<h3>WASHBURN ELECTRIC GUITAR. IDOL STD 160<\/h3>\n<\/div>\n<div>Solid electric guitar, basswood body, single cut, controls: 2 tones and 2 volumes, 3-way selector switch, 2 Duncan Designed Humbuckers H\/H, glossy black finish, D&#039;Addario strings, solid maple neck, fingerboard: ovangkol, 22 frets, dot inlays, 24-3\/4\u201d scale, chrome hardware, Tune-O-Matic bridge with Stop Bar, diecast machinery.<\/div>\n<\/div>","protected":false},"excerpt":{"rendered":"<p>Guitarra el\u00e9ctrica s\u00f3lida, cuerpo de tilo, single cut, controles: 2 tonos y 2 vol\u00famenes, selector de 3 posiciones, 2 humbuckers Duncan Designed Humbuckers H\/H, terminado color negro brillante, cuerdas D&#8217;Addario, brazo de maple s\u00f3lido, diapas\u00f3n de ovangkol, 22 trastes, incrustaciones de puntos, escala 24-3\/4\u201d\u201d, hardware cromado, puente Tune-O-Matic con Stop Bar, maquinaria diecast.&hellip; <a class=\"kt-excerpt-readmore more-link\" href=\"https:\/\/www.mexicanguitarplayers.com\/en\/tienda\/cuerdas\/guitarras-cuerdas\/electricas\/guitarras-electricas-solidas\/guitarra-washburn-elect-idol-std-160\/\">Read more<\/a><\/p>","protected":false},"featured_media":12225,"comment_status":"open","ping_status":"closed","template":"","meta":{"kt_blocks_editor_width":""},"pwb-brand":[178],"product_brand":[],"product_cat":[224,313,312,314],"product_tag":[],"class_list":{"0":"post-12227","1":"product","2":"type-product","3":"status-publish","4":"has-post-thumbnail","6":"pwb-brand-washburn","7":"product_cat-cuerdas","8":"product_cat-electricas","9":"product_cat-guitarras-cuerdas","10":"product_cat-guitarras-electricas-solidas","11":"product_shipping_class-20-25-kg","13":"first","14":"outofstock","15":"taxable","16":"shipping-taxable","17":"purchasable","18":"product-type-simple"},"yoast_head":"<!-- This site is optimized with the Yoast SEO plugin v27.5 - https:\/\/yoast.com\/product\/yoast-seo-wordpress\/ -->\n<title>GUITARRA WASHBURN ELECT. IDOL STD 160 - Mexican Guitar Players<\/title>\n<meta name=\"description\" content=\"GUITARRA WASHBURN ELECT. IDOL STD 160. Guitarra el\u00e9ctrica s\u00f3lida, cuerpo de tilo, single cut, controles: 2 tonos y 2 vol\u00famenes, selector de 3 posiciones, 2 humbuckers Duncan Designed Humbuckers H\/H, terminado color negro brillante, cuerdas D&#039;Addario, brazo de maple s\u00f3lido, diapas\u00f3n de ovangkol, 22 trastes, incrustaciones de puntos, escala 24-3\/4\u201d\u201d, hardware cromado, puente Tune-O-Matic con Stop Bar, maquinaria diecast.\" \/>\n<meta name=\"robots\" content=\"index, follow, max-snippet:-1, max-image-preview:large, max-video-preview:-1\" \/>\n<link rel=\"canonical\" href=\"https:\/\/www.mexicanguitarplayers.com\/en\/tienda\/cuerdas\/guitarras-cuerdas\/electricas\/guitarras-electricas-solidas\/guitarra-washburn-elect-idol-std-160\/\" \/>\n<meta property=\"og:locale\" content=\"en_US\" \/>\n<meta property=\"og:type\" content=\"article\" \/>\n<meta property=\"og:title\" content=\"GUITARRA WASHBURN ELECT. IDOL STD 160 - Mexican Guitar Players\" \/>\n<meta property=\"og:description\" content=\"GUITARRA WASHBURN ELECT. IDOL STD 160. Guitarra el\u00e9ctrica s\u00f3lida, cuerpo de tilo, single cut, controles: 2 tonos y 2 vol\u00famenes, selector de 3 posiciones, 2 humbuckers Duncan Designed Humbuckers H\/H, terminado color negro brillante, cuerdas D&#039;Addario, brazo de maple s\u00f3lido, diapas\u00f3n de ovangkol, 22 trastes, incrustaciones de puntos, escala 24-3\/4\u201d\u201d, hardware cromado, puente Tune-O-Matic con Stop Bar, maquinaria diecast.\" \/>\n<meta property=\"og:url\" content=\"https:\/\/www.mexicanguitarplayers.com\/en\/tienda\/cuerdas\/guitarras-cuerdas\/electricas\/guitarras-electricas-solidas\/guitarra-washburn-elect-idol-std-160\/\" \/>\n<meta property=\"og:site_name\" content=\"Mexican Guitar Players\" \/>\n<meta property=\"article:modified_time\" content=\"2024-01-31T01:12:51+00:00\" \/>\n<meta property=\"og:image\" content=\"https:\/\/www.mexicanguitarplayers.com\/wp-content\/uploads\/2022\/08\/ISWASWIS160B.jpg\" \/>\n\t<meta property=\"og:image:width\" content=\"800\" \/>\n\t<meta property=\"og:image:height\" content=\"1600\" \/>\n\t<meta property=\"og:image:type\" content=\"image\/jpeg\" \/>\n<meta name=\"twitter:card\" content=\"summary_large_image\" \/>\n<script type=\"application\/ld+json\" class=\"yoast-schema-graph\">{\"@context\":\"https:\\\/\\\/schema.org\",\"@graph\":[{\"@type\":[\"WebPage\",\"ItemPage\"],\"@id\":\"https:\\\/\\\/www.mexicanguitarplayers.com\\\/tienda\\\/cuerdas\\\/guitarras-cuerdas\\\/electricas\\\/guitarras-electricas-solidas\\\/guitarra-washburn-elect-idol-std-160\\\/\",\"url\":\"https:\\\/\\\/www.mexicanguitarplayers.com\\\/tienda\\\/cuerdas\\\/guitarras-cuerdas\\\/electricas\\\/guitarras-electricas-solidas\\\/guitarra-washburn-elect-idol-std-160\\\/\",\"name\":\"GUITARRA WASHBURN ELECT. IDOL STD 160 - Mexican Guitar Players\",\"isPartOf\":{\"@id\":\"https:\\\/\\\/www.mexicanguitarplayers.com\\\/#website\"},\"primaryImageOfPage\":{\"@id\":\"https:\\\/\\\/www.mexicanguitarplayers.com\\\/tienda\\\/cuerdas\\\/guitarras-cuerdas\\\/electricas\\\/guitarras-electricas-solidas\\\/guitarra-washburn-elect-idol-std-160\\\/#primaryimage\"},\"image\":{\"@id\":\"https:\\\/\\\/www.mexicanguitarplayers.com\\\/tienda\\\/cuerdas\\\/guitarras-cuerdas\\\/electricas\\\/guitarras-electricas-solidas\\\/guitarra-washburn-elect-idol-std-160\\\/#primaryimage\"},\"thumbnailUrl\":\"https:\\\/\\\/www.mexicanguitarplayers.com\\\/wp-content\\\/uploads\\\/2022\\\/08\\\/ISWASWIS160B.jpg\",\"datePublished\":\"2022-08-18T13:24:03+00:00\",\"dateModified\":\"2024-01-31T01:12:51+00:00\",\"description\":\"GUITARRA WASHBURN ELECT. IDOL STD 160. Guitarra el\u00e9ctrica s\u00f3lida, cuerpo de tilo, single cut, controles: 2 tonos y 2 vol\u00famenes, selector de 3 posiciones, 2 humbuckers Duncan Designed Humbuckers H\\\/H, terminado color negro brillante, cuerdas D'Addario, brazo de maple s\u00f3lido, diapas\u00f3n de ovangkol, 22 trastes, incrustaciones de puntos, escala 24-3\\\/4\u201d\u201d, hardware cromado, puente Tune-O-Matic con Stop Bar, maquinaria diecast.\",\"breadcrumb\":{\"@id\":\"https:\\\/\\\/www.mexicanguitarplayers.com\\\/tienda\\\/cuerdas\\\/guitarras-cuerdas\\\/electricas\\\/guitarras-electricas-solidas\\\/guitarra-washburn-elect-idol-std-160\\\/#breadcrumb\"},\"inLanguage\":\"en-US\",\"potentialAction\":[{\"@type\":\"ReadAction\",\"target\":[\"https:\\\/\\\/www.mexicanguitarplayers.com\\\/tienda\\\/cuerdas\\\/guitarras-cuerdas\\\/electricas\\\/guitarras-electricas-solidas\\\/guitarra-washburn-elect-idol-std-160\\\/\"]}]},{\"@type\":\"ImageObject\",\"inLanguage\":\"en-US\",\"@id\":\"https:\\\/\\\/www.mexicanguitarplayers.com\\\/tienda\\\/cuerdas\\\/guitarras-cuerdas\\\/electricas\\\/guitarras-electricas-solidas\\\/guitarra-washburn-elect-idol-std-160\\\/#primaryimage\",\"url\":\"https:\\\/\\\/www.mexicanguitarplayers.com\\\/wp-content\\\/uploads\\\/2022\\\/08\\\/ISWASWIS160B.jpg\",\"contentUrl\":\"https:\\\/\\\/www.mexicanguitarplayers.com\\\/wp-content\\\/uploads\\\/2022\\\/08\\\/ISWASWIS160B.jpg\",\"width\":800,\"height\":1600},{\"@type\":\"BreadcrumbList\",\"@id\":\"https:\\\/\\\/www.mexicanguitarplayers.com\\\/tienda\\\/cuerdas\\\/guitarras-cuerdas\\\/electricas\\\/guitarras-electricas-solidas\\\/guitarra-washburn-elect-idol-std-160\\\/#breadcrumb\",\"itemListElement\":[{\"@type\":\"ListItem\",\"position\":1,\"name\":\"Portada\",\"item\":\"https:\\\/\\\/www.mexicanguitarplayers.com\\\/\"},{\"@type\":\"ListItem\",\"position\":2,\"name\":\"Tienda\",\"item\":\"https:\\\/\\\/www.mexicanguitarplayers.com\\\/tienda\\\/\"},{\"@type\":\"ListItem\",\"position\":3,\"name\":\"GUITARRA WASHBURN ELECT. IDOL STD 160\"}]},{\"@type\":\"WebSite\",\"@id\":\"https:\\\/\\\/www.mexicanguitarplayers.com\\\/#website\",\"url\":\"https:\\\/\\\/www.mexicanguitarplayers.com\\\/\",\"name\":\"Mexican Guitar Players\",\"description\":\"Website\",\"publisher\":{\"@id\":\"https:\\\/\\\/www.mexicanguitarplayers.com\\\/#organization\"},\"potentialAction\":[{\"@type\":\"SearchAction\",\"target\":{\"@type\":\"EntryPoint\",\"urlTemplate\":\"https:\\\/\\\/www.mexicanguitarplayers.com\\\/?s={search_term_string}\"},\"query-input\":{\"@type\":\"PropertyValueSpecification\",\"valueRequired\":true,\"valueName\":\"search_term_string\"}}],\"inLanguage\":\"en-US\"},{\"@type\":\"Organization\",\"@id\":\"https:\\\/\\\/www.mexicanguitarplayers.com\\\/#organization\",\"name\":\"Mexican Guitar Players\",\"url\":\"https:\\\/\\\/www.mexicanguitarplayers.com\\\/\",\"logo\":{\"@type\":\"ImageObject\",\"inLanguage\":\"en-US\",\"@id\":\"https:\\\/\\\/www.mexicanguitarplayers.com\\\/#\\\/schema\\\/logo\\\/image\\\/\",\"url\":\"\",\"contentUrl\":\"\",\"caption\":\"Mexican Guitar Players\"},\"image\":{\"@id\":\"https:\\\/\\\/www.mexicanguitarplayers.com\\\/#\\\/schema\\\/logo\\\/image\\\/\"}}]}<\/script>\n<!-- \/ Yoast SEO plugin. -->","yoast_head_json":{"title":"GUITARRA WASHBURN ELECT. IDOL STD 160 - Mexican Guitar Players","description":"GUITARRA WASHBURN ELECT. IDOL STD 160. Guitarra el\u00e9ctrica s\u00f3lida, cuerpo de tilo, single cut, controles: 2 tonos y 2 vol\u00famenes, selector de 3 posiciones, 2 humbuckers Duncan Designed Humbuckers H\/H, terminado color negro brillante, cuerdas D'Addario, brazo de maple s\u00f3lido, diapas\u00f3n de ovangkol, 22 trastes, incrustaciones de puntos, escala 24-3\/4\u201d\u201d, hardware cromado, puente Tune-O-Matic con Stop Bar, maquinaria diecast.","robots":{"index":"index","follow":"follow","max-snippet":"max-snippet:-1","max-image-preview":"max-image-preview:large","max-video-preview":"max-video-preview:-1"},"canonical":"https:\/\/www.mexicanguitarplayers.com\/en\/tienda\/cuerdas\/guitarras-cuerdas\/electricas\/guitarras-electricas-solidas\/guitarra-washburn-elect-idol-std-160\/","og_locale":"en_US","og_type":"article","og_title":"GUITARRA WASHBURN ELECT. IDOL STD 160 - Mexican Guitar Players","og_description":"GUITARRA WASHBURN ELECT. IDOL STD 160. Guitarra el\u00e9ctrica s\u00f3lida, cuerpo de tilo, single cut, controles: 2 tonos y 2 vol\u00famenes, selector de 3 posiciones, 2 humbuckers Duncan Designed Humbuckers H\/H, terminado color negro brillante, cuerdas D'Addario, brazo de maple s\u00f3lido, diapas\u00f3n de ovangkol, 22 trastes, incrustaciones de puntos, escala 24-3\/4\u201d\u201d, hardware cromado, puente Tune-O-Matic con Stop Bar, maquinaria diecast.","og_url":"https:\/\/www.mexicanguitarplayers.com\/en\/tienda\/cuerdas\/guitarras-cuerdas\/electricas\/guitarras-electricas-solidas\/guitarra-washburn-elect-idol-std-160\/","og_site_name":"Mexican Guitar Players","article_modified_time":"2024-01-31T01:12:51+00:00","og_image":[{"width":800,"height":1600,"url":"https:\/\/www.mexicanguitarplayers.com\/wp-content\/uploads\/2022\/08\/ISWASWIS160B.jpg","type":"image\/jpeg"}],"twitter_card":"summary_large_image","schema":{"@context":"https:\/\/schema.org","@graph":[{"@type":["WebPage","ItemPage"],"@id":"https:\/\/www.mexicanguitarplayers.com\/tienda\/cuerdas\/guitarras-cuerdas\/electricas\/guitarras-electricas-solidas\/guitarra-washburn-elect-idol-std-160\/","url":"https:\/\/www.mexicanguitarplayers.com\/tienda\/cuerdas\/guitarras-cuerdas\/electricas\/guitarras-electricas-solidas\/guitarra-washburn-elect-idol-std-160\/","name":"GUITARRA WASHBURN ELECT. IDOL STD 160 - Mexican Guitar Players","isPartOf":{"@id":"https:\/\/www.mexicanguitarplayers.com\/#website"},"primaryImageOfPage":{"@id":"https:\/\/www.mexicanguitarplayers.com\/tienda\/cuerdas\/guitarras-cuerdas\/electricas\/guitarras-electricas-solidas\/guitarra-washburn-elect-idol-std-160\/#primaryimage"},"image":{"@id":"https:\/\/www.mexicanguitarplayers.com\/tienda\/cuerdas\/guitarras-cuerdas\/electricas\/guitarras-electricas-solidas\/guitarra-washburn-elect-idol-std-160\/#primaryimage"},"thumbnailUrl":"https:\/\/www.mexicanguitarplayers.com\/wp-content\/uploads\/2022\/08\/ISWASWIS160B.jpg","datePublished":"2022-08-18T13:24:03+00:00","dateModified":"2024-01-31T01:12:51+00:00","description":"GUITARRA WASHBURN ELECT. IDOL STD 160. Guitarra el\u00e9ctrica s\u00f3lida, cuerpo de tilo, single cut, controles: 2 tonos y 2 vol\u00famenes, selector de 3 posiciones, 2 humbuckers Duncan Designed Humbuckers H\/H, terminado color negro brillante, cuerdas D'Addario, brazo de maple s\u00f3lido, diapas\u00f3n de ovangkol, 22 trastes, incrustaciones de puntos, escala 24-3\/4\u201d\u201d, hardware cromado, puente Tune-O-Matic con Stop Bar, maquinaria diecast.","breadcrumb":{"@id":"https:\/\/www.mexicanguitarplayers.com\/tienda\/cuerdas\/guitarras-cuerdas\/electricas\/guitarras-electricas-solidas\/guitarra-washburn-elect-idol-std-160\/#breadcrumb"},"inLanguage":"en-US","potentialAction":[{"@type":"ReadAction","target":["https:\/\/www.mexicanguitarplayers.com\/tienda\/cuerdas\/guitarras-cuerdas\/electricas\/guitarras-electricas-solidas\/guitarra-washburn-elect-idol-std-160\/"]}]},{"@type":"ImageObject","inLanguage":"en-US","@id":"https:\/\/www.mexicanguitarplayers.com\/tienda\/cuerdas\/guitarras-cuerdas\/electricas\/guitarras-electricas-solidas\/guitarra-washburn-elect-idol-std-160\/#primaryimage","url":"https:\/\/www.mexicanguitarplayers.com\/wp-content\/uploads\/2022\/08\/ISWASWIS160B.jpg","contentUrl":"https:\/\/www.mexicanguitarplayers.com\/wp-content\/uploads\/2022\/08\/ISWASWIS160B.jpg","width":800,"height":1600},{"@type":"BreadcrumbList","@id":"https:\/\/www.mexicanguitarplayers.com\/tienda\/cuerdas\/guitarras-cuerdas\/electricas\/guitarras-electricas-solidas\/guitarra-washburn-elect-idol-std-160\/#breadcrumb","itemListElement":[{"@type":"ListItem","position":1,"name":"Portada","item":"https:\/\/www.mexicanguitarplayers.com\/"},{"@type":"ListItem","position":2,"name":"Tienda","item":"https:\/\/www.mexicanguitarplayers.com\/tienda\/"},{"@type":"ListItem","position":3,"name":"GUITARRA WASHBURN ELECT. IDOL STD 160"}]},{"@type":"WebSite","@id":"https:\/\/www.mexicanguitarplayers.com\/#website","url":"https:\/\/www.mexicanguitarplayers.com\/","name":"Mexican Guitar Players","description":"Website","publisher":{"@id":"https:\/\/www.mexicanguitarplayers.com\/#organization"},"potentialAction":[{"@type":"SearchAction","target":{"@type":"EntryPoint","urlTemplate":"https:\/\/www.mexicanguitarplayers.com\/?s={search_term_string}"},"query-input":{"@type":"PropertyValueSpecification","valueRequired":true,"valueName":"search_term_string"}}],"inLanguage":"en-US"},{"@type":"Organization","@id":"https:\/\/www.mexicanguitarplayers.com\/#organization","name":"Mexican Guitar Players","url":"https:\/\/www.mexicanguitarplayers.com\/","logo":{"@type":"ImageObject","inLanguage":"en-US","@id":"https:\/\/www.mexicanguitarplayers.com\/#\/schema\/logo\/image\/","url":"","contentUrl":"","caption":"Mexican Guitar Players"},"image":{"@id":"https:\/\/www.mexicanguitarplayers.com\/#\/schema\/logo\/image\/"}}]}},"brands":[{"id":178,"name":"WASHBURN","slug":"washburn"}],"_links":{"self":[{"href":"https:\/\/www.mexicanguitarplayers.com\/en\/wp-json\/wp\/v2\/product\/12227","targetHints":{"allow":["GET"]}}],"collection":[{"href":"https:\/\/www.mexicanguitarplayers.com\/en\/wp-json\/wp\/v2\/product"}],"about":[{"href":"https:\/\/www.mexicanguitarplayers.com\/en\/wp-json\/wp\/v2\/types\/product"}],"replies":[{"embeddable":true,"href":"https:\/\/www.mexicanguitarplayers.com\/en\/wp-json\/wp\/v2\/comments?post=12227"}],"wp:featuredmedia":[{"embeddable":true,"href":"https:\/\/www.mexicanguitarplayers.com\/en\/wp-json\/wp\/v2\/media\/12225"}],"wp:attachment":[{"href":"https:\/\/www.mexicanguitarplayers.com\/en\/wp-json\/wp\/v2\/media?parent=12227"}],"wp:term":[{"taxonomy":"pwb-brand","embeddable":true,"href":"https:\/\/www.mexicanguitarplayers.com\/en\/wp-json\/wp\/v2\/pwb-brand?post=12227"},{"taxonomy":"product_brand","embeddable":true,"href":"https:\/\/www.mexicanguitarplayers.com\/en\/wp-json\/wp\/v2\/product_brand?post=12227"},{"taxonomy":"product_cat","embeddable":true,"href":"https:\/\/www.mexicanguitarplayers.com\/en\/wp-json\/wp\/v2\/product_cat?post=12227"},{"taxonomy":"product_tag","embeddable":true,"href":"https:\/\/www.mexicanguitarplayers.com\/en\/wp-json\/wp\/v2\/product_tag?post=12227"}],"curies":[{"name":"wp","href":"https:\/\/api.w.org\/{rel}","templated":true}]}}