{"id":12243,"date":"2022-08-18T08:24:30","date_gmt":"2022-08-18T13:24:30","guid":{"rendered":"https:\/\/www.mexicanguitarplayers.com\/tienda\/sin%20categor\u00eda\/piano-casio-celviano-ap-220bk\/"},"modified":"2026-04-10T05:16:12","modified_gmt":"2026-04-10T11:16:12","slug":"piano-casio-celviano-ap-220bk","status":"publish","type":"product","link":"https:\/\/www.mexicanguitarplayers.com\/en\/tienda\/teclas\/pianos\/pianos-digitales\/piano-casio-celviano-ap-220bk\/","title":{"rendered":"PIANO CASIO CELVIANO AP-220BK"},"content":{"rendered":"<div style=\"text-align: justify\">\n<div>\n<h3>PIANO CASIO CELVIANO AP-220BK<\/h3>\n<\/div>\n<div>88-Key Celvian Piano with Tri-Sensor Scale Hammer Action, Touch Response, 3 Sensitivity Levels, Linear Modulation AIF Sound Source, 128-Note Maximum Polyphony, 16 Built-in Tones, Layer\/Split, Digital Effects, 60 built-in songs, lesson function, metronome, recorder: 2 tracks x 1 song, 2 grand piano buttons (modern, classical) and electric piano button, duet function, extended tuning, octave shift, panel lock, cover slider-type keyboard, key transpose, tuning control, non-GM compatible, includes USB port, 2 x 12 cm speakers, amp output: 8W+8W, headphone output (standard stereo jack), dimensions: 1.395 x 432 x 835 mm, weight: 37.5 kg, finished in black wood, accessories included: Bench, sheet music book, sheet music stand, 3 pedals and power adapter.<\/div>\n<\/div>","protected":false},"excerpt":{"rendered":"<p>Piano Celviano de 88 teclas con acci\u00f3n de martillo en escala tri-sensor, respuesta al tacto, 3 niveles de sensibilidad, fuente de sonidos AIF de modulaci\u00f3n lineal, polifon\u00eda \u00b4m\u00e1xima: 128 notas, 16 tonos incorporados, estratificador\/divisi\u00f3n, efectos digitales, 60 canciones incorporadas, funci\u00f3n de lecciones, metr\u00f3nomo,grabador: 2 pistas x 1 canci\u00f3n, 2 botones de piano de cola (moderna, cl\u00e1sica) ybot\u00f3n de piano el\u00e9ctrico, funci\u00f3n dueto, afinaci\u00f3n extendida, cambio de octava,bloqueo de panel, cubierta de teclado de tipo deslizante, transposici\u00f3n de teclas, control de afinaci\u00f3n, no cuenta con compatibilidad GM, incluye puerto USB, 2altavoces de 12 cm, salida de amplificador: 8W+8W, salida de aud\u00edfonos (conector est\u00e9reo est\u00e1ndar), dimensiones: 1,395 x 432 x 835 mm, peso: 37.5 kg, terminadoen madera en color negro, accesorios incluidos: Banco, libro de partituras, atril de partituras, 3 pedales y adaptador de corriente.&hellip; <a class=\"kt-excerpt-readmore more-link\" href=\"https:\/\/www.mexicanguitarplayers.com\/en\/tienda\/teclas\/pianos\/pianos-digitales\/piano-casio-celviano-ap-220bk\/\">Read more<\/a><\/p>","protected":false},"featured_media":12241,"comment_status":"open","ping_status":"closed","template":"","meta":{"kt_blocks_editor_width":""},"pwb-brand":[274],"product_brand":[],"product_cat":[377,378,376],"product_tag":[],"class_list":{"0":"post-12243","1":"product","2":"type-product","3":"status-publish","4":"has-post-thumbnail","6":"pwb-brand-casio","7":"product_cat-pianos","8":"product_cat-pianos-digitales","9":"product_cat-teclas","10":"product_shipping_class-25-30-kg","12":"first","13":"outofstock","14":"taxable","15":"shipping-taxable","16":"purchasable","17":"product-type-simple"},"yoast_head":"<!-- This site is optimized with the Yoast SEO plugin v27.5 - https:\/\/yoast.com\/product\/yoast-seo-wordpress\/ -->\n<title>PIANO CASIO CELVIANO AP-220BK - Mexican Guitar Players<\/title>\n<meta name=\"description\" content=\"PIANO CASIO CELVIANO AP-220BK. Piano Celviano de 88 teclas con acci\u00f3n de martillo en escala tri-sensor, respuesta al tacto, 3 niveles de sensibilidad, fuente de sonidos AIF de modulaci\u00f3n lineal, polifon\u00eda \u00b4m\u00e1xima: 128 notas, 16 tonos incorporados, estratificador\/divisi\u00f3n, efectos digitales, 60 canciones incorporadas, funci\u00f3n de lecciones, metr\u00f3nomo,grabador: 2 pistas x 1 canci\u00f3n, 2 botones de piano de cola (moderna, cl\u00e1sica) ybot\u00f3n de piano el\u00e9ctrico, funci\u00f3n dueto, afinaci\u00f3n extendida, cambio de octava,bloqueo de panel, cubierta de teclado de tipo deslizante, transposici\u00f3n de teclas, control de afinaci\u00f3n, no cuenta con compatibilidad GM, incluye puerto USB, 2altavoces de 12 cm, salida de amplificador: 8W+8W, salida de aud\u00edfonos (conector est\u00e9reo est\u00e1ndar), dimensiones: 1,395 x 432 x 835 mm, peso: 37.5 kg, terminadoen madera en color negro, accesorios incluidos: Banco, libro de partituras, atril de partituras, 3 pedales y adaptador de corriente.\" \/>\n<meta name=\"robots\" content=\"index, follow, max-snippet:-1, max-image-preview:large, max-video-preview:-1\" \/>\n<link rel=\"canonical\" href=\"https:\/\/www.mexicanguitarplayers.com\/en\/tienda\/teclas\/pianos\/pianos-digitales\/piano-casio-celviano-ap-220bk\/\" \/>\n<meta property=\"og:locale\" content=\"en_US\" \/>\n<meta property=\"og:type\" content=\"article\" \/>\n<meta property=\"og:title\" content=\"PIANO CASIO CELVIANO AP-220BK - Mexican Guitar Players\" \/>\n<meta property=\"og:description\" content=\"PIANO CASIO CELVIANO AP-220BK. Piano Celviano de 88 teclas con acci\u00f3n de martillo en escala tri-sensor, respuesta al tacto, 3 niveles de sensibilidad, fuente de sonidos AIF de modulaci\u00f3n lineal, polifon\u00eda \u00b4m\u00e1xima: 128 notas, 16 tonos incorporados, estratificador\/divisi\u00f3n, efectos digitales, 60 canciones incorporadas, funci\u00f3n de lecciones, metr\u00f3nomo,grabador: 2 pistas x 1 canci\u00f3n, 2 botones de piano de cola (moderna, cl\u00e1sica) ybot\u00f3n de piano el\u00e9ctrico, funci\u00f3n dueto, afinaci\u00f3n extendida, cambio de octava,bloqueo de panel, cubierta de teclado de tipo deslizante, transposici\u00f3n de teclas, control de afinaci\u00f3n, no cuenta con compatibilidad GM, incluye puerto USB, 2altavoces de 12 cm, salida de amplificador: 8W+8W, salida de aud\u00edfonos (conector est\u00e9reo est\u00e1ndar), dimensiones: 1,395 x 432 x 835 mm, peso: 37.5 kg, terminadoen madera en color negro, accesorios incluidos: Banco, libro de partituras, atril de partituras, 3 pedales y adaptador de corriente.\" \/>\n<meta property=\"og:url\" content=\"https:\/\/www.mexicanguitarplayers.com\/en\/tienda\/teclas\/pianos\/pianos-digitales\/piano-casio-celviano-ap-220bk\/\" \/>\n<meta property=\"og:site_name\" content=\"Mexican Guitar Players\" \/>\n<meta property=\"article:modified_time\" content=\"2026-04-10T11:16:12+00:00\" \/>\n<meta property=\"og:image\" content=\"https:\/\/www.mexicanguitarplayers.com\/wp-content\/uploads\/2022\/08\/ITCASAP220BK.jpg\" \/>\n\t<meta property=\"og:image:width\" content=\"1200\" \/>\n\t<meta property=\"og:image:height\" content=\"1200\" \/>\n\t<meta property=\"og:image:type\" content=\"image\/jpeg\" \/>\n<meta name=\"twitter:card\" content=\"summary_large_image\" \/>\n<meta name=\"twitter:label1\" content=\"Est. reading time\" \/>\n\t<meta name=\"twitter:data1\" content=\"1 minute\" \/>\n<script type=\"application\/ld+json\" class=\"yoast-schema-graph\">{\"@context\":\"https:\\\/\\\/schema.org\",\"@graph\":[{\"@type\":[\"WebPage\",\"ItemPage\"],\"@id\":\"https:\\\/\\\/www.mexicanguitarplayers.com\\\/tienda\\\/teclas\\\/pianos\\\/pianos-digitales\\\/piano-casio-celviano-ap-220bk\\\/\",\"url\":\"https:\\\/\\\/www.mexicanguitarplayers.com\\\/tienda\\\/teclas\\\/pianos\\\/pianos-digitales\\\/piano-casio-celviano-ap-220bk\\\/\",\"name\":\"PIANO CASIO CELVIANO AP-220BK - Mexican Guitar Players\",\"isPartOf\":{\"@id\":\"https:\\\/\\\/www.mexicanguitarplayers.com\\\/#website\"},\"primaryImageOfPage\":{\"@id\":\"https:\\\/\\\/www.mexicanguitarplayers.com\\\/tienda\\\/teclas\\\/pianos\\\/pianos-digitales\\\/piano-casio-celviano-ap-220bk\\\/#primaryimage\"},\"image\":{\"@id\":\"https:\\\/\\\/www.mexicanguitarplayers.com\\\/tienda\\\/teclas\\\/pianos\\\/pianos-digitales\\\/piano-casio-celviano-ap-220bk\\\/#primaryimage\"},\"thumbnailUrl\":\"https:\\\/\\\/www.mexicanguitarplayers.com\\\/wp-content\\\/uploads\\\/2022\\\/08\\\/ITCASAP220BK.jpg\",\"datePublished\":\"2022-08-18T13:24:30+00:00\",\"dateModified\":\"2026-04-10T11:16:12+00:00\",\"description\":\"PIANO CASIO CELVIANO AP-220BK. Piano Celviano de 88 teclas con acci\u00f3n de martillo en escala tri-sensor, respuesta al tacto, 3 niveles de sensibilidad, fuente de sonidos AIF de modulaci\u00f3n lineal, polifon\u00eda \u00b4m\u00e1xima: 128 notas, 16 tonos incorporados, estratificador\\\/divisi\u00f3n, efectos digitales, 60 canciones incorporadas, funci\u00f3n de lecciones, metr\u00f3nomo,grabador: 2 pistas x 1 canci\u00f3n, 2 botones de piano de cola (moderna, cl\u00e1sica) ybot\u00f3n de piano el\u00e9ctrico, funci\u00f3n dueto, afinaci\u00f3n extendida, cambio de octava,bloqueo de panel, cubierta de teclado de tipo deslizante, transposici\u00f3n de teclas, control de afinaci\u00f3n, no cuenta con compatibilidad GM, incluye puerto USB, 2altavoces de 12 cm, salida de amplificador: 8W+8W, salida de aud\u00edfonos (conector est\u00e9reo est\u00e1ndar), dimensiones: 1,395 x 432 x 835 mm, peso: 37.5 kg, terminadoen madera en color negro, accesorios incluidos: Banco, libro de partituras, atril de partituras, 3 pedales y adaptador de corriente.\",\"breadcrumb\":{\"@id\":\"https:\\\/\\\/www.mexicanguitarplayers.com\\\/tienda\\\/teclas\\\/pianos\\\/pianos-digitales\\\/piano-casio-celviano-ap-220bk\\\/#breadcrumb\"},\"inLanguage\":\"en-US\",\"potentialAction\":[{\"@type\":\"ReadAction\",\"target\":[\"https:\\\/\\\/www.mexicanguitarplayers.com\\\/tienda\\\/teclas\\\/pianos\\\/pianos-digitales\\\/piano-casio-celviano-ap-220bk\\\/\"]}]},{\"@type\":\"ImageObject\",\"inLanguage\":\"en-US\",\"@id\":\"https:\\\/\\\/www.mexicanguitarplayers.com\\\/tienda\\\/teclas\\\/pianos\\\/pianos-digitales\\\/piano-casio-celviano-ap-220bk\\\/#primaryimage\",\"url\":\"https:\\\/\\\/www.mexicanguitarplayers.com\\\/wp-content\\\/uploads\\\/2022\\\/08\\\/ITCASAP220BK.jpg\",\"contentUrl\":\"https:\\\/\\\/www.mexicanguitarplayers.com\\\/wp-content\\\/uploads\\\/2022\\\/08\\\/ITCASAP220BK.jpg\",\"width\":1200,\"height\":1200},{\"@type\":\"BreadcrumbList\",\"@id\":\"https:\\\/\\\/www.mexicanguitarplayers.com\\\/tienda\\\/teclas\\\/pianos\\\/pianos-digitales\\\/piano-casio-celviano-ap-220bk\\\/#breadcrumb\",\"itemListElement\":[{\"@type\":\"ListItem\",\"position\":1,\"name\":\"Portada\",\"item\":\"https:\\\/\\\/www.mexicanguitarplayers.com\\\/\"},{\"@type\":\"ListItem\",\"position\":2,\"name\":\"Tienda\",\"item\":\"https:\\\/\\\/www.mexicanguitarplayers.com\\\/tienda\\\/\"},{\"@type\":\"ListItem\",\"position\":3,\"name\":\"PIANO CASIO CELVIANO AP-220BK\"}]},{\"@type\":\"WebSite\",\"@id\":\"https:\\\/\\\/www.mexicanguitarplayers.com\\\/#website\",\"url\":\"https:\\\/\\\/www.mexicanguitarplayers.com\\\/\",\"name\":\"Mexican Guitar Players\",\"description\":\"Website\",\"publisher\":{\"@id\":\"https:\\\/\\\/www.mexicanguitarplayers.com\\\/#organization\"},\"potentialAction\":[{\"@type\":\"SearchAction\",\"target\":{\"@type\":\"EntryPoint\",\"urlTemplate\":\"https:\\\/\\\/www.mexicanguitarplayers.com\\\/?s={search_term_string}\"},\"query-input\":{\"@type\":\"PropertyValueSpecification\",\"valueRequired\":true,\"valueName\":\"search_term_string\"}}],\"inLanguage\":\"en-US\"},{\"@type\":\"Organization\",\"@id\":\"https:\\\/\\\/www.mexicanguitarplayers.com\\\/#organization\",\"name\":\"Mexican Guitar Players\",\"url\":\"https:\\\/\\\/www.mexicanguitarplayers.com\\\/\",\"logo\":{\"@type\":\"ImageObject\",\"inLanguage\":\"en-US\",\"@id\":\"https:\\\/\\\/www.mexicanguitarplayers.com\\\/#\\\/schema\\\/logo\\\/image\\\/\",\"url\":\"\",\"contentUrl\":\"\",\"caption\":\"Mexican Guitar Players\"},\"image\":{\"@id\":\"https:\\\/\\\/www.mexicanguitarplayers.com\\\/#\\\/schema\\\/logo\\\/image\\\/\"}}]}<\/script>\n<!-- \/ Yoast SEO plugin. -->","yoast_head_json":{"title":"PIANO CASIO CELVIANO AP-220BK - Mexican Guitar Players","description":"PIANO CASIO CELVIANO AP-220BK. Piano Celviano de 88 teclas con acci\u00f3n de martillo en escala tri-sensor, respuesta al tacto, 3 niveles de sensibilidad, fuente de sonidos AIF de modulaci\u00f3n lineal, polifon\u00eda \u00b4m\u00e1xima: 128 notas, 16 tonos incorporados, estratificador\/divisi\u00f3n, efectos digitales, 60 canciones incorporadas, funci\u00f3n de lecciones, metr\u00f3nomo,grabador: 2 pistas x 1 canci\u00f3n, 2 botones de piano de cola (moderna, cl\u00e1sica) ybot\u00f3n de piano el\u00e9ctrico, funci\u00f3n dueto, afinaci\u00f3n extendida, cambio de octava,bloqueo de panel, cubierta de teclado de tipo deslizante, transposici\u00f3n de teclas, control de afinaci\u00f3n, no cuenta con compatibilidad GM, incluye puerto USB, 2altavoces de 12 cm, salida de amplificador: 8W+8W, salida de aud\u00edfonos (conector est\u00e9reo est\u00e1ndar), dimensiones: 1,395 x 432 x 835 mm, peso: 37.5 kg, terminadoen madera en color negro, accesorios incluidos: Banco, libro de partituras, atril de partituras, 3 pedales y adaptador de corriente.","robots":{"index":"index","follow":"follow","max-snippet":"max-snippet:-1","max-image-preview":"max-image-preview:large","max-video-preview":"max-video-preview:-1"},"canonical":"https:\/\/www.mexicanguitarplayers.com\/en\/tienda\/teclas\/pianos\/pianos-digitales\/piano-casio-celviano-ap-220bk\/","og_locale":"en_US","og_type":"article","og_title":"PIANO CASIO CELVIANO AP-220BK - Mexican Guitar Players","og_description":"PIANO CASIO CELVIANO AP-220BK. Piano Celviano de 88 teclas con acci\u00f3n de martillo en escala tri-sensor, respuesta al tacto, 3 niveles de sensibilidad, fuente de sonidos AIF de modulaci\u00f3n lineal, polifon\u00eda \u00b4m\u00e1xima: 128 notas, 16 tonos incorporados, estratificador\/divisi\u00f3n, efectos digitales, 60 canciones incorporadas, funci\u00f3n de lecciones, metr\u00f3nomo,grabador: 2 pistas x 1 canci\u00f3n, 2 botones de piano de cola (moderna, cl\u00e1sica) ybot\u00f3n de piano el\u00e9ctrico, funci\u00f3n dueto, afinaci\u00f3n extendida, cambio de octava,bloqueo de panel, cubierta de teclado de tipo deslizante, transposici\u00f3n de teclas, control de afinaci\u00f3n, no cuenta con compatibilidad GM, incluye puerto USB, 2altavoces de 12 cm, salida de amplificador: 8W+8W, salida de aud\u00edfonos (conector est\u00e9reo est\u00e1ndar), dimensiones: 1,395 x 432 x 835 mm, peso: 37.5 kg, terminadoen madera en color negro, accesorios incluidos: Banco, libro de partituras, atril de partituras, 3 pedales y adaptador de corriente.","og_url":"https:\/\/www.mexicanguitarplayers.com\/en\/tienda\/teclas\/pianos\/pianos-digitales\/piano-casio-celviano-ap-220bk\/","og_site_name":"Mexican Guitar Players","article_modified_time":"2026-04-10T11:16:12+00:00","og_image":[{"width":1200,"height":1200,"url":"https:\/\/www.mexicanguitarplayers.com\/wp-content\/uploads\/2022\/08\/ITCASAP220BK.jpg","type":"image\/jpeg"}],"twitter_card":"summary_large_image","twitter_misc":{"Est. reading time":"1 minute"},"schema":{"@context":"https:\/\/schema.org","@graph":[{"@type":["WebPage","ItemPage"],"@id":"https:\/\/www.mexicanguitarplayers.com\/tienda\/teclas\/pianos\/pianos-digitales\/piano-casio-celviano-ap-220bk\/","url":"https:\/\/www.mexicanguitarplayers.com\/tienda\/teclas\/pianos\/pianos-digitales\/piano-casio-celviano-ap-220bk\/","name":"PIANO CASIO CELVIANO AP-220BK - Mexican Guitar Players","isPartOf":{"@id":"https:\/\/www.mexicanguitarplayers.com\/#website"},"primaryImageOfPage":{"@id":"https:\/\/www.mexicanguitarplayers.com\/tienda\/teclas\/pianos\/pianos-digitales\/piano-casio-celviano-ap-220bk\/#primaryimage"},"image":{"@id":"https:\/\/www.mexicanguitarplayers.com\/tienda\/teclas\/pianos\/pianos-digitales\/piano-casio-celviano-ap-220bk\/#primaryimage"},"thumbnailUrl":"https:\/\/www.mexicanguitarplayers.com\/wp-content\/uploads\/2022\/08\/ITCASAP220BK.jpg","datePublished":"2022-08-18T13:24:30+00:00","dateModified":"2026-04-10T11:16:12+00:00","description":"PIANO CASIO CELVIANO AP-220BK. Piano Celviano de 88 teclas con acci\u00f3n de martillo en escala tri-sensor, respuesta al tacto, 3 niveles de sensibilidad, fuente de sonidos AIF de modulaci\u00f3n lineal, polifon\u00eda \u00b4m\u00e1xima: 128 notas, 16 tonos incorporados, estratificador\/divisi\u00f3n, efectos digitales, 60 canciones incorporadas, funci\u00f3n de lecciones, metr\u00f3nomo,grabador: 2 pistas x 1 canci\u00f3n, 2 botones de piano de cola (moderna, cl\u00e1sica) ybot\u00f3n de piano el\u00e9ctrico, funci\u00f3n dueto, afinaci\u00f3n extendida, cambio de octava,bloqueo de panel, cubierta de teclado de tipo deslizante, transposici\u00f3n de teclas, control de afinaci\u00f3n, no cuenta con compatibilidad GM, incluye puerto USB, 2altavoces de 12 cm, salida de amplificador: 8W+8W, salida de aud\u00edfonos (conector est\u00e9reo est\u00e1ndar), dimensiones: 1,395 x 432 x 835 mm, peso: 37.5 kg, terminadoen madera en color negro, accesorios incluidos: Banco, libro de partituras, atril de partituras, 3 pedales y adaptador de corriente.","breadcrumb":{"@id":"https:\/\/www.mexicanguitarplayers.com\/tienda\/teclas\/pianos\/pianos-digitales\/piano-casio-celviano-ap-220bk\/#breadcrumb"},"inLanguage":"en-US","potentialAction":[{"@type":"ReadAction","target":["https:\/\/www.mexicanguitarplayers.com\/tienda\/teclas\/pianos\/pianos-digitales\/piano-casio-celviano-ap-220bk\/"]}]},{"@type":"ImageObject","inLanguage":"en-US","@id":"https:\/\/www.mexicanguitarplayers.com\/tienda\/teclas\/pianos\/pianos-digitales\/piano-casio-celviano-ap-220bk\/#primaryimage","url":"https:\/\/www.mexicanguitarplayers.com\/wp-content\/uploads\/2022\/08\/ITCASAP220BK.jpg","contentUrl":"https:\/\/www.mexicanguitarplayers.com\/wp-content\/uploads\/2022\/08\/ITCASAP220BK.jpg","width":1200,"height":1200},{"@type":"BreadcrumbList","@id":"https:\/\/www.mexicanguitarplayers.com\/tienda\/teclas\/pianos\/pianos-digitales\/piano-casio-celviano-ap-220bk\/#breadcrumb","itemListElement":[{"@type":"ListItem","position":1,"name":"Portada","item":"https:\/\/www.mexicanguitarplayers.com\/"},{"@type":"ListItem","position":2,"name":"Tienda","item":"https:\/\/www.mexicanguitarplayers.com\/tienda\/"},{"@type":"ListItem","position":3,"name":"PIANO CASIO CELVIANO AP-220BK"}]},{"@type":"WebSite","@id":"https:\/\/www.mexicanguitarplayers.com\/#website","url":"https:\/\/www.mexicanguitarplayers.com\/","name":"Mexican Guitar Players","description":"Website","publisher":{"@id":"https:\/\/www.mexicanguitarplayers.com\/#organization"},"potentialAction":[{"@type":"SearchAction","target":{"@type":"EntryPoint","urlTemplate":"https:\/\/www.mexicanguitarplayers.com\/?s={search_term_string}"},"query-input":{"@type":"PropertyValueSpecification","valueRequired":true,"valueName":"search_term_string"}}],"inLanguage":"en-US"},{"@type":"Organization","@id":"https:\/\/www.mexicanguitarplayers.com\/#organization","name":"Mexican Guitar Players","url":"https:\/\/www.mexicanguitarplayers.com\/","logo":{"@type":"ImageObject","inLanguage":"en-US","@id":"https:\/\/www.mexicanguitarplayers.com\/#\/schema\/logo\/image\/","url":"","contentUrl":"","caption":"Mexican Guitar Players"},"image":{"@id":"https:\/\/www.mexicanguitarplayers.com\/#\/schema\/logo\/image\/"}}]}},"brands":[{"id":274,"name":"CASIO","slug":"casio"}],"_links":{"self":[{"href":"https:\/\/www.mexicanguitarplayers.com\/en\/wp-json\/wp\/v2\/product\/12243","targetHints":{"allow":["GET"]}}],"collection":[{"href":"https:\/\/www.mexicanguitarplayers.com\/en\/wp-json\/wp\/v2\/product"}],"about":[{"href":"https:\/\/www.mexicanguitarplayers.com\/en\/wp-json\/wp\/v2\/types\/product"}],"replies":[{"embeddable":true,"href":"https:\/\/www.mexicanguitarplayers.com\/en\/wp-json\/wp\/v2\/comments?post=12243"}],"wp:featuredmedia":[{"embeddable":true,"href":"https:\/\/www.mexicanguitarplayers.com\/en\/wp-json\/wp\/v2\/media\/12241"}],"wp:attachment":[{"href":"https:\/\/www.mexicanguitarplayers.com\/en\/wp-json\/wp\/v2\/media?parent=12243"}],"wp:term":[{"taxonomy":"pwb-brand","embeddable":true,"href":"https:\/\/www.mexicanguitarplayers.com\/en\/wp-json\/wp\/v2\/pwb-brand?post=12243"},{"taxonomy":"product_brand","embeddable":true,"href":"https:\/\/www.mexicanguitarplayers.com\/en\/wp-json\/wp\/v2\/product_brand?post=12243"},{"taxonomy":"product_cat","embeddable":true,"href":"https:\/\/www.mexicanguitarplayers.com\/en\/wp-json\/wp\/v2\/product_cat?post=12243"},{"taxonomy":"product_tag","embeddable":true,"href":"https:\/\/www.mexicanguitarplayers.com\/en\/wp-json\/wp\/v2\/product_tag?post=12243"}],"curies":[{"name":"wp","href":"https:\/\/api.w.org\/{rel}","templated":true}]}}