{"id":12246,"date":"2022-08-18T08:24:34","date_gmt":"2022-08-18T13:24:34","guid":{"rendered":"https:\/\/www.mexicanguitarplayers.com\/tienda\/sin%20categor\u00eda\/piano-casio-celviano-ap-460bk\/"},"modified":"2025-03-26T23:41:13","modified_gmt":"2025-03-27T05:41:13","slug":"piano-casio-celviano-ap-460bk","status":"publish","type":"product","link":"https:\/\/www.mexicanguitarplayers.com\/en\/tienda\/teclas\/pianos\/pianos-digitales\/piano-casio-celviano-ap-460bk\/","title":{"rendered":"CASIO CELVIANO AP-460BK PIANO"},"content":{"rendered":"<div style=\"text-align: justify\">\n<div>\n<h3>CASIO CELVIANO AP-460BK PIANO<\/h3>\n<\/div>\n<div>Digital Piano, 88-Key Tri-Sensor II Scaled Hammer Action, Imitation Ebony and Ivory Keys, Touch Response, 3 Sensitivity Levels, Multi-Dimensional Morphing AiR Sound Source, 256-Note Maximum Polyphony, 18 Built-in Tones, Layer\/ split, digital effects, 60 built-in songs, lesson function, metronome, MIDI recorder: 2 tracks x 1 song, audio recorder: 44.1 kHz WAV format \/ approximately up to 25 minutes per song, 2 buttons Grand piano (Concert, modern) , and electric piano button, duet function, octave shift, panel lock, slide-type keyboard cover, key transpose, pitch control, does not include MIDI terminals, includes USB port, 2 x 12 cm speakers and 2 x 12 cm speakers 2.5 cm, amplifier output: 20W + 20W, 2 headphone outputs (standard stereo jack), dimensions: 1,377 x 427 x 840 mm, weight: 40.5 kg, finished in dark wood tone, accessories included: height bench a dimmable, power adapter, sheet music book, sheet music stand, headphone stand and 3 pedals.<\/div>\n<\/div>","protected":false},"excerpt":{"rendered":"<p>Piano digital, 88 teclas con acci\u00f3n de martillo en escala tri-sensor II, teclasen imitaci\u00f3n de \u00e9bano y marfil, respuesta al tacto, 3 niveles de sensibilidad, fuente de sonidos Morphing AiR multidimensional, polifon\u00eda m\u00e1xima: 256 notas, 18tonos incorporados, estratificador\/divisi\u00f3n, efectos digitales, 60 canciones incorporadas, funci\u00f3n de lecciones, metr\u00f3nomo, grabador MIDI: 2 pistas x 1 canci\u00f3n,grabador de audio: 44,1 kHz formato WAV \/ aproximadamente hasta 25 minutos porcanci\u00f3n, 2 botones Grand piano (Concierto, moderno), y bot\u00f3n de piano el\u00e9ctrico,funci\u00f3n dueto, cambio de octava, bloqueo del panel, cubierta de teclado de tipodeslizante, transposici\u00f3n de teclas, control de afinaci\u00f3n, no incluye terminales MIDI, incluye puerto USB, 2 altavoces de 12 cm y 2 altavoces de 2.5 cm, salidade amplificador: 20W + 20W, 2 salidas de aud\u00edfonos (conector est\u00e9reo est\u00e1ndar),dimensiones: 1,377 x 427 x 840 mm, peso: 40.5 kg, terminado en madera en tonalidad oscura, accesorios incluidos: banco de altura regulable, adaptador de corriente, libro de partituras, atril de partituras, soporte para aud\u00edfonos y 3 pedales.&hellip; <a class=\"kt-excerpt-readmore more-link\" href=\"https:\/\/www.mexicanguitarplayers.com\/en\/tienda\/teclas\/pianos\/pianos-digitales\/piano-casio-celviano-ap-460bk\/\">Read more<\/a><\/p>","protected":false},"featured_media":12244,"comment_status":"open","ping_status":"closed","template":"","meta":{"kt_blocks_editor_width":""},"pwb-brand":[274],"product_brand":[],"product_cat":[377,378,376],"product_tag":[],"class_list":{"0":"post-12246","1":"product","2":"type-product","3":"status-publish","4":"has-post-thumbnail","6":"pwb-brand-casio","7":"product_cat-pianos","8":"product_cat-pianos-digitales","9":"product_cat-teclas","10":"product_shipping_class-25-30-kg","12":"first","13":"outofstock","14":"taxable","15":"shipping-taxable","16":"purchasable","17":"product-type-simple"},"yoast_head":"<!-- This site is optimized with the Yoast SEO plugin v27.3 - https:\/\/yoast.com\/product\/yoast-seo-wordpress\/ -->\n<title>PIANO CASIO CELVIANO AP-460BK - Mexican Guitar Players<\/title>\n<meta name=\"description\" content=\"PIANO CASIO CELVIANO AP-460BK. Piano digital, 88 teclas con acci\u00f3n de martillo en escala tri-sensor II, teclasen imitaci\u00f3n de \u00e9bano y marfil, respuesta al tacto, 3 niveles de sensibilidad, fuente de sonidos Morphing AiR multidimensional, polifon\u00eda m\u00e1xima: 256 notas, 18tonos incorporados, estratificador\/divisi\u00f3n, efectos digitales, 60 canciones incorporadas, funci\u00f3n de lecciones, metr\u00f3nomo, grabador MIDI: 2 pistas x 1 canci\u00f3n,grabador de audio: 44,1 kHz formato WAV \/ aproximadamente hasta 25 minutos porcanci\u00f3n, 2 botones Grand piano (Concierto, moderno), y bot\u00f3n de piano el\u00e9ctrico,funci\u00f3n dueto, cambio de octava, bloqueo del panel, cubierta de teclado de tipodeslizante, transposici\u00f3n de teclas, control de afinaci\u00f3n, no incluye terminales MIDI, incluye puerto USB, 2 altavoces de 12 cm y 2 altavoces de 2.5 cm, salidade amplificador: 20W + 20W, 2 salidas de aud\u00edfonos (conector est\u00e9reo est\u00e1ndar),dimensiones: 1,377 x 427 x 840 mm, peso: 40.5 kg, terminado en madera en tonalidad oscura, accesorios incluidos: banco de altura regulable, adaptador de corriente, libro de partituras, atril de partituras, soporte para aud\u00edfonos y 3 pedales.\" \/>\n<meta name=\"robots\" content=\"index, follow, max-snippet:-1, max-image-preview:large, max-video-preview:-1\" \/>\n<link rel=\"canonical\" href=\"https:\/\/www.mexicanguitarplayers.com\/en\/tienda\/teclas\/pianos\/pianos-digitales\/piano-casio-celviano-ap-460bk\/\" \/>\n<meta property=\"og:locale\" content=\"en_US\" \/>\n<meta property=\"og:type\" content=\"article\" \/>\n<meta property=\"og:title\" content=\"PIANO CASIO CELVIANO AP-460BK - Mexican Guitar Players\" \/>\n<meta property=\"og:description\" content=\"PIANO CASIO CELVIANO AP-460BK. Piano digital, 88 teclas con acci\u00f3n de martillo en escala tri-sensor II, teclasen imitaci\u00f3n de \u00e9bano y marfil, respuesta al tacto, 3 niveles de sensibilidad, fuente de sonidos Morphing AiR multidimensional, polifon\u00eda m\u00e1xima: 256 notas, 18tonos incorporados, estratificador\/divisi\u00f3n, efectos digitales, 60 canciones incorporadas, funci\u00f3n de lecciones, metr\u00f3nomo, grabador MIDI: 2 pistas x 1 canci\u00f3n,grabador de audio: 44,1 kHz formato WAV \/ aproximadamente hasta 25 minutos porcanci\u00f3n, 2 botones Grand piano (Concierto, moderno), y bot\u00f3n de piano el\u00e9ctrico,funci\u00f3n dueto, cambio de octava, bloqueo del panel, cubierta de teclado de tipodeslizante, transposici\u00f3n de teclas, control de afinaci\u00f3n, no incluye terminales MIDI, incluye puerto USB, 2 altavoces de 12 cm y 2 altavoces de 2.5 cm, salidade amplificador: 20W + 20W, 2 salidas de aud\u00edfonos (conector est\u00e9reo est\u00e1ndar),dimensiones: 1,377 x 427 x 840 mm, peso: 40.5 kg, terminado en madera en tonalidad oscura, accesorios incluidos: banco de altura regulable, adaptador de corriente, libro de partituras, atril de partituras, soporte para aud\u00edfonos y 3 pedales.\" \/>\n<meta property=\"og:url\" content=\"https:\/\/www.mexicanguitarplayers.com\/en\/tienda\/teclas\/pianos\/pianos-digitales\/piano-casio-celviano-ap-460bk\/\" \/>\n<meta property=\"og:site_name\" content=\"Mexican Guitar Players\" \/>\n<meta property=\"article:modified_time\" content=\"2025-03-27T05:41:13+00:00\" \/>\n<meta property=\"og:image\" content=\"https:\/\/www.mexicanguitarplayers.com\/wp-content\/uploads\/2022\/08\/ITCASAP460BK.jpg\" \/>\n\t<meta property=\"og:image:width\" content=\"1200\" \/>\n\t<meta property=\"og:image:height\" content=\"1200\" \/>\n\t<meta property=\"og:image:type\" content=\"image\/jpeg\" \/>\n<meta name=\"twitter:card\" content=\"summary_large_image\" \/>\n<meta name=\"twitter:label1\" content=\"Est. reading time\" \/>\n\t<meta name=\"twitter:data1\" content=\"1 minute\" \/>\n<script type=\"application\/ld+json\" class=\"yoast-schema-graph\">{\"@context\":\"https:\\\/\\\/schema.org\",\"@graph\":[{\"@type\":[\"WebPage\",\"ItemPage\"],\"@id\":\"https:\\\/\\\/www.mexicanguitarplayers.com\\\/tienda\\\/teclas\\\/pianos\\\/pianos-digitales\\\/piano-casio-celviano-ap-460bk\\\/\",\"url\":\"https:\\\/\\\/www.mexicanguitarplayers.com\\\/tienda\\\/teclas\\\/pianos\\\/pianos-digitales\\\/piano-casio-celviano-ap-460bk\\\/\",\"name\":\"PIANO CASIO CELVIANO AP-460BK - Mexican Guitar Players\",\"isPartOf\":{\"@id\":\"https:\\\/\\\/www.mexicanguitarplayers.com\\\/#website\"},\"primaryImageOfPage\":{\"@id\":\"https:\\\/\\\/www.mexicanguitarplayers.com\\\/tienda\\\/teclas\\\/pianos\\\/pianos-digitales\\\/piano-casio-celviano-ap-460bk\\\/#primaryimage\"},\"image\":{\"@id\":\"https:\\\/\\\/www.mexicanguitarplayers.com\\\/tienda\\\/teclas\\\/pianos\\\/pianos-digitales\\\/piano-casio-celviano-ap-460bk\\\/#primaryimage\"},\"thumbnailUrl\":\"https:\\\/\\\/www.mexicanguitarplayers.com\\\/wp-content\\\/uploads\\\/2022\\\/08\\\/ITCASAP460BK.jpg\",\"datePublished\":\"2022-08-18T13:24:34+00:00\",\"dateModified\":\"2025-03-27T05:41:13+00:00\",\"description\":\"PIANO CASIO CELVIANO AP-460BK. Piano digital, 88 teclas con acci\u00f3n de martillo en escala tri-sensor II, teclasen imitaci\u00f3n de \u00e9bano y marfil, respuesta al tacto, 3 niveles de sensibilidad, fuente de sonidos Morphing AiR multidimensional, polifon\u00eda m\u00e1xima: 256 notas, 18tonos incorporados, estratificador\\\/divisi\u00f3n, efectos digitales, 60 canciones incorporadas, funci\u00f3n de lecciones, metr\u00f3nomo, grabador MIDI: 2 pistas x 1 canci\u00f3n,grabador de audio: 44,1 kHz formato WAV \\\/ aproximadamente hasta 25 minutos porcanci\u00f3n, 2 botones Grand piano (Concierto, moderno), y bot\u00f3n de piano el\u00e9ctrico,funci\u00f3n dueto, cambio de octava, bloqueo del panel, cubierta de teclado de tipodeslizante, transposici\u00f3n de teclas, control de afinaci\u00f3n, no incluye terminales MIDI, incluye puerto USB, 2 altavoces de 12 cm y 2 altavoces de 2.5 cm, salidade amplificador: 20W + 20W, 2 salidas de aud\u00edfonos (conector est\u00e9reo est\u00e1ndar),dimensiones: 1,377 x 427 x 840 mm, peso: 40.5 kg, terminado en madera en tonalidad oscura, accesorios incluidos: banco de altura regulable, adaptador de corriente, libro de partituras, atril de partituras, soporte para aud\u00edfonos y 3 pedales.\",\"breadcrumb\":{\"@id\":\"https:\\\/\\\/www.mexicanguitarplayers.com\\\/tienda\\\/teclas\\\/pianos\\\/pianos-digitales\\\/piano-casio-celviano-ap-460bk\\\/#breadcrumb\"},\"inLanguage\":\"en-US\",\"potentialAction\":[{\"@type\":\"ReadAction\",\"target\":[\"https:\\\/\\\/www.mexicanguitarplayers.com\\\/tienda\\\/teclas\\\/pianos\\\/pianos-digitales\\\/piano-casio-celviano-ap-460bk\\\/\"]}]},{\"@type\":\"ImageObject\",\"inLanguage\":\"en-US\",\"@id\":\"https:\\\/\\\/www.mexicanguitarplayers.com\\\/tienda\\\/teclas\\\/pianos\\\/pianos-digitales\\\/piano-casio-celviano-ap-460bk\\\/#primaryimage\",\"url\":\"https:\\\/\\\/www.mexicanguitarplayers.com\\\/wp-content\\\/uploads\\\/2022\\\/08\\\/ITCASAP460BK.jpg\",\"contentUrl\":\"https:\\\/\\\/www.mexicanguitarplayers.com\\\/wp-content\\\/uploads\\\/2022\\\/08\\\/ITCASAP460BK.jpg\",\"width\":1200,\"height\":1200},{\"@type\":\"BreadcrumbList\",\"@id\":\"https:\\\/\\\/www.mexicanguitarplayers.com\\\/tienda\\\/teclas\\\/pianos\\\/pianos-digitales\\\/piano-casio-celviano-ap-460bk\\\/#breadcrumb\",\"itemListElement\":[{\"@type\":\"ListItem\",\"position\":1,\"name\":\"Portada\",\"item\":\"https:\\\/\\\/www.mexicanguitarplayers.com\\\/\"},{\"@type\":\"ListItem\",\"position\":2,\"name\":\"Tienda\",\"item\":\"https:\\\/\\\/www.mexicanguitarplayers.com\\\/tienda\\\/\"},{\"@type\":\"ListItem\",\"position\":3,\"name\":\"PIANO CASIO CELVIANO AP-460BK\"}]},{\"@type\":\"WebSite\",\"@id\":\"https:\\\/\\\/www.mexicanguitarplayers.com\\\/#website\",\"url\":\"https:\\\/\\\/www.mexicanguitarplayers.com\\\/\",\"name\":\"Mexican Guitar Players\",\"description\":\"Website\",\"publisher\":{\"@id\":\"https:\\\/\\\/www.mexicanguitarplayers.com\\\/#organization\"},\"potentialAction\":[{\"@type\":\"SearchAction\",\"target\":{\"@type\":\"EntryPoint\",\"urlTemplate\":\"https:\\\/\\\/www.mexicanguitarplayers.com\\\/?s={search_term_string}\"},\"query-input\":{\"@type\":\"PropertyValueSpecification\",\"valueRequired\":true,\"valueName\":\"search_term_string\"}}],\"inLanguage\":\"en-US\"},{\"@type\":\"Organization\",\"@id\":\"https:\\\/\\\/www.mexicanguitarplayers.com\\\/#organization\",\"name\":\"Mexican Guitar Players\",\"url\":\"https:\\\/\\\/www.mexicanguitarplayers.com\\\/\",\"logo\":{\"@type\":\"ImageObject\",\"inLanguage\":\"en-US\",\"@id\":\"https:\\\/\\\/www.mexicanguitarplayers.com\\\/#\\\/schema\\\/logo\\\/image\\\/\",\"url\":\"\",\"contentUrl\":\"\",\"caption\":\"Mexican Guitar Players\"},\"image\":{\"@id\":\"https:\\\/\\\/www.mexicanguitarplayers.com\\\/#\\\/schema\\\/logo\\\/image\\\/\"}}]}<\/script>\n<!-- \/ Yoast SEO plugin. -->","yoast_head_json":{"title":"PIANO CASIO CELVIANO AP-460BK - Mexican Guitar Players","description":"PIANO CASIO CELVIANO AP-460BK. Piano digital, 88 teclas con acci\u00f3n de martillo en escala tri-sensor II, teclasen imitaci\u00f3n de \u00e9bano y marfil, respuesta al tacto, 3 niveles de sensibilidad, fuente de sonidos Morphing AiR multidimensional, polifon\u00eda m\u00e1xima: 256 notas, 18tonos incorporados, estratificador\/divisi\u00f3n, efectos digitales, 60 canciones incorporadas, funci\u00f3n de lecciones, metr\u00f3nomo, grabador MIDI: 2 pistas x 1 canci\u00f3n,grabador de audio: 44,1 kHz formato WAV \/ aproximadamente hasta 25 minutos porcanci\u00f3n, 2 botones Grand piano (Concierto, moderno), y bot\u00f3n de piano el\u00e9ctrico,funci\u00f3n dueto, cambio de octava, bloqueo del panel, cubierta de teclado de tipodeslizante, transposici\u00f3n de teclas, control de afinaci\u00f3n, no incluye terminales MIDI, incluye puerto USB, 2 altavoces de 12 cm y 2 altavoces de 2.5 cm, salidade amplificador: 20W + 20W, 2 salidas de aud\u00edfonos (conector est\u00e9reo est\u00e1ndar),dimensiones: 1,377 x 427 x 840 mm, peso: 40.5 kg, terminado en madera en tonalidad oscura, accesorios incluidos: banco de altura regulable, adaptador de corriente, libro de partituras, atril de partituras, soporte para aud\u00edfonos y 3 pedales.","robots":{"index":"index","follow":"follow","max-snippet":"max-snippet:-1","max-image-preview":"max-image-preview:large","max-video-preview":"max-video-preview:-1"},"canonical":"https:\/\/www.mexicanguitarplayers.com\/en\/tienda\/teclas\/pianos\/pianos-digitales\/piano-casio-celviano-ap-460bk\/","og_locale":"en_US","og_type":"article","og_title":"PIANO CASIO CELVIANO AP-460BK - Mexican Guitar Players","og_description":"PIANO CASIO CELVIANO AP-460BK. Piano digital, 88 teclas con acci\u00f3n de martillo en escala tri-sensor II, teclasen imitaci\u00f3n de \u00e9bano y marfil, respuesta al tacto, 3 niveles de sensibilidad, fuente de sonidos Morphing AiR multidimensional, polifon\u00eda m\u00e1xima: 256 notas, 18tonos incorporados, estratificador\/divisi\u00f3n, efectos digitales, 60 canciones incorporadas, funci\u00f3n de lecciones, metr\u00f3nomo, grabador MIDI: 2 pistas x 1 canci\u00f3n,grabador de audio: 44,1 kHz formato WAV \/ aproximadamente hasta 25 minutos porcanci\u00f3n, 2 botones Grand piano (Concierto, moderno), y bot\u00f3n de piano el\u00e9ctrico,funci\u00f3n dueto, cambio de octava, bloqueo del panel, cubierta de teclado de tipodeslizante, transposici\u00f3n de teclas, control de afinaci\u00f3n, no incluye terminales MIDI, incluye puerto USB, 2 altavoces de 12 cm y 2 altavoces de 2.5 cm, salidade amplificador: 20W + 20W, 2 salidas de aud\u00edfonos (conector est\u00e9reo est\u00e1ndar),dimensiones: 1,377 x 427 x 840 mm, peso: 40.5 kg, terminado en madera en tonalidad oscura, accesorios incluidos: banco de altura regulable, adaptador de corriente, libro de partituras, atril de partituras, soporte para aud\u00edfonos y 3 pedales.","og_url":"https:\/\/www.mexicanguitarplayers.com\/en\/tienda\/teclas\/pianos\/pianos-digitales\/piano-casio-celviano-ap-460bk\/","og_site_name":"Mexican Guitar Players","article_modified_time":"2025-03-27T05:41:13+00:00","og_image":[{"width":1200,"height":1200,"url":"https:\/\/www.mexicanguitarplayers.com\/wp-content\/uploads\/2022\/08\/ITCASAP460BK.jpg","type":"image\/jpeg"}],"twitter_card":"summary_large_image","twitter_misc":{"Est. reading time":"1 minute"},"schema":{"@context":"https:\/\/schema.org","@graph":[{"@type":["WebPage","ItemPage"],"@id":"https:\/\/www.mexicanguitarplayers.com\/tienda\/teclas\/pianos\/pianos-digitales\/piano-casio-celviano-ap-460bk\/","url":"https:\/\/www.mexicanguitarplayers.com\/tienda\/teclas\/pianos\/pianos-digitales\/piano-casio-celviano-ap-460bk\/","name":"PIANO CASIO CELVIANO AP-460BK - Mexican Guitar Players","isPartOf":{"@id":"https:\/\/www.mexicanguitarplayers.com\/#website"},"primaryImageOfPage":{"@id":"https:\/\/www.mexicanguitarplayers.com\/tienda\/teclas\/pianos\/pianos-digitales\/piano-casio-celviano-ap-460bk\/#primaryimage"},"image":{"@id":"https:\/\/www.mexicanguitarplayers.com\/tienda\/teclas\/pianos\/pianos-digitales\/piano-casio-celviano-ap-460bk\/#primaryimage"},"thumbnailUrl":"https:\/\/www.mexicanguitarplayers.com\/wp-content\/uploads\/2022\/08\/ITCASAP460BK.jpg","datePublished":"2022-08-18T13:24:34+00:00","dateModified":"2025-03-27T05:41:13+00:00","description":"PIANO CASIO CELVIANO AP-460BK. Piano digital, 88 teclas con acci\u00f3n de martillo en escala tri-sensor II, teclasen imitaci\u00f3n de \u00e9bano y marfil, respuesta al tacto, 3 niveles de sensibilidad, fuente de sonidos Morphing AiR multidimensional, polifon\u00eda m\u00e1xima: 256 notas, 18tonos incorporados, estratificador\/divisi\u00f3n, efectos digitales, 60 canciones incorporadas, funci\u00f3n de lecciones, metr\u00f3nomo, grabador MIDI: 2 pistas x 1 canci\u00f3n,grabador de audio: 44,1 kHz formato WAV \/ aproximadamente hasta 25 minutos porcanci\u00f3n, 2 botones Grand piano (Concierto, moderno), y bot\u00f3n de piano el\u00e9ctrico,funci\u00f3n dueto, cambio de octava, bloqueo del panel, cubierta de teclado de tipodeslizante, transposici\u00f3n de teclas, control de afinaci\u00f3n, no incluye terminales MIDI, incluye puerto USB, 2 altavoces de 12 cm y 2 altavoces de 2.5 cm, salidade amplificador: 20W + 20W, 2 salidas de aud\u00edfonos (conector est\u00e9reo est\u00e1ndar),dimensiones: 1,377 x 427 x 840 mm, peso: 40.5 kg, terminado en madera en tonalidad oscura, accesorios incluidos: banco de altura regulable, adaptador de corriente, libro de partituras, atril de partituras, soporte para aud\u00edfonos y 3 pedales.","breadcrumb":{"@id":"https:\/\/www.mexicanguitarplayers.com\/tienda\/teclas\/pianos\/pianos-digitales\/piano-casio-celviano-ap-460bk\/#breadcrumb"},"inLanguage":"en-US","potentialAction":[{"@type":"ReadAction","target":["https:\/\/www.mexicanguitarplayers.com\/tienda\/teclas\/pianos\/pianos-digitales\/piano-casio-celviano-ap-460bk\/"]}]},{"@type":"ImageObject","inLanguage":"en-US","@id":"https:\/\/www.mexicanguitarplayers.com\/tienda\/teclas\/pianos\/pianos-digitales\/piano-casio-celviano-ap-460bk\/#primaryimage","url":"https:\/\/www.mexicanguitarplayers.com\/wp-content\/uploads\/2022\/08\/ITCASAP460BK.jpg","contentUrl":"https:\/\/www.mexicanguitarplayers.com\/wp-content\/uploads\/2022\/08\/ITCASAP460BK.jpg","width":1200,"height":1200},{"@type":"BreadcrumbList","@id":"https:\/\/www.mexicanguitarplayers.com\/tienda\/teclas\/pianos\/pianos-digitales\/piano-casio-celviano-ap-460bk\/#breadcrumb","itemListElement":[{"@type":"ListItem","position":1,"name":"Portada","item":"https:\/\/www.mexicanguitarplayers.com\/"},{"@type":"ListItem","position":2,"name":"Tienda","item":"https:\/\/www.mexicanguitarplayers.com\/tienda\/"},{"@type":"ListItem","position":3,"name":"PIANO CASIO CELVIANO AP-460BK"}]},{"@type":"WebSite","@id":"https:\/\/www.mexicanguitarplayers.com\/#website","url":"https:\/\/www.mexicanguitarplayers.com\/","name":"Mexican Guitar Players","description":"Website","publisher":{"@id":"https:\/\/www.mexicanguitarplayers.com\/#organization"},"potentialAction":[{"@type":"SearchAction","target":{"@type":"EntryPoint","urlTemplate":"https:\/\/www.mexicanguitarplayers.com\/?s={search_term_string}"},"query-input":{"@type":"PropertyValueSpecification","valueRequired":true,"valueName":"search_term_string"}}],"inLanguage":"en-US"},{"@type":"Organization","@id":"https:\/\/www.mexicanguitarplayers.com\/#organization","name":"Mexican Guitar Players","url":"https:\/\/www.mexicanguitarplayers.com\/","logo":{"@type":"ImageObject","inLanguage":"en-US","@id":"https:\/\/www.mexicanguitarplayers.com\/#\/schema\/logo\/image\/","url":"","contentUrl":"","caption":"Mexican Guitar Players"},"image":{"@id":"https:\/\/www.mexicanguitarplayers.com\/#\/schema\/logo\/image\/"}}]}},"brands":[{"id":274,"name":"CASIO","slug":"casio"}],"_links":{"self":[{"href":"https:\/\/www.mexicanguitarplayers.com\/en\/wp-json\/wp\/v2\/product\/12246","targetHints":{"allow":["GET"]}}],"collection":[{"href":"https:\/\/www.mexicanguitarplayers.com\/en\/wp-json\/wp\/v2\/product"}],"about":[{"href":"https:\/\/www.mexicanguitarplayers.com\/en\/wp-json\/wp\/v2\/types\/product"}],"replies":[{"embeddable":true,"href":"https:\/\/www.mexicanguitarplayers.com\/en\/wp-json\/wp\/v2\/comments?post=12246"}],"wp:featuredmedia":[{"embeddable":true,"href":"https:\/\/www.mexicanguitarplayers.com\/en\/wp-json\/wp\/v2\/media\/12244"}],"wp:attachment":[{"href":"https:\/\/www.mexicanguitarplayers.com\/en\/wp-json\/wp\/v2\/media?parent=12246"}],"wp:term":[{"taxonomy":"pwb-brand","embeddable":true,"href":"https:\/\/www.mexicanguitarplayers.com\/en\/wp-json\/wp\/v2\/pwb-brand?post=12246"},{"taxonomy":"product_brand","embeddable":true,"href":"https:\/\/www.mexicanguitarplayers.com\/en\/wp-json\/wp\/v2\/product_brand?post=12246"},{"taxonomy":"product_cat","embeddable":true,"href":"https:\/\/www.mexicanguitarplayers.com\/en\/wp-json\/wp\/v2\/product_cat?post=12246"},{"taxonomy":"product_tag","embeddable":true,"href":"https:\/\/www.mexicanguitarplayers.com\/en\/wp-json\/wp\/v2\/product_tag?post=12246"}],"curies":[{"name":"wp","href":"https:\/\/api.w.org\/{rel}","templated":true}]}}