{"id":12249,"date":"2022-08-18T08:24:40","date_gmt":"2022-08-18T13:24:40","guid":{"rendered":"https:\/\/www.mexicanguitarplayers.com\/tienda\/sin%20categor\u00eda\/piano-casio-celviano-ap-620bk\/"},"modified":"2026-04-10T05:16:11","modified_gmt":"2026-04-10T11:16:11","slug":"piano-casio-celviano-ap-620bk","status":"publish","type":"product","link":"https:\/\/www.mexicanguitarplayers.com\/en\/tienda\/teclas\/pianos\/pianos-digitales\/piano-casio-celviano-ap-620bk\/","title":{"rendered":"CASIO CELVIANO AP-620BK PIANO"},"content":{"rendered":"<div style=\"text-align: justify\">\n<div>\n<h3>CASIO CELVIANO AP-620BK PIANO<\/h3>\n<\/div>\n<div>88-Key Celvian Tri-Sensor Scaled Hammer Action Piano, Touch Response, 3 Sensitivity Levels, Linear Modulation AIF Sound Source, Maximum Polyphony: 128 Notes, 250 Built-in Tones, Layer\/Split, Digital Effects, 180 Built-in Rhythms, Auto Accompaniment, 60 Built-in Songs, Lesson Function, Metronome, Recorder: 17 Tracks (System Track + 16 Tracks) x 5 Songs, Key Select Button, Rhythm Editor, Registration: 96 Settings (4 Rhythm Areas) + 8 Tone Areas) x 8 Banks, Music Preset with Chord Progressions, One Button Preset, Auto Harmonize, Duet Function, Extended Tuning, Octave Shift, Panel Lock, Slide Type Key Cover, Key Transpose , tuning control, full-dot LCD display with backlight, SD card slot, SMF data compatible (format 0 or 1), GM compatible: Level 1, MIDI in and out, 2 x 16 cm and 2 x 16 cm speakers. 5 cm, amp output: 30W+30W, 2 headphone outputs (standard stereo jack), line in and line out, USB port, dimensions: 1,412 x 492 x 900 mm, weight: 57.1 kg, finished in dark wood tone , accessories included: height-adjustable bench, headphone stand, sheet music book, sheet music stand and 3 pedals.<\/div>\n<\/div>","protected":false},"excerpt":{"rendered":"<p>Piano Celviano de 88 teclas con acci\u00f3n de martillo en escala tri-sensor, respuesta al tacto, 3 niveles de sensibilidad, fuente de sonidos AIF de modulaci\u00f3n lineal, polifon\u00eda m\u00e1xima: 128 notas, 250 tonos incorporados, estratificador\/divisi\u00f3n, efectos digitales, 180 ritmos incorporados, acompa\u00f1amiento autom\u00e1tico, 60 canciones incorporadas, funci\u00f3n de lecciones, metr\u00f3nomo, grabador: 17 pistas (pistadel sistema + 16 pistas) x 5 canciones, bot\u00f3n de selecci\u00f3n de tono, editor de ritmos, registro: 96 ajustes (4 \u00e1reas de ritmos + 8 \u00e1reas de tonos) x 8 bancos, pre ajuste musical con progresiones de acordes, pre ajuste con un bot\u00f3n, armonizaci\u00f3n autom\u00e1tica, funci\u00f3n dueto, afinaci\u00f3n extendida, cambio de octava, bloqueo depanel, cubierta de teclado de tipo deslizante, transposici\u00f3n de teclas, controlde afinaci\u00f3n, pantalla LCD full-dot con luz de fondo, ranura para tarjeta SD, compatible con datos SMF (formato 0 \u00f3 1), compatibilidad con GM: Nivel 1, entraday salida MIDI, 2 altavoces de 16 cm y 2 de 5 cm, salida de amplificador: 30W+30W, 2 salidas de aud\u00edfonos (conector est\u00e9reo est\u00e1ndar), entrada y salida de l\u00ednea, puerto USB, dimensiones: 1,412 x 492 x 900 mm, peso: 57.1 kg, terminado en tonalidad de madera oscura, accesorios incluidos: banco de altura regulable, soporte para aud\u00edfonos, libro de partituras, atril de partituras y 3 pedales.&hellip; <a class=\"kt-excerpt-readmore more-link\" href=\"https:\/\/www.mexicanguitarplayers.com\/en\/tienda\/teclas\/pianos\/pianos-digitales\/piano-casio-celviano-ap-620bk\/\">Read more<\/a><\/p>","protected":false},"featured_media":12247,"comment_status":"open","ping_status":"closed","template":"","meta":{"kt_blocks_editor_width":""},"pwb-brand":[274],"product_brand":[],"product_cat":[377,378,376],"product_tag":[],"class_list":{"0":"post-12249","1":"product","2":"type-product","3":"status-publish","4":"has-post-thumbnail","6":"pwb-brand-casio","7":"product_cat-pianos","8":"product_cat-pianos-digitales","9":"product_cat-teclas","10":"product_shipping_class-10-15-kg","12":"first","13":"outofstock","14":"taxable","15":"shipping-taxable","16":"purchasable","17":"product-type-simple"},"yoast_head":"<!-- This site is optimized with the Yoast SEO plugin v27.5 - https:\/\/yoast.com\/product\/yoast-seo-wordpress\/ -->\n<title>PIANO CASIO CELVIANO AP-620BK - Mexican Guitar Players<\/title>\n<meta name=\"description\" content=\"PIANO CASIO CELVIANO AP-620BK. Piano Celviano de 88 teclas con acci\u00f3n de martillo en escala tri-sensor, respuesta al tacto, 3 niveles de sensibilidad, fuente de sonidos AIF de modulaci\u00f3n lineal, polifon\u00eda m\u00e1xima: 128 notas, 250 tonos incorporados, estratificador\/divisi\u00f3n, efectos digitales, 180 ritmos incorporados, acompa\u00f1amiento autom\u00e1tico, 60 canciones incorporadas, funci\u00f3n de lecciones, metr\u00f3nomo, grabador: 17 pistas (pistadel sistema + 16 pistas) x 5 canciones, bot\u00f3n de selecci\u00f3n de tono, editor de ritmos, registro: 96 ajustes (4 \u00e1reas de ritmos + 8 \u00e1reas de tonos) x 8 bancos, pre ajuste musical con progresiones de acordes, pre ajuste con un bot\u00f3n, armonizaci\u00f3n autom\u00e1tica, funci\u00f3n dueto, afinaci\u00f3n extendida, cambio de octava, bloqueo depanel, cubierta de teclado de tipo deslizante, transposici\u00f3n de teclas, controlde afinaci\u00f3n, pantalla LCD full-dot con luz de fondo, ranura para tarjeta SD, compatible con datos SMF (formato 0 \u00f3 1), compatibilidad con GM: Nivel 1, entraday salida MIDI, 2 altavoces de 16 cm y 2 de 5 cm, salida de amplificador: 30W+30W, 2 salidas de aud\u00edfonos (conector est\u00e9reo est\u00e1ndar), entrada y salida de l\u00ednea, puerto USB, dimensiones: 1,412 x 492 x 900 mm, peso: 57.1 kg, terminado en tonalidad de madera oscura, accesorios incluidos: banco de altura regulable, soporte para aud\u00edfonos, libro de partituras, atril de partituras y 3 pedales.\" \/>\n<meta name=\"robots\" content=\"index, follow, max-snippet:-1, max-image-preview:large, max-video-preview:-1\" \/>\n<link rel=\"canonical\" href=\"https:\/\/www.mexicanguitarplayers.com\/en\/tienda\/teclas\/pianos\/pianos-digitales\/piano-casio-celviano-ap-620bk\/\" \/>\n<meta property=\"og:locale\" content=\"en_US\" \/>\n<meta property=\"og:type\" content=\"article\" \/>\n<meta property=\"og:title\" content=\"PIANO CASIO CELVIANO AP-620BK - Mexican Guitar Players\" \/>\n<meta property=\"og:description\" content=\"PIANO CASIO CELVIANO AP-620BK. Piano Celviano de 88 teclas con acci\u00f3n de martillo en escala tri-sensor, respuesta al tacto, 3 niveles de sensibilidad, fuente de sonidos AIF de modulaci\u00f3n lineal, polifon\u00eda m\u00e1xima: 128 notas, 250 tonos incorporados, estratificador\/divisi\u00f3n, efectos digitales, 180 ritmos incorporados, acompa\u00f1amiento autom\u00e1tico, 60 canciones incorporadas, funci\u00f3n de lecciones, metr\u00f3nomo, grabador: 17 pistas (pistadel sistema + 16 pistas) x 5 canciones, bot\u00f3n de selecci\u00f3n de tono, editor de ritmos, registro: 96 ajustes (4 \u00e1reas de ritmos + 8 \u00e1reas de tonos) x 8 bancos, pre ajuste musical con progresiones de acordes, pre ajuste con un bot\u00f3n, armonizaci\u00f3n autom\u00e1tica, funci\u00f3n dueto, afinaci\u00f3n extendida, cambio de octava, bloqueo depanel, cubierta de teclado de tipo deslizante, transposici\u00f3n de teclas, controlde afinaci\u00f3n, pantalla LCD full-dot con luz de fondo, ranura para tarjeta SD, compatible con datos SMF (formato 0 \u00f3 1), compatibilidad con GM: Nivel 1, entraday salida MIDI, 2 altavoces de 16 cm y 2 de 5 cm, salida de amplificador: 30W+30W, 2 salidas de aud\u00edfonos (conector est\u00e9reo est\u00e1ndar), entrada y salida de l\u00ednea, puerto USB, dimensiones: 1,412 x 492 x 900 mm, peso: 57.1 kg, terminado en tonalidad de madera oscura, accesorios incluidos: banco de altura regulable, soporte para aud\u00edfonos, libro de partituras, atril de partituras y 3 pedales.\" \/>\n<meta property=\"og:url\" content=\"https:\/\/www.mexicanguitarplayers.com\/en\/tienda\/teclas\/pianos\/pianos-digitales\/piano-casio-celviano-ap-620bk\/\" \/>\n<meta property=\"og:site_name\" content=\"Mexican Guitar Players\" \/>\n<meta property=\"article:modified_time\" content=\"2026-04-10T11:16:11+00:00\" \/>\n<meta property=\"og:image\" content=\"https:\/\/www.mexicanguitarplayers.com\/wp-content\/uploads\/2022\/08\/ITCASAP620BK.jpg\" \/>\n\t<meta property=\"og:image:width\" content=\"1200\" \/>\n\t<meta property=\"og:image:height\" content=\"1200\" \/>\n\t<meta property=\"og:image:type\" content=\"image\/jpeg\" \/>\n<meta name=\"twitter:card\" content=\"summary_large_image\" \/>\n<meta name=\"twitter:label1\" content=\"Est. reading time\" \/>\n\t<meta name=\"twitter:data1\" content=\"1 minute\" \/>\n<script type=\"application\/ld+json\" class=\"yoast-schema-graph\">{\"@context\":\"https:\\\/\\\/schema.org\",\"@graph\":[{\"@type\":[\"WebPage\",\"ItemPage\"],\"@id\":\"https:\\\/\\\/www.mexicanguitarplayers.com\\\/tienda\\\/teclas\\\/pianos\\\/pianos-digitales\\\/piano-casio-celviano-ap-620bk\\\/\",\"url\":\"https:\\\/\\\/www.mexicanguitarplayers.com\\\/tienda\\\/teclas\\\/pianos\\\/pianos-digitales\\\/piano-casio-celviano-ap-620bk\\\/\",\"name\":\"PIANO CASIO CELVIANO AP-620BK - Mexican Guitar Players\",\"isPartOf\":{\"@id\":\"https:\\\/\\\/www.mexicanguitarplayers.com\\\/#website\"},\"primaryImageOfPage\":{\"@id\":\"https:\\\/\\\/www.mexicanguitarplayers.com\\\/tienda\\\/teclas\\\/pianos\\\/pianos-digitales\\\/piano-casio-celviano-ap-620bk\\\/#primaryimage\"},\"image\":{\"@id\":\"https:\\\/\\\/www.mexicanguitarplayers.com\\\/tienda\\\/teclas\\\/pianos\\\/pianos-digitales\\\/piano-casio-celviano-ap-620bk\\\/#primaryimage\"},\"thumbnailUrl\":\"https:\\\/\\\/www.mexicanguitarplayers.com\\\/wp-content\\\/uploads\\\/2022\\\/08\\\/ITCASAP620BK.jpg\",\"datePublished\":\"2022-08-18T13:24:40+00:00\",\"dateModified\":\"2026-04-10T11:16:11+00:00\",\"description\":\"PIANO CASIO CELVIANO AP-620BK. Piano Celviano de 88 teclas con acci\u00f3n de martillo en escala tri-sensor, respuesta al tacto, 3 niveles de sensibilidad, fuente de sonidos AIF de modulaci\u00f3n lineal, polifon\u00eda m\u00e1xima: 128 notas, 250 tonos incorporados, estratificador\\\/divisi\u00f3n, efectos digitales, 180 ritmos incorporados, acompa\u00f1amiento autom\u00e1tico, 60 canciones incorporadas, funci\u00f3n de lecciones, metr\u00f3nomo, grabador: 17 pistas (pistadel sistema + 16 pistas) x 5 canciones, bot\u00f3n de selecci\u00f3n de tono, editor de ritmos, registro: 96 ajustes (4 \u00e1reas de ritmos + 8 \u00e1reas de tonos) x 8 bancos, pre ajuste musical con progresiones de acordes, pre ajuste con un bot\u00f3n, armonizaci\u00f3n autom\u00e1tica, funci\u00f3n dueto, afinaci\u00f3n extendida, cambio de octava, bloqueo depanel, cubierta de teclado de tipo deslizante, transposici\u00f3n de teclas, controlde afinaci\u00f3n, pantalla LCD full-dot con luz de fondo, ranura para tarjeta SD, compatible con datos SMF (formato 0 \u00f3 1), compatibilidad con GM: Nivel 1, entraday salida MIDI, 2 altavoces de 16 cm y 2 de 5 cm, salida de amplificador: 30W+30W, 2 salidas de aud\u00edfonos (conector est\u00e9reo est\u00e1ndar), entrada y salida de l\u00ednea, puerto USB, dimensiones: 1,412 x 492 x 900 mm, peso: 57.1 kg, terminado en tonalidad de madera oscura, accesorios incluidos: banco de altura regulable, soporte para aud\u00edfonos, libro de partituras, atril de partituras y 3 pedales.\",\"breadcrumb\":{\"@id\":\"https:\\\/\\\/www.mexicanguitarplayers.com\\\/tienda\\\/teclas\\\/pianos\\\/pianos-digitales\\\/piano-casio-celviano-ap-620bk\\\/#breadcrumb\"},\"inLanguage\":\"en-US\",\"potentialAction\":[{\"@type\":\"ReadAction\",\"target\":[\"https:\\\/\\\/www.mexicanguitarplayers.com\\\/tienda\\\/teclas\\\/pianos\\\/pianos-digitales\\\/piano-casio-celviano-ap-620bk\\\/\"]}]},{\"@type\":\"ImageObject\",\"inLanguage\":\"en-US\",\"@id\":\"https:\\\/\\\/www.mexicanguitarplayers.com\\\/tienda\\\/teclas\\\/pianos\\\/pianos-digitales\\\/piano-casio-celviano-ap-620bk\\\/#primaryimage\",\"url\":\"https:\\\/\\\/www.mexicanguitarplayers.com\\\/wp-content\\\/uploads\\\/2022\\\/08\\\/ITCASAP620BK.jpg\",\"contentUrl\":\"https:\\\/\\\/www.mexicanguitarplayers.com\\\/wp-content\\\/uploads\\\/2022\\\/08\\\/ITCASAP620BK.jpg\",\"width\":1200,\"height\":1200},{\"@type\":\"BreadcrumbList\",\"@id\":\"https:\\\/\\\/www.mexicanguitarplayers.com\\\/tienda\\\/teclas\\\/pianos\\\/pianos-digitales\\\/piano-casio-celviano-ap-620bk\\\/#breadcrumb\",\"itemListElement\":[{\"@type\":\"ListItem\",\"position\":1,\"name\":\"Portada\",\"item\":\"https:\\\/\\\/www.mexicanguitarplayers.com\\\/\"},{\"@type\":\"ListItem\",\"position\":2,\"name\":\"Tienda\",\"item\":\"https:\\\/\\\/www.mexicanguitarplayers.com\\\/tienda\\\/\"},{\"@type\":\"ListItem\",\"position\":3,\"name\":\"PIANO CASIO CELVIANO AP-620BK\"}]},{\"@type\":\"WebSite\",\"@id\":\"https:\\\/\\\/www.mexicanguitarplayers.com\\\/#website\",\"url\":\"https:\\\/\\\/www.mexicanguitarplayers.com\\\/\",\"name\":\"Mexican Guitar Players\",\"description\":\"Website\",\"publisher\":{\"@id\":\"https:\\\/\\\/www.mexicanguitarplayers.com\\\/#organization\"},\"potentialAction\":[{\"@type\":\"SearchAction\",\"target\":{\"@type\":\"EntryPoint\",\"urlTemplate\":\"https:\\\/\\\/www.mexicanguitarplayers.com\\\/?s={search_term_string}\"},\"query-input\":{\"@type\":\"PropertyValueSpecification\",\"valueRequired\":true,\"valueName\":\"search_term_string\"}}],\"inLanguage\":\"en-US\"},{\"@type\":\"Organization\",\"@id\":\"https:\\\/\\\/www.mexicanguitarplayers.com\\\/#organization\",\"name\":\"Mexican Guitar Players\",\"url\":\"https:\\\/\\\/www.mexicanguitarplayers.com\\\/\",\"logo\":{\"@type\":\"ImageObject\",\"inLanguage\":\"en-US\",\"@id\":\"https:\\\/\\\/www.mexicanguitarplayers.com\\\/#\\\/schema\\\/logo\\\/image\\\/\",\"url\":\"\",\"contentUrl\":\"\",\"caption\":\"Mexican Guitar Players\"},\"image\":{\"@id\":\"https:\\\/\\\/www.mexicanguitarplayers.com\\\/#\\\/schema\\\/logo\\\/image\\\/\"}}]}<\/script>\n<!-- \/ Yoast SEO plugin. -->","yoast_head_json":{"title":"PIANO CASIO CELVIANO AP-620BK - Mexican Guitar Players","description":"PIANO CASIO CELVIANO AP-620BK. Piano Celviano de 88 teclas con acci\u00f3n de martillo en escala tri-sensor, respuesta al tacto, 3 niveles de sensibilidad, fuente de sonidos AIF de modulaci\u00f3n lineal, polifon\u00eda m\u00e1xima: 128 notas, 250 tonos incorporados, estratificador\/divisi\u00f3n, efectos digitales, 180 ritmos incorporados, acompa\u00f1amiento autom\u00e1tico, 60 canciones incorporadas, funci\u00f3n de lecciones, metr\u00f3nomo, grabador: 17 pistas (pistadel sistema + 16 pistas) x 5 canciones, bot\u00f3n de selecci\u00f3n de tono, editor de ritmos, registro: 96 ajustes (4 \u00e1reas de ritmos + 8 \u00e1reas de tonos) x 8 bancos, pre ajuste musical con progresiones de acordes, pre ajuste con un bot\u00f3n, armonizaci\u00f3n autom\u00e1tica, funci\u00f3n dueto, afinaci\u00f3n extendida, cambio de octava, bloqueo depanel, cubierta de teclado de tipo deslizante, transposici\u00f3n de teclas, controlde afinaci\u00f3n, pantalla LCD full-dot con luz de fondo, ranura para tarjeta SD, compatible con datos SMF (formato 0 \u00f3 1), compatibilidad con GM: Nivel 1, entraday salida MIDI, 2 altavoces de 16 cm y 2 de 5 cm, salida de amplificador: 30W+30W, 2 salidas de aud\u00edfonos (conector est\u00e9reo est\u00e1ndar), entrada y salida de l\u00ednea, puerto USB, dimensiones: 1,412 x 492 x 900 mm, peso: 57.1 kg, terminado en tonalidad de madera oscura, accesorios incluidos: banco de altura regulable, soporte para aud\u00edfonos, libro de partituras, atril de partituras y 3 pedales.","robots":{"index":"index","follow":"follow","max-snippet":"max-snippet:-1","max-image-preview":"max-image-preview:large","max-video-preview":"max-video-preview:-1"},"canonical":"https:\/\/www.mexicanguitarplayers.com\/en\/tienda\/teclas\/pianos\/pianos-digitales\/piano-casio-celviano-ap-620bk\/","og_locale":"en_US","og_type":"article","og_title":"PIANO CASIO CELVIANO AP-620BK - Mexican Guitar Players","og_description":"PIANO CASIO CELVIANO AP-620BK. Piano Celviano de 88 teclas con acci\u00f3n de martillo en escala tri-sensor, respuesta al tacto, 3 niveles de sensibilidad, fuente de sonidos AIF de modulaci\u00f3n lineal, polifon\u00eda m\u00e1xima: 128 notas, 250 tonos incorporados, estratificador\/divisi\u00f3n, efectos digitales, 180 ritmos incorporados, acompa\u00f1amiento autom\u00e1tico, 60 canciones incorporadas, funci\u00f3n de lecciones, metr\u00f3nomo, grabador: 17 pistas (pistadel sistema + 16 pistas) x 5 canciones, bot\u00f3n de selecci\u00f3n de tono, editor de ritmos, registro: 96 ajustes (4 \u00e1reas de ritmos + 8 \u00e1reas de tonos) x 8 bancos, pre ajuste musical con progresiones de acordes, pre ajuste con un bot\u00f3n, armonizaci\u00f3n autom\u00e1tica, funci\u00f3n dueto, afinaci\u00f3n extendida, cambio de octava, bloqueo depanel, cubierta de teclado de tipo deslizante, transposici\u00f3n de teclas, controlde afinaci\u00f3n, pantalla LCD full-dot con luz de fondo, ranura para tarjeta SD, compatible con datos SMF (formato 0 \u00f3 1), compatibilidad con GM: Nivel 1, entraday salida MIDI, 2 altavoces de 16 cm y 2 de 5 cm, salida de amplificador: 30W+30W, 2 salidas de aud\u00edfonos (conector est\u00e9reo est\u00e1ndar), entrada y salida de l\u00ednea, puerto USB, dimensiones: 1,412 x 492 x 900 mm, peso: 57.1 kg, terminado en tonalidad de madera oscura, accesorios incluidos: banco de altura regulable, soporte para aud\u00edfonos, libro de partituras, atril de partituras y 3 pedales.","og_url":"https:\/\/www.mexicanguitarplayers.com\/en\/tienda\/teclas\/pianos\/pianos-digitales\/piano-casio-celviano-ap-620bk\/","og_site_name":"Mexican Guitar Players","article_modified_time":"2026-04-10T11:16:11+00:00","og_image":[{"width":1200,"height":1200,"url":"https:\/\/www.mexicanguitarplayers.com\/wp-content\/uploads\/2022\/08\/ITCASAP620BK.jpg","type":"image\/jpeg"}],"twitter_card":"summary_large_image","twitter_misc":{"Est. reading time":"1 minute"},"schema":{"@context":"https:\/\/schema.org","@graph":[{"@type":["WebPage","ItemPage"],"@id":"https:\/\/www.mexicanguitarplayers.com\/tienda\/teclas\/pianos\/pianos-digitales\/piano-casio-celviano-ap-620bk\/","url":"https:\/\/www.mexicanguitarplayers.com\/tienda\/teclas\/pianos\/pianos-digitales\/piano-casio-celviano-ap-620bk\/","name":"PIANO CASIO CELVIANO AP-620BK - Mexican Guitar Players","isPartOf":{"@id":"https:\/\/www.mexicanguitarplayers.com\/#website"},"primaryImageOfPage":{"@id":"https:\/\/www.mexicanguitarplayers.com\/tienda\/teclas\/pianos\/pianos-digitales\/piano-casio-celviano-ap-620bk\/#primaryimage"},"image":{"@id":"https:\/\/www.mexicanguitarplayers.com\/tienda\/teclas\/pianos\/pianos-digitales\/piano-casio-celviano-ap-620bk\/#primaryimage"},"thumbnailUrl":"https:\/\/www.mexicanguitarplayers.com\/wp-content\/uploads\/2022\/08\/ITCASAP620BK.jpg","datePublished":"2022-08-18T13:24:40+00:00","dateModified":"2026-04-10T11:16:11+00:00","description":"PIANO CASIO CELVIANO AP-620BK. Piano Celviano de 88 teclas con acci\u00f3n de martillo en escala tri-sensor, respuesta al tacto, 3 niveles de sensibilidad, fuente de sonidos AIF de modulaci\u00f3n lineal, polifon\u00eda m\u00e1xima: 128 notas, 250 tonos incorporados, estratificador\/divisi\u00f3n, efectos digitales, 180 ritmos incorporados, acompa\u00f1amiento autom\u00e1tico, 60 canciones incorporadas, funci\u00f3n de lecciones, metr\u00f3nomo, grabador: 17 pistas (pistadel sistema + 16 pistas) x 5 canciones, bot\u00f3n de selecci\u00f3n de tono, editor de ritmos, registro: 96 ajustes (4 \u00e1reas de ritmos + 8 \u00e1reas de tonos) x 8 bancos, pre ajuste musical con progresiones de acordes, pre ajuste con un bot\u00f3n, armonizaci\u00f3n autom\u00e1tica, funci\u00f3n dueto, afinaci\u00f3n extendida, cambio de octava, bloqueo depanel, cubierta de teclado de tipo deslizante, transposici\u00f3n de teclas, controlde afinaci\u00f3n, pantalla LCD full-dot con luz de fondo, ranura para tarjeta SD, compatible con datos SMF (formato 0 \u00f3 1), compatibilidad con GM: Nivel 1, entraday salida MIDI, 2 altavoces de 16 cm y 2 de 5 cm, salida de amplificador: 30W+30W, 2 salidas de aud\u00edfonos (conector est\u00e9reo est\u00e1ndar), entrada y salida de l\u00ednea, puerto USB, dimensiones: 1,412 x 492 x 900 mm, peso: 57.1 kg, terminado en tonalidad de madera oscura, accesorios incluidos: banco de altura regulable, soporte para aud\u00edfonos, libro de partituras, atril de partituras y 3 pedales.","breadcrumb":{"@id":"https:\/\/www.mexicanguitarplayers.com\/tienda\/teclas\/pianos\/pianos-digitales\/piano-casio-celviano-ap-620bk\/#breadcrumb"},"inLanguage":"en-US","potentialAction":[{"@type":"ReadAction","target":["https:\/\/www.mexicanguitarplayers.com\/tienda\/teclas\/pianos\/pianos-digitales\/piano-casio-celviano-ap-620bk\/"]}]},{"@type":"ImageObject","inLanguage":"en-US","@id":"https:\/\/www.mexicanguitarplayers.com\/tienda\/teclas\/pianos\/pianos-digitales\/piano-casio-celviano-ap-620bk\/#primaryimage","url":"https:\/\/www.mexicanguitarplayers.com\/wp-content\/uploads\/2022\/08\/ITCASAP620BK.jpg","contentUrl":"https:\/\/www.mexicanguitarplayers.com\/wp-content\/uploads\/2022\/08\/ITCASAP620BK.jpg","width":1200,"height":1200},{"@type":"BreadcrumbList","@id":"https:\/\/www.mexicanguitarplayers.com\/tienda\/teclas\/pianos\/pianos-digitales\/piano-casio-celviano-ap-620bk\/#breadcrumb","itemListElement":[{"@type":"ListItem","position":1,"name":"Portada","item":"https:\/\/www.mexicanguitarplayers.com\/"},{"@type":"ListItem","position":2,"name":"Tienda","item":"https:\/\/www.mexicanguitarplayers.com\/tienda\/"},{"@type":"ListItem","position":3,"name":"PIANO CASIO CELVIANO AP-620BK"}]},{"@type":"WebSite","@id":"https:\/\/www.mexicanguitarplayers.com\/#website","url":"https:\/\/www.mexicanguitarplayers.com\/","name":"Mexican Guitar Players","description":"Website","publisher":{"@id":"https:\/\/www.mexicanguitarplayers.com\/#organization"},"potentialAction":[{"@type":"SearchAction","target":{"@type":"EntryPoint","urlTemplate":"https:\/\/www.mexicanguitarplayers.com\/?s={search_term_string}"},"query-input":{"@type":"PropertyValueSpecification","valueRequired":true,"valueName":"search_term_string"}}],"inLanguage":"en-US"},{"@type":"Organization","@id":"https:\/\/www.mexicanguitarplayers.com\/#organization","name":"Mexican Guitar Players","url":"https:\/\/www.mexicanguitarplayers.com\/","logo":{"@type":"ImageObject","inLanguage":"en-US","@id":"https:\/\/www.mexicanguitarplayers.com\/#\/schema\/logo\/image\/","url":"","contentUrl":"","caption":"Mexican Guitar Players"},"image":{"@id":"https:\/\/www.mexicanguitarplayers.com\/#\/schema\/logo\/image\/"}}]}},"brands":[{"id":274,"name":"CASIO","slug":"casio"}],"_links":{"self":[{"href":"https:\/\/www.mexicanguitarplayers.com\/en\/wp-json\/wp\/v2\/product\/12249","targetHints":{"allow":["GET"]}}],"collection":[{"href":"https:\/\/www.mexicanguitarplayers.com\/en\/wp-json\/wp\/v2\/product"}],"about":[{"href":"https:\/\/www.mexicanguitarplayers.com\/en\/wp-json\/wp\/v2\/types\/product"}],"replies":[{"embeddable":true,"href":"https:\/\/www.mexicanguitarplayers.com\/en\/wp-json\/wp\/v2\/comments?post=12249"}],"wp:featuredmedia":[{"embeddable":true,"href":"https:\/\/www.mexicanguitarplayers.com\/en\/wp-json\/wp\/v2\/media\/12247"}],"wp:attachment":[{"href":"https:\/\/www.mexicanguitarplayers.com\/en\/wp-json\/wp\/v2\/media?parent=12249"}],"wp:term":[{"taxonomy":"pwb-brand","embeddable":true,"href":"https:\/\/www.mexicanguitarplayers.com\/en\/wp-json\/wp\/v2\/pwb-brand?post=12249"},{"taxonomy":"product_brand","embeddable":true,"href":"https:\/\/www.mexicanguitarplayers.com\/en\/wp-json\/wp\/v2\/product_brand?post=12249"},{"taxonomy":"product_cat","embeddable":true,"href":"https:\/\/www.mexicanguitarplayers.com\/en\/wp-json\/wp\/v2\/product_cat?post=12249"},{"taxonomy":"product_tag","embeddable":true,"href":"https:\/\/www.mexicanguitarplayers.com\/en\/wp-json\/wp\/v2\/product_tag?post=12249"}],"curies":[{"name":"wp","href":"https:\/\/api.w.org\/{rel}","templated":true}]}}